{"id":10498,"date":"2023-06-01T12:32:11","date_gmt":"2023-06-01T12:32:11","guid":{"rendered":"https:\/\/preprod.sts-education.com\/vaihto-oppilas\/faktaa-ja-hintatietoja\/tarjoukset-ja-alennukset\/"},"modified":"2026-04-14T09:50:11","modified_gmt":"2026-04-14T09:50:11","slug":"tarjoukset-ja-alennukset","status":"publish","type":"page","link":"https:\/\/www.sts-education.com\/fi\/vaihto-oppilas\/faktaa-ja-hintatietoja\/tarjoukset-ja-alennukset\/","title":{"rendered":"Tarjoukset Ja Alennukset"},"content":{"rendered":"\n<section class=\"wp-block-sts-hero sts-block-hero is-variant-full-background has-text-light has-background-media\" style=\"--sts-hero-padding-mobile:0px;--sts-hero-padding-desktop:0px;--sts-hero-text-color:var(--wp--preset--color--base-10, #fff);\" data-variant=\"full-background\"><div class=\"sts-block-hero__background\"><picture class=\"sts-responsive-image has-fit-cover is-skeleton\"><img src=\"https:\/\/cdn.sts-education.com\/12640_hero_lg_xl.jpg\" alt=\"Tarjoukset ja alennukset\" loading=\"lazy\" decoding=\"async\" fetchpriority=\"low\" sizes=\"100vw\" \/><\/picture><span class=\"sts-block-hero__overlay\" aria-hidden=\"true\"><\/span><\/div><div class=\"sts-block-hero__inner\"><div class=\"sts-block-hero__content has-align-center\"><div class=\"sts-block-hero__content-inner\"><h1 class=\"sts-block-hero__heading\">Tarjoukset ja alennukset<\/h1><\/div><\/div><\/div><\/section>\n\n\n\n<div class=\"wp-block-sts-text sts-text-editor has-max-width-md\"><div class=\"sts-text-editor__content\"><div class=\"sts-text-editor__content-inner\">\n<p>Oletko l\u00e4hd\u00f6ss\u00e4 vaihto-oppilaaksi STS Vaihto-oppilasohjelmissa? Siin\u00e4 tapauksessa kannattaa tarkistaa, voisitko hy\u00f6dynt\u00e4\u00e4 jonkin erikoistarjouksistamme. N\u00e4m\u00e4 tarjoukset ovat voimassa t\u00e4ll\u00e4 hetkell\u00e4. Ota meihin yhteytt\u00e4, jos haluat lis\u00e4tietoja.<\/p>\n\n<h2>Tee unelmastasi totta<\/h2>\n\n<p>Nyt on t\u00e4ydellinen aika suunnitella vaihto-oppilasvuottasi. Haku kaikkiin vuoden 2027 ohjelmiin on auki, joten voit vapaasti valita unelmiesi kohteen \u2013 USA, Australia, Iso-Britannia, Irlanti tai jokin muu kohde. Hae <strong>30. huhtikuuta<\/strong> menness\u00e4 saadaksesi <a href=\"\/fi\/vaihto-oppilas\/first-choice-2026\/\">First Choice -tarjouksemme<\/a>.<\/p>\n\n<p>\u2714 Varaa nyt \u2013 saat vuoden 2026 ohjelmahinnan ja 500 euron alennuksen<br>\u2714 Varmista unelmiesi kohde<br>\u2714 Ilmainen tervetuloleiri<br>\u2714 Ilmainen peruutusoikeus 15.10. asti (arvo 500 euroa)<\/p>\n\n<h2>Returnee-alennus<\/h2>\n\n<p>Oletko ollut aiemmin STS:n kielimatkalla? Mahtavaa! Nyt saat 500 \u20ac alennusta, kun jatkat seikkailuasi vaihto-ohjelmassamme.<\/p>\n\n<p>Hy\u00f6dynn\u00e4 tarjous ilmoittamalla varauksen yhteydess\u00e4 koodi <strong>STSRETURNEE<\/strong>. Tarjousta ei voi yhdist\u00e4\u00e4 muihin alennuksiin.<\/p>\n\n<p><a href=\"\/fi\/vaihto-oppilas\/tripfinder\/?q=\">L\u00f6yd\u00e4 kohteesi<\/a><\/p>\n\n<h2>Sisarusalennus<\/h2>\n\n<p>Onko sisaruksesi osallistunut vaihto-ohjelmaamme? Loistavaa! Silloin saat 500 \u20ac alennusta, kun varaat oman vaihto-oppilasseikkailusi meid\u00e4n kauttamme.<\/p>\n\n<p>Hy\u00f6dynn\u00e4 tarjous ilmoittamalla varauksen yhteydess\u00e4 koodi <strong>STSSIBLINGS<\/strong>. Tarjousta ei voi yhdist\u00e4\u00e4 muihin alennuksiin.<\/p>\n\n<p><a href=\"\/fi\/vaihto-oppilas\/tripfinder\/?q=\">L\u00f6yd\u00e4 kohteesi<\/a><\/p>\n\n<h2>Host &amp; Go<\/h2>\n\n<p>Jos toimitte is\u00e4nt\u00e4perheen\u00e4 lapsenne ollessa STS.n vaihto-oppilaana, voitte hy\u00f6dynt\u00e4\u00e4 Host &amp; Go -alennuksemme. Voitte saada enint\u00e4\u00e4n <strong>500 \u20ac<\/strong> alennusta, jos toimitte is\u00e4nt\u00e4perheen\u00e4 lukuvuoden ajan, ja <strong>300 \u20ac<\/strong>, jos otatte vaihto-oppilaan vastaan lukukaudeksi. Onko teill\u00e4 kysytt\u00e4v\u00e4\u00e4 is\u00e4nt\u00e4perheen\u00e4 toimimisesta? Lukekaa lis\u00e4\u00e4 is\u00e4nt\u00e4perheen\u00e4 olemisesta ja vaihto-oppilaistamme ja t\u00e4ytt\u00e4k\u00e4\u00e4 hakemus, jos <a href=\"https:\/\/www.sts-education.com\/fi\/miksi-ryhtya-isantaperheeksi\/host-and-go-alennus\/\">Host &amp;Go<\/a> -mahdollisuus kiinnostaa!<\/p>\n<\/div><\/div><\/div>\n","protected":false},"excerpt":{"rendered":"","protected":false},"author":20,"featured_media":0,"parent":10470,"menu_order":0,"comment_status":"closed","ping_status":"closed","template":"","meta":{"_acf_changed":false,"sts_page_background_color":"","footnotes":""},"wpw_page_folders":[86],"class_list":["post-10498","page","type-page","status-publish","hentry"],"acf":[],"yoast_head":"<!-- This site is optimized with the Yoast SEO Premium plugin v27.2 (Yoast SEO v27.3) - https:\/\/yoast.com\/product\/yoast-seo-premium-wordpress\/ -->\n<title>STS:n tarjoukset ja alennukset<\/title>\n<meta name=\"description\" content=\"Meill\u00e4 on useita STS-vaihtovuotta koskevia tarjouksia. Oletko sin\u00e4 tai joku perheenj\u00e4senesi jo ollut ulkomailla STS:n kanssa?\" \/>\n<meta name=\"robots\" content=\"index, follow, max-snippet:-1, max-image-preview:large, max-video-preview:-1\" \/>\n<link rel=\"canonical\" href=\"https:\/\/www.sts-education.com\/fi\/vaihto-oppilas\/faktaa-ja-hintatietoja\/tarjoukset-ja-alennukset\/\" \/>\n<meta property=\"og:locale\" content=\"fi_FI\" \/>\n<meta property=\"og:type\" content=\"article\" \/>\n<meta property=\"og:title\" content=\"Tarjoukset Ja Alennukset\" \/>\n<meta property=\"og:description\" content=\"Meill\u00e4 on useita STS-vaihtovuotta koskevia tarjouksia. Oletko sin\u00e4 tai joku perheenj\u00e4senesi jo ollut ulkomailla STS:n kanssa?\" \/>\n<meta property=\"og:url\" content=\"https:\/\/www.sts-education.com\/fi\/vaihto-oppilas\/faktaa-ja-hintatietoja\/tarjoukset-ja-alennukset\/\" \/>\n<meta property=\"og:site_name\" content=\"STS Education\" \/>\n<meta property=\"article:modified_time\" content=\"2026-04-14T09:50:11+00:00\" \/>\n<meta property=\"og:image\" content=\"https:\/\/cdn.sts-education.com\/12640_hero_lg_xl.jpg\" \/>\n<meta name=\"twitter:card\" content=\"summary_large_image\" \/>\n<meta name=\"twitter:label1\" content=\"Arvioitu lukuaika\" \/>\n\t<meta name=\"twitter:data1\" content=\"1 minuutti\" \/>\n<script type=\"application\/ld+json\" class=\"yoast-schema-graph\">{\"@context\":\"https:\\\/\\\/schema.org\",\"@graph\":[{\"@type\":\"WebPage\",\"@id\":\"https:\\\/\\\/www.sts-education.com\\\/fi\\\/vaihto-oppilas\\\/faktaa-ja-hintatietoja\\\/tarjoukset-ja-alennukset\\\/\",\"url\":\"https:\\\/\\\/www.sts-education.com\\\/fi\\\/vaihto-oppilas\\\/faktaa-ja-hintatietoja\\\/tarjoukset-ja-alennukset\\\/\",\"name\":\"STS:n tarjoukset ja alennukset\",\"isPartOf\":{\"@id\":\"https:\\\/\\\/www.sts-education.com\\\/fi\\\/#website\"},\"primaryImageOfPage\":{\"@id\":\"https:\\\/\\\/www.sts-education.com\\\/fi\\\/vaihto-oppilas\\\/faktaa-ja-hintatietoja\\\/tarjoukset-ja-alennukset\\\/#primaryimage\"},\"image\":{\"@id\":\"https:\\\/\\\/www.sts-education.com\\\/fi\\\/vaihto-oppilas\\\/faktaa-ja-hintatietoja\\\/tarjoukset-ja-alennukset\\\/#primaryimage\"},\"thumbnailUrl\":\"https:\\\/\\\/cdn.sts-education.com\\\/12640_hero_lg_xl.jpg\",\"datePublished\":\"2023-06-01T12:32:11+00:00\",\"dateModified\":\"2026-04-14T09:50:11+00:00\",\"description\":\"Meill\u00e4 on useita STS-vaihtovuotta koskevia tarjouksia. Oletko sin\u00e4 tai joku perheenj\u00e4senesi jo ollut ulkomailla STS:n kanssa?\",\"breadcrumb\":{\"@id\":\"https:\\\/\\\/www.sts-education.com\\\/fi\\\/vaihto-oppilas\\\/faktaa-ja-hintatietoja\\\/tarjoukset-ja-alennukset\\\/#breadcrumb\"},\"inLanguage\":\"fi\",\"potentialAction\":[{\"@type\":\"ReadAction\",\"target\":[\"https:\\\/\\\/www.sts-education.com\\\/fi\\\/vaihto-oppilas\\\/faktaa-ja-hintatietoja\\\/tarjoukset-ja-alennukset\\\/\"]}]},{\"@type\":\"ImageObject\",\"inLanguage\":\"fi\",\"@id\":\"https:\\\/\\\/www.sts-education.com\\\/fi\\\/vaihto-oppilas\\\/faktaa-ja-hintatietoja\\\/tarjoukset-ja-alennukset\\\/#primaryimage\",\"url\":\"https:\\\/\\\/cdn.sts-education.com\\\/12640_hero_lg_xl.jpg\",\"contentUrl\":\"https:\\\/\\\/cdn.sts-education.com\\\/12640_hero_lg_xl.jpg\"},{\"@type\":\"BreadcrumbList\",\"@id\":\"https:\\\/\\\/www.sts-education.com\\\/fi\\\/vaihto-oppilas\\\/faktaa-ja-hintatietoja\\\/tarjoukset-ja-alennukset\\\/#breadcrumb\",\"itemListElement\":[{\"@type\":\"ListItem\",\"position\":1,\"name\":\"Home\",\"item\":\"https:\\\/\\\/www.sts-education.com\\\/fi\\\/\"},{\"@type\":\"ListItem\",\"position\":2,\"name\":\"Vaihto-oppilas\",\"item\":\"https:\\\/\\\/www.sts-education.com\\\/fi\\\/vaihto-oppilas\\\/\"},{\"@type\":\"ListItem\",\"position\":3,\"name\":\"Faktaa Ja Hintatietoja\",\"item\":\"https:\\\/\\\/www.sts-education.com\\\/fi\\\/vaihto-oppilas\\\/faktaa-ja-hintatietoja\\\/\"},{\"@type\":\"ListItem\",\"position\":4,\"name\":\"Tarjoukset Ja Alennukset\"}]},{\"@type\":\"WebSite\",\"@id\":\"https:\\\/\\\/www.sts-education.com\\\/fi\\\/#website\",\"url\":\"https:\\\/\\\/www.sts-education.com\\\/fi\\\/\",\"name\":\"STS Education\",\"description\":\"\",\"potentialAction\":[{\"@type\":\"SearchAction\",\"target\":{\"@type\":\"EntryPoint\",\"urlTemplate\":\"https:\\\/\\\/www.sts-education.com\\\/fi\\\/?s={search_term_string}\"},\"query-input\":{\"@type\":\"PropertyValueSpecification\",\"valueRequired\":true,\"valueName\":\"search_term_string\"}}],\"inLanguage\":\"fi\"}]}<\/script>\n<!-- \/ Yoast SEO Premium plugin. -->","yoast_head_json":{"title":"STS:n tarjoukset ja alennukset","description":"Meill\u00e4 on useita STS-vaihtovuotta koskevia tarjouksia. Oletko sin\u00e4 tai joku perheenj\u00e4senesi jo ollut ulkomailla STS:n kanssa?","robots":{"index":"index","follow":"follow","max-snippet":"max-snippet:-1","max-image-preview":"max-image-preview:large","max-video-preview":"max-video-preview:-1"},"canonical":"https:\/\/www.sts-education.com\/fi\/vaihto-oppilas\/faktaa-ja-hintatietoja\/tarjoukset-ja-alennukset\/","og_locale":"fi_FI","og_type":"article","og_title":"Tarjoukset Ja Alennukset","og_description":"Meill\u00e4 on useita STS-vaihtovuotta koskevia tarjouksia. Oletko sin\u00e4 tai joku perheenj\u00e4senesi jo ollut ulkomailla STS:n kanssa?","og_url":"https:\/\/www.sts-education.com\/fi\/vaihto-oppilas\/faktaa-ja-hintatietoja\/tarjoukset-ja-alennukset\/","og_site_name":"STS Education","article_modified_time":"2026-04-14T09:50:11+00:00","og_image":[{"url":"https:\/\/cdn.sts-education.com\/12640_hero_lg_xl.jpg","type":"","width":"","height":""}],"twitter_card":"summary_large_image","twitter_misc":{"Arvioitu lukuaika":"1 minuutti"},"schema":{"@context":"https:\/\/schema.org","@graph":[{"@type":"WebPage","@id":"https:\/\/www.sts-education.com\/fi\/vaihto-oppilas\/faktaa-ja-hintatietoja\/tarjoukset-ja-alennukset\/","url":"https:\/\/www.sts-education.com\/fi\/vaihto-oppilas\/faktaa-ja-hintatietoja\/tarjoukset-ja-alennukset\/","name":"STS:n tarjoukset ja alennukset","isPartOf":{"@id":"https:\/\/www.sts-education.com\/fi\/#website"},"primaryImageOfPage":{"@id":"https:\/\/www.sts-education.com\/fi\/vaihto-oppilas\/faktaa-ja-hintatietoja\/tarjoukset-ja-alennukset\/#primaryimage"},"image":{"@id":"https:\/\/www.sts-education.com\/fi\/vaihto-oppilas\/faktaa-ja-hintatietoja\/tarjoukset-ja-alennukset\/#primaryimage"},"thumbnailUrl":"https:\/\/cdn.sts-education.com\/12640_hero_lg_xl.jpg","datePublished":"2023-06-01T12:32:11+00:00","dateModified":"2026-04-14T09:50:11+00:00","description":"Meill\u00e4 on useita STS-vaihtovuotta koskevia tarjouksia. Oletko sin\u00e4 tai joku perheenj\u00e4senesi jo ollut ulkomailla STS:n kanssa?","breadcrumb":{"@id":"https:\/\/www.sts-education.com\/fi\/vaihto-oppilas\/faktaa-ja-hintatietoja\/tarjoukset-ja-alennukset\/#breadcrumb"},"inLanguage":"fi","potentialAction":[{"@type":"ReadAction","target":["https:\/\/www.sts-education.com\/fi\/vaihto-oppilas\/faktaa-ja-hintatietoja\/tarjoukset-ja-alennukset\/"]}]},{"@type":"ImageObject","inLanguage":"fi","@id":"https:\/\/www.sts-education.com\/fi\/vaihto-oppilas\/faktaa-ja-hintatietoja\/tarjoukset-ja-alennukset\/#primaryimage","url":"https:\/\/cdn.sts-education.com\/12640_hero_lg_xl.jpg","contentUrl":"https:\/\/cdn.sts-education.com\/12640_hero_lg_xl.jpg"},{"@type":"BreadcrumbList","@id":"https:\/\/www.sts-education.com\/fi\/vaihto-oppilas\/faktaa-ja-hintatietoja\/tarjoukset-ja-alennukset\/#breadcrumb","itemListElement":[{"@type":"ListItem","position":1,"name":"Home","item":"https:\/\/www.sts-education.com\/fi\/"},{"@type":"ListItem","position":2,"name":"Vaihto-oppilas","item":"https:\/\/www.sts-education.com\/fi\/vaihto-oppilas\/"},{"@type":"ListItem","position":3,"name":"Faktaa Ja Hintatietoja","item":"https:\/\/www.sts-education.com\/fi\/vaihto-oppilas\/faktaa-ja-hintatietoja\/"},{"@type":"ListItem","position":4,"name":"Tarjoukset Ja Alennukset"}]},{"@type":"WebSite","@id":"https:\/\/www.sts-education.com\/fi\/#website","url":"https:\/\/www.sts-education.com\/fi\/","name":"STS Education","description":"","potentialAction":[{"@type":"SearchAction","target":{"@type":"EntryPoint","urlTemplate":"https:\/\/www.sts-education.com\/fi\/?s={search_term_string}"},"query-input":{"@type":"PropertyValueSpecification","valueRequired":true,"valueName":"search_term_string"}}],"inLanguage":"fi"}]}},"_links":{"self":[{"href":"https:\/\/www.sts-education.com\/fi\/wp-json\/wp\/v2\/pages\/10498","targetHints":{"allow":["GET"]}}],"collection":[{"href":"https:\/\/www.sts-education.com\/fi\/wp-json\/wp\/v2\/pages"}],"about":[{"href":"https:\/\/www.sts-education.com\/fi\/wp-json\/wp\/v2\/types\/page"}],"author":[{"embeddable":true,"href":"https:\/\/www.sts-education.com\/fi\/wp-json\/wp\/v2\/users\/20"}],"replies":[{"embeddable":true,"href":"https:\/\/www.sts-education.com\/fi\/wp-json\/wp\/v2\/comments?post=10498"}],"version-history":[{"count":6,"href":"https:\/\/www.sts-education.com\/fi\/wp-json\/wp\/v2\/pages\/10498\/revisions"}],"predecessor-version":[{"id":33162,"href":"https:\/\/www.sts-education.com\/fi\/wp-json\/wp\/v2\/pages\/10498\/revisions\/33162"}],"up":[{"embeddable":true,"href":"https:\/\/www.sts-education.com\/fi\/wp-json\/wp\/v2\/pages\/10470"}],"wp:attachment":[{"href":"https:\/\/www.sts-education.com\/fi\/wp-json\/wp\/v2\/media?parent=10498"}],"wp:term":[{"taxonomy":"wpw_page_folders","embeddable":true,"href":"https:\/\/www.sts-education.com\/fi\/wp-json\/wp\/v2\/wpw_page_folders?post=10498"}],"curies":[{"name":"wp","href":"https:\/\/api.w.org\/{rel}","templated":true}]}}