{"id":10499,"date":"2025-12-16T10:19:15","date_gmt":"2025-12-16T10:19:15","guid":{"rendered":"https:\/\/preprod.sts-education.com\/vaihto-oppilas\/faktaa-ja-hintatietoja\/varaus-ja-maksaminen\/"},"modified":"2026-04-14T09:48:52","modified_gmt":"2026-04-14T09:48:52","slug":"varaus-ja-maksaminen","status":"publish","type":"page","link":"https:\/\/www.sts-education.com\/fi\/vaihto-oppilas\/faktaa-ja-hintatietoja\/varaus-ja-maksaminen\/","title":{"rendered":"Varaus Ja Maksaminen"},"content":{"rendered":"\n<section class=\"wp-block-sts-hero sts-block-hero is-variant-full-background has-text-light has-background-media\" style=\"--sts-hero-padding-mobile:0px;--sts-hero-padding-desktop:0px;--sts-hero-text-color:var(--wp--preset--color--base-10, #fff);\" data-variant=\"full-background\"><div class=\"sts-block-hero__background\"><picture class=\"sts-responsive-image has-fit-cover is-skeleton\"><img src=\"https:\/\/cdn.sts-education.com\/12578_hero_lg_xl.jpg\" alt=\"Varaus ja maksaminen\" loading=\"lazy\" decoding=\"async\" fetchpriority=\"low\" sizes=\"100vw\" \/><\/picture><span class=\"sts-block-hero__overlay\" aria-hidden=\"true\"><\/span><\/div><div class=\"sts-block-hero__inner\"><div class=\"sts-block-hero__content has-align-center\"><div class=\"sts-block-hero__content-inner\"><h1 class=\"sts-block-hero__heading\">Varaus ja maksaminen<\/h1><\/div><\/div><\/div><\/section>\n\n\n\n<div class=\"wp-block-sts-text sts-text-editor has-max-width-md\"><div class=\"sts-text-editor__content\"><div class=\"sts-text-editor__content-inner\">\n<h2>Varausmaksu tai ohjelmamaksu<\/h2>\n\n<h3>High School Classic<\/h3>\n\n<p><strong>Classic-ohjelman<\/strong> maksun suorittaa sin\u00e4 tai laillinen huoltajasi seuraavien ehtojen mukaisesti:<\/p>\n\n<ul><li><strong>1. er\u00e4<\/strong> \u2013 ohjelmatarjouksen mukainen 1000 euro varausmaksu on maksettava kymmenen (10) p\u00e4iv\u00e4n kuluessa laskun p\u00e4iv\u00e4m\u00e4\u00e4r\u00e4st\u00e4.<\/li>\n<li><strong>2. er\u00e4<\/strong> \u2013 25 % ohjelman hinnasta on maksettava viimeist\u00e4\u00e4n 1. kes\u00e4kuuta (kev\u00e4tl\u00e4ht\u00f6jen osalta) tai 1. syyskuuta (syysl\u00e4ht\u00f6jen osalta).<\/li>\n<li><strong>3. er\u00e4<\/strong> \u2013 25 % ohjelman hinnasta on maksettava viimeist\u00e4\u00e4n 1.elokuuta (kev\u00e4tl\u00e4ht\u00f6jen osalta) tai 1.joulukuuta (syysl\u00e4ht\u00f6jen osalta).<\/li>\n<li><strong>Nelj\u00e4s er\u00e4<\/strong> \u2013 25 % ohjelman hinnasta on maksettava viimeist\u00e4\u00e4n 1. lokakuuta (kev\u00e4tl\u00e4ht\u00f6jen osalta) tai 1. helmikuuta (syysl\u00e4ht\u00f6jen osalta).<\/li>\n<li><strong>5. er\u00e4<\/strong> \u2013 ohjelman hinnan loppusumma on maksettava viimeist\u00e4\u00e4n 1. marraskuuta (kev\u00e4tl\u00e4ht\u00f6jen osalta) tai 1. huhtikuuta (syysl\u00e4ht\u00f6jen osalta).<\/li>\n<li><strong>6. er\u00e4<\/strong> \u2013 valuuttalis\u00e4t, vakuutus ja mahdolliset lis\u00e4palvelut on maksettava viimeist\u00e4\u00e4n 15. joulukuuta (kev\u00e4tl\u00e4ht\u00f6jen osalta) tai 1. kes\u00e4kuuta (syysl\u00e4ht\u00f6jen osalta).<\/li><\/ul>\n\n<h3>High School Select<\/h3>\n\n<p><strong>Select-ohjelman<\/strong> maksun suorittaa sin\u00e4 tai laillinen huoltajasi seuraavien ehtojen mukaisesti:<\/p>\n\n<ul><li><strong>1. er\u00e4<\/strong> \u2013 ohjelmatarjouksen mukainen rekister\u00f6intimaksu on maksettava kymmenen (10) p\u00e4iv\u00e4n kuluessa laskun p\u00e4iv\u00e4m\u00e4\u00e4r\u00e4st\u00e4.<\/li>\n<li><strong>2. er\u00e4<\/strong> \u2013 25 % ohjelman maksusta on maksettava viimeist\u00e4\u00e4n 1. hein\u00e4kuuta (kev\u00e4tl\u00e4ht\u00f6jen osalta) tai 1. marraskuuta (syysl\u00e4ht\u00f6jen osalta).<\/li>\n<li><strong>3. er\u00e4<\/strong> \u2013 25 % ohjelman maksusta on maksettava viimeist\u00e4\u00e4n 1. marraskuuta (kev\u00e4tl\u00e4ht\u00f6jen osalta) tai 1. helmikuuta (syysl\u00e4ht\u00f6jen osalta).<\/li>\n<li><strong>Nelj\u00e4s er\u00e4<\/strong> \u2013 ohjelman hinnan loppusumma, valuuttalis\u00e4t, vakuutus ja mahdolliset lis\u00e4palvelut on maksettava viimeist\u00e4\u00e4n 15. joulukuuta (kev\u00e4tl\u00e4ht\u00f6jen osalta) tai 1. kes\u00e4kuuta (syysl\u00e4ht\u00f6jen osalta).<\/li><\/ul>\n\n<h2>Vakuutus<\/h2>\n\n<p>Kaikilla STS:n vaihto-oppilailla on oltava vakuutus, joka on voimassa koko vaihtovuoden ajan. Tarjoamme r\u00e4\u00e4t\u00e4l\u00f6idyn vakuutuksen, joka kattaa sairaudet, tapaturmat, vastuuvakuutuksen ja matkatavarat. Vakuutus on kohdemaan j\u00e4rjest\u00f6jen hyv\u00e4ksym\u00e4.<\/p>\n\n<p>Jos haluat ottaa jonkin muun vakuutuksen, sen on oltava vastaanottavan maan viranomaisten (kuten valtion viraston tai koulun) hyv\u00e4ksym\u00e4. Keskustele STS:n kanssa ja varmista, ett\u00e4 saat kaiken tarvitsemasi ohjeet vakuutusasioista.<\/p>\n\n<h2>Peruutus ja peruutusturva<\/h2>\n\n<h3>Matkan peruuttaminen<\/h3>\n\n<p>Jos p\u00e4\u00e4t\u00e4t peruuttaa vaihtovuotesi, kun l\u00e4ht\u00f6\u00f6n on yli viisi kuukautta, STS pid\u00e4tt\u00e4\u00e4 varausmaksun. Jos olet ottanut peruutusturvan varauksen tehdess\u00e4si, sinua koskevat peruutusturvan ehdot.<\/p>\n\n<h2>Peruutusturva<\/h2>\n\n<p>Tarjoamme lis\u00e4palveluna kahdenlaista peruutusturvaa, kun varaat vaihto-oppilasvuoden kauttamme:<\/p>\n\n<p><strong>Standard cancellation protection<\/strong>: Hinta on 450 euroa Classic-ohjelmille ja 700 euroa Select-ohjelmille.<\/p>\n\n<p><strong>Extended cancellation protection<\/strong>: Hinta on 1100 euroa Classic-ohjelmille ja 1600 euroa Select-ohjelmille.<\/p>\n\n<h2>Maksua koskevat kysymykset<\/h2>\n\n<p>Jos sinulla on kysytt\u00e4v\u00e4\u00e4 maksamisesta, rahoituksesta, vakuutuksesta, is\u00e4nt\u00e4perheest\u00e4, lis\u00e4palveluista tai mist\u00e4 tahansa, <a href=\"https:\/\/www.sts-education.com\/fi\/meista\/ota-meihin-yhteytta\/\">ota yhteytt\u00e4<\/a>, niin autamme sinua!<\/p>\n<\/div><\/div><\/div>\n","protected":false},"excerpt":{"rendered":"","protected":false},"author":20,"featured_media":0,"parent":10470,"menu_order":0,"comment_status":"closed","ping_status":"closed","template":"templates\/template-default-with-breadcrumbs.php","meta":{"_acf_changed":false,"sts_page_background_color":"","footnotes":""},"wpw_page_folders":[86],"class_list":["post-10499","page","type-page","status-publish","hentry"],"acf":[],"yoast_head":"<!-- This site is optimized with the Yoast SEO Premium plugin v27.2 (Yoast SEO v27.3) - https:\/\/yoast.com\/product\/yoast-seo-premium-wordpress\/ -->\n<title>Vaihtovuotesi varaus ja turvallinen maksutapa | STS<\/title>\n<meta name=\"description\" content=\"Kun olet hakenut ja sinut on hyv\u00e4ksytty vaihto-ohjelmaamme, maksettavana on varausmaksu. Lasku jaetaan sen j\u00e4lkeen osamaksuiksi.\" \/>\n<meta name=\"robots\" content=\"index, follow, max-snippet:-1, max-image-preview:large, max-video-preview:-1\" \/>\n<link rel=\"canonical\" href=\"https:\/\/www.sts-education.com\/fi\/vaihto-oppilas\/faktaa-ja-hintatietoja\/varaus-ja-maksaminen\/\" \/>\n<meta property=\"og:locale\" content=\"fi_FI\" \/>\n<meta property=\"og:type\" content=\"article\" \/>\n<meta property=\"og:title\" content=\"Varaus Ja Maksaminen\" \/>\n<meta property=\"og:description\" content=\"Kun olet hakenut ja sinut on hyv\u00e4ksytty vaihto-ohjelmaamme, maksettavana on varausmaksu. Lasku jaetaan sen j\u00e4lkeen osamaksuiksi.\" \/>\n<meta property=\"og:url\" content=\"https:\/\/www.sts-education.com\/fi\/vaihto-oppilas\/faktaa-ja-hintatietoja\/varaus-ja-maksaminen\/\" \/>\n<meta property=\"og:site_name\" content=\"STS Education\" \/>\n<meta property=\"article:modified_time\" content=\"2026-04-14T09:48:52+00:00\" \/>\n<meta property=\"og:image\" content=\"https:\/\/cdn.sts-education.com\/12578_hero_lg_xl.jpg\" \/>\n<meta name=\"twitter:card\" content=\"summary_large_image\" \/>\n<meta name=\"twitter:label1\" content=\"Arvioitu lukuaika\" \/>\n\t<meta name=\"twitter:data1\" content=\"2 minuuttia\" \/>\n<script type=\"application\/ld+json\" class=\"yoast-schema-graph\">{\"@context\":\"https:\\\/\\\/schema.org\",\"@graph\":[{\"@type\":\"WebPage\",\"@id\":\"https:\\\/\\\/www.sts-education.com\\\/fi\\\/vaihto-oppilas\\\/faktaa-ja-hintatietoja\\\/varaus-ja-maksaminen\\\/\",\"url\":\"https:\\\/\\\/www.sts-education.com\\\/fi\\\/vaihto-oppilas\\\/faktaa-ja-hintatietoja\\\/varaus-ja-maksaminen\\\/\",\"name\":\"Vaihtovuotesi varaus ja turvallinen maksutapa | STS\",\"isPartOf\":{\"@id\":\"https:\\\/\\\/www.sts-education.com\\\/fi\\\/#website\"},\"primaryImageOfPage\":{\"@id\":\"https:\\\/\\\/www.sts-education.com\\\/fi\\\/vaihto-oppilas\\\/faktaa-ja-hintatietoja\\\/varaus-ja-maksaminen\\\/#primaryimage\"},\"image\":{\"@id\":\"https:\\\/\\\/www.sts-education.com\\\/fi\\\/vaihto-oppilas\\\/faktaa-ja-hintatietoja\\\/varaus-ja-maksaminen\\\/#primaryimage\"},\"thumbnailUrl\":\"https:\\\/\\\/cdn.sts-education.com\\\/12578_hero_lg_xl.jpg\",\"datePublished\":\"2025-12-16T10:19:15+00:00\",\"dateModified\":\"2026-04-14T09:48:52+00:00\",\"description\":\"Kun olet hakenut ja sinut on hyv\u00e4ksytty vaihto-ohjelmaamme, maksettavana on varausmaksu. Lasku jaetaan sen j\u00e4lkeen osamaksuiksi.\",\"breadcrumb\":{\"@id\":\"https:\\\/\\\/www.sts-education.com\\\/fi\\\/vaihto-oppilas\\\/faktaa-ja-hintatietoja\\\/varaus-ja-maksaminen\\\/#breadcrumb\"},\"inLanguage\":\"fi\",\"potentialAction\":[{\"@type\":\"ReadAction\",\"target\":[\"https:\\\/\\\/www.sts-education.com\\\/fi\\\/vaihto-oppilas\\\/faktaa-ja-hintatietoja\\\/varaus-ja-maksaminen\\\/\"]}]},{\"@type\":\"ImageObject\",\"inLanguage\":\"fi\",\"@id\":\"https:\\\/\\\/www.sts-education.com\\\/fi\\\/vaihto-oppilas\\\/faktaa-ja-hintatietoja\\\/varaus-ja-maksaminen\\\/#primaryimage\",\"url\":\"https:\\\/\\\/cdn.sts-education.com\\\/12578_hero_lg_xl.jpg\",\"contentUrl\":\"https:\\\/\\\/cdn.sts-education.com\\\/12578_hero_lg_xl.jpg\"},{\"@type\":\"BreadcrumbList\",\"@id\":\"https:\\\/\\\/www.sts-education.com\\\/fi\\\/vaihto-oppilas\\\/faktaa-ja-hintatietoja\\\/varaus-ja-maksaminen\\\/#breadcrumb\",\"itemListElement\":[{\"@type\":\"ListItem\",\"position\":1,\"name\":\"Home\",\"item\":\"https:\\\/\\\/www.sts-education.com\\\/fi\\\/\"},{\"@type\":\"ListItem\",\"position\":2,\"name\":\"Vaihto-oppilas\",\"item\":\"https:\\\/\\\/www.sts-education.com\\\/fi\\\/vaihto-oppilas\\\/\"},{\"@type\":\"ListItem\",\"position\":3,\"name\":\"Faktaa Ja Hintatietoja\",\"item\":\"https:\\\/\\\/www.sts-education.com\\\/fi\\\/vaihto-oppilas\\\/faktaa-ja-hintatietoja\\\/\"},{\"@type\":\"ListItem\",\"position\":4,\"name\":\"Varaus Ja Maksaminen\"}]},{\"@type\":\"WebSite\",\"@id\":\"https:\\\/\\\/www.sts-education.com\\\/fi\\\/#website\",\"url\":\"https:\\\/\\\/www.sts-education.com\\\/fi\\\/\",\"name\":\"STS Education\",\"description\":\"\",\"potentialAction\":[{\"@type\":\"SearchAction\",\"target\":{\"@type\":\"EntryPoint\",\"urlTemplate\":\"https:\\\/\\\/www.sts-education.com\\\/fi\\\/?s={search_term_string}\"},\"query-input\":{\"@type\":\"PropertyValueSpecification\",\"valueRequired\":true,\"valueName\":\"search_term_string\"}}],\"inLanguage\":\"fi\"}]}<\/script>\n<!-- \/ Yoast SEO Premium plugin. -->","yoast_head_json":{"title":"Vaihtovuotesi varaus ja turvallinen maksutapa | STS","description":"Kun olet hakenut ja sinut on hyv\u00e4ksytty vaihto-ohjelmaamme, maksettavana on varausmaksu. Lasku jaetaan sen j\u00e4lkeen osamaksuiksi.","robots":{"index":"index","follow":"follow","max-snippet":"max-snippet:-1","max-image-preview":"max-image-preview:large","max-video-preview":"max-video-preview:-1"},"canonical":"https:\/\/www.sts-education.com\/fi\/vaihto-oppilas\/faktaa-ja-hintatietoja\/varaus-ja-maksaminen\/","og_locale":"fi_FI","og_type":"article","og_title":"Varaus Ja Maksaminen","og_description":"Kun olet hakenut ja sinut on hyv\u00e4ksytty vaihto-ohjelmaamme, maksettavana on varausmaksu. Lasku jaetaan sen j\u00e4lkeen osamaksuiksi.","og_url":"https:\/\/www.sts-education.com\/fi\/vaihto-oppilas\/faktaa-ja-hintatietoja\/varaus-ja-maksaminen\/","og_site_name":"STS Education","article_modified_time":"2026-04-14T09:48:52+00:00","og_image":[{"url":"https:\/\/cdn.sts-education.com\/12578_hero_lg_xl.jpg","type":"","width":"","height":""}],"twitter_card":"summary_large_image","twitter_misc":{"Arvioitu lukuaika":"2 minuuttia"},"schema":{"@context":"https:\/\/schema.org","@graph":[{"@type":"WebPage","@id":"https:\/\/www.sts-education.com\/fi\/vaihto-oppilas\/faktaa-ja-hintatietoja\/varaus-ja-maksaminen\/","url":"https:\/\/www.sts-education.com\/fi\/vaihto-oppilas\/faktaa-ja-hintatietoja\/varaus-ja-maksaminen\/","name":"Vaihtovuotesi varaus ja turvallinen maksutapa | STS","isPartOf":{"@id":"https:\/\/www.sts-education.com\/fi\/#website"},"primaryImageOfPage":{"@id":"https:\/\/www.sts-education.com\/fi\/vaihto-oppilas\/faktaa-ja-hintatietoja\/varaus-ja-maksaminen\/#primaryimage"},"image":{"@id":"https:\/\/www.sts-education.com\/fi\/vaihto-oppilas\/faktaa-ja-hintatietoja\/varaus-ja-maksaminen\/#primaryimage"},"thumbnailUrl":"https:\/\/cdn.sts-education.com\/12578_hero_lg_xl.jpg","datePublished":"2025-12-16T10:19:15+00:00","dateModified":"2026-04-14T09:48:52+00:00","description":"Kun olet hakenut ja sinut on hyv\u00e4ksytty vaihto-ohjelmaamme, maksettavana on varausmaksu. Lasku jaetaan sen j\u00e4lkeen osamaksuiksi.","breadcrumb":{"@id":"https:\/\/www.sts-education.com\/fi\/vaihto-oppilas\/faktaa-ja-hintatietoja\/varaus-ja-maksaminen\/#breadcrumb"},"inLanguage":"fi","potentialAction":[{"@type":"ReadAction","target":["https:\/\/www.sts-education.com\/fi\/vaihto-oppilas\/faktaa-ja-hintatietoja\/varaus-ja-maksaminen\/"]}]},{"@type":"ImageObject","inLanguage":"fi","@id":"https:\/\/www.sts-education.com\/fi\/vaihto-oppilas\/faktaa-ja-hintatietoja\/varaus-ja-maksaminen\/#primaryimage","url":"https:\/\/cdn.sts-education.com\/12578_hero_lg_xl.jpg","contentUrl":"https:\/\/cdn.sts-education.com\/12578_hero_lg_xl.jpg"},{"@type":"BreadcrumbList","@id":"https:\/\/www.sts-education.com\/fi\/vaihto-oppilas\/faktaa-ja-hintatietoja\/varaus-ja-maksaminen\/#breadcrumb","itemListElement":[{"@type":"ListItem","position":1,"name":"Home","item":"https:\/\/www.sts-education.com\/fi\/"},{"@type":"ListItem","position":2,"name":"Vaihto-oppilas","item":"https:\/\/www.sts-education.com\/fi\/vaihto-oppilas\/"},{"@type":"ListItem","position":3,"name":"Faktaa Ja Hintatietoja","item":"https:\/\/www.sts-education.com\/fi\/vaihto-oppilas\/faktaa-ja-hintatietoja\/"},{"@type":"ListItem","position":4,"name":"Varaus Ja Maksaminen"}]},{"@type":"WebSite","@id":"https:\/\/www.sts-education.com\/fi\/#website","url":"https:\/\/www.sts-education.com\/fi\/","name":"STS Education","description":"","potentialAction":[{"@type":"SearchAction","target":{"@type":"EntryPoint","urlTemplate":"https:\/\/www.sts-education.com\/fi\/?s={search_term_string}"},"query-input":{"@type":"PropertyValueSpecification","valueRequired":true,"valueName":"search_term_string"}}],"inLanguage":"fi"}]}},"_links":{"self":[{"href":"https:\/\/www.sts-education.com\/fi\/wp-json\/wp\/v2\/pages\/10499","targetHints":{"allow":["GET"]}}],"collection":[{"href":"https:\/\/www.sts-education.com\/fi\/wp-json\/wp\/v2\/pages"}],"about":[{"href":"https:\/\/www.sts-education.com\/fi\/wp-json\/wp\/v2\/types\/page"}],"author":[{"embeddable":true,"href":"https:\/\/www.sts-education.com\/fi\/wp-json\/wp\/v2\/users\/20"}],"replies":[{"embeddable":true,"href":"https:\/\/www.sts-education.com\/fi\/wp-json\/wp\/v2\/comments?post=10499"}],"version-history":[{"count":6,"href":"https:\/\/www.sts-education.com\/fi\/wp-json\/wp\/v2\/pages\/10499\/revisions"}],"predecessor-version":[{"id":33119,"href":"https:\/\/www.sts-education.com\/fi\/wp-json\/wp\/v2\/pages\/10499\/revisions\/33119"}],"up":[{"embeddable":true,"href":"https:\/\/www.sts-education.com\/fi\/wp-json\/wp\/v2\/pages\/10470"}],"wp:attachment":[{"href":"https:\/\/www.sts-education.com\/fi\/wp-json\/wp\/v2\/media?parent=10499"}],"wp:term":[{"taxonomy":"wpw_page_folders","embeddable":true,"href":"https:\/\/www.sts-education.com\/fi\/wp-json\/wp\/v2\/wpw_page_folders?post=10499"}],"curies":[{"name":"wp","href":"https:\/\/api.w.org\/{rel}","templated":true}]}}