{"id":10511,"date":"2025-12-16T10:14:43","date_gmt":"2025-12-16T10:14:43","guid":{"rendered":"https:\/\/preprod.sts-education.com\/vaihto-oppilas\/vaihto-oppilasvuoden-aikana\/asuminen-toisessa-maassa\/"},"modified":"2026-04-14T09:49:01","modified_gmt":"2026-04-14T09:49:01","slug":"asuminen-toisessa-maassa","status":"publish","type":"page","link":"https:\/\/www.sts-education.com\/fi\/vaihto-oppilas\/vaihto-oppilasvuoden-aikana\/asuminen-toisessa-maassa\/","title":{"rendered":"Asuminen Toisessa Maassa"},"content":{"rendered":"\n<section class=\"wp-block-sts-hero sts-block-hero is-variant-full-background has-text-light has-background-media\" style=\"--sts-hero-padding-mobile:0px;--sts-hero-padding-desktop:0px;--sts-hero-text-color:var(--wp--preset--color--base-10, #fff);\" data-variant=\"full-background\"><div class=\"sts-block-hero__background\"><picture class=\"sts-responsive-image has-fit-cover is-skeleton\"><img src=\"https:\/\/cdn.sts-education.com\/12613_hero_lg_xl.jpg\" alt=\"Asuminen toisessa maassa\" loading=\"lazy\" decoding=\"async\" fetchpriority=\"low\" sizes=\"100vw\" \/><\/picture><span class=\"sts-block-hero__overlay\" aria-hidden=\"true\"><\/span><\/div><div class=\"sts-block-hero__inner\"><div class=\"sts-block-hero__content has-align-center\"><div class=\"sts-block-hero__content-inner\"><h1 class=\"sts-block-hero__heading\">Asuminen toisessa maassa<\/h1><\/div><\/div><\/div><\/section>\n\n\n\n<div class=\"wp-block-sts-text sts-text-editor has-max-width-md\"><div class=\"sts-text-editor__content\"><div class=\"sts-text-editor__content-inner\">\n<h3>Lue lis\u00e4\u00e4 STS:n vaihto-oppilasohjelmista<\/h3>\n<p>Lyhytaikaisesta ulkomailla asumisesta on monenlaista hy\u00f6ty\u00e4. Saat kokea monenlaisia hauskoja asioita, ker\u00e4t\u00e4 ihania muistoja ja oppia uuden kielen. Lis\u00e4ksi tutustut uusiin ihmisiin ja uuteen kulttuuriin.<\/p>\n<p>Joskus voit kohdata asioista, joihin et ole tottunut kotona. Is\u00e4nt\u00e4perheess\u00e4 teet ehk\u00e4 totuttua enemm\u00e4n kotit\u00f6it\u00e4 tai sinulla on aikaisempi kotiintuloaika. Ruoka voi olla erilaista, ja sinun on ehk\u00e4 pyydett\u00e4v\u00e4 lupaa osallistua johonkin tekemiseen. Se on kuitenkin osa kaiken vieh\u00e4tyst\u00e4: jokaisessa maassa on omanlaisensa kulttuuri, ja sen p\u00e4\u00e4set kokemaan viett\u00e4ess\u00e4si vuoden vaihto-oppilaana.<\/p>\n<p>Kun keskustelet avoimesti is\u00e4nt\u00e4perheesi kanssa ja sis\u00e4ist\u00e4t itseesi kohdistuvat odotukset, v\u00e4\u00e4rink\u00e4sityksi\u00e4 ja kulttuurien yhteent\u00f6rm\u00e4yksi\u00e4 sattuu harvemmin. Is\u00e4nt\u00e4perheesi on tukenasi ja vastuussa sinusta koko oleskelusi ajan. Puhumalla avoimesti asioista opitte ymm\u00e4rt\u00e4m\u00e4\u00e4n toisianne. Yhdess\u00e4 l\u00f6yd\u00e4tte hyv\u00e4t toimintatavat, vaikka s\u00e4\u00e4nn\u00f6t olisivat erilaisia kuin kotonasi.<\/p>\n<h2>Is\u00e4nt\u00e4perheess\u00e4 asuminen<\/h2>\n<p>L\u00e4hdetp\u00e4 vaihto-oppilaaksi mihin maailmankolkkaan tahansa, asut paikallisessa is\u00e4nt\u00e4perheess\u00e4. Asuminen uudessa paikassa vieraiden ihmisten luona voi j\u00e4nnitt\u00e4\u00e4, mutta is\u00e4nt\u00e4perheest\u00e4 tulee usein koko vaihtarikokemuksesi mieleenpainuvin ja merkityksellisin osa. Siksi valitsemme is\u00e4nt\u00e4perheet tarkkaan ja teemme parhaamme l\u00f6yt\u00e4\u00e4ksemme sinulle sopivimman perheen, usein yhteisty\u00f6ss\u00e4 paikallisten j\u00e4rjest\u00f6jen ja alueella toimivien ty\u00f6ntekij\u00f6iden kanssa.<\/p>\n<p>Jokainen is\u00e4nt\u00e4perhe on erilainen, kuten perheet yleens\u00e4kin. On urheilullisia perheit\u00e4 ja perheit\u00e4, jotka viett\u00e4v\u00e4t mielell\u00e4\u00e4n paljon aikaa talon ja puutarhan parissa. Jotkut perheet ovat mukana vapaaehtoisty\u00f6ss\u00e4 tai paikallisen seurakunnan toiminnassa, ja osassa is\u00e4nt\u00e4perheit\u00e4 on lapsia, osassa ei. Jokainen perhe on kuitenkin aidosti kiinnostunut vaihto-oppilaastaan, ja saapumisesi on todenn\u00e4k\u00f6isesti elinik\u00e4isen yst\u00e4vyyden alku.<\/p>\n<p>Pyri olemaan kuin kotonasi. Kerro ajatuksistasi. Auta kotit\u00f6iss\u00e4 ja kunnioita perheen s\u00e4\u00e4nt\u00f6j\u00e4, kuten tekisit omassakin perheess\u00e4si. Vastineeksi saat ainutlaatuista ymm\u00e4rryst\u00e4 uudesta el\u00e4m\u00e4ntavasta ja kulttuurista, joka on jotain muuta kuin matkustaessa tyypillisesti koettava massaturismi. Toivot ehk\u00e4 kokevasi kiitosp\u00e4iv\u00e4n USA:ssa, iltap\u00e4iv\u00e4teen Isossa-Britanniassa tai jalkapallo-ottelun Italiassa. Jokaisella maalla on oma vieh\u00e4tyksens\u00e4, ja lupaamme, ett\u00e4 ker\u00e4\u00e4t lukemattomia ihania muistoja is\u00e4nt\u00e4perheesi kanssa!<\/p>\n<p>Is\u00e4nt\u00e4perheesi on vastuussa sinusta ja ruoka- ja asumiskuluistasi koko oleskelusi ajan. Muista kuluista, kuten hygieniatuotteista, bussikorteista, harrastuksista, matkoista ja vaatteista, vastaat itse. Is\u00e4nt\u00e4perhe p\u00e4\u00e4tt\u00e4\u00e4 esimerkiksi kotiintuloajoista ja kotit\u00f6ist\u00e4, joita sinun odotetaan tekev\u00e4n. He arvostavat osallistumistasi perheen tekemiseen ja perinteisiin, mutta sinulle j\u00e4\u00e4 tietenkin aikaa my\u00f6s omiin harrastuksiisi. Kerro aina is\u00e4nt\u00e4perheellesi, minne olet menossa, ja muista, ett\u00e4 he ovat innokkaita tapaamaan uudet kaverisi.<\/p>\n<p><a href=\"https:\/\/www.sts-education.com\/fi\/isantaperheeksi\/family-stories\/entiset-opiskelijat-kertovat-meille\/\">Lue entisten opiskelijoidemme kokemuksista is\u00e4nt\u00e4perheess\u00e4 asumisesta!<\/a><\/p>\n<\/div><\/div><\/div>\n","protected":false},"excerpt":{"rendered":"","protected":false},"author":20,"featured_media":0,"parent":10474,"menu_order":0,"comment_status":"closed","ping_status":"closed","template":"templates\/template-default-with-breadcrumbs.php","meta":{"_acf_changed":false,"sts_page_background_color":"","footnotes":""},"wpw_page_folders":[83],"class_list":["post-10511","page","type-page","status-publish","hentry"],"acf":[],"yoast_head":"<!-- This site is optimized with the Yoast SEO Premium plugin v27.2 (Yoast SEO v27.3) - https:\/\/yoast.com\/product\/yoast-seo-premium-wordpress\/ -->\n<title>El\u00e4minen vieraassa maassa vaihto-oppilaana<\/title>\n<meta name=\"description\" content=\"Asuminen toisessa maassa on erilaista kuin kotona, mutta se on my\u00f6s osa asian vieh\u00e4tyst\u00e4. Lyhytaikaisesta ulkomailla asumisesta on monenlaista hy\u00f6ty\u00e4.\" \/>\n<meta name=\"robots\" content=\"index, follow, max-snippet:-1, max-image-preview:large, max-video-preview:-1\" \/>\n<link rel=\"canonical\" href=\"https:\/\/www.sts-education.com\/fi\/vaihto-oppilas\/vaihto-oppilasvuoden-aikana\/asuminen-toisessa-maassa\/\" \/>\n<meta property=\"og:locale\" content=\"fi_FI\" \/>\n<meta property=\"og:type\" content=\"article\" \/>\n<meta property=\"og:title\" content=\"Asuminen Toisessa Maassa\" \/>\n<meta property=\"og:description\" content=\"Asuminen toisessa maassa on erilaista kuin kotona, mutta se on my\u00f6s osa asian vieh\u00e4tyst\u00e4. Lyhytaikaisesta ulkomailla asumisesta on monenlaista hy\u00f6ty\u00e4.\" \/>\n<meta property=\"og:url\" content=\"https:\/\/www.sts-education.com\/fi\/vaihto-oppilas\/vaihto-oppilasvuoden-aikana\/asuminen-toisessa-maassa\/\" \/>\n<meta property=\"og:site_name\" content=\"STS Education\" \/>\n<meta property=\"article:modified_time\" content=\"2026-04-14T09:49:01+00:00\" \/>\n<meta property=\"og:image\" content=\"https:\/\/cdn.sts-education.com\/12613_hero_lg_xl.jpg\" \/>\n<meta name=\"twitter:card\" content=\"summary_large_image\" \/>\n<meta name=\"twitter:label1\" content=\"Arvioitu lukuaika\" \/>\n\t<meta name=\"twitter:data1\" content=\"2 minuuttia\" \/>\n<script type=\"application\/ld+json\" class=\"yoast-schema-graph\">{\"@context\":\"https:\\\/\\\/schema.org\",\"@graph\":[{\"@type\":\"WebPage\",\"@id\":\"https:\\\/\\\/www.sts-education.com\\\/fi\\\/vaihto-oppilas\\\/vaihto-oppilasvuoden-aikana\\\/asuminen-toisessa-maassa\\\/\",\"url\":\"https:\\\/\\\/www.sts-education.com\\\/fi\\\/vaihto-oppilas\\\/vaihto-oppilasvuoden-aikana\\\/asuminen-toisessa-maassa\\\/\",\"name\":\"El\u00e4minen vieraassa maassa vaihto-oppilaana\",\"isPartOf\":{\"@id\":\"https:\\\/\\\/www.sts-education.com\\\/fi\\\/#website\"},\"primaryImageOfPage\":{\"@id\":\"https:\\\/\\\/www.sts-education.com\\\/fi\\\/vaihto-oppilas\\\/vaihto-oppilasvuoden-aikana\\\/asuminen-toisessa-maassa\\\/#primaryimage\"},\"image\":{\"@id\":\"https:\\\/\\\/www.sts-education.com\\\/fi\\\/vaihto-oppilas\\\/vaihto-oppilasvuoden-aikana\\\/asuminen-toisessa-maassa\\\/#primaryimage\"},\"thumbnailUrl\":\"https:\\\/\\\/cdn.sts-education.com\\\/12613_hero_lg_xl.jpg\",\"datePublished\":\"2025-12-16T10:14:43+00:00\",\"dateModified\":\"2026-04-14T09:49:01+00:00\",\"description\":\"Asuminen toisessa maassa on erilaista kuin kotona, mutta se on my\u00f6s osa asian vieh\u00e4tyst\u00e4. Lyhytaikaisesta ulkomailla asumisesta on monenlaista hy\u00f6ty\u00e4.\",\"breadcrumb\":{\"@id\":\"https:\\\/\\\/www.sts-education.com\\\/fi\\\/vaihto-oppilas\\\/vaihto-oppilasvuoden-aikana\\\/asuminen-toisessa-maassa\\\/#breadcrumb\"},\"inLanguage\":\"fi\",\"potentialAction\":[{\"@type\":\"ReadAction\",\"target\":[\"https:\\\/\\\/www.sts-education.com\\\/fi\\\/vaihto-oppilas\\\/vaihto-oppilasvuoden-aikana\\\/asuminen-toisessa-maassa\\\/\"]}]},{\"@type\":\"ImageObject\",\"inLanguage\":\"fi\",\"@id\":\"https:\\\/\\\/www.sts-education.com\\\/fi\\\/vaihto-oppilas\\\/vaihto-oppilasvuoden-aikana\\\/asuminen-toisessa-maassa\\\/#primaryimage\",\"url\":\"https:\\\/\\\/cdn.sts-education.com\\\/12613_hero_lg_xl.jpg\",\"contentUrl\":\"https:\\\/\\\/cdn.sts-education.com\\\/12613_hero_lg_xl.jpg\"},{\"@type\":\"BreadcrumbList\",\"@id\":\"https:\\\/\\\/www.sts-education.com\\\/fi\\\/vaihto-oppilas\\\/vaihto-oppilasvuoden-aikana\\\/asuminen-toisessa-maassa\\\/#breadcrumb\",\"itemListElement\":[{\"@type\":\"ListItem\",\"position\":1,\"name\":\"Home\",\"item\":\"https:\\\/\\\/www.sts-education.com\\\/fi\\\/\"},{\"@type\":\"ListItem\",\"position\":2,\"name\":\"Vaihto-oppilas\",\"item\":\"https:\\\/\\\/www.sts-education.com\\\/fi\\\/vaihto-oppilas\\\/\"},{\"@type\":\"ListItem\",\"position\":3,\"name\":\"Vaihto Oppilasvuoden Aikana\",\"item\":\"https:\\\/\\\/www.sts-education.com\\\/fi\\\/vaihto-oppilas\\\/vaihto-oppilasvuoden-aikana\\\/\"},{\"@type\":\"ListItem\",\"position\":4,\"name\":\"Asuminen Toisessa Maassa\"}]},{\"@type\":\"WebSite\",\"@id\":\"https:\\\/\\\/www.sts-education.com\\\/fi\\\/#website\",\"url\":\"https:\\\/\\\/www.sts-education.com\\\/fi\\\/\",\"name\":\"STS Education\",\"description\":\"\",\"potentialAction\":[{\"@type\":\"SearchAction\",\"target\":{\"@type\":\"EntryPoint\",\"urlTemplate\":\"https:\\\/\\\/www.sts-education.com\\\/fi\\\/?s={search_term_string}\"},\"query-input\":{\"@type\":\"PropertyValueSpecification\",\"valueRequired\":true,\"valueName\":\"search_term_string\"}}],\"inLanguage\":\"fi\"}]}<\/script>\n<!-- \/ Yoast SEO Premium plugin. -->","yoast_head_json":{"title":"El\u00e4minen vieraassa maassa vaihto-oppilaana","description":"Asuminen toisessa maassa on erilaista kuin kotona, mutta se on my\u00f6s osa asian vieh\u00e4tyst\u00e4. Lyhytaikaisesta ulkomailla asumisesta on monenlaista hy\u00f6ty\u00e4.","robots":{"index":"index","follow":"follow","max-snippet":"max-snippet:-1","max-image-preview":"max-image-preview:large","max-video-preview":"max-video-preview:-1"},"canonical":"https:\/\/www.sts-education.com\/fi\/vaihto-oppilas\/vaihto-oppilasvuoden-aikana\/asuminen-toisessa-maassa\/","og_locale":"fi_FI","og_type":"article","og_title":"Asuminen Toisessa Maassa","og_description":"Asuminen toisessa maassa on erilaista kuin kotona, mutta se on my\u00f6s osa asian vieh\u00e4tyst\u00e4. Lyhytaikaisesta ulkomailla asumisesta on monenlaista hy\u00f6ty\u00e4.","og_url":"https:\/\/www.sts-education.com\/fi\/vaihto-oppilas\/vaihto-oppilasvuoden-aikana\/asuminen-toisessa-maassa\/","og_site_name":"STS Education","article_modified_time":"2026-04-14T09:49:01+00:00","og_image":[{"url":"https:\/\/cdn.sts-education.com\/12613_hero_lg_xl.jpg","type":"","width":"","height":""}],"twitter_card":"summary_large_image","twitter_misc":{"Arvioitu lukuaika":"2 minuuttia"},"schema":{"@context":"https:\/\/schema.org","@graph":[{"@type":"WebPage","@id":"https:\/\/www.sts-education.com\/fi\/vaihto-oppilas\/vaihto-oppilasvuoden-aikana\/asuminen-toisessa-maassa\/","url":"https:\/\/www.sts-education.com\/fi\/vaihto-oppilas\/vaihto-oppilasvuoden-aikana\/asuminen-toisessa-maassa\/","name":"El\u00e4minen vieraassa maassa vaihto-oppilaana","isPartOf":{"@id":"https:\/\/www.sts-education.com\/fi\/#website"},"primaryImageOfPage":{"@id":"https:\/\/www.sts-education.com\/fi\/vaihto-oppilas\/vaihto-oppilasvuoden-aikana\/asuminen-toisessa-maassa\/#primaryimage"},"image":{"@id":"https:\/\/www.sts-education.com\/fi\/vaihto-oppilas\/vaihto-oppilasvuoden-aikana\/asuminen-toisessa-maassa\/#primaryimage"},"thumbnailUrl":"https:\/\/cdn.sts-education.com\/12613_hero_lg_xl.jpg","datePublished":"2025-12-16T10:14:43+00:00","dateModified":"2026-04-14T09:49:01+00:00","description":"Asuminen toisessa maassa on erilaista kuin kotona, mutta se on my\u00f6s osa asian vieh\u00e4tyst\u00e4. Lyhytaikaisesta ulkomailla asumisesta on monenlaista hy\u00f6ty\u00e4.","breadcrumb":{"@id":"https:\/\/www.sts-education.com\/fi\/vaihto-oppilas\/vaihto-oppilasvuoden-aikana\/asuminen-toisessa-maassa\/#breadcrumb"},"inLanguage":"fi","potentialAction":[{"@type":"ReadAction","target":["https:\/\/www.sts-education.com\/fi\/vaihto-oppilas\/vaihto-oppilasvuoden-aikana\/asuminen-toisessa-maassa\/"]}]},{"@type":"ImageObject","inLanguage":"fi","@id":"https:\/\/www.sts-education.com\/fi\/vaihto-oppilas\/vaihto-oppilasvuoden-aikana\/asuminen-toisessa-maassa\/#primaryimage","url":"https:\/\/cdn.sts-education.com\/12613_hero_lg_xl.jpg","contentUrl":"https:\/\/cdn.sts-education.com\/12613_hero_lg_xl.jpg"},{"@type":"BreadcrumbList","@id":"https:\/\/www.sts-education.com\/fi\/vaihto-oppilas\/vaihto-oppilasvuoden-aikana\/asuminen-toisessa-maassa\/#breadcrumb","itemListElement":[{"@type":"ListItem","position":1,"name":"Home","item":"https:\/\/www.sts-education.com\/fi\/"},{"@type":"ListItem","position":2,"name":"Vaihto-oppilas","item":"https:\/\/www.sts-education.com\/fi\/vaihto-oppilas\/"},{"@type":"ListItem","position":3,"name":"Vaihto Oppilasvuoden Aikana","item":"https:\/\/www.sts-education.com\/fi\/vaihto-oppilas\/vaihto-oppilasvuoden-aikana\/"},{"@type":"ListItem","position":4,"name":"Asuminen Toisessa Maassa"}]},{"@type":"WebSite","@id":"https:\/\/www.sts-education.com\/fi\/#website","url":"https:\/\/www.sts-education.com\/fi\/","name":"STS Education","description":"","potentialAction":[{"@type":"SearchAction","target":{"@type":"EntryPoint","urlTemplate":"https:\/\/www.sts-education.com\/fi\/?s={search_term_string}"},"query-input":{"@type":"PropertyValueSpecification","valueRequired":true,"valueName":"search_term_string"}}],"inLanguage":"fi"}]}},"_links":{"self":[{"href":"https:\/\/www.sts-education.com\/fi\/wp-json\/wp\/v2\/pages\/10511","targetHints":{"allow":["GET"]}}],"collection":[{"href":"https:\/\/www.sts-education.com\/fi\/wp-json\/wp\/v2\/pages"}],"about":[{"href":"https:\/\/www.sts-education.com\/fi\/wp-json\/wp\/v2\/types\/page"}],"author":[{"embeddable":true,"href":"https:\/\/www.sts-education.com\/fi\/wp-json\/wp\/v2\/users\/20"}],"replies":[{"embeddable":true,"href":"https:\/\/www.sts-education.com\/fi\/wp-json\/wp\/v2\/comments?post=10511"}],"version-history":[{"count":4,"href":"https:\/\/www.sts-education.com\/fi\/wp-json\/wp\/v2\/pages\/10511\/revisions"}],"predecessor-version":[{"id":33125,"href":"https:\/\/www.sts-education.com\/fi\/wp-json\/wp\/v2\/pages\/10511\/revisions\/33125"}],"up":[{"embeddable":true,"href":"https:\/\/www.sts-education.com\/fi\/wp-json\/wp\/v2\/pages\/10474"}],"wp:attachment":[{"href":"https:\/\/www.sts-education.com\/fi\/wp-json\/wp\/v2\/media?parent=10511"}],"wp:term":[{"taxonomy":"wpw_page_folders","embeddable":true,"href":"https:\/\/www.sts-education.com\/fi\/wp-json\/wp\/v2\/wpw_page_folders?post=10511"}],"curies":[{"name":"wp","href":"https:\/\/api.w.org\/{rel}","templated":true}]}}