{"id":10512,"date":"2025-12-16T10:16:36","date_gmt":"2025-12-16T10:16:36","guid":{"rendered":"https:\/\/preprod.sts-education.com\/vaihto-oppilas\/vaihto-oppilasvuoden-aikana\/kotiin-palattuasi\/"},"modified":"2026-04-14T09:48:58","modified_gmt":"2026-04-14T09:48:58","slug":"kotiin-palattuasi","status":"publish","type":"page","link":"https:\/\/www.sts-education.com\/fi\/vaihto-oppilas\/vaihto-oppilasvuoden-aikana\/kotiin-palattuasi\/","title":{"rendered":"Kotiin Palattuasi"},"content":{"rendered":"\n<section class=\"wp-block-sts-hero sts-block-hero is-variant-full-background has-text-light has-background-media\" style=\"--sts-hero-padding-mobile:0px;--sts-hero-padding-desktop:0px;--sts-hero-text-color:var(--wp--preset--color--base-10, #fff);\" data-variant=\"full-background\"><div class=\"sts-block-hero__background\"><picture class=\"sts-responsive-image has-fit-cover is-skeleton\"><img src=\"https:\/\/cdn.sts-education.com\/12573_hero_lg_xl.jpg\" alt=\"Kotiin palattuasi\" loading=\"lazy\" decoding=\"async\" fetchpriority=\"low\" sizes=\"100vw\" \/><\/picture><span class=\"sts-block-hero__overlay\" aria-hidden=\"true\"><\/span><\/div><div class=\"sts-block-hero__inner\"><div class=\"sts-block-hero__content has-align-center\"><div class=\"sts-block-hero__content-inner\"><h1 class=\"sts-block-hero__heading\">Kotiin palattuasi<\/h1><\/div><\/div><\/div><\/section>\n\n\n\n<div class=\"wp-block-sts-text sts-text-editor has-max-width-md\"><div class=\"sts-text-editor__content\"><div class=\"sts-text-editor__content-inner\">\n<p>Palaat kotiin 10 p\u00e4iv\u00e4n kuluessa koulun p\u00e4\u00e4ttymisest\u00e4. Kaveriesi ja perheesi mielest\u00e4 olet luultavasti nyt eri ihminen kuin l\u00e4htiess\u00e4si, koska olet muuttunut ja saanut uusia n\u00e4k\u00f6kulmia. Vanhempasi saattavat my\u00f6s panna merkille, ett\u00e4 sinusta on tullut entist\u00e4 itsen\u00e4isempi, ja kaverit haluavat kuulla kaiken kokemuksistasi.<\/p>\n<p>Joskus vaihto-oppilas kokee kotiin palattuaan er\u00e4\u00e4nlaisen k\u00e4\u00e4nteisen kulttuurisokin ja ik\u00e4v\u00f6i is\u00e4nt\u00e4perhett\u00e4\u00e4n ja vaihtomaan kulttuuria. Silloin voi olla avuksi pit\u00e4\u00e4 yhteytt\u00e4 vaihtomaahan ja uusiin kavereihin siell\u00e4, mutta voit my\u00f6s osallistua uusille opiskelijoille j\u00e4rjest\u00e4miimme infotapaamisiin tai ryhty\u00e4 <a href=\"https:\/\/www.sts-education.com\/fi\/meista\/toihin-stslle\/\">STS Ambassadoriksi<\/a>.<\/p>\n<p>Yksi mahdollisuus on ryhty\u00e4 toimimaan <a href=\"https:\/\/www.sts-education.com\/fi\/meista\/toihin-stslle\/\">aluevalvojana<\/a> \u2013 tai tulla t\u00f6ihin meille STS:lle ja antaa muillekin tilaisuus kokea el\u00e4m\u00e4ns\u00e4 matka. T\u00e4\u00e4lt\u00e4 voit tutustua <a href=\"https:\/\/www.sts-education.com\/fi\/meista\/toihin-stslle\/\">avoimiin ty\u00f6paikkoihimme<\/a> ja mahdollisuuteen suorittaa harjoittelusi meill\u00e4.<\/p>\n<p><strong>Ja muistathan: \u201dDon\u2019t cry because it\u2019s over \u2013 smile because it happened.\u201d<\/strong><\/p>\n<h2>Palautteesi on meille t\u00e4rke\u00e4\u00e4!<\/h2>\n<p>Meist\u00e4 olisi hienoa kuulla vaihtovuotesi sujumisesta, ja n\u00e4kemyksesi ovat meille t\u00e4rkeit\u00e4. Kotiin palattuasi saat meilt\u00e4 s\u00e4hk\u00f6postitse kysymyksi\u00e4 kokemuksestasi. Kommenttisi ovat meille hyvin arvokkaita, sill\u00e4 haluamme parantaa ja kehitt\u00e4\u00e4 toimintaamme \u2013 ja se hy\u00f6dytt\u00e4\u00e4 tulevia vaihto-oppilaita.<\/p>\n<\/div><\/div><\/div>\n","protected":false},"excerpt":{"rendered":"","protected":false},"author":20,"featured_media":15518,"parent":10474,"menu_order":0,"comment_status":"closed","ping_status":"closed","template":"templates\/template-default-with-breadcrumbs.php","meta":{"_acf_changed":false,"sts_page_background_color":"","footnotes":""},"wpw_page_folders":[83],"class_list":["post-10512","page","type-page","status-publish","has-post-thumbnail","hentry"],"acf":[],"yoast_head":"<!-- This site is optimized with the Yoast SEO Premium plugin v27.2 (Yoast SEO v27.3) - https:\/\/yoast.com\/product\/yoast-seo-premium-wordpress\/ -->\n<title>Kun palaat kotiin vaihtovuotesi j\u00e4lkeen | STS<\/title>\n<meta name=\"description\" content=\"Jotkut oppilaat kokevat er\u00e4\u00e4nlaisen k\u00e4\u00e4nteisen kulttuurishokin palattuaan kotiin vaihdosta. He ik\u00e4v\u00f6iv\u00e4t is\u00e4nt\u00e4perhett\u00e4\u00e4n ja vaihtomaansa kulttuuria.\" \/>\n<meta name=\"robots\" content=\"index, follow, max-snippet:-1, max-image-preview:large, max-video-preview:-1\" \/>\n<link rel=\"canonical\" href=\"https:\/\/www.sts-education.com\/fi\/vaihto-oppilas\/vaihto-oppilasvuoden-aikana\/kotiin-palattuasi\/\" \/>\n<meta property=\"og:locale\" content=\"fi_FI\" \/>\n<meta property=\"og:type\" content=\"article\" \/>\n<meta property=\"og:title\" content=\"Kotiin Palattuasi\" \/>\n<meta property=\"og:description\" content=\"Jotkut oppilaat kokevat er\u00e4\u00e4nlaisen k\u00e4\u00e4nteisen kulttuurishokin palattuaan kotiin vaihdosta. He ik\u00e4v\u00f6iv\u00e4t is\u00e4nt\u00e4perhett\u00e4\u00e4n ja vaihtomaansa kulttuuria.\" \/>\n<meta property=\"og:url\" content=\"https:\/\/www.sts-education.com\/fi\/vaihto-oppilas\/vaihto-oppilasvuoden-aikana\/kotiin-palattuasi\/\" \/>\n<meta property=\"og:site_name\" content=\"STS Education\" \/>\n<meta property=\"article:modified_time\" content=\"2026-04-14T09:48:58+00:00\" \/>\n<meta property=\"og:image\" content=\"https:\/\/powered-by.qbank.se\/educatius\/sts\/\/282984b385d80166ba0d4f32a7843f53_1-1-thumb.webp\" \/>\n\t<meta property=\"og:image:width\" content=\"150\" \/>\n\t<meta property=\"og:image:height\" content=\"150\" \/>\n\t<meta property=\"og:image:type\" content=\"image\/jpeg\" \/>\n<meta name=\"twitter:card\" content=\"summary_large_image\" \/>\n<meta name=\"twitter:label1\" content=\"Arvioitu lukuaika\" \/>\n\t<meta name=\"twitter:data1\" content=\"1 minuutti\" \/>\n<script type=\"application\/ld+json\" class=\"yoast-schema-graph\">{\"@context\":\"https:\\\/\\\/schema.org\",\"@graph\":[{\"@type\":\"WebPage\",\"@id\":\"https:\\\/\\\/www.sts-education.com\\\/fi\\\/vaihto-oppilas\\\/vaihto-oppilasvuoden-aikana\\\/kotiin-palattuasi\\\/\",\"url\":\"https:\\\/\\\/www.sts-education.com\\\/fi\\\/vaihto-oppilas\\\/vaihto-oppilasvuoden-aikana\\\/kotiin-palattuasi\\\/\",\"name\":\"Kun palaat kotiin vaihtovuotesi j\u00e4lkeen | STS\",\"isPartOf\":{\"@id\":\"https:\\\/\\\/www.sts-education.com\\\/fi\\\/#website\"},\"primaryImageOfPage\":{\"@id\":\"https:\\\/\\\/www.sts-education.com\\\/fi\\\/vaihto-oppilas\\\/vaihto-oppilasvuoden-aikana\\\/kotiin-palattuasi\\\/#primaryimage\"},\"image\":{\"@id\":\"https:\\\/\\\/www.sts-education.com\\\/fi\\\/vaihto-oppilas\\\/vaihto-oppilasvuoden-aikana\\\/kotiin-palattuasi\\\/#primaryimage\"},\"thumbnailUrl\":\"https:\\\/\\\/powered-by.qbank.se\\\/educatius\\\/sts\\\/\\\/282984b385d80166ba0d4f32a7843f53_1-1-thumb.webp\",\"datePublished\":\"2025-12-16T10:16:36+00:00\",\"dateModified\":\"2026-04-14T09:48:58+00:00\",\"description\":\"Jotkut oppilaat kokevat er\u00e4\u00e4nlaisen k\u00e4\u00e4nteisen kulttuurishokin palattuaan kotiin vaihdosta. He ik\u00e4v\u00f6iv\u00e4t is\u00e4nt\u00e4perhett\u00e4\u00e4n ja vaihtomaansa kulttuuria.\",\"breadcrumb\":{\"@id\":\"https:\\\/\\\/www.sts-education.com\\\/fi\\\/vaihto-oppilas\\\/vaihto-oppilasvuoden-aikana\\\/kotiin-palattuasi\\\/#breadcrumb\"},\"inLanguage\":\"fi\",\"potentialAction\":[{\"@type\":\"ReadAction\",\"target\":[\"https:\\\/\\\/www.sts-education.com\\\/fi\\\/vaihto-oppilas\\\/vaihto-oppilasvuoden-aikana\\\/kotiin-palattuasi\\\/\"]}]},{\"@type\":\"ImageObject\",\"inLanguage\":\"fi\",\"@id\":\"https:\\\/\\\/www.sts-education.com\\\/fi\\\/vaihto-oppilas\\\/vaihto-oppilasvuoden-aikana\\\/kotiin-palattuasi\\\/#primaryimage\",\"url\":\"https:\\\/\\\/powered-by.qbank.se\\\/educatius\\\/sts\\\/\\\/282984b385d80166ba0d4f32a7843f53_1-1-thumb.webp\",\"contentUrl\":\"https:\\\/\\\/powered-by.qbank.se\\\/educatius\\\/sts\\\/\\\/282984b385d80166ba0d4f32a7843f53_1-1-thumb.webp\",\"width\":150,\"height\":150},{\"@type\":\"BreadcrumbList\",\"@id\":\"https:\\\/\\\/www.sts-education.com\\\/fi\\\/vaihto-oppilas\\\/vaihto-oppilasvuoden-aikana\\\/kotiin-palattuasi\\\/#breadcrumb\",\"itemListElement\":[{\"@type\":\"ListItem\",\"position\":1,\"name\":\"Home\",\"item\":\"https:\\\/\\\/www.sts-education.com\\\/fi\\\/\"},{\"@type\":\"ListItem\",\"position\":2,\"name\":\"Vaihto-oppilas\",\"item\":\"https:\\\/\\\/www.sts-education.com\\\/fi\\\/vaihto-oppilas\\\/\"},{\"@type\":\"ListItem\",\"position\":3,\"name\":\"Vaihto Oppilasvuoden Aikana\",\"item\":\"https:\\\/\\\/www.sts-education.com\\\/fi\\\/vaihto-oppilas\\\/vaihto-oppilasvuoden-aikana\\\/\"},{\"@type\":\"ListItem\",\"position\":4,\"name\":\"Kotiin Palattuasi\"}]},{\"@type\":\"WebSite\",\"@id\":\"https:\\\/\\\/www.sts-education.com\\\/fi\\\/#website\",\"url\":\"https:\\\/\\\/www.sts-education.com\\\/fi\\\/\",\"name\":\"STS Education\",\"description\":\"\",\"potentialAction\":[{\"@type\":\"SearchAction\",\"target\":{\"@type\":\"EntryPoint\",\"urlTemplate\":\"https:\\\/\\\/www.sts-education.com\\\/fi\\\/?s={search_term_string}\"},\"query-input\":{\"@type\":\"PropertyValueSpecification\",\"valueRequired\":true,\"valueName\":\"search_term_string\"}}],\"inLanguage\":\"fi\"}]}<\/script>\n<!-- \/ Yoast SEO Premium plugin. -->","yoast_head_json":{"title":"Kun palaat kotiin vaihtovuotesi j\u00e4lkeen | STS","description":"Jotkut oppilaat kokevat er\u00e4\u00e4nlaisen k\u00e4\u00e4nteisen kulttuurishokin palattuaan kotiin vaihdosta. He ik\u00e4v\u00f6iv\u00e4t is\u00e4nt\u00e4perhett\u00e4\u00e4n ja vaihtomaansa kulttuuria.","robots":{"index":"index","follow":"follow","max-snippet":"max-snippet:-1","max-image-preview":"max-image-preview:large","max-video-preview":"max-video-preview:-1"},"canonical":"https:\/\/www.sts-education.com\/fi\/vaihto-oppilas\/vaihto-oppilasvuoden-aikana\/kotiin-palattuasi\/","og_locale":"fi_FI","og_type":"article","og_title":"Kotiin Palattuasi","og_description":"Jotkut oppilaat kokevat er\u00e4\u00e4nlaisen k\u00e4\u00e4nteisen kulttuurishokin palattuaan kotiin vaihdosta. He ik\u00e4v\u00f6iv\u00e4t is\u00e4nt\u00e4perhett\u00e4\u00e4n ja vaihtomaansa kulttuuria.","og_url":"https:\/\/www.sts-education.com\/fi\/vaihto-oppilas\/vaihto-oppilasvuoden-aikana\/kotiin-palattuasi\/","og_site_name":"STS Education","article_modified_time":"2026-04-14T09:48:58+00:00","og_image":[{"width":150,"height":150,"url":"https:\/\/powered-by.qbank.se\/educatius\/sts\/\/282984b385d80166ba0d4f32a7843f53_1-1-thumb.webp","type":"image\/jpeg"}],"twitter_card":"summary_large_image","twitter_misc":{"Arvioitu lukuaika":"1 minuutti"},"schema":{"@context":"https:\/\/schema.org","@graph":[{"@type":"WebPage","@id":"https:\/\/www.sts-education.com\/fi\/vaihto-oppilas\/vaihto-oppilasvuoden-aikana\/kotiin-palattuasi\/","url":"https:\/\/www.sts-education.com\/fi\/vaihto-oppilas\/vaihto-oppilasvuoden-aikana\/kotiin-palattuasi\/","name":"Kun palaat kotiin vaihtovuotesi j\u00e4lkeen | STS","isPartOf":{"@id":"https:\/\/www.sts-education.com\/fi\/#website"},"primaryImageOfPage":{"@id":"https:\/\/www.sts-education.com\/fi\/vaihto-oppilas\/vaihto-oppilasvuoden-aikana\/kotiin-palattuasi\/#primaryimage"},"image":{"@id":"https:\/\/www.sts-education.com\/fi\/vaihto-oppilas\/vaihto-oppilasvuoden-aikana\/kotiin-palattuasi\/#primaryimage"},"thumbnailUrl":"https:\/\/powered-by.qbank.se\/educatius\/sts\/\/282984b385d80166ba0d4f32a7843f53_1-1-thumb.webp","datePublished":"2025-12-16T10:16:36+00:00","dateModified":"2026-04-14T09:48:58+00:00","description":"Jotkut oppilaat kokevat er\u00e4\u00e4nlaisen k\u00e4\u00e4nteisen kulttuurishokin palattuaan kotiin vaihdosta. He ik\u00e4v\u00f6iv\u00e4t is\u00e4nt\u00e4perhett\u00e4\u00e4n ja vaihtomaansa kulttuuria.","breadcrumb":{"@id":"https:\/\/www.sts-education.com\/fi\/vaihto-oppilas\/vaihto-oppilasvuoden-aikana\/kotiin-palattuasi\/#breadcrumb"},"inLanguage":"fi","potentialAction":[{"@type":"ReadAction","target":["https:\/\/www.sts-education.com\/fi\/vaihto-oppilas\/vaihto-oppilasvuoden-aikana\/kotiin-palattuasi\/"]}]},{"@type":"ImageObject","inLanguage":"fi","@id":"https:\/\/www.sts-education.com\/fi\/vaihto-oppilas\/vaihto-oppilasvuoden-aikana\/kotiin-palattuasi\/#primaryimage","url":"https:\/\/powered-by.qbank.se\/educatius\/sts\/\/282984b385d80166ba0d4f32a7843f53_1-1-thumb.webp","contentUrl":"https:\/\/powered-by.qbank.se\/educatius\/sts\/\/282984b385d80166ba0d4f32a7843f53_1-1-thumb.webp","width":150,"height":150},{"@type":"BreadcrumbList","@id":"https:\/\/www.sts-education.com\/fi\/vaihto-oppilas\/vaihto-oppilasvuoden-aikana\/kotiin-palattuasi\/#breadcrumb","itemListElement":[{"@type":"ListItem","position":1,"name":"Home","item":"https:\/\/www.sts-education.com\/fi\/"},{"@type":"ListItem","position":2,"name":"Vaihto-oppilas","item":"https:\/\/www.sts-education.com\/fi\/vaihto-oppilas\/"},{"@type":"ListItem","position":3,"name":"Vaihto Oppilasvuoden Aikana","item":"https:\/\/www.sts-education.com\/fi\/vaihto-oppilas\/vaihto-oppilasvuoden-aikana\/"},{"@type":"ListItem","position":4,"name":"Kotiin Palattuasi"}]},{"@type":"WebSite","@id":"https:\/\/www.sts-education.com\/fi\/#website","url":"https:\/\/www.sts-education.com\/fi\/","name":"STS Education","description":"","potentialAction":[{"@type":"SearchAction","target":{"@type":"EntryPoint","urlTemplate":"https:\/\/www.sts-education.com\/fi\/?s={search_term_string}"},"query-input":{"@type":"PropertyValueSpecification","valueRequired":true,"valueName":"search_term_string"}}],"inLanguage":"fi"}]}},"_links":{"self":[{"href":"https:\/\/www.sts-education.com\/fi\/wp-json\/wp\/v2\/pages\/10512","targetHints":{"allow":["GET"]}}],"collection":[{"href":"https:\/\/www.sts-education.com\/fi\/wp-json\/wp\/v2\/pages"}],"about":[{"href":"https:\/\/www.sts-education.com\/fi\/wp-json\/wp\/v2\/types\/page"}],"author":[{"embeddable":true,"href":"https:\/\/www.sts-education.com\/fi\/wp-json\/wp\/v2\/users\/20"}],"replies":[{"embeddable":true,"href":"https:\/\/www.sts-education.com\/fi\/wp-json\/wp\/v2\/comments?post=10512"}],"version-history":[{"count":4,"href":"https:\/\/www.sts-education.com\/fi\/wp-json\/wp\/v2\/pages\/10512\/revisions"}],"predecessor-version":[{"id":33123,"href":"https:\/\/www.sts-education.com\/fi\/wp-json\/wp\/v2\/pages\/10512\/revisions\/33123"}],"up":[{"embeddable":true,"href":"https:\/\/www.sts-education.com\/fi\/wp-json\/wp\/v2\/pages\/10474"}],"wp:featuredmedia":[{"embeddable":true,"href":"https:\/\/www.sts-education.com\/fi\/wp-json\/wp\/v2\/media\/15518"}],"wp:attachment":[{"href":"https:\/\/www.sts-education.com\/fi\/wp-json\/wp\/v2\/media?parent=10512"}],"wp:term":[{"taxonomy":"wpw_page_folders","embeddable":true,"href":"https:\/\/www.sts-education.com\/fi\/wp-json\/wp\/v2\/wpw_page_folders?post=10512"}],"curies":[{"name":"wp","href":"https:\/\/api.w.org\/{rel}","templated":true}]}}