{"id":10513,"date":"2025-12-16T10:15:33","date_gmt":"2025-12-16T10:15:33","guid":{"rendered":"https:\/\/preprod.sts-education.com\/vaihto-oppilas\/vaihto-oppilasvuoden-aikana\/koulu-ja-vapaa-aika\/"},"modified":"2026-04-01T01:29:41","modified_gmt":"2026-04-01T01:29:41","slug":"koulu-ja-vapaa-aika","status":"publish","type":"page","link":"https:\/\/www.sts-education.com\/fi\/vaihto-oppilas\/vaihto-oppilasvuoden-aikana\/koulu-ja-vapaa-aika\/","title":{"rendered":"Koulu Ja Vapaa Aika"},"content":{"rendered":"\n<section class=\"wp-block-sts-hero sts-block-hero is-variant-full-background has-text-light has-background-media\" style=\"--sts-hero-padding-mobile:0px;--sts-hero-padding-desktop:0px;--sts-hero-text-color:var(--wp--preset--color--base-10, #fff);\" data-variant=\"full-background\"><div class=\"sts-block-hero__background\"><picture class=\"sts-responsive-image has-fit-cover is-skeleton\"><img src=\"https:\/\/cdn.sts-education.com\/12572_hero_lg_xl.jpg\" alt=\"Koulu ja vapaa-aika\" loading=\"lazy\" decoding=\"async\" fetchpriority=\"low\" sizes=\"100vw\" \/><\/picture><span class=\"sts-block-hero__overlay\" aria-hidden=\"true\"><\/span><\/div><div class=\"sts-block-hero__inner\"><div class=\"sts-block-hero__content has-align-center\"><div class=\"sts-block-hero__content-inner\"><h1 class=\"sts-block-hero__heading\">Koulu ja vapaa-aika<\/h1><\/div><\/div><\/div><\/section>\n\n\n\n<div class=\"wp-block-sts-text sts-text-editor has-max-width-md\"><div class=\"sts-text-editor__content\"><div class=\"sts-text-editor__content-inner\">\n<h2>Uusi koulusi<\/h2>\n\n<p>Koe eroavaisuudet! Mihin sitten oletkin tottunut, uusi koulusi on taatusti jotain muuta. Ja toisen maan kouluj\u00e4rjestelm\u00e4\u00e4n tutustuminen on todella kiinnostavaa! Pian olet tottunut erilaisiin rutiineihin, kuten miten opettajia tervehdit\u00e4\u00e4n ja miten l\u00f6yd\u00e4t seuraavalle tunnillesi. On t\u00e4rke\u00e4\u00e4, ett\u00e4 noudatat koulun s\u00e4\u00e4nt\u00f6j\u00e4 ja tulet ajoissa tunneille. Useimmissa kouluissa oppilaat pukeutuvat tavallisiin vaatteisiin, mutta joissakin on k\u00e4yt\u00f6ss\u00e4 koulupuku. Se riippuu aivan siit\u00e4, mihin kouluun p\u00e4\u00e4dyt. Vaihto-opiskelijan on erityisen hauskaa kertoa omasta kotimaasta muille. Se kiinnostaa opettajaasi ja luokkatovereitasi.<\/p>\n\n<p>Uuden kielen oppiminen uudessa ymp\u00e4rist\u00f6ss\u00e4 on hauskaa ja j\u00e4nnitt\u00e4v\u00e4\u00e4, ja kotiinpaluun hetkell\u00e4 moni osaa puhua kielt\u00e4 t\u00e4ysin sujuvasti. Kielitaidosta on hy\u00f6ty\u00e4 koko loppuel\u00e4m\u00e4si ajan.<\/p>\n\n<p>El\u00e4m\u00e4si on silti paljon muutakin kuin koulunk\u00e4ynti\u00e4. Aikaa j\u00e4\u00e4 runsaasti my\u00f6s harrastuksiin, liikuntaan ja retkiin, joiden my\u00f6t\u00e4 kasvat viel\u00e4kin enemm\u00e4n vuoden aikana. Voit olla varma siit\u00e4, ett\u00e4 vaihto-oppilasvuosi avaa sinulle monia uusia ovia.<\/p>\n\n<h2>Vapaa-aika<\/h2>\n\n<p>Vapaa-ajalla sinulla on tilaisuus oppia tuntemaan uusi kotimaasi. Voit tehd\u00e4 retki\u00e4, k\u00e4yd\u00e4 k\u00e4velyll\u00e4 tai viett\u00e4\u00e4 aikaa uusien kaveriesi kanssa. Liity jalkapallojoukkueeseen, soita b\u00e4ndiss\u00e4, osallistu tanssiryhm\u00e4n harjoituksiin, tee vapaaehtoisty\u00f6t\u00e4 tai k\u00e4y kaverien kanssa kahvilla. P\u00e4\u00e4asia on tutustua uusiin ihmisiin, viett\u00e4\u00e4 aikaa heid\u00e4n kanssaan ja k\u00e4ytt\u00e4\u00e4 vapaa-aikasi viisaasti.<\/p>\n\n<p>Monien maiden kouluissa j\u00e4rjestet\u00e4\u00e4n vapaa-ajantoimintaa, jolloin p\u00e4\u00e4set harrastamaan lempilajiasi tai kokeilemaan jotain uutta. My\u00f6s is\u00e4nt\u00e4perheesi, luokkatoverisi ja aluevalvoja ovat tietenkin avuksi ja esittelev\u00e4t sinulle asuinalueesi helmi\u00e4.<\/p>\n\n<p>Usein saat my\u00f6s tilaisuuksia l\u00e4hte\u00e4 nimenomaan vaihto-oppilaille j\u00e4rjestetyille matkoille ja retkille. Pyyd\u00e4 lis\u00e4tietoja aluevalvojalta saavuttuasi paikan p\u00e4\u00e4lle.<\/p>\n\n<h3>K\u00e4ytt\u00f6rahat vaihto-oppilasvuoden aikan<\/h3>\n\n<p>STS suosittelee, ett\u00e4 k\u00e4yt\u00f6ss\u00e4si on vaihtarivuoden aikana noin 400 $\/300 \u20ac kuukaudessa. Ota huomioon, ett\u00e4 alussa kustannuksia voi olla enemm\u00e4nkin, kun on aika hankkia koulukirjoja, maksaa j\u00e4senmaksuja ja ehk\u00e4 ostaa bussilippu tai muuta tarpeellista. (USA:ssa koulubussi on ilmainen.) Is\u00e4nt\u00e4perhe ei vastaa esimerkiksi vapaa-ajanharrastusten, matkojen, vaatteiden ja hygieniatuotteiden kuluista.<\/p>\n\n<p>Muistathan, ettei sinun pid\u00e4 koskaan lainata rahaa kenelt\u00e4k\u00e4\u00e4n tai kenellek\u00e4\u00e4n oleskelusi aikana, kaverit ja is\u00e4nt\u00e4perheesi mukaan luettuina. Se voi helposti johtaa v\u00e4\u00e4rink\u00e4sityksiin.<\/p>\n<\/div><\/div><\/div>\n\n","protected":false},"excerpt":{"rendered":"","protected":false},"author":20,"featured_media":0,"parent":10474,"menu_order":0,"comment_status":"closed","ping_status":"closed","template":"","meta":{"_acf_changed":false,"sts_page_background_color":"","footnotes":""},"wpw_page_folders":[83],"class_list":["post-10513","page","type-page","status-publish","hentry"],"acf":[],"yoast_head":"<!-- This site is optimized with the Yoast SEO Premium plugin v27.2 (Yoast SEO v27.3) - https:\/\/yoast.com\/product\/yoast-seo-premium-wordpress\/ -->\n<title>J\u00e4nnitt\u00e4v\u00e4 vaihtovuosi, jossa keskityt\u00e4\u00e4n oppimiseen ja vapaa-aikaan<\/title>\n<meta name=\"description\" content=\"Sinulla on runsaasti aikaa aktiviteetteihin, harrastuksiin ja retkiin, jotka auttavat sinua kehittym\u00e4\u00e4n vaihtosi aikana.\" \/>\n<meta name=\"robots\" content=\"index, follow, max-snippet:-1, max-image-preview:large, max-video-preview:-1\" \/>\n<link rel=\"canonical\" href=\"https:\/\/www.sts-education.com\/fi\/vaihto-oppilas\/vaihto-oppilasvuoden-aikana\/koulu-ja-vapaa-aika\/\" \/>\n<meta property=\"og:locale\" content=\"fi_FI\" \/>\n<meta property=\"og:type\" content=\"article\" \/>\n<meta property=\"og:title\" content=\"Koulu Ja Vapaa Aika\" \/>\n<meta property=\"og:description\" content=\"Sinulla on runsaasti aikaa aktiviteetteihin, harrastuksiin ja retkiin, jotka auttavat sinua kehittym\u00e4\u00e4n vaihtosi aikana.\" \/>\n<meta property=\"og:url\" content=\"https:\/\/www.sts-education.com\/fi\/vaihto-oppilas\/vaihto-oppilasvuoden-aikana\/koulu-ja-vapaa-aika\/\" \/>\n<meta property=\"og:site_name\" content=\"STS Education\" \/>\n<meta property=\"article:modified_time\" content=\"2026-04-01T01:29:41+00:00\" \/>\n<meta property=\"og:image\" content=\"https:\/\/cdn.sts-education.com\/12572_hero_lg_xl.jpg\" \/>\n<meta name=\"twitter:card\" content=\"summary_large_image\" \/>\n<meta name=\"twitter:label1\" content=\"Arvioitu lukuaika\" \/>\n\t<meta name=\"twitter:data1\" content=\"2 minuuttia\" \/>\n<script type=\"application\/ld+json\" class=\"yoast-schema-graph\">{\"@context\":\"https:\\\/\\\/schema.org\",\"@graph\":[{\"@type\":\"WebPage\",\"@id\":\"https:\\\/\\\/www.sts-education.com\\\/fi\\\/vaihto-oppilas\\\/vaihto-oppilasvuoden-aikana\\\/koulu-ja-vapaa-aika\\\/\",\"url\":\"https:\\\/\\\/www.sts-education.com\\\/fi\\\/vaihto-oppilas\\\/vaihto-oppilasvuoden-aikana\\\/koulu-ja-vapaa-aika\\\/\",\"name\":\"J\u00e4nnitt\u00e4v\u00e4 vaihtovuosi, jossa keskityt\u00e4\u00e4n oppimiseen ja vapaa-aikaan\",\"isPartOf\":{\"@id\":\"https:\\\/\\\/www.sts-education.com\\\/fi\\\/#website\"},\"primaryImageOfPage\":{\"@id\":\"https:\\\/\\\/www.sts-education.com\\\/fi\\\/vaihto-oppilas\\\/vaihto-oppilasvuoden-aikana\\\/koulu-ja-vapaa-aika\\\/#primaryimage\"},\"image\":{\"@id\":\"https:\\\/\\\/www.sts-education.com\\\/fi\\\/vaihto-oppilas\\\/vaihto-oppilasvuoden-aikana\\\/koulu-ja-vapaa-aika\\\/#primaryimage\"},\"thumbnailUrl\":\"https:\\\/\\\/cdn.sts-education.com\\\/12572_hero_lg_xl.jpg\",\"datePublished\":\"2025-12-16T10:15:33+00:00\",\"dateModified\":\"2026-04-01T01:29:41+00:00\",\"description\":\"Sinulla on runsaasti aikaa aktiviteetteihin, harrastuksiin ja retkiin, jotka auttavat sinua kehittym\u00e4\u00e4n vaihtosi aikana.\",\"breadcrumb\":{\"@id\":\"https:\\\/\\\/www.sts-education.com\\\/fi\\\/vaihto-oppilas\\\/vaihto-oppilasvuoden-aikana\\\/koulu-ja-vapaa-aika\\\/#breadcrumb\"},\"inLanguage\":\"fi\",\"potentialAction\":[{\"@type\":\"ReadAction\",\"target\":[\"https:\\\/\\\/www.sts-education.com\\\/fi\\\/vaihto-oppilas\\\/vaihto-oppilasvuoden-aikana\\\/koulu-ja-vapaa-aika\\\/\"]}]},{\"@type\":\"ImageObject\",\"inLanguage\":\"fi\",\"@id\":\"https:\\\/\\\/www.sts-education.com\\\/fi\\\/vaihto-oppilas\\\/vaihto-oppilasvuoden-aikana\\\/koulu-ja-vapaa-aika\\\/#primaryimage\",\"url\":\"https:\\\/\\\/cdn.sts-education.com\\\/12572_hero_lg_xl.jpg\",\"contentUrl\":\"https:\\\/\\\/cdn.sts-education.com\\\/12572_hero_lg_xl.jpg\"},{\"@type\":\"BreadcrumbList\",\"@id\":\"https:\\\/\\\/www.sts-education.com\\\/fi\\\/vaihto-oppilas\\\/vaihto-oppilasvuoden-aikana\\\/koulu-ja-vapaa-aika\\\/#breadcrumb\",\"itemListElement\":[{\"@type\":\"ListItem\",\"position\":1,\"name\":\"Home\",\"item\":\"https:\\\/\\\/www.sts-education.com\\\/fi\\\/\"},{\"@type\":\"ListItem\",\"position\":2,\"name\":\"Vaihto-oppilas\",\"item\":\"https:\\\/\\\/www.sts-education.com\\\/fi\\\/vaihto-oppilas\\\/\"},{\"@type\":\"ListItem\",\"position\":3,\"name\":\"Vaihto Oppilasvuoden Aikana\",\"item\":\"https:\\\/\\\/www.sts-education.com\\\/fi\\\/vaihto-oppilas\\\/vaihto-oppilasvuoden-aikana\\\/\"},{\"@type\":\"ListItem\",\"position\":4,\"name\":\"Koulu Ja Vapaa Aika\"}]},{\"@type\":\"WebSite\",\"@id\":\"https:\\\/\\\/www.sts-education.com\\\/fi\\\/#website\",\"url\":\"https:\\\/\\\/www.sts-education.com\\\/fi\\\/\",\"name\":\"STS Education\",\"description\":\"\",\"potentialAction\":[{\"@type\":\"SearchAction\",\"target\":{\"@type\":\"EntryPoint\",\"urlTemplate\":\"https:\\\/\\\/www.sts-education.com\\\/fi\\\/?s={search_term_string}\"},\"query-input\":{\"@type\":\"PropertyValueSpecification\",\"valueRequired\":true,\"valueName\":\"search_term_string\"}}],\"inLanguage\":\"fi\"}]}<\/script>\n<!-- \/ Yoast SEO Premium plugin. -->","yoast_head_json":{"title":"J\u00e4nnitt\u00e4v\u00e4 vaihtovuosi, jossa keskityt\u00e4\u00e4n oppimiseen ja vapaa-aikaan","description":"Sinulla on runsaasti aikaa aktiviteetteihin, harrastuksiin ja retkiin, jotka auttavat sinua kehittym\u00e4\u00e4n vaihtosi aikana.","robots":{"index":"index","follow":"follow","max-snippet":"max-snippet:-1","max-image-preview":"max-image-preview:large","max-video-preview":"max-video-preview:-1"},"canonical":"https:\/\/www.sts-education.com\/fi\/vaihto-oppilas\/vaihto-oppilasvuoden-aikana\/koulu-ja-vapaa-aika\/","og_locale":"fi_FI","og_type":"article","og_title":"Koulu Ja Vapaa Aika","og_description":"Sinulla on runsaasti aikaa aktiviteetteihin, harrastuksiin ja retkiin, jotka auttavat sinua kehittym\u00e4\u00e4n vaihtosi aikana.","og_url":"https:\/\/www.sts-education.com\/fi\/vaihto-oppilas\/vaihto-oppilasvuoden-aikana\/koulu-ja-vapaa-aika\/","og_site_name":"STS Education","article_modified_time":"2026-04-01T01:29:41+00:00","og_image":[{"url":"https:\/\/cdn.sts-education.com\/12572_hero_lg_xl.jpg","type":"","width":"","height":""}],"twitter_card":"summary_large_image","twitter_misc":{"Arvioitu lukuaika":"2 minuuttia"},"schema":{"@context":"https:\/\/schema.org","@graph":[{"@type":"WebPage","@id":"https:\/\/www.sts-education.com\/fi\/vaihto-oppilas\/vaihto-oppilasvuoden-aikana\/koulu-ja-vapaa-aika\/","url":"https:\/\/www.sts-education.com\/fi\/vaihto-oppilas\/vaihto-oppilasvuoden-aikana\/koulu-ja-vapaa-aika\/","name":"J\u00e4nnitt\u00e4v\u00e4 vaihtovuosi, jossa keskityt\u00e4\u00e4n oppimiseen ja vapaa-aikaan","isPartOf":{"@id":"https:\/\/www.sts-education.com\/fi\/#website"},"primaryImageOfPage":{"@id":"https:\/\/www.sts-education.com\/fi\/vaihto-oppilas\/vaihto-oppilasvuoden-aikana\/koulu-ja-vapaa-aika\/#primaryimage"},"image":{"@id":"https:\/\/www.sts-education.com\/fi\/vaihto-oppilas\/vaihto-oppilasvuoden-aikana\/koulu-ja-vapaa-aika\/#primaryimage"},"thumbnailUrl":"https:\/\/cdn.sts-education.com\/12572_hero_lg_xl.jpg","datePublished":"2025-12-16T10:15:33+00:00","dateModified":"2026-04-01T01:29:41+00:00","description":"Sinulla on runsaasti aikaa aktiviteetteihin, harrastuksiin ja retkiin, jotka auttavat sinua kehittym\u00e4\u00e4n vaihtosi aikana.","breadcrumb":{"@id":"https:\/\/www.sts-education.com\/fi\/vaihto-oppilas\/vaihto-oppilasvuoden-aikana\/koulu-ja-vapaa-aika\/#breadcrumb"},"inLanguage":"fi","potentialAction":[{"@type":"ReadAction","target":["https:\/\/www.sts-education.com\/fi\/vaihto-oppilas\/vaihto-oppilasvuoden-aikana\/koulu-ja-vapaa-aika\/"]}]},{"@type":"ImageObject","inLanguage":"fi","@id":"https:\/\/www.sts-education.com\/fi\/vaihto-oppilas\/vaihto-oppilasvuoden-aikana\/koulu-ja-vapaa-aika\/#primaryimage","url":"https:\/\/cdn.sts-education.com\/12572_hero_lg_xl.jpg","contentUrl":"https:\/\/cdn.sts-education.com\/12572_hero_lg_xl.jpg"},{"@type":"BreadcrumbList","@id":"https:\/\/www.sts-education.com\/fi\/vaihto-oppilas\/vaihto-oppilasvuoden-aikana\/koulu-ja-vapaa-aika\/#breadcrumb","itemListElement":[{"@type":"ListItem","position":1,"name":"Home","item":"https:\/\/www.sts-education.com\/fi\/"},{"@type":"ListItem","position":2,"name":"Vaihto-oppilas","item":"https:\/\/www.sts-education.com\/fi\/vaihto-oppilas\/"},{"@type":"ListItem","position":3,"name":"Vaihto Oppilasvuoden Aikana","item":"https:\/\/www.sts-education.com\/fi\/vaihto-oppilas\/vaihto-oppilasvuoden-aikana\/"},{"@type":"ListItem","position":4,"name":"Koulu Ja Vapaa Aika"}]},{"@type":"WebSite","@id":"https:\/\/www.sts-education.com\/fi\/#website","url":"https:\/\/www.sts-education.com\/fi\/","name":"STS Education","description":"","potentialAction":[{"@type":"SearchAction","target":{"@type":"EntryPoint","urlTemplate":"https:\/\/www.sts-education.com\/fi\/?s={search_term_string}"},"query-input":{"@type":"PropertyValueSpecification","valueRequired":true,"valueName":"search_term_string"}}],"inLanguage":"fi"}]}},"_links":{"self":[{"href":"https:\/\/www.sts-education.com\/fi\/wp-json\/wp\/v2\/pages\/10513","targetHints":{"allow":["GET"]}}],"collection":[{"href":"https:\/\/www.sts-education.com\/fi\/wp-json\/wp\/v2\/pages"}],"about":[{"href":"https:\/\/www.sts-education.com\/fi\/wp-json\/wp\/v2\/types\/page"}],"author":[{"embeddable":true,"href":"https:\/\/www.sts-education.com\/fi\/wp-json\/wp\/v2\/users\/20"}],"replies":[{"embeddable":true,"href":"https:\/\/www.sts-education.com\/fi\/wp-json\/wp\/v2\/comments?post=10513"}],"version-history":[{"count":2,"href":"https:\/\/www.sts-education.com\/fi\/wp-json\/wp\/v2\/pages\/10513\/revisions"}],"predecessor-version":[{"id":20157,"href":"https:\/\/www.sts-education.com\/fi\/wp-json\/wp\/v2\/pages\/10513\/revisions\/20157"}],"up":[{"embeddable":true,"href":"https:\/\/www.sts-education.com\/fi\/wp-json\/wp\/v2\/pages\/10474"}],"wp:attachment":[{"href":"https:\/\/www.sts-education.com\/fi\/wp-json\/wp\/v2\/media?parent=10513"}],"wp:term":[{"taxonomy":"wpw_page_folders","embeddable":true,"href":"https:\/\/www.sts-education.com\/fi\/wp-json\/wp\/v2\/wpw_page_folders?post=10513"}],"curies":[{"name":"wp","href":"https:\/\/api.w.org\/{rel}","templated":true}]}}