{"id":10514,"date":"2025-12-16T10:12:41","date_gmt":"2025-12-16T10:12:41","guid":{"rendered":"https:\/\/preprod.sts-education.com\/vaihto-oppilas\/vaihto-oppilasvuoden-aikana\/matkustaminen-kohteeseesi\/"},"modified":"2026-04-01T01:28:04","modified_gmt":"2026-04-01T01:28:04","slug":"matkustaminen-kohteeseesi","status":"publish","type":"page","link":"https:\/\/www.sts-education.com\/fi\/vaihto-oppilas\/vaihto-oppilasvuoden-aikana\/matkustaminen-kohteeseesi\/","title":{"rendered":"Matkustaminen Kohteeseesi"},"content":{"rendered":"\n<section class=\"wp-block-sts-hero sts-block-hero is-variant-full-background has-text-light has-background-media\" style=\"--sts-hero-padding-mobile:0px;--sts-hero-padding-desktop:0px;--sts-hero-text-color:var(--wp--preset--color--base-10, #fff);\" data-variant=\"full-background\"><div class=\"sts-block-hero__background\"><picture class=\"sts-responsive-image has-fit-cover is-skeleton\"><img src=\"https:\/\/cdn.sts-education.com\/12568_hero_lg_xl.jpg\" alt=\"Matkustaminen kohteeseesi\" loading=\"lazy\" decoding=\"async\" fetchpriority=\"low\" sizes=\"100vw\" \/><\/picture><span class=\"sts-block-hero__overlay\" aria-hidden=\"true\"><\/span><\/div><div class=\"sts-block-hero__inner\"><div class=\"sts-block-hero__content has-align-center\"><div class=\"sts-block-hero__content-inner\"><h1 class=\"sts-block-hero__heading\">Matkustaminen kohteeseesi<\/h1><\/div><\/div><\/div><\/section>\n\n\n\n<div class=\"wp-block-sts-text sts-text-editor has-max-width-md\"><div class=\"sts-text-editor__content\"><div class=\"sts-text-editor__content-inner\">\n<p>Useimmat vaihto-oppilaat matkustavat kohteeseensa yksin, koska heist\u00e4 jokainen l\u00e4htee matkaan eri puolilta maata. M\u00e4\u00e4r\u00e4np\u00e4\u00e4st\u00e4 ja muiden samaan kohteeseen l\u00e4htevien m\u00e4\u00e4r\u00e4st\u00e4 riippuen reitin varrella voi kohdata muitakin, joilla on sama matka.<\/p>\n\n<p>Uuteen seikkailuun l\u00e4ht\u00f6aika riippuu siit\u00e4, milloin koulu alkaa ja milloin is\u00e4nt\u00e4perheesi pystyy ottamaan sinut vastaan. Muistathan, ett\u00e4 monissa maissa lukuvuosi alkaa syyskuussa. Jos Welcome Camp on osa matkaasi, menet ensin sinne ja sitten lopulliseen m\u00e4\u00e4r\u00e4np\u00e4\u00e4h\u00e4si.<\/p>\n\n<p>STS varaa matkasi ja l\u00e4hett\u00e4\u00e4 sinulle matkaliput l\u00e4hd\u00f6n l\u00e4hestyess\u00e4. Saat matka-asiakirjat s\u00e4hk\u00f6isin\u00e4, joten voit pit\u00e4\u00e4 niit\u00e4 puhelimessasi. Muista, ett\u00e4 passi, viisumi ja muut matka-asiakirjat kannattaa pakata helposti ulottuville k\u00e4simatkatavaroihin. My\u00f6s is\u00e4nt\u00e4perheen osoite ja puhelinnumero sek\u00e4 aluevalvojan yhteystiedot on hyv\u00e4 pit\u00e4\u00e4 k\u00e4sill\u00e4.<\/p>\n\n<h2>Saapuminen kohdemaahan<\/h2>\n\n<p>Perille saavuttuasi tulemme sinua vastaan rautatieasemalle tai lentokent\u00e4lle. Sitten l\u00e4hdemme yhdess\u00e4 tapaamaan is\u00e4nt\u00e4perhett\u00e4si. Is\u00e4nt\u00e4perheen luona kannattaa keskustella heid\u00e4n s\u00e4\u00e4nn\u00f6ist\u00e4\u00e4n ja k\u00e4yt\u00e4nn\u00f6ist\u00e4\u00e4n mahdollisimman varhaisessa vaiheessa. N\u00e4in voitte heti v\u00e4ltty\u00e4 monilta v\u00e4\u00e4rink\u00e4sityksilt\u00e4.<\/p>\n\n<p>Sinun on hyv\u00e4 tiet\u00e4\u00e4, ett\u00e4 saatamme ottaa Welcome Camp -valmennuskurssilla valokuvia vaihto-oppilaistamme. N\u00e4it\u00e4 kuvia voidaan jakaa STS:n sosiaalisen median kanavissa, kuten <a href=\"https:\/\/www.tiktok.com\/@stsworldwide\" target=\"_blank\" rel=\"noopener noreferrer\">TikTokissa<\/a>, <a href=\"https:\/\/www.instagram.com\/stsworldwide\/\" target=\"_blank\" rel=\"noopener noreferrer\">Instagramissa<\/a> ja <a href=\"https:\/\/www.facebook.com\/stsworldwide\" target=\"_blank\" rel=\"noopener noreferrer\">Facebookissa<\/a>. Jos sin\u00e4 tai vanhempasi ette halua sinun n\u00e4kyv\u00e4n kuvissa, ilmoita meille asiasta hyviss\u00e4 ajoin ennen l\u00e4ht\u00f6\u00e4si.<\/p>\n<\/div><\/div><\/div>\n\n","protected":false},"excerpt":{"rendered":"","protected":false},"author":20,"featured_media":0,"parent":10474,"menu_order":0,"comment_status":"closed","ping_status":"closed","template":"templates\/template-default-with-breadcrumbs.php","meta":{"_acf_changed":false,"sts_page_background_color":"","footnotes":""},"wpw_page_folders":[83],"class_list":["post-10514","page","type-page","status-publish","hentry"],"acf":[],"yoast_head":"<!-- This site is optimized with the Yoast SEO Premium plugin v27.2 (Yoast SEO v27.3) - https:\/\/yoast.com\/product\/yoast-seo-premium-wordpress\/ -->\n<title>N\u00e4in sujuu matkasi vaihto-oppilaaksi | STS<\/title>\n<meta name=\"description\" content=\"Useimmat vaihto-oppilaat matkustavat kohteeseensa itsen\u00e4isesti. L\u00e4ht\u00f6p\u00e4iv\u00e4m\u00e4\u00e4r\u00e4 riippuu koulun alkamisp\u00e4iv\u00e4st\u00e4.\" \/>\n<meta name=\"robots\" content=\"index, follow, max-snippet:-1, max-image-preview:large, max-video-preview:-1\" \/>\n<link rel=\"canonical\" href=\"https:\/\/www.sts-education.com\/fi\/vaihto-oppilas\/vaihto-oppilasvuoden-aikana\/matkustaminen-kohteeseesi\/\" \/>\n<meta property=\"og:locale\" content=\"fi_FI\" \/>\n<meta property=\"og:type\" content=\"article\" \/>\n<meta property=\"og:title\" content=\"Matkustaminen Kohteeseesi\" \/>\n<meta property=\"og:description\" content=\"Useimmat vaihto-oppilaat matkustavat kohteeseensa itsen\u00e4isesti. L\u00e4ht\u00f6p\u00e4iv\u00e4m\u00e4\u00e4r\u00e4 riippuu koulun alkamisp\u00e4iv\u00e4st\u00e4.\" \/>\n<meta property=\"og:url\" content=\"https:\/\/www.sts-education.com\/fi\/vaihto-oppilas\/vaihto-oppilasvuoden-aikana\/matkustaminen-kohteeseesi\/\" \/>\n<meta property=\"og:site_name\" content=\"STS Education\" \/>\n<meta property=\"article:modified_time\" content=\"2026-04-01T01:28:04+00:00\" \/>\n<meta property=\"og:image\" content=\"https:\/\/cdn.sts-education.com\/12568_hero_lg_xl.jpg\" \/>\n<meta name=\"twitter:card\" content=\"summary_large_image\" \/>\n<meta name=\"twitter:label1\" content=\"Arvioitu lukuaika\" \/>\n\t<meta name=\"twitter:data1\" content=\"1 minuutti\" \/>\n<script type=\"application\/ld+json\" class=\"yoast-schema-graph\">{\"@context\":\"https:\\\/\\\/schema.org\",\"@graph\":[{\"@type\":\"WebPage\",\"@id\":\"https:\\\/\\\/www.sts-education.com\\\/fi\\\/vaihto-oppilas\\\/vaihto-oppilasvuoden-aikana\\\/matkustaminen-kohteeseesi\\\/\",\"url\":\"https:\\\/\\\/www.sts-education.com\\\/fi\\\/vaihto-oppilas\\\/vaihto-oppilasvuoden-aikana\\\/matkustaminen-kohteeseesi\\\/\",\"name\":\"N\u00e4in sujuu matkasi vaihto-oppilaaksi | STS\",\"isPartOf\":{\"@id\":\"https:\\\/\\\/www.sts-education.com\\\/fi\\\/#website\"},\"primaryImageOfPage\":{\"@id\":\"https:\\\/\\\/www.sts-education.com\\\/fi\\\/vaihto-oppilas\\\/vaihto-oppilasvuoden-aikana\\\/matkustaminen-kohteeseesi\\\/#primaryimage\"},\"image\":{\"@id\":\"https:\\\/\\\/www.sts-education.com\\\/fi\\\/vaihto-oppilas\\\/vaihto-oppilasvuoden-aikana\\\/matkustaminen-kohteeseesi\\\/#primaryimage\"},\"thumbnailUrl\":\"https:\\\/\\\/cdn.sts-education.com\\\/12568_hero_lg_xl.jpg\",\"datePublished\":\"2025-12-16T10:12:41+00:00\",\"dateModified\":\"2026-04-01T01:28:04+00:00\",\"description\":\"Useimmat vaihto-oppilaat matkustavat kohteeseensa itsen\u00e4isesti. L\u00e4ht\u00f6p\u00e4iv\u00e4m\u00e4\u00e4r\u00e4 riippuu koulun alkamisp\u00e4iv\u00e4st\u00e4.\",\"breadcrumb\":{\"@id\":\"https:\\\/\\\/www.sts-education.com\\\/fi\\\/vaihto-oppilas\\\/vaihto-oppilasvuoden-aikana\\\/matkustaminen-kohteeseesi\\\/#breadcrumb\"},\"inLanguage\":\"fi\",\"potentialAction\":[{\"@type\":\"ReadAction\",\"target\":[\"https:\\\/\\\/www.sts-education.com\\\/fi\\\/vaihto-oppilas\\\/vaihto-oppilasvuoden-aikana\\\/matkustaminen-kohteeseesi\\\/\"]}]},{\"@type\":\"ImageObject\",\"inLanguage\":\"fi\",\"@id\":\"https:\\\/\\\/www.sts-education.com\\\/fi\\\/vaihto-oppilas\\\/vaihto-oppilasvuoden-aikana\\\/matkustaminen-kohteeseesi\\\/#primaryimage\",\"url\":\"https:\\\/\\\/cdn.sts-education.com\\\/12568_hero_lg_xl.jpg\",\"contentUrl\":\"https:\\\/\\\/cdn.sts-education.com\\\/12568_hero_lg_xl.jpg\"},{\"@type\":\"BreadcrumbList\",\"@id\":\"https:\\\/\\\/www.sts-education.com\\\/fi\\\/vaihto-oppilas\\\/vaihto-oppilasvuoden-aikana\\\/matkustaminen-kohteeseesi\\\/#breadcrumb\",\"itemListElement\":[{\"@type\":\"ListItem\",\"position\":1,\"name\":\"Home\",\"item\":\"https:\\\/\\\/www.sts-education.com\\\/fi\\\/\"},{\"@type\":\"ListItem\",\"position\":2,\"name\":\"Vaihto-oppilas\",\"item\":\"https:\\\/\\\/www.sts-education.com\\\/fi\\\/vaihto-oppilas\\\/\"},{\"@type\":\"ListItem\",\"position\":3,\"name\":\"Vaihto Oppilasvuoden Aikana\",\"item\":\"https:\\\/\\\/www.sts-education.com\\\/fi\\\/vaihto-oppilas\\\/vaihto-oppilasvuoden-aikana\\\/\"},{\"@type\":\"ListItem\",\"position\":4,\"name\":\"Matkustaminen Kohteeseesi\"}]},{\"@type\":\"WebSite\",\"@id\":\"https:\\\/\\\/www.sts-education.com\\\/fi\\\/#website\",\"url\":\"https:\\\/\\\/www.sts-education.com\\\/fi\\\/\",\"name\":\"STS Education\",\"description\":\"\",\"potentialAction\":[{\"@type\":\"SearchAction\",\"target\":{\"@type\":\"EntryPoint\",\"urlTemplate\":\"https:\\\/\\\/www.sts-education.com\\\/fi\\\/?s={search_term_string}\"},\"query-input\":{\"@type\":\"PropertyValueSpecification\",\"valueRequired\":true,\"valueName\":\"search_term_string\"}}],\"inLanguage\":\"fi\"}]}<\/script>\n<!-- \/ Yoast SEO Premium plugin. -->","yoast_head_json":{"title":"N\u00e4in sujuu matkasi vaihto-oppilaaksi | STS","description":"Useimmat vaihto-oppilaat matkustavat kohteeseensa itsen\u00e4isesti. L\u00e4ht\u00f6p\u00e4iv\u00e4m\u00e4\u00e4r\u00e4 riippuu koulun alkamisp\u00e4iv\u00e4st\u00e4.","robots":{"index":"index","follow":"follow","max-snippet":"max-snippet:-1","max-image-preview":"max-image-preview:large","max-video-preview":"max-video-preview:-1"},"canonical":"https:\/\/www.sts-education.com\/fi\/vaihto-oppilas\/vaihto-oppilasvuoden-aikana\/matkustaminen-kohteeseesi\/","og_locale":"fi_FI","og_type":"article","og_title":"Matkustaminen Kohteeseesi","og_description":"Useimmat vaihto-oppilaat matkustavat kohteeseensa itsen\u00e4isesti. L\u00e4ht\u00f6p\u00e4iv\u00e4m\u00e4\u00e4r\u00e4 riippuu koulun alkamisp\u00e4iv\u00e4st\u00e4.","og_url":"https:\/\/www.sts-education.com\/fi\/vaihto-oppilas\/vaihto-oppilasvuoden-aikana\/matkustaminen-kohteeseesi\/","og_site_name":"STS Education","article_modified_time":"2026-04-01T01:28:04+00:00","og_image":[{"url":"https:\/\/cdn.sts-education.com\/12568_hero_lg_xl.jpg","type":"","width":"","height":""}],"twitter_card":"summary_large_image","twitter_misc":{"Arvioitu lukuaika":"1 minuutti"},"schema":{"@context":"https:\/\/schema.org","@graph":[{"@type":"WebPage","@id":"https:\/\/www.sts-education.com\/fi\/vaihto-oppilas\/vaihto-oppilasvuoden-aikana\/matkustaminen-kohteeseesi\/","url":"https:\/\/www.sts-education.com\/fi\/vaihto-oppilas\/vaihto-oppilasvuoden-aikana\/matkustaminen-kohteeseesi\/","name":"N\u00e4in sujuu matkasi vaihto-oppilaaksi | STS","isPartOf":{"@id":"https:\/\/www.sts-education.com\/fi\/#website"},"primaryImageOfPage":{"@id":"https:\/\/www.sts-education.com\/fi\/vaihto-oppilas\/vaihto-oppilasvuoden-aikana\/matkustaminen-kohteeseesi\/#primaryimage"},"image":{"@id":"https:\/\/www.sts-education.com\/fi\/vaihto-oppilas\/vaihto-oppilasvuoden-aikana\/matkustaminen-kohteeseesi\/#primaryimage"},"thumbnailUrl":"https:\/\/cdn.sts-education.com\/12568_hero_lg_xl.jpg","datePublished":"2025-12-16T10:12:41+00:00","dateModified":"2026-04-01T01:28:04+00:00","description":"Useimmat vaihto-oppilaat matkustavat kohteeseensa itsen\u00e4isesti. L\u00e4ht\u00f6p\u00e4iv\u00e4m\u00e4\u00e4r\u00e4 riippuu koulun alkamisp\u00e4iv\u00e4st\u00e4.","breadcrumb":{"@id":"https:\/\/www.sts-education.com\/fi\/vaihto-oppilas\/vaihto-oppilasvuoden-aikana\/matkustaminen-kohteeseesi\/#breadcrumb"},"inLanguage":"fi","potentialAction":[{"@type":"ReadAction","target":["https:\/\/www.sts-education.com\/fi\/vaihto-oppilas\/vaihto-oppilasvuoden-aikana\/matkustaminen-kohteeseesi\/"]}]},{"@type":"ImageObject","inLanguage":"fi","@id":"https:\/\/www.sts-education.com\/fi\/vaihto-oppilas\/vaihto-oppilasvuoden-aikana\/matkustaminen-kohteeseesi\/#primaryimage","url":"https:\/\/cdn.sts-education.com\/12568_hero_lg_xl.jpg","contentUrl":"https:\/\/cdn.sts-education.com\/12568_hero_lg_xl.jpg"},{"@type":"BreadcrumbList","@id":"https:\/\/www.sts-education.com\/fi\/vaihto-oppilas\/vaihto-oppilasvuoden-aikana\/matkustaminen-kohteeseesi\/#breadcrumb","itemListElement":[{"@type":"ListItem","position":1,"name":"Home","item":"https:\/\/www.sts-education.com\/fi\/"},{"@type":"ListItem","position":2,"name":"Vaihto-oppilas","item":"https:\/\/www.sts-education.com\/fi\/vaihto-oppilas\/"},{"@type":"ListItem","position":3,"name":"Vaihto Oppilasvuoden Aikana","item":"https:\/\/www.sts-education.com\/fi\/vaihto-oppilas\/vaihto-oppilasvuoden-aikana\/"},{"@type":"ListItem","position":4,"name":"Matkustaminen Kohteeseesi"}]},{"@type":"WebSite","@id":"https:\/\/www.sts-education.com\/fi\/#website","url":"https:\/\/www.sts-education.com\/fi\/","name":"STS Education","description":"","potentialAction":[{"@type":"SearchAction","target":{"@type":"EntryPoint","urlTemplate":"https:\/\/www.sts-education.com\/fi\/?s={search_term_string}"},"query-input":{"@type":"PropertyValueSpecification","valueRequired":true,"valueName":"search_term_string"}}],"inLanguage":"fi"}]}},"_links":{"self":[{"href":"https:\/\/www.sts-education.com\/fi\/wp-json\/wp\/v2\/pages\/10514","targetHints":{"allow":["GET"]}}],"collection":[{"href":"https:\/\/www.sts-education.com\/fi\/wp-json\/wp\/v2\/pages"}],"about":[{"href":"https:\/\/www.sts-education.com\/fi\/wp-json\/wp\/v2\/types\/page"}],"author":[{"embeddable":true,"href":"https:\/\/www.sts-education.com\/fi\/wp-json\/wp\/v2\/users\/20"}],"replies":[{"embeddable":true,"href":"https:\/\/www.sts-education.com\/fi\/wp-json\/wp\/v2\/comments?post=10514"}],"version-history":[{"count":2,"href":"https:\/\/www.sts-education.com\/fi\/wp-json\/wp\/v2\/pages\/10514\/revisions"}],"predecessor-version":[{"id":20121,"href":"https:\/\/www.sts-education.com\/fi\/wp-json\/wp\/v2\/pages\/10514\/revisions\/20121"}],"up":[{"embeddable":true,"href":"https:\/\/www.sts-education.com\/fi\/wp-json\/wp\/v2\/pages\/10474"}],"wp:attachment":[{"href":"https:\/\/www.sts-education.com\/fi\/wp-json\/wp\/v2\/media?parent=10514"}],"wp:term":[{"taxonomy":"wpw_page_folders","embeddable":true,"href":"https:\/\/www.sts-education.com\/fi\/wp-json\/wp\/v2\/wpw_page_folders?post=10514"}],"curies":[{"name":"wp","href":"https:\/\/api.w.org\/{rel}","templated":true}]}}