{"id":10515,"date":"2025-12-16T10:12:07","date_gmt":"2025-12-16T10:12:07","guid":{"rendered":"https:\/\/preprod.sts-education.com\/vaihto-oppilas\/vaihto-oppilasvuoden-aikana\/olemme-tukenasi\/"},"modified":"2026-04-14T09:49:02","modified_gmt":"2026-04-14T09:49:02","slug":"olemme-tukenasi","status":"publish","type":"page","link":"https:\/\/www.sts-education.com\/fi\/vaihto-oppilas\/vaihto-oppilasvuoden-aikana\/olemme-tukenasi\/","title":{"rendered":"Olemme Tukenasi"},"content":{"rendered":"\n<section class=\"wp-block-sts-hero sts-block-hero sts-block-hero is-variant-full-background has-text-light has-background-media\" style=\"--sts-hero-padding-mobile:0px;--sts-hero-padding-desktop:0px;--sts-hero-text-color:var(--wp--preset--color--base-10, #fff)\" data-variant=\"full-background\"><div class=\"sts-block-hero__background\"><picture class=\"sts-responsive-image has-pos-center is-skeleton\"><img src=\"https:\/\/cdn.sts-education.com\/12567_hero_lg_xl.jpg\" alt=\"Olemme tukenasi\" loading=\"lazy\" decoding=\"async\" fetchpriority=\"low\" sizes=\"(max-width: 640px) max(100vw, calc(clamp(320px, 100vh, 720px) * 9 \/ 16)), (max-width: 840px) max(100vw, calc(clamp(320px, 100vh, 720px) * 1 \/ 1)), max(100vw, calc(clamp(320px, 100vh, 720px) * 16 \/ 9))\" style=\"object-position:center\"\/><\/picture><span class=\"sts-block-hero__overlay\" aria-hidden=\"true\"><\/span><\/div><div class=\"sts-block-hero__inner\"><div class=\"sts-block-hero__content has-align-center\"><div class=\"sts-block-hero__content-inner\"><h1 class=\"sts-block-hero__heading\">Olemme tukenasi<\/h1><\/div><\/div><\/div><\/section>\n\n\n\n<div class=\"wp-block-sts-text sts-text-editor has-max-width-md\"><div class=\"sts-text-editor__content\"><div class=\"sts-text-editor__content-inner\">\n<p>Minne p\u00e4\u00e4t\u00e4tkin l\u00e4hte\u00e4, olemme tukenasi koko vaihto-oppilasvuoden ajan. Hoidamme matkaj\u00e4rjestelysi ja varmistamme, ett\u00e4 olet valmistautunut hyvin, kun l\u00e4hd\u00f6n hetki koittaa. Paikan p\u00e4\u00e4ll\u00e4 olemme aina tukenasi is\u00e4nt\u00e4perheen ja aluevalvojien v\u00e4lityksell\u00e4 sek\u00e4 tietysti puhelimitse.<\/p>\n<h2>Aluevalvoja<\/h2>\n<p>Paikan p\u00e4\u00e4ll\u00e4 kohteessa meill\u00e4 on aina paikallinen yhteyshenkil\u00f6, aluevalvoja. H\u00e4n tuntee alueen ja on tarvittaessa aina apunasi. Tapaatte s\u00e4\u00e4nn\u00f6llisesti vuoden aikana.<\/p>\n<p>Is\u00e4nt\u00e4perheesi auttaa sinua koulun aloituksessa ja yhteyden saamisessa muihin vaihto-oppilaisiin. Jos vanhemmillasi on kysytt\u00e4v\u00e4\u00e4 poissa ollessasi, helpointa on soittaa suoraan meille STS:lle.<\/p>\n<h2>Soita milloin vain<\/h2>\n<p>Olet meille t\u00e4rke\u00e4, ja haluamme huolehtia hyvinvoinnistasi. Tied\u00e4th\u00e4n, ett\u00e4 voit olla yhteydess\u00e4 meihin milloin vain. Ennen l\u00e4ht\u00f6\u00e4si saat p\u00e4ivystysnumeron, josta tavoitat meid\u00e4t toimistoaikojen ulkopuolella, vuorokauden ymp\u00e4ri. Siit\u00e4 on sinulle tukea ja turvaa.<\/p>\n<h2>N\u00e4e enemm\u00e4n \u2013 osallistu yhteisille matkoille<\/h2>\n<p>Jokainen kaipaa joskus heng\u00e4hdystaukoa koulusta ja l\u00e4ksyist\u00e4. Siksi j\u00e4rjest\u00e4mme monissa maissa vaihto-oppilaillemme matkoja, joilla p\u00e4\u00e4sette n\u00e4kem\u00e4\u00e4n enemm\u00e4n uudesta maasta. Saat kaikki tarvittavat tiedot aluevalvojaltasi. Matkat eiv\u00e4t sis\u00e4lly ohjelmamaksuun, ja niiden hinnat vaihtelevat maittain.<\/p>\n<p><a href=\"https:\/\/www.sts-education.com\/fi\/vaihto-oppilas\/kohdemaat\/\">Lue t\u00e4\u00e4lt\u00e4 lis\u00e4\u00e4 eri maista.<\/a><\/p>\n<\/div><\/div><\/div>\n","protected":false},"excerpt":{"rendered":"","protected":false},"author":20,"featured_media":0,"parent":10474,"menu_order":0,"comment_status":"closed","ping_status":"closed","template":"templates\/template-default-with-breadcrumbs.php","meta":{"_acf_changed":false,"sts_page_background_color":"","footnotes":""},"wpw_page_folders":[83],"class_list":["post-10515","page","type-page","status-publish","hentry"],"acf":[],"yoast_head":"<!-- This site is optimized with the Yoast SEO Premium plugin v27.2 (Yoast SEO v27.3) - https:\/\/yoast.com\/product\/yoast-seo-premium-wordpress\/ -->\n<title>Me olemme t\u00e4\u00e4ll\u00e4 sinua varten vaihtosi ajan | STS<\/title>\n<meta name=\"description\" content=\"Kun l\u00e4hdet kanssamme vaihtoon, olemme t\u00e4\u00e4ll\u00e4 sinua varten 24\/7. Turvallisesti ja k\u00e4tev\u00e4sti.\" \/>\n<meta name=\"robots\" content=\"index, follow, max-snippet:-1, max-image-preview:large, max-video-preview:-1\" \/>\n<link rel=\"canonical\" href=\"https:\/\/www.sts-education.com\/fi\/vaihto-oppilas\/vaihto-oppilasvuoden-aikana\/olemme-tukenasi\/\" \/>\n<meta property=\"og:locale\" content=\"fi_FI\" \/>\n<meta property=\"og:type\" content=\"article\" \/>\n<meta property=\"og:title\" content=\"Olemme Tukenasi\" \/>\n<meta property=\"og:description\" content=\"Kun l\u00e4hdet kanssamme vaihtoon, olemme t\u00e4\u00e4ll\u00e4 sinua varten 24\/7. Turvallisesti ja k\u00e4tev\u00e4sti.\" \/>\n<meta property=\"og:url\" content=\"https:\/\/www.sts-education.com\/fi\/vaihto-oppilas\/vaihto-oppilasvuoden-aikana\/olemme-tukenasi\/\" \/>\n<meta property=\"og:site_name\" content=\"STS Education\" \/>\n<meta property=\"article:modified_time\" content=\"2026-04-14T09:49:02+00:00\" \/>\n<meta property=\"og:image\" content=\"https:\/\/cdn.sts-education.com\/12567_hero_lg_xl.jpg\" \/>\n<meta name=\"twitter:card\" content=\"summary_large_image\" \/>\n<meta name=\"twitter:label1\" content=\"Arvioitu lukuaika\" \/>\n\t<meta name=\"twitter:data1\" content=\"1 minuutti\" \/>\n<script type=\"application\/ld+json\" class=\"yoast-schema-graph\">{\"@context\":\"https:\\\/\\\/schema.org\",\"@graph\":[{\"@type\":\"WebPage\",\"@id\":\"https:\\\/\\\/www.sts-education.com\\\/fi\\\/vaihto-oppilas\\\/vaihto-oppilasvuoden-aikana\\\/olemme-tukenasi\\\/\",\"url\":\"https:\\\/\\\/www.sts-education.com\\\/fi\\\/vaihto-oppilas\\\/vaihto-oppilasvuoden-aikana\\\/olemme-tukenasi\\\/\",\"name\":\"Me olemme t\u00e4\u00e4ll\u00e4 sinua varten vaihtosi ajan | STS\",\"isPartOf\":{\"@id\":\"https:\\\/\\\/www.sts-education.com\\\/fi\\\/#website\"},\"primaryImageOfPage\":{\"@id\":\"https:\\\/\\\/www.sts-education.com\\\/fi\\\/vaihto-oppilas\\\/vaihto-oppilasvuoden-aikana\\\/olemme-tukenasi\\\/#primaryimage\"},\"image\":{\"@id\":\"https:\\\/\\\/www.sts-education.com\\\/fi\\\/vaihto-oppilas\\\/vaihto-oppilasvuoden-aikana\\\/olemme-tukenasi\\\/#primaryimage\"},\"thumbnailUrl\":\"https:\\\/\\\/cdn.sts-education.com\\\/12567_hero_lg_xl.jpg\",\"datePublished\":\"2025-12-16T10:12:07+00:00\",\"dateModified\":\"2026-04-14T09:49:02+00:00\",\"description\":\"Kun l\u00e4hdet kanssamme vaihtoon, olemme t\u00e4\u00e4ll\u00e4 sinua varten 24\\\/7. Turvallisesti ja k\u00e4tev\u00e4sti.\",\"breadcrumb\":{\"@id\":\"https:\\\/\\\/www.sts-education.com\\\/fi\\\/vaihto-oppilas\\\/vaihto-oppilasvuoden-aikana\\\/olemme-tukenasi\\\/#breadcrumb\"},\"inLanguage\":\"fi\",\"potentialAction\":[{\"@type\":\"ReadAction\",\"target\":[\"https:\\\/\\\/www.sts-education.com\\\/fi\\\/vaihto-oppilas\\\/vaihto-oppilasvuoden-aikana\\\/olemme-tukenasi\\\/\"]}]},{\"@type\":\"ImageObject\",\"inLanguage\":\"fi\",\"@id\":\"https:\\\/\\\/www.sts-education.com\\\/fi\\\/vaihto-oppilas\\\/vaihto-oppilasvuoden-aikana\\\/olemme-tukenasi\\\/#primaryimage\",\"url\":\"https:\\\/\\\/cdn.sts-education.com\\\/12567_hero_lg_xl.jpg\",\"contentUrl\":\"https:\\\/\\\/cdn.sts-education.com\\\/12567_hero_lg_xl.jpg\"},{\"@type\":\"BreadcrumbList\",\"@id\":\"https:\\\/\\\/www.sts-education.com\\\/fi\\\/vaihto-oppilas\\\/vaihto-oppilasvuoden-aikana\\\/olemme-tukenasi\\\/#breadcrumb\",\"itemListElement\":[{\"@type\":\"ListItem\",\"position\":1,\"name\":\"Home\",\"item\":\"https:\\\/\\\/www.sts-education.com\\\/fi\\\/\"},{\"@type\":\"ListItem\",\"position\":2,\"name\":\"Vaihto-oppilas\",\"item\":\"https:\\\/\\\/www.sts-education.com\\\/fi\\\/vaihto-oppilas\\\/\"},{\"@type\":\"ListItem\",\"position\":3,\"name\":\"Vaihto Oppilasvuoden Aikana\",\"item\":\"https:\\\/\\\/www.sts-education.com\\\/fi\\\/vaihto-oppilas\\\/vaihto-oppilasvuoden-aikana\\\/\"},{\"@type\":\"ListItem\",\"position\":4,\"name\":\"Olemme Tukenasi\"}]},{\"@type\":\"WebSite\",\"@id\":\"https:\\\/\\\/www.sts-education.com\\\/fi\\\/#website\",\"url\":\"https:\\\/\\\/www.sts-education.com\\\/fi\\\/\",\"name\":\"STS Education\",\"description\":\"\",\"potentialAction\":[{\"@type\":\"SearchAction\",\"target\":{\"@type\":\"EntryPoint\",\"urlTemplate\":\"https:\\\/\\\/www.sts-education.com\\\/fi\\\/?s={search_term_string}\"},\"query-input\":{\"@type\":\"PropertyValueSpecification\",\"valueRequired\":true,\"valueName\":\"search_term_string\"}}],\"inLanguage\":\"fi\"}]}<\/script>\n<!-- \/ Yoast SEO Premium plugin. -->","yoast_head_json":{"title":"Me olemme t\u00e4\u00e4ll\u00e4 sinua varten vaihtosi ajan | STS","description":"Kun l\u00e4hdet kanssamme vaihtoon, olemme t\u00e4\u00e4ll\u00e4 sinua varten 24\/7. Turvallisesti ja k\u00e4tev\u00e4sti.","robots":{"index":"index","follow":"follow","max-snippet":"max-snippet:-1","max-image-preview":"max-image-preview:large","max-video-preview":"max-video-preview:-1"},"canonical":"https:\/\/www.sts-education.com\/fi\/vaihto-oppilas\/vaihto-oppilasvuoden-aikana\/olemme-tukenasi\/","og_locale":"fi_FI","og_type":"article","og_title":"Olemme Tukenasi","og_description":"Kun l\u00e4hdet kanssamme vaihtoon, olemme t\u00e4\u00e4ll\u00e4 sinua varten 24\/7. Turvallisesti ja k\u00e4tev\u00e4sti.","og_url":"https:\/\/www.sts-education.com\/fi\/vaihto-oppilas\/vaihto-oppilasvuoden-aikana\/olemme-tukenasi\/","og_site_name":"STS Education","article_modified_time":"2026-04-14T09:49:02+00:00","og_image":[{"url":"https:\/\/cdn.sts-education.com\/12567_hero_lg_xl.jpg","type":"","width":"","height":""}],"twitter_card":"summary_large_image","twitter_misc":{"Arvioitu lukuaika":"1 minuutti"},"schema":{"@context":"https:\/\/schema.org","@graph":[{"@type":"WebPage","@id":"https:\/\/www.sts-education.com\/fi\/vaihto-oppilas\/vaihto-oppilasvuoden-aikana\/olemme-tukenasi\/","url":"https:\/\/www.sts-education.com\/fi\/vaihto-oppilas\/vaihto-oppilasvuoden-aikana\/olemme-tukenasi\/","name":"Me olemme t\u00e4\u00e4ll\u00e4 sinua varten vaihtosi ajan | STS","isPartOf":{"@id":"https:\/\/www.sts-education.com\/fi\/#website"},"primaryImageOfPage":{"@id":"https:\/\/www.sts-education.com\/fi\/vaihto-oppilas\/vaihto-oppilasvuoden-aikana\/olemme-tukenasi\/#primaryimage"},"image":{"@id":"https:\/\/www.sts-education.com\/fi\/vaihto-oppilas\/vaihto-oppilasvuoden-aikana\/olemme-tukenasi\/#primaryimage"},"thumbnailUrl":"https:\/\/cdn.sts-education.com\/12567_hero_lg_xl.jpg","datePublished":"2025-12-16T10:12:07+00:00","dateModified":"2026-04-14T09:49:02+00:00","description":"Kun l\u00e4hdet kanssamme vaihtoon, olemme t\u00e4\u00e4ll\u00e4 sinua varten 24\/7. Turvallisesti ja k\u00e4tev\u00e4sti.","breadcrumb":{"@id":"https:\/\/www.sts-education.com\/fi\/vaihto-oppilas\/vaihto-oppilasvuoden-aikana\/olemme-tukenasi\/#breadcrumb"},"inLanguage":"fi","potentialAction":[{"@type":"ReadAction","target":["https:\/\/www.sts-education.com\/fi\/vaihto-oppilas\/vaihto-oppilasvuoden-aikana\/olemme-tukenasi\/"]}]},{"@type":"ImageObject","inLanguage":"fi","@id":"https:\/\/www.sts-education.com\/fi\/vaihto-oppilas\/vaihto-oppilasvuoden-aikana\/olemme-tukenasi\/#primaryimage","url":"https:\/\/cdn.sts-education.com\/12567_hero_lg_xl.jpg","contentUrl":"https:\/\/cdn.sts-education.com\/12567_hero_lg_xl.jpg"},{"@type":"BreadcrumbList","@id":"https:\/\/www.sts-education.com\/fi\/vaihto-oppilas\/vaihto-oppilasvuoden-aikana\/olemme-tukenasi\/#breadcrumb","itemListElement":[{"@type":"ListItem","position":1,"name":"Home","item":"https:\/\/www.sts-education.com\/fi\/"},{"@type":"ListItem","position":2,"name":"Vaihto-oppilas","item":"https:\/\/www.sts-education.com\/fi\/vaihto-oppilas\/"},{"@type":"ListItem","position":3,"name":"Vaihto Oppilasvuoden Aikana","item":"https:\/\/www.sts-education.com\/fi\/vaihto-oppilas\/vaihto-oppilasvuoden-aikana\/"},{"@type":"ListItem","position":4,"name":"Olemme Tukenasi"}]},{"@type":"WebSite","@id":"https:\/\/www.sts-education.com\/fi\/#website","url":"https:\/\/www.sts-education.com\/fi\/","name":"STS Education","description":"","potentialAction":[{"@type":"SearchAction","target":{"@type":"EntryPoint","urlTemplate":"https:\/\/www.sts-education.com\/fi\/?s={search_term_string}"},"query-input":{"@type":"PropertyValueSpecification","valueRequired":true,"valueName":"search_term_string"}}],"inLanguage":"fi"}]}},"_links":{"self":[{"href":"https:\/\/www.sts-education.com\/fi\/wp-json\/wp\/v2\/pages\/10515","targetHints":{"allow":["GET"]}}],"collection":[{"href":"https:\/\/www.sts-education.com\/fi\/wp-json\/wp\/v2\/pages"}],"about":[{"href":"https:\/\/www.sts-education.com\/fi\/wp-json\/wp\/v2\/types\/page"}],"author":[{"embeddable":true,"href":"https:\/\/www.sts-education.com\/fi\/wp-json\/wp\/v2\/users\/20"}],"replies":[{"embeddable":true,"href":"https:\/\/www.sts-education.com\/fi\/wp-json\/wp\/v2\/comments?post=10515"}],"version-history":[{"count":5,"href":"https:\/\/www.sts-education.com\/fi\/wp-json\/wp\/v2\/pages\/10515\/revisions"}],"predecessor-version":[{"id":33126,"href":"https:\/\/www.sts-education.com\/fi\/wp-json\/wp\/v2\/pages\/10515\/revisions\/33126"}],"up":[{"embeddable":true,"href":"https:\/\/www.sts-education.com\/fi\/wp-json\/wp\/v2\/pages\/10474"}],"wp:attachment":[{"href":"https:\/\/www.sts-education.com\/fi\/wp-json\/wp\/v2\/media?parent=10515"}],"wp:term":[{"taxonomy":"wpw_page_folders","embeddable":true,"href":"https:\/\/www.sts-education.com\/fi\/wp-json\/wp\/v2\/wpw_page_folders?post=10515"}],"curies":[{"name":"wp","href":"https:\/\/api.w.org\/{rel}","templated":true}]}}