{"id":10516,"date":"2025-12-16T10:13:17","date_gmt":"2025-12-16T10:13:17","guid":{"rendered":"https:\/\/preprod.sts-education.com\/vaihto-oppilas\/vaihto-oppilasvuoden-aikana\/welcome-camp\/"},"modified":"2026-04-01T01:28:37","modified_gmt":"2026-04-01T01:28:37","slug":"welcome-camp","status":"publish","type":"page","link":"https:\/\/www.sts-education.com\/fi\/vaihto-oppilas\/vaihto-oppilasvuoden-aikana\/welcome-camp\/","title":{"rendered":"Welcome Camp"},"content":{"rendered":"\n<section class=\"wp-block-sts-hero sts-block-hero is-variant-full-background has-text-light has-background-media\" style=\"--sts-hero-padding-mobile:0px;--sts-hero-padding-desktop:0px;--sts-hero-text-color:var(--wp--preset--color--base-10, #fff);\" data-variant=\"full-background\"><div class=\"sts-block-hero__background\"><picture class=\"sts-responsive-image has-fit-cover is-skeleton\"><img src=\"https:\/\/cdn.sts-education.com\/12570_hero_lg_xl.jpg\" alt=\"Welcome Camp\" loading=\"lazy\" decoding=\"async\" fetchpriority=\"low\" sizes=\"100vw\" \/><\/picture><span class=\"sts-block-hero__overlay\" aria-hidden=\"true\"><\/span><\/div><div class=\"sts-block-hero__inner\"><div class=\"sts-block-hero__content has-align-center\"><div class=\"sts-block-hero__content-inner\"><h1 class=\"sts-block-hero__heading\">Welcome Camp<\/h1><\/div><\/div><\/div><\/section>\n\n\n\n<div class=\"wp-block-sts-text sts-text-editor has-max-width-md\"><div class=\"sts-text-editor__content\"><div class=\"sts-text-editor__content-inner\">\n<p>Jotta vaihto-oppilasvuotesi saisi parhaan mahdollisen alun, se k\u00e4ynnistyy l\u00e4hes kaikissa kohteissa ohjelmamaksuihin sis\u00e4ltyv\u00e4ll\u00e4 STS Welcome Camp -valmennuskurssilla. Kyseess\u00e4 on er\u00e4\u00e4nlainen \u201cpehme\u00e4 lasku\u201d, jossa saat tavata muita STS:n opiskelijoita ja kuulla, mit\u00e4 pian alkavalta seikkailulta on odotettavissa. N\u00e4in saat parhaan kuviteltavissa olevan alun ja tilaisuuden tutustua muihin eri puolilta tuleviin nuoriin, jotka hekin ovat aloittamassa vaihto-oppilasvuottaan.<\/p>\n<p>Welcome Campit j\u00e4rjestet\u00e4\u00e4n aina tunnetuissa isommissa kaupungeissa, ja ne kest\u00e4v\u00e4t useamman p\u00e4iv\u00e4n. Maa ja kaupunki m\u00e4\u00e4r\u00e4ytyv\u00e4t vaihtokohteesi perusteella. Voit kuitenkin olla varma, ett\u00e4 p\u00e4\u00e4set osallistumaan hauskaan toimintaan ja kiinnostaviin ty\u00f6pajoihin aihepiirien parissa, joista voi olla hy\u00f6ty\u00e4 vaihto-ohjelman aikana: esimerkiksi koti-ik\u00e4v\u00e4st\u00e4 selvi\u00e4minen, uuteen kotiin sopeutuminen ja mit\u00e4 tehd\u00e4 tarvitessasi tukea.<\/p>\n<p>Saat tutustua kaupunkiin katselemalla n\u00e4ht\u00e4vyyksi\u00e4 ja vierailemalla joissakin tunnetuissa kohteissa. Kaiken t\u00e4m\u00e4n teet muiden STS-opiskelijoiden seurassa, joiden seikkailu on my\u00f6skin alkamassa. Valmennuskurssista j\u00e4\u00e4 elinik\u00e4iset muistot, ja se on t\u00e4ydellinen tapa aloittaa vuotesi ulkomailla. STS Welcome Campin j\u00e4lkeen olet valmis matkustamaan lopulliseen m\u00e4\u00e4r\u00e4np\u00e4\u00e4h\u00e4si, tapaamaan is\u00e4nt\u00e4perheesi ja olemaan kuin kotonasi.<\/p>\n<p><a href=\"\/fi\/vaihto-oppilas\/tripfinder\/?q=\">Lue lis\u00e4\u00e4 Welcome Campeistamme eri maissa.<\/a><\/p>\n<\/div><\/div><\/div>\n\n\n\n<figure class=\"wp-block-sts-image sts-block-image sts-block-image--count-1 has-max-width-md\" data-count=\"1\"><div class=\"sts-block-image__grid\"><div class=\"sts-block-image__item\"><picture class=\"sts-responsive-image has-fit-cover has-pos-top is-skeleton\"><img src=\"https:\/\/cdn.sts-education.com\/13063_hero_md.jpg\" alt=\"Welcome Camp\" loading=\"lazy\" decoding=\"async\" fetchpriority=\"low\" sizes=\"(max-width: 736px) 100vw, 736px\"\/><\/picture><\/div><\/div><\/figure>\n\n\n\n<div class=\"wp-block-sts-text sts-text-editor has-max-width-md\"><div class=\"sts-text-editor__content\"><div class=\"sts-text-editor__content-inner\">\n<p><em>\u201cWelcome Camp oli loistava alku vaihtovuodelleni ja ehdottomasti yksi sen kohokohdista. Olen edelleen tekemisiss\u00e4 monien siell\u00e4 tapaamieni kavereiden kanssa. Eri aktiviteettien ansiosta tunsin olevani paljon paremmin valmistautunut vuoteen. Kokisin nuo p\u00e4iv\u00e4t uudelleen milloin vain, jos se olisi mahdollista!\u201d<\/em><\/p>\n<p><em>Sveitsil\u00e4inen Jessica, joka osallistui STS Welcome Campiin New Yorkissa.<\/em><\/p>\n<\/div><\/div><\/div>\n\n","protected":false},"excerpt":{"rendered":"","protected":false},"author":20,"featured_media":15526,"parent":10474,"menu_order":0,"comment_status":"closed","ping_status":"closed","template":"templates\/template-default-with-breadcrumbs.php","meta":{"_acf_changed":false,"sts_page_background_color":"","footnotes":""},"wpw_page_folders":[83],"class_list":["post-10516","page","type-page","status-publish","has-post-thumbnail","hentry"],"acf":[],"yoast_head":"<!-- This site is optimized with the Yoast SEO Premium plugin v27.2 (Yoast SEO v27.3) - https:\/\/yoast.com\/product\/yoast-seo-premium-wordpress\/ -->\n<title>Aloita vaihtovuotesi Welcome Campill\u00e4 | STS<\/title>\n<meta name=\"description\" content=\"Aloita vaihtovuotesi Welcome Campill\u00e4 ja saa paras startti vaihdollesi! Tapaa muita saman matkan aloittavia oppilaita ja saa lis\u00e4tietoa siit\u00e4, mit\u00e4 odottaa.\" \/>\n<meta name=\"robots\" content=\"index, follow, max-snippet:-1, max-image-preview:large, max-video-preview:-1\" \/>\n<link rel=\"canonical\" href=\"https:\/\/www.sts-education.com\/fi\/vaihto-oppilas\/vaihto-oppilasvuoden-aikana\/welcome-camp\/\" \/>\n<meta property=\"og:locale\" content=\"fi_FI\" \/>\n<meta property=\"og:type\" content=\"article\" \/>\n<meta property=\"og:title\" content=\"Welcome Camp\" \/>\n<meta property=\"og:description\" content=\"Aloita vaihtovuotesi Welcome Campill\u00e4 ja saa paras startti vaihdollesi! Tapaa muita saman matkan aloittavia oppilaita ja saa lis\u00e4tietoa siit\u00e4, mit\u00e4 odottaa.\" \/>\n<meta property=\"og:url\" content=\"https:\/\/www.sts-education.com\/fi\/vaihto-oppilas\/vaihto-oppilasvuoden-aikana\/welcome-camp\/\" \/>\n<meta property=\"og:site_name\" content=\"STS Education\" \/>\n<meta property=\"article:modified_time\" content=\"2026-04-01T01:28:37+00:00\" \/>\n<meta property=\"og:image\" content=\"https:\/\/powered-by.qbank.se\/educatius\/sts\/\/97cdc9382a1d068b806b8d3eacbd0cae_1-1-thumb.webp\" \/>\n\t<meta property=\"og:image:width\" content=\"150\" \/>\n\t<meta property=\"og:image:height\" content=\"150\" \/>\n\t<meta property=\"og:image:type\" content=\"image\/jpeg\" \/>\n<meta name=\"twitter:card\" content=\"summary_large_image\" \/>\n<meta name=\"twitter:label1\" content=\"Arvioitu lukuaika\" \/>\n\t<meta name=\"twitter:data1\" content=\"1 minuutti\" \/>\n<script type=\"application\/ld+json\" class=\"yoast-schema-graph\">{\"@context\":\"https:\\\/\\\/schema.org\",\"@graph\":[{\"@type\":\"WebPage\",\"@id\":\"https:\\\/\\\/www.sts-education.com\\\/fi\\\/vaihto-oppilas\\\/vaihto-oppilasvuoden-aikana\\\/welcome-camp\\\/\",\"url\":\"https:\\\/\\\/www.sts-education.com\\\/fi\\\/vaihto-oppilas\\\/vaihto-oppilasvuoden-aikana\\\/welcome-camp\\\/\",\"name\":\"Aloita vaihtovuotesi Welcome Campill\u00e4 | STS\",\"isPartOf\":{\"@id\":\"https:\\\/\\\/www.sts-education.com\\\/fi\\\/#website\"},\"primaryImageOfPage\":{\"@id\":\"https:\\\/\\\/www.sts-education.com\\\/fi\\\/vaihto-oppilas\\\/vaihto-oppilasvuoden-aikana\\\/welcome-camp\\\/#primaryimage\"},\"image\":{\"@id\":\"https:\\\/\\\/www.sts-education.com\\\/fi\\\/vaihto-oppilas\\\/vaihto-oppilasvuoden-aikana\\\/welcome-camp\\\/#primaryimage\"},\"thumbnailUrl\":\"https:\\\/\\\/powered-by.qbank.se\\\/educatius\\\/sts\\\/\\\/97cdc9382a1d068b806b8d3eacbd0cae_1-1-thumb.webp\",\"datePublished\":\"2025-12-16T10:13:17+00:00\",\"dateModified\":\"2026-04-01T01:28:37+00:00\",\"description\":\"Aloita vaihtovuotesi Welcome Campill\u00e4 ja saa paras startti vaihdollesi! Tapaa muita saman matkan aloittavia oppilaita ja saa lis\u00e4tietoa siit\u00e4, mit\u00e4 odottaa.\",\"breadcrumb\":{\"@id\":\"https:\\\/\\\/www.sts-education.com\\\/fi\\\/vaihto-oppilas\\\/vaihto-oppilasvuoden-aikana\\\/welcome-camp\\\/#breadcrumb\"},\"inLanguage\":\"fi\",\"potentialAction\":[{\"@type\":\"ReadAction\",\"target\":[\"https:\\\/\\\/www.sts-education.com\\\/fi\\\/vaihto-oppilas\\\/vaihto-oppilasvuoden-aikana\\\/welcome-camp\\\/\"]}]},{\"@type\":\"ImageObject\",\"inLanguage\":\"fi\",\"@id\":\"https:\\\/\\\/www.sts-education.com\\\/fi\\\/vaihto-oppilas\\\/vaihto-oppilasvuoden-aikana\\\/welcome-camp\\\/#primaryimage\",\"url\":\"https:\\\/\\\/powered-by.qbank.se\\\/educatius\\\/sts\\\/\\\/97cdc9382a1d068b806b8d3eacbd0cae_1-1-thumb.webp\",\"contentUrl\":\"https:\\\/\\\/powered-by.qbank.se\\\/educatius\\\/sts\\\/\\\/97cdc9382a1d068b806b8d3eacbd0cae_1-1-thumb.webp\",\"width\":150,\"height\":150},{\"@type\":\"BreadcrumbList\",\"@id\":\"https:\\\/\\\/www.sts-education.com\\\/fi\\\/vaihto-oppilas\\\/vaihto-oppilasvuoden-aikana\\\/welcome-camp\\\/#breadcrumb\",\"itemListElement\":[{\"@type\":\"ListItem\",\"position\":1,\"name\":\"Home\",\"item\":\"https:\\\/\\\/www.sts-education.com\\\/fi\\\/\"},{\"@type\":\"ListItem\",\"position\":2,\"name\":\"Vaihto-oppilas\",\"item\":\"https:\\\/\\\/www.sts-education.com\\\/fi\\\/vaihto-oppilas\\\/\"},{\"@type\":\"ListItem\",\"position\":3,\"name\":\"Vaihto Oppilasvuoden Aikana\",\"item\":\"https:\\\/\\\/www.sts-education.com\\\/fi\\\/vaihto-oppilas\\\/vaihto-oppilasvuoden-aikana\\\/\"},{\"@type\":\"ListItem\",\"position\":4,\"name\":\"Welcome Camp\"}]},{\"@type\":\"WebSite\",\"@id\":\"https:\\\/\\\/www.sts-education.com\\\/fi\\\/#website\",\"url\":\"https:\\\/\\\/www.sts-education.com\\\/fi\\\/\",\"name\":\"STS Education\",\"description\":\"\",\"potentialAction\":[{\"@type\":\"SearchAction\",\"target\":{\"@type\":\"EntryPoint\",\"urlTemplate\":\"https:\\\/\\\/www.sts-education.com\\\/fi\\\/?s={search_term_string}\"},\"query-input\":{\"@type\":\"PropertyValueSpecification\",\"valueRequired\":true,\"valueName\":\"search_term_string\"}}],\"inLanguage\":\"fi\"}]}<\/script>\n<!-- \/ Yoast SEO Premium plugin. -->","yoast_head_json":{"title":"Aloita vaihtovuotesi Welcome Campill\u00e4 | STS","description":"Aloita vaihtovuotesi Welcome Campill\u00e4 ja saa paras startti vaihdollesi! Tapaa muita saman matkan aloittavia oppilaita ja saa lis\u00e4tietoa siit\u00e4, mit\u00e4 odottaa.","robots":{"index":"index","follow":"follow","max-snippet":"max-snippet:-1","max-image-preview":"max-image-preview:large","max-video-preview":"max-video-preview:-1"},"canonical":"https:\/\/www.sts-education.com\/fi\/vaihto-oppilas\/vaihto-oppilasvuoden-aikana\/welcome-camp\/","og_locale":"fi_FI","og_type":"article","og_title":"Welcome Camp","og_description":"Aloita vaihtovuotesi Welcome Campill\u00e4 ja saa paras startti vaihdollesi! Tapaa muita saman matkan aloittavia oppilaita ja saa lis\u00e4tietoa siit\u00e4, mit\u00e4 odottaa.","og_url":"https:\/\/www.sts-education.com\/fi\/vaihto-oppilas\/vaihto-oppilasvuoden-aikana\/welcome-camp\/","og_site_name":"STS Education","article_modified_time":"2026-04-01T01:28:37+00:00","og_image":[{"width":150,"height":150,"url":"https:\/\/powered-by.qbank.se\/educatius\/sts\/\/97cdc9382a1d068b806b8d3eacbd0cae_1-1-thumb.webp","type":"image\/jpeg"}],"twitter_card":"summary_large_image","twitter_misc":{"Arvioitu lukuaika":"1 minuutti"},"schema":{"@context":"https:\/\/schema.org","@graph":[{"@type":"WebPage","@id":"https:\/\/www.sts-education.com\/fi\/vaihto-oppilas\/vaihto-oppilasvuoden-aikana\/welcome-camp\/","url":"https:\/\/www.sts-education.com\/fi\/vaihto-oppilas\/vaihto-oppilasvuoden-aikana\/welcome-camp\/","name":"Aloita vaihtovuotesi Welcome Campill\u00e4 | STS","isPartOf":{"@id":"https:\/\/www.sts-education.com\/fi\/#website"},"primaryImageOfPage":{"@id":"https:\/\/www.sts-education.com\/fi\/vaihto-oppilas\/vaihto-oppilasvuoden-aikana\/welcome-camp\/#primaryimage"},"image":{"@id":"https:\/\/www.sts-education.com\/fi\/vaihto-oppilas\/vaihto-oppilasvuoden-aikana\/welcome-camp\/#primaryimage"},"thumbnailUrl":"https:\/\/powered-by.qbank.se\/educatius\/sts\/\/97cdc9382a1d068b806b8d3eacbd0cae_1-1-thumb.webp","datePublished":"2025-12-16T10:13:17+00:00","dateModified":"2026-04-01T01:28:37+00:00","description":"Aloita vaihtovuotesi Welcome Campill\u00e4 ja saa paras startti vaihdollesi! Tapaa muita saman matkan aloittavia oppilaita ja saa lis\u00e4tietoa siit\u00e4, mit\u00e4 odottaa.","breadcrumb":{"@id":"https:\/\/www.sts-education.com\/fi\/vaihto-oppilas\/vaihto-oppilasvuoden-aikana\/welcome-camp\/#breadcrumb"},"inLanguage":"fi","potentialAction":[{"@type":"ReadAction","target":["https:\/\/www.sts-education.com\/fi\/vaihto-oppilas\/vaihto-oppilasvuoden-aikana\/welcome-camp\/"]}]},{"@type":"ImageObject","inLanguage":"fi","@id":"https:\/\/www.sts-education.com\/fi\/vaihto-oppilas\/vaihto-oppilasvuoden-aikana\/welcome-camp\/#primaryimage","url":"https:\/\/powered-by.qbank.se\/educatius\/sts\/\/97cdc9382a1d068b806b8d3eacbd0cae_1-1-thumb.webp","contentUrl":"https:\/\/powered-by.qbank.se\/educatius\/sts\/\/97cdc9382a1d068b806b8d3eacbd0cae_1-1-thumb.webp","width":150,"height":150},{"@type":"BreadcrumbList","@id":"https:\/\/www.sts-education.com\/fi\/vaihto-oppilas\/vaihto-oppilasvuoden-aikana\/welcome-camp\/#breadcrumb","itemListElement":[{"@type":"ListItem","position":1,"name":"Home","item":"https:\/\/www.sts-education.com\/fi\/"},{"@type":"ListItem","position":2,"name":"Vaihto-oppilas","item":"https:\/\/www.sts-education.com\/fi\/vaihto-oppilas\/"},{"@type":"ListItem","position":3,"name":"Vaihto Oppilasvuoden Aikana","item":"https:\/\/www.sts-education.com\/fi\/vaihto-oppilas\/vaihto-oppilasvuoden-aikana\/"},{"@type":"ListItem","position":4,"name":"Welcome Camp"}]},{"@type":"WebSite","@id":"https:\/\/www.sts-education.com\/fi\/#website","url":"https:\/\/www.sts-education.com\/fi\/","name":"STS Education","description":"","potentialAction":[{"@type":"SearchAction","target":{"@type":"EntryPoint","urlTemplate":"https:\/\/www.sts-education.com\/fi\/?s={search_term_string}"},"query-input":{"@type":"PropertyValueSpecification","valueRequired":true,"valueName":"search_term_string"}}],"inLanguage":"fi"}]}},"_links":{"self":[{"href":"https:\/\/www.sts-education.com\/fi\/wp-json\/wp\/v2\/pages\/10516","targetHints":{"allow":["GET"]}}],"collection":[{"href":"https:\/\/www.sts-education.com\/fi\/wp-json\/wp\/v2\/pages"}],"about":[{"href":"https:\/\/www.sts-education.com\/fi\/wp-json\/wp\/v2\/types\/page"}],"author":[{"embeddable":true,"href":"https:\/\/www.sts-education.com\/fi\/wp-json\/wp\/v2\/users\/20"}],"replies":[{"embeddable":true,"href":"https:\/\/www.sts-education.com\/fi\/wp-json\/wp\/v2\/comments?post=10516"}],"version-history":[{"count":3,"href":"https:\/\/www.sts-education.com\/fi\/wp-json\/wp\/v2\/pages\/10516\/revisions"}],"predecessor-version":[{"id":27315,"href":"https:\/\/www.sts-education.com\/fi\/wp-json\/wp\/v2\/pages\/10516\/revisions\/27315"}],"up":[{"embeddable":true,"href":"https:\/\/www.sts-education.com\/fi\/wp-json\/wp\/v2\/pages\/10474"}],"wp:featuredmedia":[{"embeddable":true,"href":"https:\/\/www.sts-education.com\/fi\/wp-json\/wp\/v2\/media\/15526"}],"wp:attachment":[{"href":"https:\/\/www.sts-education.com\/fi\/wp-json\/wp\/v2\/media?parent=10516"}],"wp:term":[{"taxonomy":"wpw_page_folders","embeddable":true,"href":"https:\/\/www.sts-education.com\/fi\/wp-json\/wp\/v2\/wpw_page_folders?post=10516"}],"curies":[{"name":"wp","href":"https:\/\/api.w.org\/{rel}","templated":true}]}}