{"id":10517,"date":"2023-06-19T12:31:28","date_gmt":"2023-06-19T12:31:28","guid":{"rendered":"https:\/\/preprod.sts-education.com\/isantaperheeksi\/family-stories\/isantaperhe-tarinat\/ahlqwistin-perhe-ruotsi\/"},"modified":"2026-03-25T14:24:20","modified_gmt":"2026-03-25T14:24:20","slug":"ahlqwistin-perhe-ruotsi","status":"publish","type":"page","link":"https:\/\/www.sts-education.com\/fi\/isantaperheeksi\/family-stories\/isantaperhe-tarinat\/ahlqwistin-perhe-ruotsi\/","title":{"rendered":"Ahlqwistin Perhe Ruotsi"},"content":{"rendered":"\n<div class=\"wp-block-sts-text sts-text-editor has-max-width-md\"><div class=\"sts-text-editor__content\"><div class=\"sts-text-editor__content-inner\">\n<h1>On inspiroivaa saada toisen perheen luottamus<\/h1>\n<\/div><\/div><\/div>\n\n\n\n<div class=\"wp-block-sts-text sts-text-editor has-max-width-md\"><div class=\"sts-text-editor__content\"><div class=\"sts-text-editor__content-inner\">\n<p><em>Ruotsalainen Ahlqvistin perhe on ollut is\u00e4nt\u00e4perheen\u00e4 nelj\u00e4lle vaihto-oppilaalle, jotka ovat tulleet USA:sta, Italiasta ja Japanista.<\/em><\/p>\n<\/div><\/div><\/div>\n\n\n\n<figure class=\"wp-block-sts-image sts-block-image sts-block-image--count-1 has-max-width-md\" data-count=\"1\"><div class=\"sts-block-image__grid\"><div class=\"sts-block-image__item\"><picture class=\"sts-responsive-image has-fit-cover has-pos-top is-skeleton\"><img src=\"https:\/\/cdn.sts-education.com\/12790_hero_md.jpg\" alt=\"On inspiroivaa saada toisen perheen luottamus\" loading=\"lazy\" decoding=\"async\" fetchpriority=\"low\" sizes=\"(max-width: 736px) 100vw, 736px\"\/><\/picture><\/div><\/div><\/figure>\n\n\n\n<div class=\"wp-block-sts-text sts-text-editor has-max-width-md\"><div class=\"sts-text-editor__content\"><div class=\"sts-text-editor__content-inner\">\n<p>\u201dOleminen is\u00e4nt\u00e4perheen\u00e4 on inspiroivaa ja j\u00e4tt\u00e4\u00e4 pysyv\u00e4n vaikutuksen. Se on mielenkiintoista ja opettavaista koko perheelle. Jokainen perheenj\u00e4sen saa uusia n\u00e4k\u00f6kulmia asioihin ja uusia yst\u00e4vi\u00e4. Olemme olleet is\u00e4nt\u00e4perheen\u00e4 nelj\u00e4 kertaa: Matteo tuli Italiasta sek\u00e4 nelj\u00e4 tytt\u00f6\u00e4, jotka ovat kotoisin Italiasta, USA:sta ja Japanista. On ollut hieno kokemus n\u00e4hd\u00e4, kuinka vaihto-oppilaat kehittyv\u00e4t vuoden aikana kielitaidon, el\u00e4m\u00e4nhallintataitojen, sosiaalisten taitojen ja koulumenestyksen suhteen, ja kuinka he omaksuvat asioita kulttuuristamme. Keskustelimme usein samankaltaisuuksista ja eroavaisuuksista maidemme v\u00e4lill\u00e4, samoin yhteiskunnasta ja politiikasta eri maissa. Jokainen perheess\u00e4 oppi jotain uutta n\u00e4ist\u00e4 keskusteluista.<\/p>\n<p>Uuden perheenj\u00e4senen saaminen edes v\u00e4liaikaisesti on iso muutos itsess\u00e4\u00e4n, mutta yritimme olla muuttamatta el\u00e4m\u00e4ntyyli\u00e4mme erityisen paljon. Oppilaalle itselleenkin voi tuntua melko haastavalta tulla aivan uudenlaiseen ymp\u00e4rist\u00f6\u00f6n, mutta se on osa vaihto-oppilaaksi l\u00e4hd\u00f6n vieh\u00e4tyst\u00e4: haasteen ottamista vastaan sek\u00e4 kasvamista ja kehittymist\u00e4 vaihtoprosessin aikana.<\/p>\n<p>On my\u00f6s hienoa ja inspiroivaa kokea, ett\u00e4 on toisen perheen luottamuksen arvoinen: joku perhe on uskoutunut j\u00e4tt\u00e4m\u00e4\u00e4n nuorensa meille.\u201d<\/p>\n<\/div><\/div><\/div>\n\n","protected":false},"excerpt":{"rendered":"","protected":false},"author":20,"featured_media":0,"parent":10475,"menu_order":0,"comment_status":"closed","ping_status":"closed","template":"","meta":{"_acf_changed":false,"sts_page_background_color":"","footnotes":""},"wpw_page_folders":[528],"class_list":["post-10517","page","type-page","status-publish","hentry"],"acf":[],"yoast_head":"<!-- This site is optimized with the Yoast SEO Premium plugin v27.2 (Yoast SEO v27.2) - https:\/\/yoast.com\/product\/yoast-seo-premium-wordpress\/ -->\n<title>Ahlqwistin Perhe Ruotsi - STS Education<\/title>\n<meta name=\"robots\" content=\"index, follow, max-snippet:-1, max-image-preview:large, max-video-preview:-1\" \/>\n<link rel=\"canonical\" href=\"https:\/\/www.sts-education.com\/fi\/isantaperheeksi\/family-stories\/isantaperhe-tarinat\/ahlqwistin-perhe-ruotsi\/\" \/>\n<meta property=\"og:locale\" content=\"fi_FI\" \/>\n<meta property=\"og:type\" content=\"article\" \/>\n<meta property=\"og:title\" content=\"Ahlqwistin Perhe Ruotsi\" \/>\n<meta property=\"og:url\" content=\"https:\/\/www.sts-education.com\/fi\/isantaperheeksi\/family-stories\/isantaperhe-tarinat\/ahlqwistin-perhe-ruotsi\/\" \/>\n<meta property=\"og:site_name\" content=\"STS Education\" \/>\n<meta property=\"article:modified_time\" content=\"2026-03-25T14:24:20+00:00\" \/>\n<meta property=\"og:image\" content=\"https:\/\/cdn.sts-education.com\/12790_hero_md.jpg\" \/>\n<meta name=\"twitter:card\" content=\"summary_large_image\" \/>\n<meta name=\"twitter:label1\" content=\"Arvioitu lukuaika\" \/>\n\t<meta name=\"twitter:data1\" content=\"1 minuutti\" \/>\n<script type=\"application\/ld+json\" class=\"yoast-schema-graph\">{\"@context\":\"https:\/\/schema.org\",\"@graph\":[{\"@type\":\"WebPage\",\"@id\":\"https:\/\/www.sts-education.com\/fi\/isantaperheeksi\/family-stories\/isantaperhe-tarinat\/ahlqwistin-perhe-ruotsi\/\",\"url\":\"https:\/\/www.sts-education.com\/fi\/isantaperheeksi\/family-stories\/isantaperhe-tarinat\/ahlqwistin-perhe-ruotsi\/\",\"name\":\"Ahlqwistin Perhe Ruotsi - STS Education\",\"isPartOf\":{\"@id\":\"https:\/\/www.sts-education.com\/fi\/#website\"},\"primaryImageOfPage\":{\"@id\":\"https:\/\/www.sts-education.com\/fi\/isantaperheeksi\/family-stories\/isantaperhe-tarinat\/ahlqwistin-perhe-ruotsi\/#primaryimage\"},\"image\":{\"@id\":\"https:\/\/www.sts-education.com\/fi\/isantaperheeksi\/family-stories\/isantaperhe-tarinat\/ahlqwistin-perhe-ruotsi\/#primaryimage\"},\"thumbnailUrl\":\"https:\/\/cdn.sts-education.com\/12790_hero_md.jpg\",\"datePublished\":\"2023-06-19T12:31:28+00:00\",\"dateModified\":\"2026-03-25T14:24:20+00:00\",\"breadcrumb\":{\"@id\":\"https:\/\/www.sts-education.com\/fi\/isantaperheeksi\/family-stories\/isantaperhe-tarinat\/ahlqwistin-perhe-ruotsi\/#breadcrumb\"},\"inLanguage\":\"fi\",\"potentialAction\":[{\"@type\":\"ReadAction\",\"target\":[\"https:\/\/www.sts-education.com\/fi\/isantaperheeksi\/family-stories\/isantaperhe-tarinat\/ahlqwistin-perhe-ruotsi\/\"]}]},{\"@type\":\"ImageObject\",\"inLanguage\":\"fi\",\"@id\":\"https:\/\/www.sts-education.com\/fi\/isantaperheeksi\/family-stories\/isantaperhe-tarinat\/ahlqwistin-perhe-ruotsi\/#primaryimage\",\"url\":\"https:\/\/cdn.sts-education.com\/12790_hero_md.jpg\",\"contentUrl\":\"https:\/\/cdn.sts-education.com\/12790_hero_md.jpg\"},{\"@type\":\"BreadcrumbList\",\"@id\":\"https:\/\/www.sts-education.com\/fi\/isantaperheeksi\/family-stories\/isantaperhe-tarinat\/ahlqwistin-perhe-ruotsi\/#breadcrumb\",\"itemListElement\":[{\"@type\":\"ListItem\",\"position\":1,\"name\":\"Home\",\"item\":\"https:\/\/www.sts-education.com\/fi\/\"},{\"@type\":\"ListItem\",\"position\":2,\"name\":\"Isantaperheeksi\",\"item\":\"https:\/\/www.sts-education.com\/fi\/isantaperheeksi\/\"},{\"@type\":\"ListItem\",\"position\":3,\"name\":\"Family Stories\",\"item\":\"https:\/\/www.sts-education.com\/fi\/isantaperheeksi\/family-stories\/\"},{\"@type\":\"ListItem\",\"position\":4,\"name\":\"Is\u00e4nt\u00e4perheiden kokemuksia\",\"item\":\"https:\/\/www.sts-education.com\/fi\/isantaperheeksi\/family-stories\/isantaperhe-tarinat\/\"},{\"@type\":\"ListItem\",\"position\":5,\"name\":\"Ahlqwistin Perhe Ruotsi\"}]},{\"@type\":\"WebSite\",\"@id\":\"https:\/\/www.sts-education.com\/fi\/#website\",\"url\":\"https:\/\/www.sts-education.com\/fi\/\",\"name\":\"STS Education\",\"description\":\"\",\"potentialAction\":[{\"@type\":\"SearchAction\",\"target\":{\"@type\":\"EntryPoint\",\"urlTemplate\":\"https:\/\/www.sts-education.com\/fi\/?s={search_term_string}\"},\"query-input\":{\"@type\":\"PropertyValueSpecification\",\"valueRequired\":true,\"valueName\":\"search_term_string\"}}],\"inLanguage\":\"fi\"}]}<\/script>\n<!-- \/ Yoast SEO Premium plugin. -->","yoast_head_json":{"title":"Ahlqwistin Perhe Ruotsi - STS Education","robots":{"index":"index","follow":"follow","max-snippet":"max-snippet:-1","max-image-preview":"max-image-preview:large","max-video-preview":"max-video-preview:-1"},"canonical":"https:\/\/www.sts-education.com\/fi\/isantaperheeksi\/family-stories\/isantaperhe-tarinat\/ahlqwistin-perhe-ruotsi\/","og_locale":"fi_FI","og_type":"article","og_title":"Ahlqwistin Perhe Ruotsi","og_url":"https:\/\/www.sts-education.com\/fi\/isantaperheeksi\/family-stories\/isantaperhe-tarinat\/ahlqwistin-perhe-ruotsi\/","og_site_name":"STS Education","article_modified_time":"2026-03-25T14:24:20+00:00","og_image":[{"url":"https:\/\/cdn.sts-education.com\/12790_hero_md.jpg","type":"","width":"","height":""}],"twitter_card":"summary_large_image","twitter_misc":{"Arvioitu lukuaika":"1 minuutti"},"schema":{"@context":"https:\/\/schema.org","@graph":[{"@type":"WebPage","@id":"https:\/\/www.sts-education.com\/fi\/isantaperheeksi\/family-stories\/isantaperhe-tarinat\/ahlqwistin-perhe-ruotsi\/","url":"https:\/\/www.sts-education.com\/fi\/isantaperheeksi\/family-stories\/isantaperhe-tarinat\/ahlqwistin-perhe-ruotsi\/","name":"Ahlqwistin Perhe Ruotsi - STS Education","isPartOf":{"@id":"https:\/\/www.sts-education.com\/fi\/#website"},"primaryImageOfPage":{"@id":"https:\/\/www.sts-education.com\/fi\/isantaperheeksi\/family-stories\/isantaperhe-tarinat\/ahlqwistin-perhe-ruotsi\/#primaryimage"},"image":{"@id":"https:\/\/www.sts-education.com\/fi\/isantaperheeksi\/family-stories\/isantaperhe-tarinat\/ahlqwistin-perhe-ruotsi\/#primaryimage"},"thumbnailUrl":"https:\/\/cdn.sts-education.com\/12790_hero_md.jpg","datePublished":"2023-06-19T12:31:28+00:00","dateModified":"2026-03-25T14:24:20+00:00","breadcrumb":{"@id":"https:\/\/www.sts-education.com\/fi\/isantaperheeksi\/family-stories\/isantaperhe-tarinat\/ahlqwistin-perhe-ruotsi\/#breadcrumb"},"inLanguage":"fi","potentialAction":[{"@type":"ReadAction","target":["https:\/\/www.sts-education.com\/fi\/isantaperheeksi\/family-stories\/isantaperhe-tarinat\/ahlqwistin-perhe-ruotsi\/"]}]},{"@type":"ImageObject","inLanguage":"fi","@id":"https:\/\/www.sts-education.com\/fi\/isantaperheeksi\/family-stories\/isantaperhe-tarinat\/ahlqwistin-perhe-ruotsi\/#primaryimage","url":"https:\/\/cdn.sts-education.com\/12790_hero_md.jpg","contentUrl":"https:\/\/cdn.sts-education.com\/12790_hero_md.jpg"},{"@type":"BreadcrumbList","@id":"https:\/\/www.sts-education.com\/fi\/isantaperheeksi\/family-stories\/isantaperhe-tarinat\/ahlqwistin-perhe-ruotsi\/#breadcrumb","itemListElement":[{"@type":"ListItem","position":1,"name":"Home","item":"https:\/\/www.sts-education.com\/fi\/"},{"@type":"ListItem","position":2,"name":"Isantaperheeksi","item":"https:\/\/www.sts-education.com\/fi\/isantaperheeksi\/"},{"@type":"ListItem","position":3,"name":"Family Stories","item":"https:\/\/www.sts-education.com\/fi\/isantaperheeksi\/family-stories\/"},{"@type":"ListItem","position":4,"name":"Is\u00e4nt\u00e4perheiden kokemuksia","item":"https:\/\/www.sts-education.com\/fi\/isantaperheeksi\/family-stories\/isantaperhe-tarinat\/"},{"@type":"ListItem","position":5,"name":"Ahlqwistin Perhe Ruotsi"}]},{"@type":"WebSite","@id":"https:\/\/www.sts-education.com\/fi\/#website","url":"https:\/\/www.sts-education.com\/fi\/","name":"STS Education","description":"","potentialAction":[{"@type":"SearchAction","target":{"@type":"EntryPoint","urlTemplate":"https:\/\/www.sts-education.com\/fi\/?s={search_term_string}"},"query-input":{"@type":"PropertyValueSpecification","valueRequired":true,"valueName":"search_term_string"}}],"inLanguage":"fi"}]}},"_links":{"self":[{"href":"https:\/\/www.sts-education.com\/fi\/wp-json\/wp\/v2\/pages\/10517","targetHints":{"allow":["GET"]}}],"collection":[{"href":"https:\/\/www.sts-education.com\/fi\/wp-json\/wp\/v2\/pages"}],"about":[{"href":"https:\/\/www.sts-education.com\/fi\/wp-json\/wp\/v2\/types\/page"}],"author":[{"embeddable":true,"href":"https:\/\/www.sts-education.com\/fi\/wp-json\/wp\/v2\/users\/20"}],"replies":[{"embeddable":true,"href":"https:\/\/www.sts-education.com\/fi\/wp-json\/wp\/v2\/comments?post=10517"}],"version-history":[{"count":2,"href":"https:\/\/www.sts-education.com\/fi\/wp-json\/wp\/v2\/pages\/10517\/revisions"}],"predecessor-version":[{"id":20682,"href":"https:\/\/www.sts-education.com\/fi\/wp-json\/wp\/v2\/pages\/10517\/revisions\/20682"}],"up":[{"embeddable":true,"href":"https:\/\/www.sts-education.com\/fi\/wp-json\/wp\/v2\/pages\/10475"}],"wp:attachment":[{"href":"https:\/\/www.sts-education.com\/fi\/wp-json\/wp\/v2\/media?parent=10517"}],"wp:term":[{"taxonomy":"wpw_page_folders","embeddable":true,"href":"https:\/\/www.sts-education.com\/fi\/wp-json\/wp\/v2\/wpw_page_folders?post=10517"}],"curies":[{"name":"wp","href":"https:\/\/api.w.org\/{rel}","templated":true}]}}