{"id":10518,"date":"2021-02-11T12:01:00","date_gmt":"2021-02-11T12:01:00","guid":{"rendered":"https:\/\/preprod.sts-education.com\/isantaperheeksi\/family-stories\/isantaperhe-tarinat\/anita-josephine-ruotsi\/"},"modified":"2026-03-25T14:23:07","modified_gmt":"2026-03-25T14:23:07","slug":"anita-josephine-ruotsi","status":"publish","type":"page","link":"https:\/\/www.sts-education.com\/fi\/isantaperheeksi\/family-stories\/isantaperhe-tarinat\/anita-josephine-ruotsi\/","title":{"rendered":"Anita Josephine Ruotsi"},"content":{"rendered":"\n<div class=\"wp-block-sts-text sts-text-editor has-max-width-md\"><div class=\"sts-text-editor__content\"><div class=\"sts-text-editor__content-inner\">\n<h1>Halusin tarjota samankaltaisen kokemuksen kuin itse sain ollessani aikoinaan teini-ik\u00e4isen\u00e4 vaihdossa<\/h1>\n<\/div><\/div><\/div>\n\n\n\n<div class=\"wp-block-sts-text sts-text-editor has-max-width-md\"><div class=\"sts-text-editor__content\"><div class=\"sts-text-editor__content-inner\">\n<p>Kun kysymme Josephinelta, Anitan host-\u00e4idilt\u00e4, miksi h\u00e4n p\u00e4\u00e4tti ryhty\u00e4 host-\u00e4idiksi, vastaus on, ett\u00e4 h\u00e4n halusi tarjota vastaavanlaisen kokemuksen kuin h\u00e4nell\u00e4 itsell\u00e4\u00e4n oli nuoruudessaan. Josephine vietti vuoden vaihto-oppilaana Ranskassa, ja pit\u00e4\u00e4 edelleen yhteytt\u00e4 silloin saamiinsa yst\u00e4viin. H\u00e4n oli yhteydess\u00e4 my\u00f6s is\u00e4nt\u00e4perheeseens\u00e4 aivan viime vuosiin saakka.<\/p>\n\n<p>17-vuotiaasta Anitasta, joka on kotoisin Pohjois-Italiasta, on tullut perheelle kuin oma tyt\u00e4r. Anita halusi vaihtoon kahdesta syyst\u00e4: Anita oli ollut itse vaihdossa Tanskassa, ja samaan aikaan tanskalainen tytt\u00f6 oli vaihdossa Italiassa. Se oli ihana kokemus ja kiinnostukseni ja rakkauteni Pohjoismaita kohtaan k\u00e4ynnistyi silloin. \u201dMonien muiden asioiden ohella Pohjoismaissa kiehtoi my\u00f6s se, miten eri tavalla ihmiset t\u00e4\u00e4ll\u00e4 j\u00e4rjest\u00e4v\u00e4t jokap\u00e4iv\u00e4isen el\u00e4m\u00e4ns\u00e4 italialaisiin verrattuna. Kaikki on Pohjoismaissa niin erilaista kuin Italiassa \u2013 koulu, miten menn\u00e4\u00e4n t\u00f6ihin ja millaista ty\u00f6el\u00e4m\u00e4 on, millaisia jokap\u00e4iv\u00e4iset rutiinit ovat ja niin edelleen.\u201d Sitten Anita p\u00e4\u00e4tti menn\u00e4 uudelleen vaihtoon vuodeksi, ja valitsi Ruotsin.<\/p>\n\n<p>Vaihto-oppilasel\u00e4m\u00e4 koronaviruspandemian aikana ei ole ollut Anitalle mitenk\u00e4\u00e4n erityisen helppoa, mutta iloisenkuuloisesta vastauksesta p\u00e4\u00e4tellen ep\u00e4tavalliset vastoink\u00e4ymiset eiv\u00e4t ole lannistaneet Anitaa tai v\u00e4hent\u00e4neet vaihtokokemuksen palkitsevuutta. Koulu siirtyi et\u00e4opetukseen melko pian sen j\u00e4lkeen, kun Anita oli tullut Uppsalaan, kaupunkiin, jossa h\u00e4n viett\u00e4isi vaihto-oppilasvuotensa. \u201dAluksi k\u00e4vin l\u00e4hiopetuksessa joka toinen viikko ja hieman my\u00f6hemmin en\u00e4\u00e4 kahden viikon v\u00e4lein. Sitten joulukuusta alkaen kaikki kouluopetus toteutettiin et\u00e4n\u00e4\u201d, Anita kertoo rennonkuuloisella asenteella hymy kasvoillaan. \u201dIsoimpia muutoksia viime kuukausina on ollut se, ett\u00e4 olen n\u00e4hnyt yst\u00e4vi\u00e4 v\u00e4hemm\u00e4n kuin tavallisesti ja se, ett\u00e4 yhteydenpitoon k\u00e4ytet\u00e4\u00e4n eri ty\u00f6kaluja kuin aiemmin. Pid\u00e4mme yh\u00e4 yhteytt\u00e4 et\u00e4tapaamisten avulla, mutta eih\u00e4n se ole sama asia kuin kohtaaminen kasvotusten. Kaipaan my\u00f6s lentopallon pelaamista.\u201d Anita alkoi harrastaa lentopalloa heti kun saapui Ruotsiin. \u201dOdotan sit\u00e4, kun lentopallotunnit alkavat uudestaan, toivottavasti se tapahtuu pian\u201d. Toisaalta STS on j\u00e4rjest\u00e4nyt paljon erilaisia tapaamisia sek\u00e4 Ruotsissa ett\u00e4 muissa Pohjoismaissa oleville vaihto-oppilaille. Vaikka vaihtovuoteen on mahtunut haasteita, on Anita tehnyt my\u00f6s paljon sellaisia asioita, joita pystyi tekem\u00e4\u00e4n normaalimpina aikoina. Esimerkiksi sanomalehti Anitan kotikaupungissa Parmassa kirjoitti Anitan vaihtoajasta Ruotsissa artikkelin, jota Anitan host-\u00e4iti n\u00e4ytt\u00e4\u00e4 ylpe\u00e4n\u00e4. Artikkelissa on kuva, jossa Anita on yhdess\u00e4 is\u00e4nt\u00e4perheens\u00e4 kanssa ja tekee tortelliineja, joka on Anitan kotimaakunnassa Emilia-Romagnassa tyypillinen ruoka.<\/p>\n\n<p>Uusia ja itselle aiemmin ep\u00e4tyypillisi\u00e4 rutiineja on liittynyt vaihtovuoden aikana paitsi vaihto-ohjelmaan yleisesti, my\u00f6s vapaa-aikaan ja lomiin, eik\u00e4 joulu ollut poikkeus. Toisaalta jouluun liittyi paljon mukavia muistoja, jotka syntyiv\u00e4t ruotsalaisten jouluperinteiden kokemisesta ensimm\u00e4ist\u00e4 kertaa. \u201dTykk\u00e4\u00e4n tosi paljon piparkakkutalon leipomisesta ja siit\u00e4, ett\u00e4 sain katsoa Joulukalenteri-ohjelmaa is\u00e4nt\u00e4perheeni seurassa \u2013 n\u00e4m\u00e4 asiat olivat minulle aivan uusia. Tykk\u00e4\u00e4n todella paljon siit\u00e4, kun istutaan yhdess\u00e4 ja katsotaan televisiota.\u201d Lis\u00e4ksi Josephine mainitsee, ett\u00e4: \u201dJouluna oli mahdollisuus pit\u00e4\u00e4 videochatin avulla yhteytt\u00e4 italialaisiin perheenj\u00e4seniin, jotka olivat samaan aikaan ulkomailla.\u201d Josephinen perheen poika on vaihdossa Irlannissa. H\u00e4n l\u00e4hti Irlantiin vain muutama p\u00e4iv\u00e4 sen j\u00e4lkeen, kun Anita oli matkustanut Italiasta Ruotsiin. Niinp\u00e4 kaikista oli mukavaa, kun h\u00e4neen oltiin my\u00f6s yhteydess\u00e4 jouluna.<\/p>\n\n<p>Puhuessamme Anitan kanssa ei koti-ik\u00e4v\u00e4 nouse esille kuin muutamaksi minuutiksi. Anitan innostus el\u00e4m\u00e4\u00e4n Ruotsissa poisti kaiken ep\u00e4ilyksen mahdollisista vaikeuksista ja haasteista, joita ulkomailla oloon liittyy. Et\u00e4isyys kotimaahan ei my\u00f6sk\u00e4\u00e4n tuntunut vaivaavan siihen verrattuna, miten kivaa ja mielenkiintoista on olla ulkomailla. \u201dT\u00e4m\u00e4 voi kuulostaa oudolta, mutta s\u00e4\u00e4nn\u00f6lliset videotapaamiset italialaisen perheeni kanssa rentouttivat minua ja koti-ik\u00e4v\u00e4 v\u00e4heni. Videotapaamiset olivat parempi tapa kuin ett\u00e4 en olisi pit\u00e4nyt yhteytt\u00e4 perheeseeni ollenkaan.\u201d T\u00e4m\u00e4 voi olla hyv\u00e4n\u00e4 neuvona kaikille, jotka ajattelevat vaihto-oppilaaksi l\u00e4htemist\u00e4. Jokainen on tietysti yksil\u00f6, ja k\u00e4sittelee koti-ik\u00e4v\u00e4\u00e4 ja et\u00e4isyytt\u00e4 omalla tavallaan. Anita on iloinen, kun p\u00e4\u00e4tti l\u00e4hte\u00e4 vaihtoon, ja rohkaisee kaikkia muita ainakin harkitsemaan t\u00e4llaista kokemusta. \u201dKannattaa vain l\u00e4hte\u00e4! Se on hieno kokemus! Vaikka aluksi ei v\u00e4ltt\u00e4m\u00e4tt\u00e4 ole helppoa j\u00e4tt\u00e4\u00e4 perhett\u00e4 ja yst\u00e4vi\u00e4 kotimaassa, on vaihto-oppilaaksi l\u00e4hteminen kaiken kokemuksen arvoinen asia!\u201d<\/p>\n\n<p><strong>Anita ja Josephine, Ruotsi<\/strong><\/p>\n<\/div><\/div><\/div>\n\n","protected":false},"excerpt":{"rendered":"","protected":false},"author":20,"featured_media":0,"parent":10475,"menu_order":0,"comment_status":"closed","ping_status":"closed","template":"","meta":{"_acf_changed":false,"sts_page_background_color":"","footnotes":""},"wpw_page_folders":[528],"class_list":["post-10518","page","type-page","status-publish","hentry"],"acf":[],"yoast_head":"<!-- This site is optimized with the Yoast SEO Premium plugin v27.2 (Yoast SEO v27.2) - https:\/\/yoast.com\/product\/yoast-seo-premium-wordpress\/ -->\n<title>Anita Josephine Ruotsi - STS Education<\/title>\n<meta name=\"robots\" content=\"index, follow, max-snippet:-1, max-image-preview:large, max-video-preview:-1\" \/>\n<link rel=\"canonical\" href=\"https:\/\/www.sts-education.com\/fi\/isantaperheeksi\/family-stories\/isantaperhe-tarinat\/anita-josephine-ruotsi\/\" \/>\n<meta property=\"og:locale\" content=\"fi_FI\" \/>\n<meta property=\"og:type\" content=\"article\" \/>\n<meta property=\"og:title\" content=\"Anita Josephine Ruotsi\" \/>\n<meta property=\"og:url\" content=\"https:\/\/www.sts-education.com\/fi\/isantaperheeksi\/family-stories\/isantaperhe-tarinat\/anita-josephine-ruotsi\/\" \/>\n<meta property=\"og:site_name\" content=\"STS Education\" \/>\n<meta property=\"article:modified_time\" content=\"2026-03-25T14:23:07+00:00\" \/>\n<meta name=\"twitter:card\" content=\"summary_large_image\" \/>\n<meta name=\"twitter:label1\" content=\"Arvioitu lukuaika\" \/>\n\t<meta name=\"twitter:data1\" content=\"3 minuuttia\" \/>\n<script type=\"application\/ld+json\" class=\"yoast-schema-graph\">{\"@context\":\"https:\/\/schema.org\",\"@graph\":[{\"@type\":\"WebPage\",\"@id\":\"https:\/\/www.sts-education.com\/fi\/isantaperheeksi\/family-stories\/isantaperhe-tarinat\/anita-josephine-ruotsi\/\",\"url\":\"https:\/\/www.sts-education.com\/fi\/isantaperheeksi\/family-stories\/isantaperhe-tarinat\/anita-josephine-ruotsi\/\",\"name\":\"Anita Josephine Ruotsi - STS Education\",\"isPartOf\":{\"@id\":\"https:\/\/www.sts-education.com\/fi\/#website\"},\"datePublished\":\"2021-02-11T12:01:00+00:00\",\"dateModified\":\"2026-03-25T14:23:07+00:00\",\"breadcrumb\":{\"@id\":\"https:\/\/www.sts-education.com\/fi\/isantaperheeksi\/family-stories\/isantaperhe-tarinat\/anita-josephine-ruotsi\/#breadcrumb\"},\"inLanguage\":\"fi\",\"potentialAction\":[{\"@type\":\"ReadAction\",\"target\":[\"https:\/\/www.sts-education.com\/fi\/isantaperheeksi\/family-stories\/isantaperhe-tarinat\/anita-josephine-ruotsi\/\"]}]},{\"@type\":\"BreadcrumbList\",\"@id\":\"https:\/\/www.sts-education.com\/fi\/isantaperheeksi\/family-stories\/isantaperhe-tarinat\/anita-josephine-ruotsi\/#breadcrumb\",\"itemListElement\":[{\"@type\":\"ListItem\",\"position\":1,\"name\":\"Home\",\"item\":\"https:\/\/www.sts-education.com\/fi\/\"},{\"@type\":\"ListItem\",\"position\":2,\"name\":\"Isantaperheeksi\",\"item\":\"https:\/\/www.sts-education.com\/fi\/isantaperheeksi\/\"},{\"@type\":\"ListItem\",\"position\":3,\"name\":\"Family Stories\",\"item\":\"https:\/\/www.sts-education.com\/fi\/isantaperheeksi\/family-stories\/\"},{\"@type\":\"ListItem\",\"position\":4,\"name\":\"Is\u00e4nt\u00e4perheiden kokemuksia\",\"item\":\"https:\/\/www.sts-education.com\/fi\/isantaperheeksi\/family-stories\/isantaperhe-tarinat\/\"},{\"@type\":\"ListItem\",\"position\":5,\"name\":\"Anita Josephine Ruotsi\"}]},{\"@type\":\"WebSite\",\"@id\":\"https:\/\/www.sts-education.com\/fi\/#website\",\"url\":\"https:\/\/www.sts-education.com\/fi\/\",\"name\":\"STS Education\",\"description\":\"\",\"potentialAction\":[{\"@type\":\"SearchAction\",\"target\":{\"@type\":\"EntryPoint\",\"urlTemplate\":\"https:\/\/www.sts-education.com\/fi\/?s={search_term_string}\"},\"query-input\":{\"@type\":\"PropertyValueSpecification\",\"valueRequired\":true,\"valueName\":\"search_term_string\"}}],\"inLanguage\":\"fi\"}]}<\/script>\n<!-- \/ Yoast SEO Premium plugin. -->","yoast_head_json":{"title":"Anita Josephine Ruotsi - STS Education","robots":{"index":"index","follow":"follow","max-snippet":"max-snippet:-1","max-image-preview":"max-image-preview:large","max-video-preview":"max-video-preview:-1"},"canonical":"https:\/\/www.sts-education.com\/fi\/isantaperheeksi\/family-stories\/isantaperhe-tarinat\/anita-josephine-ruotsi\/","og_locale":"fi_FI","og_type":"article","og_title":"Anita Josephine Ruotsi","og_url":"https:\/\/www.sts-education.com\/fi\/isantaperheeksi\/family-stories\/isantaperhe-tarinat\/anita-josephine-ruotsi\/","og_site_name":"STS Education","article_modified_time":"2026-03-25T14:23:07+00:00","twitter_card":"summary_large_image","twitter_misc":{"Arvioitu lukuaika":"3 minuuttia"},"schema":{"@context":"https:\/\/schema.org","@graph":[{"@type":"WebPage","@id":"https:\/\/www.sts-education.com\/fi\/isantaperheeksi\/family-stories\/isantaperhe-tarinat\/anita-josephine-ruotsi\/","url":"https:\/\/www.sts-education.com\/fi\/isantaperheeksi\/family-stories\/isantaperhe-tarinat\/anita-josephine-ruotsi\/","name":"Anita Josephine Ruotsi - STS Education","isPartOf":{"@id":"https:\/\/www.sts-education.com\/fi\/#website"},"datePublished":"2021-02-11T12:01:00+00:00","dateModified":"2026-03-25T14:23:07+00:00","breadcrumb":{"@id":"https:\/\/www.sts-education.com\/fi\/isantaperheeksi\/family-stories\/isantaperhe-tarinat\/anita-josephine-ruotsi\/#breadcrumb"},"inLanguage":"fi","potentialAction":[{"@type":"ReadAction","target":["https:\/\/www.sts-education.com\/fi\/isantaperheeksi\/family-stories\/isantaperhe-tarinat\/anita-josephine-ruotsi\/"]}]},{"@type":"BreadcrumbList","@id":"https:\/\/www.sts-education.com\/fi\/isantaperheeksi\/family-stories\/isantaperhe-tarinat\/anita-josephine-ruotsi\/#breadcrumb","itemListElement":[{"@type":"ListItem","position":1,"name":"Home","item":"https:\/\/www.sts-education.com\/fi\/"},{"@type":"ListItem","position":2,"name":"Isantaperheeksi","item":"https:\/\/www.sts-education.com\/fi\/isantaperheeksi\/"},{"@type":"ListItem","position":3,"name":"Family Stories","item":"https:\/\/www.sts-education.com\/fi\/isantaperheeksi\/family-stories\/"},{"@type":"ListItem","position":4,"name":"Is\u00e4nt\u00e4perheiden kokemuksia","item":"https:\/\/www.sts-education.com\/fi\/isantaperheeksi\/family-stories\/isantaperhe-tarinat\/"},{"@type":"ListItem","position":5,"name":"Anita Josephine Ruotsi"}]},{"@type":"WebSite","@id":"https:\/\/www.sts-education.com\/fi\/#website","url":"https:\/\/www.sts-education.com\/fi\/","name":"STS Education","description":"","potentialAction":[{"@type":"SearchAction","target":{"@type":"EntryPoint","urlTemplate":"https:\/\/www.sts-education.com\/fi\/?s={search_term_string}"},"query-input":{"@type":"PropertyValueSpecification","valueRequired":true,"valueName":"search_term_string"}}],"inLanguage":"fi"}]}},"_links":{"self":[{"href":"https:\/\/www.sts-education.com\/fi\/wp-json\/wp\/v2\/pages\/10518","targetHints":{"allow":["GET"]}}],"collection":[{"href":"https:\/\/www.sts-education.com\/fi\/wp-json\/wp\/v2\/pages"}],"about":[{"href":"https:\/\/www.sts-education.com\/fi\/wp-json\/wp\/v2\/types\/page"}],"author":[{"embeddable":true,"href":"https:\/\/www.sts-education.com\/fi\/wp-json\/wp\/v2\/users\/20"}],"replies":[{"embeddable":true,"href":"https:\/\/www.sts-education.com\/fi\/wp-json\/wp\/v2\/comments?post=10518"}],"version-history":[{"count":2,"href":"https:\/\/www.sts-education.com\/fi\/wp-json\/wp\/v2\/pages\/10518\/revisions"}],"predecessor-version":[{"id":20646,"href":"https:\/\/www.sts-education.com\/fi\/wp-json\/wp\/v2\/pages\/10518\/revisions\/20646"}],"up":[{"embeddable":true,"href":"https:\/\/www.sts-education.com\/fi\/wp-json\/wp\/v2\/pages\/10475"}],"wp:attachment":[{"href":"https:\/\/www.sts-education.com\/fi\/wp-json\/wp\/v2\/media?parent=10518"}],"wp:term":[{"taxonomy":"wpw_page_folders","embeddable":true,"href":"https:\/\/www.sts-education.com\/fi\/wp-json\/wp\/v2\/wpw_page_folders?post=10518"}],"curies":[{"name":"wp","href":"https:\/\/api.w.org\/{rel}","templated":true}]}}