{"id":10519,"date":"2021-02-11T11:35:44","date_gmt":"2021-02-11T11:35:44","guid":{"rendered":"https:\/\/preprod.sts-education.com\/isantaperheeksi\/family-stories\/isantaperhe-tarinat\/borgin-perhe-ruotsi\/"},"modified":"2026-04-01T02:47:41","modified_gmt":"2026-04-01T02:47:41","slug":"borgin-perhe-ruotsi","status":"publish","type":"page","link":"https:\/\/www.sts-education.com\/fi\/isantaperheeksi\/family-stories\/isantaperhe-tarinat\/borgin-perhe-ruotsi\/","title":{"rendered":"Borgin Perhe Ruotsi"},"content":{"rendered":"\n<div class=\"wp-block-sts-text sts-text-editor has-max-width-md\"><div class=\"sts-text-editor__content\"><div class=\"sts-text-editor__content-inner\">\n<h1>Ainutlaatuinen mahdollisuus, joka loppui aivan liian nopeasti<\/h1>\n<\/div><\/div><\/div>\n\n\n\n<div class=\"wp-block-sts-text sts-text-editor has-max-width-md\"><div class=\"sts-text-editor__content\"><div class=\"sts-text-editor__content-inner\">\n<p>&#8221;Meill\u00e4 oli korkeat odotukset, kun haimme vaihto-oppilaamme autolla lentokent\u00e4lt\u00e4 kylm\u00e4n\u00e4 tammikuun aamuna. Vaihto-oppilaamme oli iloinen ja puhelias alusta alkaen, ja tuntui kuin olisimme tunteneet toisemme pidemp\u00e4\u00e4nkin, koko el\u00e4m\u00e4mme ajan.<\/p>\n<\/div><\/div><\/div>\n\n\n\n<figure class=\"wp-block-sts-image sts-block-image sts-block-image--count-1 has-max-width-md\" data-count=\"1\"><div class=\"sts-block-image__grid\"><div class=\"sts-block-image__item\"><picture class=\"sts-responsive-image has-fit-cover has-pos-top is-skeleton\"><img src=\"https:\/\/cdn.sts-education.com\/1950_hero_md.jpg\" alt=\"Ainutlaatuinen mahdollisuus, joka loppui aivan liian nopeasti\" loading=\"lazy\" decoding=\"async\" fetchpriority=\"low\" sizes=\"(max-width: 736px) 100vw, 736px\"\/><\/picture><\/div><\/div><\/figure>\n\n\n\n<div class=\"wp-block-sts-text sts-text-editor has-max-width-md\"><div class=\"sts-text-editor__content\"><div class=\"sts-text-editor__content-inner\">\n<p>Vietimme paljon aikaa yhdess\u00e4 koko vaihdon ajan. Koska meill\u00e4 ei ole omia lapsia, oli erityisen kivaa kuulla, kun joku kertoi koko ajan juttuja siit\u00e4, millaista oli koulussa ja kavereiden kanssa. Vaihto-oppilaastamme tuli perheenj\u00e4senemme heti, ja aika kului liiankin nopeasti. Ennen kuin edes huomasimmekaan, h\u00e4nen oli aika l\u00e4hte\u00e4 takaisin kotiinsa. Tuntuu, ett\u00e4 t\u00e4m\u00e4 ainutlaatuinen kokemus loppui aivan liian nopeasti. Niinp\u00e4 olemme p\u00e4\u00e4tt\u00e4neet sen majoittaa kotiimme uuden vaihto-oppilaan.\u201d<\/p>\n<p><strong>Borgin perhe, B\u00e5lsta<\/strong><\/p>\n<\/div><\/div><\/div>\n\n","protected":false},"excerpt":{"rendered":"","protected":false},"author":20,"featured_media":0,"parent":10475,"menu_order":0,"comment_status":"closed","ping_status":"closed","template":"","meta":{"_acf_changed":false,"sts_page_background_color":"","footnotes":""},"wpw_page_folders":[528],"class_list":["post-10519","page","type-page","status-publish","hentry"],"acf":[],"yoast_head":"<!-- This site is optimized with the Yoast SEO Premium plugin v27.2 (Yoast SEO v27.2) - https:\/\/yoast.com\/product\/yoast-seo-premium-wordpress\/ -->\n<title>Borgin perhe, Ruotsi<\/title>\n<meta name=\"robots\" content=\"index, follow, max-snippet:-1, max-image-preview:large, max-video-preview:-1\" \/>\n<link rel=\"canonical\" href=\"https:\/\/www.sts-education.com\/fi\/isantaperheeksi\/family-stories\/isantaperhe-tarinat\/borgin-perhe-ruotsi\/\" \/>\n<meta property=\"og:locale\" content=\"fi_FI\" \/>\n<meta property=\"og:type\" content=\"article\" \/>\n<meta property=\"og:title\" content=\"Borgin Perhe Ruotsi\" \/>\n<meta property=\"og:url\" content=\"https:\/\/www.sts-education.com\/fi\/isantaperheeksi\/family-stories\/isantaperhe-tarinat\/borgin-perhe-ruotsi\/\" \/>\n<meta property=\"og:site_name\" content=\"STS Education\" \/>\n<meta property=\"article:modified_time\" content=\"2026-04-01T02:47:41+00:00\" \/>\n<meta property=\"og:image\" content=\"https:\/\/cdn.sts-education.com\/1950_hero_md.jpg\" \/>\n<meta name=\"twitter:card\" content=\"summary_large_image\" \/>\n<meta name=\"twitter:label1\" content=\"Arvioitu lukuaika\" \/>\n\t<meta name=\"twitter:data1\" content=\"1 minuutti\" \/>\n<script type=\"application\/ld+json\" class=\"yoast-schema-graph\">{\"@context\":\"https:\/\/schema.org\",\"@graph\":[{\"@type\":\"WebPage\",\"@id\":\"https:\/\/www.sts-education.com\/fi\/isantaperheeksi\/family-stories\/isantaperhe-tarinat\/borgin-perhe-ruotsi\/\",\"url\":\"https:\/\/www.sts-education.com\/fi\/isantaperheeksi\/family-stories\/isantaperhe-tarinat\/borgin-perhe-ruotsi\/\",\"name\":\"Borgin perhe, Ruotsi\",\"isPartOf\":{\"@id\":\"https:\/\/www.sts-education.com\/fi\/#website\"},\"primaryImageOfPage\":{\"@id\":\"https:\/\/www.sts-education.com\/fi\/isantaperheeksi\/family-stories\/isantaperhe-tarinat\/borgin-perhe-ruotsi\/#primaryimage\"},\"image\":{\"@id\":\"https:\/\/www.sts-education.com\/fi\/isantaperheeksi\/family-stories\/isantaperhe-tarinat\/borgin-perhe-ruotsi\/#primaryimage\"},\"thumbnailUrl\":\"https:\/\/cdn.sts-education.com\/1950_hero_md.jpg\",\"datePublished\":\"2021-02-11T11:35:44+00:00\",\"dateModified\":\"2026-04-01T02:47:41+00:00\",\"breadcrumb\":{\"@id\":\"https:\/\/www.sts-education.com\/fi\/isantaperheeksi\/family-stories\/isantaperhe-tarinat\/borgin-perhe-ruotsi\/#breadcrumb\"},\"inLanguage\":\"fi\",\"potentialAction\":[{\"@type\":\"ReadAction\",\"target\":[\"https:\/\/www.sts-education.com\/fi\/isantaperheeksi\/family-stories\/isantaperhe-tarinat\/borgin-perhe-ruotsi\/\"]}]},{\"@type\":\"ImageObject\",\"inLanguage\":\"fi\",\"@id\":\"https:\/\/www.sts-education.com\/fi\/isantaperheeksi\/family-stories\/isantaperhe-tarinat\/borgin-perhe-ruotsi\/#primaryimage\",\"url\":\"https:\/\/cdn.sts-education.com\/1950_hero_md.jpg\",\"contentUrl\":\"https:\/\/cdn.sts-education.com\/1950_hero_md.jpg\"},{\"@type\":\"BreadcrumbList\",\"@id\":\"https:\/\/www.sts-education.com\/fi\/isantaperheeksi\/family-stories\/isantaperhe-tarinat\/borgin-perhe-ruotsi\/#breadcrumb\",\"itemListElement\":[{\"@type\":\"ListItem\",\"position\":1,\"name\":\"Home\",\"item\":\"https:\/\/www.sts-education.com\/fi\/\"},{\"@type\":\"ListItem\",\"position\":2,\"name\":\"Isantaperheeksi\",\"item\":\"https:\/\/www.sts-education.com\/fi\/isantaperheeksi\/\"},{\"@type\":\"ListItem\",\"position\":3,\"name\":\"Family Stories\",\"item\":\"https:\/\/www.sts-education.com\/fi\/isantaperheeksi\/family-stories\/\"},{\"@type\":\"ListItem\",\"position\":4,\"name\":\"Is\u00e4nt\u00e4perheiden kokemuksia\",\"item\":\"https:\/\/www.sts-education.com\/fi\/isantaperheeksi\/family-stories\/isantaperhe-tarinat\/\"},{\"@type\":\"ListItem\",\"position\":5,\"name\":\"Borgin Perhe Ruotsi\"}]},{\"@type\":\"WebSite\",\"@id\":\"https:\/\/www.sts-education.com\/fi\/#website\",\"url\":\"https:\/\/www.sts-education.com\/fi\/\",\"name\":\"STS Education\",\"description\":\"\",\"potentialAction\":[{\"@type\":\"SearchAction\",\"target\":{\"@type\":\"EntryPoint\",\"urlTemplate\":\"https:\/\/www.sts-education.com\/fi\/?s={search_term_string}\"},\"query-input\":{\"@type\":\"PropertyValueSpecification\",\"valueRequired\":true,\"valueName\":\"search_term_string\"}}],\"inLanguage\":\"fi\"}]}<\/script>\n<!-- \/ Yoast SEO Premium plugin. -->","yoast_head_json":{"title":"Borgin perhe, Ruotsi","robots":{"index":"index","follow":"follow","max-snippet":"max-snippet:-1","max-image-preview":"max-image-preview:large","max-video-preview":"max-video-preview:-1"},"canonical":"https:\/\/www.sts-education.com\/fi\/isantaperheeksi\/family-stories\/isantaperhe-tarinat\/borgin-perhe-ruotsi\/","og_locale":"fi_FI","og_type":"article","og_title":"Borgin Perhe Ruotsi","og_url":"https:\/\/www.sts-education.com\/fi\/isantaperheeksi\/family-stories\/isantaperhe-tarinat\/borgin-perhe-ruotsi\/","og_site_name":"STS Education","article_modified_time":"2026-04-01T02:47:41+00:00","og_image":[{"url":"https:\/\/cdn.sts-education.com\/1950_hero_md.jpg","type":"","width":"","height":""}],"twitter_card":"summary_large_image","twitter_misc":{"Arvioitu lukuaika":"1 minuutti"},"schema":{"@context":"https:\/\/schema.org","@graph":[{"@type":"WebPage","@id":"https:\/\/www.sts-education.com\/fi\/isantaperheeksi\/family-stories\/isantaperhe-tarinat\/borgin-perhe-ruotsi\/","url":"https:\/\/www.sts-education.com\/fi\/isantaperheeksi\/family-stories\/isantaperhe-tarinat\/borgin-perhe-ruotsi\/","name":"Borgin perhe, Ruotsi","isPartOf":{"@id":"https:\/\/www.sts-education.com\/fi\/#website"},"primaryImageOfPage":{"@id":"https:\/\/www.sts-education.com\/fi\/isantaperheeksi\/family-stories\/isantaperhe-tarinat\/borgin-perhe-ruotsi\/#primaryimage"},"image":{"@id":"https:\/\/www.sts-education.com\/fi\/isantaperheeksi\/family-stories\/isantaperhe-tarinat\/borgin-perhe-ruotsi\/#primaryimage"},"thumbnailUrl":"https:\/\/cdn.sts-education.com\/1950_hero_md.jpg","datePublished":"2021-02-11T11:35:44+00:00","dateModified":"2026-04-01T02:47:41+00:00","breadcrumb":{"@id":"https:\/\/www.sts-education.com\/fi\/isantaperheeksi\/family-stories\/isantaperhe-tarinat\/borgin-perhe-ruotsi\/#breadcrumb"},"inLanguage":"fi","potentialAction":[{"@type":"ReadAction","target":["https:\/\/www.sts-education.com\/fi\/isantaperheeksi\/family-stories\/isantaperhe-tarinat\/borgin-perhe-ruotsi\/"]}]},{"@type":"ImageObject","inLanguage":"fi","@id":"https:\/\/www.sts-education.com\/fi\/isantaperheeksi\/family-stories\/isantaperhe-tarinat\/borgin-perhe-ruotsi\/#primaryimage","url":"https:\/\/cdn.sts-education.com\/1950_hero_md.jpg","contentUrl":"https:\/\/cdn.sts-education.com\/1950_hero_md.jpg"},{"@type":"BreadcrumbList","@id":"https:\/\/www.sts-education.com\/fi\/isantaperheeksi\/family-stories\/isantaperhe-tarinat\/borgin-perhe-ruotsi\/#breadcrumb","itemListElement":[{"@type":"ListItem","position":1,"name":"Home","item":"https:\/\/www.sts-education.com\/fi\/"},{"@type":"ListItem","position":2,"name":"Isantaperheeksi","item":"https:\/\/www.sts-education.com\/fi\/isantaperheeksi\/"},{"@type":"ListItem","position":3,"name":"Family Stories","item":"https:\/\/www.sts-education.com\/fi\/isantaperheeksi\/family-stories\/"},{"@type":"ListItem","position":4,"name":"Is\u00e4nt\u00e4perheiden kokemuksia","item":"https:\/\/www.sts-education.com\/fi\/isantaperheeksi\/family-stories\/isantaperhe-tarinat\/"},{"@type":"ListItem","position":5,"name":"Borgin Perhe Ruotsi"}]},{"@type":"WebSite","@id":"https:\/\/www.sts-education.com\/fi\/#website","url":"https:\/\/www.sts-education.com\/fi\/","name":"STS Education","description":"","potentialAction":[{"@type":"SearchAction","target":{"@type":"EntryPoint","urlTemplate":"https:\/\/www.sts-education.com\/fi\/?s={search_term_string}"},"query-input":{"@type":"PropertyValueSpecification","valueRequired":true,"valueName":"search_term_string"}}],"inLanguage":"fi"}]}},"_links":{"self":[{"href":"https:\/\/www.sts-education.com\/fi\/wp-json\/wp\/v2\/pages\/10519","targetHints":{"allow":["GET"]}}],"collection":[{"href":"https:\/\/www.sts-education.com\/fi\/wp-json\/wp\/v2\/pages"}],"about":[{"href":"https:\/\/www.sts-education.com\/fi\/wp-json\/wp\/v2\/types\/page"}],"author":[{"embeddable":true,"href":"https:\/\/www.sts-education.com\/fi\/wp-json\/wp\/v2\/users\/20"}],"replies":[{"embeddable":true,"href":"https:\/\/www.sts-education.com\/fi\/wp-json\/wp\/v2\/comments?post=10519"}],"version-history":[{"count":2,"href":"https:\/\/www.sts-education.com\/fi\/wp-json\/wp\/v2\/pages\/10519\/revisions"}],"predecessor-version":[{"id":20738,"href":"https:\/\/www.sts-education.com\/fi\/wp-json\/wp\/v2\/pages\/10519\/revisions\/20738"}],"up":[{"embeddable":true,"href":"https:\/\/www.sts-education.com\/fi\/wp-json\/wp\/v2\/pages\/10475"}],"wp:attachment":[{"href":"https:\/\/www.sts-education.com\/fi\/wp-json\/wp\/v2\/media?parent=10519"}],"wp:term":[{"taxonomy":"wpw_page_folders","embeddable":true,"href":"https:\/\/www.sts-education.com\/fi\/wp-json\/wp\/v2\/wpw_page_folders?post=10519"}],"curies":[{"name":"wp","href":"https:\/\/api.w.org\/{rel}","templated":true}]}}