{"id":10522,"date":"2021-02-22T13:05:25","date_gmt":"2021-02-22T13:05:25","guid":{"rendered":"https:\/\/preprod.sts-education.com\/isantaperheeksi\/family-stories\/isantaperhe-tarinat\/larssonin-perhe-ruotsi\/"},"modified":"2026-04-01T02:44:49","modified_gmt":"2026-04-01T02:44:49","slug":"larssonin-perhe-ruotsi","status":"publish","type":"page","link":"https:\/\/www.sts-education.com\/fi\/isantaperheeksi\/family-stories\/isantaperhe-tarinat\/larssonin-perhe-ruotsi\/","title":{"rendered":"Larssonin Perhe Ruotsi"},"content":{"rendered":"\n<div class=\"wp-block-sts-text sts-text-editor has-max-width-md\"><div class=\"sts-text-editor__content\"><div class=\"sts-text-editor__content-inner\">\n<h1>Is\u00e4nt\u00e4perheen\u00e4 oleminen on fantastista ja opettaa paljon eri asioita<\/h1>\n<\/div><\/div><\/div>\n\n\n\n<div class=\"wp-block-sts-text sts-text-editor has-max-width-md\"><div class=\"sts-text-editor__content\"><div class=\"sts-text-editor__content-inner\">\n<p>Jokaiselle is\u00e4nt\u00e4perheelle ja vaihto-oppilaalle muodostuu omat rutiininsa ja erityiset muistonsa. Vaihtoaikana l\u00f6ytyy my\u00f6s yhteisi\u00e4 kiinnostuksenkohteita. Tinelle, \u00c5salle, Stefanille ja Tellalle, jotka el\u00e4v\u00e4t Pohjois-Ruotsin Arjeplogissa, yhteisiin kiinnostuksenkohteisiin kuuluvat porojen paimennus, revontulet ja salibandy. Tine, joka tuli perheeseen Saksan M\u00fcnchenist\u00e4, on l\u00f6yt\u00e4nyt uuden kotinsa host-vanhempiensa \u00c5san ja Stefanin sek\u00e4 host-siskonsa Tellan luota Norrbottenista, mik\u00e4 on alue Pohjois-Ruotsissa.<\/p>\n\n<p>Kysytt\u00e4ess\u00e4, milt\u00e4 el\u00e4m\u00e4 tuntuu niin pieness\u00e4 paikassa niin pohjoisessa, kertoo Tine kuinka mukavia ihmiset Arjeplogissa ovat. Tinen mielest\u00e4 siihen voi vaikuttaa se, ett\u00e4 kyseess\u00e4 on pieni yhteis\u00f6, jossa kaikki ihmiset tuntevat toisensa tavalla tai toisella. H\u00e4nest\u00e4 oli my\u00f6s kivaa huomata, miten kivoja ihmiset olivat koulussa, ja miten erilainen opettajan ja oppilaan v\u00e4linen suhde on verrattuna saksalaiseen kouluun. T\u00e4m\u00e4 on osoitus siit\u00e4, ett\u00e4 koulusta voidaan tehd\u00e4 my\u00f6s paikka, jonne on kiva menn\u00e4, ja jossa viihtyy toden teolla. \u201dKun t\u00e4\u00e4ll\u00e4 joku kysyy minulta vointiani, on h\u00e4n todella kiinnostunut tiet\u00e4m\u00e4\u00e4n mit\u00e4 minulle kuuluu.\u201d<\/p>\n<\/div><\/div><\/div>\n\n\n\n<figure class=\"wp-block-sts-image sts-block-image sts-block-image--count-1 has-max-width-md\" data-count=\"1\"><div class=\"sts-block-image__grid\"><div class=\"sts-block-image__item\"><picture class=\"sts-responsive-image has-fit-cover has-pos-top is-skeleton\"><img src=\"https:\/\/cdn.sts-education.com\/11809_hero_md.jpg\" alt=\"Is\u00e4nt\u00e4perheen\u00e4 oleminen on fantastista ja opettaa paljon eri asioita\" loading=\"lazy\" decoding=\"async\" fetchpriority=\"low\" sizes=\"(max-width: 736px) 100vw, 736px\"\/><\/picture><\/div><\/div><\/figure>\n\n\n\n<div class=\"wp-block-sts-text sts-text-editor has-max-width-md\"><div class=\"sts-text-editor__content\"><div class=\"sts-text-editor__content-inner\">\n<h3>Luonto yhteisen\u00e4 kiinnostuksenkohteena<\/h3>\n<p>Luonto on yksi Tinen ja h\u00e4nen host-vanhempiensa yhteisist\u00e4 kiinnostuksenkohteista \u2013 he kaikki tykk\u00e4\u00e4v\u00e4t talvesta ja erilaisista ulkoilma-aktiviteeteista. Pimeys ei ole Tinelle mik\u00e4\u00e4n ongelma, koska ulkona on paljon tekemist\u00e4, vaikka on pime\u00e4\u00e4 ja kylm\u00e4\u00e4. \u201dArjeplogin l\u00e4hell\u00e4 on esimerkiksi laskettelukeskus, jonne tykk\u00e4\u00e4mme menn\u00e4 viikonloppuisin. Ja kerran viikossa k\u00e4yn ratsastamassa. Lis\u00e4ksi olen alkanut harrastaa my\u00f6s salibandy\u00e4.\u201d Luonto oli yksi syy my\u00f6s sille, ett\u00e4 Tine valitsi vaihtomaakseen nimenomaan Ruotsin. \u201dPari vuotta sitten lomamatkallani saksalaisen perheeni kanssa py\u00f6r\u00e4ilimme Oslosta G\u00f6teborgiin. Silloin rakastuin ruotsalaiseen luontoon.\u201d<\/p>\n<p>Stefan lis\u00e4\u00e4, ett\u00e4 perheess\u00e4 on my\u00f6s poroja. Poroista ovat huolehtineet perhetutut, jotka ovat poropaimenia, ja n\u00e4m\u00e4 tutut tulevat v\u00e4lill\u00e4 k\u00e4ym\u00e4\u00e4n ja hoitava poroja. Koska nyt my\u00f6s Tine on osa perhett\u00e4, h\u00e4nkin osallistuu poronhoitoon. Se on ollut h\u00e4nelle my\u00f6s mahdollisuus tutustua saamelaiskulttuuriin, mik\u00e4 oli aivan uusi asia.<\/p>\n<p>Mit\u00e4 tulee koti-ik\u00e4v\u00e4\u00e4n ja yhteydenpitoon saksalaisten perheenj\u00e4senten ja yst\u00e4vien kanssa, Tine kertoo: \u201dOn ollut vaikeaa olla tuntematta koti-ik\u00e4v\u00e4\u00e4, silloin kun olen ollut yhteydess\u00e4 perheeseeni ja yst\u00e4viini Saksassa. Siksi olen tehnyt p\u00e4\u00e4t\u00f6ksen, etten pid\u00e4 yhteytt\u00e4 heihin kovin usein kun olen vaihdossa. Nyt on vaikeaa kuvitella, ett\u00e4 ennen pitk\u00e4\u00e4 joudun palaamaan takaisin kotimaahani \u2013 minulla on en\u00e4\u00e4 viisi kuukautta vaihtoa j\u00e4ljell\u00e4.\u201d<\/p>\n<\/div><\/div><\/div>\n\n\n\n<figure class=\"wp-block-sts-image sts-block-image sts-block-image--count-1 has-max-width-md\" data-count=\"1\"><div class=\"sts-block-image__grid\"><div class=\"sts-block-image__item\"><picture class=\"sts-responsive-image has-fit-cover has-pos-top is-skeleton\"><img src=\"https:\/\/cdn.sts-education.com\/11810_hero_md.jpg\" alt=\"Is\u00e4nt\u00e4perheen\u00e4 oleminen on fantastista ja opettaa paljon eri asioita\" loading=\"lazy\" decoding=\"async\" fetchpriority=\"low\" sizes=\"(max-width: 736px) 100vw, 736px\"\/><\/picture><\/div><\/div><\/figure>\n\n\n\n<div class=\"wp-block-sts-text sts-text-editor has-max-width-md\"><div class=\"sts-text-editor__content\"><div class=\"sts-text-editor__content-inner\">\n<h3>Is\u00e4nt\u00e4perheen\u00e4 toista kertaa<\/h3>\n<p>\u00c5sa ja Stefan ovat jo kerran aiemmin olleet is\u00e4nt\u00e4perheen\u00e4 vaihto-oppilaalle, ja is\u00e4nt\u00e4perheen\u00e4 toimiminen viel\u00e4 toisen kerran tuntuu edelleen innostavalta. Asiat ovat sujuneet jopa entist\u00e4 sutjakkaammin toisen is\u00e4nt\u00e4perhejakson aikana. \u201dOn asioita, joihin olemme varautuneet paremmin nyt kuin edelliskerralla, ja kaikki on siten paljon rennompaa.\u201d H\u00e4n lis\u00e4\u00e4, ett\u00e4 he voisivat olla tiukempia ruotsin kielen k\u00e4yt\u00f6n kanssa, ottaen huomioon sen kuinka t\u00e4rke\u00e4\u00e4 kieli on koulumenestyst\u00e4 ajatellen. \u201dToinen asia, jonka huomasimme ensimm\u00e4isen is\u00e4nt\u00e4perhejakson j\u00e4lkeen, oli oppilaan i\u00e4n t\u00e4rkeys, ja se kuinka se vaikuttaa oppilaan sosiaaliseen el\u00e4m\u00e4\u00e4n. Esimerkiksi kun tiesimme, ett\u00e4 vaihto-oppilas on lukiossa ensimm\u00e4isen vuoden lukiolaisten kanssa, kun taas monissa muissa maissa aloitetaan koulu vuotta aiemmin kuin Ruotsissa, p\u00e4\u00e4timme ett\u00e4 valitsemme vaihto-oppilaan, joka on 16-vuotias. Silloin luokkakaverit olisivat my\u00f6s samanik\u00e4isi\u00e4.<\/p>\n<\/div><\/div><\/div>\n\n\n\n<figure class=\"wp-block-sts-image sts-block-image sts-block-image--count-1 has-max-width-md\" data-count=\"1\"><div class=\"sts-block-image__grid\"><div class=\"sts-block-image__item\"><picture class=\"sts-responsive-image has-fit-cover has-pos-top is-skeleton\"><img src=\"https:\/\/cdn.sts-education.com\/11811_hero_md.jpg\" alt=\"Is\u00e4nt\u00e4perheen\u00e4 oleminen on fantastista ja opettaa paljon eri asioita\" loading=\"lazy\" decoding=\"async\" fetchpriority=\"low\" sizes=\"(max-width: 736px) 100vw, 736px\"\/><\/picture><\/div><\/div><\/figure>\n\n\n\n<div class=\"wp-block-sts-text sts-text-editor has-max-width-md\"><div class=\"sts-text-editor__content\"><div class=\"sts-text-editor__content-inner\">\n<h3>Hakemus on t\u00e4rke\u00e4, jotta l\u00f6yt\u00e4isi oikean vaihto-oppilaan<\/h3>\n<p>Se, ett\u00e4 majoittaa kotiinsa ihmisen, jota ei ole aiemmin tuntenut, voi olla jo itsess\u00e4\u00e4n haastavaa. On siis hyvin t\u00e4rke\u00e4\u00e4 ker\u00e4t\u00e4 heti alussa esitietoa niin paljon kuin mahdollista. \u201dNeuvoisin kaikkia vaihto-oppilaita kertomaan vaihto-oppilashakemuksessaan kiinnostuksenkohteista ja mieltymyksist\u00e4 niin perusteellisesti kuin mahdollista, jotta vaihtokokemuksesta tulisi mahdollisimman mukava ja menestyksek\u00e4s.\u201d<\/p>\n<p>\u00c5sa ja Stefan suosittelevat kaikkia v\u00e4hint\u00e4\u00e4nkin miettim\u00e4\u00e4n mahdollisuutta is\u00e4nt\u00e4perheeksi ryhtymiseen. \u201dSe on ihanaa ja opettavaista, siit\u00e4 saa elinik\u00e4isi\u00e4 yst\u00e4vi\u00e4\u201d, sanoo \u00c5sa, kun haastattelu l\u00e4henee loppuaan.<\/p>\n<p>Vaihto-ohjelmaan hakeminen voi aluksi tuntua j\u00e4nnitt\u00e4v\u00e4lt\u00e4, se voi py\u00f6ri\u00e4 p\u00e4\u00e4ss\u00e4, ja sit\u00e4 tulee mietitty\u00e4 todella paljon. Ensiksi saattaa olla hyvin utelias siit\u00e4 millainen tuleva is\u00e4nt\u00e4perhe on. Sitten kun saapuu vaihtokohteeseen, kokee joka p\u00e4iv\u00e4 jotain uutta. Siit\u00e4 huolimatta on syyt\u00e4 muistaa, ett\u00e4 ensimm\u00e4inen askel vaihtokokemuksessa on jo hakuprosessi. \u00c5san sanoin on t\u00e4rke\u00e4\u00e4, ett\u00e4 sek\u00e4 vaihto-oppilashakemuksessa ett\u00e4 is\u00e4nt\u00e4perhehakemuksessa v\u00e4littyy realistinen kuva molemmista osapuolista, jotta odotukset ja ennakkok\u00e4sitykset olisivat oikeanlaisia jo ennen kuin varsinainen vaihtojakso alkaa.<\/p>\n<p>Ruotsi on laaja ja monimuotoinen maa, jossa eri alueiden v\u00e4lill\u00e4 voi olla isojakin eroja sek\u00e4 kulttuurisesti ett\u00e4 ymp\u00e4rist\u00f6n suhteen. Tinen kokemus vahvistaa, ett\u00e4 kun l\u00e4htee isosta kaupungista pieneen ja syrj\u00e4iseen kyl\u00e4\u00e4n, jossa jokap\u00e4iv\u00e4iset asiat ja aktiviteetit ovat itselle aivan uusia, voi vaihtokokemuksesta tulla erityisen hieno ja palkitseva. Kun kysyy Ruotsiin tulleilta vaihto-oppilailta, miksi he p\u00e4\u00e4ttiv\u00e4t tulla juuri Ruotsiin, korostuu monissa vastauksissa juuri Ruotsin kaunis luonto, hyv\u00e4 ja moderni kouluj\u00e4rjestelm\u00e4 sek\u00e4 mukavat pohjoismaalaiset ihmiset. Tine kertoo, ett\u00e4 h\u00e4nen vaihtokokemukseensa ja n\u00e4kemykseens\u00e4 Ruotsista sopivat juuri kaikki n\u00e4m\u00e4 edell\u00e4 mainitut seikat.<\/p>\n<p><strong>Larssonin perhe, Arjeplog.<\/strong><\/p>\n<\/div><\/div><\/div>\n\n","protected":false},"excerpt":{"rendered":"","protected":false},"author":20,"featured_media":0,"parent":10475,"menu_order":0,"comment_status":"closed","ping_status":"closed","template":"","meta":{"_acf_changed":false,"sts_page_background_color":"","footnotes":""},"wpw_page_folders":[528],"class_list":["post-10522","page","type-page","status-publish","hentry"],"acf":[],"yoast_head":"<!-- This site is optimized with the Yoast SEO Premium plugin v27.2 (Yoast SEO v27.2) - https:\/\/yoast.com\/product\/yoast-seo-premium-wordpress\/ -->\n<title>Larssonin perhe, Ruotsi<\/title>\n<meta name=\"robots\" content=\"index, follow, max-snippet:-1, max-image-preview:large, max-video-preview:-1\" \/>\n<link rel=\"canonical\" href=\"https:\/\/www.sts-education.com\/fi\/isantaperheeksi\/family-stories\/isantaperhe-tarinat\/larssonin-perhe-ruotsi\/\" \/>\n<meta property=\"og:locale\" content=\"fi_FI\" \/>\n<meta property=\"og:type\" content=\"article\" \/>\n<meta property=\"og:title\" content=\"Larssonin Perhe Ruotsi\" \/>\n<meta property=\"og:url\" content=\"https:\/\/www.sts-education.com\/fi\/isantaperheeksi\/family-stories\/isantaperhe-tarinat\/larssonin-perhe-ruotsi\/\" \/>\n<meta property=\"og:site_name\" content=\"STS Education\" \/>\n<meta property=\"article:modified_time\" content=\"2026-04-01T02:44:49+00:00\" \/>\n<meta property=\"og:image\" content=\"https:\/\/cdn.sts-education.com\/11809_hero_md.jpg\" \/>\n<meta name=\"twitter:card\" content=\"summary_large_image\" \/>\n<meta name=\"twitter:label1\" content=\"Arvioitu lukuaika\" \/>\n\t<meta name=\"twitter:data1\" content=\"4 minuuttia\" \/>\n<script type=\"application\/ld+json\" class=\"yoast-schema-graph\">{\"@context\":\"https:\/\/schema.org\",\"@graph\":[{\"@type\":\"WebPage\",\"@id\":\"https:\/\/www.sts-education.com\/fi\/isantaperheeksi\/family-stories\/isantaperhe-tarinat\/larssonin-perhe-ruotsi\/\",\"url\":\"https:\/\/www.sts-education.com\/fi\/isantaperheeksi\/family-stories\/isantaperhe-tarinat\/larssonin-perhe-ruotsi\/\",\"name\":\"Larssonin perhe, Ruotsi\",\"isPartOf\":{\"@id\":\"https:\/\/www.sts-education.com\/fi\/#website\"},\"primaryImageOfPage\":{\"@id\":\"https:\/\/www.sts-education.com\/fi\/isantaperheeksi\/family-stories\/isantaperhe-tarinat\/larssonin-perhe-ruotsi\/#primaryimage\"},\"image\":{\"@id\":\"https:\/\/www.sts-education.com\/fi\/isantaperheeksi\/family-stories\/isantaperhe-tarinat\/larssonin-perhe-ruotsi\/#primaryimage\"},\"thumbnailUrl\":\"https:\/\/cdn.sts-education.com\/11809_hero_md.jpg\",\"datePublished\":\"2021-02-22T13:05:25+00:00\",\"dateModified\":\"2026-04-01T02:44:49+00:00\",\"breadcrumb\":{\"@id\":\"https:\/\/www.sts-education.com\/fi\/isantaperheeksi\/family-stories\/isantaperhe-tarinat\/larssonin-perhe-ruotsi\/#breadcrumb\"},\"inLanguage\":\"fi\",\"potentialAction\":[{\"@type\":\"ReadAction\",\"target\":[\"https:\/\/www.sts-education.com\/fi\/isantaperheeksi\/family-stories\/isantaperhe-tarinat\/larssonin-perhe-ruotsi\/\"]}]},{\"@type\":\"ImageObject\",\"inLanguage\":\"fi\",\"@id\":\"https:\/\/www.sts-education.com\/fi\/isantaperheeksi\/family-stories\/isantaperhe-tarinat\/larssonin-perhe-ruotsi\/#primaryimage\",\"url\":\"https:\/\/cdn.sts-education.com\/11809_hero_md.jpg\",\"contentUrl\":\"https:\/\/cdn.sts-education.com\/11809_hero_md.jpg\"},{\"@type\":\"BreadcrumbList\",\"@id\":\"https:\/\/www.sts-education.com\/fi\/isantaperheeksi\/family-stories\/isantaperhe-tarinat\/larssonin-perhe-ruotsi\/#breadcrumb\",\"itemListElement\":[{\"@type\":\"ListItem\",\"position\":1,\"name\":\"Home\",\"item\":\"https:\/\/www.sts-education.com\/fi\/\"},{\"@type\":\"ListItem\",\"position\":2,\"name\":\"Isantaperheeksi\",\"item\":\"https:\/\/www.sts-education.com\/fi\/isantaperheeksi\/\"},{\"@type\":\"ListItem\",\"position\":3,\"name\":\"Family Stories\",\"item\":\"https:\/\/www.sts-education.com\/fi\/isantaperheeksi\/family-stories\/\"},{\"@type\":\"ListItem\",\"position\":4,\"name\":\"Is\u00e4nt\u00e4perheiden kokemuksia\",\"item\":\"https:\/\/www.sts-education.com\/fi\/isantaperheeksi\/family-stories\/isantaperhe-tarinat\/\"},{\"@type\":\"ListItem\",\"position\":5,\"name\":\"Larssonin Perhe Ruotsi\"}]},{\"@type\":\"WebSite\",\"@id\":\"https:\/\/www.sts-education.com\/fi\/#website\",\"url\":\"https:\/\/www.sts-education.com\/fi\/\",\"name\":\"STS Education\",\"description\":\"\",\"potentialAction\":[{\"@type\":\"SearchAction\",\"target\":{\"@type\":\"EntryPoint\",\"urlTemplate\":\"https:\/\/www.sts-education.com\/fi\/?s={search_term_string}\"},\"query-input\":{\"@type\":\"PropertyValueSpecification\",\"valueRequired\":true,\"valueName\":\"search_term_string\"}}],\"inLanguage\":\"fi\"}]}<\/script>\n<!-- \/ Yoast SEO Premium plugin. -->","yoast_head_json":{"title":"Larssonin perhe, Ruotsi","robots":{"index":"index","follow":"follow","max-snippet":"max-snippet:-1","max-image-preview":"max-image-preview:large","max-video-preview":"max-video-preview:-1"},"canonical":"https:\/\/www.sts-education.com\/fi\/isantaperheeksi\/family-stories\/isantaperhe-tarinat\/larssonin-perhe-ruotsi\/","og_locale":"fi_FI","og_type":"article","og_title":"Larssonin Perhe Ruotsi","og_url":"https:\/\/www.sts-education.com\/fi\/isantaperheeksi\/family-stories\/isantaperhe-tarinat\/larssonin-perhe-ruotsi\/","og_site_name":"STS Education","article_modified_time":"2026-04-01T02:44:49+00:00","og_image":[{"url":"https:\/\/cdn.sts-education.com\/11809_hero_md.jpg","type":"","width":"","height":""}],"twitter_card":"summary_large_image","twitter_misc":{"Arvioitu lukuaika":"4 minuuttia"},"schema":{"@context":"https:\/\/schema.org","@graph":[{"@type":"WebPage","@id":"https:\/\/www.sts-education.com\/fi\/isantaperheeksi\/family-stories\/isantaperhe-tarinat\/larssonin-perhe-ruotsi\/","url":"https:\/\/www.sts-education.com\/fi\/isantaperheeksi\/family-stories\/isantaperhe-tarinat\/larssonin-perhe-ruotsi\/","name":"Larssonin perhe, Ruotsi","isPartOf":{"@id":"https:\/\/www.sts-education.com\/fi\/#website"},"primaryImageOfPage":{"@id":"https:\/\/www.sts-education.com\/fi\/isantaperheeksi\/family-stories\/isantaperhe-tarinat\/larssonin-perhe-ruotsi\/#primaryimage"},"image":{"@id":"https:\/\/www.sts-education.com\/fi\/isantaperheeksi\/family-stories\/isantaperhe-tarinat\/larssonin-perhe-ruotsi\/#primaryimage"},"thumbnailUrl":"https:\/\/cdn.sts-education.com\/11809_hero_md.jpg","datePublished":"2021-02-22T13:05:25+00:00","dateModified":"2026-04-01T02:44:49+00:00","breadcrumb":{"@id":"https:\/\/www.sts-education.com\/fi\/isantaperheeksi\/family-stories\/isantaperhe-tarinat\/larssonin-perhe-ruotsi\/#breadcrumb"},"inLanguage":"fi","potentialAction":[{"@type":"ReadAction","target":["https:\/\/www.sts-education.com\/fi\/isantaperheeksi\/family-stories\/isantaperhe-tarinat\/larssonin-perhe-ruotsi\/"]}]},{"@type":"ImageObject","inLanguage":"fi","@id":"https:\/\/www.sts-education.com\/fi\/isantaperheeksi\/family-stories\/isantaperhe-tarinat\/larssonin-perhe-ruotsi\/#primaryimage","url":"https:\/\/cdn.sts-education.com\/11809_hero_md.jpg","contentUrl":"https:\/\/cdn.sts-education.com\/11809_hero_md.jpg"},{"@type":"BreadcrumbList","@id":"https:\/\/www.sts-education.com\/fi\/isantaperheeksi\/family-stories\/isantaperhe-tarinat\/larssonin-perhe-ruotsi\/#breadcrumb","itemListElement":[{"@type":"ListItem","position":1,"name":"Home","item":"https:\/\/www.sts-education.com\/fi\/"},{"@type":"ListItem","position":2,"name":"Isantaperheeksi","item":"https:\/\/www.sts-education.com\/fi\/isantaperheeksi\/"},{"@type":"ListItem","position":3,"name":"Family Stories","item":"https:\/\/www.sts-education.com\/fi\/isantaperheeksi\/family-stories\/"},{"@type":"ListItem","position":4,"name":"Is\u00e4nt\u00e4perheiden kokemuksia","item":"https:\/\/www.sts-education.com\/fi\/isantaperheeksi\/family-stories\/isantaperhe-tarinat\/"},{"@type":"ListItem","position":5,"name":"Larssonin Perhe Ruotsi"}]},{"@type":"WebSite","@id":"https:\/\/www.sts-education.com\/fi\/#website","url":"https:\/\/www.sts-education.com\/fi\/","name":"STS Education","description":"","potentialAction":[{"@type":"SearchAction","target":{"@type":"EntryPoint","urlTemplate":"https:\/\/www.sts-education.com\/fi\/?s={search_term_string}"},"query-input":{"@type":"PropertyValueSpecification","valueRequired":true,"valueName":"search_term_string"}}],"inLanguage":"fi"}]}},"_links":{"self":[{"href":"https:\/\/www.sts-education.com\/fi\/wp-json\/wp\/v2\/pages\/10522","targetHints":{"allow":["GET"]}}],"collection":[{"href":"https:\/\/www.sts-education.com\/fi\/wp-json\/wp\/v2\/pages"}],"about":[{"href":"https:\/\/www.sts-education.com\/fi\/wp-json\/wp\/v2\/types\/page"}],"author":[{"embeddable":true,"href":"https:\/\/www.sts-education.com\/fi\/wp-json\/wp\/v2\/users\/20"}],"replies":[{"embeddable":true,"href":"https:\/\/www.sts-education.com\/fi\/wp-json\/wp\/v2\/comments?post=10522"}],"version-history":[{"count":2,"href":"https:\/\/www.sts-education.com\/fi\/wp-json\/wp\/v2\/pages\/10522\/revisions"}],"predecessor-version":[{"id":20661,"href":"https:\/\/www.sts-education.com\/fi\/wp-json\/wp\/v2\/pages\/10522\/revisions\/20661"}],"up":[{"embeddable":true,"href":"https:\/\/www.sts-education.com\/fi\/wp-json\/wp\/v2\/pages\/10475"}],"wp:attachment":[{"href":"https:\/\/www.sts-education.com\/fi\/wp-json\/wp\/v2\/media?parent=10522"}],"wp:term":[{"taxonomy":"wpw_page_folders","embeddable":true,"href":"https:\/\/www.sts-education.com\/fi\/wp-json\/wp\/v2\/wpw_page_folders?post=10522"}],"curies":[{"name":"wp","href":"https:\/\/api.w.org\/{rel}","templated":true}]}}