{"id":10523,"date":"2022-12-19T15:21:53","date_gmt":"2022-12-19T15:21:53","guid":{"rendered":"https:\/\/preprod.sts-education.com\/isantaperheeksi\/family-stories\/isantaperhe-tarinat\/leanne-roger-uuusi-seelanti\/"},"modified":"2026-03-25T14:23:47","modified_gmt":"2026-03-25T14:23:47","slug":"leanne-roger-uuusi-seelanti","status":"publish","type":"page","link":"https:\/\/www.sts-education.com\/fi\/isantaperheeksi\/family-stories\/isantaperhe-tarinat\/leanne-roger-uuusi-seelanti\/","title":{"rendered":"Leanne Roger Uuusi Seelanti"},"content":{"rendered":"\n<div class=\"wp-block-sts-text sts-text-editor has-max-width-md\"><div class=\"sts-text-editor__content\"><div class=\"sts-text-editor__content-inner\">\n<h1>Is\u00e4nt\u00e4perheen\u00e4 toimiminen on tehnyt meist\u00e4 ison, kansainv\u00e4lisen perheen<\/h1>\n<\/div><\/div><\/div>\n\n\n\n<div class=\"wp-block-sts-text sts-text-editor has-max-width-md\"><div class=\"sts-text-editor__content\"><div class=\"sts-text-editor__content-inner\">\n<p>Leanne ja Roger Rouse Uudesta-Seelannista kuuluvat STS:n superis\u00e4nt\u00e4perheisiin. T\u00e4h\u00e4n menness\u00e4 he ovat olleet is\u00e4nt\u00e4perheen\u00e4 kahdelletoista vaihto-oppilaalle Euroopasta ja Etel\u00e4-Amerikasta. He kertovat is\u00e4nt\u00e4perhetoiminnasta:<\/p>\n\n<p>\u201dAikamme is\u00e4nt\u00e4perheen\u00e4 on laajentanut perhett\u00e4mme isoksi ja kansainv\u00e4liseksi. Se, ett\u00e4 toimii is\u00e4nt\u00e4perheen\u00e4, ja saa nuoret kotiinsa ja paikalliseen kouluel\u00e4m\u00e4\u00e4n, on ollut paras p\u00e4\u00e4t\u00f6s, jonka olemme koskaan tehneet. T\u00e4n\u00e4 p\u00e4iv\u00e4n\u00e4 omat lapsemme, jotka ovat t\u00e4ll\u00e4 hetkell\u00e4 kaksikymppisi\u00e4 ja kolmikymppisi\u00e4, kertovat ett\u00e4 heid\u00e4n parhaita yst\u00e4vi\u00e4\u00e4n ovat vaihtarit, jotka ovat asuneet luonamme.<\/p>\n<\/div><\/div><\/div>\n\n\n\n<figure class=\"wp-block-sts-image sts-block-image sts-block-image--count-1 has-max-width-md\" data-count=\"1\"><div class=\"sts-block-image__grid\"><div class=\"sts-block-image__item\"><picture class=\"sts-responsive-image has-fit-cover has-pos-top is-skeleton\"><img src=\"https:\/\/cdn.sts-education.com\/12559_hero_md.jpg\" alt=\"Is\u00e4nt\u00e4perheen\u00e4 toimiminen on tehnyt meist\u00e4 ison, kansainv\u00e4lisen perheen\" loading=\"lazy\" decoding=\"async\" fetchpriority=\"low\" sizes=\"(max-width: 736px) 100vw, 736px\"\/><\/picture><\/div><\/div><\/figure>\n\n\n\n<div class=\"wp-block-sts-text sts-text-editor has-max-width-md\"><div class=\"sts-text-editor__content\"><div class=\"sts-text-editor__content-inner\">\n<p>Joulu on meille erityist\u00e4 aikaa. Kaikkien t\u00e4h\u00e4nastisten is\u00e4nt\u00e4perhevuosien j\u00e4lkeen meill\u00e4 ei ole ollut joulua ilman entisten vaihto-oppilaiden seuraa. Vaihto-oppilaamme tulevat silloin k\u00e4ym\u00e4\u00e4n meill\u00e4 tuoden mukanaan iloa ja naurua. Muistan jonkun kerran sanoneeni, ett\u00e4 jos kaikkien maailman maiden johtajat tulisivat k\u00e4ym\u00e4\u00e4n meill\u00e4, ja n\u00e4kisiv\u00e4t kaikki nuo vaihto-oppilaat eri kulttuureista nauramassa ja vitsailemassa yhdess\u00e4 eri asioista, ei maailmassa olisi en\u00e4\u00e4 sotia.<\/p>\n<p>Aloitimme is\u00e4nt\u00e4perheen\u00e4 jo vuosia sitten, koska halusimme tuoda maailman kotiimme. Ja miten kaunis ja ihana kokemus se onkaan ollut!&quot;<\/p>\n<p><strong>Leanne &amp; Roger Rouse, Uusi Seelanti<\/strong><\/p>\n<\/div><\/div><\/div>\n\n","protected":false},"excerpt":{"rendered":"","protected":false},"author":20,"featured_media":0,"parent":10475,"menu_order":0,"comment_status":"closed","ping_status":"closed","template":"","meta":{"_acf_changed":false,"sts_page_background_color":"","footnotes":""},"wpw_page_folders":[528],"class_list":["post-10523","page","type-page","status-publish","hentry"],"acf":[],"yoast_head":"<!-- This site is optimized with the Yoast SEO Premium plugin v27.2 (Yoast SEO v27.2) - https:\/\/yoast.com\/product\/yoast-seo-premium-wordpress\/ -->\n<title>Leanne Roger Uuusi Seelanti - STS Education<\/title>\n<meta name=\"robots\" content=\"index, follow, max-snippet:-1, max-image-preview:large, max-video-preview:-1\" \/>\n<link rel=\"canonical\" href=\"https:\/\/www.sts-education.com\/fi\/isantaperheeksi\/family-stories\/isantaperhe-tarinat\/leanne-roger-uuusi-seelanti\/\" \/>\n<meta property=\"og:locale\" content=\"fi_FI\" \/>\n<meta property=\"og:type\" content=\"article\" \/>\n<meta property=\"og:title\" content=\"Leanne Roger Uuusi Seelanti\" \/>\n<meta property=\"og:url\" content=\"https:\/\/www.sts-education.com\/fi\/isantaperheeksi\/family-stories\/isantaperhe-tarinat\/leanne-roger-uuusi-seelanti\/\" \/>\n<meta property=\"og:site_name\" content=\"STS Education\" \/>\n<meta property=\"article:modified_time\" content=\"2026-03-25T14:23:47+00:00\" \/>\n<meta property=\"og:image\" content=\"https:\/\/cdn.sts-education.com\/12559_hero_md.jpg\" \/>\n<meta name=\"twitter:card\" content=\"summary_large_image\" \/>\n<meta name=\"twitter:label1\" content=\"Arvioitu lukuaika\" \/>\n\t<meta name=\"twitter:data1\" content=\"1 minuutti\" \/>\n<script type=\"application\/ld+json\" class=\"yoast-schema-graph\">{\"@context\":\"https:\/\/schema.org\",\"@graph\":[{\"@type\":\"WebPage\",\"@id\":\"https:\/\/www.sts-education.com\/fi\/isantaperheeksi\/family-stories\/isantaperhe-tarinat\/leanne-roger-uuusi-seelanti\/\",\"url\":\"https:\/\/www.sts-education.com\/fi\/isantaperheeksi\/family-stories\/isantaperhe-tarinat\/leanne-roger-uuusi-seelanti\/\",\"name\":\"Leanne Roger Uuusi Seelanti - STS Education\",\"isPartOf\":{\"@id\":\"https:\/\/www.sts-education.com\/fi\/#website\"},\"primaryImageOfPage\":{\"@id\":\"https:\/\/www.sts-education.com\/fi\/isantaperheeksi\/family-stories\/isantaperhe-tarinat\/leanne-roger-uuusi-seelanti\/#primaryimage\"},\"image\":{\"@id\":\"https:\/\/www.sts-education.com\/fi\/isantaperheeksi\/family-stories\/isantaperhe-tarinat\/leanne-roger-uuusi-seelanti\/#primaryimage\"},\"thumbnailUrl\":\"https:\/\/cdn.sts-education.com\/12559_hero_md.jpg\",\"datePublished\":\"2022-12-19T15:21:53+00:00\",\"dateModified\":\"2026-03-25T14:23:47+00:00\",\"breadcrumb\":{\"@id\":\"https:\/\/www.sts-education.com\/fi\/isantaperheeksi\/family-stories\/isantaperhe-tarinat\/leanne-roger-uuusi-seelanti\/#breadcrumb\"},\"inLanguage\":\"fi\",\"potentialAction\":[{\"@type\":\"ReadAction\",\"target\":[\"https:\/\/www.sts-education.com\/fi\/isantaperheeksi\/family-stories\/isantaperhe-tarinat\/leanne-roger-uuusi-seelanti\/\"]}]},{\"@type\":\"ImageObject\",\"inLanguage\":\"fi\",\"@id\":\"https:\/\/www.sts-education.com\/fi\/isantaperheeksi\/family-stories\/isantaperhe-tarinat\/leanne-roger-uuusi-seelanti\/#primaryimage\",\"url\":\"https:\/\/cdn.sts-education.com\/12559_hero_md.jpg\",\"contentUrl\":\"https:\/\/cdn.sts-education.com\/12559_hero_md.jpg\"},{\"@type\":\"BreadcrumbList\",\"@id\":\"https:\/\/www.sts-education.com\/fi\/isantaperheeksi\/family-stories\/isantaperhe-tarinat\/leanne-roger-uuusi-seelanti\/#breadcrumb\",\"itemListElement\":[{\"@type\":\"ListItem\",\"position\":1,\"name\":\"Home\",\"item\":\"https:\/\/www.sts-education.com\/fi\/\"},{\"@type\":\"ListItem\",\"position\":2,\"name\":\"Isantaperheeksi\",\"item\":\"https:\/\/www.sts-education.com\/fi\/isantaperheeksi\/\"},{\"@type\":\"ListItem\",\"position\":3,\"name\":\"Family Stories\",\"item\":\"https:\/\/www.sts-education.com\/fi\/isantaperheeksi\/family-stories\/\"},{\"@type\":\"ListItem\",\"position\":4,\"name\":\"Is\u00e4nt\u00e4perheiden kokemuksia\",\"item\":\"https:\/\/www.sts-education.com\/fi\/isantaperheeksi\/family-stories\/isantaperhe-tarinat\/\"},{\"@type\":\"ListItem\",\"position\":5,\"name\":\"Leanne Roger Uuusi Seelanti\"}]},{\"@type\":\"WebSite\",\"@id\":\"https:\/\/www.sts-education.com\/fi\/#website\",\"url\":\"https:\/\/www.sts-education.com\/fi\/\",\"name\":\"STS Education\",\"description\":\"\",\"potentialAction\":[{\"@type\":\"SearchAction\",\"target\":{\"@type\":\"EntryPoint\",\"urlTemplate\":\"https:\/\/www.sts-education.com\/fi\/?s={search_term_string}\"},\"query-input\":{\"@type\":\"PropertyValueSpecification\",\"valueRequired\":true,\"valueName\":\"search_term_string\"}}],\"inLanguage\":\"fi\"}]}<\/script>\n<!-- \/ Yoast SEO Premium plugin. -->","yoast_head_json":{"title":"Leanne Roger Uuusi Seelanti - STS Education","robots":{"index":"index","follow":"follow","max-snippet":"max-snippet:-1","max-image-preview":"max-image-preview:large","max-video-preview":"max-video-preview:-1"},"canonical":"https:\/\/www.sts-education.com\/fi\/isantaperheeksi\/family-stories\/isantaperhe-tarinat\/leanne-roger-uuusi-seelanti\/","og_locale":"fi_FI","og_type":"article","og_title":"Leanne Roger Uuusi Seelanti","og_url":"https:\/\/www.sts-education.com\/fi\/isantaperheeksi\/family-stories\/isantaperhe-tarinat\/leanne-roger-uuusi-seelanti\/","og_site_name":"STS Education","article_modified_time":"2026-03-25T14:23:47+00:00","og_image":[{"url":"https:\/\/cdn.sts-education.com\/12559_hero_md.jpg","type":"","width":"","height":""}],"twitter_card":"summary_large_image","twitter_misc":{"Arvioitu lukuaika":"1 minuutti"},"schema":{"@context":"https:\/\/schema.org","@graph":[{"@type":"WebPage","@id":"https:\/\/www.sts-education.com\/fi\/isantaperheeksi\/family-stories\/isantaperhe-tarinat\/leanne-roger-uuusi-seelanti\/","url":"https:\/\/www.sts-education.com\/fi\/isantaperheeksi\/family-stories\/isantaperhe-tarinat\/leanne-roger-uuusi-seelanti\/","name":"Leanne Roger Uuusi Seelanti - STS Education","isPartOf":{"@id":"https:\/\/www.sts-education.com\/fi\/#website"},"primaryImageOfPage":{"@id":"https:\/\/www.sts-education.com\/fi\/isantaperheeksi\/family-stories\/isantaperhe-tarinat\/leanne-roger-uuusi-seelanti\/#primaryimage"},"image":{"@id":"https:\/\/www.sts-education.com\/fi\/isantaperheeksi\/family-stories\/isantaperhe-tarinat\/leanne-roger-uuusi-seelanti\/#primaryimage"},"thumbnailUrl":"https:\/\/cdn.sts-education.com\/12559_hero_md.jpg","datePublished":"2022-12-19T15:21:53+00:00","dateModified":"2026-03-25T14:23:47+00:00","breadcrumb":{"@id":"https:\/\/www.sts-education.com\/fi\/isantaperheeksi\/family-stories\/isantaperhe-tarinat\/leanne-roger-uuusi-seelanti\/#breadcrumb"},"inLanguage":"fi","potentialAction":[{"@type":"ReadAction","target":["https:\/\/www.sts-education.com\/fi\/isantaperheeksi\/family-stories\/isantaperhe-tarinat\/leanne-roger-uuusi-seelanti\/"]}]},{"@type":"ImageObject","inLanguage":"fi","@id":"https:\/\/www.sts-education.com\/fi\/isantaperheeksi\/family-stories\/isantaperhe-tarinat\/leanne-roger-uuusi-seelanti\/#primaryimage","url":"https:\/\/cdn.sts-education.com\/12559_hero_md.jpg","contentUrl":"https:\/\/cdn.sts-education.com\/12559_hero_md.jpg"},{"@type":"BreadcrumbList","@id":"https:\/\/www.sts-education.com\/fi\/isantaperheeksi\/family-stories\/isantaperhe-tarinat\/leanne-roger-uuusi-seelanti\/#breadcrumb","itemListElement":[{"@type":"ListItem","position":1,"name":"Home","item":"https:\/\/www.sts-education.com\/fi\/"},{"@type":"ListItem","position":2,"name":"Isantaperheeksi","item":"https:\/\/www.sts-education.com\/fi\/isantaperheeksi\/"},{"@type":"ListItem","position":3,"name":"Family Stories","item":"https:\/\/www.sts-education.com\/fi\/isantaperheeksi\/family-stories\/"},{"@type":"ListItem","position":4,"name":"Is\u00e4nt\u00e4perheiden kokemuksia","item":"https:\/\/www.sts-education.com\/fi\/isantaperheeksi\/family-stories\/isantaperhe-tarinat\/"},{"@type":"ListItem","position":5,"name":"Leanne Roger Uuusi Seelanti"}]},{"@type":"WebSite","@id":"https:\/\/www.sts-education.com\/fi\/#website","url":"https:\/\/www.sts-education.com\/fi\/","name":"STS Education","description":"","potentialAction":[{"@type":"SearchAction","target":{"@type":"EntryPoint","urlTemplate":"https:\/\/www.sts-education.com\/fi\/?s={search_term_string}"},"query-input":{"@type":"PropertyValueSpecification","valueRequired":true,"valueName":"search_term_string"}}],"inLanguage":"fi"}]}},"_links":{"self":[{"href":"https:\/\/www.sts-education.com\/fi\/wp-json\/wp\/v2\/pages\/10523","targetHints":{"allow":["GET"]}}],"collection":[{"href":"https:\/\/www.sts-education.com\/fi\/wp-json\/wp\/v2\/pages"}],"about":[{"href":"https:\/\/www.sts-education.com\/fi\/wp-json\/wp\/v2\/types\/page"}],"author":[{"embeddable":true,"href":"https:\/\/www.sts-education.com\/fi\/wp-json\/wp\/v2\/users\/20"}],"replies":[{"embeddable":true,"href":"https:\/\/www.sts-education.com\/fi\/wp-json\/wp\/v2\/comments?post=10523"}],"version-history":[{"count":2,"href":"https:\/\/www.sts-education.com\/fi\/wp-json\/wp\/v2\/pages\/10523\/revisions"}],"predecessor-version":[{"id":20666,"href":"https:\/\/www.sts-education.com\/fi\/wp-json\/wp\/v2\/pages\/10523\/revisions\/20666"}],"up":[{"embeddable":true,"href":"https:\/\/www.sts-education.com\/fi\/wp-json\/wp\/v2\/pages\/10475"}],"wp:attachment":[{"href":"https:\/\/www.sts-education.com\/fi\/wp-json\/wp\/v2\/media?parent=10523"}],"wp:term":[{"taxonomy":"wpw_page_folders","embeddable":true,"href":"https:\/\/www.sts-education.com\/fi\/wp-json\/wp\/v2\/wpw_page_folders?post=10523"}],"curies":[{"name":"wp","href":"https:\/\/api.w.org\/{rel}","templated":true}]}}