{"id":10524,"date":"2023-03-29T07:44:30","date_gmt":"2023-03-29T07:44:30","guid":{"rendered":"https:\/\/preprod.sts-education.com\/isantaperheeksi\/family-stories\/isantaperhe-tarinat\/peterssonin-perhe-ruotsi\/"},"modified":"2026-04-01T02:45:04","modified_gmt":"2026-04-01T02:45:04","slug":"peterssonin-perhe-ruotsi","status":"publish","type":"page","link":"https:\/\/www.sts-education.com\/fi\/isantaperheeksi\/family-stories\/isantaperhe-tarinat\/peterssonin-perhe-ruotsi\/","title":{"rendered":"Peterssonin Perhe Ruotsi"},"content":{"rendered":"\n<div class=\"wp-block-sts-text sts-text-editor has-max-width-md\"><div class=\"sts-text-editor__content\"><div class=\"sts-text-editor__content-inner\">\n<h1>Petterssonin perhe oli is\u00e4nt\u00e4perheen\u00e4 saksalaiselle Philipille<\/h1>\n<\/div><\/div><\/div>\n\n\n\n<div class=\"wp-block-sts-text sts-text-editor has-max-width-md\"><div class=\"sts-text-editor__content\"><div class=\"sts-text-editor__content-inner\">\n<p>L\u00e4hteminen vaihto-oppilaaksi toiseen maahan tarkoittaa, ett\u00e4 osallistuu koulunk\u00e4yntiin paikallisessa lukiossa, ja el\u00e4\u00e4 paikallisessa is\u00e4nt\u00e4perheess\u00e4. Is\u00e4nt\u00e4perhe on keskeisess\u00e4 roolissa koko vaihtokokemuksessa. Useimmiten heid\u00e4n mielest\u00e4\u00e4n is\u00e4nt\u00e4perheen\u00e4 toimiminen on eritt\u00e4in palkitsevaa. Oppilaan ja is\u00e4nt\u00e4perheen suhteesta tulee todella l\u00e4heinen, ja syntyy el\u00e4m\u00e4nmittaisia yst\u00e4vyyssuhteita. Erika ja Stefan Pettersson kolmen lapsensa Claran (13), Alicen (15) ja Editin (17) kanssa ovat is\u00e4nt\u00e4perheen\u00e4 saksalaiselle vaihto-oppilaalle Philipille.<\/p>\n<\/div><\/div><\/div>\n\n\n\n<figure class=\"wp-block-sts-image sts-block-image sts-block-image--count-1 has-max-width-md\" data-count=\"1\"><div class=\"sts-block-image__grid\"><div class=\"sts-block-image__item\"><picture class=\"sts-responsive-image has-fit-cover has-pos-top is-skeleton\"><img src=\"https:\/\/cdn.sts-education.com\/12707_hero_md.jpg\" alt=\"Petterssonin perhe oli is\u00e4nt\u00e4perheen\u00e4 saksalaiselle Philipille\" loading=\"lazy\" decoding=\"async\" fetchpriority=\"low\" sizes=\"(max-width: 736px) 100vw, 736px\"\/><\/picture><\/div><\/div><\/figure>\n\n\n\n<div class=\"wp-block-sts-text sts-text-editor has-max-width-md\"><div class=\"sts-text-editor__content\"><div class=\"sts-text-editor__content-inner\">\n<p>Kun perheen vanhin tyt\u00e4r Edit l\u00e4hti vaihto-oppilaaksi Texasiin, sai perhe idean toimia itse jonain p\u00e4iv\u00e4n\u00e4 is\u00e4nt\u00e4perheen\u00e4.<\/p>\n<p>Stefan: \u201dJo yhden viikon j\u00e4lkeen aloimme n\u00e4hd\u00e4 Ruotsin ja tapamme tehd\u00e4 asioita uudenlaisesta n\u00e4k\u00f6kulmasta. Joskus asioihin saa uudenlaisen n\u00e4k\u00f6kulman, ja samalla oppii paljon my\u00f6s itsest\u00e4\u00e4n. Perheess\u00e4mme on uudenlaista energiaa, mutta se ei ole ollut mit\u00e4\u00e4n dramaattista. Philip on sopeutumassa ja laitamme ruokaa, siivoamme ja pesemme pyykit yhdess\u00e4. Clara, joka haluaa oppia saksaa, ajattelee ett\u00e4 vaihto-oppilas on kiva asia, ja h\u00e4nell\u00e4 on vihdoin my\u00f6s juoksuseuraa.\u201d<\/p>\n<p>Onnittelut siit\u00e4, ett\u00e4 p\u00e4\u00e4tit ryhty\u00e4 is\u00e4nt\u00e4perheeksi!<\/p>\n<h2>Philip \u2013 l\u00e4hes paikallinen julkkis<\/h2>\n<p>STS:n saksalainen vaihto-oppilas Philip, joka on vaihdossa Ruotsin Valldassa, on nyky\u00e4\u00e4n paikallinen julkkis, sill\u00e4 sanomalehti Norra Halland teki h\u00e4nest\u00e4 haastattelun. Philip kertoo is\u00e4nt\u00e4perheest\u00e4\u00e4n ja koulustaan: \u201dMinulla on ihana is\u00e4nt\u00e4perhe, johon kuuluu kolme host-siskoa, kaksi kissaa, kaksi kania ja akvaario. Minusta el\u00e4m\u00e4 ruotsalaisessa host-perheess\u00e4 on ollut vilkasta; Saksassa olen perheeni ainoa lapsi, joten t\u00e4\u00e4ll\u00e4 on erilaista. Koulussa opettajat ovat innostuneita ja oppilaat tuntuvat tykk\u00e4\u00e4v\u00e4n koulunk\u00e4ynnist\u00e4 enemm\u00e4n kuin Saksassa, he oikeasti viihtyv\u00e4t koulussa. Pid\u00e4n siit\u00e4, ett\u00e4 jokainen oppilas saa oman tietokoneen. Vaihtovuoden alussa olin v\u00e4h\u00e4n hermostunut, mutta nyt kaikki menee hyvin.\u201d Paikallisesta s\u00e4\u00e4st\u00e4 Philip kertoo: \u201dOdotan jo talvea ja toivon, ett\u00e4 tulevana talvena tulee paljon lunta. Haluaisin hiiht\u00e4\u00e4 ja lasketella!\u201d<\/p>\n<p>Toivotamme Philipille onnea ja mukavaa vaihtovuoden loppua! Kiitos kun saimme haastatella!<\/p>\n<\/div><\/div><\/div>\n\n","protected":false},"excerpt":{"rendered":"","protected":false},"author":20,"featured_media":0,"parent":10475,"menu_order":0,"comment_status":"closed","ping_status":"closed","template":"","meta":{"_acf_changed":false,"sts_page_background_color":"","footnotes":""},"wpw_page_folders":[528],"class_list":["post-10524","page","type-page","status-publish","hentry"],"acf":[],"yoast_head":"<!-- This site is optimized with the Yoast SEO Premium plugin v27.2 (Yoast SEO v27.2) - https:\/\/yoast.com\/product\/yoast-seo-premium-wordpress\/ -->\n<title>Peterssonin perhe, Ruotsi<\/title>\n<meta name=\"robots\" content=\"index, follow, max-snippet:-1, max-image-preview:large, max-video-preview:-1\" \/>\n<link rel=\"canonical\" href=\"https:\/\/www.sts-education.com\/fi\/isantaperheeksi\/family-stories\/isantaperhe-tarinat\/peterssonin-perhe-ruotsi\/\" \/>\n<meta property=\"og:locale\" content=\"fi_FI\" \/>\n<meta property=\"og:type\" content=\"article\" \/>\n<meta property=\"og:title\" content=\"Peterssonin Perhe Ruotsi\" \/>\n<meta property=\"og:url\" content=\"https:\/\/www.sts-education.com\/fi\/isantaperheeksi\/family-stories\/isantaperhe-tarinat\/peterssonin-perhe-ruotsi\/\" \/>\n<meta property=\"og:site_name\" content=\"STS Education\" \/>\n<meta property=\"article:modified_time\" content=\"2026-04-01T02:45:04+00:00\" \/>\n<meta property=\"og:image\" content=\"https:\/\/cdn.sts-education.com\/12707_hero_md.jpg\" \/>\n<meta name=\"twitter:card\" content=\"summary_large_image\" \/>\n<meta name=\"twitter:label1\" content=\"Arvioitu lukuaika\" \/>\n\t<meta name=\"twitter:data1\" content=\"2 minuuttia\" \/>\n<script type=\"application\/ld+json\" class=\"yoast-schema-graph\">{\"@context\":\"https:\/\/schema.org\",\"@graph\":[{\"@type\":\"WebPage\",\"@id\":\"https:\/\/www.sts-education.com\/fi\/isantaperheeksi\/family-stories\/isantaperhe-tarinat\/peterssonin-perhe-ruotsi\/\",\"url\":\"https:\/\/www.sts-education.com\/fi\/isantaperheeksi\/family-stories\/isantaperhe-tarinat\/peterssonin-perhe-ruotsi\/\",\"name\":\"Peterssonin perhe, Ruotsi\",\"isPartOf\":{\"@id\":\"https:\/\/www.sts-education.com\/fi\/#website\"},\"primaryImageOfPage\":{\"@id\":\"https:\/\/www.sts-education.com\/fi\/isantaperheeksi\/family-stories\/isantaperhe-tarinat\/peterssonin-perhe-ruotsi\/#primaryimage\"},\"image\":{\"@id\":\"https:\/\/www.sts-education.com\/fi\/isantaperheeksi\/family-stories\/isantaperhe-tarinat\/peterssonin-perhe-ruotsi\/#primaryimage\"},\"thumbnailUrl\":\"https:\/\/cdn.sts-education.com\/12707_hero_md.jpg\",\"datePublished\":\"2023-03-29T07:44:30+00:00\",\"dateModified\":\"2026-04-01T02:45:04+00:00\",\"breadcrumb\":{\"@id\":\"https:\/\/www.sts-education.com\/fi\/isantaperheeksi\/family-stories\/isantaperhe-tarinat\/peterssonin-perhe-ruotsi\/#breadcrumb\"},\"inLanguage\":\"fi\",\"potentialAction\":[{\"@type\":\"ReadAction\",\"target\":[\"https:\/\/www.sts-education.com\/fi\/isantaperheeksi\/family-stories\/isantaperhe-tarinat\/peterssonin-perhe-ruotsi\/\"]}]},{\"@type\":\"ImageObject\",\"inLanguage\":\"fi\",\"@id\":\"https:\/\/www.sts-education.com\/fi\/isantaperheeksi\/family-stories\/isantaperhe-tarinat\/peterssonin-perhe-ruotsi\/#primaryimage\",\"url\":\"https:\/\/cdn.sts-education.com\/12707_hero_md.jpg\",\"contentUrl\":\"https:\/\/cdn.sts-education.com\/12707_hero_md.jpg\"},{\"@type\":\"BreadcrumbList\",\"@id\":\"https:\/\/www.sts-education.com\/fi\/isantaperheeksi\/family-stories\/isantaperhe-tarinat\/peterssonin-perhe-ruotsi\/#breadcrumb\",\"itemListElement\":[{\"@type\":\"ListItem\",\"position\":1,\"name\":\"Home\",\"item\":\"https:\/\/www.sts-education.com\/fi\/\"},{\"@type\":\"ListItem\",\"position\":2,\"name\":\"Isantaperheeksi\",\"item\":\"https:\/\/www.sts-education.com\/fi\/isantaperheeksi\/\"},{\"@type\":\"ListItem\",\"position\":3,\"name\":\"Family Stories\",\"item\":\"https:\/\/www.sts-education.com\/fi\/isantaperheeksi\/family-stories\/\"},{\"@type\":\"ListItem\",\"position\":4,\"name\":\"Is\u00e4nt\u00e4perheiden kokemuksia\",\"item\":\"https:\/\/www.sts-education.com\/fi\/isantaperheeksi\/family-stories\/isantaperhe-tarinat\/\"},{\"@type\":\"ListItem\",\"position\":5,\"name\":\"Peterssonin Perhe Ruotsi\"}]},{\"@type\":\"WebSite\",\"@id\":\"https:\/\/www.sts-education.com\/fi\/#website\",\"url\":\"https:\/\/www.sts-education.com\/fi\/\",\"name\":\"STS Education\",\"description\":\"\",\"potentialAction\":[{\"@type\":\"SearchAction\",\"target\":{\"@type\":\"EntryPoint\",\"urlTemplate\":\"https:\/\/www.sts-education.com\/fi\/?s={search_term_string}\"},\"query-input\":{\"@type\":\"PropertyValueSpecification\",\"valueRequired\":true,\"valueName\":\"search_term_string\"}}],\"inLanguage\":\"fi\"}]}<\/script>\n<!-- \/ Yoast SEO Premium plugin. -->","yoast_head_json":{"title":"Peterssonin perhe, Ruotsi","robots":{"index":"index","follow":"follow","max-snippet":"max-snippet:-1","max-image-preview":"max-image-preview:large","max-video-preview":"max-video-preview:-1"},"canonical":"https:\/\/www.sts-education.com\/fi\/isantaperheeksi\/family-stories\/isantaperhe-tarinat\/peterssonin-perhe-ruotsi\/","og_locale":"fi_FI","og_type":"article","og_title":"Peterssonin Perhe Ruotsi","og_url":"https:\/\/www.sts-education.com\/fi\/isantaperheeksi\/family-stories\/isantaperhe-tarinat\/peterssonin-perhe-ruotsi\/","og_site_name":"STS Education","article_modified_time":"2026-04-01T02:45:04+00:00","og_image":[{"url":"https:\/\/cdn.sts-education.com\/12707_hero_md.jpg","type":"","width":"","height":""}],"twitter_card":"summary_large_image","twitter_misc":{"Arvioitu lukuaika":"2 minuuttia"},"schema":{"@context":"https:\/\/schema.org","@graph":[{"@type":"WebPage","@id":"https:\/\/www.sts-education.com\/fi\/isantaperheeksi\/family-stories\/isantaperhe-tarinat\/peterssonin-perhe-ruotsi\/","url":"https:\/\/www.sts-education.com\/fi\/isantaperheeksi\/family-stories\/isantaperhe-tarinat\/peterssonin-perhe-ruotsi\/","name":"Peterssonin perhe, Ruotsi","isPartOf":{"@id":"https:\/\/www.sts-education.com\/fi\/#website"},"primaryImageOfPage":{"@id":"https:\/\/www.sts-education.com\/fi\/isantaperheeksi\/family-stories\/isantaperhe-tarinat\/peterssonin-perhe-ruotsi\/#primaryimage"},"image":{"@id":"https:\/\/www.sts-education.com\/fi\/isantaperheeksi\/family-stories\/isantaperhe-tarinat\/peterssonin-perhe-ruotsi\/#primaryimage"},"thumbnailUrl":"https:\/\/cdn.sts-education.com\/12707_hero_md.jpg","datePublished":"2023-03-29T07:44:30+00:00","dateModified":"2026-04-01T02:45:04+00:00","breadcrumb":{"@id":"https:\/\/www.sts-education.com\/fi\/isantaperheeksi\/family-stories\/isantaperhe-tarinat\/peterssonin-perhe-ruotsi\/#breadcrumb"},"inLanguage":"fi","potentialAction":[{"@type":"ReadAction","target":["https:\/\/www.sts-education.com\/fi\/isantaperheeksi\/family-stories\/isantaperhe-tarinat\/peterssonin-perhe-ruotsi\/"]}]},{"@type":"ImageObject","inLanguage":"fi","@id":"https:\/\/www.sts-education.com\/fi\/isantaperheeksi\/family-stories\/isantaperhe-tarinat\/peterssonin-perhe-ruotsi\/#primaryimage","url":"https:\/\/cdn.sts-education.com\/12707_hero_md.jpg","contentUrl":"https:\/\/cdn.sts-education.com\/12707_hero_md.jpg"},{"@type":"BreadcrumbList","@id":"https:\/\/www.sts-education.com\/fi\/isantaperheeksi\/family-stories\/isantaperhe-tarinat\/peterssonin-perhe-ruotsi\/#breadcrumb","itemListElement":[{"@type":"ListItem","position":1,"name":"Home","item":"https:\/\/www.sts-education.com\/fi\/"},{"@type":"ListItem","position":2,"name":"Isantaperheeksi","item":"https:\/\/www.sts-education.com\/fi\/isantaperheeksi\/"},{"@type":"ListItem","position":3,"name":"Family Stories","item":"https:\/\/www.sts-education.com\/fi\/isantaperheeksi\/family-stories\/"},{"@type":"ListItem","position":4,"name":"Is\u00e4nt\u00e4perheiden kokemuksia","item":"https:\/\/www.sts-education.com\/fi\/isantaperheeksi\/family-stories\/isantaperhe-tarinat\/"},{"@type":"ListItem","position":5,"name":"Peterssonin Perhe Ruotsi"}]},{"@type":"WebSite","@id":"https:\/\/www.sts-education.com\/fi\/#website","url":"https:\/\/www.sts-education.com\/fi\/","name":"STS Education","description":"","potentialAction":[{"@type":"SearchAction","target":{"@type":"EntryPoint","urlTemplate":"https:\/\/www.sts-education.com\/fi\/?s={search_term_string}"},"query-input":{"@type":"PropertyValueSpecification","valueRequired":true,"valueName":"search_term_string"}}],"inLanguage":"fi"}]}},"_links":{"self":[{"href":"https:\/\/www.sts-education.com\/fi\/wp-json\/wp\/v2\/pages\/10524","targetHints":{"allow":["GET"]}}],"collection":[{"href":"https:\/\/www.sts-education.com\/fi\/wp-json\/wp\/v2\/pages"}],"about":[{"href":"https:\/\/www.sts-education.com\/fi\/wp-json\/wp\/v2\/types\/page"}],"author":[{"embeddable":true,"href":"https:\/\/www.sts-education.com\/fi\/wp-json\/wp\/v2\/users\/20"}],"replies":[{"embeddable":true,"href":"https:\/\/www.sts-education.com\/fi\/wp-json\/wp\/v2\/comments?post=10524"}],"version-history":[{"count":2,"href":"https:\/\/www.sts-education.com\/fi\/wp-json\/wp\/v2\/pages\/10524\/revisions"}],"predecessor-version":[{"id":20674,"href":"https:\/\/www.sts-education.com\/fi\/wp-json\/wp\/v2\/pages\/10524\/revisions\/20674"}],"up":[{"embeddable":true,"href":"https:\/\/www.sts-education.com\/fi\/wp-json\/wp\/v2\/pages\/10475"}],"wp:attachment":[{"href":"https:\/\/www.sts-education.com\/fi\/wp-json\/wp\/v2\/media?parent=10524"}],"wp:term":[{"taxonomy":"wpw_page_folders","embeddable":true,"href":"https:\/\/www.sts-education.com\/fi\/wp-json\/wp\/v2\/wpw_page_folders?post=10524"}],"curies":[{"name":"wp","href":"https:\/\/api.w.org\/{rel}","templated":true}]}}