{"id":10526,"date":"2021-02-11T12:01:00","date_gmt":"2021-02-11T12:01:00","guid":{"rendered":"https:\/\/preprod.sts-education.com\/isantaperheeksi\/family-stories\/isantaperhe-tarinat\/vogtin-perhe-kanada\/"},"modified":"2026-04-14T09:50:14","modified_gmt":"2026-04-14T09:50:14","slug":"vogtin-perhe-kanada","status":"publish","type":"page","link":"https:\/\/www.sts-education.com\/fi\/isantaperheeksi\/family-stories\/isantaperhe-tarinat\/vogtin-perhe-kanada\/","title":{"rendered":"Vogtin Perhe Kanada"},"content":{"rendered":"\n<section class=\"wp-block-sts-hero sts-block-hero is-variant-full-background has-text-light has-background-media\" style=\"--sts-hero-padding-mobile:0px;--sts-hero-padding-desktop:0px;--sts-hero-text-color:var(--wp--preset--color--base-10, #fff);\" data-variant=\"full-background\"><div class=\"sts-block-hero__background\"><picture class=\"sts-responsive-image has-fit-cover is-skeleton\"><img src=\"https:\/\/cdn.sts-education.com\/12788_hero_lg_xl.jpg\" alt=\"Kuinka is\u00e4nt\u00e4perheen\u00e4 oleminen voi muuttaa el\u00e4m\u00e4n pysyv\u00e4sti\" loading=\"lazy\" decoding=\"async\" fetchpriority=\"low\" sizes=\"100vw\" \/><\/picture><span class=\"sts-block-hero__overlay\" aria-hidden=\"true\"><\/span><\/div><div class=\"sts-block-hero__inner\"><div class=\"sts-block-hero__content has-align-center\"><div class=\"sts-block-hero__content-inner\"><h1 class=\"sts-block-hero__heading\">Kuinka is\u00e4nt\u00e4perheen\u00e4 oleminen voi muuttaa el\u00e4m\u00e4n pysyv\u00e4sti<\/h1><\/div><\/div><\/div><\/section>\n\n\n\n<div class=\"wp-block-sts-text sts-text-editor has-max-width-md\"><div class=\"sts-text-editor__content\"><div class=\"sts-text-editor__content-inner\">\n<p>Kun puhelin soi ja kaikki n\u00e4kiv\u00e4t, ett\u00e4 soittaja oli Gaby Ecuadorista, nousi hymy kasvoillemme. Kokoonnuimme puhelimen \u00e4\u00e4reen ja rupesimme juttelemaan kuin olisimme n\u00e4hneet toisiamme joka p\u00e4iv\u00e4.\u201d Puhelintapaamisessa olivat Gaby, Lita, Sonja ja Verena \u2013 nelj\u00e4st\u00e4 eri maasta tulevat nelj\u00e4 tytt\u00f6\u00e4, jotka eiv\u00e4t olleet muutamaa p\u00e4iv\u00e4\u00e4 aiemmin koskaan tavanneet toisiaan. Heit\u00e4 kaikkia yhdisti kesken\u00e4\u00e4n yksi syv\u00e4 side: he kaikki olivat olleet vaihto-oppilaina Kanadan Brittil\u00e4isess\u00e4 Kolumbiassa, ja kaikki majoittuivat saman is\u00e4nt\u00e4perheen luona vaihtovuosiensa aikana.<\/p>\n<\/div><\/div><\/div>\n\n\n\n<section class=\"wp-block-sts-video sts-block-video sts-block-video--landscape has-max-width-lg\"><div class=\"sts-video sts-video--landscape\"><div class=\"sts-video__handler\"><button type=\"button\" class=\"sts-video__play-button\" aria-label=\"Play video\" aria-pressed=\"false\" data-playing=\"false\"><span class=\"sts-video__play-icon\"><img decoding=\"async\" class=\"play-icon\" src=\"data:image\/svg+xml,%3csvg%20width='32'%20height='32'%20viewBox='0%200%2032%2032'%20fill='none'%20xmlns='http:\/\/www.w3.org\/2000\/svg'%3e%3cmask%20id='mask0_2459_8201'%20style='mask-type:alpha'%20maskUnits='userSpaceOnUse'%20x='0'%20y='0'%20width='32'%20height='32'%3e%3crect%20width='32'%20height='32'%20fill='%23D9D9D9'\/%3e%3c\/mask%3e%3cg%20mask='url(%23mask0_2459_8201)'%3e%3cpath%20d='M10.667%2022.8999V9.09993C10.667%208.72216%2010.8003%208.40549%2011.067%208.14993C11.3337%207.89438%2011.6448%207.7666%2012.0003%207.7666C12.1114%207.7666%2012.2281%207.78327%2012.3503%207.8166C12.4725%207.84993%2012.5892%207.89993%2012.7003%207.9666L23.567%2014.8666C23.767%2014.9999%2023.917%2015.1666%2024.017%2015.3666C24.117%2015.5666%2024.167%2015.7777%2024.167%2015.9999C24.167%2016.2222%2024.117%2016.4333%2024.017%2016.6333C23.917%2016.8333%2023.767%2016.9999%2023.567%2017.1333L12.7003%2024.0333C12.5892%2024.0999%2012.4725%2024.1499%2012.3503%2024.1833C12.2281%2024.2166%2012.1114%2024.2333%2012.0003%2024.2333C11.6448%2024.2333%2011.3337%2024.1055%2011.067%2023.8499C10.8003%2023.5944%2010.667%2023.2777%2010.667%2022.8999Z'%20fill='black'\/%3e%3c\/g%3e%3c\/svg%3e\" alt=\"\" aria-hidden=\"true\"\/><img decoding=\"async\" class=\"pause-icon\" src=\"data:image\/svg+xml,%3csvg%20width='32'%20height='32'%20viewBox='0%200%2032%2032'%20fill='none'%20xmlns='http:\/\/www.w3.org\/2000\/svg'%3e%3cmask%20id='mask0_pause'%20style='mask-type:alpha'%20maskUnits='userSpaceOnUse'%20x='0'%20y='0'%20width='32'%20height='32'%3e%3crect%20width='32'%20height='32'%20fill='%23D9D9D9'\/%3e%3c\/mask%3e%3cg%20mask='url(%23mask0_pause)'%3e%3c!--%20Left%20bar%20--%3e%3crect%20x='10'%20y='8'%20width='4'%20height='16'%20rx='1'%20fill='black'\/%3e%3c!--%20Right%20bar%20--%3e%3crect%20x='18'%20y='8'%20width='4'%20height='16'%20rx='1'%20fill='black'\/%3e%3c\/g%3e%3c\/svg%3e\" alt=\"\" aria-hidden=\"true\"\/><\/span><\/button><strong class=\"sts-video__duration\" data-duration-prefix=\"Video duration:\" data-unit-second=\"second\" data-unit-seconds=\"seconds\" data-unit-minute=\"minute\" data-unit-minutes=\"minutes\" aria-label=\"Video duration: 1.7 minutes\">1.7 mins<\/strong><\/div><div class=\"sts-video__media\" data-video-source=\"youtube\" data-video-url=\"\"><div class=\"sts-video__external-shell\" data-embed-url=\"https:\/\/www.youtube.com\/embed\/ehQWOD9vBks?rel=0&amp;controls=1&amp;modestbranding=1&amp;playsinline=1&amp;enablejsapi=1&amp;autoplay=0&amp;origin=https%3A%2F%2Fwww.sts-education.com\"><iframe class=\"sts-video__iframe\" src=\"https:\/\/www.youtube.com\/embed\/ehQWOD9vBks?rel=0&amp;controls=1&amp;modestbranding=1&amp;playsinline=1&amp;enablejsapi=1&amp;autoplay=0&amp;origin=https%3A%2F%2Fwww.sts-education.com\" title=\"Video poster\nheading\" allow=\"autoplay; fullscreen\" allowfullscreen loading=\"lazy\" data-provider=\"youtube\" data-embed-url=\"https:\/\/www.youtube.com\/embed\/ehQWOD9vBks?rel=0&amp;controls=1&amp;modestbranding=1&amp;playsinline=1&amp;enablejsapi=1&amp;autoplay=0&amp;origin=https%3A%2F%2Fwww.sts-education.com\"><\/iframe><\/div><\/div><\/div><\/section>\n\n\n\n<div class=\"wp-block-sts-text sts-text-editor has-max-width-md\"><div class=\"sts-text-editor__content\"><div class=\"sts-text-editor__content-inner\">\n<p>Andy ja Cheryl Vogt, joita kaikki vaihto-oppilaat kutsuvat edelleen is\u00e4ksi ja \u00e4idiksi, p\u00e4\u00e4ttiv\u00e4t ryhty\u00e4 is\u00e4nt\u00e4perheeksi ensimm\u00e4ist\u00e4 kertaa yli 10 vuotta sitten, ja ovat jatkaneet siit\u00e4 asti samalla tiell\u00e4. Vietimme heid\u00e4n kanssaan p\u00e4iv\u00e4n Oslossa, jossa n\u00e4m\u00e4 vaihto-oppilaat (Gaby\u00e4 lukuun ottamatta) kohtasivat toisensa kasvotusten l\u00e4hes ensimm\u00e4ist\u00e4 kertaa. Andy ja Cheryl olivat saapuneet Osloon Kanadasta, ja matkalla mukana oli my\u00f6s heid\u00e4n poikansa Ben. Sonja oli tullut Osloon kotimaastaan Suomesta. Verena It\u00e4vallasta tuli Norjaan nykyisest\u00e4 kotikaupungistaan Berliinist\u00e4. Lita puolestaan oli heille er\u00e4\u00e4nlaisen em\u00e4nn\u00e4n ja Oslon paikallisoppaan roolissa. Valitettavasti Gaby ei pystynyt tulemaan Ecuadorista Osloon, mutta oli porukassa henkisesti mukana pit\u00e4en ahkerasti yhteytt\u00e4 puhelimitse.<\/p>\n<h3>Kun seuraa ryhm\u00e4\u00e4 viett\u00e4m\u00e4ss\u00e4 aikaa yhdess\u00e4 ja tekee havaintoja, useat asiat nousevat selv\u00e4sti esille<\/h3>\n<p>Ensinn\u00e4kin Vogtit ovat omanlainen ja erityislaatuisen syd\u00e4mellinen perhe \u2013 mukavia, kilttej\u00e4 toisilleen, l\u00e4heisi\u00e4 ja my\u00f6s melkoisen anteliaita, avok\u00e4tisi\u00e4. He vitsailevat ja nauravat paljon, huumorintajua riitt\u00e4\u00e4. Etenkin Andy nauttii vitsailusta ja leikinlaskusta, niin kauan kun se ei loukkaa ket\u00e4\u00e4n.<\/p>\n<p>Toinen asia, jonka Vogteista havaitsee, on siteet, jotka heill\u00e4 on jokaiseen vaihto-oppilaaseen. Siteet ovat poikkeuksellisen l\u00e4heiset jokaisen kohdalla. Yst\u00e4vyyssuhteisiin vaihto-oppilaiden kanssa liittyy paljon historiaa, luottamusta ja hienoja muistoja.<\/p>\n<p>Kolmantena voimme mainita, ett\u00e4 kokemus vaihdosta muovasi heid\u00e4n kaikkien el\u00e4m\u00e4\u00e4. N\u00e4ist\u00e4 kokemuksista on ollut heille kaikille eritt\u00e4in paljon iloa ja hy\u00f6ty\u00e4. Saamme kuulla, kuinka Sonjasta tuli aiempaa avoimempi ja h\u00e4nen itseluottamuksensa kasvoi. Gabyn englannin kielen taito kehittyi harppauksin. Vogtit ovat matkustaneet jokaisen vaihto-oppilaan luokse vuorollaan. He ovat k\u00e4yneet muun muassa Norjassa ja Ecuadorissa sek\u00e4 olleet vieraina Sonjan h\u00e4iss\u00e4 Suomessa.<\/p>\n<p>Vogtit halusivat olla is\u00e4nt\u00e4perhe, koska he halusivat tarjota oppilaalle hyv\u00e4n ja turvallisen paikan el\u00e4\u00e4, runsaasti tukea sek\u00e4 unohtumattomia kokemuksia ja el\u00e4myksi\u00e4. Ja vastineeksi he saivat paljon enemm\u00e4n kuin osasivat odottaa \u2013 he saivat kokemuksia monikulttuurisuudesta heid\u00e4n omassa kodissaan. He n\u00e4kiv\u00e4t omien lastensa maailmankuvan avartuvan, he kehittyiv\u00e4t monella tavoin viisaammiksi, kypsemmiksi ja itsevarmemmiksi. Mik\u00e4 t\u00e4rkeint\u00e4, he saivat omien sanojensa mukaan nelj\u00e4 uutta tyt\u00e4rt\u00e4 perheeseens\u00e4.<\/p>\n<p>Is\u00e4nt\u00e4perheen\u00e4 toimiminen ei tietenk\u00e4\u00e4n ollut joka hetki pelkk\u00e4\u00e4 ruusuilla tanssimista \u2013 vaihtareilla oli my\u00f6s runsaasti velvollisuuksia ja heid\u00e4n odotettiin osallistuvan aktiivisesti jokap\u00e4iv\u00e4iseen perhe-el\u00e4m\u00e4\u00e4n. Kuten Andy asian ilmaisee: \u201dKun p\u00e4\u00e4timme ryhty\u00e4 is\u00e4nt\u00e4perheeksi, sanoimme ett\u00e4 tulemme kohtelemaan n\u00e4it\u00e4 nuoria aivan kuin omia lapsiamme. Heill\u00e4 ei olisi mit\u00e4\u00e4n erityisi\u00e4 s\u00e4\u00e4nt\u00f6j\u00e4 tai erityist\u00e4 suosimista, vaan samat oikeudet ja velvollisuudet kuin muillakin perheenj\u00e4senill\u00e4. Ja sen vuoksi erilaisten askareiden yhteydess\u00e4 v\u00e4lill\u00e4 tulee riitoja ja kyyneleit\u00e4, mutta onneksi vastapainona my\u00f6s huumoria ja naurua.\u201d<\/p>\n<p>Mutta mitk\u00e4\u00e4n vaikeudet ja haasteet eiv\u00e4t himmenn\u00e4 sit\u00e4 faktaa, ett\u00e4 Vogtin perheenj\u00e4senten el\u00e4m\u00e4 muuttui pysyv\u00e4sti juuri n\u00e4iden nelj\u00e4n vaihto-oppilaana olleen nuoren naisen ansiosta: \u201dHe rikastuttivat el\u00e4m\u00e4\u00e4mme todella paljon. Nyt meill\u00e4 on enemm\u00e4n ihmisi\u00e4, joita rakastaa. Kiinnyimme vahvasti n\u00e4ihin nelj\u00e4\u00e4n nuoreen. He eiv\u00e4t vain majoittuneet kotonamme, ja l\u00e4hteneet 10 kuukautta my\u00f6hemmin ta kaisin kotimaahansa, vaan heist\u00e4 tuli osa perhett\u00e4mme. Ja aina kun perhe kasvaa, se on kiva juttu ja el\u00e4m\u00e4 tuntuu vain paremmalta.\u201d<\/p>\n<p>Is\u00e4nt\u00e4perheen\u00e4 ollessa avautuu uusi maailma t\u00e4ynn\u00e4 mahdollisuuksia, kokemuksia, el\u00e4myksi\u00e4 ja l\u00e4hisuhteita \u2013 ei pelk\u00e4st\u00e4\u00e4n vaihto-oppilaille, vaan yht\u00e4 lailla heid\u00e4n is\u00e4nt\u00e4perheilleen. Sonjan musikaalisuus ja innokkuus oppia uusia asioita, Verenan periksiantamaton persoonallisuus, Gabyn ajoittaiset vaikeudet ja toisaalta yht\u00e4kkiset etenemiset englannin kielen taidossa, Litan kunnianhimoisuus ja filosofisen pohdiskeleva luonne \u2013 kaikki n\u00e4m\u00e4 persoonallisuudet toivat jotain uutta, kaunista ja aivan ihanaa Vogtien kotiin. Mit\u00e4 kaikkea sin\u00e4 tuletkaan saamaan, kun avaat ovesi ja otat vastaan.<\/p>\n<p><strong>Vogtin perhe, Kanada<\/strong><\/p>\n<\/div><\/div><\/div>\n","protected":false},"excerpt":{"rendered":"","protected":false},"author":20,"featured_media":0,"parent":10475,"menu_order":0,"comment_status":"closed","ping_status":"closed","template":"","meta":{"_acf_changed":false,"sts_page_background_color":"","footnotes":""},"wpw_page_folders":[528],"class_list":["post-10526","page","type-page","status-publish","hentry"],"acf":[],"yoast_head":"<!-- This site is optimized with the Yoast SEO Premium plugin v27.2 (Yoast SEO v27.2) - https:\/\/yoast.com\/product\/yoast-seo-premium-wordpress\/ -->\n<title>Vogtin perhe, Kanada<\/title>\n<meta name=\"robots\" content=\"index, follow, max-snippet:-1, max-image-preview:large, max-video-preview:-1\" \/>\n<link rel=\"canonical\" href=\"https:\/\/www.sts-education.com\/fi\/isantaperheeksi\/family-stories\/isantaperhe-tarinat\/vogtin-perhe-kanada\/\" \/>\n<meta property=\"og:locale\" content=\"fi_FI\" \/>\n<meta property=\"og:type\" content=\"article\" \/>\n<meta property=\"og:title\" content=\"Vogtin Perhe Kanada\" \/>\n<meta property=\"og:url\" content=\"https:\/\/www.sts-education.com\/fi\/isantaperheeksi\/family-stories\/isantaperhe-tarinat\/vogtin-perhe-kanada\/\" \/>\n<meta property=\"og:site_name\" content=\"STS Education\" \/>\n<meta property=\"article:modified_time\" content=\"2026-04-14T09:50:14+00:00\" \/>\n<meta property=\"og:image\" content=\"https:\/\/cdn.sts-education.com\/12788_hero_lg_xl.jpg\" \/>\n<meta name=\"twitter:card\" content=\"summary_large_image\" \/>\n<meta name=\"twitter:label1\" content=\"Arvioitu lukuaika\" \/>\n\t<meta name=\"twitter:data1\" content=\"4 minuuttia\" \/>\n<script type=\"application\/ld+json\" class=\"yoast-schema-graph\">{\"@context\":\"https:\/\/schema.org\",\"@graph\":[{\"@type\":\"WebPage\",\"@id\":\"https:\/\/www.sts-education.com\/fi\/isantaperheeksi\/family-stories\/isantaperhe-tarinat\/vogtin-perhe-kanada\/\",\"url\":\"https:\/\/www.sts-education.com\/fi\/isantaperheeksi\/family-stories\/isantaperhe-tarinat\/vogtin-perhe-kanada\/\",\"name\":\"Vogtin perhe, Kanada\",\"isPartOf\":{\"@id\":\"https:\/\/www.sts-education.com\/fi\/#website\"},\"primaryImageOfPage\":{\"@id\":\"https:\/\/www.sts-education.com\/fi\/isantaperheeksi\/family-stories\/isantaperhe-tarinat\/vogtin-perhe-kanada\/#primaryimage\"},\"image\":{\"@id\":\"https:\/\/www.sts-education.com\/fi\/isantaperheeksi\/family-stories\/isantaperhe-tarinat\/vogtin-perhe-kanada\/#primaryimage\"},\"thumbnailUrl\":\"https:\/\/cdn.sts-education.com\/12788_hero_lg_xl.jpg\",\"datePublished\":\"2021-02-11T12:01:00+00:00\",\"dateModified\":\"2026-04-14T09:50:14+00:00\",\"breadcrumb\":{\"@id\":\"https:\/\/www.sts-education.com\/fi\/isantaperheeksi\/family-stories\/isantaperhe-tarinat\/vogtin-perhe-kanada\/#breadcrumb\"},\"inLanguage\":\"fi\",\"potentialAction\":[{\"@type\":\"ReadAction\",\"target\":[\"https:\/\/www.sts-education.com\/fi\/isantaperheeksi\/family-stories\/isantaperhe-tarinat\/vogtin-perhe-kanada\/\"]}]},{\"@type\":\"ImageObject\",\"inLanguage\":\"fi\",\"@id\":\"https:\/\/www.sts-education.com\/fi\/isantaperheeksi\/family-stories\/isantaperhe-tarinat\/vogtin-perhe-kanada\/#primaryimage\",\"url\":\"https:\/\/cdn.sts-education.com\/12788_hero_lg_xl.jpg\",\"contentUrl\":\"https:\/\/cdn.sts-education.com\/12788_hero_lg_xl.jpg\"},{\"@type\":\"BreadcrumbList\",\"@id\":\"https:\/\/www.sts-education.com\/fi\/isantaperheeksi\/family-stories\/isantaperhe-tarinat\/vogtin-perhe-kanada\/#breadcrumb\",\"itemListElement\":[{\"@type\":\"ListItem\",\"position\":1,\"name\":\"Home\",\"item\":\"https:\/\/www.sts-education.com\/fi\/\"},{\"@type\":\"ListItem\",\"position\":2,\"name\":\"Isantaperheeksi\",\"item\":\"https:\/\/www.sts-education.com\/fi\/isantaperheeksi\/\"},{\"@type\":\"ListItem\",\"position\":3,\"name\":\"Family Stories\",\"item\":\"https:\/\/www.sts-education.com\/fi\/isantaperheeksi\/family-stories\/\"},{\"@type\":\"ListItem\",\"position\":4,\"name\":\"Is\u00e4nt\u00e4perheiden kokemuksia\",\"item\":\"https:\/\/www.sts-education.com\/fi\/isantaperheeksi\/family-stories\/isantaperhe-tarinat\/\"},{\"@type\":\"ListItem\",\"position\":5,\"name\":\"Vogtin Perhe Kanada\"}]},{\"@type\":\"WebSite\",\"@id\":\"https:\/\/www.sts-education.com\/fi\/#website\",\"url\":\"https:\/\/www.sts-education.com\/fi\/\",\"name\":\"STS Education\",\"description\":\"\",\"potentialAction\":[{\"@type\":\"SearchAction\",\"target\":{\"@type\":\"EntryPoint\",\"urlTemplate\":\"https:\/\/www.sts-education.com\/fi\/?s={search_term_string}\"},\"query-input\":{\"@type\":\"PropertyValueSpecification\",\"valueRequired\":true,\"valueName\":\"search_term_string\"}}],\"inLanguage\":\"fi\"}]}<\/script>\n<!-- \/ Yoast SEO Premium plugin. -->","yoast_head_json":{"title":"Vogtin perhe, Kanada","robots":{"index":"index","follow":"follow","max-snippet":"max-snippet:-1","max-image-preview":"max-image-preview:large","max-video-preview":"max-video-preview:-1"},"canonical":"https:\/\/www.sts-education.com\/fi\/isantaperheeksi\/family-stories\/isantaperhe-tarinat\/vogtin-perhe-kanada\/","og_locale":"fi_FI","og_type":"article","og_title":"Vogtin Perhe Kanada","og_url":"https:\/\/www.sts-education.com\/fi\/isantaperheeksi\/family-stories\/isantaperhe-tarinat\/vogtin-perhe-kanada\/","og_site_name":"STS Education","article_modified_time":"2026-04-14T09:50:14+00:00","og_image":[{"url":"https:\/\/cdn.sts-education.com\/12788_hero_lg_xl.jpg","type":"","width":"","height":""}],"twitter_card":"summary_large_image","twitter_misc":{"Arvioitu lukuaika":"4 minuuttia"},"schema":{"@context":"https:\/\/schema.org","@graph":[{"@type":"WebPage","@id":"https:\/\/www.sts-education.com\/fi\/isantaperheeksi\/family-stories\/isantaperhe-tarinat\/vogtin-perhe-kanada\/","url":"https:\/\/www.sts-education.com\/fi\/isantaperheeksi\/family-stories\/isantaperhe-tarinat\/vogtin-perhe-kanada\/","name":"Vogtin perhe, Kanada","isPartOf":{"@id":"https:\/\/www.sts-education.com\/fi\/#website"},"primaryImageOfPage":{"@id":"https:\/\/www.sts-education.com\/fi\/isantaperheeksi\/family-stories\/isantaperhe-tarinat\/vogtin-perhe-kanada\/#primaryimage"},"image":{"@id":"https:\/\/www.sts-education.com\/fi\/isantaperheeksi\/family-stories\/isantaperhe-tarinat\/vogtin-perhe-kanada\/#primaryimage"},"thumbnailUrl":"https:\/\/cdn.sts-education.com\/12788_hero_lg_xl.jpg","datePublished":"2021-02-11T12:01:00+00:00","dateModified":"2026-04-14T09:50:14+00:00","breadcrumb":{"@id":"https:\/\/www.sts-education.com\/fi\/isantaperheeksi\/family-stories\/isantaperhe-tarinat\/vogtin-perhe-kanada\/#breadcrumb"},"inLanguage":"fi","potentialAction":[{"@type":"ReadAction","target":["https:\/\/www.sts-education.com\/fi\/isantaperheeksi\/family-stories\/isantaperhe-tarinat\/vogtin-perhe-kanada\/"]}]},{"@type":"ImageObject","inLanguage":"fi","@id":"https:\/\/www.sts-education.com\/fi\/isantaperheeksi\/family-stories\/isantaperhe-tarinat\/vogtin-perhe-kanada\/#primaryimage","url":"https:\/\/cdn.sts-education.com\/12788_hero_lg_xl.jpg","contentUrl":"https:\/\/cdn.sts-education.com\/12788_hero_lg_xl.jpg"},{"@type":"BreadcrumbList","@id":"https:\/\/www.sts-education.com\/fi\/isantaperheeksi\/family-stories\/isantaperhe-tarinat\/vogtin-perhe-kanada\/#breadcrumb","itemListElement":[{"@type":"ListItem","position":1,"name":"Home","item":"https:\/\/www.sts-education.com\/fi\/"},{"@type":"ListItem","position":2,"name":"Isantaperheeksi","item":"https:\/\/www.sts-education.com\/fi\/isantaperheeksi\/"},{"@type":"ListItem","position":3,"name":"Family Stories","item":"https:\/\/www.sts-education.com\/fi\/isantaperheeksi\/family-stories\/"},{"@type":"ListItem","position":4,"name":"Is\u00e4nt\u00e4perheiden kokemuksia","item":"https:\/\/www.sts-education.com\/fi\/isantaperheeksi\/family-stories\/isantaperhe-tarinat\/"},{"@type":"ListItem","position":5,"name":"Vogtin Perhe Kanada"}]},{"@type":"WebSite","@id":"https:\/\/www.sts-education.com\/fi\/#website","url":"https:\/\/www.sts-education.com\/fi\/","name":"STS Education","description":"","potentialAction":[{"@type":"SearchAction","target":{"@type":"EntryPoint","urlTemplate":"https:\/\/www.sts-education.com\/fi\/?s={search_term_string}"},"query-input":{"@type":"PropertyValueSpecification","valueRequired":true,"valueName":"search_term_string"}}],"inLanguage":"fi"}]}},"_links":{"self":[{"href":"https:\/\/www.sts-education.com\/fi\/wp-json\/wp\/v2\/pages\/10526","targetHints":{"allow":["GET"]}}],"collection":[{"href":"https:\/\/www.sts-education.com\/fi\/wp-json\/wp\/v2\/pages"}],"about":[{"href":"https:\/\/www.sts-education.com\/fi\/wp-json\/wp\/v2\/types\/page"}],"author":[{"embeddable":true,"href":"https:\/\/www.sts-education.com\/fi\/wp-json\/wp\/v2\/users\/20"}],"replies":[{"embeddable":true,"href":"https:\/\/www.sts-education.com\/fi\/wp-json\/wp\/v2\/comments?post=10526"}],"version-history":[{"count":4,"href":"https:\/\/www.sts-education.com\/fi\/wp-json\/wp\/v2\/pages\/10526\/revisions"}],"predecessor-version":[{"id":33164,"href":"https:\/\/www.sts-education.com\/fi\/wp-json\/wp\/v2\/pages\/10526\/revisions\/33164"}],"up":[{"embeddable":true,"href":"https:\/\/www.sts-education.com\/fi\/wp-json\/wp\/v2\/pages\/10475"}],"wp:attachment":[{"href":"https:\/\/www.sts-education.com\/fi\/wp-json\/wp\/v2\/media?parent=10526"}],"wp:term":[{"taxonomy":"wpw_page_folders","embeddable":true,"href":"https:\/\/www.sts-education.com\/fi\/wp-json\/wp\/v2\/wpw_page_folders?post=10526"}],"curies":[{"name":"wp","href":"https:\/\/api.w.org\/{rel}","templated":true}]}}