{"id":27797,"date":"2026-04-03T12:23:42","date_gmt":"2026-04-03T12:23:42","guid":{"rendered":"https:\/\/preprod.sts-education.com\/isantaperheeksi\/why-you-should-be-a-host-family\/"},"modified":"2026-04-15T11:36:14","modified_gmt":"2026-04-15T11:36:14","slug":"miksi-ryhtya-isantaperheeksi","status":"publish","type":"page","link":"https:\/\/www.sts-education.com\/fi\/isantaperheeksi\/miksi-ryhtya-isantaperheeksi\/","title":{"rendered":"Miksi ryhty\u00e4 is\u00e4nt\u00e4perheeksi?"},"content":{"rendered":"\n<section class=\"wp-block-sts-hero sts-block-hero sts-block-hero is-variant-full-background has-text-light has-background-media\" style=\"--sts-hero-padding-mobile:0px;--sts-hero-padding-desktop:0px;--sts-hero-text-color:var(--wp--preset--color--base-10, #fff)\" data-variant=\"full-background\"><div class=\"sts-block-hero__background\"><picture class=\"sts-responsive-image has-pos-center is-skeleton\"><img src=\"https:\/\/cdn.sts-education.com\/10824_hero_lg_xl.jpg\" alt=\"Avaa ovesi maailmalle\" loading=\"lazy\" decoding=\"async\" fetchpriority=\"low\" sizes=\"(max-width: 640px) max(100vw, calc(clamp(320px, 100vh, 720px) * 9 \/ 16)), (max-width: 840px) max(100vw, calc(clamp(320px, 100vh, 720px) * 1 \/ 1)), max(100vw, calc(clamp(320px, 100vh, 720px) * 16 \/ 9))\" style=\"object-position:center\"\/><\/picture><span class=\"sts-block-hero__overlay\" aria-hidden=\"true\"><\/span><\/div><div class=\"sts-block-hero__inner\"><div class=\"sts-block-hero__content has-align-center\"><div class=\"sts-block-hero__content-inner\"><h1 class=\"sts-block-hero__heading\">Avaa ovesi maailmalle<\/h1><\/div><\/div><\/div><\/section>\n\n\n\n<div class=\"wp-block-sts-text sts-text-editor has-max-width-md\"><div class=\"sts-text-editor__content\"><div class=\"sts-text-editor__content-inner\">\n<p>Vaihto-oppilaan vastaanottaminen antaa paljon muutakin kuin uuden perheenj\u00e4senen. Opit my\u00f6s eri kulttuurista ja n\u00e4et kotikaupunkisi, el\u00e4m\u00e4ntapasi ja arvosi uusin silmin. Kun ryhdyt 3\u201310 kuukauden ajaksi is\u00e4nt\u00e4vanhemmaksi tai is\u00e4nt\u00e4perheeksi 14\u201318-vuotiaalle vaihtarille, perheesi saa uuden yst\u00e4v\u00e4n ja kansainv\u00e4lisen sisaruksen lapsillesi, ja yhdess\u00e4 luotte lukuisia ihania muistoja. Vaihto-oppilaalle kotonasi asuminen tuo mukanaan monenlaisia seikkailuja joka p\u00e4iv\u00e4, ja is\u00e4nt\u00e4perheen\u00e4 teill\u00e4 on merkitt\u00e4v\u00e4 rooli nuoren kokemuksen muodostumisessa.<\/p>\n<p>Monelle perheelle kyseess\u00e4 on my\u00f6s hieno tilaisuus valmistautua oman lapsensa tulevaan vaihto-oppilasvuoteen. T\u00e4ll\u00f6in teill\u00e4 on mahdollisuus <a href=\"https:\/\/www.sts-education.com\/fi\/miksi-ryhtya-isantaperheeksi\/host-and-go-alennus\/\">Host &amp; Go<\/a> -alennuksemme hy\u00f6dynt\u00e4miseen. Rikastuta arkeasi ja avaa kotisi jostakin maailmankolkasta tulevalle vaihto-oppilaallemme!<\/p>\n<h2>6 syyt\u00e4 ryhty\u00e4 is\u00e4nt\u00e4perheeksi<\/h2>\n<ol>\n<li>Haluat saada tutustua toisesta maasta kotoisin olevaan nuoreen.<\/li>\n<li>Haluat oppia lis\u00e4\u00e4 muista kulttuureista.<\/li>\n<li>Haluat oppia lis\u00e4\u00e4 maailmasta ja saada uusia n\u00e4k\u00f6kulmia.<\/li>\n<li>Olet kiinnostunut vieraista kielist\u00e4.<\/li>\n<li>Haluat tiet\u00e4\u00e4 lis\u00e4\u00e4 vaihto-oppilasvuodesta.<\/li>\n<li>Haluat olla avuksi ja n\u00e4hd\u00e4, miten nuori kasvaa ihmisen\u00e4 vaihto-oppilasvuotensa aikana.<\/li>\n<\/ol>\n<p>Sek\u00e4 syys- ett\u00e4 kev\u00e4tlukukaudella Suomeen saapuu uusia vaihto-oppilaita USA:sta, Brasiliasta, Japanista, Saksasta, Ruotsista, Italiasta ja monesta muusta maasta. Is\u00e4nt\u00e4perheen\u00e4 saatte tietenkin valita, kenet nuorista kutsutte kotiinne, joten <a href=\"https:\/\/www.sts-education.com\/fi\/isantaperheeksi\/oppilaamme\/tutustu-oppilaisiimme\/\">lue lis\u00e4\u00e4 ja tutustu vaihto-oppilaisiimme<\/a> n\u00e4hd\u00e4ksesi, sopisiko joku heist\u00e4 hyvin juuri teid\u00e4n perheeseenne!<\/p>\n<p>Ilmoittaudu my\u00f6s <a href=\"https:\/\/www.sts-education.com\/fi\/isantaperheeksi\/miksi-ryhtya-isantaperheeksi\/tapaa-meidat\/\">webinaariimme<\/a>, jossa kerromme lis\u00e4\u00e4 is\u00e4nt\u00e4perheen\u00e4 toimimisesta. Lis\u00e4ksi voit lukea meilt\u00e4 <a href=\"https:\/\/www.sts-education.com\/fi\/isantaperheeksi\/ukk\/\">usein kysyttyj\u00e4 kysymyksi\u00e4<\/a> ja <a href=\"https:\/\/www.sts-education.com\/fi\/isantaperheeksi\/family-stories\/isantaperhe-tarinat\/\">is\u00e4nt\u00e4perheiden kokemuksia<\/a> vuodestaan vaihto-oppilaan kanssa.<\/p>\n<\/div><\/div><\/div>\n\n\n\n<section class=\"wp-block-sts-video sts-block-video sts-block-video--landscape has-max-width-lg\"><div class=\"sts-video sts-video--landscape\"><div class=\"sts-video__handler\"><button type=\"button\" class=\"sts-video__play-button\" aria-label=\"Play video\" aria-pressed=\"false\" data-playing=\"false\"><span class=\"sts-video__play-icon\"><img decoding=\"async\" class=\"play-icon\" src=\"data:image\/svg+xml,%3csvg%20width='32'%20height='32'%20viewBox='0%200%2032%2032'%20fill='none'%20xmlns='http:\/\/www.w3.org\/2000\/svg'%3e%3cmask%20id='mask0_2459_8201'%20style='mask-type:alpha'%20maskUnits='userSpaceOnUse'%20x='0'%20y='0'%20width='32'%20height='32'%3e%3crect%20width='32'%20height='32'%20fill='%23D9D9D9'\/%3e%3c\/mask%3e%3cg%20mask='url(%23mask0_2459_8201)'%3e%3cpath%20d='M10.667%2022.8999V9.09993C10.667%208.72216%2010.8003%208.40549%2011.067%208.14993C11.3337%207.89438%2011.6448%207.7666%2012.0003%207.7666C12.1114%207.7666%2012.2281%207.78327%2012.3503%207.8166C12.4725%207.84993%2012.5892%207.89993%2012.7003%207.9666L23.567%2014.8666C23.767%2014.9999%2023.917%2015.1666%2024.017%2015.3666C24.117%2015.5666%2024.167%2015.7777%2024.167%2015.9999C24.167%2016.2222%2024.117%2016.4333%2024.017%2016.6333C23.917%2016.8333%2023.767%2016.9999%2023.567%2017.1333L12.7003%2024.0333C12.5892%2024.0999%2012.4725%2024.1499%2012.3503%2024.1833C12.2281%2024.2166%2012.1114%2024.2333%2012.0003%2024.2333C11.6448%2024.2333%2011.3337%2024.1055%2011.067%2023.8499C10.8003%2023.5944%2010.667%2023.2777%2010.667%2022.8999Z'%20fill='black'\/%3e%3c\/g%3e%3c\/svg%3e\" alt=\"\" aria-hidden=\"true\"\/><img decoding=\"async\" class=\"pause-icon\" src=\"data:image\/svg+xml,%3csvg%20width='32'%20height='32'%20viewBox='0%200%2032%2032'%20fill='none'%20xmlns='http:\/\/www.w3.org\/2000\/svg'%3e%3cmask%20id='mask0_pause'%20style='mask-type:alpha'%20maskUnits='userSpaceOnUse'%20x='0'%20y='0'%20width='32'%20height='32'%3e%3crect%20width='32'%20height='32'%20fill='%23D9D9D9'\/%3e%3c\/mask%3e%3cg%20mask='url(%23mask0_pause)'%3e%3c!--%20Left%20bar%20--%3e%3crect%20x='10'%20y='8'%20width='4'%20height='16'%20rx='1'%20fill='black'\/%3e%3c!--%20Right%20bar%20--%3e%3crect%20x='18'%20y='8'%20width='4'%20height='16'%20rx='1'%20fill='black'\/%3e%3c\/g%3e%3c\/svg%3e\" alt=\"\" aria-hidden=\"true\"\/><\/span><\/button><strong class=\"sts-video__duration\" data-duration-prefix=\"Video duration:\" data-unit-second=\"second\" data-unit-seconds=\"seconds\" data-unit-minute=\"minute\" data-unit-minutes=\"minutes\" aria-label=\"Video duration: 40 seconds\">40 secs<\/strong><\/div><div class=\"sts-video__media\" data-video-source=\"youtube\" data-video-url=\"\"><div class=\"sts-video__external-shell\" data-embed-url=\"https:\/\/www.youtube.com\/embed\/_yKG9075izI?rel=0&amp;controls=1&amp;modestbranding=1&amp;playsinline=1&amp;enablejsapi=1&amp;autoplay=0&amp;origin=https%3A%2F%2Fwww.sts-education.com\"><iframe class=\"sts-video__iframe\" src=\"https:\/\/www.youtube.com\/embed\/_yKG9075izI?rel=0&amp;controls=1&amp;modestbranding=1&amp;playsinline=1&amp;enablejsapi=1&amp;autoplay=0&amp;origin=https%3A%2F%2Fwww.sts-education.com\" title=\"Video poster\nheading\" allow=\"autoplay; fullscreen\" allowfullscreen loading=\"lazy\" data-provider=\"youtube\" data-embed-url=\"https:\/\/www.youtube.com\/embed\/_yKG9075izI?rel=0&amp;controls=1&amp;modestbranding=1&amp;playsinline=1&amp;enablejsapi=1&amp;autoplay=0&amp;origin=https%3A%2F%2Fwww.sts-education.com\"><\/iframe><\/div><\/div><\/div><\/section>\n","protected":false},"excerpt":{"rendered":"","protected":false},"author":9,"featured_media":9883,"parent":27773,"menu_order":0,"comment_status":"closed","ping_status":"closed","template":"","meta":{"_acf_changed":false,"sts_page_background_color":"","footnotes":""},"wpw_page_folders":[89],"class_list":["post-27797","page","type-page","status-publish","has-post-thumbnail","hentry"],"acf":[],"yoast_head":"<!-- This site is optimized with the Yoast SEO Premium plugin v27.2 (Yoast SEO v27.3) - https:\/\/yoast.com\/product\/yoast-seo-premium-wordpress\/ -->\n<title>6 syyt\u00e4 ryhty\u00e4 is\u00e4nt\u00e4perheeksi<\/title>\n<meta name=\"description\" content=\"Saat paljon muutakin kuin uuden perheenj\u00e4senen. P\u00e4\u00e4set tutustumaan toisesta maasta tulevaan nuoreen, oppimaan muista kulttuureista ja n\u00e4kem\u00e4\u00e4n kotikaupunkisi uusin silmin.\" \/>\n<meta name=\"robots\" content=\"index, follow, max-snippet:-1, max-image-preview:large, max-video-preview:-1\" \/>\n<link rel=\"canonical\" href=\"https:\/\/www.sts-education.com\/fi\/isantaperheeksi\/miksi-ryhtya-isantaperheeksi\/\" \/>\n<meta property=\"og:locale\" content=\"fi_FI\" \/>\n<meta property=\"og:type\" content=\"article\" \/>\n<meta property=\"og:title\" content=\"Miksi ryhty\u00e4 is\u00e4nt\u00e4perheeksi?\" \/>\n<meta property=\"og:description\" content=\"Saat paljon muutakin kuin uuden perheenj\u00e4senen. P\u00e4\u00e4set tutustumaan toisesta maasta tulevaan nuoreen, oppimaan muista kulttuureista ja n\u00e4kem\u00e4\u00e4n kotikaupunkisi uusin silmin.\" \/>\n<meta property=\"og:url\" content=\"https:\/\/www.sts-education.com\/fi\/isantaperheeksi\/miksi-ryhtya-isantaperheeksi\/\" \/>\n<meta property=\"og:site_name\" content=\"STS Education\" \/>\n<meta property=\"article:modified_time\" content=\"2026-04-15T11:36:14+00:00\" \/>\n<meta property=\"og:image\" content=\"https:\/\/powered-by.qbank.se\/educatius\/sts\/\/6458ed5e1bb03b8da47c065c2f647b26_1-1-thumb.webp\" \/>\n\t<meta property=\"og:image:width\" content=\"150\" \/>\n\t<meta property=\"og:image:height\" content=\"150\" \/>\n\t<meta property=\"og:image:type\" content=\"image\/jpeg\" \/>\n<meta name=\"twitter:card\" content=\"summary_large_image\" \/>\n<meta name=\"twitter:label1\" content=\"Arvioitu lukuaika\" \/>\n\t<meta name=\"twitter:data1\" content=\"2 minuuttia\" \/>\n<script type=\"application\/ld+json\" class=\"yoast-schema-graph\">{\"@context\":\"https:\\\/\\\/schema.org\",\"@graph\":[{\"@type\":\"WebPage\",\"@id\":\"https:\\\/\\\/www.sts-education.com\\\/fi\\\/isantaperheeksi\\\/miksi-ryhtya-isantaperheeksi\\\/\",\"url\":\"https:\\\/\\\/www.sts-education.com\\\/fi\\\/isantaperheeksi\\\/miksi-ryhtya-isantaperheeksi\\\/\",\"name\":\"6 syyt\u00e4 ryhty\u00e4 is\u00e4nt\u00e4perheeksi\",\"isPartOf\":{\"@id\":\"https:\\\/\\\/www.sts-education.com\\\/fi\\\/#website\"},\"primaryImageOfPage\":{\"@id\":\"https:\\\/\\\/www.sts-education.com\\\/fi\\\/isantaperheeksi\\\/miksi-ryhtya-isantaperheeksi\\\/#primaryimage\"},\"image\":{\"@id\":\"https:\\\/\\\/www.sts-education.com\\\/fi\\\/isantaperheeksi\\\/miksi-ryhtya-isantaperheeksi\\\/#primaryimage\"},\"thumbnailUrl\":\"https:\\\/\\\/powered-by.qbank.se\\\/educatius\\\/sts\\\/\\\/6458ed5e1bb03b8da47c065c2f647b26_1-1-thumb.webp\",\"datePublished\":\"2026-04-03T12:23:42+00:00\",\"dateModified\":\"2026-04-15T11:36:14+00:00\",\"description\":\"Saat paljon muutakin kuin uuden perheenj\u00e4senen. P\u00e4\u00e4set tutustumaan toisesta maasta tulevaan nuoreen, oppimaan muista kulttuureista ja n\u00e4kem\u00e4\u00e4n kotikaupunkisi uusin silmin.\",\"breadcrumb\":{\"@id\":\"https:\\\/\\\/www.sts-education.com\\\/fi\\\/isantaperheeksi\\\/miksi-ryhtya-isantaperheeksi\\\/#breadcrumb\"},\"inLanguage\":\"fi\",\"potentialAction\":[{\"@type\":\"ReadAction\",\"target\":[\"https:\\\/\\\/www.sts-education.com\\\/fi\\\/isantaperheeksi\\\/miksi-ryhtya-isantaperheeksi\\\/\"]}]},{\"@type\":\"ImageObject\",\"inLanguage\":\"fi\",\"@id\":\"https:\\\/\\\/www.sts-education.com\\\/fi\\\/isantaperheeksi\\\/miksi-ryhtya-isantaperheeksi\\\/#primaryimage\",\"url\":\"https:\\\/\\\/powered-by.qbank.se\\\/educatius\\\/sts\\\/\\\/6458ed5e1bb03b8da47c065c2f647b26_1-1-thumb.webp\",\"contentUrl\":\"https:\\\/\\\/powered-by.qbank.se\\\/educatius\\\/sts\\\/\\\/6458ed5e1bb03b8da47c065c2f647b26_1-1-thumb.webp\",\"width\":150,\"height\":150},{\"@type\":\"BreadcrumbList\",\"@id\":\"https:\\\/\\\/www.sts-education.com\\\/fi\\\/isantaperheeksi\\\/miksi-ryhtya-isantaperheeksi\\\/#breadcrumb\",\"itemListElement\":[{\"@type\":\"ListItem\",\"position\":1,\"name\":\"Home\",\"item\":\"https:\\\/\\\/www.sts-education.com\\\/fi\\\/\"},{\"@type\":\"ListItem\",\"position\":2,\"name\":\"Is\u00e4nt\u00e4perheeksi\",\"item\":\"https:\\\/\\\/www.sts-education.com\\\/fi\\\/isantaperheeksi\\\/\"},{\"@type\":\"ListItem\",\"position\":3,\"name\":\"Miksi ryhty\u00e4 is\u00e4nt\u00e4perheeksi?\"}]},{\"@type\":\"WebSite\",\"@id\":\"https:\\\/\\\/www.sts-education.com\\\/fi\\\/#website\",\"url\":\"https:\\\/\\\/www.sts-education.com\\\/fi\\\/\",\"name\":\"STS Education\",\"description\":\"\",\"potentialAction\":[{\"@type\":\"SearchAction\",\"target\":{\"@type\":\"EntryPoint\",\"urlTemplate\":\"https:\\\/\\\/www.sts-education.com\\\/fi\\\/?s={search_term_string}\"},\"query-input\":{\"@type\":\"PropertyValueSpecification\",\"valueRequired\":true,\"valueName\":\"search_term_string\"}}],\"inLanguage\":\"fi\"}]}<\/script>\n<!-- \/ Yoast SEO Premium plugin. -->","yoast_head_json":{"title":"6 syyt\u00e4 ryhty\u00e4 is\u00e4nt\u00e4perheeksi","description":"Saat paljon muutakin kuin uuden perheenj\u00e4senen. P\u00e4\u00e4set tutustumaan toisesta maasta tulevaan nuoreen, oppimaan muista kulttuureista ja n\u00e4kem\u00e4\u00e4n kotikaupunkisi uusin silmin.","robots":{"index":"index","follow":"follow","max-snippet":"max-snippet:-1","max-image-preview":"max-image-preview:large","max-video-preview":"max-video-preview:-1"},"canonical":"https:\/\/www.sts-education.com\/fi\/isantaperheeksi\/miksi-ryhtya-isantaperheeksi\/","og_locale":"fi_FI","og_type":"article","og_title":"Miksi ryhty\u00e4 is\u00e4nt\u00e4perheeksi?","og_description":"Saat paljon muutakin kuin uuden perheenj\u00e4senen. P\u00e4\u00e4set tutustumaan toisesta maasta tulevaan nuoreen, oppimaan muista kulttuureista ja n\u00e4kem\u00e4\u00e4n kotikaupunkisi uusin silmin.","og_url":"https:\/\/www.sts-education.com\/fi\/isantaperheeksi\/miksi-ryhtya-isantaperheeksi\/","og_site_name":"STS Education","article_modified_time":"2026-04-15T11:36:14+00:00","og_image":[{"width":150,"height":150,"url":"https:\/\/powered-by.qbank.se\/educatius\/sts\/\/6458ed5e1bb03b8da47c065c2f647b26_1-1-thumb.webp","type":"image\/jpeg"}],"twitter_card":"summary_large_image","twitter_misc":{"Arvioitu lukuaika":"2 minuuttia"},"schema":{"@context":"https:\/\/schema.org","@graph":[{"@type":"WebPage","@id":"https:\/\/www.sts-education.com\/fi\/isantaperheeksi\/miksi-ryhtya-isantaperheeksi\/","url":"https:\/\/www.sts-education.com\/fi\/isantaperheeksi\/miksi-ryhtya-isantaperheeksi\/","name":"6 syyt\u00e4 ryhty\u00e4 is\u00e4nt\u00e4perheeksi","isPartOf":{"@id":"https:\/\/www.sts-education.com\/fi\/#website"},"primaryImageOfPage":{"@id":"https:\/\/www.sts-education.com\/fi\/isantaperheeksi\/miksi-ryhtya-isantaperheeksi\/#primaryimage"},"image":{"@id":"https:\/\/www.sts-education.com\/fi\/isantaperheeksi\/miksi-ryhtya-isantaperheeksi\/#primaryimage"},"thumbnailUrl":"https:\/\/powered-by.qbank.se\/educatius\/sts\/\/6458ed5e1bb03b8da47c065c2f647b26_1-1-thumb.webp","datePublished":"2026-04-03T12:23:42+00:00","dateModified":"2026-04-15T11:36:14+00:00","description":"Saat paljon muutakin kuin uuden perheenj\u00e4senen. P\u00e4\u00e4set tutustumaan toisesta maasta tulevaan nuoreen, oppimaan muista kulttuureista ja n\u00e4kem\u00e4\u00e4n kotikaupunkisi uusin silmin.","breadcrumb":{"@id":"https:\/\/www.sts-education.com\/fi\/isantaperheeksi\/miksi-ryhtya-isantaperheeksi\/#breadcrumb"},"inLanguage":"fi","potentialAction":[{"@type":"ReadAction","target":["https:\/\/www.sts-education.com\/fi\/isantaperheeksi\/miksi-ryhtya-isantaperheeksi\/"]}]},{"@type":"ImageObject","inLanguage":"fi","@id":"https:\/\/www.sts-education.com\/fi\/isantaperheeksi\/miksi-ryhtya-isantaperheeksi\/#primaryimage","url":"https:\/\/powered-by.qbank.se\/educatius\/sts\/\/6458ed5e1bb03b8da47c065c2f647b26_1-1-thumb.webp","contentUrl":"https:\/\/powered-by.qbank.se\/educatius\/sts\/\/6458ed5e1bb03b8da47c065c2f647b26_1-1-thumb.webp","width":150,"height":150},{"@type":"BreadcrumbList","@id":"https:\/\/www.sts-education.com\/fi\/isantaperheeksi\/miksi-ryhtya-isantaperheeksi\/#breadcrumb","itemListElement":[{"@type":"ListItem","position":1,"name":"Home","item":"https:\/\/www.sts-education.com\/fi\/"},{"@type":"ListItem","position":2,"name":"Is\u00e4nt\u00e4perheeksi","item":"https:\/\/www.sts-education.com\/fi\/isantaperheeksi\/"},{"@type":"ListItem","position":3,"name":"Miksi ryhty\u00e4 is\u00e4nt\u00e4perheeksi?"}]},{"@type":"WebSite","@id":"https:\/\/www.sts-education.com\/fi\/#website","url":"https:\/\/www.sts-education.com\/fi\/","name":"STS Education","description":"","potentialAction":[{"@type":"SearchAction","target":{"@type":"EntryPoint","urlTemplate":"https:\/\/www.sts-education.com\/fi\/?s={search_term_string}"},"query-input":{"@type":"PropertyValueSpecification","valueRequired":true,"valueName":"search_term_string"}}],"inLanguage":"fi"}]}},"_links":{"self":[{"href":"https:\/\/www.sts-education.com\/fi\/wp-json\/wp\/v2\/pages\/27797","targetHints":{"allow":["GET"]}}],"collection":[{"href":"https:\/\/www.sts-education.com\/fi\/wp-json\/wp\/v2\/pages"}],"about":[{"href":"https:\/\/www.sts-education.com\/fi\/wp-json\/wp\/v2\/types\/page"}],"author":[{"embeddable":true,"href":"https:\/\/www.sts-education.com\/fi\/wp-json\/wp\/v2\/users\/9"}],"replies":[{"embeddable":true,"href":"https:\/\/www.sts-education.com\/fi\/wp-json\/wp\/v2\/comments?post=27797"}],"version-history":[{"count":4,"href":"https:\/\/www.sts-education.com\/fi\/wp-json\/wp\/v2\/pages\/27797\/revisions"}],"predecessor-version":[{"id":36931,"href":"https:\/\/www.sts-education.com\/fi\/wp-json\/wp\/v2\/pages\/27797\/revisions\/36931"}],"up":[{"embeddable":true,"href":"https:\/\/www.sts-education.com\/fi\/wp-json\/wp\/v2\/pages\/27773"}],"wp:featuredmedia":[{"embeddable":true,"href":"https:\/\/www.sts-education.com\/fi\/wp-json\/wp\/v2\/media\/9883"}],"wp:attachment":[{"href":"https:\/\/www.sts-education.com\/fi\/wp-json\/wp\/v2\/media?parent=27797"}],"wp:term":[{"taxonomy":"wpw_page_folders","embeddable":true,"href":"https:\/\/www.sts-education.com\/fi\/wp-json\/wp\/v2\/wpw_page_folders?post=27797"}],"curies":[{"name":"wp","href":"https:\/\/api.w.org\/{rel}","templated":true}]}}