{"id":10949,"date":"2025-12-16T10:23:03","date_gmt":"2025-12-16T10:23:03","guid":{"rendered":"https:\/\/preprod.sts-education.com\/a-propos-de-sts\/carriere\/"},"modified":"2026-04-22T15:22:02","modified_gmt":"2026-04-22T15:22:02","slug":"carriere","status":"publish","type":"page","link":"https:\/\/www.sts-education.com\/fr-ch\/a-propos-de-sts\/carriere\/","title":{"rendered":"Carri\u00e8re"},"content":{"rendered":"\n<section class=\"wp-block-sts-hero sts-block-hero sts-block-hero is-variant-full-background has-text-light has-background-media\" style=\"--sts-hero-padding-mobile:0px;--sts-hero-padding-desktop:0px;--sts-hero-text-color:var(--wp--preset--color--base-10, #fff)\" data-variant=\"full-background\"><div class=\"sts-block-hero__background\"><picture class=\"sts-responsive-image has-pos-center is-skeleton\"><img src=\"https:\/\/cdn.sts-education.com\/3544_hero_lg_xl.jpg\" alt=\"Carri\u00e8re\" loading=\"lazy\" decoding=\"async\" fetchpriority=\"low\" sizes=\"(max-width: 640px) max(100vw, calc(clamp(320px, 100vh, 720px) * 9 \/ 16)), (max-width: 840px) max(100vw, calc(clamp(320px, 100vh, 720px) * 1 \/ 1)), max(100vw, calc(clamp(320px, 100vh, 720px) * 16 \/ 9))\" style=\"object-position:center\"\/><\/picture><span class=\"sts-block-hero__overlay\" aria-hidden=\"true\"><\/span><\/div><div class=\"sts-block-hero__inner\"><div class=\"sts-block-hero__content has-align-center\"><div class=\"sts-block-hero__content-inner\"><h1 class=\"sts-block-hero__heading\">Carri\u00e8re<\/h1><\/div><\/div><\/div><\/section>\n\n\n\n<div class=\"wp-block-sts-text sts-text-editor has-max-width-md\"><div class=\"sts-text-editor__content\"><div class=\"sts-text-editor__content-inner\">\n<p>Dans le groupe STS Education, nous privil\u00e9gions l\u2019apprentissage bas\u00e9 sur l\u2019exp\u00e9rience gr\u00e2ce aux voyages linguistiques et aux \u00e9changes en High School. Notre si\u00e8ge est situ\u00e9 \u00e0 G\u00f6teborg, en Su\u00e8de, et nous disposons de bureaux locaux en Allemagne, aux Pays-Bas, en Pologne, en Suisse, en Autriche, en Nouvelle-Z\u00e9lande, entre autres.<\/p>\n<p>Nous sommes toujours \u00e0 la recherche de nouveaux employ\u00e9s d\u00e9sireux de travailler dans une industrie en constante \u00e9volution, afin de faire avancer la dynamique avec nous.<\/p>\n<p><a href=\"https:\/\/sts.teamtailor.com\/\" target=\"_blank\" rel=\"noopener noreferrer\">Retrouvez ici les emplois \u00e0 pourvoir chez STS<\/a><\/p>\n<h2>Deviens coordinateur local STS<\/h2>\n<p>Tu souhaites travailler en tant que repr\u00e9sentant STS dans votre r\u00e9gion ? En tant que coordinateur local, tu auras un contact r\u00e9gulier avec un ou plusieurs \u00e9l\u00e8ves d\u2019\u00e9change, ainsi qu\u2019avec leurs familles d\u2019accueil et leurs \u00e9coles, et tu seras disponible pour eux. Ce r\u00f4le est id\u00e9al pour toute personne tourn\u00e9e vers les jeunes et les \u00e9changes internationaux. Il s\u2019int\u00e8gre bien avec les \u00e9tudes ou le travail. Lis l\u2019interview de Lucas, qui a travaill\u00e9 \u00e0 plusieurs reprises comme coordinateur local pour STS.<\/p>\n<p>Remplis ici ton inscription comme <a href=\"https:\/\/sts.teamtailor.com\/\" target=\"_blank\" rel=\"noopener noreferrer\">coordinateur local STS<\/a><\/p>\n<h2>Deviens ambassadeur STS<\/h2>\n<p>Les meilleurs ambassadeurs de nos programmes sont des personnes qui sont parties \u00e0 l\u2019\u00e9tranger et qui ont ador\u00e9 chaque instant. C\u2019est pourquoi, de retour chez eux, nous accueillons souvent les \u00e9l\u00e8ves pour travailler avec nous en tant qu\u2019intervieweurs ou repr\u00e9sentants lors de r\u00e9unions d\u2019information, de salons, et dans les \u00e9coles. Nos ambassadeurs organisent leurs propres \u00e9v\u00e9nements, s\u2019entretiennent avec les futurs \u00e9l\u00e8ves d\u2019\u00e9change, distribuent des d\u00e9pliants, ou, avec leurs familles, accueillent un \u00e9l\u00e8ve d\u2019\u00e9change dans leur pays.<\/p>\n<p>En tant qu\u2019ancien ou actuel \u00e9l\u00e8ve STS, le programme des ambassadeurs STS te donne la possibilit\u00e9 de partager tes exp\u00e9riences avec d\u2019autres jeunes. Cela signifie que tu as l\u2019occasion d\u2019aider les autres \u00e0 franchir une \u00e9tape vers leur propre aventure. Imagine pouvoir partager tes plus belles exp\u00e9riences tout en continuant \u00e0 travailler. Que r\u00eaver de mieux ?<\/p>\n<p>Reste \u00e0 savoir \u00e0 quel point tu souhaites \u00eatre actif. Tu d\u00e9velopperas tes comp\u00e9tences sociales ainsi que tes performances et ton organisation. Et tu prends du plaisir tout en acqu\u00e9rant une pr\u00e9cieuse exp\u00e9rience et des r\u00e9f\u00e9rences pour l\u2019avenir.<\/p>\n<p>Si tu souhaites devenir ambassadeur, \u00e9cris-nous \u00e0 <a href=\"mailto:highschool@sts-education.ch\">highschool@sts-education.ch<\/a><\/p>\n<\/div><\/div><\/div>\n","protected":false},"excerpt":{"rendered":"","protected":false},"author":20,"featured_media":0,"parent":10946,"menu_order":0,"comment_status":"closed","ping_status":"closed","template":"templates\/template-default-with-breadcrumbs.php","meta":{"_acf_changed":false,"sts_page_background_color":"","footnotes":""},"wpw_page_folders":[77],"class_list":["post-10949","page","type-page","status-publish","hentry"],"acf":[],"yoast_head":"<!-- This site is optimized with the Yoast SEO Premium plugin v27.2 (Yoast SEO v27.2) - https:\/\/yoast.com\/product\/yoast-seo-premium-wordpress\/ -->\n<title>Postes vacants<\/title>\n<meta name=\"description\" content=\"STS S\u00e9jours Linguistiques est sp\u00e9cialis\u00e9 dans les s\u00e9jours \u00e0 l\u2019\u00e9tranger en immersion de longues dur\u00e9es ainsi que l\u2019accueil en France. Dans ce secteur d\u2019activit\u00e9s en constante \u00e9volution, nous recherchons r\u00e9guli\u00e8rement de nouvelles recrues qui sauront d\u00e9velopper notre business.\" \/>\n<meta name=\"robots\" content=\"index, follow, max-snippet:-1, max-image-preview:large, max-video-preview:-1\" \/>\n<link rel=\"canonical\" href=\"https:\/\/www.sts-education.com\/fr-ch\/a-propos-de-sts\/carriere\/\" \/>\n<meta property=\"og:locale\" content=\"fr_FR\" \/>\n<meta property=\"og:type\" content=\"article\" \/>\n<meta property=\"og:title\" content=\"Carri\u00e8re\" \/>\n<meta property=\"og:description\" content=\"STS S\u00e9jours Linguistiques est sp\u00e9cialis\u00e9 dans les s\u00e9jours \u00e0 l\u2019\u00e9tranger en immersion de longues dur\u00e9es ainsi que l\u2019accueil en France. Dans ce secteur d\u2019activit\u00e9s en constante \u00e9volution, nous recherchons r\u00e9guli\u00e8rement de nouvelles recrues qui sauront d\u00e9velopper notre business.\" \/>\n<meta property=\"og:url\" content=\"https:\/\/www.sts-education.com\/fr-ch\/a-propos-de-sts\/carriere\/\" \/>\n<meta property=\"og:site_name\" content=\"STS Education\" \/>\n<meta property=\"article:modified_time\" content=\"2026-04-22T15:22:02+00:00\" \/>\n<meta property=\"og:image\" content=\"https:\/\/cdn.sts-education.com\/3544_hero_lg_xl.jpg\" \/>\n<meta name=\"twitter:card\" content=\"summary_large_image\" \/>\n<meta name=\"twitter:label1\" content=\"Est. reading time\" \/>\n\t<meta name=\"twitter:data1\" content=\"2 minutes\" \/>\n<script type=\"application\/ld+json\" class=\"yoast-schema-graph\">{\"@context\":\"https:\/\/schema.org\",\"@graph\":[{\"@type\":\"WebPage\",\"@id\":\"https:\/\/www.sts-education.com\/fr-ch\/a-propos-de-sts\/carriere\/\",\"url\":\"https:\/\/www.sts-education.com\/fr-ch\/a-propos-de-sts\/carriere\/\",\"name\":\"Postes vacants\",\"isPartOf\":{\"@id\":\"https:\/\/www.sts-education.com\/fr-ch\/#website\"},\"primaryImageOfPage\":{\"@id\":\"https:\/\/www.sts-education.com\/fr-ch\/a-propos-de-sts\/carriere\/#primaryimage\"},\"image\":{\"@id\":\"https:\/\/www.sts-education.com\/fr-ch\/a-propos-de-sts\/carriere\/#primaryimage\"},\"thumbnailUrl\":\"https:\/\/cdn.sts-education.com\/3544_hero_lg_xl.jpg\",\"datePublished\":\"2025-12-16T10:23:03+00:00\",\"dateModified\":\"2026-04-22T15:22:02+00:00\",\"description\":\"STS S\u00e9jours Linguistiques est sp\u00e9cialis\u00e9 dans les s\u00e9jours \u00e0 l\u2019\u00e9tranger en immersion de longues dur\u00e9es ainsi que l\u2019accueil en France. Dans ce secteur d\u2019activit\u00e9s en constante \u00e9volution, nous recherchons r\u00e9guli\u00e8rement de nouvelles recrues qui sauront d\u00e9velopper notre business.\",\"breadcrumb\":{\"@id\":\"https:\/\/www.sts-education.com\/fr-ch\/a-propos-de-sts\/carriere\/#breadcrumb\"},\"inLanguage\":\"fr-CH\",\"potentialAction\":[{\"@type\":\"ReadAction\",\"target\":[\"https:\/\/www.sts-education.com\/fr-ch\/a-propos-de-sts\/carriere\/\"]}]},{\"@type\":\"ImageObject\",\"inLanguage\":\"fr-CH\",\"@id\":\"https:\/\/www.sts-education.com\/fr-ch\/a-propos-de-sts\/carriere\/#primaryimage\",\"url\":\"https:\/\/cdn.sts-education.com\/3544_hero_lg_xl.jpg\",\"contentUrl\":\"https:\/\/cdn.sts-education.com\/3544_hero_lg_xl.jpg\"},{\"@type\":\"BreadcrumbList\",\"@id\":\"https:\/\/www.sts-education.com\/fr-ch\/a-propos-de-sts\/carriere\/#breadcrumb\",\"itemListElement\":[{\"@type\":\"ListItem\",\"position\":1,\"name\":\"Home\",\"item\":\"https:\/\/www.sts-education.com\/fr-ch\/\"},{\"@type\":\"ListItem\",\"position\":2,\"name\":\"\u00c0 propos de STS\",\"item\":\"https:\/\/www.sts-education.com\/fr-ch\/a-propos-de-sts\/\"},{\"@type\":\"ListItem\",\"position\":3,\"name\":\"Carri\u00e8re\"}]},{\"@type\":\"WebSite\",\"@id\":\"https:\/\/www.sts-education.com\/fr-ch\/#website\",\"url\":\"https:\/\/www.sts-education.com\/fr-ch\/\",\"name\":\"STS Education\",\"description\":\"\",\"potentialAction\":[{\"@type\":\"SearchAction\",\"target\":{\"@type\":\"EntryPoint\",\"urlTemplate\":\"https:\/\/www.sts-education.com\/fr-ch\/?s={search_term_string}\"},\"query-input\":{\"@type\":\"PropertyValueSpecification\",\"valueRequired\":true,\"valueName\":\"search_term_string\"}}],\"inLanguage\":\"fr-CH\"}]}<\/script>\n<!-- \/ Yoast SEO Premium plugin. -->","yoast_head_json":{"title":"Postes vacants","description":"STS S\u00e9jours Linguistiques est sp\u00e9cialis\u00e9 dans les s\u00e9jours \u00e0 l\u2019\u00e9tranger en immersion de longues dur\u00e9es ainsi que l\u2019accueil en France. Dans ce secteur d\u2019activit\u00e9s en constante \u00e9volution, nous recherchons r\u00e9guli\u00e8rement de nouvelles recrues qui sauront d\u00e9velopper notre business.","robots":{"index":"index","follow":"follow","max-snippet":"max-snippet:-1","max-image-preview":"max-image-preview:large","max-video-preview":"max-video-preview:-1"},"canonical":"https:\/\/www.sts-education.com\/fr-ch\/a-propos-de-sts\/carriere\/","og_locale":"fr_FR","og_type":"article","og_title":"Carri\u00e8re","og_description":"STS S\u00e9jours Linguistiques est sp\u00e9cialis\u00e9 dans les s\u00e9jours \u00e0 l\u2019\u00e9tranger en immersion de longues dur\u00e9es ainsi que l\u2019accueil en France. Dans ce secteur d\u2019activit\u00e9s en constante \u00e9volution, nous recherchons r\u00e9guli\u00e8rement de nouvelles recrues qui sauront d\u00e9velopper notre business.","og_url":"https:\/\/www.sts-education.com\/fr-ch\/a-propos-de-sts\/carriere\/","og_site_name":"STS Education","article_modified_time":"2026-04-22T15:22:02+00:00","og_image":[{"url":"https:\/\/cdn.sts-education.com\/3544_hero_lg_xl.jpg","type":"","width":"","height":""}],"twitter_card":"summary_large_image","twitter_misc":{"Est. reading time":"2 minutes"},"schema":{"@context":"https:\/\/schema.org","@graph":[{"@type":"WebPage","@id":"https:\/\/www.sts-education.com\/fr-ch\/a-propos-de-sts\/carriere\/","url":"https:\/\/www.sts-education.com\/fr-ch\/a-propos-de-sts\/carriere\/","name":"Postes vacants","isPartOf":{"@id":"https:\/\/www.sts-education.com\/fr-ch\/#website"},"primaryImageOfPage":{"@id":"https:\/\/www.sts-education.com\/fr-ch\/a-propos-de-sts\/carriere\/#primaryimage"},"image":{"@id":"https:\/\/www.sts-education.com\/fr-ch\/a-propos-de-sts\/carriere\/#primaryimage"},"thumbnailUrl":"https:\/\/cdn.sts-education.com\/3544_hero_lg_xl.jpg","datePublished":"2025-12-16T10:23:03+00:00","dateModified":"2026-04-22T15:22:02+00:00","description":"STS S\u00e9jours Linguistiques est sp\u00e9cialis\u00e9 dans les s\u00e9jours \u00e0 l\u2019\u00e9tranger en immersion de longues dur\u00e9es ainsi que l\u2019accueil en France. Dans ce secteur d\u2019activit\u00e9s en constante \u00e9volution, nous recherchons r\u00e9guli\u00e8rement de nouvelles recrues qui sauront d\u00e9velopper notre business.","breadcrumb":{"@id":"https:\/\/www.sts-education.com\/fr-ch\/a-propos-de-sts\/carriere\/#breadcrumb"},"inLanguage":"fr-CH","potentialAction":[{"@type":"ReadAction","target":["https:\/\/www.sts-education.com\/fr-ch\/a-propos-de-sts\/carriere\/"]}]},{"@type":"ImageObject","inLanguage":"fr-CH","@id":"https:\/\/www.sts-education.com\/fr-ch\/a-propos-de-sts\/carriere\/#primaryimage","url":"https:\/\/cdn.sts-education.com\/3544_hero_lg_xl.jpg","contentUrl":"https:\/\/cdn.sts-education.com\/3544_hero_lg_xl.jpg"},{"@type":"BreadcrumbList","@id":"https:\/\/www.sts-education.com\/fr-ch\/a-propos-de-sts\/carriere\/#breadcrumb","itemListElement":[{"@type":"ListItem","position":1,"name":"Home","item":"https:\/\/www.sts-education.com\/fr-ch\/"},{"@type":"ListItem","position":2,"name":"\u00c0 propos de STS","item":"https:\/\/www.sts-education.com\/fr-ch\/a-propos-de-sts\/"},{"@type":"ListItem","position":3,"name":"Carri\u00e8re"}]},{"@type":"WebSite","@id":"https:\/\/www.sts-education.com\/fr-ch\/#website","url":"https:\/\/www.sts-education.com\/fr-ch\/","name":"STS Education","description":"","potentialAction":[{"@type":"SearchAction","target":{"@type":"EntryPoint","urlTemplate":"https:\/\/www.sts-education.com\/fr-ch\/?s={search_term_string}"},"query-input":{"@type":"PropertyValueSpecification","valueRequired":true,"valueName":"search_term_string"}}],"inLanguage":"fr-CH"}]}},"_links":{"self":[{"href":"https:\/\/www.sts-education.com\/fr-ch\/wp-json\/wp\/v2\/pages\/10949","targetHints":{"allow":["GET"]}}],"collection":[{"href":"https:\/\/www.sts-education.com\/fr-ch\/wp-json\/wp\/v2\/pages"}],"about":[{"href":"https:\/\/www.sts-education.com\/fr-ch\/wp-json\/wp\/v2\/types\/page"}],"author":[{"embeddable":true,"href":"https:\/\/www.sts-education.com\/fr-ch\/wp-json\/wp\/v2\/users\/20"}],"replies":[{"embeddable":true,"href":"https:\/\/www.sts-education.com\/fr-ch\/wp-json\/wp\/v2\/comments?post=10949"}],"version-history":[{"count":3,"href":"https:\/\/www.sts-education.com\/fr-ch\/wp-json\/wp\/v2\/pages\/10949\/revisions"}],"predecessor-version":[{"id":39959,"href":"https:\/\/www.sts-education.com\/fr-ch\/wp-json\/wp\/v2\/pages\/10949\/revisions\/39959"}],"up":[{"embeddable":true,"href":"https:\/\/www.sts-education.com\/fr-ch\/wp-json\/wp\/v2\/pages\/10946"}],"wp:attachment":[{"href":"https:\/\/www.sts-education.com\/fr-ch\/wp-json\/wp\/v2\/media?parent=10949"}],"wp:term":[{"taxonomy":"wpw_page_folders","embeddable":true,"href":"https:\/\/www.sts-education.com\/fr-ch\/wp-json\/wp\/v2\/wpw_page_folders?post=10949"}],"curies":[{"name":"wp","href":"https:\/\/api.w.org\/{rel}","templated":true}]}}