{"id":10951,"date":"2025-12-16T10:22:28","date_gmt":"2025-12-16T10:22:28","guid":{"rendered":"https:\/\/preprod.sts-education.com\/a-propos-de-sts\/durabilite\/"},"modified":"2026-04-22T15:20:28","modified_gmt":"2026-04-22T15:20:28","slug":"durabilite","status":"publish","type":"page","link":"https:\/\/www.sts-education.com\/fr-ch\/a-propos-de-sts\/durabilite\/","title":{"rendered":"Solidarit\u00e9 STS"},"content":{"rendered":"\n<section class=\"wp-block-sts-hero sts-block-hero sts-block-hero is-variant-full-background has-text-light has-background-media\" style=\"--sts-hero-padding-mobile:0px;--sts-hero-padding-desktop:0px;--sts-hero-text-color:var(--wp--preset--color--base-10, #fff)\" data-variant=\"full-background\"><div class=\"sts-block-hero__background\"><picture class=\"sts-responsive-image has-pos-center is-skeleton\"><img src=\"https:\/\/cdn.sts-education.com\/13746_hero_lg_xl.jpg\" alt=\"Solidarit\u00e9 STS\" loading=\"lazy\" decoding=\"async\" fetchpriority=\"low\" sizes=\"(max-width: 640px) max(100vw, calc(clamp(320px, 100vh, 720px) * 9 \/ 16)), (max-width: 840px) max(100vw, calc(clamp(320px, 100vh, 720px) * 1 \/ 1)), max(100vw, calc(clamp(320px, 100vh, 720px) * 16 \/ 9))\" style=\"object-position:center\"\/><\/picture><span class=\"sts-block-hero__overlay\" aria-hidden=\"true\"><\/span><\/div><div class=\"sts-block-hero__inner\"><div class=\"sts-block-hero__content has-align-center\"><div class=\"sts-block-hero__content-inner\"><h1 class=\"sts-block-hero__heading\">Solidarit\u00e9 STS<\/h1><\/div><\/div><\/div><\/section>\n\n\n\n<div class=\"wp-block-sts-text sts-text-editor has-max-width-md\"><div class=\"sts-text-editor__content\"><div class=\"sts-text-editor__content-inner\">\n<h2>STS &amp; Aiducatius<\/h2>\n<p>Ton s\u00e9jour peut changer plus qu\u2019une vie ! Avec STS, tu ne pars pas seulement \u00e0 l\u2019\u00e9tranger : tu contribues \u00e0 un projet qui soutient l\u2019\u00e9ducation d\u2019enfants qui n\u2019y auraient pas acc\u00e8s autrement, aide des communaut\u00e9s locales et prot\u00e8ge l\u2019environnement. En tant que membre du Groupe Educatius, STS soutient Aiducatius, une initiative \u00e0 but non lucratif qui finance des projets en Gambie et en Tanzanie. Chaque \u00e9tudiant qui part avec STS contribue \u00e0 ces projets. Que tu t\u2019en rendes compte ou non, tu fais partie d\u2019un mouvement qui cr\u00e9e des opportunit\u00e9s et de l\u2019espoir pour d\u2019autres.<\/p>\n<h2>St. Martin\u2019s School \u2013 Gambie<\/h2>\n<p>Dans le village c\u00f4tier de Kartong, St. Martin\u2019s School accueille plus de 1 500 \u00e9l\u00e8ves. Les frais de scolarit\u00e9 sont gratuits, mais de nombreuses familles n\u2019ont pas les moyens de payer les livres, uniformes, fournitures ou m\u00eame les chaussures. Gr\u00e2ce \u00e0 Aiducatius, des centaines d\u2019\u00e9l\u00e8ves re\u00e7oivent chaque ann\u00e9e tout le n\u00e9cessaire pour continuer l\u2019\u00e9cole. Cela peut faire la diff\u00e9rence entre un enfant qui poursuit sa scolarit\u00e9 ou qui reste \u00e0 la maison.<\/p>\n<h2>Gabriella Children Rehabilitation Centre \u2013 Tanzanie<\/h2>\n<p>Au pied du Kilimandjaro, le Gabriella Children Rehabilitation Centre donne aux enfants en situation de handicap la chance d\u2019apprendre, de participer et de gagner en autonomie. Sans ce centre, beaucoup seraient exclus de la soci\u00e9t\u00e9 et expos\u00e9s \u00e0 des risques de maltraitance. Chaque \u00e9l\u00e8ve suit un parcours sur mesure : certains suivent des cours acad\u00e9miques, d\u2019autres apprennent des m\u00e9tiers. Ils cuisinent, jardinent, \u00e9l\u00e8vent des animaux et fabriquent des produits qui aident \u00e0 faire vivre le centre. Aiducatius finance les salaires des enseignants et aide \u00e0 d\u00e9velopper des programmes qui inspirent aujourd\u2019hui d\u2019autres \u00e9coles \u00e0 travers la Tanzanie.<\/p>\n<h2>Reforestation et protection de l\u2019environnement \u2013 Tanzanie<\/h2>\n<p>Voyager \u00e0 l\u2019\u00e9tranger a un impact sur l\u2019environnement. Depuis 2009, Aiducatius soutient des associations locales \u00e0 Biharamulo, dans le nord-ouest de la Tanzanie, pour planter des centaines de milliers d\u2019arbres. Ces projets restaurent les for\u00eats, prot\u00e8gent les sources d\u2019eau et forment les jeunes \u00e0 la foresterie durable. Ils aident aussi \u00e0 am\u00e9liorer la sant\u00e9 des habitants et \u00e0 r\u00e9duire la d\u00e9forestation gr\u00e2ce \u00e0 l\u2019installation de foyers de cuisson \u00e9conomes en \u00e9nergie, aujourd\u2019hui utilis\u00e9s dans les maisons et les \u00e9coles locales.<\/p>\n<h2>Le stage cr\u00e9atif Aiducatius<\/h2>\n<p>Chaque ann\u00e9e, Educatius organise un concours mondial ouvert aux \u00e9tudiants, anciens participants, familles d\u2019accueil, enseignants et membres de l\u2019\u00e9quipe. Les gagnants partent deux semaines en Gambie, \u00e0 St. Martin\u2019s School, pour animer des ateliers d\u2019art, de musique ou de narration et travailler avec les enseignants sur des projets qui favorisent l\u2019\u00e9change culturel. Ils contribuent aussi \u00e0 apporter des dons comme des livres, fournitures scolaires et produits d\u2019hygi\u00e8ne.<\/p>\n<\/div><\/div><\/div>\n","protected":false},"excerpt":{"rendered":"","protected":false},"author":20,"featured_media":15567,"parent":10946,"menu_order":0,"comment_status":"closed","ping_status":"closed","template":"templates\/template-default-with-breadcrumbs.php","meta":{"_acf_changed":false,"sts_page_background_color":"","footnotes":""},"wpw_page_folders":[77],"class_list":["post-10951","page","type-page","status-publish","has-post-thumbnail","hentry"],"acf":[],"yoast_head":"<!-- This site is optimized with the Yoast SEO Premium plugin v27.2 (Yoast SEO v27.2) - https:\/\/yoast.com\/product\/yoast-seo-premium-wordpress\/ -->\n<title>Solidarit\u00e9 STS<\/title>\n<meta name=\"description\" content=\"Avec STS, tu ne pars pas seulement \u00e0 l\u2019\u00e9tranger : tu contribues \u00e0 un projet qui soutient l\u2019\u00e9ducation d\u2019enfants qui n\u2019y auraient pas acc\u00e8s autrement, aide des communaut\u00e9s locales et prot\u00e8ge l\u2019environnement.\" \/>\n<meta name=\"robots\" content=\"index, follow, max-snippet:-1, max-image-preview:large, max-video-preview:-1\" \/>\n<link rel=\"canonical\" href=\"https:\/\/www.sts-education.com\/fr-ch\/a-propos-de-sts\/durabilite\/\" \/>\n<meta property=\"og:locale\" content=\"fr_FR\" \/>\n<meta property=\"og:type\" content=\"article\" \/>\n<meta property=\"og:title\" content=\"Solidarit\u00e9 STS\" \/>\n<meta property=\"og:description\" content=\"Avec STS, tu ne pars pas seulement \u00e0 l\u2019\u00e9tranger : tu contribues \u00e0 un projet qui soutient l\u2019\u00e9ducation d\u2019enfants qui n\u2019y auraient pas acc\u00e8s autrement, aide des communaut\u00e9s locales et prot\u00e8ge l\u2019environnement.\" \/>\n<meta property=\"og:url\" content=\"https:\/\/www.sts-education.com\/fr-ch\/a-propos-de-sts\/durabilite\/\" \/>\n<meta property=\"og:site_name\" content=\"STS Education\" \/>\n<meta property=\"article:modified_time\" content=\"2026-04-22T15:20:28+00:00\" \/>\n<meta property=\"og:image\" content=\"https:\/\/powered-by.qbank.se\/educatius\/sts\/\/3d1ea4feabe1e0e42df6e0c9e599fe93_1-1-thumb.webp\" \/>\n\t<meta property=\"og:image:width\" content=\"150\" \/>\n\t<meta property=\"og:image:height\" content=\"150\" \/>\n\t<meta property=\"og:image:type\" content=\"image\/jpeg\" \/>\n<meta name=\"twitter:card\" content=\"summary_large_image\" \/>\n<meta name=\"twitter:label1\" content=\"Est. reading time\" \/>\n\t<meta name=\"twitter:data1\" content=\"3 minutes\" \/>\n<script type=\"application\/ld+json\" class=\"yoast-schema-graph\">{\"@context\":\"https:\/\/schema.org\",\"@graph\":[{\"@type\":\"WebPage\",\"@id\":\"https:\/\/www.sts-education.com\/fr-ch\/a-propos-de-sts\/durabilite\/\",\"url\":\"https:\/\/www.sts-education.com\/fr-ch\/a-propos-de-sts\/durabilite\/\",\"name\":\"Solidarit\u00e9 STS\",\"isPartOf\":{\"@id\":\"https:\/\/www.sts-education.com\/fr-ch\/#website\"},\"primaryImageOfPage\":{\"@id\":\"https:\/\/www.sts-education.com\/fr-ch\/a-propos-de-sts\/durabilite\/#primaryimage\"},\"image\":{\"@id\":\"https:\/\/www.sts-education.com\/fr-ch\/a-propos-de-sts\/durabilite\/#primaryimage\"},\"thumbnailUrl\":\"https:\/\/powered-by.qbank.se\/educatius\/sts\/\/3d1ea4feabe1e0e42df6e0c9e599fe93_1-1-thumb.webp\",\"datePublished\":\"2025-12-16T10:22:28+00:00\",\"dateModified\":\"2026-04-22T15:20:28+00:00\",\"description\":\"Avec STS, tu ne pars pas seulement \u00e0 l\u2019\u00e9tranger : tu contribues \u00e0 un projet qui soutient l\u2019\u00e9ducation d\u2019enfants qui n\u2019y auraient pas acc\u00e8s autrement, aide des communaut\u00e9s locales et prot\u00e8ge l\u2019environnement.\",\"breadcrumb\":{\"@id\":\"https:\/\/www.sts-education.com\/fr-ch\/a-propos-de-sts\/durabilite\/#breadcrumb\"},\"inLanguage\":\"fr-CH\",\"potentialAction\":[{\"@type\":\"ReadAction\",\"target\":[\"https:\/\/www.sts-education.com\/fr-ch\/a-propos-de-sts\/durabilite\/\"]}]},{\"@type\":\"ImageObject\",\"inLanguage\":\"fr-CH\",\"@id\":\"https:\/\/www.sts-education.com\/fr-ch\/a-propos-de-sts\/durabilite\/#primaryimage\",\"url\":\"https:\/\/powered-by.qbank.se\/educatius\/sts\/\/3d1ea4feabe1e0e42df6e0c9e599fe93_1-1-thumb.webp\",\"contentUrl\":\"https:\/\/powered-by.qbank.se\/educatius\/sts\/\/3d1ea4feabe1e0e42df6e0c9e599fe93_1-1-thumb.webp\",\"width\":150,\"height\":150},{\"@type\":\"BreadcrumbList\",\"@id\":\"https:\/\/www.sts-education.com\/fr-ch\/a-propos-de-sts\/durabilite\/#breadcrumb\",\"itemListElement\":[{\"@type\":\"ListItem\",\"position\":1,\"name\":\"Home\",\"item\":\"https:\/\/www.sts-education.com\/fr-ch\/\"},{\"@type\":\"ListItem\",\"position\":2,\"name\":\"\u00c0 propos de STS\",\"item\":\"https:\/\/www.sts-education.com\/fr-ch\/a-propos-de-sts\/\"},{\"@type\":\"ListItem\",\"position\":3,\"name\":\"Solidarit\u00e9 STS\"}]},{\"@type\":\"WebSite\",\"@id\":\"https:\/\/www.sts-education.com\/fr-ch\/#website\",\"url\":\"https:\/\/www.sts-education.com\/fr-ch\/\",\"name\":\"STS Education\",\"description\":\"\",\"potentialAction\":[{\"@type\":\"SearchAction\",\"target\":{\"@type\":\"EntryPoint\",\"urlTemplate\":\"https:\/\/www.sts-education.com\/fr-ch\/?s={search_term_string}\"},\"query-input\":{\"@type\":\"PropertyValueSpecification\",\"valueRequired\":true,\"valueName\":\"search_term_string\"}}],\"inLanguage\":\"fr-CH\"}]}<\/script>\n<!-- \/ Yoast SEO Premium plugin. -->","yoast_head_json":{"title":"Solidarit\u00e9 STS","description":"Avec STS, tu ne pars pas seulement \u00e0 l\u2019\u00e9tranger : tu contribues \u00e0 un projet qui soutient l\u2019\u00e9ducation d\u2019enfants qui n\u2019y auraient pas acc\u00e8s autrement, aide des communaut\u00e9s locales et prot\u00e8ge l\u2019environnement.","robots":{"index":"index","follow":"follow","max-snippet":"max-snippet:-1","max-image-preview":"max-image-preview:large","max-video-preview":"max-video-preview:-1"},"canonical":"https:\/\/www.sts-education.com\/fr-ch\/a-propos-de-sts\/durabilite\/","og_locale":"fr_FR","og_type":"article","og_title":"Solidarit\u00e9 STS","og_description":"Avec STS, tu ne pars pas seulement \u00e0 l\u2019\u00e9tranger : tu contribues \u00e0 un projet qui soutient l\u2019\u00e9ducation d\u2019enfants qui n\u2019y auraient pas acc\u00e8s autrement, aide des communaut\u00e9s locales et prot\u00e8ge l\u2019environnement.","og_url":"https:\/\/www.sts-education.com\/fr-ch\/a-propos-de-sts\/durabilite\/","og_site_name":"STS Education","article_modified_time":"2026-04-22T15:20:28+00:00","og_image":[{"width":150,"height":150,"url":"https:\/\/powered-by.qbank.se\/educatius\/sts\/\/3d1ea4feabe1e0e42df6e0c9e599fe93_1-1-thumb.webp","type":"image\/jpeg"}],"twitter_card":"summary_large_image","twitter_misc":{"Est. reading time":"3 minutes"},"schema":{"@context":"https:\/\/schema.org","@graph":[{"@type":"WebPage","@id":"https:\/\/www.sts-education.com\/fr-ch\/a-propos-de-sts\/durabilite\/","url":"https:\/\/www.sts-education.com\/fr-ch\/a-propos-de-sts\/durabilite\/","name":"Solidarit\u00e9 STS","isPartOf":{"@id":"https:\/\/www.sts-education.com\/fr-ch\/#website"},"primaryImageOfPage":{"@id":"https:\/\/www.sts-education.com\/fr-ch\/a-propos-de-sts\/durabilite\/#primaryimage"},"image":{"@id":"https:\/\/www.sts-education.com\/fr-ch\/a-propos-de-sts\/durabilite\/#primaryimage"},"thumbnailUrl":"https:\/\/powered-by.qbank.se\/educatius\/sts\/\/3d1ea4feabe1e0e42df6e0c9e599fe93_1-1-thumb.webp","datePublished":"2025-12-16T10:22:28+00:00","dateModified":"2026-04-22T15:20:28+00:00","description":"Avec STS, tu ne pars pas seulement \u00e0 l\u2019\u00e9tranger : tu contribues \u00e0 un projet qui soutient l\u2019\u00e9ducation d\u2019enfants qui n\u2019y auraient pas acc\u00e8s autrement, aide des communaut\u00e9s locales et prot\u00e8ge l\u2019environnement.","breadcrumb":{"@id":"https:\/\/www.sts-education.com\/fr-ch\/a-propos-de-sts\/durabilite\/#breadcrumb"},"inLanguage":"fr-CH","potentialAction":[{"@type":"ReadAction","target":["https:\/\/www.sts-education.com\/fr-ch\/a-propos-de-sts\/durabilite\/"]}]},{"@type":"ImageObject","inLanguage":"fr-CH","@id":"https:\/\/www.sts-education.com\/fr-ch\/a-propos-de-sts\/durabilite\/#primaryimage","url":"https:\/\/powered-by.qbank.se\/educatius\/sts\/\/3d1ea4feabe1e0e42df6e0c9e599fe93_1-1-thumb.webp","contentUrl":"https:\/\/powered-by.qbank.se\/educatius\/sts\/\/3d1ea4feabe1e0e42df6e0c9e599fe93_1-1-thumb.webp","width":150,"height":150},{"@type":"BreadcrumbList","@id":"https:\/\/www.sts-education.com\/fr-ch\/a-propos-de-sts\/durabilite\/#breadcrumb","itemListElement":[{"@type":"ListItem","position":1,"name":"Home","item":"https:\/\/www.sts-education.com\/fr-ch\/"},{"@type":"ListItem","position":2,"name":"\u00c0 propos de STS","item":"https:\/\/www.sts-education.com\/fr-ch\/a-propos-de-sts\/"},{"@type":"ListItem","position":3,"name":"Solidarit\u00e9 STS"}]},{"@type":"WebSite","@id":"https:\/\/www.sts-education.com\/fr-ch\/#website","url":"https:\/\/www.sts-education.com\/fr-ch\/","name":"STS Education","description":"","potentialAction":[{"@type":"SearchAction","target":{"@type":"EntryPoint","urlTemplate":"https:\/\/www.sts-education.com\/fr-ch\/?s={search_term_string}"},"query-input":{"@type":"PropertyValueSpecification","valueRequired":true,"valueName":"search_term_string"}}],"inLanguage":"fr-CH"}]}},"_links":{"self":[{"href":"https:\/\/www.sts-education.com\/fr-ch\/wp-json\/wp\/v2\/pages\/10951","targetHints":{"allow":["GET"]}}],"collection":[{"href":"https:\/\/www.sts-education.com\/fr-ch\/wp-json\/wp\/v2\/pages"}],"about":[{"href":"https:\/\/www.sts-education.com\/fr-ch\/wp-json\/wp\/v2\/types\/page"}],"author":[{"embeddable":true,"href":"https:\/\/www.sts-education.com\/fr-ch\/wp-json\/wp\/v2\/users\/20"}],"replies":[{"embeddable":true,"href":"https:\/\/www.sts-education.com\/fr-ch\/wp-json\/wp\/v2\/comments?post=10951"}],"version-history":[{"count":3,"href":"https:\/\/www.sts-education.com\/fr-ch\/wp-json\/wp\/v2\/pages\/10951\/revisions"}],"predecessor-version":[{"id":39956,"href":"https:\/\/www.sts-education.com\/fr-ch\/wp-json\/wp\/v2\/pages\/10951\/revisions\/39956"}],"up":[{"embeddable":true,"href":"https:\/\/www.sts-education.com\/fr-ch\/wp-json\/wp\/v2\/pages\/10946"}],"wp:featuredmedia":[{"embeddable":true,"href":"https:\/\/www.sts-education.com\/fr-ch\/wp-json\/wp\/v2\/media\/15567"}],"wp:attachment":[{"href":"https:\/\/www.sts-education.com\/fr-ch\/wp-json\/wp\/v2\/media?parent=10951"}],"wp:term":[{"taxonomy":"wpw_page_folders","embeddable":true,"href":"https:\/\/www.sts-education.com\/fr-ch\/wp-json\/wp\/v2\/wpw_page_folders?post=10951"}],"curies":[{"name":"wp","href":"https:\/\/api.w.org\/{rel}","templated":true}]}}