{"id":10952,"date":"2025-12-16T10:22:47","date_gmt":"2025-12-16T08:22:47","guid":{"rendered":"https:\/\/preprod.sts-education.com\/a-propos-de-sts\/lhistoire-de-sts\/"},"modified":"2026-04-30T15:29:34","modified_gmt":"2026-04-30T13:29:34","slug":"lhistoire-de-sts","status":"publish","type":"page","link":"https:\/\/www.sts-education.com\/fr-ch\/a-propos-de-sts\/lhistoire-de-sts\/","title":{"rendered":"L&#8217;histoire de STS"},"content":{"rendered":"\n<figure class=\"wp-block-sts-image sts-block-image sts-block-image--count-1 has-max-width-lg\" data-count=\"1\"><div class=\"sts-block-image__grid\"><div class=\"sts-block-image__item\"><picture class=\"sts-responsive-image has-fit-cover has-pos-top is-skeleton\"><source media=\"(max-width: 834.98px)\" srcset=\"https:\/\/powered-by.qbank.se\/educatius\/sts\/540930646d6ad4ca7963d3c52aac7f9e_1-1-thumb.webp 150w, https:\/\/powered-by.qbank.se\/educatius\/sts\/540930646d6ad4ca7963d3c52aac7f9e_1-1-xsmall.webp 500w, https:\/\/powered-by.qbank.se\/educatius\/sts\/540930646d6ad4ca7963d3c52aac7f9e_1-1-small.webp 800w, https:\/\/powered-by.qbank.se\/educatius\/sts\/540930646d6ad4ca7963d3c52aac7f9e_1-1-medium.webp 1024w, https:\/\/powered-by.qbank.se\/educatius\/sts\/540930646d6ad4ca7963d3c52aac7f9e_1-1-large.webp 1536w\" sizes=\"(max-width: 768px) 100vw, (max-width: 1200px) 100vw, 1200px\" type=\"image\/webp\"\/><source media=\"(min-width: 835px)\" srcset=\"https:\/\/powered-by.qbank.se\/educatius\/sts\/540930646d6ad4ca7963d3c52aac7f9e_16-9-small.webp 800w, https:\/\/powered-by.qbank.se\/educatius\/sts\/540930646d6ad4ca7963d3c52aac7f9e_16-9-medium.webp 1024w, https:\/\/powered-by.qbank.se\/educatius\/sts\/540930646d6ad4ca7963d3c52aac7f9e_16-9-large.webp 1536w\" sizes=\"(max-width: 768px) 100vw, (max-width: 1200px) 100vw, 1200px\" type=\"image\/webp\"\/><img src=\"https:\/\/powered-by.qbank.se\/educatius\/sts\/540930646d6ad4ca7963d3c52aac7f9e_1-1-thumb.webp\" alt=\"\" loading=\"lazy\" decoding=\"async\" fetchpriority=\"low\" style=\"object-position:top\"\/><\/picture><\/div><\/div><\/figure>\n\n\n\n<section class=\"wp-block-sts-text-image-video sts-block-text-image-video is-desktop-text-left is-mobile-media-first has-max-width-lg is-media-video\"><div class=\"sts-block-text-image-video__inner\"><div class=\"sts-block-text-image-video__text\"><div class=\"sts-content-stack sts-content-stack--left\"><h1 class=\"sts-content-stack__heading\">L&#8217;histoire de STS<\/h1><div class=\"sts-content-stack__paragraph\">\n<p>Tout commence en 1958 avec la vision proph\u00e9tique d\u2019un homme sur la direction que prend le monde et ce qui est n\u00e9cessaire pour am\u00e9liorer l\u2019avenir des g\u00e9n\u00e9rations futures. Un avenir dans lequel une bonne communication, une compr\u00e9hension de la diversit\u00e9 et la n\u00e9cessit\u00e9 de cr\u00e9er du lien entre les humains s\u2019av\u00e9raient cruciaux pour la paix, la prosp\u00e9rit\u00e9 et le progr\u00e8s. Lars Magnusson se donne alors pour mission de pr\u00e9parer les jeunes \u00e9l\u00e8ves \u00e0 l\u2019avenir qui les attend. Il a une id\u00e9e r\u00e9volutionnaire, qu\u2019aucune entreprise n\u2019a jamais r\u00e9alis\u00e9 \u00e0 grande \u00e9chelle auparavant : Il d\u00e9cide d\u2019organiser un voyage pour de jeunes \u00e9l\u00e8ves afin qu\u2019ils puissent explorer le monde sans leurs parents, grandir en tant qu\u2019\u00eatres humains, apprendre une langue et devenir des citoyens du monde.<\/p>\n<\/div><\/div><\/div><div class=\"sts-block-text-image-video__media\"><section class=\"sts-block-text-image-video__video sts-block-video\"><div class=\"sts-video sts-video--landscape\"><div class=\"sts-video__handler\"><button type=\"button\" class=\"sts-video__play-button\" aria-label=\"Play video\" aria-pressed=\"false\" data-playing=\"false\"><span class=\"sts-video__play-icon\"><img decoding=\"async\" class=\"play-icon\" src=\"data:image\/svg+xml,%3csvg%20width='32'%20height='32'%20viewBox='0%200%2032%2032'%20fill='none'%20xmlns='http:\/\/www.w3.org\/2000\/svg'%3e%3cmask%20id='mask0_2459_8201'%20style='mask-type:alpha'%20maskUnits='userSpaceOnUse'%20x='0'%20y='0'%20width='32'%20height='32'%3e%3crect%20width='32'%20height='32'%20fill='%23D9D9D9'\/%3e%3c\/mask%3e%3cg%20mask='url(%23mask0_2459_8201)'%3e%3cpath%20d='M10.667%2022.8999V9.09993C10.667%208.72216%2010.8003%208.40549%2011.067%208.14993C11.3337%207.89438%2011.6448%207.7666%2012.0003%207.7666C12.1114%207.7666%2012.2281%207.78327%2012.3503%207.8166C12.4725%207.84993%2012.5892%207.89993%2012.7003%207.9666L23.567%2014.8666C23.767%2014.9999%2023.917%2015.1666%2024.017%2015.3666C24.117%2015.5666%2024.167%2015.7777%2024.167%2015.9999C24.167%2016.2222%2024.117%2016.4333%2024.017%2016.6333C23.917%2016.8333%2023.767%2016.9999%2023.567%2017.1333L12.7003%2024.0333C12.5892%2024.0999%2012.4725%2024.1499%2012.3503%2024.1833C12.2281%2024.2166%2012.1114%2024.2333%2012.0003%2024.2333C11.6448%2024.2333%2011.3337%2024.1055%2011.067%2023.8499C10.8003%2023.5944%2010.667%2023.2777%2010.667%2022.8999Z'%20fill='black'\/%3e%3c\/g%3e%3c\/svg%3e\" alt=\"\" aria-hidden=\"true\"\/><img decoding=\"async\" class=\"pause-icon\" src=\"data:image\/svg+xml,%3csvg%20width='32'%20height='32'%20viewBox='0%200%2032%2032'%20fill='none'%20xmlns='http:\/\/www.w3.org\/2000\/svg'%3e%3cmask%20id='mask0_pause'%20style='mask-type:alpha'%20maskUnits='userSpaceOnUse'%20x='0'%20y='0'%20width='32'%20height='32'%3e%3crect%20width='32'%20height='32'%20fill='%23D9D9D9'\/%3e%3c\/mask%3e%3cg%20mask='url(%23mask0_pause)'%3e%3c!--%20Left%20bar%20--%3e%3crect%20x='10'%20y='8'%20width='4'%20height='16'%20rx='1'%20fill='black'\/%3e%3c!--%20Right%20bar%20--%3e%3crect%20x='18'%20y='8'%20width='4'%20height='16'%20rx='1'%20fill='black'\/%3e%3c\/g%3e%3c\/svg%3e\" alt=\"\" aria-hidden=\"true\"\/><\/span><\/button><strong class=\"sts-video__duration\" data-duration-prefix=\"Video duration:\" data-unit-second=\"second\" data-unit-seconds=\"seconds\" data-unit-minute=\"minute\" data-unit-minutes=\"minutes\" aria-label=\"Video duration: 2 minutes\">2 mins<\/strong><\/div><div class=\"sts-video__media\" data-video-source=\"youtube\" data-video-url=\"\"><div class=\"sts-video__external-shell\" data-embed-url=\"https:\/\/www.youtube.com\/embed\/IA-toHCjujY?rel=0&amp;controls=1&amp;modestbranding=1&amp;playsinline=1&amp;enablejsapi=1&amp;autoplay=0&amp;origin=https%3A%2F%2Fwww.sts-education.com\"><iframe class=\"sts-video__iframe\" src=\"https:\/\/www.youtube.com\/embed\/IA-toHCjujY?rel=0&amp;controls=1&amp;modestbranding=1&amp;playsinline=1&amp;enablejsapi=1&amp;autoplay=0&amp;origin=https%3A%2F%2Fwww.sts-education.com\" title=\"Video poster\nheading\" allow=\"autoplay; fullscreen\" allowfullscreen loading=\"lazy\" data-provider=\"youtube\" data-embed-url=\"https:\/\/www.youtube.com\/embed\/IA-toHCjujY?rel=0&amp;controls=1&amp;modestbranding=1&amp;playsinline=1&amp;enablejsapi=1&amp;autoplay=0&amp;origin=https%3A%2F%2Fwww.sts-education.com\"><\/iframe><\/div><\/div><\/div><\/section><\/div><\/div><\/section>\n\n\n\n<div class=\"wp-block-sts-text sts-text-editor has-max-width-md\"><div class=\"sts-text-editor__content\"><div class=\"sts-text-editor__content-inner\">\n<h2>Nous changeons la vie des gens depuis 1958<\/h2>\n<p>Depuis les d\u00e9buts de STS (Student Travel Schools) en 1958, plus d\u2019un million de jeunes aventuriers ont eu l\u2019occasion de d\u00e9couvrir de nouveaux endroits, d\u2019explorer de nouvelles cultures et d\u2019apprendre de nouvelles langues avec nous. \u00c0 cette occasion, ils se sont fait de nouveaux amis partout dans le monde, ils ont relev\u00e9 des d\u00e9fis personnels, surmont\u00e9 des coups de soleil, partag\u00e9 des larmes de joie et surv\u00e9cu \u00e0 de tristes adieux. Mais surtout, ils ont fait tout cela en apprenant \u00e0 conna\u00eetre de nouvelles cultures et en ayant un aper\u00e7u de la soci\u00e9t\u00e9 mondiale. Mais comment en sommes-nous arriv\u00e9s l\u00e0 ?<\/p>\n<p>Le premier voyage linguistique emm\u00e8ne un petit groupe de jeunes Su\u00e9dois \u00e0 Mattsee, en Autriche. Ensemble, ils profitent de quelques semaines estivales et travaillent leur allemand. Le s\u00e9jour est un succ\u00e8s et l\u2019ann\u00e9e suivante, plus de 600 \u00e9l\u00e8ves partent pour l\u2019Angleterre. Tr\u00e8s vite, plus de 2000 \u00e9l\u00e8ves partent chaque ann\u00e9e en voyage linguistique avec STS. Gr\u00e2ce \u00e0 cette croissance rapide, nous avons petit \u00e0 petit \u00e9largi notre zone d\u2019action.<\/p>\n<p>Nous \u0153uvrons aujourd\u2019hui dans 12 pays et envoyons chaque ann\u00e9e des milliers de jeunes \u00e9l\u00e8ves dans 20 pays du globe pour des \u00e9changes en High School, afin de jeter des ponts entre les peuples. Il nous faut un avenir dans lequel une bonne communication, une compr\u00e9hension de la diversit\u00e9 et la n\u00e9cessit\u00e9 de cr\u00e9er du lien entre les humains s\u2019av\u00e9raient cruciaux pour la paix, la prosp\u00e9rit\u00e9 et le progr\u00e8s.<\/p>\n<p>STS Education est d\u00e9sormais la propri\u00e9t\u00e9 d&#8217;Educatius, mais \u00e9tait auparavant une entreprise familiale. Aujourd&#8217;hui, nous nous concentrons sur notre programme principal : les \u00e9changes en High School. Nous pensons que c&#8217;est le programme qui peut offrir le plus d&#8217;avantages aux jeunes d&#8217;aujourd&#8217;hui. Nous sommes convaincus que l\u2019apprentissage bas\u00e9 sur l\u2019exp\u00e9rience est le meilleur moyen de grandir, de m\u00fbrir, d\u2019\u00eatre confront\u00e9 \u00e0 des d\u00e9fis et d\u2019am\u00e9liorer la confiance en soi.<\/p>\n<\/div><\/div><\/div>\n","protected":false},"excerpt":{"rendered":"","protected":false},"author":20,"featured_media":15569,"parent":10946,"menu_order":0,"comment_status":"closed","ping_status":"closed","template":"templates\/template-default-with-breadcrumbs.php","meta":{"_acf_changed":false,"sts_page_background_color":"","footnotes":""},"wpw_page_folders":[77],"class_list":["post-10952","page","type-page","status-publish","has-post-thumbnail","hentry"],"acf":[],"yoast_head":"<!-- This site is optimized with the Yoast SEO Premium plugin v27.2 (Yoast SEO v27.2) - https:\/\/yoast.com\/product\/yoast-seo-premium-wordpress\/ -->\n<title>L&#039;histoire de STS<\/title>\n<meta name=\"robots\" content=\"index, follow, max-snippet:-1, max-image-preview:large, max-video-preview:-1\" \/>\n<link rel=\"canonical\" href=\"https:\/\/www.sts-education.com\/fr-ch\/a-propos-de-sts\/lhistoire-de-sts\/\" \/>\n<meta property=\"og:locale\" content=\"fr_FR\" \/>\n<meta property=\"og:type\" content=\"article\" \/>\n<meta property=\"og:title\" content=\"L&#039;histoire de STS\" \/>\n<meta property=\"og:url\" content=\"https:\/\/www.sts-education.com\/fr-ch\/a-propos-de-sts\/lhistoire-de-sts\/\" \/>\n<meta property=\"og:site_name\" content=\"STS Education\" \/>\n<meta property=\"article:modified_time\" content=\"2026-04-30T13:29:34+00:00\" \/>\n<meta property=\"og:image\" content=\"https:\/\/powered-by.qbank.se\/educatius\/sts\/\/540930646d6ad4ca7963d3c52aac7f9e_1-1-thumb.webp\" \/>\n\t<meta property=\"og:image:width\" content=\"150\" \/>\n\t<meta property=\"og:image:height\" content=\"150\" \/>\n\t<meta property=\"og:image:type\" content=\"image\/jpeg\" \/>\n<meta name=\"twitter:card\" content=\"summary_large_image\" \/>\n<meta name=\"twitter:label1\" content=\"Est. reading time\" \/>\n\t<meta name=\"twitter:data1\" content=\"4 minutes\" \/>\n<script type=\"application\/ld+json\" class=\"yoast-schema-graph\">{\"@context\":\"https:\/\/schema.org\",\"@graph\":[{\"@type\":\"WebPage\",\"@id\":\"https:\/\/www.sts-education.com\/fr-ch\/a-propos-de-sts\/lhistoire-de-sts\/\",\"url\":\"https:\/\/www.sts-education.com\/fr-ch\/a-propos-de-sts\/lhistoire-de-sts\/\",\"name\":\"L'histoire de STS\",\"isPartOf\":{\"@id\":\"https:\/\/www.sts-education.com\/fr-ch\/#website\"},\"primaryImageOfPage\":{\"@id\":\"https:\/\/www.sts-education.com\/fr-ch\/a-propos-de-sts\/lhistoire-de-sts\/#primaryimage\"},\"image\":{\"@id\":\"https:\/\/www.sts-education.com\/fr-ch\/a-propos-de-sts\/lhistoire-de-sts\/#primaryimage\"},\"thumbnailUrl\":\"https:\/\/powered-by.qbank.se\/educatius\/sts\/\/540930646d6ad4ca7963d3c52aac7f9e_1-1-thumb.webp\",\"datePublished\":\"2025-12-16T08:22:47+00:00\",\"dateModified\":\"2026-04-30T13:29:34+00:00\",\"breadcrumb\":{\"@id\":\"https:\/\/www.sts-education.com\/fr-ch\/a-propos-de-sts\/lhistoire-de-sts\/#breadcrumb\"},\"inLanguage\":\"fr-CH\",\"potentialAction\":[{\"@type\":\"ReadAction\",\"target\":[\"https:\/\/www.sts-education.com\/fr-ch\/a-propos-de-sts\/lhistoire-de-sts\/\"]}]},{\"@type\":\"ImageObject\",\"inLanguage\":\"fr-CH\",\"@id\":\"https:\/\/www.sts-education.com\/fr-ch\/a-propos-de-sts\/lhistoire-de-sts\/#primaryimage\",\"url\":\"https:\/\/powered-by.qbank.se\/educatius\/sts\/\/540930646d6ad4ca7963d3c52aac7f9e_1-1-thumb.webp\",\"contentUrl\":\"https:\/\/powered-by.qbank.se\/educatius\/sts\/\/540930646d6ad4ca7963d3c52aac7f9e_1-1-thumb.webp\",\"width\":150,\"height\":150},{\"@type\":\"BreadcrumbList\",\"@id\":\"https:\/\/www.sts-education.com\/fr-ch\/a-propos-de-sts\/lhistoire-de-sts\/#breadcrumb\",\"itemListElement\":[{\"@type\":\"ListItem\",\"position\":1,\"name\":\"Home\",\"item\":\"https:\/\/www.sts-education.com\/fr-ch\/\"},{\"@type\":\"ListItem\",\"position\":2,\"name\":\"\u00c0 propos de STS\",\"item\":\"https:\/\/www.sts-education.com\/fr-ch\/a-propos-de-sts\/\"},{\"@type\":\"ListItem\",\"position\":3,\"name\":\"L&#8217;histoire de STS\"}]},{\"@type\":\"WebSite\",\"@id\":\"https:\/\/www.sts-education.com\/fr-ch\/#website\",\"url\":\"https:\/\/www.sts-education.com\/fr-ch\/\",\"name\":\"STS Education\",\"description\":\"\",\"potentialAction\":[{\"@type\":\"SearchAction\",\"target\":{\"@type\":\"EntryPoint\",\"urlTemplate\":\"https:\/\/www.sts-education.com\/fr-ch\/?s={search_term_string}\"},\"query-input\":{\"@type\":\"PropertyValueSpecification\",\"valueRequired\":true,\"valueName\":\"search_term_string\"}}],\"inLanguage\":\"fr-CH\"}]}<\/script>\n<!-- \/ Yoast SEO Premium plugin. -->","yoast_head_json":{"title":"L'histoire de STS","robots":{"index":"index","follow":"follow","max-snippet":"max-snippet:-1","max-image-preview":"max-image-preview:large","max-video-preview":"max-video-preview:-1"},"canonical":"https:\/\/www.sts-education.com\/fr-ch\/a-propos-de-sts\/lhistoire-de-sts\/","og_locale":"fr_FR","og_type":"article","og_title":"L'histoire de STS","og_url":"https:\/\/www.sts-education.com\/fr-ch\/a-propos-de-sts\/lhistoire-de-sts\/","og_site_name":"STS Education","article_modified_time":"2026-04-30T13:29:34+00:00","og_image":[{"width":150,"height":150,"url":"https:\/\/powered-by.qbank.se\/educatius\/sts\/\/540930646d6ad4ca7963d3c52aac7f9e_1-1-thumb.webp","type":"image\/jpeg"}],"twitter_card":"summary_large_image","twitter_misc":{"Est. reading time":"4 minutes"},"schema":{"@context":"https:\/\/schema.org","@graph":[{"@type":"WebPage","@id":"https:\/\/www.sts-education.com\/fr-ch\/a-propos-de-sts\/lhistoire-de-sts\/","url":"https:\/\/www.sts-education.com\/fr-ch\/a-propos-de-sts\/lhistoire-de-sts\/","name":"L'histoire de STS","isPartOf":{"@id":"https:\/\/www.sts-education.com\/fr-ch\/#website"},"primaryImageOfPage":{"@id":"https:\/\/www.sts-education.com\/fr-ch\/a-propos-de-sts\/lhistoire-de-sts\/#primaryimage"},"image":{"@id":"https:\/\/www.sts-education.com\/fr-ch\/a-propos-de-sts\/lhistoire-de-sts\/#primaryimage"},"thumbnailUrl":"https:\/\/powered-by.qbank.se\/educatius\/sts\/\/540930646d6ad4ca7963d3c52aac7f9e_1-1-thumb.webp","datePublished":"2025-12-16T08:22:47+00:00","dateModified":"2026-04-30T13:29:34+00:00","breadcrumb":{"@id":"https:\/\/www.sts-education.com\/fr-ch\/a-propos-de-sts\/lhistoire-de-sts\/#breadcrumb"},"inLanguage":"fr-CH","potentialAction":[{"@type":"ReadAction","target":["https:\/\/www.sts-education.com\/fr-ch\/a-propos-de-sts\/lhistoire-de-sts\/"]}]},{"@type":"ImageObject","inLanguage":"fr-CH","@id":"https:\/\/www.sts-education.com\/fr-ch\/a-propos-de-sts\/lhistoire-de-sts\/#primaryimage","url":"https:\/\/powered-by.qbank.se\/educatius\/sts\/\/540930646d6ad4ca7963d3c52aac7f9e_1-1-thumb.webp","contentUrl":"https:\/\/powered-by.qbank.se\/educatius\/sts\/\/540930646d6ad4ca7963d3c52aac7f9e_1-1-thumb.webp","width":150,"height":150},{"@type":"BreadcrumbList","@id":"https:\/\/www.sts-education.com\/fr-ch\/a-propos-de-sts\/lhistoire-de-sts\/#breadcrumb","itemListElement":[{"@type":"ListItem","position":1,"name":"Home","item":"https:\/\/www.sts-education.com\/fr-ch\/"},{"@type":"ListItem","position":2,"name":"\u00c0 propos de STS","item":"https:\/\/www.sts-education.com\/fr-ch\/a-propos-de-sts\/"},{"@type":"ListItem","position":3,"name":"L&#8217;histoire de STS"}]},{"@type":"WebSite","@id":"https:\/\/www.sts-education.com\/fr-ch\/#website","url":"https:\/\/www.sts-education.com\/fr-ch\/","name":"STS Education","description":"","potentialAction":[{"@type":"SearchAction","target":{"@type":"EntryPoint","urlTemplate":"https:\/\/www.sts-education.com\/fr-ch\/?s={search_term_string}"},"query-input":{"@type":"PropertyValueSpecification","valueRequired":true,"valueName":"search_term_string"}}],"inLanguage":"fr-CH"}]}},"_links":{"self":[{"href":"https:\/\/www.sts-education.com\/fr-ch\/wp-json\/wp\/v2\/pages\/10952","targetHints":{"allow":["GET"]}}],"collection":[{"href":"https:\/\/www.sts-education.com\/fr-ch\/wp-json\/wp\/v2\/pages"}],"about":[{"href":"https:\/\/www.sts-education.com\/fr-ch\/wp-json\/wp\/v2\/types\/page"}],"author":[{"embeddable":true,"href":"https:\/\/www.sts-education.com\/fr-ch\/wp-json\/wp\/v2\/users\/20"}],"replies":[{"embeddable":true,"href":"https:\/\/www.sts-education.com\/fr-ch\/wp-json\/wp\/v2\/comments?post=10952"}],"version-history":[{"count":7,"href":"https:\/\/www.sts-education.com\/fr-ch\/wp-json\/wp\/v2\/pages\/10952\/revisions"}],"predecessor-version":[{"id":44519,"href":"https:\/\/www.sts-education.com\/fr-ch\/wp-json\/wp\/v2\/pages\/10952\/revisions\/44519"}],"up":[{"embeddable":true,"href":"https:\/\/www.sts-education.com\/fr-ch\/wp-json\/wp\/v2\/pages\/10946"}],"wp:featuredmedia":[{"embeddable":true,"href":"https:\/\/www.sts-education.com\/fr-ch\/wp-json\/wp\/v2\/media\/15569"}],"wp:attachment":[{"href":"https:\/\/www.sts-education.com\/fr-ch\/wp-json\/wp\/v2\/media?parent=10952"}],"wp:term":[{"taxonomy":"wpw_page_folders","embeddable":true,"href":"https:\/\/www.sts-education.com\/fr-ch\/wp-json\/wp\/v2\/wpw_page_folders?post=10952"}],"curies":[{"name":"wp","href":"https:\/\/api.w.org\/{rel}","templated":true}]}}