{"id":10954,"date":"2025-12-16T10:05:12","date_gmt":"2025-12-16T10:05:12","guid":{"rendered":"https:\/\/preprod.sts-education.com\/high-school\/avant-ton-annee-a-letranger\/"},"modified":"2026-04-14T10:02:54","modified_gmt":"2026-04-14T10:02:54","slug":"avant-ton-annee-a-letranger","status":"publish","type":"page","link":"https:\/\/www.sts-education.com\/fr-ch\/high-school\/avant-ton-annee-a-letranger\/","title":{"rendered":"Avant Ton Annee A Letranger"},"content":{"rendered":"\n<div class=\"wp-block-sts-text sts-text-editor has-max-width-md\"><div class=\"sts-text-editor__content\"><div class=\"sts-text-editor__content-inner\">\n<h1>Avant ton ann\u00e9e \u00e0 l\u2019\u00e9tranger<\/h1>\n<\/div><\/div><\/div>\n\n\n\n<div class=\"wp-block-sts-text sts-text-editor has-max-width-md\"><div class=\"sts-text-editor__content\"><div class=\"sts-text-editor__content-inner\">\n<p>Nous organisons des \u00e9changes internationaux depuis plus de 65 ans, et disposons de toutes les connaissances et de l\u2019exp\u00e9rience n\u00e9cessaires pour te proposer une exp\u00e9rience extraordinaire. Nous sommes nombreux chez STS \u00e0 avoir nous-m\u00eames \u00e9t\u00e9 \u00e9l\u00e8ves d\u2019\u00e9change, ce qui nous permet de savoir exactement comment se passe une ann\u00e9e scolaire \u00e0 l\u2019\u00e9tranger. Nous savons ce qui t\u2019attend et nous savons ce que tu peux ressentir. Notre passion ? Aider le plus de gens possible \u00e0 vivre tout ce que cette ann\u00e9e rec\u00e8le, et nous avons h\u00e2te de pouvoir te partager avec toi notre engagement pour les \u00e9changes internationaux. C\u2019est un incroyable s\u00e9jour qui t\u2019attend et nous sommes l\u00e0 pour faire en sorte que tu vives une exp\u00e9rience inoubliable !<\/p>\n\n<h2>Nous sommes l\u00e0 pour t\u2019aider !<\/h2>\n\n<p>Les pr\u00e9paratifs sont une part importante et excitante de ton ann\u00e9e \u00e0 l\u2019\u00e9tranger, et personne ne peut mieux t\u2019y pr\u00e9parer que nous. Plus tu sais ce que tu en veux, mieux c\u2019est. Renseigne-toi au maximum avant de partir et n\u2019h\u00e9site pas \u00e0 demander de l\u2019aide. Nous te guiderons \u00e0 chaque \u00e9tape, de la candidature aux pr\u00e9paratifs, et jusqu\u2019au d\u00e9part.<\/p>\n\n<h2>Choisir ton pays<\/h2>\n\n<p>Tu veux vivre la High School \u00e0 l\u2019am\u00e9ricaine ? C\u2019est le cas de la plupart de nos \u00e9l\u00e8ves, mais chez STS nous sommes fiers de proposer pas moins de 20 pays diff\u00e9rents.<\/p>\n\n<p><a href=\"\/fr-ch\/high-school\/tripfinder\/\">Jette un \u0153il aux destinations qu\u2019on te propose pour ton ann\u00e9e \u00e0 l\u2019\u00e9tranger.<\/a><\/p>\n\n<h2>Postule tr\u00e8s en avance !<\/h2>\n\n<p>Si tu peux, postule un an avant la date \u00e0 laquelle tu veux partir, et pas plus tard qu\u2019au mois de mars de l\u2019ann\u00e9e concern\u00e9e. Une demande tardive peut signifier que l&#8217;\u00e9ventail des pays dans lesquels vous pouvez vous rendre est limit\u00e9 et qu&#8217;une demande tardive peut entra\u00eener des co\u00fbts suppl\u00e9mentaires.<\/p>\n\n<p>Le processus permettant de trouver une famille d\u2019accueil et une \u00e9cole qui te correspondent est lui aussi important, et plus on peut commencer \u00e0 te chercher un foyer et un \u00e9tablissement scolaire t\u00f4t, mieux c\u2019est ! Alors rappelle-toi de postuler tr\u00e8s en avance, tu partiras d\u2019un bon pied !<\/p>\n\n<p>Besoin d\u2019informations ? <a href=\"https:\/\/www.sts-education.com\/fr-ch\/a-propos-de-sts\/contactez-nous\/\">Contacte-nous !<\/a><\/p>\n\n<h2>Demande de visa<\/h2>\n\n<p>Tu as besoin d\u2019un visa pour vivre et \u00e9tudier dans certains pays. Le cas \u00e9ch\u00e9ant, nous te procurerons toutes les informations n\u00e9cessaires pour faciliter au maximum ta demande de visa. Le visa \u00e9tant un document personnel, c\u2019est toi qui en feras la demande, mais nous t\u2019aiderons tout au long du processus. Si un visa est requis, les frais seront \u00e0 ta charge.<\/p>\n\n<h2>Webinaires<\/h2>\n\n<p>Nous te convierons \u00e0 un webinaire pendant laquelle nous t\u2019indiquerons pas \u00e0 pas les \u00e9tapes \u00e0 suivre jusqu\u2019\u00e0 ton d\u00e9part.<\/p>\n\n<h2>R\u00e9union pr\u00e9paratoire<\/h2>\n\n<p>Tu seras invit\u00e9, avec tous les autres \u00e9l\u00e8ves d\u2019\u00e9change, \u00e0 une r\u00e9union pr\u00e9paratoire o\u00f9 tu recevras toutes les informations et conseils dont tu peux avoir besoin. Ces r\u00e9unions seront organis\u00e9es dans plusieurs villes, mais si tu ne peux pas y assister, tu pourras suivre l\u2019une d\u2019entre elles en visio. Cela te permettra de rencontrer les autres jeunes, qui sont aussi impatients que toi d\u2019aller passer une ann\u00e9e scolaire \u00e0 l\u2019\u00e9tranger. Les parents sont eux aussi bienvenus, car nous savons \u00e0 quel point il est important pour eux de comprendre de quoi sera faite cette incroyable ann\u00e9e qui t\u2019attend.<\/p>\n<\/div><\/div><\/div>\n","protected":false},"excerpt":{"rendered":"","protected":false},"author":20,"featured_media":15573,"parent":5889,"menu_order":0,"comment_status":"closed","ping_status":"closed","template":"templates\/template-default-with-breadcrumbs.php","meta":{"_acf_changed":false,"sts_page_background_color":"","footnotes":""},"wpw_page_folders":[80],"class_list":["post-10954","page","type-page","status-publish","has-post-thumbnail","hentry"],"acf":[],"yoast_head":"<!-- This site is optimized with the Yoast SEO Premium plugin v27.2 (Yoast SEO v27.3) - https:\/\/yoast.com\/product\/yoast-seo-premium-wordpress\/ -->\n<title>\u00c9l\u00e9ments \u00e0 prendre en consid\u00e9ration avant de passer une ann\u00e9e \u00e0 l\u2019\u00e9tranger<\/title>\n<meta name=\"description\" content=\"Les pr\u00e9paratifs font partie int\u00e9grante de ton ann\u00e9e \u00e0 l\u2019\u00e9tranger. Postule bien \u00e0 l\u2019avance et viens \u00e0 nos r\u00e9unions d\u2019information. Nous proposons un choix de 20 pays.\" \/>\n<meta name=\"robots\" content=\"index, follow, max-snippet:-1, max-image-preview:large, max-video-preview:-1\" \/>\n<link rel=\"canonical\" href=\"https:\/\/www.sts-education.com\/fr-ch\/high-school\/avant-ton-annee-a-letranger\/\" \/>\n<meta property=\"og:locale\" content=\"fr_FR\" \/>\n<meta property=\"og:type\" content=\"article\" \/>\n<meta property=\"og:title\" content=\"Avant Ton Annee A Letranger\" \/>\n<meta property=\"og:description\" content=\"Les pr\u00e9paratifs font partie int\u00e9grante de ton ann\u00e9e \u00e0 l\u2019\u00e9tranger. Postule bien \u00e0 l\u2019avance et viens \u00e0 nos r\u00e9unions d\u2019information. Nous proposons un choix de 20 pays.\" \/>\n<meta property=\"og:url\" content=\"https:\/\/www.sts-education.com\/fr-ch\/high-school\/avant-ton-annee-a-letranger\/\" \/>\n<meta property=\"og:site_name\" content=\"STS Education\" \/>\n<meta property=\"article:modified_time\" content=\"2026-04-14T10:02:54+00:00\" \/>\n<meta property=\"og:image\" content=\"https:\/\/powered-by.qbank.se\/educatius\/sts\/\/df7e1de23b6e8c68863e49e03d05ef0e_1-1-thumb.webp\" \/>\n\t<meta property=\"og:image:width\" content=\"150\" \/>\n\t<meta property=\"og:image:height\" content=\"150\" \/>\n\t<meta property=\"og:image:type\" content=\"image\/jpeg\" \/>\n<meta name=\"twitter:card\" content=\"summary_large_image\" \/>\n<meta name=\"twitter:label1\" content=\"Est. reading time\" \/>\n\t<meta name=\"twitter:data1\" content=\"3 minutes\" \/>\n<script type=\"application\/ld+json\" class=\"yoast-schema-graph\">{\"@context\":\"https:\\\/\\\/schema.org\",\"@graph\":[{\"@type\":\"WebPage\",\"@id\":\"https:\\\/\\\/www.sts-education.com\\\/fr-ch\\\/high-school\\\/avant-ton-annee-a-letranger\\\/\",\"url\":\"https:\\\/\\\/www.sts-education.com\\\/fr-ch\\\/high-school\\\/avant-ton-annee-a-letranger\\\/\",\"name\":\"\u00c9l\u00e9ments \u00e0 prendre en consid\u00e9ration avant de passer une ann\u00e9e \u00e0 l\u2019\u00e9tranger\",\"isPartOf\":{\"@id\":\"https:\\\/\\\/www.sts-education.com\\\/fr-ch\\\/#website\"},\"primaryImageOfPage\":{\"@id\":\"https:\\\/\\\/www.sts-education.com\\\/fr-ch\\\/high-school\\\/avant-ton-annee-a-letranger\\\/#primaryimage\"},\"image\":{\"@id\":\"https:\\\/\\\/www.sts-education.com\\\/fr-ch\\\/high-school\\\/avant-ton-annee-a-letranger\\\/#primaryimage\"},\"thumbnailUrl\":\"https:\\\/\\\/powered-by.qbank.se\\\/educatius\\\/sts\\\/\\\/df7e1de23b6e8c68863e49e03d05ef0e_1-1-thumb.webp\",\"datePublished\":\"2025-12-16T10:05:12+00:00\",\"dateModified\":\"2026-04-14T10:02:54+00:00\",\"description\":\"Les pr\u00e9paratifs font partie int\u00e9grante de ton ann\u00e9e \u00e0 l\u2019\u00e9tranger. Postule bien \u00e0 l\u2019avance et viens \u00e0 nos r\u00e9unions d\u2019information. Nous proposons un choix de 20 pays.\",\"breadcrumb\":{\"@id\":\"https:\\\/\\\/www.sts-education.com\\\/fr-ch\\\/high-school\\\/avant-ton-annee-a-letranger\\\/#breadcrumb\"},\"inLanguage\":\"fr-CH\",\"potentialAction\":[{\"@type\":\"ReadAction\",\"target\":[\"https:\\\/\\\/www.sts-education.com\\\/fr-ch\\\/high-school\\\/avant-ton-annee-a-letranger\\\/\"]}]},{\"@type\":\"ImageObject\",\"inLanguage\":\"fr-CH\",\"@id\":\"https:\\\/\\\/www.sts-education.com\\\/fr-ch\\\/high-school\\\/avant-ton-annee-a-letranger\\\/#primaryimage\",\"url\":\"https:\\\/\\\/powered-by.qbank.se\\\/educatius\\\/sts\\\/\\\/df7e1de23b6e8c68863e49e03d05ef0e_1-1-thumb.webp\",\"contentUrl\":\"https:\\\/\\\/powered-by.qbank.se\\\/educatius\\\/sts\\\/\\\/df7e1de23b6e8c68863e49e03d05ef0e_1-1-thumb.webp\",\"width\":150,\"height\":150},{\"@type\":\"BreadcrumbList\",\"@id\":\"https:\\\/\\\/www.sts-education.com\\\/fr-ch\\\/high-school\\\/avant-ton-annee-a-letranger\\\/#breadcrumb\",\"itemListElement\":[{\"@type\":\"ListItem\",\"position\":1,\"name\":\"Home\",\"item\":\"https:\\\/\\\/www.sts-education.com\\\/fr-ch\\\/\"},{\"@type\":\"ListItem\",\"position\":2,\"name\":\"High school\",\"item\":\"https:\\\/\\\/www.sts-education.com\\\/fr-ch\\\/high-school\\\/\"},{\"@type\":\"ListItem\",\"position\":3,\"name\":\"Avant Ton Annee A Letranger\"}]},{\"@type\":\"WebSite\",\"@id\":\"https:\\\/\\\/www.sts-education.com\\\/fr-ch\\\/#website\",\"url\":\"https:\\\/\\\/www.sts-education.com\\\/fr-ch\\\/\",\"name\":\"STS Education\",\"description\":\"\",\"potentialAction\":[{\"@type\":\"SearchAction\",\"target\":{\"@type\":\"EntryPoint\",\"urlTemplate\":\"https:\\\/\\\/www.sts-education.com\\\/fr-ch\\\/?s={search_term_string}\"},\"query-input\":{\"@type\":\"PropertyValueSpecification\",\"valueRequired\":true,\"valueName\":\"search_term_string\"}}],\"inLanguage\":\"fr-CH\"}]}<\/script>\n<!-- \/ Yoast SEO Premium plugin. -->","yoast_head_json":{"title":"\u00c9l\u00e9ments \u00e0 prendre en consid\u00e9ration avant de passer une ann\u00e9e \u00e0 l\u2019\u00e9tranger","description":"Les pr\u00e9paratifs font partie int\u00e9grante de ton ann\u00e9e \u00e0 l\u2019\u00e9tranger. Postule bien \u00e0 l\u2019avance et viens \u00e0 nos r\u00e9unions d\u2019information. Nous proposons un choix de 20 pays.","robots":{"index":"index","follow":"follow","max-snippet":"max-snippet:-1","max-image-preview":"max-image-preview:large","max-video-preview":"max-video-preview:-1"},"canonical":"https:\/\/www.sts-education.com\/fr-ch\/high-school\/avant-ton-annee-a-letranger\/","og_locale":"fr_FR","og_type":"article","og_title":"Avant Ton Annee A Letranger","og_description":"Les pr\u00e9paratifs font partie int\u00e9grante de ton ann\u00e9e \u00e0 l\u2019\u00e9tranger. Postule bien \u00e0 l\u2019avance et viens \u00e0 nos r\u00e9unions d\u2019information. Nous proposons un choix de 20 pays.","og_url":"https:\/\/www.sts-education.com\/fr-ch\/high-school\/avant-ton-annee-a-letranger\/","og_site_name":"STS Education","article_modified_time":"2026-04-14T10:02:54+00:00","og_image":[{"width":150,"height":150,"url":"https:\/\/powered-by.qbank.se\/educatius\/sts\/\/df7e1de23b6e8c68863e49e03d05ef0e_1-1-thumb.webp","type":"image\/jpeg"}],"twitter_card":"summary_large_image","twitter_misc":{"Est. reading time":"3 minutes"},"schema":{"@context":"https:\/\/schema.org","@graph":[{"@type":"WebPage","@id":"https:\/\/www.sts-education.com\/fr-ch\/high-school\/avant-ton-annee-a-letranger\/","url":"https:\/\/www.sts-education.com\/fr-ch\/high-school\/avant-ton-annee-a-letranger\/","name":"\u00c9l\u00e9ments \u00e0 prendre en consid\u00e9ration avant de passer une ann\u00e9e \u00e0 l\u2019\u00e9tranger","isPartOf":{"@id":"https:\/\/www.sts-education.com\/fr-ch\/#website"},"primaryImageOfPage":{"@id":"https:\/\/www.sts-education.com\/fr-ch\/high-school\/avant-ton-annee-a-letranger\/#primaryimage"},"image":{"@id":"https:\/\/www.sts-education.com\/fr-ch\/high-school\/avant-ton-annee-a-letranger\/#primaryimage"},"thumbnailUrl":"https:\/\/powered-by.qbank.se\/educatius\/sts\/\/df7e1de23b6e8c68863e49e03d05ef0e_1-1-thumb.webp","datePublished":"2025-12-16T10:05:12+00:00","dateModified":"2026-04-14T10:02:54+00:00","description":"Les pr\u00e9paratifs font partie int\u00e9grante de ton ann\u00e9e \u00e0 l\u2019\u00e9tranger. Postule bien \u00e0 l\u2019avance et viens \u00e0 nos r\u00e9unions d\u2019information. Nous proposons un choix de 20 pays.","breadcrumb":{"@id":"https:\/\/www.sts-education.com\/fr-ch\/high-school\/avant-ton-annee-a-letranger\/#breadcrumb"},"inLanguage":"fr-CH","potentialAction":[{"@type":"ReadAction","target":["https:\/\/www.sts-education.com\/fr-ch\/high-school\/avant-ton-annee-a-letranger\/"]}]},{"@type":"ImageObject","inLanguage":"fr-CH","@id":"https:\/\/www.sts-education.com\/fr-ch\/high-school\/avant-ton-annee-a-letranger\/#primaryimage","url":"https:\/\/powered-by.qbank.se\/educatius\/sts\/\/df7e1de23b6e8c68863e49e03d05ef0e_1-1-thumb.webp","contentUrl":"https:\/\/powered-by.qbank.se\/educatius\/sts\/\/df7e1de23b6e8c68863e49e03d05ef0e_1-1-thumb.webp","width":150,"height":150},{"@type":"BreadcrumbList","@id":"https:\/\/www.sts-education.com\/fr-ch\/high-school\/avant-ton-annee-a-letranger\/#breadcrumb","itemListElement":[{"@type":"ListItem","position":1,"name":"Home","item":"https:\/\/www.sts-education.com\/fr-ch\/"},{"@type":"ListItem","position":2,"name":"High school","item":"https:\/\/www.sts-education.com\/fr-ch\/high-school\/"},{"@type":"ListItem","position":3,"name":"Avant Ton Annee A Letranger"}]},{"@type":"WebSite","@id":"https:\/\/www.sts-education.com\/fr-ch\/#website","url":"https:\/\/www.sts-education.com\/fr-ch\/","name":"STS Education","description":"","potentialAction":[{"@type":"SearchAction","target":{"@type":"EntryPoint","urlTemplate":"https:\/\/www.sts-education.com\/fr-ch\/?s={search_term_string}"},"query-input":{"@type":"PropertyValueSpecification","valueRequired":true,"valueName":"search_term_string"}}],"inLanguage":"fr-CH"}]}},"_links":{"self":[{"href":"https:\/\/www.sts-education.com\/fr-ch\/wp-json\/wp\/v2\/pages\/10954","targetHints":{"allow":["GET"]}}],"collection":[{"href":"https:\/\/www.sts-education.com\/fr-ch\/wp-json\/wp\/v2\/pages"}],"about":[{"href":"https:\/\/www.sts-education.com\/fr-ch\/wp-json\/wp\/v2\/types\/page"}],"author":[{"embeddable":true,"href":"https:\/\/www.sts-education.com\/fr-ch\/wp-json\/wp\/v2\/users\/20"}],"replies":[{"embeddable":true,"href":"https:\/\/www.sts-education.com\/fr-ch\/wp-json\/wp\/v2\/comments?post=10954"}],"version-history":[{"count":4,"href":"https:\/\/www.sts-education.com\/fr-ch\/wp-json\/wp\/v2\/pages\/10954\/revisions"}],"predecessor-version":[{"id":33595,"href":"https:\/\/www.sts-education.com\/fr-ch\/wp-json\/wp\/v2\/pages\/10954\/revisions\/33595"}],"up":[{"embeddable":true,"href":"https:\/\/www.sts-education.com\/fr-ch\/wp-json\/wp\/v2\/pages\/5889"}],"wp:featuredmedia":[{"embeddable":true,"href":"https:\/\/www.sts-education.com\/fr-ch\/wp-json\/wp\/v2\/media\/15573"}],"wp:attachment":[{"href":"https:\/\/www.sts-education.com\/fr-ch\/wp-json\/wp\/v2\/media?parent=10954"}],"wp:term":[{"taxonomy":"wpw_page_folders","embeddable":true,"href":"https:\/\/www.sts-education.com\/fr-ch\/wp-json\/wp\/v2\/wpw_page_folders?post=10954"}],"curies":[{"name":"wp","href":"https:\/\/api.w.org\/{rel}","templated":true}]}}