{"id":10957,"date":"2025-12-16T10:37:52","date_gmt":"2025-12-16T10:37:52","guid":{"rendered":"https:\/\/preprod.sts-education.com\/high-school\/nos-etudiants-dechange\/"},"modified":"2026-04-14T10:02:24","modified_gmt":"2026-04-14T10:02:24","slug":"nos-etudiants-dechange","status":"publish","type":"page","link":"https:\/\/www.sts-education.com\/fr-ch\/high-school\/nos-etudiants-dechange\/","title":{"rendered":"Nos Etudiants Dechange"},"content":{"rendered":"\n<section class=\"wp-block-sts-hero sts-block-hero is-variant-full-background has-text-light has-background-media\" style=\"--sts-hero-padding-mobile:0px;--sts-hero-padding-desktop:0px;--sts-hero-text-color:var(--wp--preset--color--base-10, #fff);\" data-variant=\"full-background\"><div class=\"sts-block-hero__background\"><picture class=\"sts-responsive-image has-fit-cover is-skeleton\"><img src=\"https:\/\/cdn.sts-education.com\/11075_hero_lg_xl.jpg\" alt=\"Nos \u00e9tudiants d&#x27;\u00e9change\" loading=\"lazy\" decoding=\"async\" fetchpriority=\"low\" sizes=\"100vw\" \/><\/picture><span class=\"sts-block-hero__overlay\" aria-hidden=\"true\"><\/span><\/div><div class=\"sts-block-hero__inner\"><div class=\"sts-block-hero__content has-align-center\"><div class=\"sts-block-hero__content-inner\"><h1 class=\"sts-block-hero__heading\">Nos \u00e9tudiants d&#x27;\u00e9change<\/h1><\/div><\/div><\/div><\/section>\n\n\n\n<div class=\"wp-block-sts-text sts-text-editor has-max-width-md\"><div class=\"sts-text-editor__content\"><div class=\"sts-text-editor__content-inner\">\n<p>Passer une ann\u00e9e en High School \u00e0 l\u2019\u00e9tranger, \u00e7a se passe comment ? Qui mieux que ceux qui ont eux-m\u00eames v\u00e9cu cette aventure peut le dire ? C\u2019est la raison pour laquelle nous permettons \u00e0 plusieurs de nos \u00e9l\u00e8ves d\u2019alimenter nos m\u00e9dias sociaux comme <a href=\"https:\/\/www.instagram.com\/stsworldwide\/\" target=\"_blank\" rel=\"noopener noreferrer\">Instagram<\/a> et <a href=\"https:\/\/www.tiktok.com\/@stsworldwide\" target=\"_blank\" rel=\"noopener noreferrer\">TikTok,<\/a> o\u00f9 ils racontent comment s\u2019est pass\u00e9e leur ann\u00e9e \u00e0 l\u2019\u00e9tranger. Ils d\u00e9crivent, entre autres, leur \u00e9tat d\u2019esprit avant de partir, donnent des conseils sur les choses \u00e0 prendre, parlent de leur exp\u00e9rience pendant leur ann\u00e9e \u00e0 l\u2019\u00e9tranger&#8230; Et pense \u00e0 suivre l\u2019hashtag <strong>#stseducation<\/strong>.<\/p>\n\n<h2>Tu veux parler de ton s\u00e9jour ?<\/h2>\n\n<p>Tu veux toi aussi apporter ton t\u00e9moignage sur nos r\u00e9seaux apr\u00e8s ton s\u00e9jour ? Envoie-nous un email \u00e0 <a href=\"mailto:social.media@sts-education.com\">social.media@sts-education.com<\/a> et dis-nous si tu veux intervenir sur Instagram, TikTok ou sur le blog, tu auras peut-\u00eatre la possibilit\u00e9 de pouvoir bient\u00f4t \u00eatre cit\u00e9.<\/p>\n<\/div><\/div><\/div>\n\n\n\n<section class=\"wp-block-sts-video sts-block-video sts-block-video--landscape has-max-width-lg\"><div class=\"sts-video sts-video--landscape\"><div class=\"sts-video__handler\"><button type=\"button\" class=\"sts-video__play-button\" aria-label=\"Play video\" aria-pressed=\"false\" data-playing=\"false\"><span class=\"sts-video__play-icon\"><img decoding=\"async\" class=\"play-icon\" src=\"data:image\/svg+xml,%3csvg%20width='32'%20height='32'%20viewBox='0%200%2032%2032'%20fill='none'%20xmlns='http:\/\/www.w3.org\/2000\/svg'%3e%3cmask%20id='mask0_2459_8201'%20style='mask-type:alpha'%20maskUnits='userSpaceOnUse'%20x='0'%20y='0'%20width='32'%20height='32'%3e%3crect%20width='32'%20height='32'%20fill='%23D9D9D9'\/%3e%3c\/mask%3e%3cg%20mask='url(%23mask0_2459_8201)'%3e%3cpath%20d='M10.667%2022.8999V9.09993C10.667%208.72216%2010.8003%208.40549%2011.067%208.14993C11.3337%207.89438%2011.6448%207.7666%2012.0003%207.7666C12.1114%207.7666%2012.2281%207.78327%2012.3503%207.8166C12.4725%207.84993%2012.5892%207.89993%2012.7003%207.9666L23.567%2014.8666C23.767%2014.9999%2023.917%2015.1666%2024.017%2015.3666C24.117%2015.5666%2024.167%2015.7777%2024.167%2015.9999C24.167%2016.2222%2024.117%2016.4333%2024.017%2016.6333C23.917%2016.8333%2023.767%2016.9999%2023.567%2017.1333L12.7003%2024.0333C12.5892%2024.0999%2012.4725%2024.1499%2012.3503%2024.1833C12.2281%2024.2166%2012.1114%2024.2333%2012.0003%2024.2333C11.6448%2024.2333%2011.3337%2024.1055%2011.067%2023.8499C10.8003%2023.5944%2010.667%2023.2777%2010.667%2022.8999Z'%20fill='black'\/%3e%3c\/g%3e%3c\/svg%3e\" alt=\"\" aria-hidden=\"true\"\/><img decoding=\"async\" class=\"pause-icon\" src=\"data:image\/svg+xml,%3csvg%20width='32'%20height='32'%20viewBox='0%200%2032%2032'%20fill='none'%20xmlns='http:\/\/www.w3.org\/2000\/svg'%3e%3cmask%20id='mask0_pause'%20style='mask-type:alpha'%20maskUnits='userSpaceOnUse'%20x='0'%20y='0'%20width='32'%20height='32'%3e%3crect%20width='32'%20height='32'%20fill='%23D9D9D9'\/%3e%3c\/mask%3e%3cg%20mask='url(%23mask0_pause)'%3e%3c!--%20Left%20bar%20--%3e%3crect%20x='10'%20y='8'%20width='4'%20height='16'%20rx='1'%20fill='black'\/%3e%3c!--%20Right%20bar%20--%3e%3crect%20x='18'%20y='8'%20width='4'%20height='16'%20rx='1'%20fill='black'\/%3e%3c\/g%3e%3c\/svg%3e\" alt=\"\" aria-hidden=\"true\"\/><\/span><\/button><strong class=\"sts-video__duration\" data-duration-prefix=\"Video duration:\" data-unit-second=\"second\" data-unit-seconds=\"seconds\" data-unit-minute=\"minute\" data-unit-minutes=\"minutes\" aria-label=\"Video duration: 2.0 minutes\">2.0 mins<\/strong><\/div><div class=\"sts-video__media\" data-video-source=\"youtube\" data-video-url=\"\"><div class=\"sts-video__external-shell\" data-embed-url=\"https:\/\/www.youtube.com\/embed\/KUVckqPr1BQ?rel=0&amp;controls=1&amp;modestbranding=1&amp;playsinline=1&amp;enablejsapi=1&amp;autoplay=0&amp;origin=https%3A%2F%2Fwww.sts-education.com\"><iframe class=\"sts-video__iframe\" src=\"https:\/\/www.youtube.com\/embed\/KUVckqPr1BQ?rel=0&amp;controls=1&amp;modestbranding=1&amp;playsinline=1&amp;enablejsapi=1&amp;autoplay=0&amp;origin=https%3A%2F%2Fwww.sts-education.com\" title=\"Video poster\nheading\" allow=\"autoplay; fullscreen\" allowfullscreen loading=\"lazy\" data-provider=\"youtube\" data-embed-url=\"https:\/\/www.youtube.com\/embed\/KUVckqPr1BQ?rel=0&amp;controls=1&amp;modestbranding=1&amp;playsinline=1&amp;enablejsapi=1&amp;autoplay=0&amp;origin=https%3A%2F%2Fwww.sts-education.com\"><\/iframe><\/div><\/div><\/div><\/section>\n","protected":false},"excerpt":{"rendered":"","protected":false},"author":20,"featured_media":0,"parent":5889,"menu_order":0,"comment_status":"closed","ping_status":"closed","template":"templates\/template-default-with-breadcrumbs.php","meta":{"_acf_changed":false,"sts_page_background_color":"","footnotes":""},"wpw_page_folders":[93],"class_list":["post-10957","page","type-page","status-publish","hentry"],"acf":[],"yoast_head":"<!-- This site is optimized with the Yoast SEO Premium plugin v27.2 (Yoast SEO v27.3) - https:\/\/yoast.com\/product\/yoast-seo-premium-wordpress\/ -->\n<title>Nos \u00e9tudiants d&#039;\u00e9change au high school | STS<\/title>\n<meta name=\"description\" content=\"D\u00e9couvre les histoires d&#039;anciens \u00e9tudiants d&#039;\u00e9change pour avoir un aper\u00e7u authentique de leur ann\u00e9e d&#039;\u00e9change.\" \/>\n<meta name=\"robots\" content=\"index, follow, max-snippet:-1, max-image-preview:large, max-video-preview:-1\" \/>\n<link rel=\"canonical\" href=\"https:\/\/www.sts-education.com\/fr-ch\/high-school\/nos-etudiants-dechange\/\" \/>\n<meta property=\"og:locale\" content=\"fr_FR\" \/>\n<meta property=\"og:type\" content=\"article\" \/>\n<meta property=\"og:title\" content=\"Nos Etudiants Dechange\" \/>\n<meta property=\"og:description\" content=\"D\u00e9couvre les histoires d&#039;anciens \u00e9tudiants d&#039;\u00e9change pour avoir un aper\u00e7u authentique de leur ann\u00e9e d&#039;\u00e9change.\" \/>\n<meta property=\"og:url\" content=\"https:\/\/www.sts-education.com\/fr-ch\/high-school\/nos-etudiants-dechange\/\" \/>\n<meta property=\"og:site_name\" content=\"STS Education\" \/>\n<meta property=\"article:modified_time\" content=\"2026-04-14T10:02:24+00:00\" \/>\n<meta property=\"og:image\" content=\"https:\/\/cdn.sts-education.com\/11075_hero_lg_xl.jpg\" \/>\n<meta name=\"twitter:card\" content=\"summary_large_image\" \/>\n<meta name=\"twitter:label1\" content=\"Est. reading time\" \/>\n\t<meta name=\"twitter:data1\" content=\"1 minute\" \/>\n<script type=\"application\/ld+json\" class=\"yoast-schema-graph\">{\"@context\":\"https:\\\/\\\/schema.org\",\"@graph\":[{\"@type\":\"WebPage\",\"@id\":\"https:\\\/\\\/www.sts-education.com\\\/fr-ch\\\/high-school\\\/nos-etudiants-dechange\\\/\",\"url\":\"https:\\\/\\\/www.sts-education.com\\\/fr-ch\\\/high-school\\\/nos-etudiants-dechange\\\/\",\"name\":\"Nos \u00e9tudiants d'\u00e9change au high school | STS\",\"isPartOf\":{\"@id\":\"https:\\\/\\\/www.sts-education.com\\\/fr-ch\\\/#website\"},\"primaryImageOfPage\":{\"@id\":\"https:\\\/\\\/www.sts-education.com\\\/fr-ch\\\/high-school\\\/nos-etudiants-dechange\\\/#primaryimage\"},\"image\":{\"@id\":\"https:\\\/\\\/www.sts-education.com\\\/fr-ch\\\/high-school\\\/nos-etudiants-dechange\\\/#primaryimage\"},\"thumbnailUrl\":\"https:\\\/\\\/cdn.sts-education.com\\\/11075_hero_lg_xl.jpg\",\"datePublished\":\"2025-12-16T10:37:52+00:00\",\"dateModified\":\"2026-04-14T10:02:24+00:00\",\"description\":\"D\u00e9couvre les histoires d'anciens \u00e9tudiants d'\u00e9change pour avoir un aper\u00e7u authentique de leur ann\u00e9e d'\u00e9change.\",\"breadcrumb\":{\"@id\":\"https:\\\/\\\/www.sts-education.com\\\/fr-ch\\\/high-school\\\/nos-etudiants-dechange\\\/#breadcrumb\"},\"inLanguage\":\"fr-CH\",\"potentialAction\":[{\"@type\":\"ReadAction\",\"target\":[\"https:\\\/\\\/www.sts-education.com\\\/fr-ch\\\/high-school\\\/nos-etudiants-dechange\\\/\"]}]},{\"@type\":\"ImageObject\",\"inLanguage\":\"fr-CH\",\"@id\":\"https:\\\/\\\/www.sts-education.com\\\/fr-ch\\\/high-school\\\/nos-etudiants-dechange\\\/#primaryimage\",\"url\":\"https:\\\/\\\/cdn.sts-education.com\\\/11075_hero_lg_xl.jpg\",\"contentUrl\":\"https:\\\/\\\/cdn.sts-education.com\\\/11075_hero_lg_xl.jpg\"},{\"@type\":\"BreadcrumbList\",\"@id\":\"https:\\\/\\\/www.sts-education.com\\\/fr-ch\\\/high-school\\\/nos-etudiants-dechange\\\/#breadcrumb\",\"itemListElement\":[{\"@type\":\"ListItem\",\"position\":1,\"name\":\"Home\",\"item\":\"https:\\\/\\\/www.sts-education.com\\\/fr-ch\\\/\"},{\"@type\":\"ListItem\",\"position\":2,\"name\":\"High school\",\"item\":\"https:\\\/\\\/www.sts-education.com\\\/fr-ch\\\/high-school\\\/\"},{\"@type\":\"ListItem\",\"position\":3,\"name\":\"Nos Etudiants Dechange\"}]},{\"@type\":\"WebSite\",\"@id\":\"https:\\\/\\\/www.sts-education.com\\\/fr-ch\\\/#website\",\"url\":\"https:\\\/\\\/www.sts-education.com\\\/fr-ch\\\/\",\"name\":\"STS Education\",\"description\":\"\",\"potentialAction\":[{\"@type\":\"SearchAction\",\"target\":{\"@type\":\"EntryPoint\",\"urlTemplate\":\"https:\\\/\\\/www.sts-education.com\\\/fr-ch\\\/?s={search_term_string}\"},\"query-input\":{\"@type\":\"PropertyValueSpecification\",\"valueRequired\":true,\"valueName\":\"search_term_string\"}}],\"inLanguage\":\"fr-CH\"}]}<\/script>\n<!-- \/ Yoast SEO Premium plugin. -->","yoast_head_json":{"title":"Nos \u00e9tudiants d'\u00e9change au high school | STS","description":"D\u00e9couvre les histoires d'anciens \u00e9tudiants d'\u00e9change pour avoir un aper\u00e7u authentique de leur ann\u00e9e d'\u00e9change.","robots":{"index":"index","follow":"follow","max-snippet":"max-snippet:-1","max-image-preview":"max-image-preview:large","max-video-preview":"max-video-preview:-1"},"canonical":"https:\/\/www.sts-education.com\/fr-ch\/high-school\/nos-etudiants-dechange\/","og_locale":"fr_FR","og_type":"article","og_title":"Nos Etudiants Dechange","og_description":"D\u00e9couvre les histoires d'anciens \u00e9tudiants d'\u00e9change pour avoir un aper\u00e7u authentique de leur ann\u00e9e d'\u00e9change.","og_url":"https:\/\/www.sts-education.com\/fr-ch\/high-school\/nos-etudiants-dechange\/","og_site_name":"STS Education","article_modified_time":"2026-04-14T10:02:24+00:00","og_image":[{"url":"https:\/\/cdn.sts-education.com\/11075_hero_lg_xl.jpg","type":"","width":"","height":""}],"twitter_card":"summary_large_image","twitter_misc":{"Est. reading time":"1 minute"},"schema":{"@context":"https:\/\/schema.org","@graph":[{"@type":"WebPage","@id":"https:\/\/www.sts-education.com\/fr-ch\/high-school\/nos-etudiants-dechange\/","url":"https:\/\/www.sts-education.com\/fr-ch\/high-school\/nos-etudiants-dechange\/","name":"Nos \u00e9tudiants d'\u00e9change au high school | STS","isPartOf":{"@id":"https:\/\/www.sts-education.com\/fr-ch\/#website"},"primaryImageOfPage":{"@id":"https:\/\/www.sts-education.com\/fr-ch\/high-school\/nos-etudiants-dechange\/#primaryimage"},"image":{"@id":"https:\/\/www.sts-education.com\/fr-ch\/high-school\/nos-etudiants-dechange\/#primaryimage"},"thumbnailUrl":"https:\/\/cdn.sts-education.com\/11075_hero_lg_xl.jpg","datePublished":"2025-12-16T10:37:52+00:00","dateModified":"2026-04-14T10:02:24+00:00","description":"D\u00e9couvre les histoires d'anciens \u00e9tudiants d'\u00e9change pour avoir un aper\u00e7u authentique de leur ann\u00e9e d'\u00e9change.","breadcrumb":{"@id":"https:\/\/www.sts-education.com\/fr-ch\/high-school\/nos-etudiants-dechange\/#breadcrumb"},"inLanguage":"fr-CH","potentialAction":[{"@type":"ReadAction","target":["https:\/\/www.sts-education.com\/fr-ch\/high-school\/nos-etudiants-dechange\/"]}]},{"@type":"ImageObject","inLanguage":"fr-CH","@id":"https:\/\/www.sts-education.com\/fr-ch\/high-school\/nos-etudiants-dechange\/#primaryimage","url":"https:\/\/cdn.sts-education.com\/11075_hero_lg_xl.jpg","contentUrl":"https:\/\/cdn.sts-education.com\/11075_hero_lg_xl.jpg"},{"@type":"BreadcrumbList","@id":"https:\/\/www.sts-education.com\/fr-ch\/high-school\/nos-etudiants-dechange\/#breadcrumb","itemListElement":[{"@type":"ListItem","position":1,"name":"Home","item":"https:\/\/www.sts-education.com\/fr-ch\/"},{"@type":"ListItem","position":2,"name":"High school","item":"https:\/\/www.sts-education.com\/fr-ch\/high-school\/"},{"@type":"ListItem","position":3,"name":"Nos Etudiants Dechange"}]},{"@type":"WebSite","@id":"https:\/\/www.sts-education.com\/fr-ch\/#website","url":"https:\/\/www.sts-education.com\/fr-ch\/","name":"STS Education","description":"","potentialAction":[{"@type":"SearchAction","target":{"@type":"EntryPoint","urlTemplate":"https:\/\/www.sts-education.com\/fr-ch\/?s={search_term_string}"},"query-input":{"@type":"PropertyValueSpecification","valueRequired":true,"valueName":"search_term_string"}}],"inLanguage":"fr-CH"}]}},"_links":{"self":[{"href":"https:\/\/www.sts-education.com\/fr-ch\/wp-json\/wp\/v2\/pages\/10957","targetHints":{"allow":["GET"]}}],"collection":[{"href":"https:\/\/www.sts-education.com\/fr-ch\/wp-json\/wp\/v2\/pages"}],"about":[{"href":"https:\/\/www.sts-education.com\/fr-ch\/wp-json\/wp\/v2\/types\/page"}],"author":[{"embeddable":true,"href":"https:\/\/www.sts-education.com\/fr-ch\/wp-json\/wp\/v2\/users\/20"}],"replies":[{"embeddable":true,"href":"https:\/\/www.sts-education.com\/fr-ch\/wp-json\/wp\/v2\/comments?post=10957"}],"version-history":[{"count":4,"href":"https:\/\/www.sts-education.com\/fr-ch\/wp-json\/wp\/v2\/pages\/10957\/revisions"}],"predecessor-version":[{"id":33574,"href":"https:\/\/www.sts-education.com\/fr-ch\/wp-json\/wp\/v2\/pages\/10957\/revisions\/33574"}],"up":[{"embeddable":true,"href":"https:\/\/www.sts-education.com\/fr-ch\/wp-json\/wp\/v2\/pages\/5889"}],"wp:attachment":[{"href":"https:\/\/www.sts-education.com\/fr-ch\/wp-json\/wp\/v2\/media?parent=10957"}],"wp:term":[{"taxonomy":"wpw_page_folders","embeddable":true,"href":"https:\/\/www.sts-education.com\/fr-ch\/wp-json\/wp\/v2\/wpw_page_folders?post=10957"}],"curies":[{"name":"wp","href":"https:\/\/api.w.org\/{rel}","templated":true}]}}