{"id":10961,"date":"2025-12-15T15:48:25","date_gmt":"2025-12-15T13:48:25","guid":{"rendered":"https:\/\/preprod.sts-education.com\/termes-et-conditions\/politique-en-matiere-de-cookies\/"},"modified":"2026-05-04T14:18:45","modified_gmt":"2026-05-04T12:18:45","slug":"politique-en-matiere-de-cookies","status":"publish","type":"page","link":"https:\/\/www.sts-education.com\/fr-ch\/termes-et-conditions\/politique-en-matiere-de-cookies\/","title":{"rendered":"Politique En Matiere De Cookies"},"content":{"rendered":"\n<div class=\"wp-block-sts-text sts-text-editor has-max-width-md\"><div class=\"sts-text-editor__content\"><div class=\"sts-text-editor__content-inner\">\n<h1>Politique en mati\u00e8re de cookies<\/h1>\n<\/div><\/div><\/div>\n\n\n\n<div class=\"wp-block-sts-text sts-text-editor has-max-width-md\"><div class=\"sts-text-editor__content\"><div class=\"sts-text-editor__content-inner\">\n<h2>Informations sur les cookies sur www.sts-education.com<\/h2>\n<p>Lors de vos visites sur notre site Internet, des cookies sont plac\u00e9s sur votre navigateur dans le but suivant :<\/p>\n<ul>\n<li>Conserver vos param\u00e8tres linguistiques<\/li>\n<li>Permettre au site Internet de fonctionner<\/li>\n<\/ul>\n<p>Si vous y consentez, des cookies seront \u00e9galement plac\u00e9s sur votre navigateur dans le but suivant :<\/p>\n<ul>\n<li>Analyser votre utilisation de notre site Internet<\/li>\n<\/ul>\n<p>Afin de vous proposer des offres et un service marketing appropri\u00e9s, nous, STS Education, entreprise enregistr\u00e9e sous le n\u00b0 559251-3112 (\u00ab STS \u00bb), souhaitons \u00eatre transparents sur notre mani\u00e8re d&#8217;utiliser les cookies et tenons donc \u00e0 vous fournir une description d\u00e9taill\u00e9e de leur utilisation.<\/p>\n<p>Nous n\u2019utilisons pas de cookies avanc\u00e9s. Nous pr\u00e9f\u00e9rons n\u2019utiliser que des cookies ordinaires, non avanc\u00e9s, dits \u00ab cookies http \u00bb et \u00ab cookies scripts \u00bb. Bien qu\u2019ils ne soient pas avanc\u00e9s, certains collectent des donn\u00e9es personnelles, comme votre adresse IP. La mani\u00e8re dont nous traitons vos donn\u00e9es personnelles, notamment la mani\u00e8re dont nous transf\u00e9rons vos donn\u00e9es personnelles hors de l\u2019UE\/EEE et vos droits vis \u00e0 vis du traitement de vos donn\u00e9es personnelles, se trouvent dans notre <a href=\"https:\/\/www.sts-education.com\/fr-ch\/termes-et-conditions\/politique-de-confidentialite\/\">Politique de confidentialit\u00e9.<\/a><\/p>\n<h2>Qui contacter ?<\/h2>\n<p>Pour toutes questions ou pour davantage d\u2019informations concernant notre utilisation des cookies, n\u2019h\u00e9sitez pas \u00e0 nous contacter :<\/p>\n<p>Adresse : Holl\u00e4ndargatan 20, 111 60 Stockholm, Su\u00e8de<\/p>\n<p>E-mail : dataprotection@sts.se<\/p>\n<p>T\u00e9l. : +46 771-20 20 40<\/p>\n<p>Pour toutes questions concernant les cookies, vous pouvez \u00e9galement contacter votre autorit\u00e9 de surveillance.<\/p>\n<h2>Comment \u00e9viter les cookies<\/h2>\n<p>Lors de vos visites de notre site Internet, nous pla\u00e7ons automatiquement certains cookies, qui ne sont stock\u00e9s que pendant la dur\u00e9e de votre visite sur notre site (cookies de session). En plus des cookies de session, nous en pla\u00e7ons d&#8217;autres plus persistants, qui restent plus longtemps sur votre navigateur.<\/p>\n<p>Si vous ne souhaitez pas accepter les cookies, vous pouvez r\u00e9gler votre navigateur de mani\u00e8re \u00e0 ce qu\u2019il les refuse automatiquement, ou vous pouvez les emp\u00eacher \u00e0 l\u2019aide de notre solution de gestion des cookies. Sur votre navigateur, vous pouvez \u00e9galement v\u00e9rifier quels cookies persistants ont \u00e9t\u00e9 plac\u00e9s et les effacer. Vous pouvez retirer votre consentement \u00e0 tout instant. Il suffit de cliquer sur le bouton R\u00e9glages dans l\u2019angle inf\u00e9rieur gauche de la page pour voir exactement les cookies que nous utilisons et si vous souhaitez les autoriser ou non. Cela peut cependant emp\u00eacher notre site de fonctionner correctement.<\/p>\n<h2>Cookies plac\u00e9s sur votre navigateur avec votre consentement<\/h2>\n<p>Les cookies que nous pla\u00e7ons pour analyser votre utilisation de notre site Internet et pour vous proposer des offres et des services appropri\u00e9s ne sont pas absolument essentiels \u00e0 notre site Internet et \u00e0 son fonctionnement. Ce n\u2019est donc qu\u2019avec votre accord que nous pla\u00e7ons des cookies sur votre navigateur.<\/p>\n<p>Si vous choisissez de ne pas accepter les cookies, ou si vous avez param\u00e9tr\u00e9 votre navigateur pour les refuser automatiquement, nous recevrons moins d\u2019informations permettant d\u2019analyser l\u2019utilisation de notre site Internet et ne serons pas en mesure de vous proposer des offres et des services adapt\u00e9s \u00e0 vos besoins.<\/p>\n<h2>Description de notre utilisation des diff\u00e9rents types de cookies<\/h2>\n<h3>Pour le fonctionnement de notre site Internet<\/h3>\n<p>Afin que notre site Internet fonctionne techniquement, nous pla\u00e7ons des cookies sur votre navigateur. Ces cookies nous permettent par exemple d&#8217;identifier les actions de votre navigateur et de garder une trace de votre session en cr\u00e9ant une ID al\u00e9atoire pour votre navigateur.<\/p>\n<p>Afin d\u2019optimiser le fonctionnement de notre site Internet, comme le chat, etc., nous pla\u00e7ons des cookies Microsoft sur votre navigateur, par ex. pour nous permettre de r\u00e9partir le trafic entre diff\u00e9rents serveurs.<\/p>\n<h3>Retenir vos choix<\/h3>\n<p>Les cookies essentiels plac\u00e9s sur votre navigateur sont essentiels pour fournir un service en ligne \u00e0 votre demande. Ils permettent \u00e0 notre site Internet de fonctionner correctement et de nous souvenir des choix que vous effectuez lors de votre premi\u00e8re visite. Cela comprend par exemple le choix de la langue.<br \/>Si vous param\u00e9trez votre navigateur pour refuser automatiquement ces cookies, le site Internet ne fonctionnera pas comme pr\u00e9vu. Cela limite par ailleurs notre capacit\u00e9 \u00e0 conserver votre langue pr\u00e9f\u00e9r\u00e9e sur le site.<\/p>\n<h3>Analyser votre utilisation de notre site Internet<\/h3>\n<p>Pour analyser votre utilisation de notre site Internet, nous pla\u00e7ons des cookies qui collectent certaines informations comme votre adresse IP et votre emplacement g\u00e9ographique (\u00e0 un niveau global, pas votre adresse exacte), et des informations relatives \u00e0 votre utilisation de notre site Internet, par ex. la cible de vos clics. Ils collectent \u00e9galement des informations sur vos mouvements sur le site et les pages les plus consult\u00e9es. Nous obtiendrons \u00e9galement des statistiques, par ex. sur le nombre de visiteurs sur notre site Internet. Toutes les informations collect\u00e9es gr\u00e2ce \u00e0 ces cookies sont compil\u00e9es, et donc rendues anonymes. Si vous n\u2019autorisez pas ces cookies, nous ne sommes pas en mesure de vous fournir un service personnalis\u00e9.<\/p>\n<h3>Vous proposer des offres et un service adapt\u00e9s<\/h3>\n<p>Pour recevoir des informations sur l\u2019efficacit\u00e9 de notre marketing, nous pla\u00e7ons un cookie g\u00e9n\u00e9rant des informations statistiques sur votre utilisation de notre site Internet.<\/p>\n<p>Le cookie place une ID unique sur votre navigateur, qui nous permet de savoir sur quelle banni\u00e8re, quel m\u00e9dia social ou quel autre lien vous cliquez pour atteindre notre site Internet et la mani\u00e8re dont vous interagissez ensuite avec nous.<\/p>\n<p>Nous fournissons ensuite votre ID unique \u00e0 un tiers, qui propose un service personnalis\u00e9 \u00e0 d&#8217;autres visiteurs potentiels de notre site Internet et qui vous ressemblent, sur des cha\u00eenes num\u00e9riques, des m\u00e9dias sociaux et\/ou site Internet tiers.<\/p>\n<p>Cela implique \u00e9galement que, du fait de votre utilisation pr\u00e9c\u00e9dente de notre site Internet, STS s\u2019affichera dans vos r\u00e9sultats de recherche et sur les banni\u00e8res d\u2019autres sites Internet. Si vous n\u2019utilisez pas ces cookies, vous recevrez moins de publicit\u00e9s cibl\u00e9es.<\/p>\n<\/div><\/div><\/div>\n","protected":false},"excerpt":{"rendered":"","protected":false},"author":20,"featured_media":0,"parent":10948,"menu_order":0,"comment_status":"closed","ping_status":"closed","template":"templates\/template-default-with-breadcrumbs.php","meta":{"_acf_changed":false,"sts_page_background_color":"","footnotes":""},"wpw_page_folders":[95],"class_list":["post-10961","page","type-page","status-publish","hentry"],"acf":[],"yoast_head":"<!-- This site is optimized with the Yoast SEO Premium plugin v27.2 (Yoast SEO v27.2) - https:\/\/yoast.com\/product\/yoast-seo-premium-wordpress\/ -->\n<title>Politique en mati\u00e8re de cookies<\/title>\n<meta name=\"robots\" content=\"index, follow, max-snippet:-1, max-image-preview:large, max-video-preview:-1\" \/>\n<link rel=\"canonical\" href=\"https:\/\/www.sts-education.com\/fr-ch\/termes-et-conditions\/politique-en-matiere-de-cookies\/\" \/>\n<meta property=\"og:locale\" content=\"fr_FR\" \/>\n<meta property=\"og:type\" content=\"article\" \/>\n<meta property=\"og:title\" content=\"Politique En Matiere De Cookies\" \/>\n<meta property=\"og:url\" content=\"https:\/\/www.sts-education.com\/fr-ch\/termes-et-conditions\/politique-en-matiere-de-cookies\/\" \/>\n<meta property=\"og:site_name\" content=\"STS Education\" \/>\n<meta property=\"article:modified_time\" content=\"2026-05-04T12:18:45+00:00\" \/>\n<meta name=\"twitter:card\" content=\"summary_large_image\" \/>\n<meta name=\"twitter:label1\" content=\"Est. reading time\" \/>\n\t<meta name=\"twitter:data1\" content=\"5 minutes\" \/>\n<script type=\"application\/ld+json\" class=\"yoast-schema-graph\">{\"@context\":\"https:\/\/schema.org\",\"@graph\":[{\"@type\":\"WebPage\",\"@id\":\"https:\/\/www.sts-education.com\/fr-ch\/termes-et-conditions\/politique-en-matiere-de-cookies\/\",\"url\":\"https:\/\/www.sts-education.com\/fr-ch\/termes-et-conditions\/politique-en-matiere-de-cookies\/\",\"name\":\"Politique en mati\u00e8re de cookies\",\"isPartOf\":{\"@id\":\"https:\/\/www.sts-education.com\/fr-ch\/#website\"},\"datePublished\":\"2025-12-15T13:48:25+00:00\",\"dateModified\":\"2026-05-04T12:18:45+00:00\",\"breadcrumb\":{\"@id\":\"https:\/\/www.sts-education.com\/fr-ch\/termes-et-conditions\/politique-en-matiere-de-cookies\/#breadcrumb\"},\"inLanguage\":\"fr-CH\",\"potentialAction\":[{\"@type\":\"ReadAction\",\"target\":[\"https:\/\/www.sts-education.com\/fr-ch\/termes-et-conditions\/politique-en-matiere-de-cookies\/\"]}]},{\"@type\":\"BreadcrumbList\",\"@id\":\"https:\/\/www.sts-education.com\/fr-ch\/termes-et-conditions\/politique-en-matiere-de-cookies\/#breadcrumb\",\"itemListElement\":[{\"@type\":\"ListItem\",\"position\":1,\"name\":\"Home\",\"item\":\"https:\/\/www.sts-education.com\/fr-ch\/\"},{\"@type\":\"ListItem\",\"position\":2,\"name\":\"Termes Et Conditions\",\"item\":\"https:\/\/www.sts-education.com\/fr-ch\/termes-et-conditions\/\"},{\"@type\":\"ListItem\",\"position\":3,\"name\":\"Politique En Matiere De Cookies\"}]},{\"@type\":\"WebSite\",\"@id\":\"https:\/\/www.sts-education.com\/fr-ch\/#website\",\"url\":\"https:\/\/www.sts-education.com\/fr-ch\/\",\"name\":\"STS Education\",\"description\":\"\",\"potentialAction\":[{\"@type\":\"SearchAction\",\"target\":{\"@type\":\"EntryPoint\",\"urlTemplate\":\"https:\/\/www.sts-education.com\/fr-ch\/?s={search_term_string}\"},\"query-input\":{\"@type\":\"PropertyValueSpecification\",\"valueRequired\":true,\"valueName\":\"search_term_string\"}}],\"inLanguage\":\"fr-CH\"}]}<\/script>\n<!-- \/ Yoast SEO Premium plugin. -->","yoast_head_json":{"title":"Politique en mati\u00e8re de cookies","robots":{"index":"index","follow":"follow","max-snippet":"max-snippet:-1","max-image-preview":"max-image-preview:large","max-video-preview":"max-video-preview:-1"},"canonical":"https:\/\/www.sts-education.com\/fr-ch\/termes-et-conditions\/politique-en-matiere-de-cookies\/","og_locale":"fr_FR","og_type":"article","og_title":"Politique En Matiere De Cookies","og_url":"https:\/\/www.sts-education.com\/fr-ch\/termes-et-conditions\/politique-en-matiere-de-cookies\/","og_site_name":"STS Education","article_modified_time":"2026-05-04T12:18:45+00:00","twitter_card":"summary_large_image","twitter_misc":{"Est. reading time":"5 minutes"},"schema":{"@context":"https:\/\/schema.org","@graph":[{"@type":"WebPage","@id":"https:\/\/www.sts-education.com\/fr-ch\/termes-et-conditions\/politique-en-matiere-de-cookies\/","url":"https:\/\/www.sts-education.com\/fr-ch\/termes-et-conditions\/politique-en-matiere-de-cookies\/","name":"Politique en mati\u00e8re de cookies","isPartOf":{"@id":"https:\/\/www.sts-education.com\/fr-ch\/#website"},"datePublished":"2025-12-15T13:48:25+00:00","dateModified":"2026-05-04T12:18:45+00:00","breadcrumb":{"@id":"https:\/\/www.sts-education.com\/fr-ch\/termes-et-conditions\/politique-en-matiere-de-cookies\/#breadcrumb"},"inLanguage":"fr-CH","potentialAction":[{"@type":"ReadAction","target":["https:\/\/www.sts-education.com\/fr-ch\/termes-et-conditions\/politique-en-matiere-de-cookies\/"]}]},{"@type":"BreadcrumbList","@id":"https:\/\/www.sts-education.com\/fr-ch\/termes-et-conditions\/politique-en-matiere-de-cookies\/#breadcrumb","itemListElement":[{"@type":"ListItem","position":1,"name":"Home","item":"https:\/\/www.sts-education.com\/fr-ch\/"},{"@type":"ListItem","position":2,"name":"Termes Et Conditions","item":"https:\/\/www.sts-education.com\/fr-ch\/termes-et-conditions\/"},{"@type":"ListItem","position":3,"name":"Politique En Matiere De Cookies"}]},{"@type":"WebSite","@id":"https:\/\/www.sts-education.com\/fr-ch\/#website","url":"https:\/\/www.sts-education.com\/fr-ch\/","name":"STS Education","description":"","potentialAction":[{"@type":"SearchAction","target":{"@type":"EntryPoint","urlTemplate":"https:\/\/www.sts-education.com\/fr-ch\/?s={search_term_string}"},"query-input":{"@type":"PropertyValueSpecification","valueRequired":true,"valueName":"search_term_string"}}],"inLanguage":"fr-CH"}]}},"_links":{"self":[{"href":"https:\/\/www.sts-education.com\/fr-ch\/wp-json\/wp\/v2\/pages\/10961","targetHints":{"allow":["GET"]}}],"collection":[{"href":"https:\/\/www.sts-education.com\/fr-ch\/wp-json\/wp\/v2\/pages"}],"about":[{"href":"https:\/\/www.sts-education.com\/fr-ch\/wp-json\/wp\/v2\/types\/page"}],"author":[{"embeddable":true,"href":"https:\/\/www.sts-education.com\/fr-ch\/wp-json\/wp\/v2\/users\/20"}],"replies":[{"embeddable":true,"href":"https:\/\/www.sts-education.com\/fr-ch\/wp-json\/wp\/v2\/comments?post=10961"}],"version-history":[{"count":5,"href":"https:\/\/www.sts-education.com\/fr-ch\/wp-json\/wp\/v2\/pages\/10961\/revisions"}],"predecessor-version":[{"id":45009,"href":"https:\/\/www.sts-education.com\/fr-ch\/wp-json\/wp\/v2\/pages\/10961\/revisions\/45009"}],"up":[{"embeddable":true,"href":"https:\/\/www.sts-education.com\/fr-ch\/wp-json\/wp\/v2\/pages\/10948"}],"wp:attachment":[{"href":"https:\/\/www.sts-education.com\/fr-ch\/wp-json\/wp\/v2\/media?parent=10961"}],"wp:term":[{"taxonomy":"wpw_page_folders","embeddable":true,"href":"https:\/\/www.sts-education.com\/fr-ch\/wp-json\/wp\/v2\/wpw_page_folders?post=10961"}],"curies":[{"name":"wp","href":"https:\/\/api.w.org\/{rel}","templated":true}]}}