{"id":10963,"date":"2025-12-16T10:07:58","date_gmt":"2025-12-16T10:07:58","guid":{"rendered":"https:\/\/preprod.sts-education.com\/high-school\/avant-ton-annee-a-letranger\/choisis-ce-que-tu-veux-etudier\/"},"modified":"2026-04-14T10:02:50","modified_gmt":"2026-04-14T10:02:50","slug":"choisis-ce-que-tu-veux-etudier","status":"publish","type":"page","link":"https:\/\/www.sts-education.com\/fr-ch\/high-school\/avant-ton-annee-a-letranger\/choisis-ce-que-tu-veux-etudier\/","title":{"rendered":"Choisis Ce Que Tu Veux Etudier"},"content":{"rendered":"\n<section class=\"wp-block-sts-hero sts-block-hero is-variant-full-background has-text-light has-background-media\" style=\"--sts-hero-padding-mobile:0px;--sts-hero-padding-desktop:0px;--sts-hero-text-color:var(--wp--preset--color--base-10, #fff);\" data-variant=\"full-background\"><div class=\"sts-block-hero__background\"><picture class=\"sts-responsive-image has-fit-cover is-skeleton\"><img src=\"https:\/\/cdn.sts-education.com\/12561_hero_lg_xl.jpg\" alt=\"Choisissez entre Classic et Select\" loading=\"lazy\" decoding=\"async\" fetchpriority=\"low\" sizes=\"100vw\" \/><\/picture><span class=\"sts-block-hero__overlay\" aria-hidden=\"true\"><\/span><\/div><div class=\"sts-block-hero__inner\"><div class=\"sts-block-hero__content has-align-center\"><div class=\"sts-block-hero__content-inner\"><h1 class=\"sts-block-hero__heading\">Choisissez entre Classic et Select<\/h1><\/div><\/div><\/div><\/section>\n\n\n\n<div class=\"wp-block-sts-text sts-text-editor has-max-width-md\"><div class=\"sts-text-editor__content\"><div class=\"sts-text-editor__content-inner\">\n<p>Une ann\u00e9e \u00e0 l\u2019\u00e9tranger constitue un v\u00e9ritable tremplin pour atteindre ton plein potentiel et ton avenir est entre tes mains. Quand on est ado, une ann\u00e9e \u00e0 l\u2019\u00e9tranger s\u2019av\u00e8re incroyablement enrichissant et ceux qui l\u2019ont fait disent souvent que c\u2019est la meilleure ann\u00e9e de leur vie.<\/p>\n\n<p><strong>STS High School Classic<\/strong> est le programme d\u2019\u00e9change habituel en High School, que choisissent la plupart de nos \u00e9l\u00e8ves. C\u2019est le programme id\u00e9al si tu souhaites vivre une v\u00e9ritable exp\u00e9rience en High School \u00e0 l\u2019\u00e9tranger. Tu seras log\u00e9 dans une famille d\u2019accueil dans le pays de ton choix, et tu deviendras imm\u00e9diatement un membre \u00e0 part enti\u00e8re de la famille, qui deviendra tienne. Tu iras dans la High School locale, o\u00f9 tu te feras de nouveaux amis vivant \u00e0 proximit\u00e9. Nos \u00e9l\u00e8ves d\u2019\u00e9change sont bienvenus dans les \u00e9tablissements scolaires et tu t\u2019y sentiras vite comme chez toi. Pour certaines destinations, tu peux, moyennant un suppl\u00e9ment, demander \u00e0 partir dans une r\u00e9gion ou dans un \u00c9tat sp\u00e9cifiques. Tu trouveras davantage d\u2019informations sur les sp\u00e9cificit\u00e9s de chaque destination.<\/p>\n\n<p>Parfois, certains \u00e9l\u00e8ves d\u2019\u00e9change tiennent \u00e0 \u00e9tudier certaines mati\u00e8res ou \u00e0 pratiquer un sport en particulier. Dans ce cas, nous leur proposons le programme <strong>STS High School Select<\/strong>. Cela te permettra d\u2019\u00eatre inscrit dans un \u00e9tablissement priv\u00e9, avec des frais suppl\u00e9mentaires. Tu pourras choisir ta ville et, dans la plupart des cas, tu pourras opter pour un \u00e9tablissement bien pr\u00e9cis. Cela est important si tu veux, pendant ton ann\u00e9e \u00e0 l\u2019\u00e9tranger, suivre des cours sp\u00e9cifiques ou pratiquer ton sport ou ton instrument de musique de pr\u00e9dilection. Ce type de programme est disponible <a href=\"https:\/\/www.sts-education.com\/fr-ch\/high-school\/destinations\/amerique-du-nord\/etats-unis\/\">aux USA<\/a>, <a href=\"https:\/\/www.sts-education.com\/fr-ch\/high-school\/destinations\/amerique-du-nord\/canada\/\">au Canada<\/a>, <a href=\"https:\/\/www.sts-education.com\/fr-ch\/high-school\/destinations\/oceanie\/australie\/\">en Australie<\/a>, <a href=\"https:\/\/www.sts-education.com\/fr-ch\/high-school\/destinations\/oceanie\/nouvelle-zelande\/\">en Nouvelle-Z\u00e9lande<\/a> et <a href=\"https:\/\/www.sts-education.com\/fr-ch\/high-school\/destinations\/europe\/royaume-uni\/\">au Royaume-Uni<\/a>. Pour davantage d\u2019informations sur notre programme Select pour chaque destination, consulte la documentation et n\u2019h\u00e9site pas \u00e0 nous contacter.<\/p>\n\n<p>Nous serons ravis de t\u2019aider. C\u2019est en apprenant \u00e0 te conna\u00eetre que nous trouverons la ville et l\u2019\u00e9tablissement qui correspondront le mieux \u00e0 tes souhaits. Mais n\u2019oublie pas, quel que soit ton choix, tu passeras la plus belle ann\u00e9e de ta vie !<\/p>\n<\/div><\/div><\/div>\n","protected":false},"excerpt":{"rendered":"","protected":false},"author":20,"featured_media":15583,"parent":10954,"menu_order":0,"comment_status":"closed","ping_status":"closed","template":"templates\/template-default-with-breadcrumbs.php","meta":{"_acf_changed":false,"sts_page_background_color":"","footnotes":""},"wpw_page_folders":[80],"class_list":["post-10963","page","type-page","status-publish","has-post-thumbnail","hentry"],"acf":[],"yoast_head":"<!-- This site is optimized with the Yoast SEO Premium plugin v27.2 (Yoast SEO v27.3) - https:\/\/yoast.com\/product\/yoast-seo-premium-wordpress\/ -->\n<title>Adapte ton ann\u00e9e \u00e0 l\u2019\u00e9tranger en fonction de tes souhaits<\/title>\n<meta name=\"description\" content=\"La plupart des \u00e9l\u00e8ves choisissent notre programme d\u2019\u00e9change traditionnel. Mais si tu souhaites \u00e9tudier une mati\u00e8re ou pratiquer un sport particuliers, tu peux opter pour le programme Select.\" \/>\n<meta name=\"robots\" content=\"index, follow, max-snippet:-1, max-image-preview:large, max-video-preview:-1\" \/>\n<link rel=\"canonical\" href=\"https:\/\/www.sts-education.com\/fr-ch\/high-school\/avant-ton-annee-a-letranger\/choisis-ce-que-tu-veux-etudier\/\" \/>\n<meta property=\"og:locale\" content=\"fr_FR\" \/>\n<meta property=\"og:type\" content=\"article\" \/>\n<meta property=\"og:title\" content=\"Choisis Ce Que Tu Veux Etudier\" \/>\n<meta property=\"og:description\" content=\"La plupart des \u00e9l\u00e8ves choisissent notre programme d\u2019\u00e9change traditionnel. Mais si tu souhaites \u00e9tudier une mati\u00e8re ou pratiquer un sport particuliers, tu peux opter pour le programme Select.\" \/>\n<meta property=\"og:url\" content=\"https:\/\/www.sts-education.com\/fr-ch\/high-school\/avant-ton-annee-a-letranger\/choisis-ce-que-tu-veux-etudier\/\" \/>\n<meta property=\"og:site_name\" content=\"STS Education\" \/>\n<meta property=\"article:modified_time\" content=\"2026-04-14T10:02:50+00:00\" \/>\n<meta property=\"og:image\" content=\"https:\/\/powered-by.qbank.se\/educatius\/sts\/\/1f2700e23e28608434f21942f3298107_1-1-thumb.webp\" \/>\n\t<meta property=\"og:image:width\" content=\"150\" \/>\n\t<meta property=\"og:image:height\" content=\"150\" \/>\n\t<meta property=\"og:image:type\" content=\"image\/jpeg\" \/>\n<meta name=\"twitter:card\" content=\"summary_large_image\" \/>\n<meta name=\"twitter:label1\" content=\"Est. reading time\" \/>\n\t<meta name=\"twitter:data1\" content=\"2 minutes\" \/>\n<script type=\"application\/ld+json\" class=\"yoast-schema-graph\">{\"@context\":\"https:\\\/\\\/schema.org\",\"@graph\":[{\"@type\":\"WebPage\",\"@id\":\"https:\\\/\\\/www.sts-education.com\\\/fr-ch\\\/high-school\\\/avant-ton-annee-a-letranger\\\/choisis-ce-que-tu-veux-etudier\\\/\",\"url\":\"https:\\\/\\\/www.sts-education.com\\\/fr-ch\\\/high-school\\\/avant-ton-annee-a-letranger\\\/choisis-ce-que-tu-veux-etudier\\\/\",\"name\":\"Adapte ton ann\u00e9e \u00e0 l\u2019\u00e9tranger en fonction de tes souhaits\",\"isPartOf\":{\"@id\":\"https:\\\/\\\/www.sts-education.com\\\/fr-ch\\\/#website\"},\"primaryImageOfPage\":{\"@id\":\"https:\\\/\\\/www.sts-education.com\\\/fr-ch\\\/high-school\\\/avant-ton-annee-a-letranger\\\/choisis-ce-que-tu-veux-etudier\\\/#primaryimage\"},\"image\":{\"@id\":\"https:\\\/\\\/www.sts-education.com\\\/fr-ch\\\/high-school\\\/avant-ton-annee-a-letranger\\\/choisis-ce-que-tu-veux-etudier\\\/#primaryimage\"},\"thumbnailUrl\":\"https:\\\/\\\/powered-by.qbank.se\\\/educatius\\\/sts\\\/\\\/1f2700e23e28608434f21942f3298107_1-1-thumb.webp\",\"datePublished\":\"2025-12-16T10:07:58+00:00\",\"dateModified\":\"2026-04-14T10:02:50+00:00\",\"description\":\"La plupart des \u00e9l\u00e8ves choisissent notre programme d\u2019\u00e9change traditionnel. Mais si tu souhaites \u00e9tudier une mati\u00e8re ou pratiquer un sport particuliers, tu peux opter pour le programme Select.\",\"breadcrumb\":{\"@id\":\"https:\\\/\\\/www.sts-education.com\\\/fr-ch\\\/high-school\\\/avant-ton-annee-a-letranger\\\/choisis-ce-que-tu-veux-etudier\\\/#breadcrumb\"},\"inLanguage\":\"fr-CH\",\"potentialAction\":[{\"@type\":\"ReadAction\",\"target\":[\"https:\\\/\\\/www.sts-education.com\\\/fr-ch\\\/high-school\\\/avant-ton-annee-a-letranger\\\/choisis-ce-que-tu-veux-etudier\\\/\"]}]},{\"@type\":\"ImageObject\",\"inLanguage\":\"fr-CH\",\"@id\":\"https:\\\/\\\/www.sts-education.com\\\/fr-ch\\\/high-school\\\/avant-ton-annee-a-letranger\\\/choisis-ce-que-tu-veux-etudier\\\/#primaryimage\",\"url\":\"https:\\\/\\\/powered-by.qbank.se\\\/educatius\\\/sts\\\/\\\/1f2700e23e28608434f21942f3298107_1-1-thumb.webp\",\"contentUrl\":\"https:\\\/\\\/powered-by.qbank.se\\\/educatius\\\/sts\\\/\\\/1f2700e23e28608434f21942f3298107_1-1-thumb.webp\",\"width\":150,\"height\":150},{\"@type\":\"BreadcrumbList\",\"@id\":\"https:\\\/\\\/www.sts-education.com\\\/fr-ch\\\/high-school\\\/avant-ton-annee-a-letranger\\\/choisis-ce-que-tu-veux-etudier\\\/#breadcrumb\",\"itemListElement\":[{\"@type\":\"ListItem\",\"position\":1,\"name\":\"Home\",\"item\":\"https:\\\/\\\/www.sts-education.com\\\/fr-ch\\\/\"},{\"@type\":\"ListItem\",\"position\":2,\"name\":\"High school\",\"item\":\"https:\\\/\\\/www.sts-education.com\\\/fr-ch\\\/high-school\\\/\"},{\"@type\":\"ListItem\",\"position\":3,\"name\":\"Avant Ton Annee A Letranger\",\"item\":\"https:\\\/\\\/www.sts-education.com\\\/fr-ch\\\/high-school\\\/avant-ton-annee-a-letranger\\\/\"},{\"@type\":\"ListItem\",\"position\":4,\"name\":\"Choisis Ce Que Tu Veux Etudier\"}]},{\"@type\":\"WebSite\",\"@id\":\"https:\\\/\\\/www.sts-education.com\\\/fr-ch\\\/#website\",\"url\":\"https:\\\/\\\/www.sts-education.com\\\/fr-ch\\\/\",\"name\":\"STS Education\",\"description\":\"\",\"potentialAction\":[{\"@type\":\"SearchAction\",\"target\":{\"@type\":\"EntryPoint\",\"urlTemplate\":\"https:\\\/\\\/www.sts-education.com\\\/fr-ch\\\/?s={search_term_string}\"},\"query-input\":{\"@type\":\"PropertyValueSpecification\",\"valueRequired\":true,\"valueName\":\"search_term_string\"}}],\"inLanguage\":\"fr-CH\"}]}<\/script>\n<!-- \/ Yoast SEO Premium plugin. -->","yoast_head_json":{"title":"Adapte ton ann\u00e9e \u00e0 l\u2019\u00e9tranger en fonction de tes souhaits","description":"La plupart des \u00e9l\u00e8ves choisissent notre programme d\u2019\u00e9change traditionnel. Mais si tu souhaites \u00e9tudier une mati\u00e8re ou pratiquer un sport particuliers, tu peux opter pour le programme Select.","robots":{"index":"index","follow":"follow","max-snippet":"max-snippet:-1","max-image-preview":"max-image-preview:large","max-video-preview":"max-video-preview:-1"},"canonical":"https:\/\/www.sts-education.com\/fr-ch\/high-school\/avant-ton-annee-a-letranger\/choisis-ce-que-tu-veux-etudier\/","og_locale":"fr_FR","og_type":"article","og_title":"Choisis Ce Que Tu Veux Etudier","og_description":"La plupart des \u00e9l\u00e8ves choisissent notre programme d\u2019\u00e9change traditionnel. Mais si tu souhaites \u00e9tudier une mati\u00e8re ou pratiquer un sport particuliers, tu peux opter pour le programme Select.","og_url":"https:\/\/www.sts-education.com\/fr-ch\/high-school\/avant-ton-annee-a-letranger\/choisis-ce-que-tu-veux-etudier\/","og_site_name":"STS Education","article_modified_time":"2026-04-14T10:02:50+00:00","og_image":[{"width":150,"height":150,"url":"https:\/\/powered-by.qbank.se\/educatius\/sts\/\/1f2700e23e28608434f21942f3298107_1-1-thumb.webp","type":"image\/jpeg"}],"twitter_card":"summary_large_image","twitter_misc":{"Est. reading time":"2 minutes"},"schema":{"@context":"https:\/\/schema.org","@graph":[{"@type":"WebPage","@id":"https:\/\/www.sts-education.com\/fr-ch\/high-school\/avant-ton-annee-a-letranger\/choisis-ce-que-tu-veux-etudier\/","url":"https:\/\/www.sts-education.com\/fr-ch\/high-school\/avant-ton-annee-a-letranger\/choisis-ce-que-tu-veux-etudier\/","name":"Adapte ton ann\u00e9e \u00e0 l\u2019\u00e9tranger en fonction de tes souhaits","isPartOf":{"@id":"https:\/\/www.sts-education.com\/fr-ch\/#website"},"primaryImageOfPage":{"@id":"https:\/\/www.sts-education.com\/fr-ch\/high-school\/avant-ton-annee-a-letranger\/choisis-ce-que-tu-veux-etudier\/#primaryimage"},"image":{"@id":"https:\/\/www.sts-education.com\/fr-ch\/high-school\/avant-ton-annee-a-letranger\/choisis-ce-que-tu-veux-etudier\/#primaryimage"},"thumbnailUrl":"https:\/\/powered-by.qbank.se\/educatius\/sts\/\/1f2700e23e28608434f21942f3298107_1-1-thumb.webp","datePublished":"2025-12-16T10:07:58+00:00","dateModified":"2026-04-14T10:02:50+00:00","description":"La plupart des \u00e9l\u00e8ves choisissent notre programme d\u2019\u00e9change traditionnel. Mais si tu souhaites \u00e9tudier une mati\u00e8re ou pratiquer un sport particuliers, tu peux opter pour le programme Select.","breadcrumb":{"@id":"https:\/\/www.sts-education.com\/fr-ch\/high-school\/avant-ton-annee-a-letranger\/choisis-ce-que-tu-veux-etudier\/#breadcrumb"},"inLanguage":"fr-CH","potentialAction":[{"@type":"ReadAction","target":["https:\/\/www.sts-education.com\/fr-ch\/high-school\/avant-ton-annee-a-letranger\/choisis-ce-que-tu-veux-etudier\/"]}]},{"@type":"ImageObject","inLanguage":"fr-CH","@id":"https:\/\/www.sts-education.com\/fr-ch\/high-school\/avant-ton-annee-a-letranger\/choisis-ce-que-tu-veux-etudier\/#primaryimage","url":"https:\/\/powered-by.qbank.se\/educatius\/sts\/\/1f2700e23e28608434f21942f3298107_1-1-thumb.webp","contentUrl":"https:\/\/powered-by.qbank.se\/educatius\/sts\/\/1f2700e23e28608434f21942f3298107_1-1-thumb.webp","width":150,"height":150},{"@type":"BreadcrumbList","@id":"https:\/\/www.sts-education.com\/fr-ch\/high-school\/avant-ton-annee-a-letranger\/choisis-ce-que-tu-veux-etudier\/#breadcrumb","itemListElement":[{"@type":"ListItem","position":1,"name":"Home","item":"https:\/\/www.sts-education.com\/fr-ch\/"},{"@type":"ListItem","position":2,"name":"High school","item":"https:\/\/www.sts-education.com\/fr-ch\/high-school\/"},{"@type":"ListItem","position":3,"name":"Avant Ton Annee A Letranger","item":"https:\/\/www.sts-education.com\/fr-ch\/high-school\/avant-ton-annee-a-letranger\/"},{"@type":"ListItem","position":4,"name":"Choisis Ce Que Tu Veux Etudier"}]},{"@type":"WebSite","@id":"https:\/\/www.sts-education.com\/fr-ch\/#website","url":"https:\/\/www.sts-education.com\/fr-ch\/","name":"STS Education","description":"","potentialAction":[{"@type":"SearchAction","target":{"@type":"EntryPoint","urlTemplate":"https:\/\/www.sts-education.com\/fr-ch\/?s={search_term_string}"},"query-input":{"@type":"PropertyValueSpecification","valueRequired":true,"valueName":"search_term_string"}}],"inLanguage":"fr-CH"}]}},"_links":{"self":[{"href":"https:\/\/www.sts-education.com\/fr-ch\/wp-json\/wp\/v2\/pages\/10963","targetHints":{"allow":["GET"]}}],"collection":[{"href":"https:\/\/www.sts-education.com\/fr-ch\/wp-json\/wp\/v2\/pages"}],"about":[{"href":"https:\/\/www.sts-education.com\/fr-ch\/wp-json\/wp\/v2\/types\/page"}],"author":[{"embeddable":true,"href":"https:\/\/www.sts-education.com\/fr-ch\/wp-json\/wp\/v2\/users\/20"}],"replies":[{"embeddable":true,"href":"https:\/\/www.sts-education.com\/fr-ch\/wp-json\/wp\/v2\/comments?post=10963"}],"version-history":[{"count":4,"href":"https:\/\/www.sts-education.com\/fr-ch\/wp-json\/wp\/v2\/pages\/10963\/revisions"}],"predecessor-version":[{"id":33592,"href":"https:\/\/www.sts-education.com\/fr-ch\/wp-json\/wp\/v2\/pages\/10963\/revisions\/33592"}],"up":[{"embeddable":true,"href":"https:\/\/www.sts-education.com\/fr-ch\/wp-json\/wp\/v2\/pages\/10954"}],"wp:featuredmedia":[{"embeddable":true,"href":"https:\/\/www.sts-education.com\/fr-ch\/wp-json\/wp\/v2\/media\/15583"}],"wp:attachment":[{"href":"https:\/\/www.sts-education.com\/fr-ch\/wp-json\/wp\/v2\/media?parent=10963"}],"wp:term":[{"taxonomy":"wpw_page_folders","embeddable":true,"href":"https:\/\/www.sts-education.com\/fr-ch\/wp-json\/wp\/v2\/wpw_page_folders?post=10963"}],"curies":[{"name":"wp","href":"https:\/\/api.w.org\/{rel}","templated":true}]}}