{"id":10964,"date":"2025-12-16T10:09:09","date_gmt":"2025-12-16T10:09:09","guid":{"rendered":"https:\/\/preprod.sts-education.com\/high-school\/avant-ton-annee-a-letranger\/les-avantages-dune-annee-a-letranger\/"},"modified":"2026-04-14T10:02:47","modified_gmt":"2026-04-14T10:02:47","slug":"les-avantages-dune-annee-a-letranger","status":"publish","type":"page","link":"https:\/\/www.sts-education.com\/fr-ch\/high-school\/avant-ton-annee-a-letranger\/les-avantages-dune-annee-a-letranger\/","title":{"rendered":"Les Avantages Dune Annee A Letranger"},"content":{"rendered":"\n<section class=\"wp-block-sts-hero sts-block-hero is-variant-full-background has-text-light has-background-media\" style=\"--sts-hero-padding-mobile:0px;--sts-hero-padding-desktop:0px;--sts-hero-text-color:var(--wp--preset--color--base-10, #fff);\" data-variant=\"full-background\"><div class=\"sts-block-hero__background\"><picture class=\"sts-responsive-image has-fit-cover is-skeleton\"><img src=\"https:\/\/cdn.sts-education.com\/13427_hero_lg_xl.jpg\" alt=\"Les avantages d\u2019une ann\u00e9e \u00e0 l\u2019\u00e9tranger\" loading=\"lazy\" decoding=\"async\" fetchpriority=\"low\" sizes=\"100vw\" \/><\/picture><span class=\"sts-block-hero__overlay\" aria-hidden=\"true\"><\/span><\/div><div class=\"sts-block-hero__inner\"><div class=\"sts-block-hero__content has-align-center\"><div class=\"sts-block-hero__content-inner\"><h1 class=\"sts-block-hero__heading\">Les avantages d\u2019une ann\u00e9e \u00e0 l\u2019\u00e9tranger<\/h1><\/div><\/div><\/div><\/section>\n\n\n\n<div class=\"wp-block-sts-text sts-text-editor has-max-width-md\"><div class=\"sts-text-editor__content\"><div class=\"sts-text-editor__content-inner\">\n<p>Quand tu rentreras de ton ann\u00e9e d\u2019\u00e9change en High School, tu r\u00e9aliseras alors tout ce que vivre et \u00e9tudier \u00e0 l\u2019\u00e9tranger t\u2019a apport\u00e9 : de nouveaux amis, la ma\u00eetrise de la langue, de nouvelles exp\u00e9riences culturelles, une confiance en toi, et d\u2019innombrables bons moments et d\u2019incroyables souvenirs. Cela te fera en plus une formidable exp\u00e9rience \u00e0 l\u2019\u00e9tranger \u00e0 ajouter sur ton CV, un \u00e9norme avantage pour ton avenir.<\/p>\n\n<h2>Pourquoi une ann\u00e9e d&#8217;\u00e9change est un investissement pour ton avenir :<\/h2>\n\n<ul><li><strong>Un temps d\u2019avance.<\/strong> Vivre et \u00e9tudier \u00e0 l\u2019\u00e9tranger et parler couramment une autre langue offrent plusieurs avantages. Cela fera la diff\u00e9rence quand tu postuleras pour des programmes d\u2019enseignement sup\u00e9rieur et pour tes futurs emplois !<\/li>\n<li><strong>Maturit\u00e9 personnelle.<\/strong> Le fait d\u2019\u00eatre curieux et de relever des d\u00e9fis sera toujours enrichissant. Cela t\u2019aidera \u00e0 d\u00e9velopper de nombreuses qualit\u00e9s qui s\u2019av\u00e8rent pr\u00e9cieuses dans le monde du travail, comme l\u2019ind\u00e9pendance, les relations sociales et la prise d\u2019initiative.<\/li>\n<li><strong>Un r\u00e9seau international d\u2019amis.<\/strong> Tu gagneras une nouvelle famille et de nouveaux amis dans un nouveau pays. Reste bien en contact avec eux, car avoir des amis aux quatre coins du monde constitue un atout incroyable. Disposer d\u2019un r\u00e9seau international est inestimable, que ce soit dans ta vie priv\u00e9e ou pour ta future carri\u00e8re.<\/li>\n<li><strong>Ta propre culture revue et augment\u00e9e.<\/strong> Le fait de faire tes \u00e9tudes dans un autre pays t\u2019aidera \u00e0 envisager le monde sous un autre angle. Tu consid\u00e8reras ta propre culture avec un regard neuf et tu apprendras \u00e9norm\u00e9ment sur toi-m\u00eame. Qu\u2019est-ce que tu aimes dans ton nouveau pays ? Qu\u2019est-ce qui diff\u00e8re ? Tu verras, c\u2019est aussi tr\u00e8s int\u00e9ressant de parler des traditions et des valeurs de ton pays quand tu es loin.<\/li><\/ul>\n<\/div><\/div><\/div>\n\n\n\n<section class=\"wp-block-sts-video sts-block-video sts-block-video--landscape has-max-width-lg\"><div class=\"sts-video sts-video--landscape\"><div class=\"sts-video__handler\"><button type=\"button\" class=\"sts-video__play-button\" aria-label=\"Play video\" aria-pressed=\"false\" data-playing=\"false\"><span class=\"sts-video__play-icon\"><img decoding=\"async\" class=\"play-icon\" src=\"data:image\/svg+xml,%3csvg%20width='32'%20height='32'%20viewBox='0%200%2032%2032'%20fill='none'%20xmlns='http:\/\/www.w3.org\/2000\/svg'%3e%3cmask%20id='mask0_2459_8201'%20style='mask-type:alpha'%20maskUnits='userSpaceOnUse'%20x='0'%20y='0'%20width='32'%20height='32'%3e%3crect%20width='32'%20height='32'%20fill='%23D9D9D9'\/%3e%3c\/mask%3e%3cg%20mask='url(%23mask0_2459_8201)'%3e%3cpath%20d='M10.667%2022.8999V9.09993C10.667%208.72216%2010.8003%208.40549%2011.067%208.14993C11.3337%207.89438%2011.6448%207.7666%2012.0003%207.7666C12.1114%207.7666%2012.2281%207.78327%2012.3503%207.8166C12.4725%207.84993%2012.5892%207.89993%2012.7003%207.9666L23.567%2014.8666C23.767%2014.9999%2023.917%2015.1666%2024.017%2015.3666C24.117%2015.5666%2024.167%2015.7777%2024.167%2015.9999C24.167%2016.2222%2024.117%2016.4333%2024.017%2016.6333C23.917%2016.8333%2023.767%2016.9999%2023.567%2017.1333L12.7003%2024.0333C12.5892%2024.0999%2012.4725%2024.1499%2012.3503%2024.1833C12.2281%2024.2166%2012.1114%2024.2333%2012.0003%2024.2333C11.6448%2024.2333%2011.3337%2024.1055%2011.067%2023.8499C10.8003%2023.5944%2010.667%2023.2777%2010.667%2022.8999Z'%20fill='black'\/%3e%3c\/g%3e%3c\/svg%3e\" alt=\"\" aria-hidden=\"true\"\/><img decoding=\"async\" class=\"pause-icon\" src=\"data:image\/svg+xml,%3csvg%20width='32'%20height='32'%20viewBox='0%200%2032%2032'%20fill='none'%20xmlns='http:\/\/www.w3.org\/2000\/svg'%3e%3cmask%20id='mask0_pause'%20style='mask-type:alpha'%20maskUnits='userSpaceOnUse'%20x='0'%20y='0'%20width='32'%20height='32'%3e%3crect%20width='32'%20height='32'%20fill='%23D9D9D9'\/%3e%3c\/mask%3e%3cg%20mask='url(%23mask0_pause)'%3e%3c!--%20Left%20bar%20--%3e%3crect%20x='10'%20y='8'%20width='4'%20height='16'%20rx='1'%20fill='black'\/%3e%3c!--%20Right%20bar%20--%3e%3crect%20x='18'%20y='8'%20width='4'%20height='16'%20rx='1'%20fill='black'\/%3e%3c\/g%3e%3c\/svg%3e\" alt=\"\" aria-hidden=\"true\"\/><\/span><\/button><strong class=\"sts-video__duration\" data-duration-prefix=\"Video duration:\" data-unit-second=\"second\" data-unit-seconds=\"seconds\" data-unit-minute=\"minute\" data-unit-minutes=\"minutes\" aria-label=\"Video duration: 20.0 seconds\">20.0 secs<\/strong><\/div><div class=\"sts-video__media\" data-video-source=\"youtube\" data-video-url=\"\"><div class=\"sts-video__external-shell\" data-embed-url=\"https:\/\/www.youtube.com\/embed\/FnHHQ50z7FU?rel=0&amp;controls=1&amp;modestbranding=1&amp;playsinline=1&amp;enablejsapi=1&amp;autoplay=0&amp;origin=https%3A%2F%2Fwww.sts-education.com\"><iframe class=\"sts-video__iframe\" src=\"https:\/\/www.youtube.com\/embed\/FnHHQ50z7FU?rel=0&amp;controls=1&amp;modestbranding=1&amp;playsinline=1&amp;enablejsapi=1&amp;autoplay=0&amp;origin=https%3A%2F%2Fwww.sts-education.com\" title=\"Video poster\nheading\" allow=\"autoplay; fullscreen\" allowfullscreen loading=\"lazy\" data-provider=\"youtube\" data-embed-url=\"https:\/\/www.youtube.com\/embed\/FnHHQ50z7FU?rel=0&amp;controls=1&amp;modestbranding=1&amp;playsinline=1&amp;enablejsapi=1&amp;autoplay=0&amp;origin=https%3A%2F%2Fwww.sts-education.com\"><\/iframe><\/div><\/div><\/div><\/section>\n","protected":false},"excerpt":{"rendered":"","protected":false},"author":20,"featured_media":15587,"parent":10954,"menu_order":0,"comment_status":"closed","ping_status":"closed","template":"templates\/template-default-with-breadcrumbs.php","meta":{"_acf_changed":false,"sts_page_background_color":"","footnotes":""},"wpw_page_folders":[80],"class_list":["post-10964","page","type-page","status-publish","has-post-thumbnail","hentry"],"acf":[],"yoast_head":"<!-- This site is optimized with the Yoast SEO Premium plugin v27.2 (Yoast SEO v27.3) - https:\/\/yoast.com\/product\/yoast-seo-premium-wordpress\/ -->\n<title>Consid\u00e8re bien tous les avantages d\u2019une ann\u00e9e \u00e0 l\u2019\u00e9tranger.<\/title>\n<meta name=\"description\" content=\"Tirer profit au maximum de son ann\u00e9e. Apprendre une langue et une culture, et rencontrer de nouveaux amis. Tu gagneras par ailleurs en maturit\u00e9 et tu d\u00e9velopperas ton r\u00e9seau international.\" \/>\n<meta name=\"robots\" content=\"index, follow, max-snippet:-1, max-image-preview:large, max-video-preview:-1\" \/>\n<link rel=\"canonical\" href=\"https:\/\/www.sts-education.com\/fr-ch\/high-school\/avant-ton-annee-a-letranger\/les-avantages-dune-annee-a-letranger\/\" \/>\n<meta property=\"og:locale\" content=\"fr_FR\" \/>\n<meta property=\"og:type\" content=\"article\" \/>\n<meta property=\"og:title\" content=\"Les Avantages Dune Annee A Letranger\" \/>\n<meta property=\"og:description\" content=\"Tirer profit au maximum de son ann\u00e9e. Apprendre une langue et une culture, et rencontrer de nouveaux amis. Tu gagneras par ailleurs en maturit\u00e9 et tu d\u00e9velopperas ton r\u00e9seau international.\" \/>\n<meta property=\"og:url\" content=\"https:\/\/www.sts-education.com\/fr-ch\/high-school\/avant-ton-annee-a-letranger\/les-avantages-dune-annee-a-letranger\/\" \/>\n<meta property=\"og:site_name\" content=\"STS Education\" \/>\n<meta property=\"article:modified_time\" content=\"2026-04-14T10:02:47+00:00\" \/>\n<meta property=\"og:image\" content=\"https:\/\/powered-by.qbank.se\/educatius\/sts\/\/afc0e6e9172f867413f78160008e6f92_1-1-xsmall.webp\" \/>\n\t<meta property=\"og:image:width\" content=\"500\" \/>\n\t<meta property=\"og:image:height\" content=\"500\" \/>\n\t<meta property=\"og:image:type\" content=\"image\/jpeg\" \/>\n<meta name=\"twitter:card\" content=\"summary_large_image\" \/>\n<meta name=\"twitter:label1\" content=\"Est. reading time\" \/>\n\t<meta name=\"twitter:data1\" content=\"2 minutes\" \/>\n<script type=\"application\/ld+json\" class=\"yoast-schema-graph\">{\"@context\":\"https:\\\/\\\/schema.org\",\"@graph\":[{\"@type\":\"WebPage\",\"@id\":\"https:\\\/\\\/www.sts-education.com\\\/fr-ch\\\/high-school\\\/avant-ton-annee-a-letranger\\\/les-avantages-dune-annee-a-letranger\\\/\",\"url\":\"https:\\\/\\\/www.sts-education.com\\\/fr-ch\\\/high-school\\\/avant-ton-annee-a-letranger\\\/les-avantages-dune-annee-a-letranger\\\/\",\"name\":\"Consid\u00e8re bien tous les avantages d\u2019une ann\u00e9e \u00e0 l\u2019\u00e9tranger.\",\"isPartOf\":{\"@id\":\"https:\\\/\\\/www.sts-education.com\\\/fr-ch\\\/#website\"},\"primaryImageOfPage\":{\"@id\":\"https:\\\/\\\/www.sts-education.com\\\/fr-ch\\\/high-school\\\/avant-ton-annee-a-letranger\\\/les-avantages-dune-annee-a-letranger\\\/#primaryimage\"},\"image\":{\"@id\":\"https:\\\/\\\/www.sts-education.com\\\/fr-ch\\\/high-school\\\/avant-ton-annee-a-letranger\\\/les-avantages-dune-annee-a-letranger\\\/#primaryimage\"},\"thumbnailUrl\":\"https:\\\/\\\/powered-by.qbank.se\\\/educatius\\\/sts\\\/\\\/afc0e6e9172f867413f78160008e6f92_1-1-xsmall.webp\",\"datePublished\":\"2025-12-16T10:09:09+00:00\",\"dateModified\":\"2026-04-14T10:02:47+00:00\",\"description\":\"Tirer profit au maximum de son ann\u00e9e. Apprendre une langue et une culture, et rencontrer de nouveaux amis. Tu gagneras par ailleurs en maturit\u00e9 et tu d\u00e9velopperas ton r\u00e9seau international.\",\"breadcrumb\":{\"@id\":\"https:\\\/\\\/www.sts-education.com\\\/fr-ch\\\/high-school\\\/avant-ton-annee-a-letranger\\\/les-avantages-dune-annee-a-letranger\\\/#breadcrumb\"},\"inLanguage\":\"fr-CH\",\"potentialAction\":[{\"@type\":\"ReadAction\",\"target\":[\"https:\\\/\\\/www.sts-education.com\\\/fr-ch\\\/high-school\\\/avant-ton-annee-a-letranger\\\/les-avantages-dune-annee-a-letranger\\\/\"]}]},{\"@type\":\"ImageObject\",\"inLanguage\":\"fr-CH\",\"@id\":\"https:\\\/\\\/www.sts-education.com\\\/fr-ch\\\/high-school\\\/avant-ton-annee-a-letranger\\\/les-avantages-dune-annee-a-letranger\\\/#primaryimage\",\"url\":\"https:\\\/\\\/powered-by.qbank.se\\\/educatius\\\/sts\\\/\\\/afc0e6e9172f867413f78160008e6f92_1-1-xsmall.webp\",\"contentUrl\":\"https:\\\/\\\/powered-by.qbank.se\\\/educatius\\\/sts\\\/\\\/afc0e6e9172f867413f78160008e6f92_1-1-xsmall.webp\",\"width\":500,\"height\":500},{\"@type\":\"BreadcrumbList\",\"@id\":\"https:\\\/\\\/www.sts-education.com\\\/fr-ch\\\/high-school\\\/avant-ton-annee-a-letranger\\\/les-avantages-dune-annee-a-letranger\\\/#breadcrumb\",\"itemListElement\":[{\"@type\":\"ListItem\",\"position\":1,\"name\":\"Home\",\"item\":\"https:\\\/\\\/www.sts-education.com\\\/fr-ch\\\/\"},{\"@type\":\"ListItem\",\"position\":2,\"name\":\"High school\",\"item\":\"https:\\\/\\\/www.sts-education.com\\\/fr-ch\\\/high-school\\\/\"},{\"@type\":\"ListItem\",\"position\":3,\"name\":\"Avant Ton Annee A Letranger\",\"item\":\"https:\\\/\\\/www.sts-education.com\\\/fr-ch\\\/high-school\\\/avant-ton-annee-a-letranger\\\/\"},{\"@type\":\"ListItem\",\"position\":4,\"name\":\"Les Avantages Dune Annee A Letranger\"}]},{\"@type\":\"WebSite\",\"@id\":\"https:\\\/\\\/www.sts-education.com\\\/fr-ch\\\/#website\",\"url\":\"https:\\\/\\\/www.sts-education.com\\\/fr-ch\\\/\",\"name\":\"STS Education\",\"description\":\"\",\"potentialAction\":[{\"@type\":\"SearchAction\",\"target\":{\"@type\":\"EntryPoint\",\"urlTemplate\":\"https:\\\/\\\/www.sts-education.com\\\/fr-ch\\\/?s={search_term_string}\"},\"query-input\":{\"@type\":\"PropertyValueSpecification\",\"valueRequired\":true,\"valueName\":\"search_term_string\"}}],\"inLanguage\":\"fr-CH\"}]}<\/script>\n<!-- \/ Yoast SEO Premium plugin. -->","yoast_head_json":{"title":"Consid\u00e8re bien tous les avantages d\u2019une ann\u00e9e \u00e0 l\u2019\u00e9tranger.","description":"Tirer profit au maximum de son ann\u00e9e. Apprendre une langue et une culture, et rencontrer de nouveaux amis. Tu gagneras par ailleurs en maturit\u00e9 et tu d\u00e9velopperas ton r\u00e9seau international.","robots":{"index":"index","follow":"follow","max-snippet":"max-snippet:-1","max-image-preview":"max-image-preview:large","max-video-preview":"max-video-preview:-1"},"canonical":"https:\/\/www.sts-education.com\/fr-ch\/high-school\/avant-ton-annee-a-letranger\/les-avantages-dune-annee-a-letranger\/","og_locale":"fr_FR","og_type":"article","og_title":"Les Avantages Dune Annee A Letranger","og_description":"Tirer profit au maximum de son ann\u00e9e. Apprendre une langue et une culture, et rencontrer de nouveaux amis. Tu gagneras par ailleurs en maturit\u00e9 et tu d\u00e9velopperas ton r\u00e9seau international.","og_url":"https:\/\/www.sts-education.com\/fr-ch\/high-school\/avant-ton-annee-a-letranger\/les-avantages-dune-annee-a-letranger\/","og_site_name":"STS Education","article_modified_time":"2026-04-14T10:02:47+00:00","og_image":[{"width":500,"height":500,"url":"https:\/\/powered-by.qbank.se\/educatius\/sts\/\/afc0e6e9172f867413f78160008e6f92_1-1-xsmall.webp","type":"image\/jpeg"}],"twitter_card":"summary_large_image","twitter_misc":{"Est. reading time":"2 minutes"},"schema":{"@context":"https:\/\/schema.org","@graph":[{"@type":"WebPage","@id":"https:\/\/www.sts-education.com\/fr-ch\/high-school\/avant-ton-annee-a-letranger\/les-avantages-dune-annee-a-letranger\/","url":"https:\/\/www.sts-education.com\/fr-ch\/high-school\/avant-ton-annee-a-letranger\/les-avantages-dune-annee-a-letranger\/","name":"Consid\u00e8re bien tous les avantages d\u2019une ann\u00e9e \u00e0 l\u2019\u00e9tranger.","isPartOf":{"@id":"https:\/\/www.sts-education.com\/fr-ch\/#website"},"primaryImageOfPage":{"@id":"https:\/\/www.sts-education.com\/fr-ch\/high-school\/avant-ton-annee-a-letranger\/les-avantages-dune-annee-a-letranger\/#primaryimage"},"image":{"@id":"https:\/\/www.sts-education.com\/fr-ch\/high-school\/avant-ton-annee-a-letranger\/les-avantages-dune-annee-a-letranger\/#primaryimage"},"thumbnailUrl":"https:\/\/powered-by.qbank.se\/educatius\/sts\/\/afc0e6e9172f867413f78160008e6f92_1-1-xsmall.webp","datePublished":"2025-12-16T10:09:09+00:00","dateModified":"2026-04-14T10:02:47+00:00","description":"Tirer profit au maximum de son ann\u00e9e. Apprendre une langue et une culture, et rencontrer de nouveaux amis. Tu gagneras par ailleurs en maturit\u00e9 et tu d\u00e9velopperas ton r\u00e9seau international.","breadcrumb":{"@id":"https:\/\/www.sts-education.com\/fr-ch\/high-school\/avant-ton-annee-a-letranger\/les-avantages-dune-annee-a-letranger\/#breadcrumb"},"inLanguage":"fr-CH","potentialAction":[{"@type":"ReadAction","target":["https:\/\/www.sts-education.com\/fr-ch\/high-school\/avant-ton-annee-a-letranger\/les-avantages-dune-annee-a-letranger\/"]}]},{"@type":"ImageObject","inLanguage":"fr-CH","@id":"https:\/\/www.sts-education.com\/fr-ch\/high-school\/avant-ton-annee-a-letranger\/les-avantages-dune-annee-a-letranger\/#primaryimage","url":"https:\/\/powered-by.qbank.se\/educatius\/sts\/\/afc0e6e9172f867413f78160008e6f92_1-1-xsmall.webp","contentUrl":"https:\/\/powered-by.qbank.se\/educatius\/sts\/\/afc0e6e9172f867413f78160008e6f92_1-1-xsmall.webp","width":500,"height":500},{"@type":"BreadcrumbList","@id":"https:\/\/www.sts-education.com\/fr-ch\/high-school\/avant-ton-annee-a-letranger\/les-avantages-dune-annee-a-letranger\/#breadcrumb","itemListElement":[{"@type":"ListItem","position":1,"name":"Home","item":"https:\/\/www.sts-education.com\/fr-ch\/"},{"@type":"ListItem","position":2,"name":"High school","item":"https:\/\/www.sts-education.com\/fr-ch\/high-school\/"},{"@type":"ListItem","position":3,"name":"Avant Ton Annee A Letranger","item":"https:\/\/www.sts-education.com\/fr-ch\/high-school\/avant-ton-annee-a-letranger\/"},{"@type":"ListItem","position":4,"name":"Les Avantages Dune Annee A Letranger"}]},{"@type":"WebSite","@id":"https:\/\/www.sts-education.com\/fr-ch\/#website","url":"https:\/\/www.sts-education.com\/fr-ch\/","name":"STS Education","description":"","potentialAction":[{"@type":"SearchAction","target":{"@type":"EntryPoint","urlTemplate":"https:\/\/www.sts-education.com\/fr-ch\/?s={search_term_string}"},"query-input":{"@type":"PropertyValueSpecification","valueRequired":true,"valueName":"search_term_string"}}],"inLanguage":"fr-CH"}]}},"_links":{"self":[{"href":"https:\/\/www.sts-education.com\/fr-ch\/wp-json\/wp\/v2\/pages\/10964","targetHints":{"allow":["GET"]}}],"collection":[{"href":"https:\/\/www.sts-education.com\/fr-ch\/wp-json\/wp\/v2\/pages"}],"about":[{"href":"https:\/\/www.sts-education.com\/fr-ch\/wp-json\/wp\/v2\/types\/page"}],"author":[{"embeddable":true,"href":"https:\/\/www.sts-education.com\/fr-ch\/wp-json\/wp\/v2\/users\/20"}],"replies":[{"embeddable":true,"href":"https:\/\/www.sts-education.com\/fr-ch\/wp-json\/wp\/v2\/comments?post=10964"}],"version-history":[{"count":4,"href":"https:\/\/www.sts-education.com\/fr-ch\/wp-json\/wp\/v2\/pages\/10964\/revisions"}],"predecessor-version":[{"id":33590,"href":"https:\/\/www.sts-education.com\/fr-ch\/wp-json\/wp\/v2\/pages\/10964\/revisions\/33590"}],"up":[{"embeddable":true,"href":"https:\/\/www.sts-education.com\/fr-ch\/wp-json\/wp\/v2\/pages\/10954"}],"wp:featuredmedia":[{"embeddable":true,"href":"https:\/\/www.sts-education.com\/fr-ch\/wp-json\/wp\/v2\/media\/15587"}],"wp:attachment":[{"href":"https:\/\/www.sts-education.com\/fr-ch\/wp-json\/wp\/v2\/media?parent=10964"}],"wp:term":[{"taxonomy":"wpw_page_folders","embeddable":true,"href":"https:\/\/www.sts-education.com\/fr-ch\/wp-json\/wp\/v2\/wpw_page_folders?post=10964"}],"curies":[{"name":"wp","href":"https:\/\/api.w.org\/{rel}","templated":true}]}}