{"id":10965,"date":"2025-12-16T10:08:36","date_gmt":"2025-12-16T10:08:36","guid":{"rendered":"https:\/\/preprod.sts-education.com\/high-school\/avant-ton-annee-a-letranger\/prepare-toi-avec-nos-cours-de-langue\/"},"modified":"2026-04-14T10:02:48","modified_gmt":"2026-04-14T10:02:48","slug":"prepare-toi-avec-nos-cours-de-langue","status":"publish","type":"page","link":"https:\/\/www.sts-education.com\/fr-ch\/high-school\/avant-ton-annee-a-letranger\/prepare-toi-avec-nos-cours-de-langue\/","title":{"rendered":"Prepare Toi Avec Nos Cours De Langue"},"content":{"rendered":"\n<section class=\"wp-block-sts-hero sts-block-hero is-variant-full-background has-text-light has-background-media\" style=\"--sts-hero-padding-mobile:0px;--sts-hero-padding-desktop:0px;--sts-hero-text-color:var(--wp--preset--color--base-10, #fff);\" data-variant=\"full-background\"><div class=\"sts-block-hero__background\"><picture class=\"sts-responsive-image has-fit-cover is-skeleton\"><img src=\"https:\/\/cdn.sts-education.com\/13655_hero_lg_xl.jpg\" alt=\"Pr\u00e9pare-toi avec un cours de langue !\" loading=\"lazy\" decoding=\"async\" fetchpriority=\"low\" sizes=\"100vw\" \/><\/picture><span class=\"sts-block-hero__overlay\" aria-hidden=\"true\"><\/span><\/div><div class=\"sts-block-hero__inner\"><div class=\"sts-block-hero__content has-align-center\"><div class=\"sts-block-hero__content-inner\"><h1 class=\"sts-block-hero__heading\">Pr\u00e9pare-toi avec un cours de langue !<\/h1><\/div><\/div><\/div><\/section>\n\n\n\n<div class=\"wp-block-sts-text sts-text-editor has-max-width-md\"><div class=\"sts-text-editor__content\"><div class=\"sts-text-editor__content-inner\">\n<p>Tu pars en en \u00e9change dans un pays anglophone, hispanophone, germanophone ou italophone ? Pr\u00e9pare-toi avec notre cours de langue en ligne ! Il t&#8217;aidera \u00e0 ma\u00eetriser la langue une fois sur place et te permettra de comprendre plus facilement ce que tes nouveaux amis, ta famille d&#8217;accueil et tes professeurs disent d\u00e8s le d\u00e9but.<\/p>\n\n<h2>Dans ces cours, tu apprendras<\/h2>\n\n<ul><li>Dans de petites classes en ligne. Tu auras les m\u00eames camarades de classe et le m\u00eame enseignant tout au long du cours.<\/li>\n<li>Le langage fonctionnel pour les situations quotidiennes que tu rencontreras pendant ton ann\u00e9e \u00e0 l&#8217;\u00e9tranger.<\/li>\n<li>Culture Corners \u2014 sessions interactives explorant les traditions et la vie quotidienne du pays de destination.<\/li><\/ul>\n\n<p>Les sessions approfondissent ta compr\u00e9hension de la vie locale, rendant ton ann\u00e9e \u00e0 l&#8217;\u00e9tranger \u00e0 la fois enrichissante sur le plan linguistique et culturellement significative.<\/p>\n\n<p>Tu recevras \u00e9galement un certificat de participation \u00e0 la fin du cours !<\/p>\n\n<h2>Date de d\u00e9but et horaires<\/h2>\n\n<p><strong>Anglais<\/strong> (voir <a href=\"https:\/\/www.sts-education.com\/fr-ch\/high-school\/destinations\/amerique-du-nord\/etats-unis\/#suppl%C3%A9ments\">prix<\/a>)<\/p>\n\n<p>Le cours est disponible \u00e0 plusieurs niveaux, comprend 35 heures d&#8217;\u00e9tude et commence plusieurs fois dans l&#8217;ann\u00e9e.<\/p>\n\n<p><strong>Espagnol, allemand, italien<\/strong><\/p>\n\n<p>Les cours sont disponibles \u00e0 diff\u00e9rents niveaux, comprennent 15 heures d&#8217;\u00e9tude et commencent g\u00e9n\u00e9ralement en avril.<\/p>\n\n<p><a href=\"https:\/\/www.sts-education.com\/fr-ch\/high-school\/destinations\/europe\/espagne\/#suppl%C3%A9ments\">Prix du cours d&#8217;espagnol<\/a><\/p>\n\n<p><a href=\"https:\/\/www.sts-education.com\/fr-ch\/high-school\/destinations\/europe\/allemagne\/#suppl%C3%A9ments\">Prix du cours d&#8217;allemand<\/a><\/p>\n\n<p><a href=\"https:\/\/www.sts-education.com\/fr-ch\/high-school\/destinations\/europe\/italie\/#suppl%C3%A9ments\">Prix du cours d&#8217;italien<\/a><\/p>\n\n<p><a href=\"https:\/\/www.sts-education.com\/fr-ch\/a-propos-de-sts\/contactez-nous\/\">Contacte-nous<\/a> pour en savoir plus.<\/p>\n<\/div><\/div><\/div>\n","protected":false},"excerpt":{"rendered":"","protected":false},"author":20,"featured_media":0,"parent":10954,"menu_order":0,"comment_status":"closed","ping_status":"closed","template":"templates\/template-default-with-breadcrumbs.php","meta":{"_acf_changed":false,"sts_page_background_color":"","footnotes":""},"wpw_page_folders":[80],"class_list":["post-10965","page","type-page","status-publish","hentry"],"acf":[],"yoast_head":"<!-- This site is optimized with the Yoast SEO Premium plugin v27.2 (Yoast SEO v27.3) - https:\/\/yoast.com\/product\/yoast-seo-premium-wordpress\/ -->\n<title>Pr\u00e9pare-toi avec un cours de langue !<\/title>\n<meta name=\"description\" content=\"Tu pars en ann\u00e9e d&#039;\u00e9change dans un pays anglophone, hispanophone, germanophone ou italophone ? Pr\u00e9pare-toi avec notre cours de langue en ligne !\" \/>\n<meta name=\"robots\" content=\"index, follow, max-snippet:-1, max-image-preview:large, max-video-preview:-1\" \/>\n<link rel=\"canonical\" href=\"https:\/\/www.sts-education.com\/fr-ch\/high-school\/avant-ton-annee-a-letranger\/prepare-toi-avec-nos-cours-de-langue\/\" \/>\n<meta property=\"og:locale\" content=\"fr_FR\" \/>\n<meta property=\"og:type\" content=\"article\" \/>\n<meta property=\"og:title\" content=\"Prepare Toi Avec Nos Cours De Langue\" \/>\n<meta property=\"og:description\" content=\"Tu pars en ann\u00e9e d&#039;\u00e9change dans un pays anglophone, hispanophone, germanophone ou italophone ? Pr\u00e9pare-toi avec notre cours de langue en ligne !\" \/>\n<meta property=\"og:url\" content=\"https:\/\/www.sts-education.com\/fr-ch\/high-school\/avant-ton-annee-a-letranger\/prepare-toi-avec-nos-cours-de-langue\/\" \/>\n<meta property=\"og:site_name\" content=\"STS Education\" \/>\n<meta property=\"article:modified_time\" content=\"2026-04-14T10:02:48+00:00\" \/>\n<meta property=\"og:image\" content=\"https:\/\/cdn.sts-education.com\/13655_hero_lg_xl.jpg\" \/>\n<meta name=\"twitter:card\" content=\"summary_large_image\" \/>\n<meta name=\"twitter:label1\" content=\"Est. reading time\" \/>\n\t<meta name=\"twitter:data1\" content=\"1 minute\" \/>\n<script type=\"application\/ld+json\" class=\"yoast-schema-graph\">{\"@context\":\"https:\\\/\\\/schema.org\",\"@graph\":[{\"@type\":\"WebPage\",\"@id\":\"https:\\\/\\\/www.sts-education.com\\\/fr-ch\\\/high-school\\\/avant-ton-annee-a-letranger\\\/prepare-toi-avec-nos-cours-de-langue\\\/\",\"url\":\"https:\\\/\\\/www.sts-education.com\\\/fr-ch\\\/high-school\\\/avant-ton-annee-a-letranger\\\/prepare-toi-avec-nos-cours-de-langue\\\/\",\"name\":\"Pr\u00e9pare-toi avec un cours de langue !\",\"isPartOf\":{\"@id\":\"https:\\\/\\\/www.sts-education.com\\\/fr-ch\\\/#website\"},\"primaryImageOfPage\":{\"@id\":\"https:\\\/\\\/www.sts-education.com\\\/fr-ch\\\/high-school\\\/avant-ton-annee-a-letranger\\\/prepare-toi-avec-nos-cours-de-langue\\\/#primaryimage\"},\"image\":{\"@id\":\"https:\\\/\\\/www.sts-education.com\\\/fr-ch\\\/high-school\\\/avant-ton-annee-a-letranger\\\/prepare-toi-avec-nos-cours-de-langue\\\/#primaryimage\"},\"thumbnailUrl\":\"https:\\\/\\\/cdn.sts-education.com\\\/13655_hero_lg_xl.jpg\",\"datePublished\":\"2025-12-16T10:08:36+00:00\",\"dateModified\":\"2026-04-14T10:02:48+00:00\",\"description\":\"Tu pars en ann\u00e9e d'\u00e9change dans un pays anglophone, hispanophone, germanophone ou italophone ? Pr\u00e9pare-toi avec notre cours de langue en ligne !\",\"breadcrumb\":{\"@id\":\"https:\\\/\\\/www.sts-education.com\\\/fr-ch\\\/high-school\\\/avant-ton-annee-a-letranger\\\/prepare-toi-avec-nos-cours-de-langue\\\/#breadcrumb\"},\"inLanguage\":\"fr-CH\",\"potentialAction\":[{\"@type\":\"ReadAction\",\"target\":[\"https:\\\/\\\/www.sts-education.com\\\/fr-ch\\\/high-school\\\/avant-ton-annee-a-letranger\\\/prepare-toi-avec-nos-cours-de-langue\\\/\"]}]},{\"@type\":\"ImageObject\",\"inLanguage\":\"fr-CH\",\"@id\":\"https:\\\/\\\/www.sts-education.com\\\/fr-ch\\\/high-school\\\/avant-ton-annee-a-letranger\\\/prepare-toi-avec-nos-cours-de-langue\\\/#primaryimage\",\"url\":\"https:\\\/\\\/cdn.sts-education.com\\\/13655_hero_lg_xl.jpg\",\"contentUrl\":\"https:\\\/\\\/cdn.sts-education.com\\\/13655_hero_lg_xl.jpg\"},{\"@type\":\"BreadcrumbList\",\"@id\":\"https:\\\/\\\/www.sts-education.com\\\/fr-ch\\\/high-school\\\/avant-ton-annee-a-letranger\\\/prepare-toi-avec-nos-cours-de-langue\\\/#breadcrumb\",\"itemListElement\":[{\"@type\":\"ListItem\",\"position\":1,\"name\":\"Home\",\"item\":\"https:\\\/\\\/www.sts-education.com\\\/fr-ch\\\/\"},{\"@type\":\"ListItem\",\"position\":2,\"name\":\"High school\",\"item\":\"https:\\\/\\\/www.sts-education.com\\\/fr-ch\\\/high-school\\\/\"},{\"@type\":\"ListItem\",\"position\":3,\"name\":\"Avant Ton Annee A Letranger\",\"item\":\"https:\\\/\\\/www.sts-education.com\\\/fr-ch\\\/high-school\\\/avant-ton-annee-a-letranger\\\/\"},{\"@type\":\"ListItem\",\"position\":4,\"name\":\"Prepare Toi Avec Nos Cours De Langue\"}]},{\"@type\":\"WebSite\",\"@id\":\"https:\\\/\\\/www.sts-education.com\\\/fr-ch\\\/#website\",\"url\":\"https:\\\/\\\/www.sts-education.com\\\/fr-ch\\\/\",\"name\":\"STS Education\",\"description\":\"\",\"potentialAction\":[{\"@type\":\"SearchAction\",\"target\":{\"@type\":\"EntryPoint\",\"urlTemplate\":\"https:\\\/\\\/www.sts-education.com\\\/fr-ch\\\/?s={search_term_string}\"},\"query-input\":{\"@type\":\"PropertyValueSpecification\",\"valueRequired\":true,\"valueName\":\"search_term_string\"}}],\"inLanguage\":\"fr-CH\"}]}<\/script>\n<!-- \/ Yoast SEO Premium plugin. -->","yoast_head_json":{"title":"Pr\u00e9pare-toi avec un cours de langue !","description":"Tu pars en ann\u00e9e d'\u00e9change dans un pays anglophone, hispanophone, germanophone ou italophone ? Pr\u00e9pare-toi avec notre cours de langue en ligne !","robots":{"index":"index","follow":"follow","max-snippet":"max-snippet:-1","max-image-preview":"max-image-preview:large","max-video-preview":"max-video-preview:-1"},"canonical":"https:\/\/www.sts-education.com\/fr-ch\/high-school\/avant-ton-annee-a-letranger\/prepare-toi-avec-nos-cours-de-langue\/","og_locale":"fr_FR","og_type":"article","og_title":"Prepare Toi Avec Nos Cours De Langue","og_description":"Tu pars en ann\u00e9e d'\u00e9change dans un pays anglophone, hispanophone, germanophone ou italophone ? Pr\u00e9pare-toi avec notre cours de langue en ligne !","og_url":"https:\/\/www.sts-education.com\/fr-ch\/high-school\/avant-ton-annee-a-letranger\/prepare-toi-avec-nos-cours-de-langue\/","og_site_name":"STS Education","article_modified_time":"2026-04-14T10:02:48+00:00","og_image":[{"url":"https:\/\/cdn.sts-education.com\/13655_hero_lg_xl.jpg","type":"","width":"","height":""}],"twitter_card":"summary_large_image","twitter_misc":{"Est. reading time":"1 minute"},"schema":{"@context":"https:\/\/schema.org","@graph":[{"@type":"WebPage","@id":"https:\/\/www.sts-education.com\/fr-ch\/high-school\/avant-ton-annee-a-letranger\/prepare-toi-avec-nos-cours-de-langue\/","url":"https:\/\/www.sts-education.com\/fr-ch\/high-school\/avant-ton-annee-a-letranger\/prepare-toi-avec-nos-cours-de-langue\/","name":"Pr\u00e9pare-toi avec un cours de langue !","isPartOf":{"@id":"https:\/\/www.sts-education.com\/fr-ch\/#website"},"primaryImageOfPage":{"@id":"https:\/\/www.sts-education.com\/fr-ch\/high-school\/avant-ton-annee-a-letranger\/prepare-toi-avec-nos-cours-de-langue\/#primaryimage"},"image":{"@id":"https:\/\/www.sts-education.com\/fr-ch\/high-school\/avant-ton-annee-a-letranger\/prepare-toi-avec-nos-cours-de-langue\/#primaryimage"},"thumbnailUrl":"https:\/\/cdn.sts-education.com\/13655_hero_lg_xl.jpg","datePublished":"2025-12-16T10:08:36+00:00","dateModified":"2026-04-14T10:02:48+00:00","description":"Tu pars en ann\u00e9e d'\u00e9change dans un pays anglophone, hispanophone, germanophone ou italophone ? Pr\u00e9pare-toi avec notre cours de langue en ligne !","breadcrumb":{"@id":"https:\/\/www.sts-education.com\/fr-ch\/high-school\/avant-ton-annee-a-letranger\/prepare-toi-avec-nos-cours-de-langue\/#breadcrumb"},"inLanguage":"fr-CH","potentialAction":[{"@type":"ReadAction","target":["https:\/\/www.sts-education.com\/fr-ch\/high-school\/avant-ton-annee-a-letranger\/prepare-toi-avec-nos-cours-de-langue\/"]}]},{"@type":"ImageObject","inLanguage":"fr-CH","@id":"https:\/\/www.sts-education.com\/fr-ch\/high-school\/avant-ton-annee-a-letranger\/prepare-toi-avec-nos-cours-de-langue\/#primaryimage","url":"https:\/\/cdn.sts-education.com\/13655_hero_lg_xl.jpg","contentUrl":"https:\/\/cdn.sts-education.com\/13655_hero_lg_xl.jpg"},{"@type":"BreadcrumbList","@id":"https:\/\/www.sts-education.com\/fr-ch\/high-school\/avant-ton-annee-a-letranger\/prepare-toi-avec-nos-cours-de-langue\/#breadcrumb","itemListElement":[{"@type":"ListItem","position":1,"name":"Home","item":"https:\/\/www.sts-education.com\/fr-ch\/"},{"@type":"ListItem","position":2,"name":"High school","item":"https:\/\/www.sts-education.com\/fr-ch\/high-school\/"},{"@type":"ListItem","position":3,"name":"Avant Ton Annee A Letranger","item":"https:\/\/www.sts-education.com\/fr-ch\/high-school\/avant-ton-annee-a-letranger\/"},{"@type":"ListItem","position":4,"name":"Prepare Toi Avec Nos Cours De Langue"}]},{"@type":"WebSite","@id":"https:\/\/www.sts-education.com\/fr-ch\/#website","url":"https:\/\/www.sts-education.com\/fr-ch\/","name":"STS Education","description":"","potentialAction":[{"@type":"SearchAction","target":{"@type":"EntryPoint","urlTemplate":"https:\/\/www.sts-education.com\/fr-ch\/?s={search_term_string}"},"query-input":{"@type":"PropertyValueSpecification","valueRequired":true,"valueName":"search_term_string"}}],"inLanguage":"fr-CH"}]}},"_links":{"self":[{"href":"https:\/\/www.sts-education.com\/fr-ch\/wp-json\/wp\/v2\/pages\/10965","targetHints":{"allow":["GET"]}}],"collection":[{"href":"https:\/\/www.sts-education.com\/fr-ch\/wp-json\/wp\/v2\/pages"}],"about":[{"href":"https:\/\/www.sts-education.com\/fr-ch\/wp-json\/wp\/v2\/types\/page"}],"author":[{"embeddable":true,"href":"https:\/\/www.sts-education.com\/fr-ch\/wp-json\/wp\/v2\/users\/20"}],"replies":[{"embeddable":true,"href":"https:\/\/www.sts-education.com\/fr-ch\/wp-json\/wp\/v2\/comments?post=10965"}],"version-history":[{"count":4,"href":"https:\/\/www.sts-education.com\/fr-ch\/wp-json\/wp\/v2\/pages\/10965\/revisions"}],"predecessor-version":[{"id":33591,"href":"https:\/\/www.sts-education.com\/fr-ch\/wp-json\/wp\/v2\/pages\/10965\/revisions\/33591"}],"up":[{"embeddable":true,"href":"https:\/\/www.sts-education.com\/fr-ch\/wp-json\/wp\/v2\/pages\/10954"}],"wp:attachment":[{"href":"https:\/\/www.sts-education.com\/fr-ch\/wp-json\/wp\/v2\/media?parent=10965"}],"wp:term":[{"taxonomy":"wpw_page_folders","embeddable":true,"href":"https:\/\/www.sts-education.com\/fr-ch\/wp-json\/wp\/v2\/wpw_page_folders?post=10965"}],"curies":[{"name":"wp","href":"https:\/\/api.w.org\/{rel}","templated":true}]}}