{"id":10967,"date":"2025-12-16T10:07:29","date_gmt":"2025-12-16T10:07:29","guid":{"rendered":"https:\/\/preprod.sts-education.com\/high-school\/avant-ton-annee-a-letranger\/rencontrons-nous\/"},"modified":"2026-04-02T14:28:16","modified_gmt":"2026-04-02T14:28:16","slug":"rencontrons-nous","status":"publish","type":"page","link":"https:\/\/www.sts-education.com\/fr-ch\/high-school\/avant-ton-annee-a-letranger\/rencontrons-nous\/","title":{"rendered":"Rencontrons Nous"},"content":{"rendered":"\n<section class=\"wp-block-sts-hero sts-block-hero sts-block-hero is-variant-full-background has-text-light has-background-media\" style=\"--sts-hero-padding-mobile:0px;--sts-hero-padding-desktop:0px;--sts-hero-text-color:var(--wp--preset--color--base-10, #fff)\" data-variant=\"full-background\"><div class=\"sts-block-hero__background\"><picture class=\"sts-responsive-image has-pos-center is-skeleton\"><img src=\"https:\/\/cdn.sts-education.com\/13768_hero_lg_xl.jpg\" alt=\"Tout ce que tu dois savoir\" loading=\"lazy\" decoding=\"async\" fetchpriority=\"low\" sizes=\"(max-width: 640px) max(100vw, calc(clamp(320px, 100vh, 720px) * 9 \/ 16)), (max-width: 840px) max(100vw, calc(clamp(320px, 100vh, 720px) * 1 \/ 1)), max(100vw, calc(clamp(320px, 100vh, 720px) * 16 \/ 9))\" style=\"object-position:center\"\/><\/picture><span class=\"sts-block-hero__overlay\" aria-hidden=\"true\"><\/span><\/div><div class=\"sts-block-hero__inner\"><div class=\"sts-block-hero__content has-align-center\"><div class=\"sts-block-hero__content-inner\"><h1 class=\"sts-block-hero__heading\">Tout ce que tu dois savoir<\/h1><\/div><\/div><\/div><\/section>\n\n\n\n<div class=\"wp-block-sts-text sts-text-editor has-max-width-md\"><div class=\"sts-text-editor__content\"><div class=\"sts-text-editor__content-inner\">\n<p>Tu envisages de passer une ann\u00e9e scolaire \u00e0 l\u2019\u00e9tranger ?  Nous te conseillons d\u2019assister \u00e0 un webinaire. Nos experts t\u2019expliqueront comment se passe une ann\u00e9e d\u2019\u00e9tudes \u00e0 l\u2019\u00e9tranger, ils te pr\u00e9senteront STS, la vie dans une famille d\u2019accueil, les pays parmi lesquels tu as le choix et les raisons pour lesquelles partir un an \u00e0 l\u2019\u00e9tranger est une exp\u00e9rience in\u00e9galable.<\/p>\n<h2>Rencontrons-nous<\/h2>\n<p>Nos webinaires en ligne te permettront de rencontrer l\u2019\u00e9quipe STS, mais aussi d\u2019anciens \u00e9l\u00e8ves d\u2019\u00e9change qui se joignent souvent \u00e0 nous. Il arrive aussi que des repr\u00e9sentants de certaines \u00e9coles des pays accueillant nos programmes soient l\u00e0. Et, bien s\u00fbr, nous t\u2019expliquerons comment se d\u00e9roule le processus de candidature et r\u00e9pondrons \u00e0 toutes les questions que tu pourras te poser.<\/p>\n<p>Viens avec tes parents, \u00e7a peut \u00eatre une bonne id\u00e9e. Tes fr\u00e8res et s\u0153urs et amis sont aussi les bienvenus. Le webinaire est gratuite, bien s\u00fbr.<\/p>\n<h2>Des questions urgentes ?<\/h2>\n<p>Tu as d\u00e9j\u00e0 des questions qui n\u00e9cessitent une r\u00e9ponse rapide ? N\u2019h\u00e9site pas \u00e0 nous contacter ! Nos experts en High School sont l\u00e0 pour r\u00e9pondre \u00e0 toutes tes questions. N\u2019h\u00e9site pas \u00e0 nous appeler au <a href=\"tel:044%20388%2068%2088\">044 388 68 88<\/a> ou \u00e0 nous envoyer un mail \u00e0 <a href=\"mailto:highschool@sts-education.ch\">highschool@sts-education.ch<\/a><\/p>\n<p>Et souviens-toi, c\u2019est peut-\u00eatre l\u00e0 le d\u00e9but de la plus grande aventure de ta vie !<\/p>\n<h3>Dates \u00e0 retenir :<\/h3>\n<\/div><\/div><\/div>\n\n\n<div class=\"sts-block-cards sts-block-cards--listing is-empty has-max-width-md wp-block-sts-cards\"><\/div>","protected":false},"excerpt":{"rendered":"","protected":false},"author":20,"featured_media":15592,"parent":10954,"menu_order":0,"comment_status":"closed","ping_status":"closed","template":"templates\/template-default-with-breadcrumbs.php","meta":{"_acf_changed":false,"sts_page_background_color":"","footnotes":""},"wpw_page_folders":[80],"class_list":["post-10967","page","type-page","status-publish","has-post-thumbnail","hentry"],"acf":[],"yoast_head":"<!-- This site is optimized with the Yoast SEO Premium plugin v27.2 (Yoast SEO v27.3) - https:\/\/yoast.com\/product\/yoast-seo-premium-wordpress\/ -->\n<title>S\u2019informer sur son ann\u00e9e d\u2019\u00e9tudes \u00e0 l\u2019\u00e9tranger<\/title>\n<meta name=\"description\" content=\"Retrouve-nous en ligne et obtiens les r\u00e9ponses \u00e0 toutes tes questions sur l\u2019ann\u00e9e scolaire que tu vas passer \u00e0 l\u2019\u00e9tranger.\" \/>\n<meta name=\"robots\" content=\"index, follow, max-snippet:-1, max-image-preview:large, max-video-preview:-1\" \/>\n<link rel=\"canonical\" href=\"https:\/\/www.sts-education.com\/fr-ch\/high-school\/avant-ton-annee-a-letranger\/rencontrons-nous\/\" \/>\n<meta property=\"og:locale\" content=\"fr_FR\" \/>\n<meta property=\"og:type\" content=\"article\" \/>\n<meta property=\"og:title\" content=\"Rencontrons Nous\" \/>\n<meta property=\"og:description\" content=\"Retrouve-nous en ligne et obtiens les r\u00e9ponses \u00e0 toutes tes questions sur l\u2019ann\u00e9e scolaire que tu vas passer \u00e0 l\u2019\u00e9tranger.\" \/>\n<meta property=\"og:url\" content=\"https:\/\/www.sts-education.com\/fr-ch\/high-school\/avant-ton-annee-a-letranger\/rencontrons-nous\/\" \/>\n<meta property=\"og:site_name\" content=\"STS Education\" \/>\n<meta property=\"article:modified_time\" content=\"2026-04-02T14:28:16+00:00\" \/>\n<meta property=\"og:image\" content=\"https:\/\/powered-by.qbank.se\/educatius\/sts\/\/ea90a4812ed10cb09ee7c1ba94498d70_1-1-thumb.webp\" \/>\n\t<meta property=\"og:image:width\" content=\"150\" \/>\n\t<meta property=\"og:image:height\" content=\"150\" \/>\n\t<meta property=\"og:image:type\" content=\"image\/jpeg\" \/>\n<meta name=\"twitter:card\" content=\"summary_large_image\" \/>\n<meta name=\"twitter:label1\" content=\"Est. reading time\" \/>\n\t<meta name=\"twitter:data1\" content=\"2 minutes\" \/>\n<script type=\"application\/ld+json\" class=\"yoast-schema-graph\">{\"@context\":\"https:\\\/\\\/schema.org\",\"@graph\":[{\"@type\":\"WebPage\",\"@id\":\"https:\\\/\\\/www.sts-education.com\\\/fr-ch\\\/high-school\\\/avant-ton-annee-a-letranger\\\/rencontrons-nous\\\/\",\"url\":\"https:\\\/\\\/www.sts-education.com\\\/fr-ch\\\/high-school\\\/avant-ton-annee-a-letranger\\\/rencontrons-nous\\\/\",\"name\":\"S\u2019informer sur son ann\u00e9e d\u2019\u00e9tudes \u00e0 l\u2019\u00e9tranger\",\"isPartOf\":{\"@id\":\"https:\\\/\\\/www.sts-education.com\\\/fr-ch\\\/#website\"},\"primaryImageOfPage\":{\"@id\":\"https:\\\/\\\/www.sts-education.com\\\/fr-ch\\\/high-school\\\/avant-ton-annee-a-letranger\\\/rencontrons-nous\\\/#primaryimage\"},\"image\":{\"@id\":\"https:\\\/\\\/www.sts-education.com\\\/fr-ch\\\/high-school\\\/avant-ton-annee-a-letranger\\\/rencontrons-nous\\\/#primaryimage\"},\"thumbnailUrl\":\"https:\\\/\\\/powered-by.qbank.se\\\/educatius\\\/sts\\\/\\\/ea90a4812ed10cb09ee7c1ba94498d70_1-1-thumb.webp\",\"datePublished\":\"2025-12-16T10:07:29+00:00\",\"dateModified\":\"2026-04-02T14:28:16+00:00\",\"description\":\"Retrouve-nous en ligne et obtiens les r\u00e9ponses \u00e0 toutes tes questions sur l\u2019ann\u00e9e scolaire que tu vas passer \u00e0 l\u2019\u00e9tranger.\",\"breadcrumb\":{\"@id\":\"https:\\\/\\\/www.sts-education.com\\\/fr-ch\\\/high-school\\\/avant-ton-annee-a-letranger\\\/rencontrons-nous\\\/#breadcrumb\"},\"inLanguage\":\"fr-CH\",\"potentialAction\":[{\"@type\":\"ReadAction\",\"target\":[\"https:\\\/\\\/www.sts-education.com\\\/fr-ch\\\/high-school\\\/avant-ton-annee-a-letranger\\\/rencontrons-nous\\\/\"]}]},{\"@type\":\"ImageObject\",\"inLanguage\":\"fr-CH\",\"@id\":\"https:\\\/\\\/www.sts-education.com\\\/fr-ch\\\/high-school\\\/avant-ton-annee-a-letranger\\\/rencontrons-nous\\\/#primaryimage\",\"url\":\"https:\\\/\\\/powered-by.qbank.se\\\/educatius\\\/sts\\\/\\\/ea90a4812ed10cb09ee7c1ba94498d70_1-1-thumb.webp\",\"contentUrl\":\"https:\\\/\\\/powered-by.qbank.se\\\/educatius\\\/sts\\\/\\\/ea90a4812ed10cb09ee7c1ba94498d70_1-1-thumb.webp\",\"width\":150,\"height\":150},{\"@type\":\"BreadcrumbList\",\"@id\":\"https:\\\/\\\/www.sts-education.com\\\/fr-ch\\\/high-school\\\/avant-ton-annee-a-letranger\\\/rencontrons-nous\\\/#breadcrumb\",\"itemListElement\":[{\"@type\":\"ListItem\",\"position\":1,\"name\":\"Home\",\"item\":\"https:\\\/\\\/www.sts-education.com\\\/fr-ch\\\/\"},{\"@type\":\"ListItem\",\"position\":2,\"name\":\"High school\",\"item\":\"https:\\\/\\\/www.sts-education.com\\\/fr-ch\\\/high-school\\\/\"},{\"@type\":\"ListItem\",\"position\":3,\"name\":\"Avant Ton Annee A Letranger\",\"item\":\"https:\\\/\\\/www.sts-education.com\\\/fr-ch\\\/high-school\\\/avant-ton-annee-a-letranger\\\/\"},{\"@type\":\"ListItem\",\"position\":4,\"name\":\"Rencontrons Nous\"}]},{\"@type\":\"WebSite\",\"@id\":\"https:\\\/\\\/www.sts-education.com\\\/fr-ch\\\/#website\",\"url\":\"https:\\\/\\\/www.sts-education.com\\\/fr-ch\\\/\",\"name\":\"STS Education\",\"description\":\"\",\"potentialAction\":[{\"@type\":\"SearchAction\",\"target\":{\"@type\":\"EntryPoint\",\"urlTemplate\":\"https:\\\/\\\/www.sts-education.com\\\/fr-ch\\\/?s={search_term_string}\"},\"query-input\":{\"@type\":\"PropertyValueSpecification\",\"valueRequired\":true,\"valueName\":\"search_term_string\"}}],\"inLanguage\":\"fr-CH\"}]}<\/script>\n<!-- \/ Yoast SEO Premium plugin. -->","yoast_head_json":{"title":"S\u2019informer sur son ann\u00e9e d\u2019\u00e9tudes \u00e0 l\u2019\u00e9tranger","description":"Retrouve-nous en ligne et obtiens les r\u00e9ponses \u00e0 toutes tes questions sur l\u2019ann\u00e9e scolaire que tu vas passer \u00e0 l\u2019\u00e9tranger.","robots":{"index":"index","follow":"follow","max-snippet":"max-snippet:-1","max-image-preview":"max-image-preview:large","max-video-preview":"max-video-preview:-1"},"canonical":"https:\/\/www.sts-education.com\/fr-ch\/high-school\/avant-ton-annee-a-letranger\/rencontrons-nous\/","og_locale":"fr_FR","og_type":"article","og_title":"Rencontrons Nous","og_description":"Retrouve-nous en ligne et obtiens les r\u00e9ponses \u00e0 toutes tes questions sur l\u2019ann\u00e9e scolaire que tu vas passer \u00e0 l\u2019\u00e9tranger.","og_url":"https:\/\/www.sts-education.com\/fr-ch\/high-school\/avant-ton-annee-a-letranger\/rencontrons-nous\/","og_site_name":"STS Education","article_modified_time":"2026-04-02T14:28:16+00:00","og_image":[{"width":150,"height":150,"url":"https:\/\/powered-by.qbank.se\/educatius\/sts\/\/ea90a4812ed10cb09ee7c1ba94498d70_1-1-thumb.webp","type":"image\/jpeg"}],"twitter_card":"summary_large_image","twitter_misc":{"Est. reading time":"2 minutes"},"schema":{"@context":"https:\/\/schema.org","@graph":[{"@type":"WebPage","@id":"https:\/\/www.sts-education.com\/fr-ch\/high-school\/avant-ton-annee-a-letranger\/rencontrons-nous\/","url":"https:\/\/www.sts-education.com\/fr-ch\/high-school\/avant-ton-annee-a-letranger\/rencontrons-nous\/","name":"S\u2019informer sur son ann\u00e9e d\u2019\u00e9tudes \u00e0 l\u2019\u00e9tranger","isPartOf":{"@id":"https:\/\/www.sts-education.com\/fr-ch\/#website"},"primaryImageOfPage":{"@id":"https:\/\/www.sts-education.com\/fr-ch\/high-school\/avant-ton-annee-a-letranger\/rencontrons-nous\/#primaryimage"},"image":{"@id":"https:\/\/www.sts-education.com\/fr-ch\/high-school\/avant-ton-annee-a-letranger\/rencontrons-nous\/#primaryimage"},"thumbnailUrl":"https:\/\/powered-by.qbank.se\/educatius\/sts\/\/ea90a4812ed10cb09ee7c1ba94498d70_1-1-thumb.webp","datePublished":"2025-12-16T10:07:29+00:00","dateModified":"2026-04-02T14:28:16+00:00","description":"Retrouve-nous en ligne et obtiens les r\u00e9ponses \u00e0 toutes tes questions sur l\u2019ann\u00e9e scolaire que tu vas passer \u00e0 l\u2019\u00e9tranger.","breadcrumb":{"@id":"https:\/\/www.sts-education.com\/fr-ch\/high-school\/avant-ton-annee-a-letranger\/rencontrons-nous\/#breadcrumb"},"inLanguage":"fr-CH","potentialAction":[{"@type":"ReadAction","target":["https:\/\/www.sts-education.com\/fr-ch\/high-school\/avant-ton-annee-a-letranger\/rencontrons-nous\/"]}]},{"@type":"ImageObject","inLanguage":"fr-CH","@id":"https:\/\/www.sts-education.com\/fr-ch\/high-school\/avant-ton-annee-a-letranger\/rencontrons-nous\/#primaryimage","url":"https:\/\/powered-by.qbank.se\/educatius\/sts\/\/ea90a4812ed10cb09ee7c1ba94498d70_1-1-thumb.webp","contentUrl":"https:\/\/powered-by.qbank.se\/educatius\/sts\/\/ea90a4812ed10cb09ee7c1ba94498d70_1-1-thumb.webp","width":150,"height":150},{"@type":"BreadcrumbList","@id":"https:\/\/www.sts-education.com\/fr-ch\/high-school\/avant-ton-annee-a-letranger\/rencontrons-nous\/#breadcrumb","itemListElement":[{"@type":"ListItem","position":1,"name":"Home","item":"https:\/\/www.sts-education.com\/fr-ch\/"},{"@type":"ListItem","position":2,"name":"High school","item":"https:\/\/www.sts-education.com\/fr-ch\/high-school\/"},{"@type":"ListItem","position":3,"name":"Avant Ton Annee A Letranger","item":"https:\/\/www.sts-education.com\/fr-ch\/high-school\/avant-ton-annee-a-letranger\/"},{"@type":"ListItem","position":4,"name":"Rencontrons Nous"}]},{"@type":"WebSite","@id":"https:\/\/www.sts-education.com\/fr-ch\/#website","url":"https:\/\/www.sts-education.com\/fr-ch\/","name":"STS Education","description":"","potentialAction":[{"@type":"SearchAction","target":{"@type":"EntryPoint","urlTemplate":"https:\/\/www.sts-education.com\/fr-ch\/?s={search_term_string}"},"query-input":{"@type":"PropertyValueSpecification","valueRequired":true,"valueName":"search_term_string"}}],"inLanguage":"fr-CH"}]}},"_links":{"self":[{"href":"https:\/\/www.sts-education.com\/fr-ch\/wp-json\/wp\/v2\/pages\/10967","targetHints":{"allow":["GET"]}}],"collection":[{"href":"https:\/\/www.sts-education.com\/fr-ch\/wp-json\/wp\/v2\/pages"}],"about":[{"href":"https:\/\/www.sts-education.com\/fr-ch\/wp-json\/wp\/v2\/types\/page"}],"author":[{"embeddable":true,"href":"https:\/\/www.sts-education.com\/fr-ch\/wp-json\/wp\/v2\/users\/20"}],"replies":[{"embeddable":true,"href":"https:\/\/www.sts-education.com\/fr-ch\/wp-json\/wp\/v2\/comments?post=10967"}],"version-history":[{"count":3,"href":"https:\/\/www.sts-education.com\/fr-ch\/wp-json\/wp\/v2\/pages\/10967\/revisions"}],"predecessor-version":[{"id":27677,"href":"https:\/\/www.sts-education.com\/fr-ch\/wp-json\/wp\/v2\/pages\/10967\/revisions\/27677"}],"up":[{"embeddable":true,"href":"https:\/\/www.sts-education.com\/fr-ch\/wp-json\/wp\/v2\/pages\/10954"}],"wp:featuredmedia":[{"embeddable":true,"href":"https:\/\/www.sts-education.com\/fr-ch\/wp-json\/wp\/v2\/media\/15592"}],"wp:attachment":[{"href":"https:\/\/www.sts-education.com\/fr-ch\/wp-json\/wp\/v2\/media?parent=10967"}],"wp:term":[{"taxonomy":"wpw_page_folders","embeddable":true,"href":"https:\/\/www.sts-education.com\/fr-ch\/wp-json\/wp\/v2\/wpw_page_folders?post=10967"}],"curies":[{"name":"wp","href":"https:\/\/api.w.org\/{rel}","templated":true}]}}