{"id":10978,"date":"2025-12-16T10:16:07","date_gmt":"2025-12-16T10:16:07","guid":{"rendered":"https:\/\/preprod.sts-education.com\/high-school\/pendant-ton-annee-a-letranger\/10-conseils-pour-reussir-ton-annee-a-letranger\/"},"modified":"2026-04-14T10:02:42","modified_gmt":"2026-04-14T10:02:42","slug":"10-conseils-pour-reussir-ton-annee-a-letranger","status":"publish","type":"page","link":"https:\/\/www.sts-education.com\/fr-ch\/high-school\/pendant-ton-annee-a-letranger\/10-conseils-pour-reussir-ton-annee-a-letranger\/","title":{"rendered":"10 Conseils Pour Reussir Ton Annee A Letranger"},"content":{"rendered":"\n<section class=\"wp-block-sts-hero sts-block-hero is-variant-full-background has-text-light has-background-media\" style=\"--sts-hero-padding-mobile:0px;--sts-hero-padding-desktop:0px;--sts-hero-text-color:var(--wp--preset--color--base-10, #fff);\" data-variant=\"full-background\"><div class=\"sts-block-hero__background\"><picture class=\"sts-responsive-image has-fit-cover is-skeleton\"><img src=\"https:\/\/cdn.sts-education.com\/11218_hero_lg_xl.jpg\" alt=\"10 conseils pour r\u00e9ussir ton ann\u00e9e \u00e0 l\u2019\u00e9tranger\" loading=\"lazy\" decoding=\"async\" fetchpriority=\"low\" sizes=\"100vw\" \/><\/picture><span class=\"sts-block-hero__overlay\" aria-hidden=\"true\"><\/span><\/div><div class=\"sts-block-hero__inner\"><div class=\"sts-block-hero__content has-align-center\"><div class=\"sts-block-hero__content-inner\"><h1 class=\"sts-block-hero__heading\">10 conseils pour r\u00e9ussir ton ann\u00e9e \u00e0 l\u2019\u00e9tranger<\/h1><\/div><\/div><\/div><\/section>\n\n\n\n<div class=\"wp-block-sts-text sts-text-editor has-max-width-md\"><div class=\"sts-text-editor__content\"><div class=\"sts-text-editor__content-inner\">\n<p>Partir \u00e9tudier six mois ou un an \u00e0 l\u2019\u00e9tranger est une \u00e9norme aventure et cela te changera \u00e0 jamais. Tu vas apprendre \u00e0 te conna\u00eetre comme jamais avant, tu vas gagner en maturit\u00e9 et devenir plus ind\u00e9pendant. Tu apprendras des tonnes de choses, mais surtout tu te feras de nouveaux amis et tu trouveras un second foyer.<\/p>\n\n<p><strong>Voici 10 astuces qui feront de ton ann\u00e9e \u00e0 l\u2019\u00e9tranger la meilleure de ta vie !<\/strong><\/p>\n\n<ol><li>Reste positif et souris<\/li>\n<li>Reste ouvert d\u2019esprit<\/li>\n<li>D\u00e9veloppe tes comp\u00e9tences culturelles<\/li>\n<li>N\u2019aie pas peur de poser des questions<\/li>\n<li>Sois curieux et impliqu\u00e9<\/li>\n<li>Int\u00e8gre-toi dans ta famille<\/li>\n<li>Sois ambassadeur de ton pays<\/li>\n<li>Fais les bons choix<\/li>\n<li>Moins d\u2019\u00e9crans, plus de gens<\/li>\n<li>Amuse-toi et profite de ce s\u00e9jour \u00e0 l\u2019\u00e9tranger !<\/li><\/ol>\n<\/div><\/div><\/div>\n\n\n\n<section class=\"wp-block-sts-video sts-block-video sts-block-video--landscape has-max-width-lg\"><div class=\"sts-video sts-video--landscape\"><div class=\"sts-video__handler\"><button type=\"button\" class=\"sts-video__play-button\" aria-label=\"Play video\" aria-pressed=\"false\" data-playing=\"false\"><span class=\"sts-video__play-icon\"><img decoding=\"async\" class=\"play-icon\" src=\"data:image\/svg+xml,%3csvg%20width='32'%20height='32'%20viewBox='0%200%2032%2032'%20fill='none'%20xmlns='http:\/\/www.w3.org\/2000\/svg'%3e%3cmask%20id='mask0_2459_8201'%20style='mask-type:alpha'%20maskUnits='userSpaceOnUse'%20x='0'%20y='0'%20width='32'%20height='32'%3e%3crect%20width='32'%20height='32'%20fill='%23D9D9D9'\/%3e%3c\/mask%3e%3cg%20mask='url(%23mask0_2459_8201)'%3e%3cpath%20d='M10.667%2022.8999V9.09993C10.667%208.72216%2010.8003%208.40549%2011.067%208.14993C11.3337%207.89438%2011.6448%207.7666%2012.0003%207.7666C12.1114%207.7666%2012.2281%207.78327%2012.3503%207.8166C12.4725%207.84993%2012.5892%207.89993%2012.7003%207.9666L23.567%2014.8666C23.767%2014.9999%2023.917%2015.1666%2024.017%2015.3666C24.117%2015.5666%2024.167%2015.7777%2024.167%2015.9999C24.167%2016.2222%2024.117%2016.4333%2024.017%2016.6333C23.917%2016.8333%2023.767%2016.9999%2023.567%2017.1333L12.7003%2024.0333C12.5892%2024.0999%2012.4725%2024.1499%2012.3503%2024.1833C12.2281%2024.2166%2012.1114%2024.2333%2012.0003%2024.2333C11.6448%2024.2333%2011.3337%2024.1055%2011.067%2023.8499C10.8003%2023.5944%2010.667%2023.2777%2010.667%2022.8999Z'%20fill='black'\/%3e%3c\/g%3e%3c\/svg%3e\" alt=\"\" aria-hidden=\"true\"\/><img decoding=\"async\" class=\"pause-icon\" src=\"data:image\/svg+xml,%3csvg%20width='32'%20height='32'%20viewBox='0%200%2032%2032'%20fill='none'%20xmlns='http:\/\/www.w3.org\/2000\/svg'%3e%3cmask%20id='mask0_pause'%20style='mask-type:alpha'%20maskUnits='userSpaceOnUse'%20x='0'%20y='0'%20width='32'%20height='32'%3e%3crect%20width='32'%20height='32'%20fill='%23D9D9D9'\/%3e%3c\/mask%3e%3cg%20mask='url(%23mask0_pause)'%3e%3c!--%20Left%20bar%20--%3e%3crect%20x='10'%20y='8'%20width='4'%20height='16'%20rx='1'%20fill='black'\/%3e%3c!--%20Right%20bar%20--%3e%3crect%20x='18'%20y='8'%20width='4'%20height='16'%20rx='1'%20fill='black'\/%3e%3c\/g%3e%3c\/svg%3e\" alt=\"\" aria-hidden=\"true\"\/><\/span><\/button><strong class=\"sts-video__duration\" data-duration-prefix=\"Video duration:\" data-unit-second=\"second\" data-unit-seconds=\"seconds\" data-unit-minute=\"minute\" data-unit-minutes=\"minutes\" aria-label=\"Video duration: 40.0 seconds\">40.0 secs<\/strong><\/div><div class=\"sts-video__media\" data-video-source=\"youtube\" data-video-url=\"\"><div class=\"sts-video__external-shell\" data-embed-url=\"https:\/\/www.youtube.com\/embed\/NoQM9mcL33A?rel=0&amp;controls=1&amp;modestbranding=1&amp;playsinline=1&amp;enablejsapi=1&amp;autoplay=0&amp;origin=https%3A%2F%2Fwww.sts-education.com\"><iframe class=\"sts-video__iframe\" src=\"https:\/\/www.youtube.com\/embed\/NoQM9mcL33A?rel=0&amp;controls=1&amp;modestbranding=1&amp;playsinline=1&amp;enablejsapi=1&amp;autoplay=0&amp;origin=https%3A%2F%2Fwww.sts-education.com\" title=\"Video poster\nheading\" allow=\"autoplay; fullscreen\" allowfullscreen loading=\"lazy\" data-provider=\"youtube\" data-embed-url=\"https:\/\/www.youtube.com\/embed\/NoQM9mcL33A?rel=0&amp;controls=1&amp;modestbranding=1&amp;playsinline=1&amp;enablejsapi=1&amp;autoplay=0&amp;origin=https%3A%2F%2Fwww.sts-education.com\"><\/iframe><\/div><\/div><\/div><\/section>\n","protected":false},"excerpt":{"rendered":"","protected":false},"author":20,"featured_media":0,"parent":10958,"menu_order":0,"comment_status":"closed","ping_status":"closed","template":"templates\/template-default-with-breadcrumbs.php","meta":{"_acf_changed":false,"sts_page_background_color":"","footnotes":""},"wpw_page_folders":[83],"class_list":["post-10978","page","type-page","status-publish","hentry"],"acf":[],"yoast_head":"<!-- This site is optimized with the Yoast SEO Premium plugin v27.2 (Yoast SEO v27.3) - https:\/\/yoast.com\/product\/yoast-seo-premium-wordpress\/ -->\n<title>10 conseils pour r\u00e9ussir ton ann\u00e9e de High School \u00e0 l\u2019\u00e9tranger<\/title>\n<meta name=\"description\" content=\"Tire profit au maximum de ton ann\u00e9e \u00e0 l\u2019\u00e9tranger. Partir \u00e9tudier un an \u00e0 l\u2019\u00e9tranger est une \u00e9norme aventure et tu vas gagner en ind\u00e9pendance. Voici 10 conseils pour r\u00e9ussir ton ann\u00e9e \u00e0 l\u2019\u00e9tranger.\" \/>\n<meta name=\"robots\" content=\"index, follow, max-snippet:-1, max-image-preview:large, max-video-preview:-1\" \/>\n<link rel=\"canonical\" href=\"https:\/\/www.sts-education.com\/fr-ch\/high-school\/pendant-ton-annee-a-letranger\/10-conseils-pour-reussir-ton-annee-a-letranger\/\" \/>\n<meta property=\"og:locale\" content=\"fr_FR\" \/>\n<meta property=\"og:type\" content=\"article\" \/>\n<meta property=\"og:title\" content=\"10 Conseils Pour Reussir Ton Annee A Letranger\" \/>\n<meta property=\"og:description\" content=\"Tire profit au maximum de ton ann\u00e9e \u00e0 l\u2019\u00e9tranger. Partir \u00e9tudier un an \u00e0 l\u2019\u00e9tranger est une \u00e9norme aventure et tu vas gagner en ind\u00e9pendance. Voici 10 conseils pour r\u00e9ussir ton ann\u00e9e \u00e0 l\u2019\u00e9tranger.\" \/>\n<meta property=\"og:url\" content=\"https:\/\/www.sts-education.com\/fr-ch\/high-school\/pendant-ton-annee-a-letranger\/10-conseils-pour-reussir-ton-annee-a-letranger\/\" \/>\n<meta property=\"og:site_name\" content=\"STS Education\" \/>\n<meta property=\"article:modified_time\" content=\"2026-04-14T10:02:42+00:00\" \/>\n<meta property=\"og:image\" content=\"https:\/\/cdn.sts-education.com\/11218_hero_lg_xl.jpg\" \/>\n<meta name=\"twitter:card\" content=\"summary_large_image\" \/>\n<meta name=\"twitter:label1\" content=\"Est. reading time\" \/>\n\t<meta name=\"twitter:data1\" content=\"1 minute\" \/>\n<script type=\"application\/ld+json\" class=\"yoast-schema-graph\">{\"@context\":\"https:\\\/\\\/schema.org\",\"@graph\":[{\"@type\":\"WebPage\",\"@id\":\"https:\\\/\\\/www.sts-education.com\\\/fr-ch\\\/high-school\\\/pendant-ton-annee-a-letranger\\\/10-conseils-pour-reussir-ton-annee-a-letranger\\\/\",\"url\":\"https:\\\/\\\/www.sts-education.com\\\/fr-ch\\\/high-school\\\/pendant-ton-annee-a-letranger\\\/10-conseils-pour-reussir-ton-annee-a-letranger\\\/\",\"name\":\"10 conseils pour r\u00e9ussir ton ann\u00e9e de High School \u00e0 l\u2019\u00e9tranger\",\"isPartOf\":{\"@id\":\"https:\\\/\\\/www.sts-education.com\\\/fr-ch\\\/#website\"},\"primaryImageOfPage\":{\"@id\":\"https:\\\/\\\/www.sts-education.com\\\/fr-ch\\\/high-school\\\/pendant-ton-annee-a-letranger\\\/10-conseils-pour-reussir-ton-annee-a-letranger\\\/#primaryimage\"},\"image\":{\"@id\":\"https:\\\/\\\/www.sts-education.com\\\/fr-ch\\\/high-school\\\/pendant-ton-annee-a-letranger\\\/10-conseils-pour-reussir-ton-annee-a-letranger\\\/#primaryimage\"},\"thumbnailUrl\":\"https:\\\/\\\/cdn.sts-education.com\\\/11218_hero_lg_xl.jpg\",\"datePublished\":\"2025-12-16T10:16:07+00:00\",\"dateModified\":\"2026-04-14T10:02:42+00:00\",\"description\":\"Tire profit au maximum de ton ann\u00e9e \u00e0 l\u2019\u00e9tranger. Partir \u00e9tudier un an \u00e0 l\u2019\u00e9tranger est une \u00e9norme aventure et tu vas gagner en ind\u00e9pendance. Voici 10 conseils pour r\u00e9ussir ton ann\u00e9e \u00e0 l\u2019\u00e9tranger.\",\"breadcrumb\":{\"@id\":\"https:\\\/\\\/www.sts-education.com\\\/fr-ch\\\/high-school\\\/pendant-ton-annee-a-letranger\\\/10-conseils-pour-reussir-ton-annee-a-letranger\\\/#breadcrumb\"},\"inLanguage\":\"fr-CH\",\"potentialAction\":[{\"@type\":\"ReadAction\",\"target\":[\"https:\\\/\\\/www.sts-education.com\\\/fr-ch\\\/high-school\\\/pendant-ton-annee-a-letranger\\\/10-conseils-pour-reussir-ton-annee-a-letranger\\\/\"]}]},{\"@type\":\"ImageObject\",\"inLanguage\":\"fr-CH\",\"@id\":\"https:\\\/\\\/www.sts-education.com\\\/fr-ch\\\/high-school\\\/pendant-ton-annee-a-letranger\\\/10-conseils-pour-reussir-ton-annee-a-letranger\\\/#primaryimage\",\"url\":\"https:\\\/\\\/cdn.sts-education.com\\\/11218_hero_lg_xl.jpg\",\"contentUrl\":\"https:\\\/\\\/cdn.sts-education.com\\\/11218_hero_lg_xl.jpg\"},{\"@type\":\"BreadcrumbList\",\"@id\":\"https:\\\/\\\/www.sts-education.com\\\/fr-ch\\\/high-school\\\/pendant-ton-annee-a-letranger\\\/10-conseils-pour-reussir-ton-annee-a-letranger\\\/#breadcrumb\",\"itemListElement\":[{\"@type\":\"ListItem\",\"position\":1,\"name\":\"Home\",\"item\":\"https:\\\/\\\/www.sts-education.com\\\/fr-ch\\\/\"},{\"@type\":\"ListItem\",\"position\":2,\"name\":\"High school\",\"item\":\"https:\\\/\\\/www.sts-education.com\\\/fr-ch\\\/high-school\\\/\"},{\"@type\":\"ListItem\",\"position\":3,\"name\":\"Pendant Ton Annee A Letranger\",\"item\":\"https:\\\/\\\/www.sts-education.com\\\/fr-ch\\\/high-school\\\/pendant-ton-annee-a-letranger\\\/\"},{\"@type\":\"ListItem\",\"position\":4,\"name\":\"10 Conseils Pour Reussir Ton Annee A Letranger\"}]},{\"@type\":\"WebSite\",\"@id\":\"https:\\\/\\\/www.sts-education.com\\\/fr-ch\\\/#website\",\"url\":\"https:\\\/\\\/www.sts-education.com\\\/fr-ch\\\/\",\"name\":\"STS Education\",\"description\":\"\",\"potentialAction\":[{\"@type\":\"SearchAction\",\"target\":{\"@type\":\"EntryPoint\",\"urlTemplate\":\"https:\\\/\\\/www.sts-education.com\\\/fr-ch\\\/?s={search_term_string}\"},\"query-input\":{\"@type\":\"PropertyValueSpecification\",\"valueRequired\":true,\"valueName\":\"search_term_string\"}}],\"inLanguage\":\"fr-CH\"}]}<\/script>\n<!-- \/ Yoast SEO Premium plugin. -->","yoast_head_json":{"title":"10 conseils pour r\u00e9ussir ton ann\u00e9e de High School \u00e0 l\u2019\u00e9tranger","description":"Tire profit au maximum de ton ann\u00e9e \u00e0 l\u2019\u00e9tranger. Partir \u00e9tudier un an \u00e0 l\u2019\u00e9tranger est une \u00e9norme aventure et tu vas gagner en ind\u00e9pendance. Voici 10 conseils pour r\u00e9ussir ton ann\u00e9e \u00e0 l\u2019\u00e9tranger.","robots":{"index":"index","follow":"follow","max-snippet":"max-snippet:-1","max-image-preview":"max-image-preview:large","max-video-preview":"max-video-preview:-1"},"canonical":"https:\/\/www.sts-education.com\/fr-ch\/high-school\/pendant-ton-annee-a-letranger\/10-conseils-pour-reussir-ton-annee-a-letranger\/","og_locale":"fr_FR","og_type":"article","og_title":"10 Conseils Pour Reussir Ton Annee A Letranger","og_description":"Tire profit au maximum de ton ann\u00e9e \u00e0 l\u2019\u00e9tranger. Partir \u00e9tudier un an \u00e0 l\u2019\u00e9tranger est une \u00e9norme aventure et tu vas gagner en ind\u00e9pendance. Voici 10 conseils pour r\u00e9ussir ton ann\u00e9e \u00e0 l\u2019\u00e9tranger.","og_url":"https:\/\/www.sts-education.com\/fr-ch\/high-school\/pendant-ton-annee-a-letranger\/10-conseils-pour-reussir-ton-annee-a-letranger\/","og_site_name":"STS Education","article_modified_time":"2026-04-14T10:02:42+00:00","og_image":[{"url":"https:\/\/cdn.sts-education.com\/11218_hero_lg_xl.jpg","type":"","width":"","height":""}],"twitter_card":"summary_large_image","twitter_misc":{"Est. reading time":"1 minute"},"schema":{"@context":"https:\/\/schema.org","@graph":[{"@type":"WebPage","@id":"https:\/\/www.sts-education.com\/fr-ch\/high-school\/pendant-ton-annee-a-letranger\/10-conseils-pour-reussir-ton-annee-a-letranger\/","url":"https:\/\/www.sts-education.com\/fr-ch\/high-school\/pendant-ton-annee-a-letranger\/10-conseils-pour-reussir-ton-annee-a-letranger\/","name":"10 conseils pour r\u00e9ussir ton ann\u00e9e de High School \u00e0 l\u2019\u00e9tranger","isPartOf":{"@id":"https:\/\/www.sts-education.com\/fr-ch\/#website"},"primaryImageOfPage":{"@id":"https:\/\/www.sts-education.com\/fr-ch\/high-school\/pendant-ton-annee-a-letranger\/10-conseils-pour-reussir-ton-annee-a-letranger\/#primaryimage"},"image":{"@id":"https:\/\/www.sts-education.com\/fr-ch\/high-school\/pendant-ton-annee-a-letranger\/10-conseils-pour-reussir-ton-annee-a-letranger\/#primaryimage"},"thumbnailUrl":"https:\/\/cdn.sts-education.com\/11218_hero_lg_xl.jpg","datePublished":"2025-12-16T10:16:07+00:00","dateModified":"2026-04-14T10:02:42+00:00","description":"Tire profit au maximum de ton ann\u00e9e \u00e0 l\u2019\u00e9tranger. Partir \u00e9tudier un an \u00e0 l\u2019\u00e9tranger est une \u00e9norme aventure et tu vas gagner en ind\u00e9pendance. Voici 10 conseils pour r\u00e9ussir ton ann\u00e9e \u00e0 l\u2019\u00e9tranger.","breadcrumb":{"@id":"https:\/\/www.sts-education.com\/fr-ch\/high-school\/pendant-ton-annee-a-letranger\/10-conseils-pour-reussir-ton-annee-a-letranger\/#breadcrumb"},"inLanguage":"fr-CH","potentialAction":[{"@type":"ReadAction","target":["https:\/\/www.sts-education.com\/fr-ch\/high-school\/pendant-ton-annee-a-letranger\/10-conseils-pour-reussir-ton-annee-a-letranger\/"]}]},{"@type":"ImageObject","inLanguage":"fr-CH","@id":"https:\/\/www.sts-education.com\/fr-ch\/high-school\/pendant-ton-annee-a-letranger\/10-conseils-pour-reussir-ton-annee-a-letranger\/#primaryimage","url":"https:\/\/cdn.sts-education.com\/11218_hero_lg_xl.jpg","contentUrl":"https:\/\/cdn.sts-education.com\/11218_hero_lg_xl.jpg"},{"@type":"BreadcrumbList","@id":"https:\/\/www.sts-education.com\/fr-ch\/high-school\/pendant-ton-annee-a-letranger\/10-conseils-pour-reussir-ton-annee-a-letranger\/#breadcrumb","itemListElement":[{"@type":"ListItem","position":1,"name":"Home","item":"https:\/\/www.sts-education.com\/fr-ch\/"},{"@type":"ListItem","position":2,"name":"High school","item":"https:\/\/www.sts-education.com\/fr-ch\/high-school\/"},{"@type":"ListItem","position":3,"name":"Pendant Ton Annee A Letranger","item":"https:\/\/www.sts-education.com\/fr-ch\/high-school\/pendant-ton-annee-a-letranger\/"},{"@type":"ListItem","position":4,"name":"10 Conseils Pour Reussir Ton Annee A Letranger"}]},{"@type":"WebSite","@id":"https:\/\/www.sts-education.com\/fr-ch\/#website","url":"https:\/\/www.sts-education.com\/fr-ch\/","name":"STS Education","description":"","potentialAction":[{"@type":"SearchAction","target":{"@type":"EntryPoint","urlTemplate":"https:\/\/www.sts-education.com\/fr-ch\/?s={search_term_string}"},"query-input":{"@type":"PropertyValueSpecification","valueRequired":true,"valueName":"search_term_string"}}],"inLanguage":"fr-CH"}]}},"_links":{"self":[{"href":"https:\/\/www.sts-education.com\/fr-ch\/wp-json\/wp\/v2\/pages\/10978","targetHints":{"allow":["GET"]}}],"collection":[{"href":"https:\/\/www.sts-education.com\/fr-ch\/wp-json\/wp\/v2\/pages"}],"about":[{"href":"https:\/\/www.sts-education.com\/fr-ch\/wp-json\/wp\/v2\/types\/page"}],"author":[{"embeddable":true,"href":"https:\/\/www.sts-education.com\/fr-ch\/wp-json\/wp\/v2\/users\/20"}],"replies":[{"embeddable":true,"href":"https:\/\/www.sts-education.com\/fr-ch\/wp-json\/wp\/v2\/comments?post=10978"}],"version-history":[{"count":4,"href":"https:\/\/www.sts-education.com\/fr-ch\/wp-json\/wp\/v2\/pages\/10978\/revisions"}],"predecessor-version":[{"id":33586,"href":"https:\/\/www.sts-education.com\/fr-ch\/wp-json\/wp\/v2\/pages\/10978\/revisions\/33586"}],"up":[{"embeddable":true,"href":"https:\/\/www.sts-education.com\/fr-ch\/wp-json\/wp\/v2\/pages\/10958"}],"wp:attachment":[{"href":"https:\/\/www.sts-education.com\/fr-ch\/wp-json\/wp\/v2\/media?parent=10978"}],"wp:term":[{"taxonomy":"wpw_page_folders","embeddable":true,"href":"https:\/\/www.sts-education.com\/fr-ch\/wp-json\/wp\/v2\/wpw_page_folders?post=10978"}],"curies":[{"name":"wp","href":"https:\/\/api.w.org\/{rel}","templated":true}]}}