{"id":10980,"date":"2025-12-16T10:12:07","date_gmt":"2025-12-16T10:12:07","guid":{"rendered":"https:\/\/preprod.sts-education.com\/high-school\/pendant-ton-annee-a-letranger\/nous-sommes-la-pour-toi\/"},"modified":"2026-04-14T10:02:44","modified_gmt":"2026-04-14T10:02:44","slug":"nous-sommes-la-pour-toi","status":"publish","type":"page","link":"https:\/\/www.sts-education.com\/fr-ch\/high-school\/pendant-ton-annee-a-letranger\/nous-sommes-la-pour-toi\/","title":{"rendered":"Nous Sommes La Pour Toi"},"content":{"rendered":"\n<section class=\"wp-block-sts-hero sts-block-hero sts-block-hero is-variant-full-background has-text-light has-background-media\" style=\"--sts-hero-padding-mobile:0px;--sts-hero-padding-desktop:0px;--sts-hero-text-color:var(--wp--preset--color--base-10, #fff)\" data-variant=\"full-background\"><div class=\"sts-block-hero__background\"><picture class=\"sts-responsive-image has-pos-center is-skeleton\"><img src=\"https:\/\/cdn.sts-education.com\/12567_hero_lg_xl.jpg\" alt=\"Nous sommes l\u00e0 pour toi\" loading=\"lazy\" decoding=\"async\" fetchpriority=\"low\" sizes=\"(max-width: 640px) max(100vw, calc(clamp(320px, 100vh, 720px) * 9 \/ 16)), (max-width: 840px) max(100vw, calc(clamp(320px, 100vh, 720px) * 1 \/ 1)), max(100vw, calc(clamp(320px, 100vh, 720px) * 16 \/ 9))\" style=\"object-position:center\"\/><\/picture><span class=\"sts-block-hero__overlay\" aria-hidden=\"true\"><\/span><\/div><div class=\"sts-block-hero__inner\"><div class=\"sts-block-hero__content has-align-center\"><div class=\"sts-block-hero__content-inner\"><h1 class=\"sts-block-hero__heading\">Nous sommes l\u00e0 pour toi<\/h1><\/div><\/div><\/div><\/section>\n\n\n\n<div class=\"wp-block-sts-text sts-text-editor has-max-width-md\"><div class=\"sts-text-editor__content\"><div class=\"sts-text-editor__content-inner\">\n<p>O\u00f9 que tu choisisses de partir, nous serons l\u00e0 pour toi tout au long de ton ann\u00e9e \u00e0 l\u2019\u00e9tranger. Nous nous chargerons d\u2019organiser ton voyage et nous nous assurerons avant ton d\u00e9part que tu es bien pr\u00eat. Une fois l\u00e0-bas, nous resterons en contact, notamment gr\u00e2ce \u00e0 ta famille d\u2019accueil, \u00e0 nos coordinateurs locaux, et bien s\u00fbr par t\u00e9l\u00e9phone.<\/p>\n<h2>Repr\u00e9sentant r\u00e9gional<\/h2>\n<p>Quand tu arriveras sur place, il y aura toujours un contact local, le \u00ab repr\u00e9sentant r\u00e9gional \u00bb, ou le coordinateur local. Il ou elle conna\u00eetra bien la r\u00e9gion et sera l\u00e0 pour t\u2019aider. Vous vous rencontrerez r\u00e9guli\u00e8rement au cours de l\u2019ann\u00e9e.<\/p>\n<p>Ta famille d\u2019accueil t\u2019aidera \u00e0 t\u2019int\u00e9grer \u00e0 l\u2019\u00e9cole et \u00e0 entrer en contact avec les autres \u00e9l\u00e8ves d\u2019\u00e9change. Si tes parents ont des questions pendant ton s\u00e9jour, le plus simple est qu\u2019ils nous appellent directement chez STS.<\/p>\n<h2>Appelle-nous quand tu veux<\/h2>\n<p>Tu es important pour nous et nous tenons \u00e0 ce que tu ailles bien. Sache que tu peux toujours nous appeler. Avant ton d\u00e9part, nous te donnerons le num\u00e9ro o\u00f9 tu pourras nous joindre hors des heures de bureau, 24h sur 24. C\u2019est s\u00fbr et pratique.<\/p>\n<h2>D\u00e9couverte \u2013 Nos voyages ensemble<\/h2>\n<p>De temps en temps, nous avons tous besoin de faire un break avec l\u2019\u00e9cole et les devoirs. C\u2019est pour cela que nous organisons des voyages avec les \u00e9l\u00e8ves d\u2019\u00e9changes de nombreux pays d\u2019accueil, pour que vous puissiez mieux le d\u00e9couvrir. Ton repr\u00e9sentant r\u00e9gional te donnera davantage d\u2019informations et tout ce qu\u2019il faut savoir. Ces voyages ne sont pas inclus dans le prix du programme et varient d\u2019un pays \u00e0 l\u2019autre.<\/p>\n<p><a href=\"https:\/\/www.sts-education.com\/fr-ch\/high-school\/destinations\/\">Plus d\u2019infos sur chaque pays ici.<\/a><\/p>\n<\/div><\/div><\/div>\n\n\n\n<p>&nbsp;<\/p>\n","protected":false},"excerpt":{"rendered":"<p>&nbsp;<\/p>\n","protected":false},"author":20,"featured_media":0,"parent":10958,"menu_order":0,"comment_status":"closed","ping_status":"closed","template":"templates\/template-default-with-breadcrumbs.php","meta":{"_acf_changed":false,"sts_page_background_color":"","footnotes":""},"wpw_page_folders":[83],"class_list":["post-10980","page","type-page","status-publish","hentry"],"acf":[],"yoast_head":"<!-- This site is optimized with the Yoast SEO Premium plugin v27.2 (Yoast SEO v27.3) - https:\/\/yoast.com\/product\/yoast-seo-premium-wordpress\/ -->\n<title>Nous t&#039;accompagnons tout au long de ton ann\u00e9e d&#039;\u00e9change | STS<\/title>\n<meta name=\"description\" content=\"Si tu fais ton ann\u00e9e d&#039;\u00e9change avec nous, nous t&#039;aiderons 24h\/24 et 7j\/7. Voyager en toute s\u00e9curit\u00e9 et confortablement avec STS.\" \/>\n<meta name=\"robots\" content=\"index, follow, max-snippet:-1, max-image-preview:large, max-video-preview:-1\" \/>\n<link rel=\"canonical\" href=\"https:\/\/www.sts-education.com\/fr-ch\/high-school\/pendant-ton-annee-a-letranger\/nous-sommes-la-pour-toi\/\" \/>\n<meta property=\"og:locale\" content=\"fr_FR\" \/>\n<meta property=\"og:type\" content=\"article\" \/>\n<meta property=\"og:title\" content=\"Nous Sommes La Pour Toi\" \/>\n<meta property=\"og:description\" content=\"Si tu fais ton ann\u00e9e d&#039;\u00e9change avec nous, nous t&#039;aiderons 24h\/24 et 7j\/7. Voyager en toute s\u00e9curit\u00e9 et confortablement avec STS.\" \/>\n<meta property=\"og:url\" content=\"https:\/\/www.sts-education.com\/fr-ch\/high-school\/pendant-ton-annee-a-letranger\/nous-sommes-la-pour-toi\/\" \/>\n<meta property=\"og:site_name\" content=\"STS Education\" \/>\n<meta property=\"article:modified_time\" content=\"2026-04-14T10:02:44+00:00\" \/>\n<meta property=\"og:image\" content=\"https:\/\/cdn.sts-education.com\/12567_hero_lg_xl.jpg\" \/>\n<meta name=\"twitter:card\" content=\"summary_large_image\" \/>\n<meta name=\"twitter:label1\" content=\"Est. reading time\" \/>\n\t<meta name=\"twitter:data1\" content=\"2 minutes\" \/>\n<script type=\"application\/ld+json\" class=\"yoast-schema-graph\">{\"@context\":\"https:\\\/\\\/schema.org\",\"@graph\":[{\"@type\":\"WebPage\",\"@id\":\"https:\\\/\\\/www.sts-education.com\\\/fr-ch\\\/high-school\\\/pendant-ton-annee-a-letranger\\\/nous-sommes-la-pour-toi\\\/\",\"url\":\"https:\\\/\\\/www.sts-education.com\\\/fr-ch\\\/high-school\\\/pendant-ton-annee-a-letranger\\\/nous-sommes-la-pour-toi\\\/\",\"name\":\"Nous t'accompagnons tout au long de ton ann\u00e9e d'\u00e9change | STS\",\"isPartOf\":{\"@id\":\"https:\\\/\\\/www.sts-education.com\\\/fr-ch\\\/#website\"},\"primaryImageOfPage\":{\"@id\":\"https:\\\/\\\/www.sts-education.com\\\/fr-ch\\\/high-school\\\/pendant-ton-annee-a-letranger\\\/nous-sommes-la-pour-toi\\\/#primaryimage\"},\"image\":{\"@id\":\"https:\\\/\\\/www.sts-education.com\\\/fr-ch\\\/high-school\\\/pendant-ton-annee-a-letranger\\\/nous-sommes-la-pour-toi\\\/#primaryimage\"},\"thumbnailUrl\":\"https:\\\/\\\/cdn.sts-education.com\\\/12567_hero_lg_xl.jpg\",\"datePublished\":\"2025-12-16T10:12:07+00:00\",\"dateModified\":\"2026-04-14T10:02:44+00:00\",\"description\":\"Si tu fais ton ann\u00e9e d'\u00e9change avec nous, nous t'aiderons 24h\\\/24 et 7j\\\/7. Voyager en toute s\u00e9curit\u00e9 et confortablement avec STS.\",\"breadcrumb\":{\"@id\":\"https:\\\/\\\/www.sts-education.com\\\/fr-ch\\\/high-school\\\/pendant-ton-annee-a-letranger\\\/nous-sommes-la-pour-toi\\\/#breadcrumb\"},\"inLanguage\":\"fr-CH\",\"potentialAction\":[{\"@type\":\"ReadAction\",\"target\":[\"https:\\\/\\\/www.sts-education.com\\\/fr-ch\\\/high-school\\\/pendant-ton-annee-a-letranger\\\/nous-sommes-la-pour-toi\\\/\"]}]},{\"@type\":\"ImageObject\",\"inLanguage\":\"fr-CH\",\"@id\":\"https:\\\/\\\/www.sts-education.com\\\/fr-ch\\\/high-school\\\/pendant-ton-annee-a-letranger\\\/nous-sommes-la-pour-toi\\\/#primaryimage\",\"url\":\"https:\\\/\\\/cdn.sts-education.com\\\/12567_hero_lg_xl.jpg\",\"contentUrl\":\"https:\\\/\\\/cdn.sts-education.com\\\/12567_hero_lg_xl.jpg\"},{\"@type\":\"BreadcrumbList\",\"@id\":\"https:\\\/\\\/www.sts-education.com\\\/fr-ch\\\/high-school\\\/pendant-ton-annee-a-letranger\\\/nous-sommes-la-pour-toi\\\/#breadcrumb\",\"itemListElement\":[{\"@type\":\"ListItem\",\"position\":1,\"name\":\"Home\",\"item\":\"https:\\\/\\\/www.sts-education.com\\\/fr-ch\\\/\"},{\"@type\":\"ListItem\",\"position\":2,\"name\":\"High school\",\"item\":\"https:\\\/\\\/www.sts-education.com\\\/fr-ch\\\/high-school\\\/\"},{\"@type\":\"ListItem\",\"position\":3,\"name\":\"Pendant Ton Annee A Letranger\",\"item\":\"https:\\\/\\\/www.sts-education.com\\\/fr-ch\\\/high-school\\\/pendant-ton-annee-a-letranger\\\/\"},{\"@type\":\"ListItem\",\"position\":4,\"name\":\"Nous Sommes La Pour Toi\"}]},{\"@type\":\"WebSite\",\"@id\":\"https:\\\/\\\/www.sts-education.com\\\/fr-ch\\\/#website\",\"url\":\"https:\\\/\\\/www.sts-education.com\\\/fr-ch\\\/\",\"name\":\"STS Education\",\"description\":\"\",\"potentialAction\":[{\"@type\":\"SearchAction\",\"target\":{\"@type\":\"EntryPoint\",\"urlTemplate\":\"https:\\\/\\\/www.sts-education.com\\\/fr-ch\\\/?s={search_term_string}\"},\"query-input\":{\"@type\":\"PropertyValueSpecification\",\"valueRequired\":true,\"valueName\":\"search_term_string\"}}],\"inLanguage\":\"fr-CH\"}]}<\/script>\n<!-- \/ Yoast SEO Premium plugin. -->","yoast_head_json":{"title":"Nous t'accompagnons tout au long de ton ann\u00e9e d'\u00e9change | STS","description":"Si tu fais ton ann\u00e9e d'\u00e9change avec nous, nous t'aiderons 24h\/24 et 7j\/7. Voyager en toute s\u00e9curit\u00e9 et confortablement avec STS.","robots":{"index":"index","follow":"follow","max-snippet":"max-snippet:-1","max-image-preview":"max-image-preview:large","max-video-preview":"max-video-preview:-1"},"canonical":"https:\/\/www.sts-education.com\/fr-ch\/high-school\/pendant-ton-annee-a-letranger\/nous-sommes-la-pour-toi\/","og_locale":"fr_FR","og_type":"article","og_title":"Nous Sommes La Pour Toi","og_description":"Si tu fais ton ann\u00e9e d'\u00e9change avec nous, nous t'aiderons 24h\/24 et 7j\/7. Voyager en toute s\u00e9curit\u00e9 et confortablement avec STS.","og_url":"https:\/\/www.sts-education.com\/fr-ch\/high-school\/pendant-ton-annee-a-letranger\/nous-sommes-la-pour-toi\/","og_site_name":"STS Education","article_modified_time":"2026-04-14T10:02:44+00:00","og_image":[{"url":"https:\/\/cdn.sts-education.com\/12567_hero_lg_xl.jpg","type":"","width":"","height":""}],"twitter_card":"summary_large_image","twitter_misc":{"Est. reading time":"2 minutes"},"schema":{"@context":"https:\/\/schema.org","@graph":[{"@type":"WebPage","@id":"https:\/\/www.sts-education.com\/fr-ch\/high-school\/pendant-ton-annee-a-letranger\/nous-sommes-la-pour-toi\/","url":"https:\/\/www.sts-education.com\/fr-ch\/high-school\/pendant-ton-annee-a-letranger\/nous-sommes-la-pour-toi\/","name":"Nous t'accompagnons tout au long de ton ann\u00e9e d'\u00e9change | STS","isPartOf":{"@id":"https:\/\/www.sts-education.com\/fr-ch\/#website"},"primaryImageOfPage":{"@id":"https:\/\/www.sts-education.com\/fr-ch\/high-school\/pendant-ton-annee-a-letranger\/nous-sommes-la-pour-toi\/#primaryimage"},"image":{"@id":"https:\/\/www.sts-education.com\/fr-ch\/high-school\/pendant-ton-annee-a-letranger\/nous-sommes-la-pour-toi\/#primaryimage"},"thumbnailUrl":"https:\/\/cdn.sts-education.com\/12567_hero_lg_xl.jpg","datePublished":"2025-12-16T10:12:07+00:00","dateModified":"2026-04-14T10:02:44+00:00","description":"Si tu fais ton ann\u00e9e d'\u00e9change avec nous, nous t'aiderons 24h\/24 et 7j\/7. Voyager en toute s\u00e9curit\u00e9 et confortablement avec STS.","breadcrumb":{"@id":"https:\/\/www.sts-education.com\/fr-ch\/high-school\/pendant-ton-annee-a-letranger\/nous-sommes-la-pour-toi\/#breadcrumb"},"inLanguage":"fr-CH","potentialAction":[{"@type":"ReadAction","target":["https:\/\/www.sts-education.com\/fr-ch\/high-school\/pendant-ton-annee-a-letranger\/nous-sommes-la-pour-toi\/"]}]},{"@type":"ImageObject","inLanguage":"fr-CH","@id":"https:\/\/www.sts-education.com\/fr-ch\/high-school\/pendant-ton-annee-a-letranger\/nous-sommes-la-pour-toi\/#primaryimage","url":"https:\/\/cdn.sts-education.com\/12567_hero_lg_xl.jpg","contentUrl":"https:\/\/cdn.sts-education.com\/12567_hero_lg_xl.jpg"},{"@type":"BreadcrumbList","@id":"https:\/\/www.sts-education.com\/fr-ch\/high-school\/pendant-ton-annee-a-letranger\/nous-sommes-la-pour-toi\/#breadcrumb","itemListElement":[{"@type":"ListItem","position":1,"name":"Home","item":"https:\/\/www.sts-education.com\/fr-ch\/"},{"@type":"ListItem","position":2,"name":"High school","item":"https:\/\/www.sts-education.com\/fr-ch\/high-school\/"},{"@type":"ListItem","position":3,"name":"Pendant Ton Annee A Letranger","item":"https:\/\/www.sts-education.com\/fr-ch\/high-school\/pendant-ton-annee-a-letranger\/"},{"@type":"ListItem","position":4,"name":"Nous Sommes La Pour Toi"}]},{"@type":"WebSite","@id":"https:\/\/www.sts-education.com\/fr-ch\/#website","url":"https:\/\/www.sts-education.com\/fr-ch\/","name":"STS Education","description":"","potentialAction":[{"@type":"SearchAction","target":{"@type":"EntryPoint","urlTemplate":"https:\/\/www.sts-education.com\/fr-ch\/?s={search_term_string}"},"query-input":{"@type":"PropertyValueSpecification","valueRequired":true,"valueName":"search_term_string"}}],"inLanguage":"fr-CH"}]}},"_links":{"self":[{"href":"https:\/\/www.sts-education.com\/fr-ch\/wp-json\/wp\/v2\/pages\/10980","targetHints":{"allow":["GET"]}}],"collection":[{"href":"https:\/\/www.sts-education.com\/fr-ch\/wp-json\/wp\/v2\/pages"}],"about":[{"href":"https:\/\/www.sts-education.com\/fr-ch\/wp-json\/wp\/v2\/types\/page"}],"author":[{"embeddable":true,"href":"https:\/\/www.sts-education.com\/fr-ch\/wp-json\/wp\/v2\/users\/20"}],"replies":[{"embeddable":true,"href":"https:\/\/www.sts-education.com\/fr-ch\/wp-json\/wp\/v2\/comments?post=10980"}],"version-history":[{"count":5,"href":"https:\/\/www.sts-education.com\/fr-ch\/wp-json\/wp\/v2\/pages\/10980\/revisions"}],"predecessor-version":[{"id":33588,"href":"https:\/\/www.sts-education.com\/fr-ch\/wp-json\/wp\/v2\/pages\/10980\/revisions\/33588"}],"up":[{"embeddable":true,"href":"https:\/\/www.sts-education.com\/fr-ch\/wp-json\/wp\/v2\/pages\/10958"}],"wp:attachment":[{"href":"https:\/\/www.sts-education.com\/fr-ch\/wp-json\/wp\/v2\/media?parent=10980"}],"wp:term":[{"taxonomy":"wpw_page_folders","embeddable":true,"href":"https:\/\/www.sts-education.com\/fr-ch\/wp-json\/wp\/v2\/wpw_page_folders?post=10980"}],"curies":[{"name":"wp","href":"https:\/\/api.w.org\/{rel}","templated":true}]}}