{"id":10982,"date":"2025-12-16T10:16:36","date_gmt":"2025-12-16T10:16:36","guid":{"rendered":"https:\/\/preprod.sts-education.com\/high-school\/pendant-ton-annee-a-letranger\/retour-a-la-maison\/"},"modified":"2026-04-14T10:02:40","modified_gmt":"2026-04-14T10:02:40","slug":"retour-a-la-maison","status":"publish","type":"page","link":"https:\/\/www.sts-education.com\/fr-ch\/high-school\/pendant-ton-annee-a-letranger\/retour-a-la-maison\/","title":{"rendered":"Retour A La Maison"},"content":{"rendered":"\n<section class=\"wp-block-sts-hero sts-block-hero is-variant-full-background has-text-light has-background-media\" style=\"--sts-hero-padding-mobile:0px;--sts-hero-padding-desktop:0px;--sts-hero-text-color:var(--wp--preset--color--base-10, #fff);\" data-variant=\"full-background\"><div class=\"sts-block-hero__background\"><picture class=\"sts-responsive-image has-fit-cover is-skeleton\"><img src=\"https:\/\/cdn.sts-education.com\/12573_hero_lg_xl.jpg\" alt=\"Retour \u00e0 la maison\" loading=\"lazy\" decoding=\"async\" fetchpriority=\"low\" sizes=\"100vw\" \/><\/picture><span class=\"sts-block-hero__overlay\" aria-hidden=\"true\"><\/span><\/div><div class=\"sts-block-hero__inner\"><div class=\"sts-block-hero__content has-align-center\"><div class=\"sts-block-hero__content-inner\"><h1 class=\"sts-block-hero__heading\">Retour \u00e0 la maison<\/h1><\/div><\/div><\/div><\/section>\n\n\n\n<div class=\"wp-block-sts-text sts-text-editor has-max-width-md\"><div class=\"sts-text-editor__content\"><div class=\"sts-text-editor__content-inner\">\n<p>Tu rentreras chez toi une dizaine de jours apr\u00e8s la fin des cours. Tes amis et ta famille te trouveront certainement chang\u00e9, et ce sera le cas, notamment parce que tu auras de nouvelles perspectives. Tes parents te trouveront plus ind\u00e9pendant et tes amis voudront que tu leur racontes tout ce que tu as v\u00e9cu.<\/p>\n\n<p>Il arrive qu\u2019\u00e0 leur retour certains \u00e9l\u00e8ves vivent un choc des cultures invers\u00e9, et que la culture et leur famille d\u2019accueil leur manque. On te conseille de rester en contact avec ton pays d\u2019accueil et tes nouveaux amis, mais aussi de participer aux r\u00e9unions d\u2019informations organis\u00e9es notamment pour les nouveaux \u00e9l\u00e8ves en devenant <a href=\"https:\/\/www.sts-education.com\/fr-ch\/a-propos-de-sts\/carriere\/\">ambassadeur STS<\/a>.<\/p>\n\n<p>Tu pourras \u00e9galement travailler comme <a href=\"https:\/\/www.sts-education.com\/fr-ch\/a-propos-de-sts\/carriere\/\">Coordinateur local<\/a>, ou tu voudras peut-\u00eatre travailler pour STS et permettre \u00e0 d\u2019autres de vivre le s\u00e9jour de leur vie ? Regarde la liste de nos <a href=\"https:\/\/www.sts-education.com\/fr-ch\/a-propos-de-sts\/carriere\/\">postes \u00e0 pourvoir<\/a> et les stages possibles chez nous.<\/p>\n\n<p><strong>Et rappelle-toi : \u00ab Ne sois pas triste que ce soit fini, r\u00e9jouis-toi plut\u00f4t de l\u2019avoir v\u00e9cu. \u00bb<\/strong><\/p>\n\n<h2>Ton avis compte pour nous !<\/h2>\n\n<p>Nous aimerions vraiment savoir comment s\u2019est pass\u00e9e ton ann\u00e9e \u00e0 l\u2019\u00e9tranger, et ton point de vue est important pour nous. Une fois de retour chez toi, nous t\u2019enverrons un email avec plusieurs questions concernant ton s\u00e9jour. Tes commentaires nous importent \u00e9norm\u00e9ment et ils nous permettront de peaufiner et d\u2019am\u00e9liorer nos prestations, pour le bonheur des futures \u00e9l\u00e8ves d\u2019\u00e9change.<\/p>\n<\/div><\/div><\/div>\n","protected":false},"excerpt":{"rendered":"","protected":false},"author":20,"featured_media":15613,"parent":10958,"menu_order":0,"comment_status":"closed","ping_status":"closed","template":"templates\/template-default-with-breadcrumbs.php","meta":{"_acf_changed":false,"sts_page_background_color":"","footnotes":""},"wpw_page_folders":[83],"class_list":["post-10982","page","type-page","status-publish","has-post-thumbnail","hentry"],"acf":[],"yoast_head":"<!-- This site is optimized with the Yoast SEO Premium plugin v27.2 (Yoast SEO v27.3) - https:\/\/yoast.com\/product\/yoast-seo-premium-wordpress\/ -->\n<title>Quand tu rentres de ton ann\u00e9e d&#039;\u00e9change | STS<\/title>\n<meta name=\"description\" content=\"Certains \u00e9tudiants d&#039;\u00e9change sont confront\u00e9s \u00e0 un choc culturel inverse \u00e0 leur retour. Ils manquent leur famille d&#039;accueil et la culture de leur pays d&#039;accueil.\" \/>\n<meta name=\"robots\" content=\"index, follow, max-snippet:-1, max-image-preview:large, max-video-preview:-1\" \/>\n<link rel=\"canonical\" href=\"https:\/\/www.sts-education.com\/fr-ch\/high-school\/pendant-ton-annee-a-letranger\/retour-a-la-maison\/\" \/>\n<meta property=\"og:locale\" content=\"fr_FR\" \/>\n<meta property=\"og:type\" content=\"article\" \/>\n<meta property=\"og:title\" content=\"Retour A La Maison\" \/>\n<meta property=\"og:description\" content=\"Certains \u00e9tudiants d&#039;\u00e9change sont confront\u00e9s \u00e0 un choc culturel inverse \u00e0 leur retour. Ils manquent leur famille d&#039;accueil et la culture de leur pays d&#039;accueil.\" \/>\n<meta property=\"og:url\" content=\"https:\/\/www.sts-education.com\/fr-ch\/high-school\/pendant-ton-annee-a-letranger\/retour-a-la-maison\/\" \/>\n<meta property=\"og:site_name\" content=\"STS Education\" \/>\n<meta property=\"article:modified_time\" content=\"2026-04-14T10:02:40+00:00\" \/>\n<meta property=\"og:image\" content=\"https:\/\/powered-by.qbank.se\/educatius\/sts\/\/282984b385d80166ba0d4f32a7843f53_1-1-thumb.webp\" \/>\n\t<meta property=\"og:image:width\" content=\"150\" \/>\n\t<meta property=\"og:image:height\" content=\"150\" \/>\n\t<meta property=\"og:image:type\" content=\"image\/jpeg\" \/>\n<meta name=\"twitter:card\" content=\"summary_large_image\" \/>\n<meta name=\"twitter:label1\" content=\"Est. reading time\" \/>\n\t<meta name=\"twitter:data1\" content=\"1 minute\" \/>\n<script type=\"application\/ld+json\" class=\"yoast-schema-graph\">{\"@context\":\"https:\\\/\\\/schema.org\",\"@graph\":[{\"@type\":\"WebPage\",\"@id\":\"https:\\\/\\\/www.sts-education.com\\\/fr-ch\\\/high-school\\\/pendant-ton-annee-a-letranger\\\/retour-a-la-maison\\\/\",\"url\":\"https:\\\/\\\/www.sts-education.com\\\/fr-ch\\\/high-school\\\/pendant-ton-annee-a-letranger\\\/retour-a-la-maison\\\/\",\"name\":\"Quand tu rentres de ton ann\u00e9e d'\u00e9change | STS\",\"isPartOf\":{\"@id\":\"https:\\\/\\\/www.sts-education.com\\\/fr-ch\\\/#website\"},\"primaryImageOfPage\":{\"@id\":\"https:\\\/\\\/www.sts-education.com\\\/fr-ch\\\/high-school\\\/pendant-ton-annee-a-letranger\\\/retour-a-la-maison\\\/#primaryimage\"},\"image\":{\"@id\":\"https:\\\/\\\/www.sts-education.com\\\/fr-ch\\\/high-school\\\/pendant-ton-annee-a-letranger\\\/retour-a-la-maison\\\/#primaryimage\"},\"thumbnailUrl\":\"https:\\\/\\\/powered-by.qbank.se\\\/educatius\\\/sts\\\/\\\/282984b385d80166ba0d4f32a7843f53_1-1-thumb.webp\",\"datePublished\":\"2025-12-16T10:16:36+00:00\",\"dateModified\":\"2026-04-14T10:02:40+00:00\",\"description\":\"Certains \u00e9tudiants d'\u00e9change sont confront\u00e9s \u00e0 un choc culturel inverse \u00e0 leur retour. Ils manquent leur famille d'accueil et la culture de leur pays d'accueil.\",\"breadcrumb\":{\"@id\":\"https:\\\/\\\/www.sts-education.com\\\/fr-ch\\\/high-school\\\/pendant-ton-annee-a-letranger\\\/retour-a-la-maison\\\/#breadcrumb\"},\"inLanguage\":\"fr-CH\",\"potentialAction\":[{\"@type\":\"ReadAction\",\"target\":[\"https:\\\/\\\/www.sts-education.com\\\/fr-ch\\\/high-school\\\/pendant-ton-annee-a-letranger\\\/retour-a-la-maison\\\/\"]}]},{\"@type\":\"ImageObject\",\"inLanguage\":\"fr-CH\",\"@id\":\"https:\\\/\\\/www.sts-education.com\\\/fr-ch\\\/high-school\\\/pendant-ton-annee-a-letranger\\\/retour-a-la-maison\\\/#primaryimage\",\"url\":\"https:\\\/\\\/powered-by.qbank.se\\\/educatius\\\/sts\\\/\\\/282984b385d80166ba0d4f32a7843f53_1-1-thumb.webp\",\"contentUrl\":\"https:\\\/\\\/powered-by.qbank.se\\\/educatius\\\/sts\\\/\\\/282984b385d80166ba0d4f32a7843f53_1-1-thumb.webp\",\"width\":150,\"height\":150},{\"@type\":\"BreadcrumbList\",\"@id\":\"https:\\\/\\\/www.sts-education.com\\\/fr-ch\\\/high-school\\\/pendant-ton-annee-a-letranger\\\/retour-a-la-maison\\\/#breadcrumb\",\"itemListElement\":[{\"@type\":\"ListItem\",\"position\":1,\"name\":\"Home\",\"item\":\"https:\\\/\\\/www.sts-education.com\\\/fr-ch\\\/\"},{\"@type\":\"ListItem\",\"position\":2,\"name\":\"High school\",\"item\":\"https:\\\/\\\/www.sts-education.com\\\/fr-ch\\\/high-school\\\/\"},{\"@type\":\"ListItem\",\"position\":3,\"name\":\"Pendant Ton Annee A Letranger\",\"item\":\"https:\\\/\\\/www.sts-education.com\\\/fr-ch\\\/high-school\\\/pendant-ton-annee-a-letranger\\\/\"},{\"@type\":\"ListItem\",\"position\":4,\"name\":\"Retour A La Maison\"}]},{\"@type\":\"WebSite\",\"@id\":\"https:\\\/\\\/www.sts-education.com\\\/fr-ch\\\/#website\",\"url\":\"https:\\\/\\\/www.sts-education.com\\\/fr-ch\\\/\",\"name\":\"STS Education\",\"description\":\"\",\"potentialAction\":[{\"@type\":\"SearchAction\",\"target\":{\"@type\":\"EntryPoint\",\"urlTemplate\":\"https:\\\/\\\/www.sts-education.com\\\/fr-ch\\\/?s={search_term_string}\"},\"query-input\":{\"@type\":\"PropertyValueSpecification\",\"valueRequired\":true,\"valueName\":\"search_term_string\"}}],\"inLanguage\":\"fr-CH\"}]}<\/script>\n<!-- \/ Yoast SEO Premium plugin. -->","yoast_head_json":{"title":"Quand tu rentres de ton ann\u00e9e d'\u00e9change | STS","description":"Certains \u00e9tudiants d'\u00e9change sont confront\u00e9s \u00e0 un choc culturel inverse \u00e0 leur retour. Ils manquent leur famille d'accueil et la culture de leur pays d'accueil.","robots":{"index":"index","follow":"follow","max-snippet":"max-snippet:-1","max-image-preview":"max-image-preview:large","max-video-preview":"max-video-preview:-1"},"canonical":"https:\/\/www.sts-education.com\/fr-ch\/high-school\/pendant-ton-annee-a-letranger\/retour-a-la-maison\/","og_locale":"fr_FR","og_type":"article","og_title":"Retour A La Maison","og_description":"Certains \u00e9tudiants d'\u00e9change sont confront\u00e9s \u00e0 un choc culturel inverse \u00e0 leur retour. Ils manquent leur famille d'accueil et la culture de leur pays d'accueil.","og_url":"https:\/\/www.sts-education.com\/fr-ch\/high-school\/pendant-ton-annee-a-letranger\/retour-a-la-maison\/","og_site_name":"STS Education","article_modified_time":"2026-04-14T10:02:40+00:00","og_image":[{"width":150,"height":150,"url":"https:\/\/powered-by.qbank.se\/educatius\/sts\/\/282984b385d80166ba0d4f32a7843f53_1-1-thumb.webp","type":"image\/jpeg"}],"twitter_card":"summary_large_image","twitter_misc":{"Est. reading time":"1 minute"},"schema":{"@context":"https:\/\/schema.org","@graph":[{"@type":"WebPage","@id":"https:\/\/www.sts-education.com\/fr-ch\/high-school\/pendant-ton-annee-a-letranger\/retour-a-la-maison\/","url":"https:\/\/www.sts-education.com\/fr-ch\/high-school\/pendant-ton-annee-a-letranger\/retour-a-la-maison\/","name":"Quand tu rentres de ton ann\u00e9e d'\u00e9change | STS","isPartOf":{"@id":"https:\/\/www.sts-education.com\/fr-ch\/#website"},"primaryImageOfPage":{"@id":"https:\/\/www.sts-education.com\/fr-ch\/high-school\/pendant-ton-annee-a-letranger\/retour-a-la-maison\/#primaryimage"},"image":{"@id":"https:\/\/www.sts-education.com\/fr-ch\/high-school\/pendant-ton-annee-a-letranger\/retour-a-la-maison\/#primaryimage"},"thumbnailUrl":"https:\/\/powered-by.qbank.se\/educatius\/sts\/\/282984b385d80166ba0d4f32a7843f53_1-1-thumb.webp","datePublished":"2025-12-16T10:16:36+00:00","dateModified":"2026-04-14T10:02:40+00:00","description":"Certains \u00e9tudiants d'\u00e9change sont confront\u00e9s \u00e0 un choc culturel inverse \u00e0 leur retour. Ils manquent leur famille d'accueil et la culture de leur pays d'accueil.","breadcrumb":{"@id":"https:\/\/www.sts-education.com\/fr-ch\/high-school\/pendant-ton-annee-a-letranger\/retour-a-la-maison\/#breadcrumb"},"inLanguage":"fr-CH","potentialAction":[{"@type":"ReadAction","target":["https:\/\/www.sts-education.com\/fr-ch\/high-school\/pendant-ton-annee-a-letranger\/retour-a-la-maison\/"]}]},{"@type":"ImageObject","inLanguage":"fr-CH","@id":"https:\/\/www.sts-education.com\/fr-ch\/high-school\/pendant-ton-annee-a-letranger\/retour-a-la-maison\/#primaryimage","url":"https:\/\/powered-by.qbank.se\/educatius\/sts\/\/282984b385d80166ba0d4f32a7843f53_1-1-thumb.webp","contentUrl":"https:\/\/powered-by.qbank.se\/educatius\/sts\/\/282984b385d80166ba0d4f32a7843f53_1-1-thumb.webp","width":150,"height":150},{"@type":"BreadcrumbList","@id":"https:\/\/www.sts-education.com\/fr-ch\/high-school\/pendant-ton-annee-a-letranger\/retour-a-la-maison\/#breadcrumb","itemListElement":[{"@type":"ListItem","position":1,"name":"Home","item":"https:\/\/www.sts-education.com\/fr-ch\/"},{"@type":"ListItem","position":2,"name":"High school","item":"https:\/\/www.sts-education.com\/fr-ch\/high-school\/"},{"@type":"ListItem","position":3,"name":"Pendant Ton Annee A Letranger","item":"https:\/\/www.sts-education.com\/fr-ch\/high-school\/pendant-ton-annee-a-letranger\/"},{"@type":"ListItem","position":4,"name":"Retour A La Maison"}]},{"@type":"WebSite","@id":"https:\/\/www.sts-education.com\/fr-ch\/#website","url":"https:\/\/www.sts-education.com\/fr-ch\/","name":"STS Education","description":"","potentialAction":[{"@type":"SearchAction","target":{"@type":"EntryPoint","urlTemplate":"https:\/\/www.sts-education.com\/fr-ch\/?s={search_term_string}"},"query-input":{"@type":"PropertyValueSpecification","valueRequired":true,"valueName":"search_term_string"}}],"inLanguage":"fr-CH"}]}},"_links":{"self":[{"href":"https:\/\/www.sts-education.com\/fr-ch\/wp-json\/wp\/v2\/pages\/10982","targetHints":{"allow":["GET"]}}],"collection":[{"href":"https:\/\/www.sts-education.com\/fr-ch\/wp-json\/wp\/v2\/pages"}],"about":[{"href":"https:\/\/www.sts-education.com\/fr-ch\/wp-json\/wp\/v2\/types\/page"}],"author":[{"embeddable":true,"href":"https:\/\/www.sts-education.com\/fr-ch\/wp-json\/wp\/v2\/users\/20"}],"replies":[{"embeddable":true,"href":"https:\/\/www.sts-education.com\/fr-ch\/wp-json\/wp\/v2\/comments?post=10982"}],"version-history":[{"count":4,"href":"https:\/\/www.sts-education.com\/fr-ch\/wp-json\/wp\/v2\/pages\/10982\/revisions"}],"predecessor-version":[{"id":33585,"href":"https:\/\/www.sts-education.com\/fr-ch\/wp-json\/wp\/v2\/pages\/10982\/revisions\/33585"}],"up":[{"embeddable":true,"href":"https:\/\/www.sts-education.com\/fr-ch\/wp-json\/wp\/v2\/pages\/10958"}],"wp:featuredmedia":[{"embeddable":true,"href":"https:\/\/www.sts-education.com\/fr-ch\/wp-json\/wp\/v2\/media\/15613"}],"wp:attachment":[{"href":"https:\/\/www.sts-education.com\/fr-ch\/wp-json\/wp\/v2\/media?parent=10982"}],"wp:term":[{"taxonomy":"wpw_page_folders","embeddable":true,"href":"https:\/\/www.sts-education.com\/fr-ch\/wp-json\/wp\/v2\/wpw_page_folders?post=10982"}],"curies":[{"name":"wp","href":"https:\/\/api.w.org\/{rel}","templated":true}]}}