{"id":10983,"date":"2025-12-16T10:14:43","date_gmt":"2025-12-16T10:14:43","guid":{"rendered":"https:\/\/preprod.sts-education.com\/high-school\/pendant-ton-annee-a-letranger\/vivre-dans-un-autre-pays\/"},"modified":"2026-04-14T10:02:43","modified_gmt":"2026-04-14T10:02:43","slug":"vivre-dans-un-autre-pays","status":"publish","type":"page","link":"https:\/\/www.sts-education.com\/fr-ch\/high-school\/pendant-ton-annee-a-letranger\/vivre-dans-un-autre-pays\/","title":{"rendered":"Vivre Dans Un Autre Pays"},"content":{"rendered":"\n<section class=\"wp-block-sts-hero sts-block-hero is-variant-full-background has-text-light has-background-media\" style=\"--sts-hero-padding-mobile:0px;--sts-hero-padding-desktop:0px;--sts-hero-text-color:var(--wp--preset--color--base-10, #fff);\" data-variant=\"full-background\"><div class=\"sts-block-hero__background\"><picture class=\"sts-responsive-image has-fit-cover is-skeleton\"><img src=\"https:\/\/cdn.sts-education.com\/12613_hero_lg_xl.jpg\" alt=\"Vivre dans un autre pays\" loading=\"lazy\" decoding=\"async\" fetchpriority=\"low\" sizes=\"100vw\" \/><\/picture><span class=\"sts-block-hero__overlay\" aria-hidden=\"true\"><\/span><\/div><div class=\"sts-block-hero__inner\"><div class=\"sts-block-hero__content has-align-center\"><div class=\"sts-block-hero__content-inner\"><h1 class=\"sts-block-hero__heading\">Vivre dans un autre pays<\/h1><\/div><\/div><\/div><\/section>\n\n\n\n<div class=\"wp-block-sts-text sts-text-editor has-max-width-md\"><div class=\"sts-text-editor__content\"><div class=\"sts-text-editor__content-inner\">\n<p>Vivre \u00e0 l\u2019\u00e9tranger pendant un certain temps pr\u00e9sente de nombreux avantages. Cela te permettra de d\u00e9couvrir des dizaines de choses sympas, de te faire des souvenirs incroyables et d\u2019apprendre une nouvelle langue. En plus, tu rencontreras de nouvelles personnes et une nouvelle culture.<\/p>\n\n<p>Il peut \u00e9galement arriver que tu d\u00e9couvres des choses auxquelles tu n\u2019es pas habitu\u00e9 chez toi. Il est possible que dans ta famille d\u2019accueil tu aides plus qu\u2019avant, et que tu doives rentrer plus t\u00f4t le soir. La nourriture peut \u00eatre diff\u00e9rente, et il se peut que tu doivent demander l\u2019autorisation de pratiquer d\u2019autres activit\u00e9s. Mais cela a \u00e9galement son charme : chaque pays a sa culture et c\u2019est exactement ce qui t\u2019est donn\u00e9 de vivre pendant ton ann\u00e9e d\u2019\u00e9l\u00e8ve d\u2019\u00e9change.<\/p>\n\n<p>Si tu entretiens un dialogue ouvert avec ta famille d\u2019accueil et que tu comprends ce qu\u2019on attend de toi, tu \u00e9viteras les incompr\u00e9hensions et les chocs culturels. Ta famille d\u2019accueil sera l\u00e0 pour toi et responsable de toi tout au long de ton s\u00e9jour. Gr\u00e2ce \u00e0 un dialogue clair, vous vous comprendrez. Ensemble, vous avancerez main dans la main, m\u00eame si les r\u00e8gles diff\u00e8rent de celles dont tu as l\u2019habitude \u00e0 la maison.<\/p>\n\n<h2>Vivre en famille d\u2019accueil<\/h2>\n\n<p>Quel que soit le pays o\u00f9 tu partiras, tu seras accueilli par une famille locale. Il est possible que tu appr\u00e9hendes un peu le fait de d\u00e9m\u00e9nager pour aller vivre chez des gens que tu ne connais pas, mais sache que ta famille d\u2019accueil deviendra probablement l\u2019\u00e9l\u00e9ment cl\u00e9 et m\u00e9morable de tout ton \u00e9change. C\u2019est pour cela que nous choisissons avec soin vos familles et que nous faisons tout notre possible, souvent avec les organismes et les employ\u00e9s locaux pour qu\u2019elle te corresponde vraiment.<\/p>\n\n<p>Chaque famille d\u2019accueil est diff\u00e9rente, comme chez nous. Certaines sont sportives, d\u2019autres sont plus casani\u00e8res et pr\u00e9f\u00e8rent jardiner. Certaines familles sont b\u00e9n\u00e9voles dans leur ville ou leur paroisse, certaines ont des enfants et d\u2019autres non. Mais toutes pr\u00e9sentent un r\u00e9el int\u00e9r\u00eat pour leurs \u00e9l\u00e8ves, et ton arriv\u00e9e signifiera certainement pour ta famille le d\u00e9but d\u2019une amiti\u00e9 d\u2019une vie enti\u00e8re.<\/p>\n\n<p>Sens-toi \u00e0 l\u2019aise. Communique. Participe aux t\u00e2ches domestiques et respecte les r\u00e8gles, comme tu le ferais chez toi. En retour, tu gagneras un nouveau mode de vie et une nouvelle culture, diff\u00e9rents du tourisme de masse qu\u2019on rencontre lors de nos voyages habituels. Tu veux f\u00eater Thanksgiving aux US ? Boire l\u2019afternoon tea au Royaume-Uni ? Ou suivre le foot en Italie ? Chaque pays a son charme et nous te promettons que tu repartiras avec des centaines de souvenirs.<\/p>\n\n<p>Tout au long de ton s\u00e9jour, ta famille d\u2019accueil sera responsable de toi, soucieuse que tu manges bien et que tu sois bien log\u00e9. Il te restera les frais annexes tels que les produits d\u2019hygi\u00e8ne, tes tickets de bus, tes loisirs, tes voyages, tes v\u00eatements, etc. Ta famille d\u2019accueil te dira \u00e0 quelle heure tu dois \u00eatre rentr\u00e9 et quelles sont tes t\u00e2ches m\u00e9nag\u00e8res. Ils appr\u00e9cieront que tu prennes part aux diff\u00e9rentes activit\u00e9s et aux traditions familiales, mais tu auras bien s\u00fbr aussi du temps pour tes activit\u00e9s personnelles. Dis toujours \u00e0 ta famille o\u00f9 tu es et pense \u00e0 leur pr\u00e9senter tes nouveaux amis, cela leur fera plaisir.<\/p>\n\n<p><a href=\"https:\/\/www.sts-education.com\/fr-ch\/high-school\/nos-etudiants-dechange\/temoignages\/\">Consulte ici les t\u00e9moignages d\u2019anciens \u00e9l\u00e8ves sur leur vie dans leur famille d\u2019accueil !<\/a><\/p>\n<\/div><\/div><\/div>\n","protected":false},"excerpt":{"rendered":"","protected":false},"author":20,"featured_media":0,"parent":10958,"menu_order":0,"comment_status":"closed","ping_status":"closed","template":"templates\/template-default-with-breadcrumbs.php","meta":{"_acf_changed":false,"sts_page_background_color":"","footnotes":""},"wpw_page_folders":[83],"class_list":["post-10983","page","type-page","status-publish","hentry"],"acf":[],"yoast_head":"<!-- This site is optimized with the Yoast SEO Premium plugin v27.2 (Yoast SEO v27.3) - https:\/\/yoast.com\/product\/yoast-seo-premium-wordpress\/ -->\n<title>\u00c0 quoi ressemblera ta vie \u00e0 l\u2019\u00e9tranger pendant cette ann\u00e9e d\u2019\u00e9l\u00e8ve d\u2019\u00e9change ?<\/title>\n<meta name=\"description\" content=\"Difficile de comparer la vie dans un autre pays et celle chez soi, mais cela fait aussi partie du charme. Vivre \u00e0 l\u2019\u00e9tranger pendant un certain temps pr\u00e9sente de nombreux avantages.\" \/>\n<meta name=\"robots\" content=\"index, follow, max-snippet:-1, max-image-preview:large, max-video-preview:-1\" \/>\n<link rel=\"canonical\" href=\"https:\/\/www.sts-education.com\/fr-ch\/high-school\/pendant-ton-annee-a-letranger\/vivre-dans-un-autre-pays\/\" \/>\n<meta property=\"og:locale\" content=\"fr_FR\" \/>\n<meta property=\"og:type\" content=\"article\" \/>\n<meta property=\"og:title\" content=\"Vivre Dans Un Autre Pays\" \/>\n<meta property=\"og:description\" content=\"Difficile de comparer la vie dans un autre pays et celle chez soi, mais cela fait aussi partie du charme. Vivre \u00e0 l\u2019\u00e9tranger pendant un certain temps pr\u00e9sente de nombreux avantages.\" \/>\n<meta property=\"og:url\" content=\"https:\/\/www.sts-education.com\/fr-ch\/high-school\/pendant-ton-annee-a-letranger\/vivre-dans-un-autre-pays\/\" \/>\n<meta property=\"og:site_name\" content=\"STS Education\" \/>\n<meta property=\"article:modified_time\" content=\"2026-04-14T10:02:43+00:00\" \/>\n<meta property=\"og:image\" content=\"https:\/\/cdn.sts-education.com\/12613_hero_lg_xl.jpg\" \/>\n<meta name=\"twitter:card\" content=\"summary_large_image\" \/>\n<meta name=\"twitter:label1\" content=\"Est. reading time\" \/>\n\t<meta name=\"twitter:data1\" content=\"3 minutes\" \/>\n<script type=\"application\/ld+json\" class=\"yoast-schema-graph\">{\"@context\":\"https:\\\/\\\/schema.org\",\"@graph\":[{\"@type\":\"WebPage\",\"@id\":\"https:\\\/\\\/www.sts-education.com\\\/fr-ch\\\/high-school\\\/pendant-ton-annee-a-letranger\\\/vivre-dans-un-autre-pays\\\/\",\"url\":\"https:\\\/\\\/www.sts-education.com\\\/fr-ch\\\/high-school\\\/pendant-ton-annee-a-letranger\\\/vivre-dans-un-autre-pays\\\/\",\"name\":\"\u00c0 quoi ressemblera ta vie \u00e0 l\u2019\u00e9tranger pendant cette ann\u00e9e d\u2019\u00e9l\u00e8ve d\u2019\u00e9change ?\",\"isPartOf\":{\"@id\":\"https:\\\/\\\/www.sts-education.com\\\/fr-ch\\\/#website\"},\"primaryImageOfPage\":{\"@id\":\"https:\\\/\\\/www.sts-education.com\\\/fr-ch\\\/high-school\\\/pendant-ton-annee-a-letranger\\\/vivre-dans-un-autre-pays\\\/#primaryimage\"},\"image\":{\"@id\":\"https:\\\/\\\/www.sts-education.com\\\/fr-ch\\\/high-school\\\/pendant-ton-annee-a-letranger\\\/vivre-dans-un-autre-pays\\\/#primaryimage\"},\"thumbnailUrl\":\"https:\\\/\\\/cdn.sts-education.com\\\/12613_hero_lg_xl.jpg\",\"datePublished\":\"2025-12-16T10:14:43+00:00\",\"dateModified\":\"2026-04-14T10:02:43+00:00\",\"description\":\"Difficile de comparer la vie dans un autre pays et celle chez soi, mais cela fait aussi partie du charme. Vivre \u00e0 l\u2019\u00e9tranger pendant un certain temps pr\u00e9sente de nombreux avantages.\",\"breadcrumb\":{\"@id\":\"https:\\\/\\\/www.sts-education.com\\\/fr-ch\\\/high-school\\\/pendant-ton-annee-a-letranger\\\/vivre-dans-un-autre-pays\\\/#breadcrumb\"},\"inLanguage\":\"fr-CH\",\"potentialAction\":[{\"@type\":\"ReadAction\",\"target\":[\"https:\\\/\\\/www.sts-education.com\\\/fr-ch\\\/high-school\\\/pendant-ton-annee-a-letranger\\\/vivre-dans-un-autre-pays\\\/\"]}]},{\"@type\":\"ImageObject\",\"inLanguage\":\"fr-CH\",\"@id\":\"https:\\\/\\\/www.sts-education.com\\\/fr-ch\\\/high-school\\\/pendant-ton-annee-a-letranger\\\/vivre-dans-un-autre-pays\\\/#primaryimage\",\"url\":\"https:\\\/\\\/cdn.sts-education.com\\\/12613_hero_lg_xl.jpg\",\"contentUrl\":\"https:\\\/\\\/cdn.sts-education.com\\\/12613_hero_lg_xl.jpg\"},{\"@type\":\"BreadcrumbList\",\"@id\":\"https:\\\/\\\/www.sts-education.com\\\/fr-ch\\\/high-school\\\/pendant-ton-annee-a-letranger\\\/vivre-dans-un-autre-pays\\\/#breadcrumb\",\"itemListElement\":[{\"@type\":\"ListItem\",\"position\":1,\"name\":\"Home\",\"item\":\"https:\\\/\\\/www.sts-education.com\\\/fr-ch\\\/\"},{\"@type\":\"ListItem\",\"position\":2,\"name\":\"High school\",\"item\":\"https:\\\/\\\/www.sts-education.com\\\/fr-ch\\\/high-school\\\/\"},{\"@type\":\"ListItem\",\"position\":3,\"name\":\"Pendant Ton Annee A Letranger\",\"item\":\"https:\\\/\\\/www.sts-education.com\\\/fr-ch\\\/high-school\\\/pendant-ton-annee-a-letranger\\\/\"},{\"@type\":\"ListItem\",\"position\":4,\"name\":\"Vivre Dans Un Autre Pays\"}]},{\"@type\":\"WebSite\",\"@id\":\"https:\\\/\\\/www.sts-education.com\\\/fr-ch\\\/#website\",\"url\":\"https:\\\/\\\/www.sts-education.com\\\/fr-ch\\\/\",\"name\":\"STS Education\",\"description\":\"\",\"potentialAction\":[{\"@type\":\"SearchAction\",\"target\":{\"@type\":\"EntryPoint\",\"urlTemplate\":\"https:\\\/\\\/www.sts-education.com\\\/fr-ch\\\/?s={search_term_string}\"},\"query-input\":{\"@type\":\"PropertyValueSpecification\",\"valueRequired\":true,\"valueName\":\"search_term_string\"}}],\"inLanguage\":\"fr-CH\"}]}<\/script>\n<!-- \/ Yoast SEO Premium plugin. -->","yoast_head_json":{"title":"\u00c0 quoi ressemblera ta vie \u00e0 l\u2019\u00e9tranger pendant cette ann\u00e9e d\u2019\u00e9l\u00e8ve d\u2019\u00e9change ?","description":"Difficile de comparer la vie dans un autre pays et celle chez soi, mais cela fait aussi partie du charme. Vivre \u00e0 l\u2019\u00e9tranger pendant un certain temps pr\u00e9sente de nombreux avantages.","robots":{"index":"index","follow":"follow","max-snippet":"max-snippet:-1","max-image-preview":"max-image-preview:large","max-video-preview":"max-video-preview:-1"},"canonical":"https:\/\/www.sts-education.com\/fr-ch\/high-school\/pendant-ton-annee-a-letranger\/vivre-dans-un-autre-pays\/","og_locale":"fr_FR","og_type":"article","og_title":"Vivre Dans Un Autre Pays","og_description":"Difficile de comparer la vie dans un autre pays et celle chez soi, mais cela fait aussi partie du charme. Vivre \u00e0 l\u2019\u00e9tranger pendant un certain temps pr\u00e9sente de nombreux avantages.","og_url":"https:\/\/www.sts-education.com\/fr-ch\/high-school\/pendant-ton-annee-a-letranger\/vivre-dans-un-autre-pays\/","og_site_name":"STS Education","article_modified_time":"2026-04-14T10:02:43+00:00","og_image":[{"url":"https:\/\/cdn.sts-education.com\/12613_hero_lg_xl.jpg","type":"","width":"","height":""}],"twitter_card":"summary_large_image","twitter_misc":{"Est. reading time":"3 minutes"},"schema":{"@context":"https:\/\/schema.org","@graph":[{"@type":"WebPage","@id":"https:\/\/www.sts-education.com\/fr-ch\/high-school\/pendant-ton-annee-a-letranger\/vivre-dans-un-autre-pays\/","url":"https:\/\/www.sts-education.com\/fr-ch\/high-school\/pendant-ton-annee-a-letranger\/vivre-dans-un-autre-pays\/","name":"\u00c0 quoi ressemblera ta vie \u00e0 l\u2019\u00e9tranger pendant cette ann\u00e9e d\u2019\u00e9l\u00e8ve d\u2019\u00e9change ?","isPartOf":{"@id":"https:\/\/www.sts-education.com\/fr-ch\/#website"},"primaryImageOfPage":{"@id":"https:\/\/www.sts-education.com\/fr-ch\/high-school\/pendant-ton-annee-a-letranger\/vivre-dans-un-autre-pays\/#primaryimage"},"image":{"@id":"https:\/\/www.sts-education.com\/fr-ch\/high-school\/pendant-ton-annee-a-letranger\/vivre-dans-un-autre-pays\/#primaryimage"},"thumbnailUrl":"https:\/\/cdn.sts-education.com\/12613_hero_lg_xl.jpg","datePublished":"2025-12-16T10:14:43+00:00","dateModified":"2026-04-14T10:02:43+00:00","description":"Difficile de comparer la vie dans un autre pays et celle chez soi, mais cela fait aussi partie du charme. Vivre \u00e0 l\u2019\u00e9tranger pendant un certain temps pr\u00e9sente de nombreux avantages.","breadcrumb":{"@id":"https:\/\/www.sts-education.com\/fr-ch\/high-school\/pendant-ton-annee-a-letranger\/vivre-dans-un-autre-pays\/#breadcrumb"},"inLanguage":"fr-CH","potentialAction":[{"@type":"ReadAction","target":["https:\/\/www.sts-education.com\/fr-ch\/high-school\/pendant-ton-annee-a-letranger\/vivre-dans-un-autre-pays\/"]}]},{"@type":"ImageObject","inLanguage":"fr-CH","@id":"https:\/\/www.sts-education.com\/fr-ch\/high-school\/pendant-ton-annee-a-letranger\/vivre-dans-un-autre-pays\/#primaryimage","url":"https:\/\/cdn.sts-education.com\/12613_hero_lg_xl.jpg","contentUrl":"https:\/\/cdn.sts-education.com\/12613_hero_lg_xl.jpg"},{"@type":"BreadcrumbList","@id":"https:\/\/www.sts-education.com\/fr-ch\/high-school\/pendant-ton-annee-a-letranger\/vivre-dans-un-autre-pays\/#breadcrumb","itemListElement":[{"@type":"ListItem","position":1,"name":"Home","item":"https:\/\/www.sts-education.com\/fr-ch\/"},{"@type":"ListItem","position":2,"name":"High school","item":"https:\/\/www.sts-education.com\/fr-ch\/high-school\/"},{"@type":"ListItem","position":3,"name":"Pendant Ton Annee A Letranger","item":"https:\/\/www.sts-education.com\/fr-ch\/high-school\/pendant-ton-annee-a-letranger\/"},{"@type":"ListItem","position":4,"name":"Vivre Dans Un Autre Pays"}]},{"@type":"WebSite","@id":"https:\/\/www.sts-education.com\/fr-ch\/#website","url":"https:\/\/www.sts-education.com\/fr-ch\/","name":"STS Education","description":"","potentialAction":[{"@type":"SearchAction","target":{"@type":"EntryPoint","urlTemplate":"https:\/\/www.sts-education.com\/fr-ch\/?s={search_term_string}"},"query-input":{"@type":"PropertyValueSpecification","valueRequired":true,"valueName":"search_term_string"}}],"inLanguage":"fr-CH"}]}},"_links":{"self":[{"href":"https:\/\/www.sts-education.com\/fr-ch\/wp-json\/wp\/v2\/pages\/10983","targetHints":{"allow":["GET"]}}],"collection":[{"href":"https:\/\/www.sts-education.com\/fr-ch\/wp-json\/wp\/v2\/pages"}],"about":[{"href":"https:\/\/www.sts-education.com\/fr-ch\/wp-json\/wp\/v2\/types\/page"}],"author":[{"embeddable":true,"href":"https:\/\/www.sts-education.com\/fr-ch\/wp-json\/wp\/v2\/users\/20"}],"replies":[{"embeddable":true,"href":"https:\/\/www.sts-education.com\/fr-ch\/wp-json\/wp\/v2\/comments?post=10983"}],"version-history":[{"count":4,"href":"https:\/\/www.sts-education.com\/fr-ch\/wp-json\/wp\/v2\/pages\/10983\/revisions"}],"predecessor-version":[{"id":33587,"href":"https:\/\/www.sts-education.com\/fr-ch\/wp-json\/wp\/v2\/pages\/10983\/revisions\/33587"}],"up":[{"embeddable":true,"href":"https:\/\/www.sts-education.com\/fr-ch\/wp-json\/wp\/v2\/pages\/10958"}],"wp:attachment":[{"href":"https:\/\/www.sts-education.com\/fr-ch\/wp-json\/wp\/v2\/media?parent=10983"}],"wp:term":[{"taxonomy":"wpw_page_folders","embeddable":true,"href":"https:\/\/www.sts-education.com\/fr-ch\/wp-json\/wp\/v2\/wpw_page_folders?post=10983"}],"curies":[{"name":"wp","href":"https:\/\/api.w.org\/{rel}","templated":true}]}}