{"id":10984,"date":"2025-12-16T10:13:17","date_gmt":"2025-12-16T10:13:17","guid":{"rendered":"https:\/\/preprod.sts-education.com\/high-school\/pendant-ton-annee-a-letranger\/welcome-camp-inclus\/"},"modified":"2026-04-01T01:28:52","modified_gmt":"2026-04-01T01:28:52","slug":"welcome-camp-inclus","status":"publish","type":"page","link":"https:\/\/www.sts-education.com\/fr-ch\/high-school\/pendant-ton-annee-a-letranger\/welcome-camp-inclus\/","title":{"rendered":"Welcome Camp Inclus"},"content":{"rendered":"\n<section class=\"wp-block-sts-hero sts-block-hero is-variant-full-background has-text-light has-background-media\" style=\"--sts-hero-padding-mobile:0px;--sts-hero-padding-desktop:0px;--sts-hero-text-color:var(--wp--preset--color--base-10, #fff);\" data-variant=\"full-background\"><div class=\"sts-block-hero__background\"><picture class=\"sts-responsive-image has-fit-cover is-skeleton\"><img src=\"https:\/\/cdn.sts-education.com\/12570_hero_lg_xl.jpg\" alt=\"Welcome Camp inclus\" loading=\"lazy\" decoding=\"async\" fetchpriority=\"low\" sizes=\"100vw\" \/><\/picture><span class=\"sts-block-hero__overlay\" aria-hidden=\"true\"><\/span><\/div><div class=\"sts-block-hero__inner\"><div class=\"sts-block-hero__content has-align-center\"><div class=\"sts-block-hero__content-inner\"><h1 class=\"sts-block-hero__heading\">Welcome Camp inclus<\/h1><\/div><\/div><\/div><\/section>\n\n\n\n<div class=\"wp-block-sts-text sts-text-editor has-max-width-md\"><div class=\"sts-text-editor__content\"><div class=\"sts-text-editor__content-inner\">\n<p>Pour commencer de la meilleure mani\u00e8re, ton ann\u00e9e \u00e0 l\u2019\u00e9tranger dans presque toutes les destinations d\u00e9bute par le STS Welcome Camp, dont le prix est compris dans le programme. C\u2019est une sorte d\u2019\u00ab atterrissage en douceur \u00bb o\u00f9 tu rencontreras d\u2019autres \u00e9l\u00e8ves STS et o\u00f9 on t\u2019expliquera les tenants et aboutissants de l\u2019aventure qui est sur le point de commencer. Cela constitue un d\u00e9part id\u00e9al vers cette nouvelle aventure, une chance de rencontrer de nombreux autres \u00e9l\u00e8ves du monde entier qui, comme toi, entament leur ann\u00e9e \u00e0 l\u2019\u00e9tranger.<\/p>\n\n<p>Nos Welcome Camps sont organis\u00e9s dans une grande ville connue et durent plusieurs jours. Le pays et la ville o\u00f9 est organis\u00e9 le Camp d\u00e9pend de l\u2019endroit o\u00f9 tu passeras ton ann\u00e9e \u00e0 l\u2019\u00e9tranger. Mais tu peux \u00eatre s\u00fbr d\u2019y trouver des ateliers int\u00e9ressants et des activit\u00e9s sympas dans divers domaines qui te seront certainement utiles pendant ton \u00e9change. Par exemple comment g\u00e9rer la nostalgie du pays, comment s\u2019adapter \u00e0 un nouveau foyer, que faire si tu as besoin d\u2019aide et de soutien, etc.<\/p>\n\n<p>Tu pourras te familiariser avec ta ville en participant \u00e0 des visites et en d\u00e9couvrant des endroits connus. Tu feras tout cela avec d\u2019autres \u00e9l\u00e8ves STS qui comme toi seront au tout d\u00e9but de leur aventure. Tu te souviendras toute ta vie de ces moments et c\u2019est le meilleur moyen d\u2019entamer ton ann\u00e9e \u00e0 l\u2019\u00e9tranger. \u00c0 l\u2019issue du STS Welcome Camp, tu t\u2019appr\u00eateras \u00e0 rejoindre ta destination finale, \u00e0 rencontrer ta famille d\u2019accueil et \u00e0 int\u00e9grer ton nouveau foyer.<\/p>\n\n<p><a href=\"\/fr-ch\/high-school\/tripfinder\/\">Davantage d\u2019informations sur les Welcome Camps de chaque pays.<\/a><\/p>\n<\/div><\/div><\/div>\n\n\n\n<figure class=\"wp-block-sts-image sts-block-image sts-block-image--count-1 has-max-width-md\" data-count=\"1\"><div class=\"sts-block-image__grid\"><div class=\"sts-block-image__item\"><picture class=\"sts-responsive-image has-fit-cover has-pos-top is-skeleton\"><img src=\"https:\/\/cdn.sts-education.com\/13063_hero_md.jpg\" alt=\"Welcome Camp inclus\" loading=\"lazy\" decoding=\"async\" fetchpriority=\"low\" sizes=\"(max-width: 736px) 100vw, 736px\"\/><\/picture><\/div><\/div><\/figure>\n\n\n\n<div class=\"wp-block-sts-text sts-text-editor has-max-width-md\"><div class=\"sts-text-editor__content\"><div class=\"sts-text-editor__content-inner\">\n<p><em>\u00ab Le Welcome Camp a vraiment \u00e9t\u00e9 un moment fort et un super d\u00e9but d\u2019ann\u00e9e d\u2019\u00e9change. Je suis toujours en contact avec de nombreux autres participants. Toutes les activit\u00e9s organis\u00e9es m\u2019ont aid\u00e9 \u00e0 me sentir beaucoup mieux pr\u00e9par\u00e9 pour mon ann\u00e9e. Si je pouvais, j\u2019y retournerais sans h\u00e9siter ! \u00bb<\/em><\/p>\n<p><em>Jessica, Suisse, participante du STS Welcome Camp de New York.<\/em><\/p>\n<\/div><\/div><\/div>\n\n","protected":false},"excerpt":{"rendered":"","protected":false},"author":20,"featured_media":15610,"parent":10958,"menu_order":0,"comment_status":"closed","ping_status":"closed","template":"templates\/template-default-with-breadcrumbs.php","meta":{"_acf_changed":false,"sts_page_background_color":"","footnotes":""},"wpw_page_folders":[83],"class_list":["post-10984","page","type-page","status-publish","has-post-thumbnail","hentry"],"acf":[],"yoast_head":"<!-- This site is optimized with the Yoast SEO Premium plugin v27.2 (Yoast SEO v27.3) - https:\/\/yoast.com\/product\/yoast-seo-premium-wordpress\/ -->\n<title>Commence ton ann\u00e9e d&#039;\u00e9change avec un Welcome Camp | STS<\/title>\n<meta name=\"description\" content=\"Commence ton ann\u00e9e d&#039;\u00e9change avec notre Welcome Camp pour un d\u00e9but parfait ! Avant de rencontrer ta famille d&#039;accueil, tu seras pr\u00e9par\u00e9(e) de mani\u00e8re optimale avec d&#039;autres \u00e9tudiants d&#039;\u00e9change et tu d\u00e9couvriras une grande ville cool.\" \/>\n<meta name=\"robots\" content=\"index, follow, max-snippet:-1, max-image-preview:large, max-video-preview:-1\" \/>\n<link rel=\"canonical\" href=\"https:\/\/www.sts-education.com\/fr-ch\/high-school\/pendant-ton-annee-a-letranger\/welcome-camp-inclus\/\" \/>\n<meta property=\"og:locale\" content=\"fr_FR\" \/>\n<meta property=\"og:type\" content=\"article\" \/>\n<meta property=\"og:title\" content=\"Welcome Camp Inclus\" \/>\n<meta property=\"og:description\" content=\"Commence ton ann\u00e9e d&#039;\u00e9change avec notre Welcome Camp pour un d\u00e9but parfait ! Avant de rencontrer ta famille d&#039;accueil, tu seras pr\u00e9par\u00e9(e) de mani\u00e8re optimale avec d&#039;autres \u00e9tudiants d&#039;\u00e9change et tu d\u00e9couvriras une grande ville cool.\" \/>\n<meta property=\"og:url\" content=\"https:\/\/www.sts-education.com\/fr-ch\/high-school\/pendant-ton-annee-a-letranger\/welcome-camp-inclus\/\" \/>\n<meta property=\"og:site_name\" content=\"STS Education\" \/>\n<meta property=\"article:modified_time\" content=\"2026-04-01T01:28:52+00:00\" \/>\n<meta property=\"og:image\" content=\"https:\/\/powered-by.qbank.se\/educatius\/sts\/\/97cdc9382a1d068b806b8d3eacbd0cae_1-1-thumb.webp\" \/>\n\t<meta property=\"og:image:width\" content=\"150\" \/>\n\t<meta property=\"og:image:height\" content=\"150\" \/>\n\t<meta property=\"og:image:type\" content=\"image\/jpeg\" \/>\n<meta name=\"twitter:card\" content=\"summary_large_image\" \/>\n<meta name=\"twitter:label1\" content=\"Est. reading time\" \/>\n\t<meta name=\"twitter:data1\" content=\"2 minutes\" \/>\n<script type=\"application\/ld+json\" class=\"yoast-schema-graph\">{\"@context\":\"https:\\\/\\\/schema.org\",\"@graph\":[{\"@type\":\"WebPage\",\"@id\":\"https:\\\/\\\/www.sts-education.com\\\/fr-ch\\\/high-school\\\/pendant-ton-annee-a-letranger\\\/welcome-camp-inclus\\\/\",\"url\":\"https:\\\/\\\/www.sts-education.com\\\/fr-ch\\\/high-school\\\/pendant-ton-annee-a-letranger\\\/welcome-camp-inclus\\\/\",\"name\":\"Commence ton ann\u00e9e d'\u00e9change avec un Welcome Camp | STS\",\"isPartOf\":{\"@id\":\"https:\\\/\\\/www.sts-education.com\\\/fr-ch\\\/#website\"},\"primaryImageOfPage\":{\"@id\":\"https:\\\/\\\/www.sts-education.com\\\/fr-ch\\\/high-school\\\/pendant-ton-annee-a-letranger\\\/welcome-camp-inclus\\\/#primaryimage\"},\"image\":{\"@id\":\"https:\\\/\\\/www.sts-education.com\\\/fr-ch\\\/high-school\\\/pendant-ton-annee-a-letranger\\\/welcome-camp-inclus\\\/#primaryimage\"},\"thumbnailUrl\":\"https:\\\/\\\/powered-by.qbank.se\\\/educatius\\\/sts\\\/\\\/97cdc9382a1d068b806b8d3eacbd0cae_1-1-thumb.webp\",\"datePublished\":\"2025-12-16T10:13:17+00:00\",\"dateModified\":\"2026-04-01T01:28:52+00:00\",\"description\":\"Commence ton ann\u00e9e d'\u00e9change avec notre Welcome Camp pour un d\u00e9but parfait ! Avant de rencontrer ta famille d'accueil, tu seras pr\u00e9par\u00e9(e) de mani\u00e8re optimale avec d'autres \u00e9tudiants d'\u00e9change et tu d\u00e9couvriras une grande ville cool.\",\"breadcrumb\":{\"@id\":\"https:\\\/\\\/www.sts-education.com\\\/fr-ch\\\/high-school\\\/pendant-ton-annee-a-letranger\\\/welcome-camp-inclus\\\/#breadcrumb\"},\"inLanguage\":\"fr-CH\",\"potentialAction\":[{\"@type\":\"ReadAction\",\"target\":[\"https:\\\/\\\/www.sts-education.com\\\/fr-ch\\\/high-school\\\/pendant-ton-annee-a-letranger\\\/welcome-camp-inclus\\\/\"]}]},{\"@type\":\"ImageObject\",\"inLanguage\":\"fr-CH\",\"@id\":\"https:\\\/\\\/www.sts-education.com\\\/fr-ch\\\/high-school\\\/pendant-ton-annee-a-letranger\\\/welcome-camp-inclus\\\/#primaryimage\",\"url\":\"https:\\\/\\\/powered-by.qbank.se\\\/educatius\\\/sts\\\/\\\/97cdc9382a1d068b806b8d3eacbd0cae_1-1-thumb.webp\",\"contentUrl\":\"https:\\\/\\\/powered-by.qbank.se\\\/educatius\\\/sts\\\/\\\/97cdc9382a1d068b806b8d3eacbd0cae_1-1-thumb.webp\",\"width\":150,\"height\":150},{\"@type\":\"BreadcrumbList\",\"@id\":\"https:\\\/\\\/www.sts-education.com\\\/fr-ch\\\/high-school\\\/pendant-ton-annee-a-letranger\\\/welcome-camp-inclus\\\/#breadcrumb\",\"itemListElement\":[{\"@type\":\"ListItem\",\"position\":1,\"name\":\"Home\",\"item\":\"https:\\\/\\\/www.sts-education.com\\\/fr-ch\\\/\"},{\"@type\":\"ListItem\",\"position\":2,\"name\":\"High school\",\"item\":\"https:\\\/\\\/www.sts-education.com\\\/fr-ch\\\/high-school\\\/\"},{\"@type\":\"ListItem\",\"position\":3,\"name\":\"Pendant Ton Annee A Letranger\",\"item\":\"https:\\\/\\\/www.sts-education.com\\\/fr-ch\\\/high-school\\\/pendant-ton-annee-a-letranger\\\/\"},{\"@type\":\"ListItem\",\"position\":4,\"name\":\"Welcome Camp Inclus\"}]},{\"@type\":\"WebSite\",\"@id\":\"https:\\\/\\\/www.sts-education.com\\\/fr-ch\\\/#website\",\"url\":\"https:\\\/\\\/www.sts-education.com\\\/fr-ch\\\/\",\"name\":\"STS Education\",\"description\":\"\",\"potentialAction\":[{\"@type\":\"SearchAction\",\"target\":{\"@type\":\"EntryPoint\",\"urlTemplate\":\"https:\\\/\\\/www.sts-education.com\\\/fr-ch\\\/?s={search_term_string}\"},\"query-input\":{\"@type\":\"PropertyValueSpecification\",\"valueRequired\":true,\"valueName\":\"search_term_string\"}}],\"inLanguage\":\"fr-CH\"}]}<\/script>\n<!-- \/ Yoast SEO Premium plugin. -->","yoast_head_json":{"title":"Commence ton ann\u00e9e d'\u00e9change avec un Welcome Camp | STS","description":"Commence ton ann\u00e9e d'\u00e9change avec notre Welcome Camp pour un d\u00e9but parfait ! Avant de rencontrer ta famille d'accueil, tu seras pr\u00e9par\u00e9(e) de mani\u00e8re optimale avec d'autres \u00e9tudiants d'\u00e9change et tu d\u00e9couvriras une grande ville cool.","robots":{"index":"index","follow":"follow","max-snippet":"max-snippet:-1","max-image-preview":"max-image-preview:large","max-video-preview":"max-video-preview:-1"},"canonical":"https:\/\/www.sts-education.com\/fr-ch\/high-school\/pendant-ton-annee-a-letranger\/welcome-camp-inclus\/","og_locale":"fr_FR","og_type":"article","og_title":"Welcome Camp Inclus","og_description":"Commence ton ann\u00e9e d'\u00e9change avec notre Welcome Camp pour un d\u00e9but parfait ! Avant de rencontrer ta famille d'accueil, tu seras pr\u00e9par\u00e9(e) de mani\u00e8re optimale avec d'autres \u00e9tudiants d'\u00e9change et tu d\u00e9couvriras une grande ville cool.","og_url":"https:\/\/www.sts-education.com\/fr-ch\/high-school\/pendant-ton-annee-a-letranger\/welcome-camp-inclus\/","og_site_name":"STS Education","article_modified_time":"2026-04-01T01:28:52+00:00","og_image":[{"width":150,"height":150,"url":"https:\/\/powered-by.qbank.se\/educatius\/sts\/\/97cdc9382a1d068b806b8d3eacbd0cae_1-1-thumb.webp","type":"image\/jpeg"}],"twitter_card":"summary_large_image","twitter_misc":{"Est. reading time":"2 minutes"},"schema":{"@context":"https:\/\/schema.org","@graph":[{"@type":"WebPage","@id":"https:\/\/www.sts-education.com\/fr-ch\/high-school\/pendant-ton-annee-a-letranger\/welcome-camp-inclus\/","url":"https:\/\/www.sts-education.com\/fr-ch\/high-school\/pendant-ton-annee-a-letranger\/welcome-camp-inclus\/","name":"Commence ton ann\u00e9e d'\u00e9change avec un Welcome Camp | STS","isPartOf":{"@id":"https:\/\/www.sts-education.com\/fr-ch\/#website"},"primaryImageOfPage":{"@id":"https:\/\/www.sts-education.com\/fr-ch\/high-school\/pendant-ton-annee-a-letranger\/welcome-camp-inclus\/#primaryimage"},"image":{"@id":"https:\/\/www.sts-education.com\/fr-ch\/high-school\/pendant-ton-annee-a-letranger\/welcome-camp-inclus\/#primaryimage"},"thumbnailUrl":"https:\/\/powered-by.qbank.se\/educatius\/sts\/\/97cdc9382a1d068b806b8d3eacbd0cae_1-1-thumb.webp","datePublished":"2025-12-16T10:13:17+00:00","dateModified":"2026-04-01T01:28:52+00:00","description":"Commence ton ann\u00e9e d'\u00e9change avec notre Welcome Camp pour un d\u00e9but parfait ! Avant de rencontrer ta famille d'accueil, tu seras pr\u00e9par\u00e9(e) de mani\u00e8re optimale avec d'autres \u00e9tudiants d'\u00e9change et tu d\u00e9couvriras une grande ville cool.","breadcrumb":{"@id":"https:\/\/www.sts-education.com\/fr-ch\/high-school\/pendant-ton-annee-a-letranger\/welcome-camp-inclus\/#breadcrumb"},"inLanguage":"fr-CH","potentialAction":[{"@type":"ReadAction","target":["https:\/\/www.sts-education.com\/fr-ch\/high-school\/pendant-ton-annee-a-letranger\/welcome-camp-inclus\/"]}]},{"@type":"ImageObject","inLanguage":"fr-CH","@id":"https:\/\/www.sts-education.com\/fr-ch\/high-school\/pendant-ton-annee-a-letranger\/welcome-camp-inclus\/#primaryimage","url":"https:\/\/powered-by.qbank.se\/educatius\/sts\/\/97cdc9382a1d068b806b8d3eacbd0cae_1-1-thumb.webp","contentUrl":"https:\/\/powered-by.qbank.se\/educatius\/sts\/\/97cdc9382a1d068b806b8d3eacbd0cae_1-1-thumb.webp","width":150,"height":150},{"@type":"BreadcrumbList","@id":"https:\/\/www.sts-education.com\/fr-ch\/high-school\/pendant-ton-annee-a-letranger\/welcome-camp-inclus\/#breadcrumb","itemListElement":[{"@type":"ListItem","position":1,"name":"Home","item":"https:\/\/www.sts-education.com\/fr-ch\/"},{"@type":"ListItem","position":2,"name":"High school","item":"https:\/\/www.sts-education.com\/fr-ch\/high-school\/"},{"@type":"ListItem","position":3,"name":"Pendant Ton Annee A Letranger","item":"https:\/\/www.sts-education.com\/fr-ch\/high-school\/pendant-ton-annee-a-letranger\/"},{"@type":"ListItem","position":4,"name":"Welcome Camp Inclus"}]},{"@type":"WebSite","@id":"https:\/\/www.sts-education.com\/fr-ch\/#website","url":"https:\/\/www.sts-education.com\/fr-ch\/","name":"STS Education","description":"","potentialAction":[{"@type":"SearchAction","target":{"@type":"EntryPoint","urlTemplate":"https:\/\/www.sts-education.com\/fr-ch\/?s={search_term_string}"},"query-input":{"@type":"PropertyValueSpecification","valueRequired":true,"valueName":"search_term_string"}}],"inLanguage":"fr-CH"}]}},"_links":{"self":[{"href":"https:\/\/www.sts-education.com\/fr-ch\/wp-json\/wp\/v2\/pages\/10984","targetHints":{"allow":["GET"]}}],"collection":[{"href":"https:\/\/www.sts-education.com\/fr-ch\/wp-json\/wp\/v2\/pages"}],"about":[{"href":"https:\/\/www.sts-education.com\/fr-ch\/wp-json\/wp\/v2\/types\/page"}],"author":[{"embeddable":true,"href":"https:\/\/www.sts-education.com\/fr-ch\/wp-json\/wp\/v2\/users\/20"}],"replies":[{"embeddable":true,"href":"https:\/\/www.sts-education.com\/fr-ch\/wp-json\/wp\/v2\/comments?post=10984"}],"version-history":[{"count":2,"href":"https:\/\/www.sts-education.com\/fr-ch\/wp-json\/wp\/v2\/pages\/10984\/revisions"}],"predecessor-version":[{"id":20139,"href":"https:\/\/www.sts-education.com\/fr-ch\/wp-json\/wp\/v2\/pages\/10984\/revisions\/20139"}],"up":[{"embeddable":true,"href":"https:\/\/www.sts-education.com\/fr-ch\/wp-json\/wp\/v2\/pages\/10958"}],"wp:featuredmedia":[{"embeddable":true,"href":"https:\/\/www.sts-education.com\/fr-ch\/wp-json\/wp\/v2\/media\/15610"}],"wp:attachment":[{"href":"https:\/\/www.sts-education.com\/fr-ch\/wp-json\/wp\/v2\/media?parent=10984"}],"wp:term":[{"taxonomy":"wpw_page_folders","embeddable":true,"href":"https:\/\/www.sts-education.com\/fr-ch\/wp-json\/wp\/v2\/wpw_page_folders?post=10984"}],"curies":[{"name":"wp","href":"https:\/\/api.w.org\/{rel}","templated":true}]}}