{"id":10985,"date":"2023-06-01T12:32:11","date_gmt":"2023-06-01T12:32:11","guid":{"rendered":"https:\/\/preprod.sts-education.com\/high-school\/tarifs-et-informations\/offres-et-remises\/"},"modified":"2026-04-15T11:32:53","modified_gmt":"2026-04-15T11:32:53","slug":"offres-et-remises","status":"publish","type":"page","link":"https:\/\/www.sts-education.com\/fr-ch\/high-school\/tarifs-et-informations\/offres-et-remises\/","title":{"rendered":"Offres Et Remises"},"content":{"rendered":"\n<section class=\"wp-block-sts-hero sts-block-hero is-variant-full-background has-text-light has-background-media\" style=\"--sts-hero-padding-mobile:0px;--sts-hero-padding-desktop:0px;--sts-hero-text-color:var(--wp--preset--color--base-10, #fff);\" data-variant=\"full-background\"><div class=\"sts-block-hero__background\"><picture class=\"sts-responsive-image has-fit-cover is-skeleton\"><img src=\"https:\/\/cdn.sts-education.com\/12640_hero_lg_xl.jpg\" alt=\"Offres et remises\" loading=\"lazy\" decoding=\"async\" fetchpriority=\"low\" sizes=\"100vw\" \/><\/picture><span class=\"sts-block-hero__overlay\" aria-hidden=\"true\"><\/span><\/div><div class=\"sts-block-hero__inner\"><div class=\"sts-block-hero__content has-align-center\"><div class=\"sts-block-hero__content-inner\"><h1 class=\"sts-block-hero__heading\">Offres et remises<\/h1><\/div><\/div><\/div><\/section>\n\n\n\n<div class=\"wp-block-sts-text sts-text-editor has-max-width-md\"><div class=\"sts-text-editor__content\"><div class=\"sts-text-editor__content-inner\">\n<p>T\u2019appr\u00eates-tu \u00e0 \u00eatre \u00e9l\u00e8ve d\u2019\u00e9change avec STS High School ? Le cas \u00e9ch\u00e9ant, renseigne-toi pour savoir si nos offres sp\u00e9ciales peuvent te faire b\u00e9n\u00e9ficier d\u2019un tarif pr\u00e9f\u00e9rentiel. Voici les offres actuelles. Besoin d\u2019informations ? Contacte-nous !<\/p>\n<p><a href=\"\/fr-ch\/high-school\/tripfinder\/\">Trouve ta destination<\/a><\/p>\n<h2>R\u00e9alise ton r\u00eave<\/h2>\n<p>C&#8217;est le moment id\u00e9al pour planifier ton \u00e9change scolaire. Tous les programmes pour 2027 sont ouverts, ce qui te donne la libert\u00e9 de choisir exactement ce dont tu r\u00eaves : les \u00c9tats-Unis, l&#8217;Australie, le Royaume-Uni, l&#8217;Irlande ou un tout autre pays. Postule avant le <strong>30 avril<\/strong> pour b\u00e9n\u00e9ficier de notre <a href=\"\/fr-ch\/high-school\/first-choice-2026\/\">offre First Choice<\/a>.<\/p>\n<p>\u2714 R\u00e9serve d\u00e8s maintenant &#8211; profite du tarif 2026 et d&#8217;une r\u00e9duction de 450 CHF sur le prix<br \/>\u2714 Assure-toi la destination de tes r\u00eaves<br \/>\u2714 Camp d&#8217;accueil gratuit<br \/>\u2714 Annulation gratuite jusqu&#8217;au 15 octobre<\/p>\n<h2>Remise fratrie<\/h2>\n<p>Ton fr\u00e8re ou ta s\u0153ur est d\u00e9j\u00e0 parti avec nous en High School ? G\u00e9nial ! B\u00e9n\u00e9ficie d\u2019une remise de <strong>CHF 220.00<\/strong> lors de la r\u00e9servation de ton aventure en High School avec nous.<\/p>\n<p>Pour profiter de cette offre, entre le code <strong>STSSIBLINGS<\/strong> au moment de ta r\u00e9servation. Cette offre ne peut se cumuler avec d\u2019autres remises.<\/p>\n<p><a href=\"\/fr-ch\/high-school\/tripfinder\/\">Trouve ta destination<\/a><\/p>\n<\/div><\/div><\/div>\n","protected":false},"excerpt":{"rendered":"","protected":false},"author":20,"featured_media":0,"parent":10959,"menu_order":0,"comment_status":"closed","ping_status":"closed","template":"","meta":{"_acf_changed":false,"sts_page_background_color":"","footnotes":""},"wpw_page_folders":[86],"class_list":["post-10985","page","type-page","status-publish","hentry"],"acf":[],"yoast_head":"<!-- This site is optimized with the Yoast SEO Premium plugin v27.2 (Yoast SEO v27.3) - https:\/\/yoast.com\/product\/yoast-seo-premium-wordpress\/ -->\n<title>Offres et remises STS<\/title>\n<meta name=\"description\" content=\"Il existe plusieurs offres pour ton ann\u00e9e \u00e0 l\u2019\u00e9tranger avec STS. Avez-vous, toi ou un membre de ta famille, d\u00e9j\u00e0 voyag\u00e9 avec STS ?\" \/>\n<meta name=\"robots\" content=\"index, follow, max-snippet:-1, max-image-preview:large, max-video-preview:-1\" \/>\n<link rel=\"canonical\" href=\"https:\/\/www.sts-education.com\/fr-ch\/high-school\/tarifs-et-informations\/offres-et-remises\/\" \/>\n<meta property=\"og:locale\" content=\"fr_FR\" \/>\n<meta property=\"og:type\" content=\"article\" \/>\n<meta property=\"og:title\" content=\"Offres Et Remises\" \/>\n<meta property=\"og:description\" content=\"Il existe plusieurs offres pour ton ann\u00e9e \u00e0 l\u2019\u00e9tranger avec STS. Avez-vous, toi ou un membre de ta famille, d\u00e9j\u00e0 voyag\u00e9 avec STS ?\" \/>\n<meta property=\"og:url\" content=\"https:\/\/www.sts-education.com\/fr-ch\/high-school\/tarifs-et-informations\/offres-et-remises\/\" \/>\n<meta property=\"og:site_name\" content=\"STS Education\" \/>\n<meta property=\"article:modified_time\" content=\"2026-04-15T11:32:53+00:00\" \/>\n<meta property=\"og:image\" content=\"https:\/\/cdn.sts-education.com\/12640_hero_lg_xl.jpg\" \/>\n<meta name=\"twitter:card\" content=\"summary_large_image\" \/>\n<meta name=\"twitter:label1\" content=\"Est. reading time\" \/>\n\t<meta name=\"twitter:data1\" content=\"2 minutes\" \/>\n<script type=\"application\/ld+json\" class=\"yoast-schema-graph\">{\"@context\":\"https:\\\/\\\/schema.org\",\"@graph\":[{\"@type\":\"WebPage\",\"@id\":\"https:\\\/\\\/www.sts-education.com\\\/fr-ch\\\/high-school\\\/tarifs-et-informations\\\/offres-et-remises\\\/\",\"url\":\"https:\\\/\\\/www.sts-education.com\\\/fr-ch\\\/high-school\\\/tarifs-et-informations\\\/offres-et-remises\\\/\",\"name\":\"Offres et remises STS\",\"isPartOf\":{\"@id\":\"https:\\\/\\\/www.sts-education.com\\\/fr-ch\\\/#website\"},\"primaryImageOfPage\":{\"@id\":\"https:\\\/\\\/www.sts-education.com\\\/fr-ch\\\/high-school\\\/tarifs-et-informations\\\/offres-et-remises\\\/#primaryimage\"},\"image\":{\"@id\":\"https:\\\/\\\/www.sts-education.com\\\/fr-ch\\\/high-school\\\/tarifs-et-informations\\\/offres-et-remises\\\/#primaryimage\"},\"thumbnailUrl\":\"https:\\\/\\\/cdn.sts-education.com\\\/12640_hero_lg_xl.jpg\",\"datePublished\":\"2023-06-01T12:32:11+00:00\",\"dateModified\":\"2026-04-15T11:32:53+00:00\",\"description\":\"Il existe plusieurs offres pour ton ann\u00e9e \u00e0 l\u2019\u00e9tranger avec STS. Avez-vous, toi ou un membre de ta famille, d\u00e9j\u00e0 voyag\u00e9 avec STS ?\",\"breadcrumb\":{\"@id\":\"https:\\\/\\\/www.sts-education.com\\\/fr-ch\\\/high-school\\\/tarifs-et-informations\\\/offres-et-remises\\\/#breadcrumb\"},\"inLanguage\":\"fr-CH\",\"potentialAction\":[{\"@type\":\"ReadAction\",\"target\":[\"https:\\\/\\\/www.sts-education.com\\\/fr-ch\\\/high-school\\\/tarifs-et-informations\\\/offres-et-remises\\\/\"]}]},{\"@type\":\"ImageObject\",\"inLanguage\":\"fr-CH\",\"@id\":\"https:\\\/\\\/www.sts-education.com\\\/fr-ch\\\/high-school\\\/tarifs-et-informations\\\/offres-et-remises\\\/#primaryimage\",\"url\":\"https:\\\/\\\/cdn.sts-education.com\\\/12640_hero_lg_xl.jpg\",\"contentUrl\":\"https:\\\/\\\/cdn.sts-education.com\\\/12640_hero_lg_xl.jpg\"},{\"@type\":\"BreadcrumbList\",\"@id\":\"https:\\\/\\\/www.sts-education.com\\\/fr-ch\\\/high-school\\\/tarifs-et-informations\\\/offres-et-remises\\\/#breadcrumb\",\"itemListElement\":[{\"@type\":\"ListItem\",\"position\":1,\"name\":\"Home\",\"item\":\"https:\\\/\\\/www.sts-education.com\\\/fr-ch\\\/\"},{\"@type\":\"ListItem\",\"position\":2,\"name\":\"High school\",\"item\":\"https:\\\/\\\/www.sts-education.com\\\/fr-ch\\\/high-school\\\/\"},{\"@type\":\"ListItem\",\"position\":3,\"name\":\"Tarifs Et Informations\",\"item\":\"https:\\\/\\\/www.sts-education.com\\\/fr-ch\\\/high-school\\\/tarifs-et-informations\\\/\"},{\"@type\":\"ListItem\",\"position\":4,\"name\":\"Offres Et Remises\"}]},{\"@type\":\"WebSite\",\"@id\":\"https:\\\/\\\/www.sts-education.com\\\/fr-ch\\\/#website\",\"url\":\"https:\\\/\\\/www.sts-education.com\\\/fr-ch\\\/\",\"name\":\"STS Education\",\"description\":\"\",\"potentialAction\":[{\"@type\":\"SearchAction\",\"target\":{\"@type\":\"EntryPoint\",\"urlTemplate\":\"https:\\\/\\\/www.sts-education.com\\\/fr-ch\\\/?s={search_term_string}\"},\"query-input\":{\"@type\":\"PropertyValueSpecification\",\"valueRequired\":true,\"valueName\":\"search_term_string\"}}],\"inLanguage\":\"fr-CH\"}]}<\/script>\n<!-- \/ Yoast SEO Premium plugin. -->","yoast_head_json":{"title":"Offres et remises STS","description":"Il existe plusieurs offres pour ton ann\u00e9e \u00e0 l\u2019\u00e9tranger avec STS. Avez-vous, toi ou un membre de ta famille, d\u00e9j\u00e0 voyag\u00e9 avec STS ?","robots":{"index":"index","follow":"follow","max-snippet":"max-snippet:-1","max-image-preview":"max-image-preview:large","max-video-preview":"max-video-preview:-1"},"canonical":"https:\/\/www.sts-education.com\/fr-ch\/high-school\/tarifs-et-informations\/offres-et-remises\/","og_locale":"fr_FR","og_type":"article","og_title":"Offres Et Remises","og_description":"Il existe plusieurs offres pour ton ann\u00e9e \u00e0 l\u2019\u00e9tranger avec STS. Avez-vous, toi ou un membre de ta famille, d\u00e9j\u00e0 voyag\u00e9 avec STS ?","og_url":"https:\/\/www.sts-education.com\/fr-ch\/high-school\/tarifs-et-informations\/offres-et-remises\/","og_site_name":"STS Education","article_modified_time":"2026-04-15T11:32:53+00:00","og_image":[{"url":"https:\/\/cdn.sts-education.com\/12640_hero_lg_xl.jpg","type":"","width":"","height":""}],"twitter_card":"summary_large_image","twitter_misc":{"Est. reading time":"2 minutes"},"schema":{"@context":"https:\/\/schema.org","@graph":[{"@type":"WebPage","@id":"https:\/\/www.sts-education.com\/fr-ch\/high-school\/tarifs-et-informations\/offres-et-remises\/","url":"https:\/\/www.sts-education.com\/fr-ch\/high-school\/tarifs-et-informations\/offres-et-remises\/","name":"Offres et remises STS","isPartOf":{"@id":"https:\/\/www.sts-education.com\/fr-ch\/#website"},"primaryImageOfPage":{"@id":"https:\/\/www.sts-education.com\/fr-ch\/high-school\/tarifs-et-informations\/offres-et-remises\/#primaryimage"},"image":{"@id":"https:\/\/www.sts-education.com\/fr-ch\/high-school\/tarifs-et-informations\/offres-et-remises\/#primaryimage"},"thumbnailUrl":"https:\/\/cdn.sts-education.com\/12640_hero_lg_xl.jpg","datePublished":"2023-06-01T12:32:11+00:00","dateModified":"2026-04-15T11:32:53+00:00","description":"Il existe plusieurs offres pour ton ann\u00e9e \u00e0 l\u2019\u00e9tranger avec STS. Avez-vous, toi ou un membre de ta famille, d\u00e9j\u00e0 voyag\u00e9 avec STS ?","breadcrumb":{"@id":"https:\/\/www.sts-education.com\/fr-ch\/high-school\/tarifs-et-informations\/offres-et-remises\/#breadcrumb"},"inLanguage":"fr-CH","potentialAction":[{"@type":"ReadAction","target":["https:\/\/www.sts-education.com\/fr-ch\/high-school\/tarifs-et-informations\/offres-et-remises\/"]}]},{"@type":"ImageObject","inLanguage":"fr-CH","@id":"https:\/\/www.sts-education.com\/fr-ch\/high-school\/tarifs-et-informations\/offres-et-remises\/#primaryimage","url":"https:\/\/cdn.sts-education.com\/12640_hero_lg_xl.jpg","contentUrl":"https:\/\/cdn.sts-education.com\/12640_hero_lg_xl.jpg"},{"@type":"BreadcrumbList","@id":"https:\/\/www.sts-education.com\/fr-ch\/high-school\/tarifs-et-informations\/offres-et-remises\/#breadcrumb","itemListElement":[{"@type":"ListItem","position":1,"name":"Home","item":"https:\/\/www.sts-education.com\/fr-ch\/"},{"@type":"ListItem","position":2,"name":"High school","item":"https:\/\/www.sts-education.com\/fr-ch\/high-school\/"},{"@type":"ListItem","position":3,"name":"Tarifs Et Informations","item":"https:\/\/www.sts-education.com\/fr-ch\/high-school\/tarifs-et-informations\/"},{"@type":"ListItem","position":4,"name":"Offres Et Remises"}]},{"@type":"WebSite","@id":"https:\/\/www.sts-education.com\/fr-ch\/#website","url":"https:\/\/www.sts-education.com\/fr-ch\/","name":"STS Education","description":"","potentialAction":[{"@type":"SearchAction","target":{"@type":"EntryPoint","urlTemplate":"https:\/\/www.sts-education.com\/fr-ch\/?s={search_term_string}"},"query-input":{"@type":"PropertyValueSpecification","valueRequired":true,"valueName":"search_term_string"}}],"inLanguage":"fr-CH"}]}},"_links":{"self":[{"href":"https:\/\/www.sts-education.com\/fr-ch\/wp-json\/wp\/v2\/pages\/10985","targetHints":{"allow":["GET"]}}],"collection":[{"href":"https:\/\/www.sts-education.com\/fr-ch\/wp-json\/wp\/v2\/pages"}],"about":[{"href":"https:\/\/www.sts-education.com\/fr-ch\/wp-json\/wp\/v2\/types\/page"}],"author":[{"embeddable":true,"href":"https:\/\/www.sts-education.com\/fr-ch\/wp-json\/wp\/v2\/users\/20"}],"replies":[{"embeddable":true,"href":"https:\/\/www.sts-education.com\/fr-ch\/wp-json\/wp\/v2\/comments?post=10985"}],"version-history":[{"count":5,"href":"https:\/\/www.sts-education.com\/fr-ch\/wp-json\/wp\/v2\/pages\/10985\/revisions"}],"predecessor-version":[{"id":36923,"href":"https:\/\/www.sts-education.com\/fr-ch\/wp-json\/wp\/v2\/pages\/10985\/revisions\/36923"}],"up":[{"embeddable":true,"href":"https:\/\/www.sts-education.com\/fr-ch\/wp-json\/wp\/v2\/pages\/10959"}],"wp:attachment":[{"href":"https:\/\/www.sts-education.com\/fr-ch\/wp-json\/wp\/v2\/media?parent=10985"}],"wp:term":[{"taxonomy":"wpw_page_folders","embeddable":true,"href":"https:\/\/www.sts-education.com\/fr-ch\/wp-json\/wp\/v2\/wpw_page_folders?post=10985"}],"curies":[{"name":"wp","href":"https:\/\/api.w.org\/{rel}","templated":true}]}}