{"id":10986,"date":"2025-12-16T10:18:50","date_gmt":"2025-12-16T10:18:50","guid":{"rendered":"https:\/\/preprod.sts-education.com\/high-school\/tarifs-et-informations\/options\/"},"modified":"2026-04-14T10:02:36","modified_gmt":"2026-04-14T10:02:36","slug":"options","status":"publish","type":"page","link":"https:\/\/www.sts-education.com\/fr-ch\/high-school\/tarifs-et-informations\/options\/","title":{"rendered":"Options"},"content":{"rendered":"\n<section class=\"wp-block-sts-hero sts-block-hero is-variant-full-background has-text-light has-background-media\" style=\"--sts-hero-padding-mobile:0px;--sts-hero-padding-desktop:0px;--sts-hero-text-color:var(--wp--preset--color--base-10, #fff);\" data-variant=\"full-background\"><div class=\"sts-block-hero__background\"><picture class=\"sts-responsive-image has-fit-cover is-skeleton\"><img src=\"https:\/\/cdn.sts-education.com\/12838_hero_lg_xl.jpg\" alt=\"Options\" loading=\"lazy\" decoding=\"async\" fetchpriority=\"low\" sizes=\"100vw\" \/><\/picture><span class=\"sts-block-hero__overlay\" aria-hidden=\"true\"><\/span><\/div><div class=\"sts-block-hero__inner\"><div class=\"sts-block-hero__content has-align-center\"><div class=\"sts-block-hero__content-inner\"><h1 class=\"sts-block-hero__heading\">Options<\/h1><\/div><\/div><\/div><\/section>\n\n\n\n<div class=\"wp-block-sts-text sts-text-editor has-max-width-md\"><div class=\"sts-text-editor__content\"><div class=\"sts-text-editor__content-inner\">\n<p>Aucune ann\u00e9e \u00e0 l\u2019\u00e9tranger ne se ressemble. Si tuas des souhaits ou des sp\u00e9cificit\u00e9s \u00e0 nous indiquer, n\u2019h\u00e9site pas \u00e0 nous contacter. Forts de 65 ans dans le monde de l\u2019\u00e9ducation, nous avons les r\u00e9ponses et les solutions \u00e0 la plupart des requ\u00eates.<\/p>\n\n<h2>Choisis ta r\u00e9gion<\/h2>\n\n<p>Sais-tu pr\u00e9cis\u00e9ment o\u00f9 tu souhaites vivre et dans quel pays ? Pour certaines de nos destinations, tu peux choisir un \u00c9tat, une r\u00e9gion ou une ville pr\u00e9cise. La possibilit\u00e9 de choisir l\u2019endroit d\u00e9pend de ton pays d\u2019accueil et du nombre de places qu\u2019il reste, car cela n\u00e9cessite un processus administratif tr\u00e8s sp\u00e9cifique pour trouver l\u2019\u00e9tablissement scolaire et la famille d\u2019accueil idoines.<\/p>\n\n<p>Si tu optes pour un \u00c9tat, une r\u00e9gion ou une ville particuli\u00e8re, tu indiqueras ces pr\u00e9f\u00e9rences au moment de ta candidature. Nous ferons alors notre maximum pour satisfaire ta demande. Si nous y parvenons, des frais suppl\u00e9mentaires s\u2019appliqueront pour le choix de l\u2019endroit.<\/p>\n\n<p><a href=\"\/fr-ch\/high-school\/tripfinder\/\">Davantage d\u2019informations \u00e0 ce sujet pour chaque pays.<\/a><\/p>\n\n<h2>Possibilit\u00e9 de choisir ton \u00e9tablissement scolaire<\/h2>\n\n<p>Parfois, pour leur ann\u00e9e \u00e0 l\u2019\u00e9tranger, certains \u00e9l\u00e8ves d\u2019\u00e9change tiennent \u00e0 \u00e9tudier certaines mati\u00e8res ou \u00e0 pratiquer un sport en particulier dans la ville de leur choix. Dans ce cas, nous leur proposons le programme STS High School Select. C\u2019est un produit \u00e0 part entra\u00eenant des frais beaucoup plus \u00e9lev\u00e9s, du fait de la personnalisation de ton programme et de l\u2019\u00e9tablissement scolaire priv\u00e9 dont les tarifs ne sont pas les m\u00eames. Si cela t\u2019int\u00e9resse, tu peux lire plus d\u2019informations sur <a href=\"https:\/\/www.sts-education.com\/fr-ch\/high-school\/avant-ton-annee-a-letranger\/choisis-ce-que-tu-veux-etudier\/\">High School Select ici<\/a>.<\/p>\n\n<h2>Voyages suppl\u00e9mentaires pendant ton s\u00e9jour<\/h2>\n\n<p>Pour toutes nos destinations, des voyages suppl\u00e9mentaires sont organis\u00e9s pour nos \u00e9l\u00e8ves d\u2019\u00e9change du pays concern\u00e9. Tu sauras une fois arriv\u00e9 quels voyages sont pr\u00e9vus, mais c\u2019est une occasion unique de d\u00e9couvrir des sites et des villes de ton pays d\u2019accueil. Tu auras par la m\u00eame occasion la possibilit\u00e9 de rencontrer d\u2019autres \u00e9l\u00e8ves d\u2019\u00e9change qui particpent au m\u00eame s\u00e9jour que toi. L\u2019inscription et le r\u00e8glement des voyages suppl\u00e9mentaires se font une fois arriv\u00e9 dans ton pays d\u2019accueil.<\/p>\n<\/div><\/div><\/div>\n","protected":false},"excerpt":{"rendered":"","protected":false},"author":20,"featured_media":0,"parent":10959,"menu_order":0,"comment_status":"closed","ping_status":"closed","template":"templates\/template-default-with-breadcrumbs.php","meta":{"_acf_changed":false,"sts_page_background_color":"","footnotes":""},"wpw_page_folders":[86],"class_list":["post-10986","page","type-page","status-publish","hentry"],"acf":[],"yoast_head":"<!-- This site is optimized with the Yoast SEO Premium plugin v27.2 (Yoast SEO v27.3) - https:\/\/yoast.com\/product\/yoast-seo-premium-wordpress\/ -->\n<title>Souhaits particuliers et options pour ton ann\u00e9e d&#039;\u00e9change | STS<\/title>\n<meta name=\"description\" content=\"Une ann\u00e9e d&#039;\u00e9change peut prendre diff\u00e9rentes formes. Si tu as des id\u00e9es pr\u00e9cises ou si tu souhaites participer aux d\u00e9cisions, n&#039;h\u00e9site pas \u00e0 nous contacter.\" \/>\n<meta name=\"robots\" content=\"index, follow, max-snippet:-1, max-image-preview:large, max-video-preview:-1\" \/>\n<link rel=\"canonical\" href=\"https:\/\/www.sts-education.com\/fr-ch\/high-school\/tarifs-et-informations\/options\/\" \/>\n<meta property=\"og:locale\" content=\"fr_FR\" \/>\n<meta property=\"og:type\" content=\"article\" \/>\n<meta property=\"og:title\" content=\"Options\" \/>\n<meta property=\"og:description\" content=\"Une ann\u00e9e d&#039;\u00e9change peut prendre diff\u00e9rentes formes. Si tu as des id\u00e9es pr\u00e9cises ou si tu souhaites participer aux d\u00e9cisions, n&#039;h\u00e9site pas \u00e0 nous contacter.\" \/>\n<meta property=\"og:url\" content=\"https:\/\/www.sts-education.com\/fr-ch\/high-school\/tarifs-et-informations\/options\/\" \/>\n<meta property=\"og:site_name\" content=\"STS Education\" \/>\n<meta property=\"article:modified_time\" content=\"2026-04-14T10:02:36+00:00\" \/>\n<meta property=\"og:image\" content=\"https:\/\/cdn.sts-education.com\/12838_hero_lg_xl.jpg\" \/>\n<meta name=\"twitter:card\" content=\"summary_large_image\" \/>\n<meta name=\"twitter:label1\" content=\"Est. reading time\" \/>\n\t<meta name=\"twitter:data1\" content=\"2 minutes\" \/>\n<script type=\"application\/ld+json\" class=\"yoast-schema-graph\">{\"@context\":\"https:\\\/\\\/schema.org\",\"@graph\":[{\"@type\":\"WebPage\",\"@id\":\"https:\\\/\\\/www.sts-education.com\\\/fr-ch\\\/high-school\\\/tarifs-et-informations\\\/options\\\/\",\"url\":\"https:\\\/\\\/www.sts-education.com\\\/fr-ch\\\/high-school\\\/tarifs-et-informations\\\/options\\\/\",\"name\":\"Souhaits particuliers et options pour ton ann\u00e9e d'\u00e9change | STS\",\"isPartOf\":{\"@id\":\"https:\\\/\\\/www.sts-education.com\\\/fr-ch\\\/#website\"},\"primaryImageOfPage\":{\"@id\":\"https:\\\/\\\/www.sts-education.com\\\/fr-ch\\\/high-school\\\/tarifs-et-informations\\\/options\\\/#primaryimage\"},\"image\":{\"@id\":\"https:\\\/\\\/www.sts-education.com\\\/fr-ch\\\/high-school\\\/tarifs-et-informations\\\/options\\\/#primaryimage\"},\"thumbnailUrl\":\"https:\\\/\\\/cdn.sts-education.com\\\/12838_hero_lg_xl.jpg\",\"datePublished\":\"2025-12-16T10:18:50+00:00\",\"dateModified\":\"2026-04-14T10:02:36+00:00\",\"description\":\"Une ann\u00e9e d'\u00e9change peut prendre diff\u00e9rentes formes. Si tu as des id\u00e9es pr\u00e9cises ou si tu souhaites participer aux d\u00e9cisions, n'h\u00e9site pas \u00e0 nous contacter.\",\"breadcrumb\":{\"@id\":\"https:\\\/\\\/www.sts-education.com\\\/fr-ch\\\/high-school\\\/tarifs-et-informations\\\/options\\\/#breadcrumb\"},\"inLanguage\":\"fr-CH\",\"potentialAction\":[{\"@type\":\"ReadAction\",\"target\":[\"https:\\\/\\\/www.sts-education.com\\\/fr-ch\\\/high-school\\\/tarifs-et-informations\\\/options\\\/\"]}]},{\"@type\":\"ImageObject\",\"inLanguage\":\"fr-CH\",\"@id\":\"https:\\\/\\\/www.sts-education.com\\\/fr-ch\\\/high-school\\\/tarifs-et-informations\\\/options\\\/#primaryimage\",\"url\":\"https:\\\/\\\/cdn.sts-education.com\\\/12838_hero_lg_xl.jpg\",\"contentUrl\":\"https:\\\/\\\/cdn.sts-education.com\\\/12838_hero_lg_xl.jpg\"},{\"@type\":\"BreadcrumbList\",\"@id\":\"https:\\\/\\\/www.sts-education.com\\\/fr-ch\\\/high-school\\\/tarifs-et-informations\\\/options\\\/#breadcrumb\",\"itemListElement\":[{\"@type\":\"ListItem\",\"position\":1,\"name\":\"Home\",\"item\":\"https:\\\/\\\/www.sts-education.com\\\/fr-ch\\\/\"},{\"@type\":\"ListItem\",\"position\":2,\"name\":\"High school\",\"item\":\"https:\\\/\\\/www.sts-education.com\\\/fr-ch\\\/high-school\\\/\"},{\"@type\":\"ListItem\",\"position\":3,\"name\":\"Tarifs Et Informations\",\"item\":\"https:\\\/\\\/www.sts-education.com\\\/fr-ch\\\/high-school\\\/tarifs-et-informations\\\/\"},{\"@type\":\"ListItem\",\"position\":4,\"name\":\"Options\"}]},{\"@type\":\"WebSite\",\"@id\":\"https:\\\/\\\/www.sts-education.com\\\/fr-ch\\\/#website\",\"url\":\"https:\\\/\\\/www.sts-education.com\\\/fr-ch\\\/\",\"name\":\"STS Education\",\"description\":\"\",\"potentialAction\":[{\"@type\":\"SearchAction\",\"target\":{\"@type\":\"EntryPoint\",\"urlTemplate\":\"https:\\\/\\\/www.sts-education.com\\\/fr-ch\\\/?s={search_term_string}\"},\"query-input\":{\"@type\":\"PropertyValueSpecification\",\"valueRequired\":true,\"valueName\":\"search_term_string\"}}],\"inLanguage\":\"fr-CH\"}]}<\/script>\n<!-- \/ Yoast SEO Premium plugin. -->","yoast_head_json":{"title":"Souhaits particuliers et options pour ton ann\u00e9e d'\u00e9change | STS","description":"Une ann\u00e9e d'\u00e9change peut prendre diff\u00e9rentes formes. Si tu as des id\u00e9es pr\u00e9cises ou si tu souhaites participer aux d\u00e9cisions, n'h\u00e9site pas \u00e0 nous contacter.","robots":{"index":"index","follow":"follow","max-snippet":"max-snippet:-1","max-image-preview":"max-image-preview:large","max-video-preview":"max-video-preview:-1"},"canonical":"https:\/\/www.sts-education.com\/fr-ch\/high-school\/tarifs-et-informations\/options\/","og_locale":"fr_FR","og_type":"article","og_title":"Options","og_description":"Une ann\u00e9e d'\u00e9change peut prendre diff\u00e9rentes formes. Si tu as des id\u00e9es pr\u00e9cises ou si tu souhaites participer aux d\u00e9cisions, n'h\u00e9site pas \u00e0 nous contacter.","og_url":"https:\/\/www.sts-education.com\/fr-ch\/high-school\/tarifs-et-informations\/options\/","og_site_name":"STS Education","article_modified_time":"2026-04-14T10:02:36+00:00","og_image":[{"url":"https:\/\/cdn.sts-education.com\/12838_hero_lg_xl.jpg","type":"","width":"","height":""}],"twitter_card":"summary_large_image","twitter_misc":{"Est. reading time":"2 minutes"},"schema":{"@context":"https:\/\/schema.org","@graph":[{"@type":"WebPage","@id":"https:\/\/www.sts-education.com\/fr-ch\/high-school\/tarifs-et-informations\/options\/","url":"https:\/\/www.sts-education.com\/fr-ch\/high-school\/tarifs-et-informations\/options\/","name":"Souhaits particuliers et options pour ton ann\u00e9e d'\u00e9change | STS","isPartOf":{"@id":"https:\/\/www.sts-education.com\/fr-ch\/#website"},"primaryImageOfPage":{"@id":"https:\/\/www.sts-education.com\/fr-ch\/high-school\/tarifs-et-informations\/options\/#primaryimage"},"image":{"@id":"https:\/\/www.sts-education.com\/fr-ch\/high-school\/tarifs-et-informations\/options\/#primaryimage"},"thumbnailUrl":"https:\/\/cdn.sts-education.com\/12838_hero_lg_xl.jpg","datePublished":"2025-12-16T10:18:50+00:00","dateModified":"2026-04-14T10:02:36+00:00","description":"Une ann\u00e9e d'\u00e9change peut prendre diff\u00e9rentes formes. Si tu as des id\u00e9es pr\u00e9cises ou si tu souhaites participer aux d\u00e9cisions, n'h\u00e9site pas \u00e0 nous contacter.","breadcrumb":{"@id":"https:\/\/www.sts-education.com\/fr-ch\/high-school\/tarifs-et-informations\/options\/#breadcrumb"},"inLanguage":"fr-CH","potentialAction":[{"@type":"ReadAction","target":["https:\/\/www.sts-education.com\/fr-ch\/high-school\/tarifs-et-informations\/options\/"]}]},{"@type":"ImageObject","inLanguage":"fr-CH","@id":"https:\/\/www.sts-education.com\/fr-ch\/high-school\/tarifs-et-informations\/options\/#primaryimage","url":"https:\/\/cdn.sts-education.com\/12838_hero_lg_xl.jpg","contentUrl":"https:\/\/cdn.sts-education.com\/12838_hero_lg_xl.jpg"},{"@type":"BreadcrumbList","@id":"https:\/\/www.sts-education.com\/fr-ch\/high-school\/tarifs-et-informations\/options\/#breadcrumb","itemListElement":[{"@type":"ListItem","position":1,"name":"Home","item":"https:\/\/www.sts-education.com\/fr-ch\/"},{"@type":"ListItem","position":2,"name":"High school","item":"https:\/\/www.sts-education.com\/fr-ch\/high-school\/"},{"@type":"ListItem","position":3,"name":"Tarifs Et Informations","item":"https:\/\/www.sts-education.com\/fr-ch\/high-school\/tarifs-et-informations\/"},{"@type":"ListItem","position":4,"name":"Options"}]},{"@type":"WebSite","@id":"https:\/\/www.sts-education.com\/fr-ch\/#website","url":"https:\/\/www.sts-education.com\/fr-ch\/","name":"STS Education","description":"","potentialAction":[{"@type":"SearchAction","target":{"@type":"EntryPoint","urlTemplate":"https:\/\/www.sts-education.com\/fr-ch\/?s={search_term_string}"},"query-input":{"@type":"PropertyValueSpecification","valueRequired":true,"valueName":"search_term_string"}}],"inLanguage":"fr-CH"}]}},"_links":{"self":[{"href":"https:\/\/www.sts-education.com\/fr-ch\/wp-json\/wp\/v2\/pages\/10986","targetHints":{"allow":["GET"]}}],"collection":[{"href":"https:\/\/www.sts-education.com\/fr-ch\/wp-json\/wp\/v2\/pages"}],"about":[{"href":"https:\/\/www.sts-education.com\/fr-ch\/wp-json\/wp\/v2\/types\/page"}],"author":[{"embeddable":true,"href":"https:\/\/www.sts-education.com\/fr-ch\/wp-json\/wp\/v2\/users\/20"}],"replies":[{"embeddable":true,"href":"https:\/\/www.sts-education.com\/fr-ch\/wp-json\/wp\/v2\/comments?post=10986"}],"version-history":[{"count":4,"href":"https:\/\/www.sts-education.com\/fr-ch\/wp-json\/wp\/v2\/pages\/10986\/revisions"}],"predecessor-version":[{"id":33582,"href":"https:\/\/www.sts-education.com\/fr-ch\/wp-json\/wp\/v2\/pages\/10986\/revisions\/33582"}],"up":[{"embeddable":true,"href":"https:\/\/www.sts-education.com\/fr-ch\/wp-json\/wp\/v2\/pages\/10959"}],"wp:attachment":[{"href":"https:\/\/www.sts-education.com\/fr-ch\/wp-json\/wp\/v2\/media?parent=10986"}],"wp:term":[{"taxonomy":"wpw_page_folders","embeddable":true,"href":"https:\/\/www.sts-education.com\/fr-ch\/wp-json\/wp\/v2\/wpw_page_folders?post=10986"}],"curies":[{"name":"wp","href":"https:\/\/api.w.org\/{rel}","templated":true}]}}