{"id":10987,"date":"2025-12-16T10:19:15","date_gmt":"2025-12-16T10:19:15","guid":{"rendered":"https:\/\/preprod.sts-education.com\/high-school\/tarifs-et-informations\/reservation-et-paiement\/"},"modified":"2026-04-14T10:02:35","modified_gmt":"2026-04-14T10:02:35","slug":"reservation-et-paiement","status":"publish","type":"page","link":"https:\/\/www.sts-education.com\/fr-ch\/high-school\/tarifs-et-informations\/reservation-et-paiement\/","title":{"rendered":"Reservation Et Paiement"},"content":{"rendered":"\n<section class=\"wp-block-sts-hero sts-block-hero is-variant-full-background has-text-light has-background-media\" style=\"--sts-hero-padding-mobile:0px;--sts-hero-padding-desktop:0px;--sts-hero-text-color:var(--wp--preset--color--base-10, #fff);\" data-variant=\"full-background\"><div class=\"sts-block-hero__background\"><picture class=\"sts-responsive-image has-fit-cover is-skeleton\"><img src=\"https:\/\/cdn.sts-education.com\/12578_hero_lg_xl.jpg\" alt=\"R\u00e9servation et paiement\" loading=\"lazy\" decoding=\"async\" fetchpriority=\"low\" sizes=\"100vw\" \/><\/picture><span class=\"sts-block-hero__overlay\" aria-hidden=\"true\"><\/span><\/div><div class=\"sts-block-hero__inner\"><div class=\"sts-block-hero__content has-align-center\"><div class=\"sts-block-hero__content-inner\"><h1 class=\"sts-block-hero__heading\">R\u00e9servation et paiement<\/h1><\/div><\/div><\/div><\/section>\n\n\n\n<div class=\"wp-block-sts-text sts-text-editor has-max-width-md\"><div class=\"sts-text-editor__content\"><div class=\"sts-text-editor__content-inner\">\n<h2>Frais d\u2019inscription<\/h2>\n\n<p>Lorsque tu postules pour un programme d\u2019\u00e9change et que tu es accept\u00e9, tu paies des frais d\u2019inscription. C\u2019est la proc\u00e9dure pour tous les organismes d\u2019\u00e9change, pour confirmer ton souhait que nous traitions ta candidature.<\/p>\n\n<p>Quelle que soit ta destination, les frais d\u2019inscription s\u2019\u00e9l\u00e8vent \u00e0 CHF 1000 et sont compris dans le prix global du programme.<\/p>\n\n<h2>Tarif du programme<\/h2>\n\n<p>Le montant de ton ann\u00e9e \u00e0 l\u2019\u00e9tranger d\u00e9pend de ta destination, de la dur\u00e9e et de tes options suppl\u00e9mentaires. Mais pour chaque destination, retrouve le tarif pour un programme en High School classique.<\/p>\n\n<p>Pour les programmes commen\u00e7ant \u00e0 l\u2019automne, le calendrier des paiements suivant s\u2019applique, en pourcentages du montant total du programme :<\/p>\n\n<p><em>Toutes remises, frais de scolarit\u00e9 et\/ou suppl\u00e9ments figurent sur la facture finale, r\u00e9gl\u00e9e pour le 15 juin. Renseigne-toi sur <a href=\"https:\/\/www.sts-education.com\/fr-ch\/high-school\/tarifs-et-informations\/tout-ceci-est-compris\/\">ce qui est inclus dans les frais du programme<\/a> et sur les co\u00fbts qui peuvent s&#8217;y ajouter. <\/em><\/p>\n\n<h2>Assurance<\/h2>\n\n<p>Tous les \u00e9l\u00e8ves STS doivent \u00eatre couverts par une assurance en cours de validit\u00e9 pendant toute la dur\u00e9e de leur s\u00e9jour dans le pays d\u2019accueil. Nous proposons des assurances sur-mesure couvrant la maladie, les accidents, la responsabilit\u00e9 et les bagages, reconnues par les agences gouvernementales du pays o\u00f9 tu pars.<\/p>\n\n<p>Si tu optes pour une autre police d\u2019assurance, elle doit \u00eatre reconnue par les autorit\u00e9s de ton pays d\u2019accueil (agence gouvernementale ou \u00e9tablissement scolaire). Contacte STS, nous t\u2019aiderons \u00e0 faire les bons choix concernant l\u2019assurance.<\/p>\n\n<h2>Annulation et protection-annulation<\/h2>\n\n<h3>Annuler ton voyage<\/h3>\n\n<p>Si tu choisis d\u2019annuler ton ann\u00e9e \u00e0 l\u2019\u00e9tranger plus de cinq mois avant la date de ton d\u00e9part, STS conservera les frais d\u2019inscription. Si vous optez pour une protection-annulation au moment de votre r\u00e9servation, d\u2019autres r\u00e8gles s\u2019appliquent.<\/p>\n\n<h3>Protection-annulation<\/h3>\n\n<p>Vous avez la possibilit\u00e9 de souscrire, par l&#8217;interm\u00e9diaire de STS, l&#8217;assurance voyage avec protection contre l&#8217;annulation &#8220;Allianz Global Assistance Secure Trip pour juniors&#8221;.<\/p>\n\n<p>Une protection fiable pour vos besoins personnels &#8211; partout et \u00e0 tout moment. Avec le package d&#8217;assurance voyage Classic et Premium, vous \u00eates assur\u00e9 dans le monde entier pour un voyage et b\u00e9n\u00e9ficiez d&#8217;une protection compl\u00e8te.<\/p>\n\n<p><strong>Secure Trip Classic<\/strong> : <strong>CHF 159.00<\/strong><br>Comprend les frais d&#8217;annulation, l&#8217;assistance, les frais de recherche et de sauvetage, le retard de vol et une hotline voyage 24h\/24.<\/p>\n\n<p><strong>Secure Trip Premium :<\/strong> <strong>CHF 215.00<\/strong><br>Comprend les frais d&#8217;annulation, l&#8217;assistance, les frais de recherche et de sauvetage, le retard de vol, les frais m\u00e9dicaux \u00e0 l&#8217;\u00e9tranger, la protection juridique, une hotline voyage 24h\/24, etc.<\/p>\n\n<p>Cette protection est facultative et est recommand\u00e9e lors de la conclusion du contrat afin que tous les paiements soient couverts.<\/p>\n\n<h2>Questions concernant votre paiement<\/h2>\n\n<p>Pour toutes questions concernant votre paiement, le financement, l\u2019assurance, la famille d\u2019accueil, les options, etc., n\u2019h\u00e9sitez pas \u00e0 nous <a href=\"https:\/\/www.sts-education.com\/fr-ch\/a-propos-de-sts\/contactez-nous\/\">contacter<\/a>, nous serons ravis de vous aider.<\/p>\n<\/div><\/div><\/div>\n","protected":false},"excerpt":{"rendered":"","protected":false},"author":20,"featured_media":0,"parent":10959,"menu_order":0,"comment_status":"closed","ping_status":"closed","template":"templates\/template-default-with-breadcrumbs.php","meta":{"_acf_changed":false,"sts_page_background_color":"","footnotes":""},"wpw_page_folders":[86],"class_list":["post-10987","page","type-page","status-publish","hentry"],"acf":[],"yoast_head":"<!-- This site is optimized with the Yoast SEO Premium plugin v27.2 (Yoast SEO v27.3) - https:\/\/yoast.com\/product\/yoast-seo-premium-wordpress\/ -->\n<title>Inscription et paiement s\u00e9curis\u00e9 pour ton ann\u00e9e d&#039;\u00e9change | STS<\/title>\n<meta name=\"description\" content=\"Si tu souhaites poser ta candidature pour un programme d&#039;\u00e9change chez nous et que nous t&#039;acceptons, tu devras payer des frais d&#039;inscription. Le paiement s&#039;effectue ensuite en plusieurs versements.\" \/>\n<meta name=\"robots\" content=\"index, follow, max-snippet:-1, max-image-preview:large, max-video-preview:-1\" \/>\n<link rel=\"canonical\" href=\"https:\/\/www.sts-education.com\/fr-ch\/high-school\/tarifs-et-informations\/reservation-et-paiement\/\" \/>\n<meta property=\"og:locale\" content=\"fr_FR\" \/>\n<meta property=\"og:type\" content=\"article\" \/>\n<meta property=\"og:title\" content=\"Reservation Et Paiement\" \/>\n<meta property=\"og:description\" content=\"Si tu souhaites poser ta candidature pour un programme d&#039;\u00e9change chez nous et que nous t&#039;acceptons, tu devras payer des frais d&#039;inscription. Le paiement s&#039;effectue ensuite en plusieurs versements.\" \/>\n<meta property=\"og:url\" content=\"https:\/\/www.sts-education.com\/fr-ch\/high-school\/tarifs-et-informations\/reservation-et-paiement\/\" \/>\n<meta property=\"og:site_name\" content=\"STS Education\" \/>\n<meta property=\"article:modified_time\" content=\"2026-04-14T10:02:35+00:00\" \/>\n<meta property=\"og:image\" content=\"https:\/\/cdn.sts-education.com\/12578_hero_lg_xl.jpg\" \/>\n<meta name=\"twitter:card\" content=\"summary_large_image\" \/>\n<meta name=\"twitter:label1\" content=\"Est. reading time\" \/>\n\t<meta name=\"twitter:data1\" content=\"2 minutes\" \/>\n<script type=\"application\/ld+json\" class=\"yoast-schema-graph\">{\"@context\":\"https:\\\/\\\/schema.org\",\"@graph\":[{\"@type\":\"WebPage\",\"@id\":\"https:\\\/\\\/www.sts-education.com\\\/fr-ch\\\/high-school\\\/tarifs-et-informations\\\/reservation-et-paiement\\\/\",\"url\":\"https:\\\/\\\/www.sts-education.com\\\/fr-ch\\\/high-school\\\/tarifs-et-informations\\\/reservation-et-paiement\\\/\",\"name\":\"Inscription et paiement s\u00e9curis\u00e9 pour ton ann\u00e9e d'\u00e9change | STS\",\"isPartOf\":{\"@id\":\"https:\\\/\\\/www.sts-education.com\\\/fr-ch\\\/#website\"},\"primaryImageOfPage\":{\"@id\":\"https:\\\/\\\/www.sts-education.com\\\/fr-ch\\\/high-school\\\/tarifs-et-informations\\\/reservation-et-paiement\\\/#primaryimage\"},\"image\":{\"@id\":\"https:\\\/\\\/www.sts-education.com\\\/fr-ch\\\/high-school\\\/tarifs-et-informations\\\/reservation-et-paiement\\\/#primaryimage\"},\"thumbnailUrl\":\"https:\\\/\\\/cdn.sts-education.com\\\/12578_hero_lg_xl.jpg\",\"datePublished\":\"2025-12-16T10:19:15+00:00\",\"dateModified\":\"2026-04-14T10:02:35+00:00\",\"description\":\"Si tu souhaites poser ta candidature pour un programme d'\u00e9change chez nous et que nous t'acceptons, tu devras payer des frais d'inscription. Le paiement s'effectue ensuite en plusieurs versements.\",\"breadcrumb\":{\"@id\":\"https:\\\/\\\/www.sts-education.com\\\/fr-ch\\\/high-school\\\/tarifs-et-informations\\\/reservation-et-paiement\\\/#breadcrumb\"},\"inLanguage\":\"fr-CH\",\"potentialAction\":[{\"@type\":\"ReadAction\",\"target\":[\"https:\\\/\\\/www.sts-education.com\\\/fr-ch\\\/high-school\\\/tarifs-et-informations\\\/reservation-et-paiement\\\/\"]}]},{\"@type\":\"ImageObject\",\"inLanguage\":\"fr-CH\",\"@id\":\"https:\\\/\\\/www.sts-education.com\\\/fr-ch\\\/high-school\\\/tarifs-et-informations\\\/reservation-et-paiement\\\/#primaryimage\",\"url\":\"https:\\\/\\\/cdn.sts-education.com\\\/12578_hero_lg_xl.jpg\",\"contentUrl\":\"https:\\\/\\\/cdn.sts-education.com\\\/12578_hero_lg_xl.jpg\"},{\"@type\":\"BreadcrumbList\",\"@id\":\"https:\\\/\\\/www.sts-education.com\\\/fr-ch\\\/high-school\\\/tarifs-et-informations\\\/reservation-et-paiement\\\/#breadcrumb\",\"itemListElement\":[{\"@type\":\"ListItem\",\"position\":1,\"name\":\"Home\",\"item\":\"https:\\\/\\\/www.sts-education.com\\\/fr-ch\\\/\"},{\"@type\":\"ListItem\",\"position\":2,\"name\":\"High school\",\"item\":\"https:\\\/\\\/www.sts-education.com\\\/fr-ch\\\/high-school\\\/\"},{\"@type\":\"ListItem\",\"position\":3,\"name\":\"Tarifs Et Informations\",\"item\":\"https:\\\/\\\/www.sts-education.com\\\/fr-ch\\\/high-school\\\/tarifs-et-informations\\\/\"},{\"@type\":\"ListItem\",\"position\":4,\"name\":\"Reservation Et Paiement\"}]},{\"@type\":\"WebSite\",\"@id\":\"https:\\\/\\\/www.sts-education.com\\\/fr-ch\\\/#website\",\"url\":\"https:\\\/\\\/www.sts-education.com\\\/fr-ch\\\/\",\"name\":\"STS Education\",\"description\":\"\",\"potentialAction\":[{\"@type\":\"SearchAction\",\"target\":{\"@type\":\"EntryPoint\",\"urlTemplate\":\"https:\\\/\\\/www.sts-education.com\\\/fr-ch\\\/?s={search_term_string}\"},\"query-input\":{\"@type\":\"PropertyValueSpecification\",\"valueRequired\":true,\"valueName\":\"search_term_string\"}}],\"inLanguage\":\"fr-CH\"}]}<\/script>\n<!-- \/ Yoast SEO Premium plugin. -->","yoast_head_json":{"title":"Inscription et paiement s\u00e9curis\u00e9 pour ton ann\u00e9e d'\u00e9change | STS","description":"Si tu souhaites poser ta candidature pour un programme d'\u00e9change chez nous et que nous t'acceptons, tu devras payer des frais d'inscription. Le paiement s'effectue ensuite en plusieurs versements.","robots":{"index":"index","follow":"follow","max-snippet":"max-snippet:-1","max-image-preview":"max-image-preview:large","max-video-preview":"max-video-preview:-1"},"canonical":"https:\/\/www.sts-education.com\/fr-ch\/high-school\/tarifs-et-informations\/reservation-et-paiement\/","og_locale":"fr_FR","og_type":"article","og_title":"Reservation Et Paiement","og_description":"Si tu souhaites poser ta candidature pour un programme d'\u00e9change chez nous et que nous t'acceptons, tu devras payer des frais d'inscription. Le paiement s'effectue ensuite en plusieurs versements.","og_url":"https:\/\/www.sts-education.com\/fr-ch\/high-school\/tarifs-et-informations\/reservation-et-paiement\/","og_site_name":"STS Education","article_modified_time":"2026-04-14T10:02:35+00:00","og_image":[{"url":"https:\/\/cdn.sts-education.com\/12578_hero_lg_xl.jpg","type":"","width":"","height":""}],"twitter_card":"summary_large_image","twitter_misc":{"Est. reading time":"2 minutes"},"schema":{"@context":"https:\/\/schema.org","@graph":[{"@type":"WebPage","@id":"https:\/\/www.sts-education.com\/fr-ch\/high-school\/tarifs-et-informations\/reservation-et-paiement\/","url":"https:\/\/www.sts-education.com\/fr-ch\/high-school\/tarifs-et-informations\/reservation-et-paiement\/","name":"Inscription et paiement s\u00e9curis\u00e9 pour ton ann\u00e9e d'\u00e9change | STS","isPartOf":{"@id":"https:\/\/www.sts-education.com\/fr-ch\/#website"},"primaryImageOfPage":{"@id":"https:\/\/www.sts-education.com\/fr-ch\/high-school\/tarifs-et-informations\/reservation-et-paiement\/#primaryimage"},"image":{"@id":"https:\/\/www.sts-education.com\/fr-ch\/high-school\/tarifs-et-informations\/reservation-et-paiement\/#primaryimage"},"thumbnailUrl":"https:\/\/cdn.sts-education.com\/12578_hero_lg_xl.jpg","datePublished":"2025-12-16T10:19:15+00:00","dateModified":"2026-04-14T10:02:35+00:00","description":"Si tu souhaites poser ta candidature pour un programme d'\u00e9change chez nous et que nous t'acceptons, tu devras payer des frais d'inscription. Le paiement s'effectue ensuite en plusieurs versements.","breadcrumb":{"@id":"https:\/\/www.sts-education.com\/fr-ch\/high-school\/tarifs-et-informations\/reservation-et-paiement\/#breadcrumb"},"inLanguage":"fr-CH","potentialAction":[{"@type":"ReadAction","target":["https:\/\/www.sts-education.com\/fr-ch\/high-school\/tarifs-et-informations\/reservation-et-paiement\/"]}]},{"@type":"ImageObject","inLanguage":"fr-CH","@id":"https:\/\/www.sts-education.com\/fr-ch\/high-school\/tarifs-et-informations\/reservation-et-paiement\/#primaryimage","url":"https:\/\/cdn.sts-education.com\/12578_hero_lg_xl.jpg","contentUrl":"https:\/\/cdn.sts-education.com\/12578_hero_lg_xl.jpg"},{"@type":"BreadcrumbList","@id":"https:\/\/www.sts-education.com\/fr-ch\/high-school\/tarifs-et-informations\/reservation-et-paiement\/#breadcrumb","itemListElement":[{"@type":"ListItem","position":1,"name":"Home","item":"https:\/\/www.sts-education.com\/fr-ch\/"},{"@type":"ListItem","position":2,"name":"High school","item":"https:\/\/www.sts-education.com\/fr-ch\/high-school\/"},{"@type":"ListItem","position":3,"name":"Tarifs Et Informations","item":"https:\/\/www.sts-education.com\/fr-ch\/high-school\/tarifs-et-informations\/"},{"@type":"ListItem","position":4,"name":"Reservation Et Paiement"}]},{"@type":"WebSite","@id":"https:\/\/www.sts-education.com\/fr-ch\/#website","url":"https:\/\/www.sts-education.com\/fr-ch\/","name":"STS Education","description":"","potentialAction":[{"@type":"SearchAction","target":{"@type":"EntryPoint","urlTemplate":"https:\/\/www.sts-education.com\/fr-ch\/?s={search_term_string}"},"query-input":{"@type":"PropertyValueSpecification","valueRequired":true,"valueName":"search_term_string"}}],"inLanguage":"fr-CH"}]}},"_links":{"self":[{"href":"https:\/\/www.sts-education.com\/fr-ch\/wp-json\/wp\/v2\/pages\/10987","targetHints":{"allow":["GET"]}}],"collection":[{"href":"https:\/\/www.sts-education.com\/fr-ch\/wp-json\/wp\/v2\/pages"}],"about":[{"href":"https:\/\/www.sts-education.com\/fr-ch\/wp-json\/wp\/v2\/types\/page"}],"author":[{"embeddable":true,"href":"https:\/\/www.sts-education.com\/fr-ch\/wp-json\/wp\/v2\/users\/20"}],"replies":[{"embeddable":true,"href":"https:\/\/www.sts-education.com\/fr-ch\/wp-json\/wp\/v2\/comments?post=10987"}],"version-history":[{"count":4,"href":"https:\/\/www.sts-education.com\/fr-ch\/wp-json\/wp\/v2\/pages\/10987\/revisions"}],"predecessor-version":[{"id":33581,"href":"https:\/\/www.sts-education.com\/fr-ch\/wp-json\/wp\/v2\/pages\/10987\/revisions\/33581"}],"up":[{"embeddable":true,"href":"https:\/\/www.sts-education.com\/fr-ch\/wp-json\/wp\/v2\/pages\/10959"}],"wp:attachment":[{"href":"https:\/\/www.sts-education.com\/fr-ch\/wp-json\/wp\/v2\/media?parent=10987"}],"wp:term":[{"taxonomy":"wpw_page_folders","embeddable":true,"href":"https:\/\/www.sts-education.com\/fr-ch\/wp-json\/wp\/v2\/wpw_page_folders?post=10987"}],"curies":[{"name":"wp","href":"https:\/\/api.w.org\/{rel}","templated":true}]}}