{"id":10988,"date":"2025-12-16T10:18:24","date_gmt":"2025-12-16T10:18:24","guid":{"rendered":"https:\/\/preprod.sts-education.com\/high-school\/tarifs-et-informations\/tout-ceci-est-compris\/"},"modified":"2026-04-14T10:02:37","modified_gmt":"2026-04-14T10:02:37","slug":"tout-ceci-est-compris","status":"publish","type":"page","link":"https:\/\/www.sts-education.com\/fr-ch\/high-school\/tarifs-et-informations\/tout-ceci-est-compris\/","title":{"rendered":"Tout Ceci Est Compris"},"content":{"rendered":"\n<section class=\"wp-block-sts-hero sts-block-hero is-variant-full-background has-text-light has-background-media\" style=\"--sts-hero-padding-mobile:0px;--sts-hero-padding-desktop:0px;--sts-hero-text-color:var(--wp--preset--color--base-10, #fff);\" data-variant=\"full-background\"><div class=\"sts-block-hero__background\"><picture class=\"sts-responsive-image has-fit-cover is-skeleton\"><img src=\"https:\/\/cdn.sts-education.com\/12639_hero_lg_xl.jpg\" alt=\"Tout ceci est compris\" loading=\"lazy\" decoding=\"async\" fetchpriority=\"low\" sizes=\"100vw\" \/><\/picture><span class=\"sts-block-hero__overlay\" aria-hidden=\"true\"><\/span><\/div><div class=\"sts-block-hero__inner\"><div class=\"sts-block-hero__content has-align-center\"><div class=\"sts-block-hero__content-inner\"><h1 class=\"sts-block-hero__heading\">Tout ceci est compris<\/h1><\/div><\/div><\/div><\/section>\n\n\n\n<div class=\"wp-block-sts-text sts-text-editor has-max-width-md\"><div class=\"sts-text-editor__content\"><div class=\"sts-text-editor__content-inner\">\n<p>Une ann\u00e9e d\u2019\u00e9change scolaire et marqu\u00e9e d\u2019exp\u00e9riences inoubliables dont tu prendras vite conscience. Tu vivras des moments uniques dont tu te souviendras toute ta vie.<\/p>\n\n<p>En partant avec STS, tu as acc\u00e8s \u00e0 l\u2019ensemble des connaissances de nos experts en High School, et nous te guiderons pour que ton s\u00e9jour \u00e0 l\u2019\u00e9tranger se passe le mieux possible.<\/p>\n\n<h2>Inclus avec STS<\/h2>\n\n<ul><li>L\u2019entretien, les rencontres et la documentation pour vous pr\u00e9parer toi et tes parents pour ton ann\u00e9e \u00e0 l\u2019\u00e9tranger.<\/li>\n<li>Le STS Welcome Camp est dans presque toutes les destinations inclus dans l\u2019ann\u00e9e en High School \u00e0 l\u2019\u00e9tranger avec un d\u00e9part \u00e0 l\u2019automne.<\/li>\n<li>Aller-retour en train ou avion vers ton pays d\u2019accueil. (\u00c9ventuelles taxes de vol incluses)<\/li>\n<li>Garantie de d\u00e9part &#8211; Si tu es accept\u00e9(e) et que, pour une raison ou une autre, tu n&#8217;es pas plac\u00e9(e) selon ton choix initial, nous pouvons toujours te proposer une alternative. <\/li>\n<li>Sac \u00e0 dos STS.<\/li>\n<li>Un employ\u00e9 local ou une famille d&#8217;accueil vous accueillera \u00e0 la gare ou \u00e0 l&#8217;a\u00e9roport.<\/li>\n<li>Tu seras accueilli, log\u00e9, nourri et blanchi dans ta famille d\u2019accueil.<\/li>\n<li>Les repr\u00e9sentants r\u00e9gionaux, le bureau r\u00e9gional et le si\u00e8ge de STS restent joignables pendant toute la dur\u00e9e du programme.<\/li>\n<li>Un service t\u00e9l\u00e9phonique 24\/7. Nous sommes toujours joignables.<\/li>\n<li>Les r\u00e9unions d\u2019information pendant l\u2019ann\u00e9e scolaire, avec les repr\u00e9sentants locaux et d\u2019autres \u00e9l\u00e8ves d\u2019\u00e9change.<\/li>\n<li>Ton certificat \u00e0 l\u2019issue de ton ann\u00e9e \u00e0 l\u2019\u00e9tranger ou de l\u2019ann\u00e9e scolaire.<\/li><\/ul>\n\n<h2>Frais suppl\u00e9mentaires<\/h2>\n\n<p>Pour ton ann\u00e9e \u00e0 l\u2019\u00e9tranger, tu peux en plus choisir d\u2019ajouter certaines <a href=\"https:\/\/www.sts-education.com\/fr-ch\/high-school\/tarifs-et-informations\/options\/\">options<\/a> avec des frais suppl\u00e9mentaires. Les frais suppl\u00e9mentaires comprennent :<\/p>\n\n<ul><li>Examens m\u00e9dicaux<\/li>\n<li>Vaccins, le cas \u00e9ch\u00e9ant<\/li>\n<li>Visa, le cas \u00e9ch\u00e9ant, et les frais associ\u00e9s<\/li>\n<li>Assurance annulation<\/li>\n<li>Argent de poche<\/li>\n<li>Produits d\u2019hygi\u00e8ne<\/li>\n<li>D\u00e9penses li\u00e9es aux voyages et autres activit\u00e9s dans ton pays d\u2019accueil<\/li>\n<li>Uniforme scolaire s\u2019il est impos\u00e9 par l\u2019\u00e9tablissement scolaire<\/li>\n<li>Repas scolaire<\/li>\n<li>Transport public\/bus scolaire<\/li>\n<li>Assurance<\/li>\n<li>Frais de change<\/li>\n<li>D\u2019autres frais suppl\u00e9mentaires peuvent s\u2019ajouter en cas de r\u00e9gime alimentaire sp\u00e9cifique<\/li><\/ul>\n<\/div><\/div><\/div>\n","protected":false},"excerpt":{"rendered":"","protected":false},"author":20,"featured_media":0,"parent":10959,"menu_order":0,"comment_status":"closed","ping_status":"closed","template":"templates\/template-default-with-breadcrumbs.php","meta":{"_acf_changed":false,"sts_page_background_color":"","footnotes":""},"wpw_page_folders":[86],"class_list":["post-10988","page","type-page","status-publish","hentry"],"acf":[],"yoast_head":"<!-- This site is optimized with the Yoast SEO Premium plugin v27.2 (Yoast SEO v27.3) - https:\/\/yoast.com\/product\/yoast-seo-premium-wordpress\/ -->\n<title>Ce que comprend le prix d\u2019une ann\u00e9e \u00e0 l\u2019\u00e9tranger<\/title>\n<meta name=\"description\" content=\"Tous les \u00e9l\u00e9ments suivants sont inclus dans une ann\u00e9e \u00e0 l\u2019\u00e9tranger avec STS. Entretien, Welcome Camp, voyage, scolarit\u00e9, logement, certificat, entre autres.\" \/>\n<meta name=\"robots\" content=\"index, follow, max-snippet:-1, max-image-preview:large, max-video-preview:-1\" \/>\n<link rel=\"canonical\" href=\"https:\/\/www.sts-education.com\/fr-ch\/high-school\/tarifs-et-informations\/tout-ceci-est-compris\/\" \/>\n<meta property=\"og:locale\" content=\"fr_FR\" \/>\n<meta property=\"og:type\" content=\"article\" \/>\n<meta property=\"og:title\" content=\"Tout Ceci Est Compris\" \/>\n<meta property=\"og:description\" content=\"Tous les \u00e9l\u00e9ments suivants sont inclus dans une ann\u00e9e \u00e0 l\u2019\u00e9tranger avec STS. Entretien, Welcome Camp, voyage, scolarit\u00e9, logement, certificat, entre autres.\" \/>\n<meta property=\"og:url\" content=\"https:\/\/www.sts-education.com\/fr-ch\/high-school\/tarifs-et-informations\/tout-ceci-est-compris\/\" \/>\n<meta property=\"og:site_name\" content=\"STS Education\" \/>\n<meta property=\"article:modified_time\" content=\"2026-04-14T10:02:37+00:00\" \/>\n<meta property=\"og:image\" content=\"https:\/\/cdn.sts-education.com\/12639_hero_lg_xl.jpg\" \/>\n<meta name=\"twitter:card\" content=\"summary_large_image\" \/>\n<meta name=\"twitter:label1\" content=\"Est. reading time\" \/>\n\t<meta name=\"twitter:data1\" content=\"2 minutes\" \/>\n<script type=\"application\/ld+json\" class=\"yoast-schema-graph\">{\"@context\":\"https:\\\/\\\/schema.org\",\"@graph\":[{\"@type\":\"WebPage\",\"@id\":\"https:\\\/\\\/www.sts-education.com\\\/fr-ch\\\/high-school\\\/tarifs-et-informations\\\/tout-ceci-est-compris\\\/\",\"url\":\"https:\\\/\\\/www.sts-education.com\\\/fr-ch\\\/high-school\\\/tarifs-et-informations\\\/tout-ceci-est-compris\\\/\",\"name\":\"Ce que comprend le prix d\u2019une ann\u00e9e \u00e0 l\u2019\u00e9tranger\",\"isPartOf\":{\"@id\":\"https:\\\/\\\/www.sts-education.com\\\/fr-ch\\\/#website\"},\"primaryImageOfPage\":{\"@id\":\"https:\\\/\\\/www.sts-education.com\\\/fr-ch\\\/high-school\\\/tarifs-et-informations\\\/tout-ceci-est-compris\\\/#primaryimage\"},\"image\":{\"@id\":\"https:\\\/\\\/www.sts-education.com\\\/fr-ch\\\/high-school\\\/tarifs-et-informations\\\/tout-ceci-est-compris\\\/#primaryimage\"},\"thumbnailUrl\":\"https:\\\/\\\/cdn.sts-education.com\\\/12639_hero_lg_xl.jpg\",\"datePublished\":\"2025-12-16T10:18:24+00:00\",\"dateModified\":\"2026-04-14T10:02:37+00:00\",\"description\":\"Tous les \u00e9l\u00e9ments suivants sont inclus dans une ann\u00e9e \u00e0 l\u2019\u00e9tranger avec STS. Entretien, Welcome Camp, voyage, scolarit\u00e9, logement, certificat, entre autres.\",\"breadcrumb\":{\"@id\":\"https:\\\/\\\/www.sts-education.com\\\/fr-ch\\\/high-school\\\/tarifs-et-informations\\\/tout-ceci-est-compris\\\/#breadcrumb\"},\"inLanguage\":\"fr-CH\",\"potentialAction\":[{\"@type\":\"ReadAction\",\"target\":[\"https:\\\/\\\/www.sts-education.com\\\/fr-ch\\\/high-school\\\/tarifs-et-informations\\\/tout-ceci-est-compris\\\/\"]}]},{\"@type\":\"ImageObject\",\"inLanguage\":\"fr-CH\",\"@id\":\"https:\\\/\\\/www.sts-education.com\\\/fr-ch\\\/high-school\\\/tarifs-et-informations\\\/tout-ceci-est-compris\\\/#primaryimage\",\"url\":\"https:\\\/\\\/cdn.sts-education.com\\\/12639_hero_lg_xl.jpg\",\"contentUrl\":\"https:\\\/\\\/cdn.sts-education.com\\\/12639_hero_lg_xl.jpg\"},{\"@type\":\"BreadcrumbList\",\"@id\":\"https:\\\/\\\/www.sts-education.com\\\/fr-ch\\\/high-school\\\/tarifs-et-informations\\\/tout-ceci-est-compris\\\/#breadcrumb\",\"itemListElement\":[{\"@type\":\"ListItem\",\"position\":1,\"name\":\"Home\",\"item\":\"https:\\\/\\\/www.sts-education.com\\\/fr-ch\\\/\"},{\"@type\":\"ListItem\",\"position\":2,\"name\":\"High school\",\"item\":\"https:\\\/\\\/www.sts-education.com\\\/fr-ch\\\/high-school\\\/\"},{\"@type\":\"ListItem\",\"position\":3,\"name\":\"Tarifs Et Informations\",\"item\":\"https:\\\/\\\/www.sts-education.com\\\/fr-ch\\\/high-school\\\/tarifs-et-informations\\\/\"},{\"@type\":\"ListItem\",\"position\":4,\"name\":\"Tout Ceci Est Compris\"}]},{\"@type\":\"WebSite\",\"@id\":\"https:\\\/\\\/www.sts-education.com\\\/fr-ch\\\/#website\",\"url\":\"https:\\\/\\\/www.sts-education.com\\\/fr-ch\\\/\",\"name\":\"STS Education\",\"description\":\"\",\"potentialAction\":[{\"@type\":\"SearchAction\",\"target\":{\"@type\":\"EntryPoint\",\"urlTemplate\":\"https:\\\/\\\/www.sts-education.com\\\/fr-ch\\\/?s={search_term_string}\"},\"query-input\":{\"@type\":\"PropertyValueSpecification\",\"valueRequired\":true,\"valueName\":\"search_term_string\"}}],\"inLanguage\":\"fr-CH\"}]}<\/script>\n<!-- \/ Yoast SEO Premium plugin. -->","yoast_head_json":{"title":"Ce que comprend le prix d\u2019une ann\u00e9e \u00e0 l\u2019\u00e9tranger","description":"Tous les \u00e9l\u00e9ments suivants sont inclus dans une ann\u00e9e \u00e0 l\u2019\u00e9tranger avec STS. Entretien, Welcome Camp, voyage, scolarit\u00e9, logement, certificat, entre autres.","robots":{"index":"index","follow":"follow","max-snippet":"max-snippet:-1","max-image-preview":"max-image-preview:large","max-video-preview":"max-video-preview:-1"},"canonical":"https:\/\/www.sts-education.com\/fr-ch\/high-school\/tarifs-et-informations\/tout-ceci-est-compris\/","og_locale":"fr_FR","og_type":"article","og_title":"Tout Ceci Est Compris","og_description":"Tous les \u00e9l\u00e9ments suivants sont inclus dans une ann\u00e9e \u00e0 l\u2019\u00e9tranger avec STS. Entretien, Welcome Camp, voyage, scolarit\u00e9, logement, certificat, entre autres.","og_url":"https:\/\/www.sts-education.com\/fr-ch\/high-school\/tarifs-et-informations\/tout-ceci-est-compris\/","og_site_name":"STS Education","article_modified_time":"2026-04-14T10:02:37+00:00","og_image":[{"url":"https:\/\/cdn.sts-education.com\/12639_hero_lg_xl.jpg","type":"","width":"","height":""}],"twitter_card":"summary_large_image","twitter_misc":{"Est. reading time":"2 minutes"},"schema":{"@context":"https:\/\/schema.org","@graph":[{"@type":"WebPage","@id":"https:\/\/www.sts-education.com\/fr-ch\/high-school\/tarifs-et-informations\/tout-ceci-est-compris\/","url":"https:\/\/www.sts-education.com\/fr-ch\/high-school\/tarifs-et-informations\/tout-ceci-est-compris\/","name":"Ce que comprend le prix d\u2019une ann\u00e9e \u00e0 l\u2019\u00e9tranger","isPartOf":{"@id":"https:\/\/www.sts-education.com\/fr-ch\/#website"},"primaryImageOfPage":{"@id":"https:\/\/www.sts-education.com\/fr-ch\/high-school\/tarifs-et-informations\/tout-ceci-est-compris\/#primaryimage"},"image":{"@id":"https:\/\/www.sts-education.com\/fr-ch\/high-school\/tarifs-et-informations\/tout-ceci-est-compris\/#primaryimage"},"thumbnailUrl":"https:\/\/cdn.sts-education.com\/12639_hero_lg_xl.jpg","datePublished":"2025-12-16T10:18:24+00:00","dateModified":"2026-04-14T10:02:37+00:00","description":"Tous les \u00e9l\u00e9ments suivants sont inclus dans une ann\u00e9e \u00e0 l\u2019\u00e9tranger avec STS. Entretien, Welcome Camp, voyage, scolarit\u00e9, logement, certificat, entre autres.","breadcrumb":{"@id":"https:\/\/www.sts-education.com\/fr-ch\/high-school\/tarifs-et-informations\/tout-ceci-est-compris\/#breadcrumb"},"inLanguage":"fr-CH","potentialAction":[{"@type":"ReadAction","target":["https:\/\/www.sts-education.com\/fr-ch\/high-school\/tarifs-et-informations\/tout-ceci-est-compris\/"]}]},{"@type":"ImageObject","inLanguage":"fr-CH","@id":"https:\/\/www.sts-education.com\/fr-ch\/high-school\/tarifs-et-informations\/tout-ceci-est-compris\/#primaryimage","url":"https:\/\/cdn.sts-education.com\/12639_hero_lg_xl.jpg","contentUrl":"https:\/\/cdn.sts-education.com\/12639_hero_lg_xl.jpg"},{"@type":"BreadcrumbList","@id":"https:\/\/www.sts-education.com\/fr-ch\/high-school\/tarifs-et-informations\/tout-ceci-est-compris\/#breadcrumb","itemListElement":[{"@type":"ListItem","position":1,"name":"Home","item":"https:\/\/www.sts-education.com\/fr-ch\/"},{"@type":"ListItem","position":2,"name":"High school","item":"https:\/\/www.sts-education.com\/fr-ch\/high-school\/"},{"@type":"ListItem","position":3,"name":"Tarifs Et Informations","item":"https:\/\/www.sts-education.com\/fr-ch\/high-school\/tarifs-et-informations\/"},{"@type":"ListItem","position":4,"name":"Tout Ceci Est Compris"}]},{"@type":"WebSite","@id":"https:\/\/www.sts-education.com\/fr-ch\/#website","url":"https:\/\/www.sts-education.com\/fr-ch\/","name":"STS Education","description":"","potentialAction":[{"@type":"SearchAction","target":{"@type":"EntryPoint","urlTemplate":"https:\/\/www.sts-education.com\/fr-ch\/?s={search_term_string}"},"query-input":{"@type":"PropertyValueSpecification","valueRequired":true,"valueName":"search_term_string"}}],"inLanguage":"fr-CH"}]}},"_links":{"self":[{"href":"https:\/\/www.sts-education.com\/fr-ch\/wp-json\/wp\/v2\/pages\/10988","targetHints":{"allow":["GET"]}}],"collection":[{"href":"https:\/\/www.sts-education.com\/fr-ch\/wp-json\/wp\/v2\/pages"}],"about":[{"href":"https:\/\/www.sts-education.com\/fr-ch\/wp-json\/wp\/v2\/types\/page"}],"author":[{"embeddable":true,"href":"https:\/\/www.sts-education.com\/fr-ch\/wp-json\/wp\/v2\/users\/20"}],"replies":[{"embeddable":true,"href":"https:\/\/www.sts-education.com\/fr-ch\/wp-json\/wp\/v2\/comments?post=10988"}],"version-history":[{"count":4,"href":"https:\/\/www.sts-education.com\/fr-ch\/wp-json\/wp\/v2\/pages\/10988\/revisions"}],"predecessor-version":[{"id":33583,"href":"https:\/\/www.sts-education.com\/fr-ch\/wp-json\/wp\/v2\/pages\/10988\/revisions\/33583"}],"up":[{"embeddable":true,"href":"https:\/\/www.sts-education.com\/fr-ch\/wp-json\/wp\/v2\/pages\/10959"}],"wp:attachment":[{"href":"https:\/\/www.sts-education.com\/fr-ch\/wp-json\/wp\/v2\/media?parent=10988"}],"wp:term":[{"taxonomy":"wpw_page_folders","embeddable":true,"href":"https:\/\/www.sts-education.com\/fr-ch\/wp-json\/wp\/v2\/wpw_page_folders?post=10988"}],"curies":[{"name":"wp","href":"https:\/\/api.w.org\/{rel}","templated":true}]}}