{"id":23791,"date":"2026-01-12T13:57:59","date_gmt":"2026-01-12T13:57:59","guid":{"rendered":"https:\/\/preprod.sts-education.com\/news\/"},"modified":"2026-04-15T06:12:59","modified_gmt":"2026-04-15T06:12:59","slug":"actu","status":"publish","type":"page","link":"https:\/\/www.sts-education.com\/fr-ch\/actu\/","title":{"rendered":"Actu"},"content":{"rendered":"\n<div class=\"wp-block-sts-filter-posts-news sts-block-cards sts-block-cards--listing is-expanded has-max-width-lg\" data-post-type=\"news\" data-read-more-label=\"Read more\"><div class=\"sts-block-filter-posts__info\"><h2 class=\"sts-block-filter-posts__heading\">Actu<\/h2><p class=\"preamble sts-block-filter-posts__preamble\">Retrouve les toutes derni\u00e8res news de STS Education ici. Nous partageons tout notre go\u00fbt pour les voyages linguistiques et les \u00e9changes en High School, ainsi que des astuces et conseils avant votre d\u00e9part. <\/p><\/div><div class=\"sts-block-filter-posts__posts\" data-filter-loading=\"true\"><div class=\"sts-block-filter-posts__overlay\"><div class=\"sts-block-filter-posts__loading is-visible\" aria-hidden=\"true\"><div class=\"sts-block-filter-posts__spinner\"><img decoding=\"async\" src=\"https:\/\/powered-by.qbank.se\/educatius\/sts\/\/9c1ffce10234eb3b15bf318f2f5ec588_svg.svg\" alt=\"\" aria-hidden=\"true\"\/><\/div><\/div><\/div><div class=\"sts-block-filter-posts__tags\" data-filter-tags=\"true\"><\/div><div class=\"sts-block-cards__list sts-block-cards__list--listing has-max-width-lg\" data-filter-list=\"true\"><\/div><p class=\"sts-block-filter-posts__empty\" data-filter-empty=\"true\">No posts found.<\/p><div class=\"sts-block-filter-posts__footer\"><button type=\"button\" class=\"sts-cta sts-cta--outlined sts-block-filter-posts__more\" data-filter-more=\"true\" style=\"display:none\">Show more<\/button><\/div><\/div><\/div>\n","protected":false},"excerpt":{"rendered":"","protected":false},"author":9,"featured_media":0,"parent":0,"menu_order":0,"comment_status":"closed","ping_status":"closed","template":"templates\/template-default-with-breadcrumbs.php","meta":{"_acf_changed":false,"sts_page_background_color":"","footnotes":""},"wpw_page_folders":[77],"class_list":["post-23791","page","type-page","status-publish","hentry"],"acf":[],"yoast_head":"<!-- This site is optimized with the Yoast SEO Premium plugin v27.2 (Yoast SEO v27.3) - https:\/\/yoast.com\/product\/yoast-seo-premium-wordpress\/ -->\n<title>Actu - STS Education<\/title>\n<meta name=\"robots\" content=\"index, follow, max-snippet:-1, max-image-preview:large, max-video-preview:-1\" \/>\n<link rel=\"canonical\" href=\"https:\/\/www.sts-education.com\/fr-ch\/actu\/\" \/>\n<meta property=\"og:locale\" content=\"fr_FR\" \/>\n<meta property=\"og:type\" content=\"article\" \/>\n<meta property=\"og:title\" content=\"Actu\" \/>\n<meta property=\"og:url\" content=\"https:\/\/www.sts-education.com\/fr-ch\/actu\/\" \/>\n<meta property=\"og:site_name\" content=\"STS Education\" \/>\n<meta property=\"article:modified_time\" content=\"2026-04-15T06:12:59+00:00\" \/>\n<meta property=\"og:image\" content=\"https:\/\/powered-by.qbank.se\/educatius\/sts\/\/9c1ffce10234eb3b15bf318f2f5ec588_svg.svg\" \/>\n<meta name=\"twitter:card\" content=\"summary_large_image\" \/>\n<meta name=\"twitter:label1\" content=\"Est. reading time\" \/>\n\t<meta name=\"twitter:data1\" content=\"1 minute\" \/>\n<script type=\"application\/ld+json\" class=\"yoast-schema-graph\">{\"@context\":\"https:\\\/\\\/schema.org\",\"@graph\":[{\"@type\":\"WebPage\",\"@id\":\"https:\\\/\\\/www.sts-education.com\\\/fr-ch\\\/actu\\\/\",\"url\":\"https:\\\/\\\/www.sts-education.com\\\/fr-ch\\\/actu\\\/\",\"name\":\"Actu - STS Education\",\"isPartOf\":{\"@id\":\"https:\\\/\\\/www.sts-education.com\\\/fr-ch\\\/#website\"},\"primaryImageOfPage\":{\"@id\":\"https:\\\/\\\/www.sts-education.com\\\/fr-ch\\\/actu\\\/#primaryimage\"},\"image\":{\"@id\":\"https:\\\/\\\/www.sts-education.com\\\/fr-ch\\\/actu\\\/#primaryimage\"},\"thumbnailUrl\":\"https:\\\/\\\/powered-by.qbank.se\\\/educatius\\\/sts\\\/\\\/9c1ffce10234eb3b15bf318f2f5ec588_svg.svg\",\"datePublished\":\"2026-01-12T13:57:59+00:00\",\"dateModified\":\"2026-04-15T06:12:59+00:00\",\"breadcrumb\":{\"@id\":\"https:\\\/\\\/www.sts-education.com\\\/fr-ch\\\/actu\\\/#breadcrumb\"},\"inLanguage\":\"fr-CH\",\"potentialAction\":[{\"@type\":\"ReadAction\",\"target\":[\"https:\\\/\\\/www.sts-education.com\\\/fr-ch\\\/actu\\\/\"]}]},{\"@type\":\"ImageObject\",\"inLanguage\":\"fr-CH\",\"@id\":\"https:\\\/\\\/www.sts-education.com\\\/fr-ch\\\/actu\\\/#primaryimage\",\"url\":\"https:\\\/\\\/powered-by.qbank.se\\\/educatius\\\/sts\\\/\\\/9c1ffce10234eb3b15bf318f2f5ec588_svg.svg\",\"contentUrl\":\"https:\\\/\\\/powered-by.qbank.se\\\/educatius\\\/sts\\\/\\\/9c1ffce10234eb3b15bf318f2f5ec588_svg.svg\"},{\"@type\":\"BreadcrumbList\",\"@id\":\"https:\\\/\\\/www.sts-education.com\\\/fr-ch\\\/actu\\\/#breadcrumb\",\"itemListElement\":[{\"@type\":\"ListItem\",\"position\":1,\"name\":\"Home\",\"item\":\"https:\\\/\\\/www.sts-education.com\\\/fr-ch\\\/\"},{\"@type\":\"ListItem\",\"position\":2,\"name\":\"Actu\"}]},{\"@type\":\"WebSite\",\"@id\":\"https:\\\/\\\/www.sts-education.com\\\/fr-ch\\\/#website\",\"url\":\"https:\\\/\\\/www.sts-education.com\\\/fr-ch\\\/\",\"name\":\"STS Education\",\"description\":\"\",\"potentialAction\":[{\"@type\":\"SearchAction\",\"target\":{\"@type\":\"EntryPoint\",\"urlTemplate\":\"https:\\\/\\\/www.sts-education.com\\\/fr-ch\\\/?s={search_term_string}\"},\"query-input\":{\"@type\":\"PropertyValueSpecification\",\"valueRequired\":true,\"valueName\":\"search_term_string\"}}],\"inLanguage\":\"fr-CH\"}]}<\/script>\n<!-- \/ Yoast SEO Premium plugin. -->","yoast_head_json":{"title":"Actu - STS Education","robots":{"index":"index","follow":"follow","max-snippet":"max-snippet:-1","max-image-preview":"max-image-preview:large","max-video-preview":"max-video-preview:-1"},"canonical":"https:\/\/www.sts-education.com\/fr-ch\/actu\/","og_locale":"fr_FR","og_type":"article","og_title":"Actu","og_url":"https:\/\/www.sts-education.com\/fr-ch\/actu\/","og_site_name":"STS Education","article_modified_time":"2026-04-15T06:12:59+00:00","og_image":[{"url":"https:\/\/powered-by.qbank.se\/educatius\/sts\/\/9c1ffce10234eb3b15bf318f2f5ec588_svg.svg","type":"","width":"","height":""}],"twitter_card":"summary_large_image","twitter_misc":{"Est. reading time":"1 minute"},"schema":{"@context":"https:\/\/schema.org","@graph":[{"@type":"WebPage","@id":"https:\/\/www.sts-education.com\/fr-ch\/actu\/","url":"https:\/\/www.sts-education.com\/fr-ch\/actu\/","name":"Actu - STS Education","isPartOf":{"@id":"https:\/\/www.sts-education.com\/fr-ch\/#website"},"primaryImageOfPage":{"@id":"https:\/\/www.sts-education.com\/fr-ch\/actu\/#primaryimage"},"image":{"@id":"https:\/\/www.sts-education.com\/fr-ch\/actu\/#primaryimage"},"thumbnailUrl":"https:\/\/powered-by.qbank.se\/educatius\/sts\/\/9c1ffce10234eb3b15bf318f2f5ec588_svg.svg","datePublished":"2026-01-12T13:57:59+00:00","dateModified":"2026-04-15T06:12:59+00:00","breadcrumb":{"@id":"https:\/\/www.sts-education.com\/fr-ch\/actu\/#breadcrumb"},"inLanguage":"fr-CH","potentialAction":[{"@type":"ReadAction","target":["https:\/\/www.sts-education.com\/fr-ch\/actu\/"]}]},{"@type":"ImageObject","inLanguage":"fr-CH","@id":"https:\/\/www.sts-education.com\/fr-ch\/actu\/#primaryimage","url":"https:\/\/powered-by.qbank.se\/educatius\/sts\/\/9c1ffce10234eb3b15bf318f2f5ec588_svg.svg","contentUrl":"https:\/\/powered-by.qbank.se\/educatius\/sts\/\/9c1ffce10234eb3b15bf318f2f5ec588_svg.svg"},{"@type":"BreadcrumbList","@id":"https:\/\/www.sts-education.com\/fr-ch\/actu\/#breadcrumb","itemListElement":[{"@type":"ListItem","position":1,"name":"Home","item":"https:\/\/www.sts-education.com\/fr-ch\/"},{"@type":"ListItem","position":2,"name":"Actu"}]},{"@type":"WebSite","@id":"https:\/\/www.sts-education.com\/fr-ch\/#website","url":"https:\/\/www.sts-education.com\/fr-ch\/","name":"STS Education","description":"","potentialAction":[{"@type":"SearchAction","target":{"@type":"EntryPoint","urlTemplate":"https:\/\/www.sts-education.com\/fr-ch\/?s={search_term_string}"},"query-input":{"@type":"PropertyValueSpecification","valueRequired":true,"valueName":"search_term_string"}}],"inLanguage":"fr-CH"}]}},"_links":{"self":[{"href":"https:\/\/www.sts-education.com\/fr-ch\/wp-json\/wp\/v2\/pages\/23791","targetHints":{"allow":["GET"]}}],"collection":[{"href":"https:\/\/www.sts-education.com\/fr-ch\/wp-json\/wp\/v2\/pages"}],"about":[{"href":"https:\/\/www.sts-education.com\/fr-ch\/wp-json\/wp\/v2\/types\/page"}],"author":[{"embeddable":true,"href":"https:\/\/www.sts-education.com\/fr-ch\/wp-json\/wp\/v2\/users\/9"}],"replies":[{"embeddable":true,"href":"https:\/\/www.sts-education.com\/fr-ch\/wp-json\/wp\/v2\/comments?post=23791"}],"version-history":[{"count":3,"href":"https:\/\/www.sts-education.com\/fr-ch\/wp-json\/wp\/v2\/pages\/23791\/revisions"}],"predecessor-version":[{"id":35074,"href":"https:\/\/www.sts-education.com\/fr-ch\/wp-json\/wp\/v2\/pages\/23791\/revisions\/35074"}],"wp:attachment":[{"href":"https:\/\/www.sts-education.com\/fr-ch\/wp-json\/wp\/v2\/media?parent=23791"}],"wp:term":[{"taxonomy":"wpw_page_folders","embeddable":true,"href":"https:\/\/www.sts-education.com\/fr-ch\/wp-json\/wp\/v2\/wpw_page_folders?post=23791"}],"curies":[{"name":"wp","href":"https:\/\/api.w.org\/{rel}","templated":true}]}}