{"id":10643,"date":"2025-12-16T10:22:10","date_gmt":"2025-12-16T08:22:10","guid":{"rendered":"https:\/\/preprod.sts-education.com\/a-proposito-di-sts\/perche-scegliere-sts\/"},"modified":"2026-04-30T14:39:14","modified_gmt":"2026-04-30T12:39:14","slug":"perche-scegliere-sts","status":"publish","type":"page","link":"https:\/\/www.sts-education.com\/it\/a-proposito-di-sts\/perche-scegliere-sts\/","title":{"rendered":"Perch\u00e9 scegliere STS"},"content":{"rendered":"\n<section class=\"wp-block-sts-hero sts-block-hero sts-block-hero is-variant-full-background has-text-light has-background-media\" style=\"--sts-hero-padding-mobile:0px;--sts-hero-padding-desktop:0px;--sts-hero-text-color:var(--wp--preset--color--base-10, #fff)\" data-variant=\"full-background\"><div class=\"sts-block-hero__background\"><picture class=\"sts-responsive-image has-responsive-pos is-skeleton\" style=\"--sts-responsive-object-position-mobile:21% 23%;--sts-responsive-object-position-desktop:45% 54%\"><source media=\"(max-width: 640.98px)\" srcset=\"https:\/\/powered-by.qbank.se\/educatius\/sts\/6eebba19df90b99745033c579b20deef_9-16-small.webp 450w, https:\/\/powered-by.qbank.se\/educatius\/sts\/6eebba19df90b99745033c579b20deef_9-16-medium.webp 576w, https:\/\/powered-by.qbank.se\/educatius\/sts\/6eebba19df90b99745033c579b20deef_9-16-large.webp 864w\" sizes=\"(max-width: 640px) max(100vw, calc(clamp(320px, 100vh, 720px) * 9 \/ 16)), (max-width: 840px) max(100vw, calc(clamp(320px, 100vh, 720px) * 1 \/ 1)), max(100vw, calc(clamp(320px, 100vh, 720px) * 16 \/ 9))\" type=\"image\/webp\"\/><source media=\"(min-width: 641px) and (max-width: 840.98px)\" srcset=\"https:\/\/powered-by.qbank.se\/educatius\/sts\/6eebba19df90b99745033c579b20deef_1-1-thumb.webp 150w, https:\/\/powered-by.qbank.se\/educatius\/sts\/6eebba19df90b99745033c579b20deef_1-1-xsmall.webp 500w, https:\/\/powered-by.qbank.se\/educatius\/sts\/6eebba19df90b99745033c579b20deef_1-1-small.webp 800w, https:\/\/powered-by.qbank.se\/educatius\/sts\/6eebba19df90b99745033c579b20deef_1-1-medium.webp 1024w, https:\/\/powered-by.qbank.se\/educatius\/sts\/6eebba19df90b99745033c579b20deef_1-1-large.webp 1536w\" sizes=\"(max-width: 640px) max(100vw, calc(clamp(320px, 100vh, 720px) * 9 \/ 16)), (max-width: 840px) max(100vw, calc(clamp(320px, 100vh, 720px) * 1 \/ 1)), max(100vw, calc(clamp(320px, 100vh, 720px) * 16 \/ 9))\" type=\"image\/webp\"\/><source media=\"(min-width: 841px)\" srcset=\"https:\/\/powered-by.qbank.se\/educatius\/sts\/6eebba19df90b99745033c579b20deef_16-9-small.webp 800w, https:\/\/powered-by.qbank.se\/educatius\/sts\/6eebba19df90b99745033c579b20deef_16-9-medium.webp 1024w, https:\/\/powered-by.qbank.se\/educatius\/sts\/6eebba19df90b99745033c579b20deef_16-9-large.webp 1536w\" sizes=\"(max-width: 640px) max(100vw, calc(clamp(320px, 100vh, 720px) * 9 \/ 16)), (max-width: 840px) max(100vw, calc(clamp(320px, 100vh, 720px) * 1 \/ 1)), max(100vw, calc(clamp(320px, 100vh, 720px) * 16 \/ 9))\" type=\"image\/webp\"\/><img src=\"https:\/\/powered-by.qbank.se\/educatius\/sts\/6eebba19df90b99745033c579b20deef_1-1-thumb.webp\" alt=\"Perch\u00e9 scegliere STS?\" loading=\"lazy\" decoding=\"async\" fetchpriority=\"low\"\/><\/picture><span class=\"sts-block-hero__overlay\" aria-hidden=\"true\"><\/span><\/div><div class=\"sts-block-hero__inner\"><div class=\"sts-block-hero__content has-align-center\"><div class=\"sts-block-hero__content-inner\"><\/div><\/div><\/div><\/section>\n\n\n\n<section class=\"wp-block-sts-text-image-video sts-block-text-image-video is-desktop-text-left is-mobile-media-first has-max-width-lg is-media-video\"><div class=\"sts-block-text-image-video__inner\"><div class=\"sts-block-text-image-video__text\"><div class=\"sts-content-stack sts-content-stack--left\"><h1 class=\"sts-content-stack__heading\">Sarai sempre la nostra massima priorit\u00e0!<\/h1><div class=\"sts-content-stack__paragraph\">\n<p>Vogliamo un rapporto personale. Conosciamo i nostri studenti per nome e ti seguiremo nel tuo viaggio dall\u2019inizio alla fine. Saremo coinvolti emotivamente nella tua esperienza, per il tuo benessere e per il tuo futuro \u2013 e dedichiamo le nostre vite ad aiutarti a realizzare pienamente il tuo potenziale.<\/p>\n<\/div><\/div><\/div><div class=\"sts-block-text-image-video__media\"><section class=\"sts-block-text-image-video__video sts-block-video\"><div class=\"sts-video sts-video--landscape\"><div class=\"sts-video__handler\"><button type=\"button\" class=\"sts-video__play-button\" aria-label=\"Play video\" aria-pressed=\"false\" data-playing=\"false\"><span class=\"sts-video__play-icon\"><img decoding=\"async\" class=\"play-icon\" src=\"data:image\/svg+xml,%3csvg%20width='32'%20height='32'%20viewBox='0%200%2032%2032'%20fill='none'%20xmlns='http:\/\/www.w3.org\/2000\/svg'%3e%3cmask%20id='mask0_2459_8201'%20style='mask-type:alpha'%20maskUnits='userSpaceOnUse'%20x='0'%20y='0'%20width='32'%20height='32'%3e%3crect%20width='32'%20height='32'%20fill='%23D9D9D9'\/%3e%3c\/mask%3e%3cg%20mask='url(%23mask0_2459_8201)'%3e%3cpath%20d='M10.667%2022.8999V9.09993C10.667%208.72216%2010.8003%208.40549%2011.067%208.14993C11.3337%207.89438%2011.6448%207.7666%2012.0003%207.7666C12.1114%207.7666%2012.2281%207.78327%2012.3503%207.8166C12.4725%207.84993%2012.5892%207.89993%2012.7003%207.9666L23.567%2014.8666C23.767%2014.9999%2023.917%2015.1666%2024.017%2015.3666C24.117%2015.5666%2024.167%2015.7777%2024.167%2015.9999C24.167%2016.2222%2024.117%2016.4333%2024.017%2016.6333C23.917%2016.8333%2023.767%2016.9999%2023.567%2017.1333L12.7003%2024.0333C12.5892%2024.0999%2012.4725%2024.1499%2012.3503%2024.1833C12.2281%2024.2166%2012.1114%2024.2333%2012.0003%2024.2333C11.6448%2024.2333%2011.3337%2024.1055%2011.067%2023.8499C10.8003%2023.5944%2010.667%2023.2777%2010.667%2022.8999Z'%20fill='black'\/%3e%3c\/g%3e%3c\/svg%3e\" alt=\"\" aria-hidden=\"true\"\/><img decoding=\"async\" class=\"pause-icon\" src=\"data:image\/svg+xml,%3csvg%20width='32'%20height='32'%20viewBox='0%200%2032%2032'%20fill='none'%20xmlns='http:\/\/www.w3.org\/2000\/svg'%3e%3cmask%20id='mask0_pause'%20style='mask-type:alpha'%20maskUnits='userSpaceOnUse'%20x='0'%20y='0'%20width='32'%20height='32'%3e%3crect%20width='32'%20height='32'%20fill='%23D9D9D9'\/%3e%3c\/mask%3e%3cg%20mask='url(%23mask0_pause)'%3e%3c!--%20Left%20bar%20--%3e%3crect%20x='10'%20y='8'%20width='4'%20height='16'%20rx='1'%20fill='black'\/%3e%3c!--%20Right%20bar%20--%3e%3crect%20x='18'%20y='8'%20width='4'%20height='16'%20rx='1'%20fill='black'\/%3e%3c\/g%3e%3c\/svg%3e\" alt=\"\" aria-hidden=\"true\"\/><\/span><\/button><strong class=\"sts-video__duration\" data-duration-prefix=\"Video duration:\" data-unit-second=\"second\" data-unit-seconds=\"seconds\" data-unit-minute=\"minute\" data-unit-minutes=\"minutes\" aria-label=\"Video duration: 40 seconds\">40 secs<\/strong><\/div><div class=\"sts-video__media\" data-video-source=\"youtube\" data-video-url=\"\"><div class=\"sts-video__external-shell\" data-embed-url=\"https:\/\/www.youtube.com\/embed\/LVFuYBJk26A?rel=0&amp;controls=1&amp;modestbranding=1&amp;playsinline=1&amp;enablejsapi=1&amp;autoplay=0&amp;origin=https%3A%2F%2Fwww.sts-education.com\"><iframe class=\"sts-video__iframe\" src=\"https:\/\/www.youtube.com\/embed\/LVFuYBJk26A?rel=0&amp;controls=1&amp;modestbranding=1&amp;playsinline=1&amp;enablejsapi=1&amp;autoplay=0&amp;origin=https%3A%2F%2Fwww.sts-education.com\" title=\"Video poster\nheading\" allow=\"autoplay; fullscreen\" allowfullscreen loading=\"lazy\" data-provider=\"youtube\" data-embed-url=\"https:\/\/www.youtube.com\/embed\/LVFuYBJk26A?rel=0&amp;controls=1&amp;modestbranding=1&amp;playsinline=1&amp;enablejsapi=1&amp;autoplay=0&amp;origin=https%3A%2F%2Fwww.sts-education.com\"><\/iframe><\/div><\/div><\/div><\/section><\/div><\/div><\/section>\n\n\n\n<div class=\"wp-block-sts-text sts-text-editor has-max-width-md\"><div class=\"sts-text-editor__content\"><div class=\"sts-text-editor__content-inner\">\n<h2>Il tuo viaggio \u00e8 la nostra passione.<\/h2>\n<p>Per noi non \u00e8 soltanto un lavoro \u2013 \u00e8 una passione, uno stile di vita. Praticamente tutti i collaboratori di STS hanno studiato o lavorato all\u2019estero. Amiamo il nostro lavoro. Amiamo vederti crescere come persona, approfondire altre culture e infine, ma non meno importante, le incredibili esperienze divertenti che farai lungo il percorso! E amiamo aiutarti a realizzarle.<\/p>\n<h2>Sarai sempre al sicuro.<\/h2>\n<p>La tua sicurezza \u00e8 fondamentale per noi. Infatti, sarai seguito e aiutato per tutto il percorso. Insieme alla nostra rete globale di scuole accuratamente selezionate, famiglie ospitanti, partner e collaboratori locali, il nostro lavoro \u00e8 assicurare sempre il tuo benessere. Ci prenderemo cura di ogni minimo dettaglio.<\/p>\n<h2>La nostra lunga esperienza a tua disposizione.<\/h2>\n<p>STS \u00e8 stata fondata nel 1958 e da allora hanno viaggiato con noi pi\u00f9 di 1.200.000 studenti. Trasformiamo i sogni in realt\u00e0 ogni giorno da 65 anni, sappiamo quello che facciamo.<\/p>\n<h2>Le storie degli studenti<\/h2>\n<p>Qui potrai saperne di pi\u00f9 sulle <a href=\"https:\/\/www.sts-education.com\/it\/high-school\/foto-e-video-dei-nostri-studenti-exchange\/gli-studenti-sts-raccontano\/\">Storie dei nostri studenti<\/a>. Scopri le esperienze dei nostri studenti o seguici su <a href=\"https:\/\/www.instagram.com\/stsworldwide\/\" target=\"_blank\" rel=\"noopener noreferrer\">Instagram<\/a> e <a href=\"https:\/\/www.tiktok.com\/@stsworldwide\" target=\"_blank\" rel=\"noopener noreferrer\">TikTok<\/a> per gli aggiornamenti quotidiani direttamente da loro.<\/p>\n<\/div><\/div><\/div>\n","protected":false},"excerpt":{"rendered":"","protected":false},"author":20,"featured_media":0,"parent":10638,"menu_order":0,"comment_status":"closed","ping_status":"closed","template":"templates\/template-default-with-breadcrumbs.php","meta":{"_acf_changed":false,"sts_page_background_color":"","footnotes":""},"wpw_page_folders":[77],"class_list":["post-10643","page","type-page","status-publish","hentry"],"acf":[],"yoast_head":"<!-- This site is optimized with the Yoast SEO Premium plugin v27.2 (Yoast SEO v27.2) - https:\/\/yoast.com\/product\/yoast-seo-premium-wordpress\/ -->\n<title>Perch\u00e9 scegliere STS?<\/title>\n<meta name=\"description\" content=\"Abbiamo molti anni di esperienza nei viaggi linguistici e negli scambi. Scegliete tra diverse destinazioni.\" \/>\n<meta name=\"robots\" content=\"index, follow, max-snippet:-1, max-image-preview:large, max-video-preview:-1\" \/>\n<link rel=\"canonical\" href=\"https:\/\/www.sts-education.com\/it\/a-proposito-di-sts\/perche-scegliere-sts\/\" \/>\n<meta property=\"og:locale\" content=\"it_IT\" \/>\n<meta property=\"og:type\" content=\"article\" \/>\n<meta property=\"og:title\" content=\"Perch\u00e9 scegliere STS\" \/>\n<meta property=\"og:description\" content=\"Abbiamo molti anni di esperienza nei viaggi linguistici e negli scambi. Scegliete tra diverse destinazioni.\" \/>\n<meta property=\"og:url\" content=\"https:\/\/www.sts-education.com\/it\/a-proposito-di-sts\/perche-scegliere-sts\/\" \/>\n<meta property=\"og:site_name\" content=\"STS Education\" \/>\n<meta property=\"article:modified_time\" content=\"2026-04-30T12:39:14+00:00\" \/>\n<meta property=\"og:image\" content=\"https:\/\/powered-by.qbank.se\/educatius\/sts\/6eebba19df90b99745033c579b20deef_1-1-thumb.webp\" \/>\n<meta name=\"twitter:card\" content=\"summary_large_image\" \/>\n<meta name=\"twitter:label1\" content=\"Tempo di lettura stimato\" \/>\n\t<meta name=\"twitter:data1\" content=\"2 minuti\" \/>\n<script type=\"application\/ld+json\" class=\"yoast-schema-graph\">{\"@context\":\"https:\/\/schema.org\",\"@graph\":[{\"@type\":\"WebPage\",\"@id\":\"https:\/\/www.sts-education.com\/it\/a-proposito-di-sts\/perche-scegliere-sts\/\",\"url\":\"https:\/\/www.sts-education.com\/it\/a-proposito-di-sts\/perche-scegliere-sts\/\",\"name\":\"Perch\u00e9 scegliere STS?\",\"isPartOf\":{\"@id\":\"https:\/\/www.sts-education.com\/it\/#website\"},\"primaryImageOfPage\":{\"@id\":\"https:\/\/www.sts-education.com\/it\/a-proposito-di-sts\/perche-scegliere-sts\/#primaryimage\"},\"image\":{\"@id\":\"https:\/\/www.sts-education.com\/it\/a-proposito-di-sts\/perche-scegliere-sts\/#primaryimage\"},\"thumbnailUrl\":\"https:\/\/powered-by.qbank.se\/educatius\/sts\/6eebba19df90b99745033c579b20deef_1-1-thumb.webp\",\"datePublished\":\"2025-12-16T08:22:10+00:00\",\"dateModified\":\"2026-04-30T12:39:14+00:00\",\"description\":\"Abbiamo molti anni di esperienza nei viaggi linguistici e negli scambi. Scegliete tra diverse destinazioni.\",\"breadcrumb\":{\"@id\":\"https:\/\/www.sts-education.com\/it\/a-proposito-di-sts\/perche-scegliere-sts\/#breadcrumb\"},\"inLanguage\":\"it-IT\",\"potentialAction\":[{\"@type\":\"ReadAction\",\"target\":[\"https:\/\/www.sts-education.com\/it\/a-proposito-di-sts\/perche-scegliere-sts\/\"]}]},{\"@type\":\"ImageObject\",\"inLanguage\":\"it-IT\",\"@id\":\"https:\/\/www.sts-education.com\/it\/a-proposito-di-sts\/perche-scegliere-sts\/#primaryimage\",\"url\":\"https:\/\/powered-by.qbank.se\/educatius\/sts\/6eebba19df90b99745033c579b20deef_1-1-thumb.webp\",\"contentUrl\":\"https:\/\/powered-by.qbank.se\/educatius\/sts\/6eebba19df90b99745033c579b20deef_1-1-thumb.webp\"},{\"@type\":\"BreadcrumbList\",\"@id\":\"https:\/\/www.sts-education.com\/it\/a-proposito-di-sts\/perche-scegliere-sts\/#breadcrumb\",\"itemListElement\":[{\"@type\":\"ListItem\",\"position\":1,\"name\":\"Home\",\"item\":\"https:\/\/www.sts-education.com\/it\/\"},{\"@type\":\"ListItem\",\"position\":2,\"name\":\"A proposito di STS\",\"item\":\"https:\/\/www.sts-education.com\/it\/a-proposito-di-sts\/\"},{\"@type\":\"ListItem\",\"position\":3,\"name\":\"Perch\u00e9 scegliere STS\"}]},{\"@type\":\"WebSite\",\"@id\":\"https:\/\/www.sts-education.com\/it\/#website\",\"url\":\"https:\/\/www.sts-education.com\/it\/\",\"name\":\"STS Education\",\"description\":\"\",\"potentialAction\":[{\"@type\":\"SearchAction\",\"target\":{\"@type\":\"EntryPoint\",\"urlTemplate\":\"https:\/\/www.sts-education.com\/it\/?s={search_term_string}\"},\"query-input\":{\"@type\":\"PropertyValueSpecification\",\"valueRequired\":true,\"valueName\":\"search_term_string\"}}],\"inLanguage\":\"it-IT\"}]}<\/script>\n<!-- \/ Yoast SEO Premium plugin. -->","yoast_head_json":{"title":"Perch\u00e9 scegliere STS?","description":"Abbiamo molti anni di esperienza nei viaggi linguistici e negli scambi. Scegliete tra diverse destinazioni.","robots":{"index":"index","follow":"follow","max-snippet":"max-snippet:-1","max-image-preview":"max-image-preview:large","max-video-preview":"max-video-preview:-1"},"canonical":"https:\/\/www.sts-education.com\/it\/a-proposito-di-sts\/perche-scegliere-sts\/","og_locale":"it_IT","og_type":"article","og_title":"Perch\u00e9 scegliere STS","og_description":"Abbiamo molti anni di esperienza nei viaggi linguistici e negli scambi. Scegliete tra diverse destinazioni.","og_url":"https:\/\/www.sts-education.com\/it\/a-proposito-di-sts\/perche-scegliere-sts\/","og_site_name":"STS Education","article_modified_time":"2026-04-30T12:39:14+00:00","og_image":[{"url":"https:\/\/powered-by.qbank.se\/educatius\/sts\/6eebba19df90b99745033c579b20deef_1-1-thumb.webp","type":"","width":"","height":""}],"twitter_card":"summary_large_image","twitter_misc":{"Tempo di lettura stimato":"2 minuti"},"schema":{"@context":"https:\/\/schema.org","@graph":[{"@type":"WebPage","@id":"https:\/\/www.sts-education.com\/it\/a-proposito-di-sts\/perche-scegliere-sts\/","url":"https:\/\/www.sts-education.com\/it\/a-proposito-di-sts\/perche-scegliere-sts\/","name":"Perch\u00e9 scegliere STS?","isPartOf":{"@id":"https:\/\/www.sts-education.com\/it\/#website"},"primaryImageOfPage":{"@id":"https:\/\/www.sts-education.com\/it\/a-proposito-di-sts\/perche-scegliere-sts\/#primaryimage"},"image":{"@id":"https:\/\/www.sts-education.com\/it\/a-proposito-di-sts\/perche-scegliere-sts\/#primaryimage"},"thumbnailUrl":"https:\/\/powered-by.qbank.se\/educatius\/sts\/6eebba19df90b99745033c579b20deef_1-1-thumb.webp","datePublished":"2025-12-16T08:22:10+00:00","dateModified":"2026-04-30T12:39:14+00:00","description":"Abbiamo molti anni di esperienza nei viaggi linguistici e negli scambi. Scegliete tra diverse destinazioni.","breadcrumb":{"@id":"https:\/\/www.sts-education.com\/it\/a-proposito-di-sts\/perche-scegliere-sts\/#breadcrumb"},"inLanguage":"it-IT","potentialAction":[{"@type":"ReadAction","target":["https:\/\/www.sts-education.com\/it\/a-proposito-di-sts\/perche-scegliere-sts\/"]}]},{"@type":"ImageObject","inLanguage":"it-IT","@id":"https:\/\/www.sts-education.com\/it\/a-proposito-di-sts\/perche-scegliere-sts\/#primaryimage","url":"https:\/\/powered-by.qbank.se\/educatius\/sts\/6eebba19df90b99745033c579b20deef_1-1-thumb.webp","contentUrl":"https:\/\/powered-by.qbank.se\/educatius\/sts\/6eebba19df90b99745033c579b20deef_1-1-thumb.webp"},{"@type":"BreadcrumbList","@id":"https:\/\/www.sts-education.com\/it\/a-proposito-di-sts\/perche-scegliere-sts\/#breadcrumb","itemListElement":[{"@type":"ListItem","position":1,"name":"Home","item":"https:\/\/www.sts-education.com\/it\/"},{"@type":"ListItem","position":2,"name":"A proposito di STS","item":"https:\/\/www.sts-education.com\/it\/a-proposito-di-sts\/"},{"@type":"ListItem","position":3,"name":"Perch\u00e9 scegliere STS"}]},{"@type":"WebSite","@id":"https:\/\/www.sts-education.com\/it\/#website","url":"https:\/\/www.sts-education.com\/it\/","name":"STS Education","description":"","potentialAction":[{"@type":"SearchAction","target":{"@type":"EntryPoint","urlTemplate":"https:\/\/www.sts-education.com\/it\/?s={search_term_string}"},"query-input":{"@type":"PropertyValueSpecification","valueRequired":true,"valueName":"search_term_string"}}],"inLanguage":"it-IT"}]}},"_links":{"self":[{"href":"https:\/\/www.sts-education.com\/it\/wp-json\/wp\/v2\/pages\/10643","targetHints":{"allow":["GET"]}}],"collection":[{"href":"https:\/\/www.sts-education.com\/it\/wp-json\/wp\/v2\/pages"}],"about":[{"href":"https:\/\/www.sts-education.com\/it\/wp-json\/wp\/v2\/types\/page"}],"author":[{"embeddable":true,"href":"https:\/\/www.sts-education.com\/it\/wp-json\/wp\/v2\/users\/20"}],"replies":[{"embeddable":true,"href":"https:\/\/www.sts-education.com\/it\/wp-json\/wp\/v2\/comments?post=10643"}],"version-history":[{"count":9,"href":"https:\/\/www.sts-education.com\/it\/wp-json\/wp\/v2\/pages\/10643\/revisions"}],"predecessor-version":[{"id":44451,"href":"https:\/\/www.sts-education.com\/it\/wp-json\/wp\/v2\/pages\/10643\/revisions\/44451"}],"up":[{"embeddable":true,"href":"https:\/\/www.sts-education.com\/it\/wp-json\/wp\/v2\/pages\/10638"}],"wp:attachment":[{"href":"https:\/\/www.sts-education.com\/it\/wp-json\/wp\/v2\/media?parent=10643"}],"wp:term":[{"taxonomy":"wpw_page_folders","embeddable":true,"href":"https:\/\/www.sts-education.com\/it\/wp-json\/wp\/v2\/wpw_page_folders?post=10643"}],"curies":[{"name":"wp","href":"https:\/\/api.w.org\/{rel}","templated":true}]}}