{"id":10650,"date":"2025-12-16T10:05:12","date_gmt":"2025-12-16T10:05:12","guid":{"rendered":"https:\/\/preprod.sts-education.com\/high-school\/prima-del-tuo-anno-allestero\/"},"modified":"2026-04-14T09:53:05","modified_gmt":"2026-04-14T09:53:05","slug":"prima-del-tuo-anno-allestero","status":"publish","type":"page","link":"https:\/\/www.sts-education.com\/it\/high-school\/prima-del-tuo-anno-allestero\/","title":{"rendered":"Prima Del Tuo Anno Allestero"},"content":{"rendered":"\n<div class=\"wp-block-sts-text sts-text-editor has-max-width-md\"><div class=\"sts-text-editor__content\"><div class=\"sts-text-editor__content-inner\">\n<h1>Prima del tuo anno all\u2019estero<\/h1>\n<\/div><\/div><\/div>\n\n\n\n<div class=\"wp-block-sts-text sts-text-editor has-max-width-md\"><div class=\"sts-text-editor__content\"><div class=\"sts-text-editor__content-inner\">\n<p>Ci occupiamo di scambio internazionale da pi\u00f9 di 65 anni e abbiamo maturato tutte le competenze e la pratica necessarie per offrirti un\u2019esperienza straordinaria. Anche molti di noi in STS siamo stati studenti Exchange e di conseguenza sappiamo bene come funziona un anno di scuola all\u2019estero. Conosciamo bene che cosa ti aspetta e come ti sentirai. La nostra passione \u00e8 aiutare pi\u00f9 persone possibili a trarre il meglio da questa esperienza di un anno e non vediamo l\u2019ora di condividere il nostro impegno per uno scambio internazionale indimenticabile con te. Ti attende un viaggio incredibile e faremo tutto il possibile affinch\u00e9 questo sia il periodo migliore della tua vita!<\/p>\n\n<h2>Siamo qui per aiutarti!<\/h2>\n\n<p>I preparativi sono una parte eccitante e importante del tuo anno all\u2019estero e nessuno pu\u00f2 prepararti al meglio di noi. Pi\u00f9 saprai che cosa ti attende, meglio sar\u00e0. Di conseguenza, ti invitiamo a informarti il pi\u00f9 possibile prima del viaggio ed a non esitare a chiedere aiuto. Ti guideremo nelle varie fasi, dalla domanda ai preparativi e infine alla partenza.<\/p>\n\n<h2>Scelta del Paese<\/h2>\n\n<p>Desideri un\u2019esperienza con il vero spirito High School americano? Molti dei nostri studenti optano per questa soluzione, ma in STS siamo molto orgogliosi di poterti offrire pi\u00f9 di 20 Paesi differenti tra cui scegliere. <a href=\"\/it\/high-school\/tripfinder\/?q=\">Qui potrai trovare le nostre destinazioni per il tuo anno all\u2019estero<\/a>.<\/p>\n\n<h2>Presenta la domanda in largo anticipo!<\/h2>\n\n<p>Preferibilmente la domanda deve essere presentata al pi\u00f9 presto, ma comunque entro il mese di marzo dell\u2019anno desiderato. Una domanda tardiva pu\u00f2 significare sia che la gamma di Paesi in cui \u00e8 possibile recarsi \u00e8 limitata, sia che una domanda tardiva pu\u00f2 comportare costi aggiuntivi.<\/p>\n\n<p>Anche la procedura di ricerca della famiglia ospitante e della scuola ideali \u00e8 molto importante e di conseguenza prima potremo iniziare meglio sar\u00e0! Ricorda: presenta la tua domanda in largo anticipo per iniziare al meglio! <a href=\"https:\/\/www.sts-education.com\/it\/a-proposito-di-sts\/i-nostri-contatti\/\">Contattaci per maggiori informazioni<\/a>.<\/p>\n\n<h2>Domanda di visto<\/h2>\n\n<p>Per vivere e studiare in alcuni Paesi \u00e8 richiesto un visto. In tal caso, ti forniremo tutte le informazioni necessarie per semplificare l\u2019ottenimento del visto. Naturalmente dovrai richiederlo in autonomia, perch\u00e9 si tratta di un documento personale, ma saremo al tuo fianco per tutta la pratica. Il costo del visto \u00e8 a carico dello studente.<\/p>\n\n<h2>Webinar<\/h2>\n\n<p>Ti inviteremo a un webinar in cui ti forniremo tutte le informazioni necessarie sui preparativi da completare prima della partenza.<\/p>\n\n<h2>Incontro pre prartenza<\/h2>\n\n<p>Verrai invitato insieme a tutti gli altri studenti Exchange a un incontro preparatorio. Gli incontri verranno organizzati online. Avrai la possibilit\u00e0 di conoscere tanti altri studenti entusiasti che non vedono l\u2019ora di frequentare l\u2019High School all\u2019estero come te. All\u2019incontro sono invitati anche i tuoi genitori, perch\u00e9 \u00e8 importante che conoscano tutte le incredibili esperienze che ti attendono.<\/p>\n<\/div><\/div><\/div>\n","protected":false},"excerpt":{"rendered":"","protected":false},"author":20,"featured_media":15664,"parent":5374,"menu_order":0,"comment_status":"closed","ping_status":"closed","template":"templates\/template-default-with-breadcrumbs.php","meta":{"_acf_changed":false,"sts_page_background_color":"","footnotes":""},"wpw_page_folders":[80],"class_list":["post-10650","page","type-page","status-publish","has-post-thumbnail","hentry"],"acf":[],"yoast_head":"<!-- This site is optimized with the Yoast SEO Premium plugin v27.2 (Yoast SEO v27.3) - https:\/\/yoast.com\/product\/yoast-seo-premium-wordpress\/ -->\n<title>Aspetti importanti da considerare prima di un anno all\u2019estero<\/title>\n<meta name=\"description\" content=\"I preparativi sono una parte importante del tuo anno all\u2019estero. Presenta la domanda in largo anticipo e partecipa ai nostri incontri informativi. Potrai scegliere tra 20 Paesi differenti.\" \/>\n<meta name=\"robots\" content=\"index, follow, max-snippet:-1, max-image-preview:large, max-video-preview:-1\" \/>\n<link rel=\"canonical\" href=\"https:\/\/www.sts-education.com\/it\/high-school\/prima-del-tuo-anno-allestero\/\" \/>\n<meta property=\"og:locale\" content=\"it_IT\" \/>\n<meta property=\"og:type\" content=\"article\" \/>\n<meta property=\"og:title\" content=\"Prima Del Tuo Anno Allestero\" \/>\n<meta property=\"og:description\" content=\"I preparativi sono una parte importante del tuo anno all\u2019estero. Presenta la domanda in largo anticipo e partecipa ai nostri incontri informativi. Potrai scegliere tra 20 Paesi differenti.\" \/>\n<meta property=\"og:url\" content=\"https:\/\/www.sts-education.com\/it\/high-school\/prima-del-tuo-anno-allestero\/\" \/>\n<meta property=\"og:site_name\" content=\"STS Education\" \/>\n<meta property=\"article:modified_time\" content=\"2026-04-14T09:53:05+00:00\" \/>\n<meta property=\"og:image\" content=\"https:\/\/powered-by.qbank.se\/educatius\/sts\/\/df7e1de23b6e8c68863e49e03d05ef0e_1-1-thumb.webp\" \/>\n\t<meta property=\"og:image:width\" content=\"150\" \/>\n\t<meta property=\"og:image:height\" content=\"150\" \/>\n\t<meta property=\"og:image:type\" content=\"image\/jpeg\" \/>\n<meta name=\"twitter:card\" content=\"summary_large_image\" \/>\n<meta name=\"twitter:label1\" content=\"Tempo di lettura stimato\" \/>\n\t<meta name=\"twitter:data1\" content=\"2 minuti\" \/>\n<script type=\"application\/ld+json\" class=\"yoast-schema-graph\">{\"@context\":\"https:\\\/\\\/schema.org\",\"@graph\":[{\"@type\":\"WebPage\",\"@id\":\"https:\\\/\\\/www.sts-education.com\\\/it\\\/high-school\\\/prima-del-tuo-anno-allestero\\\/\",\"url\":\"https:\\\/\\\/www.sts-education.com\\\/it\\\/high-school\\\/prima-del-tuo-anno-allestero\\\/\",\"name\":\"Aspetti importanti da considerare prima di un anno all\u2019estero\",\"isPartOf\":{\"@id\":\"https:\\\/\\\/www.sts-education.com\\\/it\\\/#website\"},\"primaryImageOfPage\":{\"@id\":\"https:\\\/\\\/www.sts-education.com\\\/it\\\/high-school\\\/prima-del-tuo-anno-allestero\\\/#primaryimage\"},\"image\":{\"@id\":\"https:\\\/\\\/www.sts-education.com\\\/it\\\/high-school\\\/prima-del-tuo-anno-allestero\\\/#primaryimage\"},\"thumbnailUrl\":\"https:\\\/\\\/powered-by.qbank.se\\\/educatius\\\/sts\\\/\\\/df7e1de23b6e8c68863e49e03d05ef0e_1-1-thumb.webp\",\"datePublished\":\"2025-12-16T10:05:12+00:00\",\"dateModified\":\"2026-04-14T09:53:05+00:00\",\"description\":\"I preparativi sono una parte importante del tuo anno all\u2019estero. Presenta la domanda in largo anticipo e partecipa ai nostri incontri informativi. Potrai scegliere tra 20 Paesi differenti.\",\"breadcrumb\":{\"@id\":\"https:\\\/\\\/www.sts-education.com\\\/it\\\/high-school\\\/prima-del-tuo-anno-allestero\\\/#breadcrumb\"},\"inLanguage\":\"it-IT\",\"potentialAction\":[{\"@type\":\"ReadAction\",\"target\":[\"https:\\\/\\\/www.sts-education.com\\\/it\\\/high-school\\\/prima-del-tuo-anno-allestero\\\/\"]}]},{\"@type\":\"ImageObject\",\"inLanguage\":\"it-IT\",\"@id\":\"https:\\\/\\\/www.sts-education.com\\\/it\\\/high-school\\\/prima-del-tuo-anno-allestero\\\/#primaryimage\",\"url\":\"https:\\\/\\\/powered-by.qbank.se\\\/educatius\\\/sts\\\/\\\/df7e1de23b6e8c68863e49e03d05ef0e_1-1-thumb.webp\",\"contentUrl\":\"https:\\\/\\\/powered-by.qbank.se\\\/educatius\\\/sts\\\/\\\/df7e1de23b6e8c68863e49e03d05ef0e_1-1-thumb.webp\",\"width\":150,\"height\":150},{\"@type\":\"BreadcrumbList\",\"@id\":\"https:\\\/\\\/www.sts-education.com\\\/it\\\/high-school\\\/prima-del-tuo-anno-allestero\\\/#breadcrumb\",\"itemListElement\":[{\"@type\":\"ListItem\",\"position\":1,\"name\":\"Home\",\"item\":\"https:\\\/\\\/www.sts-education.com\\\/it\\\/\"},{\"@type\":\"ListItem\",\"position\":2,\"name\":\"High school\",\"item\":\"https:\\\/\\\/www.sts-education.com\\\/it\\\/high-school\\\/\"},{\"@type\":\"ListItem\",\"position\":3,\"name\":\"Prima Del Tuo Anno Allestero\"}]},{\"@type\":\"WebSite\",\"@id\":\"https:\\\/\\\/www.sts-education.com\\\/it\\\/#website\",\"url\":\"https:\\\/\\\/www.sts-education.com\\\/it\\\/\",\"name\":\"STS Education\",\"description\":\"\",\"potentialAction\":[{\"@type\":\"SearchAction\",\"target\":{\"@type\":\"EntryPoint\",\"urlTemplate\":\"https:\\\/\\\/www.sts-education.com\\\/it\\\/?s={search_term_string}\"},\"query-input\":{\"@type\":\"PropertyValueSpecification\",\"valueRequired\":true,\"valueName\":\"search_term_string\"}}],\"inLanguage\":\"it-IT\"}]}<\/script>\n<!-- \/ Yoast SEO Premium plugin. -->","yoast_head_json":{"title":"Aspetti importanti da considerare prima di un anno all\u2019estero","description":"I preparativi sono una parte importante del tuo anno all\u2019estero. Presenta la domanda in largo anticipo e partecipa ai nostri incontri informativi. Potrai scegliere tra 20 Paesi differenti.","robots":{"index":"index","follow":"follow","max-snippet":"max-snippet:-1","max-image-preview":"max-image-preview:large","max-video-preview":"max-video-preview:-1"},"canonical":"https:\/\/www.sts-education.com\/it\/high-school\/prima-del-tuo-anno-allestero\/","og_locale":"it_IT","og_type":"article","og_title":"Prima Del Tuo Anno Allestero","og_description":"I preparativi sono una parte importante del tuo anno all\u2019estero. Presenta la domanda in largo anticipo e partecipa ai nostri incontri informativi. Potrai scegliere tra 20 Paesi differenti.","og_url":"https:\/\/www.sts-education.com\/it\/high-school\/prima-del-tuo-anno-allestero\/","og_site_name":"STS Education","article_modified_time":"2026-04-14T09:53:05+00:00","og_image":[{"width":150,"height":150,"url":"https:\/\/powered-by.qbank.se\/educatius\/sts\/\/df7e1de23b6e8c68863e49e03d05ef0e_1-1-thumb.webp","type":"image\/jpeg"}],"twitter_card":"summary_large_image","twitter_misc":{"Tempo di lettura stimato":"2 minuti"},"schema":{"@context":"https:\/\/schema.org","@graph":[{"@type":"WebPage","@id":"https:\/\/www.sts-education.com\/it\/high-school\/prima-del-tuo-anno-allestero\/","url":"https:\/\/www.sts-education.com\/it\/high-school\/prima-del-tuo-anno-allestero\/","name":"Aspetti importanti da considerare prima di un anno all\u2019estero","isPartOf":{"@id":"https:\/\/www.sts-education.com\/it\/#website"},"primaryImageOfPage":{"@id":"https:\/\/www.sts-education.com\/it\/high-school\/prima-del-tuo-anno-allestero\/#primaryimage"},"image":{"@id":"https:\/\/www.sts-education.com\/it\/high-school\/prima-del-tuo-anno-allestero\/#primaryimage"},"thumbnailUrl":"https:\/\/powered-by.qbank.se\/educatius\/sts\/\/df7e1de23b6e8c68863e49e03d05ef0e_1-1-thumb.webp","datePublished":"2025-12-16T10:05:12+00:00","dateModified":"2026-04-14T09:53:05+00:00","description":"I preparativi sono una parte importante del tuo anno all\u2019estero. Presenta la domanda in largo anticipo e partecipa ai nostri incontri informativi. Potrai scegliere tra 20 Paesi differenti.","breadcrumb":{"@id":"https:\/\/www.sts-education.com\/it\/high-school\/prima-del-tuo-anno-allestero\/#breadcrumb"},"inLanguage":"it-IT","potentialAction":[{"@type":"ReadAction","target":["https:\/\/www.sts-education.com\/it\/high-school\/prima-del-tuo-anno-allestero\/"]}]},{"@type":"ImageObject","inLanguage":"it-IT","@id":"https:\/\/www.sts-education.com\/it\/high-school\/prima-del-tuo-anno-allestero\/#primaryimage","url":"https:\/\/powered-by.qbank.se\/educatius\/sts\/\/df7e1de23b6e8c68863e49e03d05ef0e_1-1-thumb.webp","contentUrl":"https:\/\/powered-by.qbank.se\/educatius\/sts\/\/df7e1de23b6e8c68863e49e03d05ef0e_1-1-thumb.webp","width":150,"height":150},{"@type":"BreadcrumbList","@id":"https:\/\/www.sts-education.com\/it\/high-school\/prima-del-tuo-anno-allestero\/#breadcrumb","itemListElement":[{"@type":"ListItem","position":1,"name":"Home","item":"https:\/\/www.sts-education.com\/it\/"},{"@type":"ListItem","position":2,"name":"High school","item":"https:\/\/www.sts-education.com\/it\/high-school\/"},{"@type":"ListItem","position":3,"name":"Prima Del Tuo Anno Allestero"}]},{"@type":"WebSite","@id":"https:\/\/www.sts-education.com\/it\/#website","url":"https:\/\/www.sts-education.com\/it\/","name":"STS Education","description":"","potentialAction":[{"@type":"SearchAction","target":{"@type":"EntryPoint","urlTemplate":"https:\/\/www.sts-education.com\/it\/?s={search_term_string}"},"query-input":{"@type":"PropertyValueSpecification","valueRequired":true,"valueName":"search_term_string"}}],"inLanguage":"it-IT"}]}},"_links":{"self":[{"href":"https:\/\/www.sts-education.com\/it\/wp-json\/wp\/v2\/pages\/10650","targetHints":{"allow":["GET"]}}],"collection":[{"href":"https:\/\/www.sts-education.com\/it\/wp-json\/wp\/v2\/pages"}],"about":[{"href":"https:\/\/www.sts-education.com\/it\/wp-json\/wp\/v2\/types\/page"}],"author":[{"embeddable":true,"href":"https:\/\/www.sts-education.com\/it\/wp-json\/wp\/v2\/users\/20"}],"replies":[{"embeddable":true,"href":"https:\/\/www.sts-education.com\/it\/wp-json\/wp\/v2\/comments?post=10650"}],"version-history":[{"count":4,"href":"https:\/\/www.sts-education.com\/it\/wp-json\/wp\/v2\/pages\/10650\/revisions"}],"predecessor-version":[{"id":33270,"href":"https:\/\/www.sts-education.com\/it\/wp-json\/wp\/v2\/pages\/10650\/revisions\/33270"}],"up":[{"embeddable":true,"href":"https:\/\/www.sts-education.com\/it\/wp-json\/wp\/v2\/pages\/5374"}],"wp:featuredmedia":[{"embeddable":true,"href":"https:\/\/www.sts-education.com\/it\/wp-json\/wp\/v2\/media\/15664"}],"wp:attachment":[{"href":"https:\/\/www.sts-education.com\/it\/wp-json\/wp\/v2\/media?parent=10650"}],"wp:term":[{"taxonomy":"wpw_page_folders","embeddable":true,"href":"https:\/\/www.sts-education.com\/it\/wp-json\/wp\/v2\/wpw_page_folders?post=10650"}],"curies":[{"name":"wp","href":"https:\/\/api.w.org\/{rel}","templated":true}]}}