{"id":10663,"date":"2025-12-16T10:16:36","date_gmt":"2025-12-16T10:16:36","guid":{"rendered":"https:\/\/preprod.sts-education.com\/high-school\/durante-il-tuo-anno-allestero\/il-ritorno-a-casa\/"},"modified":"2026-04-14T09:52:52","modified_gmt":"2026-04-14T09:52:52","slug":"il-ritorno-a-casa","status":"publish","type":"page","link":"https:\/\/www.sts-education.com\/it\/high-school\/durante-il-tuo-anno-allestero\/il-ritorno-a-casa\/","title":{"rendered":"Il Ritorno A Casa"},"content":{"rendered":"\n<section class=\"wp-block-sts-hero sts-block-hero is-variant-full-background has-text-light has-background-media\" style=\"--sts-hero-padding-mobile:0px;--sts-hero-padding-desktop:0px;--sts-hero-text-color:var(--wp--preset--color--base-10, #fff);\" data-variant=\"full-background\"><div class=\"sts-block-hero__background\"><picture class=\"sts-responsive-image has-fit-cover is-skeleton\"><img src=\"https:\/\/cdn.sts-education.com\/12573_hero_lg_xl.jpg\" alt=\"Il ritorno a casa\" loading=\"lazy\" decoding=\"async\" fetchpriority=\"low\" sizes=\"100vw\" \/><\/picture><span class=\"sts-block-hero__overlay\" aria-hidden=\"true\"><\/span><\/div><div class=\"sts-block-hero__inner\"><div class=\"sts-block-hero__content has-align-center\"><div class=\"sts-block-hero__content-inner\"><h1 class=\"sts-block-hero__heading\">Il ritorno a casa<\/h1><\/div><\/div><\/div><\/section>\n\n\n\n<div class=\"wp-block-sts-text sts-text-editor has-max-width-md\"><div class=\"sts-text-editor__content\"><div class=\"sts-text-editor__content-inner\">\n<p>Il rientro a casa \u00e8 previsto entro 10 giorni dalla fine della scuola. Probabilmente i tuoi amici e i tuoi familiari vedranno in te una persona differente rispetto a quando sei partito, perch\u00e9 nel frattempo sarai cambiato e avrai acquisito nuove prospettive. I tuoi genitori potrebbero scoprire che sei diventato pi\u00f9 indipendente, mentre sicuramente i tuoi amici vorranno sentire i racconti delle tue esperienze.<\/p>\n\n<p>Alcuni studenti attraversano una sorta di scontro culturale alla rovescia, sentendo la mancanza della famiglia ospitante e della cultura del Paese ospitante. Ti consigliamo di rimanere in contatto con il Paese ospitante e i tuoi nuovi amici, ma anche di partecipare ai nostri incontri informativi per nuovi studenti e altri interessati diventando <a href=\"https:\/\/www.sts-education.com\/it\/a-proposito-di-sts\/lavora-con-sts\/\"> ambasciatore di STS<\/a>.<\/p>\n\n<p>Magari potrai lavorare come intervistatore o trovare un impiego presso STS per offrire anche agli altri l\u2019opportunit\u00e0 di fare il viaggio della loro vita? Qui puoi trovare le nostre <a href=\"https:\/\/www.sts-education.com\/it\/a-proposito-di-sts\/lavora-con-sts\/\">posizioni vacanti<\/a> ed eventualmente richiedere un tirocinio con noi.<\/p>\n\n<p><strong>E ricorda: \u201cNon piangere perch\u00e9 \u00e8 finito, sorridi perch\u00e9 \u00e8 successo\u201d<\/strong>.<\/p>\n\n<h2>Il tuo feedback \u00e8 importante per noi!<\/h2>\n\n<p>Non vediamo l\u2019ora di sapere come \u00e8 andato il tuo anno all\u2019estero, e le tue opinioni sono molto importanti per noi. Al rientro, riceverai un\u2019e-mail con alcune domande sulla tua esperienza all\u2019estero. I tuoi commenti sono molto preziosi per noi, in quanto ci consentono di migliorare continuamente la nostra offerta per gli studenti Exchange del futuro.<\/p>\n<\/div><\/div><\/div>\n","protected":false},"excerpt":{"rendered":"","protected":false},"author":20,"featured_media":15680,"parent":10646,"menu_order":0,"comment_status":"closed","ping_status":"closed","template":"templates\/template-default-with-breadcrumbs.php","meta":{"_acf_changed":false,"sts_page_background_color":"","footnotes":""},"wpw_page_folders":[83],"class_list":["post-10663","page","type-page","status-publish","has-post-thumbnail","hentry"],"acf":[],"yoast_head":"<!-- This site is optimized with the Yoast SEO Premium plugin v27.2 (Yoast SEO v27.3) - https:\/\/yoast.com\/product\/yoast-seo-premium-wordpress\/ -->\n<title>Al ritorno dal tuo anno all&#039;estero<\/title>\n<meta name=\"description\" content=\"Alcuni studenti sperimentano una sorta di shock culturale inverso quando tornano a casa, sentendo la mancanza della famiglia e della cultura del paese ospitante.\" \/>\n<meta name=\"robots\" content=\"index, follow, max-snippet:-1, max-image-preview:large, max-video-preview:-1\" \/>\n<link rel=\"canonical\" href=\"https:\/\/www.sts-education.com\/it\/high-school\/durante-il-tuo-anno-allestero\/il-ritorno-a-casa\/\" \/>\n<meta property=\"og:locale\" content=\"it_IT\" \/>\n<meta property=\"og:type\" content=\"article\" \/>\n<meta property=\"og:title\" content=\"Il Ritorno A Casa\" \/>\n<meta property=\"og:description\" content=\"Alcuni studenti sperimentano una sorta di shock culturale inverso quando tornano a casa, sentendo la mancanza della famiglia e della cultura del paese ospitante.\" \/>\n<meta property=\"og:url\" content=\"https:\/\/www.sts-education.com\/it\/high-school\/durante-il-tuo-anno-allestero\/il-ritorno-a-casa\/\" \/>\n<meta property=\"og:site_name\" content=\"STS Education\" \/>\n<meta property=\"article:modified_time\" content=\"2026-04-14T09:52:52+00:00\" \/>\n<meta property=\"og:image\" content=\"https:\/\/powered-by.qbank.se\/educatius\/sts\/\/282984b385d80166ba0d4f32a7843f53_1-1-thumb.webp\" \/>\n\t<meta property=\"og:image:width\" content=\"150\" \/>\n\t<meta property=\"og:image:height\" content=\"150\" \/>\n\t<meta property=\"og:image:type\" content=\"image\/jpeg\" \/>\n<meta name=\"twitter:card\" content=\"summary_large_image\" \/>\n<meta name=\"twitter:label1\" content=\"Tempo di lettura stimato\" \/>\n\t<meta name=\"twitter:data1\" content=\"1 minuto\" \/>\n<script type=\"application\/ld+json\" class=\"yoast-schema-graph\">{\"@context\":\"https:\\\/\\\/schema.org\",\"@graph\":[{\"@type\":\"WebPage\",\"@id\":\"https:\\\/\\\/www.sts-education.com\\\/it\\\/high-school\\\/durante-il-tuo-anno-allestero\\\/il-ritorno-a-casa\\\/\",\"url\":\"https:\\\/\\\/www.sts-education.com\\\/it\\\/high-school\\\/durante-il-tuo-anno-allestero\\\/il-ritorno-a-casa\\\/\",\"name\":\"Al ritorno dal tuo anno all'estero\",\"isPartOf\":{\"@id\":\"https:\\\/\\\/www.sts-education.com\\\/it\\\/#website\"},\"primaryImageOfPage\":{\"@id\":\"https:\\\/\\\/www.sts-education.com\\\/it\\\/high-school\\\/durante-il-tuo-anno-allestero\\\/il-ritorno-a-casa\\\/#primaryimage\"},\"image\":{\"@id\":\"https:\\\/\\\/www.sts-education.com\\\/it\\\/high-school\\\/durante-il-tuo-anno-allestero\\\/il-ritorno-a-casa\\\/#primaryimage\"},\"thumbnailUrl\":\"https:\\\/\\\/powered-by.qbank.se\\\/educatius\\\/sts\\\/\\\/282984b385d80166ba0d4f32a7843f53_1-1-thumb.webp\",\"datePublished\":\"2025-12-16T10:16:36+00:00\",\"dateModified\":\"2026-04-14T09:52:52+00:00\",\"description\":\"Alcuni studenti sperimentano una sorta di shock culturale inverso quando tornano a casa, sentendo la mancanza della famiglia e della cultura del paese ospitante.\",\"breadcrumb\":{\"@id\":\"https:\\\/\\\/www.sts-education.com\\\/it\\\/high-school\\\/durante-il-tuo-anno-allestero\\\/il-ritorno-a-casa\\\/#breadcrumb\"},\"inLanguage\":\"it-IT\",\"potentialAction\":[{\"@type\":\"ReadAction\",\"target\":[\"https:\\\/\\\/www.sts-education.com\\\/it\\\/high-school\\\/durante-il-tuo-anno-allestero\\\/il-ritorno-a-casa\\\/\"]}]},{\"@type\":\"ImageObject\",\"inLanguage\":\"it-IT\",\"@id\":\"https:\\\/\\\/www.sts-education.com\\\/it\\\/high-school\\\/durante-il-tuo-anno-allestero\\\/il-ritorno-a-casa\\\/#primaryimage\",\"url\":\"https:\\\/\\\/powered-by.qbank.se\\\/educatius\\\/sts\\\/\\\/282984b385d80166ba0d4f32a7843f53_1-1-thumb.webp\",\"contentUrl\":\"https:\\\/\\\/powered-by.qbank.se\\\/educatius\\\/sts\\\/\\\/282984b385d80166ba0d4f32a7843f53_1-1-thumb.webp\",\"width\":150,\"height\":150},{\"@type\":\"BreadcrumbList\",\"@id\":\"https:\\\/\\\/www.sts-education.com\\\/it\\\/high-school\\\/durante-il-tuo-anno-allestero\\\/il-ritorno-a-casa\\\/#breadcrumb\",\"itemListElement\":[{\"@type\":\"ListItem\",\"position\":1,\"name\":\"Home\",\"item\":\"https:\\\/\\\/www.sts-education.com\\\/it\\\/\"},{\"@type\":\"ListItem\",\"position\":2,\"name\":\"High school\",\"item\":\"https:\\\/\\\/www.sts-education.com\\\/it\\\/high-school\\\/\"},{\"@type\":\"ListItem\",\"position\":3,\"name\":\"Durante Il Tuo Anno Allestero\",\"item\":\"https:\\\/\\\/www.sts-education.com\\\/it\\\/high-school\\\/durante-il-tuo-anno-allestero\\\/\"},{\"@type\":\"ListItem\",\"position\":4,\"name\":\"Il Ritorno A Casa\"}]},{\"@type\":\"WebSite\",\"@id\":\"https:\\\/\\\/www.sts-education.com\\\/it\\\/#website\",\"url\":\"https:\\\/\\\/www.sts-education.com\\\/it\\\/\",\"name\":\"STS Education\",\"description\":\"\",\"potentialAction\":[{\"@type\":\"SearchAction\",\"target\":{\"@type\":\"EntryPoint\",\"urlTemplate\":\"https:\\\/\\\/www.sts-education.com\\\/it\\\/?s={search_term_string}\"},\"query-input\":{\"@type\":\"PropertyValueSpecification\",\"valueRequired\":true,\"valueName\":\"search_term_string\"}}],\"inLanguage\":\"it-IT\"}]}<\/script>\n<!-- \/ Yoast SEO Premium plugin. -->","yoast_head_json":{"title":"Al ritorno dal tuo anno all'estero","description":"Alcuni studenti sperimentano una sorta di shock culturale inverso quando tornano a casa, sentendo la mancanza della famiglia e della cultura del paese ospitante.","robots":{"index":"index","follow":"follow","max-snippet":"max-snippet:-1","max-image-preview":"max-image-preview:large","max-video-preview":"max-video-preview:-1"},"canonical":"https:\/\/www.sts-education.com\/it\/high-school\/durante-il-tuo-anno-allestero\/il-ritorno-a-casa\/","og_locale":"it_IT","og_type":"article","og_title":"Il Ritorno A Casa","og_description":"Alcuni studenti sperimentano una sorta di shock culturale inverso quando tornano a casa, sentendo la mancanza della famiglia e della cultura del paese ospitante.","og_url":"https:\/\/www.sts-education.com\/it\/high-school\/durante-il-tuo-anno-allestero\/il-ritorno-a-casa\/","og_site_name":"STS Education","article_modified_time":"2026-04-14T09:52:52+00:00","og_image":[{"width":150,"height":150,"url":"https:\/\/powered-by.qbank.se\/educatius\/sts\/\/282984b385d80166ba0d4f32a7843f53_1-1-thumb.webp","type":"image\/jpeg"}],"twitter_card":"summary_large_image","twitter_misc":{"Tempo di lettura stimato":"1 minuto"},"schema":{"@context":"https:\/\/schema.org","@graph":[{"@type":"WebPage","@id":"https:\/\/www.sts-education.com\/it\/high-school\/durante-il-tuo-anno-allestero\/il-ritorno-a-casa\/","url":"https:\/\/www.sts-education.com\/it\/high-school\/durante-il-tuo-anno-allestero\/il-ritorno-a-casa\/","name":"Al ritorno dal tuo anno all'estero","isPartOf":{"@id":"https:\/\/www.sts-education.com\/it\/#website"},"primaryImageOfPage":{"@id":"https:\/\/www.sts-education.com\/it\/high-school\/durante-il-tuo-anno-allestero\/il-ritorno-a-casa\/#primaryimage"},"image":{"@id":"https:\/\/www.sts-education.com\/it\/high-school\/durante-il-tuo-anno-allestero\/il-ritorno-a-casa\/#primaryimage"},"thumbnailUrl":"https:\/\/powered-by.qbank.se\/educatius\/sts\/\/282984b385d80166ba0d4f32a7843f53_1-1-thumb.webp","datePublished":"2025-12-16T10:16:36+00:00","dateModified":"2026-04-14T09:52:52+00:00","description":"Alcuni studenti sperimentano una sorta di shock culturale inverso quando tornano a casa, sentendo la mancanza della famiglia e della cultura del paese ospitante.","breadcrumb":{"@id":"https:\/\/www.sts-education.com\/it\/high-school\/durante-il-tuo-anno-allestero\/il-ritorno-a-casa\/#breadcrumb"},"inLanguage":"it-IT","potentialAction":[{"@type":"ReadAction","target":["https:\/\/www.sts-education.com\/it\/high-school\/durante-il-tuo-anno-allestero\/il-ritorno-a-casa\/"]}]},{"@type":"ImageObject","inLanguage":"it-IT","@id":"https:\/\/www.sts-education.com\/it\/high-school\/durante-il-tuo-anno-allestero\/il-ritorno-a-casa\/#primaryimage","url":"https:\/\/powered-by.qbank.se\/educatius\/sts\/\/282984b385d80166ba0d4f32a7843f53_1-1-thumb.webp","contentUrl":"https:\/\/powered-by.qbank.se\/educatius\/sts\/\/282984b385d80166ba0d4f32a7843f53_1-1-thumb.webp","width":150,"height":150},{"@type":"BreadcrumbList","@id":"https:\/\/www.sts-education.com\/it\/high-school\/durante-il-tuo-anno-allestero\/il-ritorno-a-casa\/#breadcrumb","itemListElement":[{"@type":"ListItem","position":1,"name":"Home","item":"https:\/\/www.sts-education.com\/it\/"},{"@type":"ListItem","position":2,"name":"High school","item":"https:\/\/www.sts-education.com\/it\/high-school\/"},{"@type":"ListItem","position":3,"name":"Durante Il Tuo Anno Allestero","item":"https:\/\/www.sts-education.com\/it\/high-school\/durante-il-tuo-anno-allestero\/"},{"@type":"ListItem","position":4,"name":"Il Ritorno A Casa"}]},{"@type":"WebSite","@id":"https:\/\/www.sts-education.com\/it\/#website","url":"https:\/\/www.sts-education.com\/it\/","name":"STS Education","description":"","potentialAction":[{"@type":"SearchAction","target":{"@type":"EntryPoint","urlTemplate":"https:\/\/www.sts-education.com\/it\/?s={search_term_string}"},"query-input":{"@type":"PropertyValueSpecification","valueRequired":true,"valueName":"search_term_string"}}],"inLanguage":"it-IT"}]}},"_links":{"self":[{"href":"https:\/\/www.sts-education.com\/it\/wp-json\/wp\/v2\/pages\/10663","targetHints":{"allow":["GET"]}}],"collection":[{"href":"https:\/\/www.sts-education.com\/it\/wp-json\/wp\/v2\/pages"}],"about":[{"href":"https:\/\/www.sts-education.com\/it\/wp-json\/wp\/v2\/types\/page"}],"author":[{"embeddable":true,"href":"https:\/\/www.sts-education.com\/it\/wp-json\/wp\/v2\/users\/20"}],"replies":[{"embeddable":true,"href":"https:\/\/www.sts-education.com\/it\/wp-json\/wp\/v2\/comments?post=10663"}],"version-history":[{"count":4,"href":"https:\/\/www.sts-education.com\/it\/wp-json\/wp\/v2\/pages\/10663\/revisions"}],"predecessor-version":[{"id":33261,"href":"https:\/\/www.sts-education.com\/it\/wp-json\/wp\/v2\/pages\/10663\/revisions\/33261"}],"up":[{"embeddable":true,"href":"https:\/\/www.sts-education.com\/it\/wp-json\/wp\/v2\/pages\/10646"}],"wp:featuredmedia":[{"embeddable":true,"href":"https:\/\/www.sts-education.com\/it\/wp-json\/wp\/v2\/media\/15680"}],"wp:attachment":[{"href":"https:\/\/www.sts-education.com\/it\/wp-json\/wp\/v2\/media?parent=10663"}],"wp:term":[{"taxonomy":"wpw_page_folders","embeddable":true,"href":"https:\/\/www.sts-education.com\/it\/wp-json\/wp\/v2\/wpw_page_folders?post=10663"}],"curies":[{"name":"wp","href":"https:\/\/api.w.org\/{rel}","templated":true}]}}