{"id":10665,"date":"2025-12-16T10:15:33","date_gmt":"2025-12-16T10:15:33","guid":{"rendered":"https:\/\/preprod.sts-education.com\/high-school\/durante-il-tuo-anno-allestero\/scuola-e-tempo-libero\/"},"modified":"2026-04-01T01:29:46","modified_gmt":"2026-04-01T01:29:46","slug":"scuola-e-tempo-libero","status":"publish","type":"page","link":"https:\/\/www.sts-education.com\/it\/high-school\/durante-il-tuo-anno-allestero\/scuola-e-tempo-libero\/","title":{"rendered":"Scuola E Tempo Libero"},"content":{"rendered":"\n<section class=\"wp-block-sts-hero sts-block-hero is-variant-full-background has-text-light has-background-media\" style=\"--sts-hero-padding-mobile:0px;--sts-hero-padding-desktop:0px;--sts-hero-text-color:var(--wp--preset--color--base-10, #fff);\" data-variant=\"full-background\"><div class=\"sts-block-hero__background\"><picture class=\"sts-responsive-image has-fit-cover is-skeleton\"><img src=\"https:\/\/cdn.sts-education.com\/12572_hero_lg_xl.jpg\" alt=\"Scuola e tempo libero\" loading=\"lazy\" decoding=\"async\" fetchpriority=\"low\" sizes=\"100vw\" \/><\/picture><span class=\"sts-block-hero__overlay\" aria-hidden=\"true\"><\/span><\/div><div class=\"sts-block-hero__inner\"><div class=\"sts-block-hero__content has-align-center\"><div class=\"sts-block-hero__content-inner\"><h1 class=\"sts-block-hero__heading\">Scuola e tempo libero<\/h1><\/div><\/div><\/div><\/section>\n\n\n\n<div class=\"wp-block-sts-text sts-text-editor has-max-width-md\"><div class=\"sts-text-editor__content\"><div class=\"sts-text-editor__content-inner\">\n<h2>La tua nuova scuola<\/h2>\n\n<p>Scopri la differenza! La tua nuova scuola sar\u00e0 indubbiamente differente rispetto a quelle a cui sei abituato. E sar\u00e0 molto interessante scoprire il sistema scolastico di un altro Paese. Ti abituerai presto a nuove abitudini, ad esempio il modo di salutare gli insegnanti oppure il cambio d\u2019aula ad ogni ora. \u00c8 importante rispettare le regole ed essere puntuali. Nella maggior parte delle scuole l\u2019abbigliamento \u00e8 libero, altre richiedono un\u2019uniforme. Naturalmente dipender\u00e0 dalla scuola, ma come studente Exchange \u00e8 molto divertente condividere con gli altri gli aneddoti sul proprio Paese. Spesso gli insegnanti e i compagni di classe sono molto curiosi.<\/p>\n\n<p>\u00c8 divertente e stimolante imparare una nuova lingua in un nuovo ambiente e molti studenti parlano in modo fluente al rientro a casa. Inoltre, questa conoscenza potr\u00e0 risultare utile per tutta la vita.<\/p>\n\n<p>Ma la vita \u00e8 molto di pi\u00f9 della scuola. Avrai tanto tempo libero da dedicare ad attivit\u00e0, allenamenti ed escursioni che ti consentiranno di crescere ulteriormente durante il tuo anno all\u2019estero. Indubbiamente, il tuo anno High School aprir\u00e0 moltissime porte.<\/p>\n\n<h2>Il tuo tempo libero<\/h2>\n\n<p>Nel tempo libero, avrai l\u2019opportunit\u00e0 di scoprire il tuo nuovo Paese ospitante. Potrai partecipare ad escursioni, gite o semplicemente passeggiate con i tuoi nuovi amici. Potrai giocare a calcio, provare un nuovo sport, suonare uno strumento musicale in una band o fare danza, fare volontariato o semplicemente ritrovarti al bar con gli amici. L\u2019importante \u00e8 trascorrere pi\u00f9 tempo possibile con gli altri, uscire e sfruttare al meglio il tempo libero.<\/p>\n\n<p>In molti Paesi, le scuole offrono diversi tipi di attivit\u00e0 con la possibilit\u00e0 di praticare il proprio sport preferito o provare nuovi hobby. Naturalmente potrai contare anche sull\u2019aiuto della famiglia ospitante, dei compagni di classe e del nostro rappresentante d\u2019area, che ti aiuteranno a scoprire le attivit\u00e0 del luogo.<\/p>\n\n<p>Spesso vengono organizzate anche gite ed escursioni specifiche per gli studenti Exchange. Per maggiori informazioni, ti raccomandiamo di rivolgerti al tuo rappresentante locale.<\/p>\n\n<h3>I contanti durante l\u2019anno all\u2019estero<\/h3>\n\n<p>STS raccomanda di portare 400 USD\/300 EUR al mese in contanti. Probabilmente all\u2019inizio le spese saranno maggiori, in quanto potrebbe essere necessario acquistare libri di testo, quote associative ai club, abbonamento dell\u2019autobus ecc. (Negli Stati Uniti, lo scuolabus \u00e8 gratuito.) I costi legati ad esempio ad attivit\u00e0 ricreative, viaggi, abbigliamento o prodotti per l\u2019igiene personale sono a carico dello studente.<\/p>\n\n<p>Ricorda di non chiedere mai del denaro in prestito ad amici o famiglia ospitante, in quanto potrebbe essere causa di problemi.<\/p>\n<\/div><\/div><\/div>\n\n","protected":false},"excerpt":{"rendered":"","protected":false},"author":20,"featured_media":0,"parent":10646,"menu_order":0,"comment_status":"closed","ping_status":"closed","template":"","meta":{"_acf_changed":false,"sts_page_background_color":"","footnotes":""},"wpw_page_folders":[83],"class_list":["post-10665","page","type-page","status-publish","hentry"],"acf":[],"yoast_head":"<!-- This site is optimized with the Yoast SEO Premium plugin v27.2 (Yoast SEO v27.3) - https:\/\/yoast.com\/product\/yoast-seo-premium-wordpress\/ -->\n<title>Un&#039;emozionante anno di scambio con particolare attenzione all&#039;istruzione e al tempo libero<\/title>\n<meta name=\"description\" content=\"Avrai tutto il tempo per attivit\u00e0, formazione e gite che ti permetteranno di crescere ulteriormente durante il tuo anno all&#039;estero.\" \/>\n<meta name=\"robots\" content=\"index, follow, max-snippet:-1, max-image-preview:large, max-video-preview:-1\" \/>\n<link rel=\"canonical\" href=\"https:\/\/www.sts-education.com\/it\/high-school\/durante-il-tuo-anno-allestero\/scuola-e-tempo-libero\/\" \/>\n<meta property=\"og:locale\" content=\"it_IT\" \/>\n<meta property=\"og:type\" content=\"article\" \/>\n<meta property=\"og:title\" content=\"Scuola E Tempo Libero\" \/>\n<meta property=\"og:description\" content=\"Avrai tutto il tempo per attivit\u00e0, formazione e gite che ti permetteranno di crescere ulteriormente durante il tuo anno all&#039;estero.\" \/>\n<meta property=\"og:url\" content=\"https:\/\/www.sts-education.com\/it\/high-school\/durante-il-tuo-anno-allestero\/scuola-e-tempo-libero\/\" \/>\n<meta property=\"og:site_name\" content=\"STS Education\" \/>\n<meta property=\"article:modified_time\" content=\"2026-04-01T01:29:46+00:00\" \/>\n<meta property=\"og:image\" content=\"https:\/\/cdn.sts-education.com\/12572_hero_lg_xl.jpg\" \/>\n<meta name=\"twitter:card\" content=\"summary_large_image\" \/>\n<meta name=\"twitter:label1\" content=\"Tempo di lettura stimato\" \/>\n\t<meta name=\"twitter:data1\" content=\"2 minuti\" \/>\n<script type=\"application\/ld+json\" class=\"yoast-schema-graph\">{\"@context\":\"https:\\\/\\\/schema.org\",\"@graph\":[{\"@type\":\"WebPage\",\"@id\":\"https:\\\/\\\/www.sts-education.com\\\/it\\\/high-school\\\/durante-il-tuo-anno-allestero\\\/scuola-e-tempo-libero\\\/\",\"url\":\"https:\\\/\\\/www.sts-education.com\\\/it\\\/high-school\\\/durante-il-tuo-anno-allestero\\\/scuola-e-tempo-libero\\\/\",\"name\":\"Un'emozionante anno di scambio con particolare attenzione all'istruzione e al tempo libero\",\"isPartOf\":{\"@id\":\"https:\\\/\\\/www.sts-education.com\\\/it\\\/#website\"},\"primaryImageOfPage\":{\"@id\":\"https:\\\/\\\/www.sts-education.com\\\/it\\\/high-school\\\/durante-il-tuo-anno-allestero\\\/scuola-e-tempo-libero\\\/#primaryimage\"},\"image\":{\"@id\":\"https:\\\/\\\/www.sts-education.com\\\/it\\\/high-school\\\/durante-il-tuo-anno-allestero\\\/scuola-e-tempo-libero\\\/#primaryimage\"},\"thumbnailUrl\":\"https:\\\/\\\/cdn.sts-education.com\\\/12572_hero_lg_xl.jpg\",\"datePublished\":\"2025-12-16T10:15:33+00:00\",\"dateModified\":\"2026-04-01T01:29:46+00:00\",\"description\":\"Avrai tutto il tempo per attivit\u00e0, formazione e gite che ti permetteranno di crescere ulteriormente durante il tuo anno all'estero.\",\"breadcrumb\":{\"@id\":\"https:\\\/\\\/www.sts-education.com\\\/it\\\/high-school\\\/durante-il-tuo-anno-allestero\\\/scuola-e-tempo-libero\\\/#breadcrumb\"},\"inLanguage\":\"it-IT\",\"potentialAction\":[{\"@type\":\"ReadAction\",\"target\":[\"https:\\\/\\\/www.sts-education.com\\\/it\\\/high-school\\\/durante-il-tuo-anno-allestero\\\/scuola-e-tempo-libero\\\/\"]}]},{\"@type\":\"ImageObject\",\"inLanguage\":\"it-IT\",\"@id\":\"https:\\\/\\\/www.sts-education.com\\\/it\\\/high-school\\\/durante-il-tuo-anno-allestero\\\/scuola-e-tempo-libero\\\/#primaryimage\",\"url\":\"https:\\\/\\\/cdn.sts-education.com\\\/12572_hero_lg_xl.jpg\",\"contentUrl\":\"https:\\\/\\\/cdn.sts-education.com\\\/12572_hero_lg_xl.jpg\"},{\"@type\":\"BreadcrumbList\",\"@id\":\"https:\\\/\\\/www.sts-education.com\\\/it\\\/high-school\\\/durante-il-tuo-anno-allestero\\\/scuola-e-tempo-libero\\\/#breadcrumb\",\"itemListElement\":[{\"@type\":\"ListItem\",\"position\":1,\"name\":\"Home\",\"item\":\"https:\\\/\\\/www.sts-education.com\\\/it\\\/\"},{\"@type\":\"ListItem\",\"position\":2,\"name\":\"High school\",\"item\":\"https:\\\/\\\/www.sts-education.com\\\/it\\\/high-school\\\/\"},{\"@type\":\"ListItem\",\"position\":3,\"name\":\"Durante Il Tuo Anno Allestero\",\"item\":\"https:\\\/\\\/www.sts-education.com\\\/it\\\/high-school\\\/durante-il-tuo-anno-allestero\\\/\"},{\"@type\":\"ListItem\",\"position\":4,\"name\":\"Scuola E Tempo Libero\"}]},{\"@type\":\"WebSite\",\"@id\":\"https:\\\/\\\/www.sts-education.com\\\/it\\\/#website\",\"url\":\"https:\\\/\\\/www.sts-education.com\\\/it\\\/\",\"name\":\"STS Education\",\"description\":\"\",\"potentialAction\":[{\"@type\":\"SearchAction\",\"target\":{\"@type\":\"EntryPoint\",\"urlTemplate\":\"https:\\\/\\\/www.sts-education.com\\\/it\\\/?s={search_term_string}\"},\"query-input\":{\"@type\":\"PropertyValueSpecification\",\"valueRequired\":true,\"valueName\":\"search_term_string\"}}],\"inLanguage\":\"it-IT\"}]}<\/script>\n<!-- \/ Yoast SEO Premium plugin. -->","yoast_head_json":{"title":"Un'emozionante anno di scambio con particolare attenzione all'istruzione e al tempo libero","description":"Avrai tutto il tempo per attivit\u00e0, formazione e gite che ti permetteranno di crescere ulteriormente durante il tuo anno all'estero.","robots":{"index":"index","follow":"follow","max-snippet":"max-snippet:-1","max-image-preview":"max-image-preview:large","max-video-preview":"max-video-preview:-1"},"canonical":"https:\/\/www.sts-education.com\/it\/high-school\/durante-il-tuo-anno-allestero\/scuola-e-tempo-libero\/","og_locale":"it_IT","og_type":"article","og_title":"Scuola E Tempo Libero","og_description":"Avrai tutto il tempo per attivit\u00e0, formazione e gite che ti permetteranno di crescere ulteriormente durante il tuo anno all'estero.","og_url":"https:\/\/www.sts-education.com\/it\/high-school\/durante-il-tuo-anno-allestero\/scuola-e-tempo-libero\/","og_site_name":"STS Education","article_modified_time":"2026-04-01T01:29:46+00:00","og_image":[{"url":"https:\/\/cdn.sts-education.com\/12572_hero_lg_xl.jpg","type":"","width":"","height":""}],"twitter_card":"summary_large_image","twitter_misc":{"Tempo di lettura stimato":"2 minuti"},"schema":{"@context":"https:\/\/schema.org","@graph":[{"@type":"WebPage","@id":"https:\/\/www.sts-education.com\/it\/high-school\/durante-il-tuo-anno-allestero\/scuola-e-tempo-libero\/","url":"https:\/\/www.sts-education.com\/it\/high-school\/durante-il-tuo-anno-allestero\/scuola-e-tempo-libero\/","name":"Un'emozionante anno di scambio con particolare attenzione all'istruzione e al tempo libero","isPartOf":{"@id":"https:\/\/www.sts-education.com\/it\/#website"},"primaryImageOfPage":{"@id":"https:\/\/www.sts-education.com\/it\/high-school\/durante-il-tuo-anno-allestero\/scuola-e-tempo-libero\/#primaryimage"},"image":{"@id":"https:\/\/www.sts-education.com\/it\/high-school\/durante-il-tuo-anno-allestero\/scuola-e-tempo-libero\/#primaryimage"},"thumbnailUrl":"https:\/\/cdn.sts-education.com\/12572_hero_lg_xl.jpg","datePublished":"2025-12-16T10:15:33+00:00","dateModified":"2026-04-01T01:29:46+00:00","description":"Avrai tutto il tempo per attivit\u00e0, formazione e gite che ti permetteranno di crescere ulteriormente durante il tuo anno all'estero.","breadcrumb":{"@id":"https:\/\/www.sts-education.com\/it\/high-school\/durante-il-tuo-anno-allestero\/scuola-e-tempo-libero\/#breadcrumb"},"inLanguage":"it-IT","potentialAction":[{"@type":"ReadAction","target":["https:\/\/www.sts-education.com\/it\/high-school\/durante-il-tuo-anno-allestero\/scuola-e-tempo-libero\/"]}]},{"@type":"ImageObject","inLanguage":"it-IT","@id":"https:\/\/www.sts-education.com\/it\/high-school\/durante-il-tuo-anno-allestero\/scuola-e-tempo-libero\/#primaryimage","url":"https:\/\/cdn.sts-education.com\/12572_hero_lg_xl.jpg","contentUrl":"https:\/\/cdn.sts-education.com\/12572_hero_lg_xl.jpg"},{"@type":"BreadcrumbList","@id":"https:\/\/www.sts-education.com\/it\/high-school\/durante-il-tuo-anno-allestero\/scuola-e-tempo-libero\/#breadcrumb","itemListElement":[{"@type":"ListItem","position":1,"name":"Home","item":"https:\/\/www.sts-education.com\/it\/"},{"@type":"ListItem","position":2,"name":"High school","item":"https:\/\/www.sts-education.com\/it\/high-school\/"},{"@type":"ListItem","position":3,"name":"Durante Il Tuo Anno Allestero","item":"https:\/\/www.sts-education.com\/it\/high-school\/durante-il-tuo-anno-allestero\/"},{"@type":"ListItem","position":4,"name":"Scuola E Tempo Libero"}]},{"@type":"WebSite","@id":"https:\/\/www.sts-education.com\/it\/#website","url":"https:\/\/www.sts-education.com\/it\/","name":"STS Education","description":"","potentialAction":[{"@type":"SearchAction","target":{"@type":"EntryPoint","urlTemplate":"https:\/\/www.sts-education.com\/it\/?s={search_term_string}"},"query-input":{"@type":"PropertyValueSpecification","valueRequired":true,"valueName":"search_term_string"}}],"inLanguage":"it-IT"}]}},"_links":{"self":[{"href":"https:\/\/www.sts-education.com\/it\/wp-json\/wp\/v2\/pages\/10665","targetHints":{"allow":["GET"]}}],"collection":[{"href":"https:\/\/www.sts-education.com\/it\/wp-json\/wp\/v2\/pages"}],"about":[{"href":"https:\/\/www.sts-education.com\/it\/wp-json\/wp\/v2\/types\/page"}],"author":[{"embeddable":true,"href":"https:\/\/www.sts-education.com\/it\/wp-json\/wp\/v2\/users\/20"}],"replies":[{"embeddable":true,"href":"https:\/\/www.sts-education.com\/it\/wp-json\/wp\/v2\/comments?post=10665"}],"version-history":[{"count":2,"href":"https:\/\/www.sts-education.com\/it\/wp-json\/wp\/v2\/pages\/10665\/revisions"}],"predecessor-version":[{"id":20159,"href":"https:\/\/www.sts-education.com\/it\/wp-json\/wp\/v2\/pages\/10665\/revisions\/20159"}],"up":[{"embeddable":true,"href":"https:\/\/www.sts-education.com\/it\/wp-json\/wp\/v2\/pages\/10646"}],"wp:attachment":[{"href":"https:\/\/www.sts-education.com\/it\/wp-json\/wp\/v2\/media?parent=10665"}],"wp:term":[{"taxonomy":"wpw_page_folders","embeddable":true,"href":"https:\/\/www.sts-education.com\/it\/wp-json\/wp\/v2\/wpw_page_folders?post=10665"}],"curies":[{"name":"wp","href":"https:\/\/api.w.org\/{rel}","templated":true}]}}