{"id":10667,"date":"2025-12-16T10:14:43","date_gmt":"2025-12-16T10:14:43","guid":{"rendered":"https:\/\/preprod.sts-education.com\/high-school\/durante-il-tuo-anno-allestero\/vivere-in-un-altro-paese\/"},"modified":"2026-04-01T01:29:14","modified_gmt":"2026-04-01T01:29:14","slug":"vivere-in-un-altro-paese","status":"publish","type":"page","link":"https:\/\/www.sts-education.com\/it\/high-school\/durante-il-tuo-anno-allestero\/vivere-in-un-altro-paese\/","title":{"rendered":"Vivere In Un Altro Paese"},"content":{"rendered":"\n<section class=\"wp-block-sts-hero sts-block-hero is-variant-full-background has-text-light has-background-media\" style=\"--sts-hero-padding-mobile:0px;--sts-hero-padding-desktop:0px;--sts-hero-text-color:var(--wp--preset--color--base-10, #fff);\" data-variant=\"full-background\"><div class=\"sts-block-hero__background\"><picture class=\"sts-responsive-image has-fit-cover is-skeleton\"><img src=\"https:\/\/cdn.sts-education.com\/12613_hero_lg_xl.jpg\" alt=\"Vivere in un altro Paese\" loading=\"lazy\" decoding=\"async\" fetchpriority=\"low\" sizes=\"100vw\" \/><\/picture><span class=\"sts-block-hero__overlay\" aria-hidden=\"true\"><\/span><\/div><div class=\"sts-block-hero__inner\"><div class=\"sts-block-hero__content has-align-center\"><div class=\"sts-block-hero__content-inner\"><h1 class=\"sts-block-hero__heading\">Vivere in un altro Paese<\/h1><\/div><\/div><\/div><\/section>\n\n\n\n<div class=\"wp-block-sts-text sts-text-editor has-max-width-md\"><div class=\"sts-text-editor__content\"><div class=\"sts-text-editor__content-inner\">\n<p>Vivere all\u2019estero per un certo periodo di tempo offre numerosi vantaggi. Potrai scoprire un\u2019infinit\u00e0 di nuove cose, conservare tanti ricordi incredibili e imparare una nuova lingua. Inoltre, potrai conoscere nuove persone e una nuova cultura.<\/p>\n\n<p>Potresti anche dover cambiare abitudini, ad esempio contribuire di pi\u00f9 ai lavori domestici rispetto a casa o andare a letto prima. La cucina potrebbe essere differente e potresti dover chiedere il permesso per partecipare ad alcune attivit\u00e0. Ma \u00e8 anche questo il fascino, in quanto ogni Paese ha una cultura differente ed \u00e8 esattamente questa l\u2019esperienza che ti attende durante il tuo anno come studente Exchange.<\/p>\n\n<p>Parlando apertamente con la famiglia ospitante e imparando a capire che cosa si aspetta da te, potrai evitare inutili incomprensioni o scontri culturali. La famiglia ospitante si occuper\u00e0 e sar\u00e0 responsabile di te per l\u2019intero soggiorno. Mantenendo un dialogo aperto, potrete imparare a conoscervi reciprocamente. Insieme troverete un percorso comune, anche se le regole potrebbero essere diverse da quelle a casa.<\/p>\n\n<h2>Vivere con una famiglia ospitante<\/h2>\n\n<p>A prescindere dalla destinazione selezionata nel mondo, vivrai insieme a una famiglia ospitante locale. Potresti essere un po\u2019 nervoso sull\u2019andare in un nuovo luogo e vivere insieme a persone che non hai mai incontrato prima, ma la realt\u00e0 \u00e8 che spesso la tua famiglia ospitante sar\u00e0 una delle parti pi\u00f9 memorabili e importanti di tutta la tua esperienza di scambio. \u00c8 per questo che selezioniamo con cura le nostre famiglie ospitanti e facciamo tutto il possibile per trovare la famiglia giusta per te, spesso in collaborazione con le organizzazioni locali e con il nostro personale nell\u2019area.<\/p>\n\n<p>Ogni famiglia ospitante \u00e8 diversa, cos\u00ec come ogni casa. Alcune famiglie sono pi\u00f9 sportive, altre preferiscono trascorrere il tempo a casa oppure in giardino. Alcune famiglie partecipano ad attivit\u00e0 di volontariato o collaborano con la congregazione religiosa locale, alcune hanno dei bambini e altre no. Tuttavia, tutte le famiglie nutrono un sincero interesse per i loro studenti e probabilmente sar\u00e0 l\u2019inizio di un rapporto di amicizia per tutta la vita.<\/p>\n\n<p>Sentiti a casa. Comunica. Contribuisci ai lavori domestici e rispetta le regole della famiglia ospitante, cos\u00ec come fai con la tua famiglia a casa. In cambio, otterrai un punto di vista unico su un nuovo stile di vita e una nuova cultura, decisamente differente rispetto a quello offerto dal turismo di massa. Magari desideri trascorrere il Giorno del Ringraziamento negli Stati Uniti, prendere il t\u00e8 delle 5 o andare ad una partita di rugby in Inghilterra? Ogni Paese ha un fascino unico e ti promettiamo un\u2019infinit\u00e0 di ricordi indimenticabili!<\/p>\n\n<p>La famiglia ospitante si occuper\u00e0 di te fornendo vitto e alloggio durante l\u2019intero soggiorno. A tuo carico sono i costi legati a prodotti per l\u2019igiene personale, abbonamenti dell\u2019autobus, attivit\u00e0 ricreative, viaggi, abbigliamento e altro ancora. Inoltre, sar\u00e0 la tua famiglia ospitante a stabilire gli orari di rientro a casa e le mansioni domestiche. La partecipazione alle varie attivit\u00e0 e alle tradizioni di famiglia sar\u00e0 apprezzata, ma naturalmente avrai anche del tempo libero. Ricorda di dire sempre dove vai e che molto probabilmente la tua famiglia ospitante sar\u00e0 felice di incontrare i tuoi nuovi amici.<\/p>\n<\/div><\/div><\/div>\n\n","protected":false},"excerpt":{"rendered":"","protected":false},"author":20,"featured_media":0,"parent":10646,"menu_order":0,"comment_status":"closed","ping_status":"closed","template":"templates\/template-default-with-breadcrumbs.php","meta":{"_acf_changed":false,"sts_page_background_color":"","footnotes":""},"wpw_page_folders":[83],"class_list":["post-10667","page","type-page","status-publish","hentry"],"acf":[],"yoast_head":"<!-- This site is optimized with the Yoast SEO Premium plugin v27.2 (Yoast SEO v27.3) - https:\/\/yoast.com\/product\/yoast-seo-premium-wordpress\/ -->\n<title>Vivre dans un autre pays en tant qu&#039;\u00e9tudiant participant \u00e0 un programme d&#039;\u00e9change<\/title>\n<meta name=\"description\" content=\"Vivere in un altro Paese \u00e8 diverso, ma \u00e8 anche parte del fascino. Vivere all\u2019estero per un certo periodo di tempo offre numerosi vantaggi.\" \/>\n<meta name=\"robots\" content=\"index, follow, max-snippet:-1, max-image-preview:large, max-video-preview:-1\" \/>\n<link rel=\"canonical\" href=\"https:\/\/www.sts-education.com\/it\/high-school\/durante-il-tuo-anno-allestero\/vivere-in-un-altro-paese\/\" \/>\n<meta property=\"og:locale\" content=\"it_IT\" \/>\n<meta property=\"og:type\" content=\"article\" \/>\n<meta property=\"og:title\" content=\"Vivere In Un Altro Paese\" \/>\n<meta property=\"og:description\" content=\"Vivere in un altro Paese \u00e8 diverso, ma \u00e8 anche parte del fascino. Vivere all\u2019estero per un certo periodo di tempo offre numerosi vantaggi.\" \/>\n<meta property=\"og:url\" content=\"https:\/\/www.sts-education.com\/it\/high-school\/durante-il-tuo-anno-allestero\/vivere-in-un-altro-paese\/\" \/>\n<meta property=\"og:site_name\" content=\"STS Education\" \/>\n<meta property=\"article:modified_time\" content=\"2026-04-01T01:29:14+00:00\" \/>\n<meta property=\"og:image\" content=\"https:\/\/cdn.sts-education.com\/12613_hero_lg_xl.jpg\" \/>\n<meta name=\"twitter:card\" content=\"summary_large_image\" \/>\n<meta name=\"twitter:label1\" content=\"Tempo di lettura stimato\" \/>\n\t<meta name=\"twitter:data1\" content=\"3 minuti\" \/>\n<script type=\"application\/ld+json\" class=\"yoast-schema-graph\">{\"@context\":\"https:\\\/\\\/schema.org\",\"@graph\":[{\"@type\":\"WebPage\",\"@id\":\"https:\\\/\\\/www.sts-education.com\\\/it\\\/high-school\\\/durante-il-tuo-anno-allestero\\\/vivere-in-un-altro-paese\\\/\",\"url\":\"https:\\\/\\\/www.sts-education.com\\\/it\\\/high-school\\\/durante-il-tuo-anno-allestero\\\/vivere-in-un-altro-paese\\\/\",\"name\":\"Vivre dans un autre pays en tant qu'\u00e9tudiant participant \u00e0 un programme d'\u00e9change\",\"isPartOf\":{\"@id\":\"https:\\\/\\\/www.sts-education.com\\\/it\\\/#website\"},\"primaryImageOfPage\":{\"@id\":\"https:\\\/\\\/www.sts-education.com\\\/it\\\/high-school\\\/durante-il-tuo-anno-allestero\\\/vivere-in-un-altro-paese\\\/#primaryimage\"},\"image\":{\"@id\":\"https:\\\/\\\/www.sts-education.com\\\/it\\\/high-school\\\/durante-il-tuo-anno-allestero\\\/vivere-in-un-altro-paese\\\/#primaryimage\"},\"thumbnailUrl\":\"https:\\\/\\\/cdn.sts-education.com\\\/12613_hero_lg_xl.jpg\",\"datePublished\":\"2025-12-16T10:14:43+00:00\",\"dateModified\":\"2026-04-01T01:29:14+00:00\",\"description\":\"Vivere in un altro Paese \u00e8 diverso, ma \u00e8 anche parte del fascino. Vivere all\u2019estero per un certo periodo di tempo offre numerosi vantaggi.\",\"breadcrumb\":{\"@id\":\"https:\\\/\\\/www.sts-education.com\\\/it\\\/high-school\\\/durante-il-tuo-anno-allestero\\\/vivere-in-un-altro-paese\\\/#breadcrumb\"},\"inLanguage\":\"it-IT\",\"potentialAction\":[{\"@type\":\"ReadAction\",\"target\":[\"https:\\\/\\\/www.sts-education.com\\\/it\\\/high-school\\\/durante-il-tuo-anno-allestero\\\/vivere-in-un-altro-paese\\\/\"]}]},{\"@type\":\"ImageObject\",\"inLanguage\":\"it-IT\",\"@id\":\"https:\\\/\\\/www.sts-education.com\\\/it\\\/high-school\\\/durante-il-tuo-anno-allestero\\\/vivere-in-un-altro-paese\\\/#primaryimage\",\"url\":\"https:\\\/\\\/cdn.sts-education.com\\\/12613_hero_lg_xl.jpg\",\"contentUrl\":\"https:\\\/\\\/cdn.sts-education.com\\\/12613_hero_lg_xl.jpg\"},{\"@type\":\"BreadcrumbList\",\"@id\":\"https:\\\/\\\/www.sts-education.com\\\/it\\\/high-school\\\/durante-il-tuo-anno-allestero\\\/vivere-in-un-altro-paese\\\/#breadcrumb\",\"itemListElement\":[{\"@type\":\"ListItem\",\"position\":1,\"name\":\"Home\",\"item\":\"https:\\\/\\\/www.sts-education.com\\\/it\\\/\"},{\"@type\":\"ListItem\",\"position\":2,\"name\":\"High school\",\"item\":\"https:\\\/\\\/www.sts-education.com\\\/it\\\/high-school\\\/\"},{\"@type\":\"ListItem\",\"position\":3,\"name\":\"Durante Il Tuo Anno Allestero\",\"item\":\"https:\\\/\\\/www.sts-education.com\\\/it\\\/high-school\\\/durante-il-tuo-anno-allestero\\\/\"},{\"@type\":\"ListItem\",\"position\":4,\"name\":\"Vivere In Un Altro Paese\"}]},{\"@type\":\"WebSite\",\"@id\":\"https:\\\/\\\/www.sts-education.com\\\/it\\\/#website\",\"url\":\"https:\\\/\\\/www.sts-education.com\\\/it\\\/\",\"name\":\"STS Education\",\"description\":\"\",\"potentialAction\":[{\"@type\":\"SearchAction\",\"target\":{\"@type\":\"EntryPoint\",\"urlTemplate\":\"https:\\\/\\\/www.sts-education.com\\\/it\\\/?s={search_term_string}\"},\"query-input\":{\"@type\":\"PropertyValueSpecification\",\"valueRequired\":true,\"valueName\":\"search_term_string\"}}],\"inLanguage\":\"it-IT\"}]}<\/script>\n<!-- \/ Yoast SEO Premium plugin. -->","yoast_head_json":{"title":"Vivre dans un autre pays en tant qu'\u00e9tudiant participant \u00e0 un programme d'\u00e9change","description":"Vivere in un altro Paese \u00e8 diverso, ma \u00e8 anche parte del fascino. Vivere all\u2019estero per un certo periodo di tempo offre numerosi vantaggi.","robots":{"index":"index","follow":"follow","max-snippet":"max-snippet:-1","max-image-preview":"max-image-preview:large","max-video-preview":"max-video-preview:-1"},"canonical":"https:\/\/www.sts-education.com\/it\/high-school\/durante-il-tuo-anno-allestero\/vivere-in-un-altro-paese\/","og_locale":"it_IT","og_type":"article","og_title":"Vivere In Un Altro Paese","og_description":"Vivere in un altro Paese \u00e8 diverso, ma \u00e8 anche parte del fascino. Vivere all\u2019estero per un certo periodo di tempo offre numerosi vantaggi.","og_url":"https:\/\/www.sts-education.com\/it\/high-school\/durante-il-tuo-anno-allestero\/vivere-in-un-altro-paese\/","og_site_name":"STS Education","article_modified_time":"2026-04-01T01:29:14+00:00","og_image":[{"url":"https:\/\/cdn.sts-education.com\/12613_hero_lg_xl.jpg","type":"","width":"","height":""}],"twitter_card":"summary_large_image","twitter_misc":{"Tempo di lettura stimato":"3 minuti"},"schema":{"@context":"https:\/\/schema.org","@graph":[{"@type":"WebPage","@id":"https:\/\/www.sts-education.com\/it\/high-school\/durante-il-tuo-anno-allestero\/vivere-in-un-altro-paese\/","url":"https:\/\/www.sts-education.com\/it\/high-school\/durante-il-tuo-anno-allestero\/vivere-in-un-altro-paese\/","name":"Vivre dans un autre pays en tant qu'\u00e9tudiant participant \u00e0 un programme d'\u00e9change","isPartOf":{"@id":"https:\/\/www.sts-education.com\/it\/#website"},"primaryImageOfPage":{"@id":"https:\/\/www.sts-education.com\/it\/high-school\/durante-il-tuo-anno-allestero\/vivere-in-un-altro-paese\/#primaryimage"},"image":{"@id":"https:\/\/www.sts-education.com\/it\/high-school\/durante-il-tuo-anno-allestero\/vivere-in-un-altro-paese\/#primaryimage"},"thumbnailUrl":"https:\/\/cdn.sts-education.com\/12613_hero_lg_xl.jpg","datePublished":"2025-12-16T10:14:43+00:00","dateModified":"2026-04-01T01:29:14+00:00","description":"Vivere in un altro Paese \u00e8 diverso, ma \u00e8 anche parte del fascino. Vivere all\u2019estero per un certo periodo di tempo offre numerosi vantaggi.","breadcrumb":{"@id":"https:\/\/www.sts-education.com\/it\/high-school\/durante-il-tuo-anno-allestero\/vivere-in-un-altro-paese\/#breadcrumb"},"inLanguage":"it-IT","potentialAction":[{"@type":"ReadAction","target":["https:\/\/www.sts-education.com\/it\/high-school\/durante-il-tuo-anno-allestero\/vivere-in-un-altro-paese\/"]}]},{"@type":"ImageObject","inLanguage":"it-IT","@id":"https:\/\/www.sts-education.com\/it\/high-school\/durante-il-tuo-anno-allestero\/vivere-in-un-altro-paese\/#primaryimage","url":"https:\/\/cdn.sts-education.com\/12613_hero_lg_xl.jpg","contentUrl":"https:\/\/cdn.sts-education.com\/12613_hero_lg_xl.jpg"},{"@type":"BreadcrumbList","@id":"https:\/\/www.sts-education.com\/it\/high-school\/durante-il-tuo-anno-allestero\/vivere-in-un-altro-paese\/#breadcrumb","itemListElement":[{"@type":"ListItem","position":1,"name":"Home","item":"https:\/\/www.sts-education.com\/it\/"},{"@type":"ListItem","position":2,"name":"High school","item":"https:\/\/www.sts-education.com\/it\/high-school\/"},{"@type":"ListItem","position":3,"name":"Durante Il Tuo Anno Allestero","item":"https:\/\/www.sts-education.com\/it\/high-school\/durante-il-tuo-anno-allestero\/"},{"@type":"ListItem","position":4,"name":"Vivere In Un Altro Paese"}]},{"@type":"WebSite","@id":"https:\/\/www.sts-education.com\/it\/#website","url":"https:\/\/www.sts-education.com\/it\/","name":"STS Education","description":"","potentialAction":[{"@type":"SearchAction","target":{"@type":"EntryPoint","urlTemplate":"https:\/\/www.sts-education.com\/it\/?s={search_term_string}"},"query-input":{"@type":"PropertyValueSpecification","valueRequired":true,"valueName":"search_term_string"}}],"inLanguage":"it-IT"}]}},"_links":{"self":[{"href":"https:\/\/www.sts-education.com\/it\/wp-json\/wp\/v2\/pages\/10667","targetHints":{"allow":["GET"]}}],"collection":[{"href":"https:\/\/www.sts-education.com\/it\/wp-json\/wp\/v2\/pages"}],"about":[{"href":"https:\/\/www.sts-education.com\/it\/wp-json\/wp\/v2\/types\/page"}],"author":[{"embeddable":true,"href":"https:\/\/www.sts-education.com\/it\/wp-json\/wp\/v2\/users\/20"}],"replies":[{"embeddable":true,"href":"https:\/\/www.sts-education.com\/it\/wp-json\/wp\/v2\/comments?post=10667"}],"version-history":[{"count":2,"href":"https:\/\/www.sts-education.com\/it\/wp-json\/wp\/v2\/pages\/10667\/revisions"}],"predecessor-version":[{"id":20147,"href":"https:\/\/www.sts-education.com\/it\/wp-json\/wp\/v2\/pages\/10667\/revisions\/20147"}],"up":[{"embeddable":true,"href":"https:\/\/www.sts-education.com\/it\/wp-json\/wp\/v2\/pages\/10646"}],"wp:attachment":[{"href":"https:\/\/www.sts-education.com\/it\/wp-json\/wp\/v2\/media?parent=10667"}],"wp:term":[{"taxonomy":"wpw_page_folders","embeddable":true,"href":"https:\/\/www.sts-education.com\/it\/wp-json\/wp\/v2\/wpw_page_folders?post=10667"}],"curies":[{"name":"wp","href":"https:\/\/api.w.org\/{rel}","templated":true}]}}