{"id":10668,"date":"2025-12-16T10:13:17","date_gmt":"2025-12-16T10:13:17","guid":{"rendered":"https:\/\/preprod.sts-education.com\/high-school\/durante-il-tuo-anno-allestero\/welcome-camp\/"},"modified":"2026-04-01T01:28:42","modified_gmt":"2026-04-01T01:28:42","slug":"welcome-camp","status":"publish","type":"page","link":"https:\/\/www.sts-education.com\/it\/high-school\/durante-il-tuo-anno-allestero\/welcome-camp\/","title":{"rendered":"Welcome Camp"},"content":{"rendered":"\n<section class=\"wp-block-sts-hero sts-block-hero is-variant-full-background has-text-light has-background-media\" style=\"--sts-hero-padding-mobile:0px;--sts-hero-padding-desktop:0px;--sts-hero-text-color:var(--wp--preset--color--base-10, #fff);\" data-variant=\"full-background\"><div class=\"sts-block-hero__background\"><picture class=\"sts-responsive-image has-fit-cover is-skeleton\"><img src=\"https:\/\/cdn.sts-education.com\/12570_hero_lg_xl.jpg\" alt=\"Welcome Camp incluso\" loading=\"lazy\" decoding=\"async\" fetchpriority=\"low\" sizes=\"100vw\" \/><\/picture><span class=\"sts-block-hero__overlay\" aria-hidden=\"true\"><\/span><\/div><div class=\"sts-block-hero__inner\"><div class=\"sts-block-hero__content has-align-center\"><div class=\"sts-block-hero__content-inner\"><h1 class=\"sts-block-hero__heading\">Welcome Camp incluso<\/h1><\/div><\/div><\/div><\/section>\n\n\n\n<div class=\"wp-block-sts-text sts-text-editor has-max-width-md\"><div class=\"sts-text-editor__content\"><div class=\"sts-text-editor__content-inner\">\n<p>Per offrirti una partenza perfetta, il tuo anno all\u2019estero in quasi tutte le destinazioni inizia con l\u2019STS Welcome Camp, incluso nella quota del corso. \u00c8 una sorta di \u201cpartenza soft\u201d, dove avrai l\u2019opportunit\u00e0 di incontrare gli altri studenti STS e saperne di pi\u00f9 su che cosa puoi aspettarti dall\u2019avventura che sta per iniziare. In questo modo potrai iniziare la tua avventura nel modo migliore possibile, con l\u2019opportunit\u00e0 di conoscere tanti altri studenti provenienti da tutto il mondo che come te stanno per cominciare l\u2019anno all\u2019estero.<\/p>\n\n<p>Tutti i nostri Welcome Camp si tengono nelle grandi citt\u00e0 e hanno una durata di diversi giorni. Il Paese e la citt\u00e0 dipendono dalla destinazione selezionata, ma puoi essere certo che avrai l\u2019opportunit\u00e0 di partecipare a workshop interessanti e attivit\u00e0 divertenti che potranno esserti di aiuto durante il tuo scambio. Ad esempio come affrontare la nostalgia di casa, adattarsi a vivere in una nuova casa, come chiedere sostegno ecc.<\/p>\n\n<p>Potrai scoprire la citt\u00e0 partecipando a un sightseeing e vedere i luoghi pi\u00f9 famosi. Tutto questo insieme agli altri studenti STS che stanno per iniziare come te la propria avventura. Sar\u00e0 un\u2019esperienza indimenticabile e il migliore inizio possibile del tuo anno all\u2019estero. Dopo l\u2019STS Welcome Camp, sarai pronto per raggiungere la destinazione finale, incontrare la famiglia ospitante e sistemarti a casa.<\/p>\n\n<p><a href=\"\/it\/high-school\/tripfinder\/?q=\">Per saperne di pi\u00f9 sul nostro Welcome Camp in ogni destinazione<\/a>.<\/p>\n<\/div><\/div><\/div>\n\n\n\n<figure class=\"wp-block-sts-image sts-block-image sts-block-image--count-1 has-max-width-md\" data-count=\"1\"><div class=\"sts-block-image__grid\"><div class=\"sts-block-image__item\"><picture class=\"sts-responsive-image has-fit-cover has-pos-top is-skeleton\"><img src=\"https:\/\/cdn.sts-education.com\/13063_hero_md.jpg\" alt=\"Welcome Camp incluso\" loading=\"lazy\" decoding=\"async\" fetchpriority=\"low\" sizes=\"(max-width: 736px) 100vw, 736px\"\/><\/picture><\/div><\/div><\/figure>\n\n\n\n<div class=\"wp-block-sts-text sts-text-editor has-max-width-md\"><div class=\"sts-text-editor__content\"><div class=\"sts-text-editor__content-inner\">\n<p><em>\u201cIl Welcome Camp \u00e8 stato assolutamente una delle cose pi\u00f9 belle e un fantastico inizio per il mio anno come studente Exchange. Sono ancora in contatto con molti dei partecipanti. Tutte le varie attivit\u00e0 mi hanno aiutato a prepararmi al meglio. Indubbiamente, se ne avessi la possibilit\u00e0, rivivrei volentieri quei giorni!\u201d<\/em><\/p>\n<p><em>Jessica dalla Svizzera, che ha partecipato all\u2019STS Welcome Camp di New York.<\/em><\/p>\n<\/div><\/div><\/div>\n\n","protected":false},"excerpt":{"rendered":"","protected":false},"author":20,"featured_media":15682,"parent":10646,"menu_order":0,"comment_status":"closed","ping_status":"closed","template":"templates\/template-default-with-breadcrumbs.php","meta":{"_acf_changed":false,"sts_page_background_color":"","footnotes":""},"wpw_page_folders":[83],"class_list":["post-10668","page","type-page","status-publish","has-post-thumbnail","hentry"],"acf":[],"yoast_head":"<!-- This site is optimized with the Yoast SEO Premium plugin v27.2 (Yoast SEO v27.3) - https:\/\/yoast.com\/product\/yoast-seo-premium-wordpress\/ -->\n<title>Inizia il tuo anno all&#039;estero con un Welcome Camp | STS<\/title>\n<meta name=\"description\" content=\"Inizia il tuo anno all&#039;estero nel migliore dei modi con il welcome camp! Incontra altri ragazzi che stanno facendo lo stesso viaggio e ottieni maggiori informazioni su quello che ti aspetta.\" \/>\n<meta name=\"robots\" content=\"index, follow, max-snippet:-1, max-image-preview:large, max-video-preview:-1\" \/>\n<link rel=\"canonical\" href=\"https:\/\/www.sts-education.com\/it\/high-school\/durante-il-tuo-anno-allestero\/welcome-camp\/\" \/>\n<meta property=\"og:locale\" content=\"it_IT\" \/>\n<meta property=\"og:type\" content=\"article\" \/>\n<meta property=\"og:title\" content=\"Welcome Camp\" \/>\n<meta property=\"og:description\" content=\"Inizia il tuo anno all&#039;estero nel migliore dei modi con il welcome camp! Incontra altri ragazzi che stanno facendo lo stesso viaggio e ottieni maggiori informazioni su quello che ti aspetta.\" \/>\n<meta property=\"og:url\" content=\"https:\/\/www.sts-education.com\/it\/high-school\/durante-il-tuo-anno-allestero\/welcome-camp\/\" \/>\n<meta property=\"og:site_name\" content=\"STS Education\" \/>\n<meta property=\"article:modified_time\" content=\"2026-04-01T01:28:42+00:00\" \/>\n<meta property=\"og:image\" content=\"https:\/\/powered-by.qbank.se\/educatius\/sts\/\/97cdc9382a1d068b806b8d3eacbd0cae_1-1-thumb.webp\" \/>\n\t<meta property=\"og:image:width\" content=\"150\" \/>\n\t<meta property=\"og:image:height\" content=\"150\" \/>\n\t<meta property=\"og:image:type\" content=\"image\/jpeg\" \/>\n<meta name=\"twitter:card\" content=\"summary_large_image\" \/>\n<meta name=\"twitter:label1\" content=\"Tempo di lettura stimato\" \/>\n\t<meta name=\"twitter:data1\" content=\"2 minuti\" \/>\n<script type=\"application\/ld+json\" class=\"yoast-schema-graph\">{\"@context\":\"https:\\\/\\\/schema.org\",\"@graph\":[{\"@type\":\"WebPage\",\"@id\":\"https:\\\/\\\/www.sts-education.com\\\/it\\\/high-school\\\/durante-il-tuo-anno-allestero\\\/welcome-camp\\\/\",\"url\":\"https:\\\/\\\/www.sts-education.com\\\/it\\\/high-school\\\/durante-il-tuo-anno-allestero\\\/welcome-camp\\\/\",\"name\":\"Inizia il tuo anno all'estero con un Welcome Camp | STS\",\"isPartOf\":{\"@id\":\"https:\\\/\\\/www.sts-education.com\\\/it\\\/#website\"},\"primaryImageOfPage\":{\"@id\":\"https:\\\/\\\/www.sts-education.com\\\/it\\\/high-school\\\/durante-il-tuo-anno-allestero\\\/welcome-camp\\\/#primaryimage\"},\"image\":{\"@id\":\"https:\\\/\\\/www.sts-education.com\\\/it\\\/high-school\\\/durante-il-tuo-anno-allestero\\\/welcome-camp\\\/#primaryimage\"},\"thumbnailUrl\":\"https:\\\/\\\/powered-by.qbank.se\\\/educatius\\\/sts\\\/\\\/97cdc9382a1d068b806b8d3eacbd0cae_1-1-thumb.webp\",\"datePublished\":\"2025-12-16T10:13:17+00:00\",\"dateModified\":\"2026-04-01T01:28:42+00:00\",\"description\":\"Inizia il tuo anno all'estero nel migliore dei modi con il welcome camp! Incontra altri ragazzi che stanno facendo lo stesso viaggio e ottieni maggiori informazioni su quello che ti aspetta.\",\"breadcrumb\":{\"@id\":\"https:\\\/\\\/www.sts-education.com\\\/it\\\/high-school\\\/durante-il-tuo-anno-allestero\\\/welcome-camp\\\/#breadcrumb\"},\"inLanguage\":\"it-IT\",\"potentialAction\":[{\"@type\":\"ReadAction\",\"target\":[\"https:\\\/\\\/www.sts-education.com\\\/it\\\/high-school\\\/durante-il-tuo-anno-allestero\\\/welcome-camp\\\/\"]}]},{\"@type\":\"ImageObject\",\"inLanguage\":\"it-IT\",\"@id\":\"https:\\\/\\\/www.sts-education.com\\\/it\\\/high-school\\\/durante-il-tuo-anno-allestero\\\/welcome-camp\\\/#primaryimage\",\"url\":\"https:\\\/\\\/powered-by.qbank.se\\\/educatius\\\/sts\\\/\\\/97cdc9382a1d068b806b8d3eacbd0cae_1-1-thumb.webp\",\"contentUrl\":\"https:\\\/\\\/powered-by.qbank.se\\\/educatius\\\/sts\\\/\\\/97cdc9382a1d068b806b8d3eacbd0cae_1-1-thumb.webp\",\"width\":150,\"height\":150},{\"@type\":\"BreadcrumbList\",\"@id\":\"https:\\\/\\\/www.sts-education.com\\\/it\\\/high-school\\\/durante-il-tuo-anno-allestero\\\/welcome-camp\\\/#breadcrumb\",\"itemListElement\":[{\"@type\":\"ListItem\",\"position\":1,\"name\":\"Home\",\"item\":\"https:\\\/\\\/www.sts-education.com\\\/it\\\/\"},{\"@type\":\"ListItem\",\"position\":2,\"name\":\"High school\",\"item\":\"https:\\\/\\\/www.sts-education.com\\\/it\\\/high-school\\\/\"},{\"@type\":\"ListItem\",\"position\":3,\"name\":\"Durante Il Tuo Anno Allestero\",\"item\":\"https:\\\/\\\/www.sts-education.com\\\/it\\\/high-school\\\/durante-il-tuo-anno-allestero\\\/\"},{\"@type\":\"ListItem\",\"position\":4,\"name\":\"Welcome Camp\"}]},{\"@type\":\"WebSite\",\"@id\":\"https:\\\/\\\/www.sts-education.com\\\/it\\\/#website\",\"url\":\"https:\\\/\\\/www.sts-education.com\\\/it\\\/\",\"name\":\"STS Education\",\"description\":\"\",\"potentialAction\":[{\"@type\":\"SearchAction\",\"target\":{\"@type\":\"EntryPoint\",\"urlTemplate\":\"https:\\\/\\\/www.sts-education.com\\\/it\\\/?s={search_term_string}\"},\"query-input\":{\"@type\":\"PropertyValueSpecification\",\"valueRequired\":true,\"valueName\":\"search_term_string\"}}],\"inLanguage\":\"it-IT\"}]}<\/script>\n<!-- \/ Yoast SEO Premium plugin. -->","yoast_head_json":{"title":"Inizia il tuo anno all'estero con un Welcome Camp | STS","description":"Inizia il tuo anno all'estero nel migliore dei modi con il welcome camp! Incontra altri ragazzi che stanno facendo lo stesso viaggio e ottieni maggiori informazioni su quello che ti aspetta.","robots":{"index":"index","follow":"follow","max-snippet":"max-snippet:-1","max-image-preview":"max-image-preview:large","max-video-preview":"max-video-preview:-1"},"canonical":"https:\/\/www.sts-education.com\/it\/high-school\/durante-il-tuo-anno-allestero\/welcome-camp\/","og_locale":"it_IT","og_type":"article","og_title":"Welcome Camp","og_description":"Inizia il tuo anno all'estero nel migliore dei modi con il welcome camp! Incontra altri ragazzi che stanno facendo lo stesso viaggio e ottieni maggiori informazioni su quello che ti aspetta.","og_url":"https:\/\/www.sts-education.com\/it\/high-school\/durante-il-tuo-anno-allestero\/welcome-camp\/","og_site_name":"STS Education","article_modified_time":"2026-04-01T01:28:42+00:00","og_image":[{"width":150,"height":150,"url":"https:\/\/powered-by.qbank.se\/educatius\/sts\/\/97cdc9382a1d068b806b8d3eacbd0cae_1-1-thumb.webp","type":"image\/jpeg"}],"twitter_card":"summary_large_image","twitter_misc":{"Tempo di lettura stimato":"2 minuti"},"schema":{"@context":"https:\/\/schema.org","@graph":[{"@type":"WebPage","@id":"https:\/\/www.sts-education.com\/it\/high-school\/durante-il-tuo-anno-allestero\/welcome-camp\/","url":"https:\/\/www.sts-education.com\/it\/high-school\/durante-il-tuo-anno-allestero\/welcome-camp\/","name":"Inizia il tuo anno all'estero con un Welcome Camp | STS","isPartOf":{"@id":"https:\/\/www.sts-education.com\/it\/#website"},"primaryImageOfPage":{"@id":"https:\/\/www.sts-education.com\/it\/high-school\/durante-il-tuo-anno-allestero\/welcome-camp\/#primaryimage"},"image":{"@id":"https:\/\/www.sts-education.com\/it\/high-school\/durante-il-tuo-anno-allestero\/welcome-camp\/#primaryimage"},"thumbnailUrl":"https:\/\/powered-by.qbank.se\/educatius\/sts\/\/97cdc9382a1d068b806b8d3eacbd0cae_1-1-thumb.webp","datePublished":"2025-12-16T10:13:17+00:00","dateModified":"2026-04-01T01:28:42+00:00","description":"Inizia il tuo anno all'estero nel migliore dei modi con il welcome camp! Incontra altri ragazzi che stanno facendo lo stesso viaggio e ottieni maggiori informazioni su quello che ti aspetta.","breadcrumb":{"@id":"https:\/\/www.sts-education.com\/it\/high-school\/durante-il-tuo-anno-allestero\/welcome-camp\/#breadcrumb"},"inLanguage":"it-IT","potentialAction":[{"@type":"ReadAction","target":["https:\/\/www.sts-education.com\/it\/high-school\/durante-il-tuo-anno-allestero\/welcome-camp\/"]}]},{"@type":"ImageObject","inLanguage":"it-IT","@id":"https:\/\/www.sts-education.com\/it\/high-school\/durante-il-tuo-anno-allestero\/welcome-camp\/#primaryimage","url":"https:\/\/powered-by.qbank.se\/educatius\/sts\/\/97cdc9382a1d068b806b8d3eacbd0cae_1-1-thumb.webp","contentUrl":"https:\/\/powered-by.qbank.se\/educatius\/sts\/\/97cdc9382a1d068b806b8d3eacbd0cae_1-1-thumb.webp","width":150,"height":150},{"@type":"BreadcrumbList","@id":"https:\/\/www.sts-education.com\/it\/high-school\/durante-il-tuo-anno-allestero\/welcome-camp\/#breadcrumb","itemListElement":[{"@type":"ListItem","position":1,"name":"Home","item":"https:\/\/www.sts-education.com\/it\/"},{"@type":"ListItem","position":2,"name":"High school","item":"https:\/\/www.sts-education.com\/it\/high-school\/"},{"@type":"ListItem","position":3,"name":"Durante Il Tuo Anno Allestero","item":"https:\/\/www.sts-education.com\/it\/high-school\/durante-il-tuo-anno-allestero\/"},{"@type":"ListItem","position":4,"name":"Welcome Camp"}]},{"@type":"WebSite","@id":"https:\/\/www.sts-education.com\/it\/#website","url":"https:\/\/www.sts-education.com\/it\/","name":"STS Education","description":"","potentialAction":[{"@type":"SearchAction","target":{"@type":"EntryPoint","urlTemplate":"https:\/\/www.sts-education.com\/it\/?s={search_term_string}"},"query-input":{"@type":"PropertyValueSpecification","valueRequired":true,"valueName":"search_term_string"}}],"inLanguage":"it-IT"}]}},"_links":{"self":[{"href":"https:\/\/www.sts-education.com\/it\/wp-json\/wp\/v2\/pages\/10668","targetHints":{"allow":["GET"]}}],"collection":[{"href":"https:\/\/www.sts-education.com\/it\/wp-json\/wp\/v2\/pages"}],"about":[{"href":"https:\/\/www.sts-education.com\/it\/wp-json\/wp\/v2\/types\/page"}],"author":[{"embeddable":true,"href":"https:\/\/www.sts-education.com\/it\/wp-json\/wp\/v2\/users\/20"}],"replies":[{"embeddable":true,"href":"https:\/\/www.sts-education.com\/it\/wp-json\/wp\/v2\/comments?post=10668"}],"version-history":[{"count":2,"href":"https:\/\/www.sts-education.com\/it\/wp-json\/wp\/v2\/pages\/10668\/revisions"}],"predecessor-version":[{"id":20135,"href":"https:\/\/www.sts-education.com\/it\/wp-json\/wp\/v2\/pages\/10668\/revisions\/20135"}],"up":[{"embeddable":true,"href":"https:\/\/www.sts-education.com\/it\/wp-json\/wp\/v2\/pages\/10646"}],"wp:featuredmedia":[{"embeddable":true,"href":"https:\/\/www.sts-education.com\/it\/wp-json\/wp\/v2\/media\/15682"}],"wp:attachment":[{"href":"https:\/\/www.sts-education.com\/it\/wp-json\/wp\/v2\/media?parent=10668"}],"wp:term":[{"taxonomy":"wpw_page_folders","embeddable":true,"href":"https:\/\/www.sts-education.com\/it\/wp-json\/wp\/v2\/wpw_page_folders?post=10668"}],"curies":[{"name":"wp","href":"https:\/\/api.w.org\/{rel}","templated":true}]}}