{"id":10674,"date":"2025-12-16T10:18:50","date_gmt":"2025-12-16T10:18:50","guid":{"rendered":"https:\/\/preprod.sts-education.com\/high-school\/informazioni-utili-e-prezzi\/opzioni\/"},"modified":"2026-04-14T09:52:50","modified_gmt":"2026-04-14T09:52:50","slug":"opzioni","status":"publish","type":"page","link":"https:\/\/www.sts-education.com\/it\/high-school\/informazioni-utili-e-prezzi\/opzioni\/","title":{"rendered":"Opzioni"},"content":{"rendered":"\n<section class=\"wp-block-sts-hero sts-block-hero sts-block-hero is-variant-full-background has-text-light has-background-media\" style=\"--sts-hero-padding-mobile:0px;--sts-hero-padding-desktop:0px;--sts-hero-text-color:var(--wp--preset--color--base-10, #fff)\" data-variant=\"full-background\"><div class=\"sts-block-hero__background\"><picture class=\"sts-responsive-image has-pos-center is-skeleton\"><img src=\"https:\/\/cdn.sts-education.com\/12838_hero_lg_xl.jpg\" alt=\"Opzioni\" loading=\"lazy\" decoding=\"async\" fetchpriority=\"low\" sizes=\"(max-width: 640px) max(100vw, calc(clamp(320px, 100vh, 720px) * 9 \/ 16)), (max-width: 840px) max(100vw, calc(clamp(320px, 100vh, 720px) * 1 \/ 1)), max(100vw, calc(clamp(320px, 100vh, 720px) * 16 \/ 9))\" style=\"object-position:center\"\/><\/picture><span class=\"sts-block-hero__overlay\" aria-hidden=\"true\"><\/span><\/div><div class=\"sts-block-hero__inner\"><div class=\"sts-block-hero__content has-align-center\"><div class=\"sts-block-hero__content-inner\"><h1 class=\"sts-block-hero__heading\">Opzioni<\/h1><\/div><\/div><\/div><\/section>\n\n\n\n<div class=\"wp-block-sts-text sts-text-editor has-max-width-md\"><div class=\"sts-text-editor__content\"><div class=\"sts-text-editor__content-inner\">\n<p>Un anno all\u2019estero pu\u00f2 essere molto diverso. Per eventuali esigenze particolari o se desideri aggiungere qualche opzione, non esitare a contattarci. Dopo 65 anni nel settore dell\u2019istruzione, abbiamo le risposte e le soluzioni alla maggior parte delle esigenze.<\/p>\n<h2>Scelta della regione<\/h2>\n<p>Hai gi\u00e0 in mente il Paese in cui preferiresti vivere? In alcune delle nostre destinazioni puoi richiedere uno stato, una regione oppure una citt\u00e0 particolare. La possibilit\u00e0 di richiedere la sistemazione dipende dal Paese ospitante e dal fatto che i posti sono limitati, perch\u00e9 la ricerca della scuola e della famiglia ospitante pi\u00f9 adatta richiede una procedura amministrativa completamente differente.<\/p>\n<p>L\u2019eventuale richiesta di uno stato, di una regione oppure di una citt\u00e0 particolare deve essere effettuata in occasione della presentazione della domanda di iscrizione. Naturalmente, faremo di tutto per soddisfare la tua richiesta. In caso di successo, potrebbe essere previsto un costo aggiuntivo per la scelta della sistemazione. <a href=\"\/it\/high-school\/tripfinder\/?q=\">Potrai saperne di pi\u00f9 sotto ogni Paese<\/a>.<\/p>\n<h2>Opportunit\u00e0 di scegliere una scuola<\/h2>\n<p>A volte, per uno studente Exchange pu\u00f2 essere importante studiare una materia particolare o praticare uno sport particolare in una citt\u00e0 specifica durante l\u2019anno all\u2019estero. In questo caso, offriamo un programma denominato STS High School Select. Si tratta di un prodotto completamente differente con costi decisamente pi\u00f9 elevati, in quanto pu\u00f2 essere personalizzato frequentando ad esempio una scuola privata. <a href=\"https:\/\/www.sts-education.com\/it\/high-school\/prima-del-tuo-anno-allestero\/scegli-come-studiare\/\">Se sei interessato, potrai saperne di pi\u00f9 sul programma High School Select qui<\/a>.<\/p>\n<h2>Viaggi aggiuntivi durante il soggiorno<\/h2>\n<p>Nella maggior parte delle nostre destinazioni vengono organizzati diversi viaggi aggiuntivi per i nostri studenti Exchange. Scoprirai i dettagli a destinazione, ma si tratta di una fantastica opportunit\u00e0 per esplorare i luoghi e le citt\u00e0 pi\u00f9 interessanti del Paese ospitante. Allo stesso tempo, avrai l\u2019opportunit\u00e0 di conoscere altri studenti Exchange che hanno intrapreso un viaggio simile al tuo. Le iscrizioni e il pagamento dei viaggi aggiuntivi devono essere effettuati direttamente nel Paese ospitante.<\/p>\n<\/div><\/div><\/div>\n","protected":false},"excerpt":{"rendered":"","protected":false},"author":20,"featured_media":0,"parent":10649,"menu_order":0,"comment_status":"closed","ping_status":"closed","template":"templates\/template-default-with-breadcrumbs.php","meta":{"_acf_changed":false,"sts_page_background_color":"","footnotes":""},"wpw_page_folders":[86],"class_list":["post-10674","page","type-page","status-publish","hentry"],"acf":[],"yoast_head":"<!-- This site is optimized with the Yoast SEO Premium plugin v27.2 (Yoast SEO v27.3) - https:\/\/yoast.com\/product\/yoast-seo-premium-wordpress\/ -->\n<title>Richieste ed opzioni specifiche per il tuo anno all&#039;estero | STS<\/title>\n<meta name=\"description\" content=\"Un anno all&#039;estero pu\u00f2 assumere molte forme diverse. Se hai richieste speciali o alternative che desideri realizzare, sei sempre il benvenuto a contattarci.\" \/>\n<meta name=\"robots\" content=\"index, follow, max-snippet:-1, max-image-preview:large, max-video-preview:-1\" \/>\n<link rel=\"canonical\" href=\"https:\/\/www.sts-education.com\/it\/high-school\/informazioni-utili-e-prezzi\/opzioni\/\" \/>\n<meta property=\"og:locale\" content=\"it_IT\" \/>\n<meta property=\"og:type\" content=\"article\" \/>\n<meta property=\"og:title\" content=\"Opzioni\" \/>\n<meta property=\"og:description\" content=\"Un anno all&#039;estero pu\u00f2 assumere molte forme diverse. Se hai richieste speciali o alternative che desideri realizzare, sei sempre il benvenuto a contattarci.\" \/>\n<meta property=\"og:url\" content=\"https:\/\/www.sts-education.com\/it\/high-school\/informazioni-utili-e-prezzi\/opzioni\/\" \/>\n<meta property=\"og:site_name\" content=\"STS Education\" \/>\n<meta property=\"article:modified_time\" content=\"2026-04-14T09:52:50+00:00\" \/>\n<meta property=\"og:image\" content=\"https:\/\/cdn.sts-education.com\/12838_hero_lg_xl.jpg\" \/>\n<meta name=\"twitter:card\" content=\"summary_large_image\" \/>\n<meta name=\"twitter:label1\" content=\"Tempo di lettura stimato\" \/>\n\t<meta name=\"twitter:data1\" content=\"2 minuti\" \/>\n<script type=\"application\/ld+json\" class=\"yoast-schema-graph\">{\"@context\":\"https:\\\/\\\/schema.org\",\"@graph\":[{\"@type\":\"WebPage\",\"@id\":\"https:\\\/\\\/www.sts-education.com\\\/it\\\/high-school\\\/informazioni-utili-e-prezzi\\\/opzioni\\\/\",\"url\":\"https:\\\/\\\/www.sts-education.com\\\/it\\\/high-school\\\/informazioni-utili-e-prezzi\\\/opzioni\\\/\",\"name\":\"Richieste ed opzioni specifiche per il tuo anno all'estero | STS\",\"isPartOf\":{\"@id\":\"https:\\\/\\\/www.sts-education.com\\\/it\\\/#website\"},\"primaryImageOfPage\":{\"@id\":\"https:\\\/\\\/www.sts-education.com\\\/it\\\/high-school\\\/informazioni-utili-e-prezzi\\\/opzioni\\\/#primaryimage\"},\"image\":{\"@id\":\"https:\\\/\\\/www.sts-education.com\\\/it\\\/high-school\\\/informazioni-utili-e-prezzi\\\/opzioni\\\/#primaryimage\"},\"thumbnailUrl\":\"https:\\\/\\\/cdn.sts-education.com\\\/12838_hero_lg_xl.jpg\",\"datePublished\":\"2025-12-16T10:18:50+00:00\",\"dateModified\":\"2026-04-14T09:52:50+00:00\",\"description\":\"Un anno all'estero pu\u00f2 assumere molte forme diverse. Se hai richieste speciali o alternative che desideri realizzare, sei sempre il benvenuto a contattarci.\",\"breadcrumb\":{\"@id\":\"https:\\\/\\\/www.sts-education.com\\\/it\\\/high-school\\\/informazioni-utili-e-prezzi\\\/opzioni\\\/#breadcrumb\"},\"inLanguage\":\"it-IT\",\"potentialAction\":[{\"@type\":\"ReadAction\",\"target\":[\"https:\\\/\\\/www.sts-education.com\\\/it\\\/high-school\\\/informazioni-utili-e-prezzi\\\/opzioni\\\/\"]}]},{\"@type\":\"ImageObject\",\"inLanguage\":\"it-IT\",\"@id\":\"https:\\\/\\\/www.sts-education.com\\\/it\\\/high-school\\\/informazioni-utili-e-prezzi\\\/opzioni\\\/#primaryimage\",\"url\":\"https:\\\/\\\/cdn.sts-education.com\\\/12838_hero_lg_xl.jpg\",\"contentUrl\":\"https:\\\/\\\/cdn.sts-education.com\\\/12838_hero_lg_xl.jpg\"},{\"@type\":\"BreadcrumbList\",\"@id\":\"https:\\\/\\\/www.sts-education.com\\\/it\\\/high-school\\\/informazioni-utili-e-prezzi\\\/opzioni\\\/#breadcrumb\",\"itemListElement\":[{\"@type\":\"ListItem\",\"position\":1,\"name\":\"Home\",\"item\":\"https:\\\/\\\/www.sts-education.com\\\/it\\\/\"},{\"@type\":\"ListItem\",\"position\":2,\"name\":\"High school\",\"item\":\"https:\\\/\\\/www.sts-education.com\\\/it\\\/high-school\\\/\"},{\"@type\":\"ListItem\",\"position\":3,\"name\":\"Informazioni Utili E Prezzi\",\"item\":\"https:\\\/\\\/www.sts-education.com\\\/it\\\/high-school\\\/informazioni-utili-e-prezzi\\\/\"},{\"@type\":\"ListItem\",\"position\":4,\"name\":\"Opzioni\"}]},{\"@type\":\"WebSite\",\"@id\":\"https:\\\/\\\/www.sts-education.com\\\/it\\\/#website\",\"url\":\"https:\\\/\\\/www.sts-education.com\\\/it\\\/\",\"name\":\"STS Education\",\"description\":\"\",\"potentialAction\":[{\"@type\":\"SearchAction\",\"target\":{\"@type\":\"EntryPoint\",\"urlTemplate\":\"https:\\\/\\\/www.sts-education.com\\\/it\\\/?s={search_term_string}\"},\"query-input\":{\"@type\":\"PropertyValueSpecification\",\"valueRequired\":true,\"valueName\":\"search_term_string\"}}],\"inLanguage\":\"it-IT\"}]}<\/script>\n<!-- \/ Yoast SEO Premium plugin. -->","yoast_head_json":{"title":"Richieste ed opzioni specifiche per il tuo anno all'estero | STS","description":"Un anno all'estero pu\u00f2 assumere molte forme diverse. Se hai richieste speciali o alternative che desideri realizzare, sei sempre il benvenuto a contattarci.","robots":{"index":"index","follow":"follow","max-snippet":"max-snippet:-1","max-image-preview":"max-image-preview:large","max-video-preview":"max-video-preview:-1"},"canonical":"https:\/\/www.sts-education.com\/it\/high-school\/informazioni-utili-e-prezzi\/opzioni\/","og_locale":"it_IT","og_type":"article","og_title":"Opzioni","og_description":"Un anno all'estero pu\u00f2 assumere molte forme diverse. Se hai richieste speciali o alternative che desideri realizzare, sei sempre il benvenuto a contattarci.","og_url":"https:\/\/www.sts-education.com\/it\/high-school\/informazioni-utili-e-prezzi\/opzioni\/","og_site_name":"STS Education","article_modified_time":"2026-04-14T09:52:50+00:00","og_image":[{"url":"https:\/\/cdn.sts-education.com\/12838_hero_lg_xl.jpg","type":"","width":"","height":""}],"twitter_card":"summary_large_image","twitter_misc":{"Tempo di lettura stimato":"2 minuti"},"schema":{"@context":"https:\/\/schema.org","@graph":[{"@type":"WebPage","@id":"https:\/\/www.sts-education.com\/it\/high-school\/informazioni-utili-e-prezzi\/opzioni\/","url":"https:\/\/www.sts-education.com\/it\/high-school\/informazioni-utili-e-prezzi\/opzioni\/","name":"Richieste ed opzioni specifiche per il tuo anno all'estero | STS","isPartOf":{"@id":"https:\/\/www.sts-education.com\/it\/#website"},"primaryImageOfPage":{"@id":"https:\/\/www.sts-education.com\/it\/high-school\/informazioni-utili-e-prezzi\/opzioni\/#primaryimage"},"image":{"@id":"https:\/\/www.sts-education.com\/it\/high-school\/informazioni-utili-e-prezzi\/opzioni\/#primaryimage"},"thumbnailUrl":"https:\/\/cdn.sts-education.com\/12838_hero_lg_xl.jpg","datePublished":"2025-12-16T10:18:50+00:00","dateModified":"2026-04-14T09:52:50+00:00","description":"Un anno all'estero pu\u00f2 assumere molte forme diverse. Se hai richieste speciali o alternative che desideri realizzare, sei sempre il benvenuto a contattarci.","breadcrumb":{"@id":"https:\/\/www.sts-education.com\/it\/high-school\/informazioni-utili-e-prezzi\/opzioni\/#breadcrumb"},"inLanguage":"it-IT","potentialAction":[{"@type":"ReadAction","target":["https:\/\/www.sts-education.com\/it\/high-school\/informazioni-utili-e-prezzi\/opzioni\/"]}]},{"@type":"ImageObject","inLanguage":"it-IT","@id":"https:\/\/www.sts-education.com\/it\/high-school\/informazioni-utili-e-prezzi\/opzioni\/#primaryimage","url":"https:\/\/cdn.sts-education.com\/12838_hero_lg_xl.jpg","contentUrl":"https:\/\/cdn.sts-education.com\/12838_hero_lg_xl.jpg"},{"@type":"BreadcrumbList","@id":"https:\/\/www.sts-education.com\/it\/high-school\/informazioni-utili-e-prezzi\/opzioni\/#breadcrumb","itemListElement":[{"@type":"ListItem","position":1,"name":"Home","item":"https:\/\/www.sts-education.com\/it\/"},{"@type":"ListItem","position":2,"name":"High school","item":"https:\/\/www.sts-education.com\/it\/high-school\/"},{"@type":"ListItem","position":3,"name":"Informazioni Utili E Prezzi","item":"https:\/\/www.sts-education.com\/it\/high-school\/informazioni-utili-e-prezzi\/"},{"@type":"ListItem","position":4,"name":"Opzioni"}]},{"@type":"WebSite","@id":"https:\/\/www.sts-education.com\/it\/#website","url":"https:\/\/www.sts-education.com\/it\/","name":"STS Education","description":"","potentialAction":[{"@type":"SearchAction","target":{"@type":"EntryPoint","urlTemplate":"https:\/\/www.sts-education.com\/it\/?s={search_term_string}"},"query-input":{"@type":"PropertyValueSpecification","valueRequired":true,"valueName":"search_term_string"}}],"inLanguage":"it-IT"}]}},"_links":{"self":[{"href":"https:\/\/www.sts-education.com\/it\/wp-json\/wp\/v2\/pages\/10674","targetHints":{"allow":["GET"]}}],"collection":[{"href":"https:\/\/www.sts-education.com\/it\/wp-json\/wp\/v2\/pages"}],"about":[{"href":"https:\/\/www.sts-education.com\/it\/wp-json\/wp\/v2\/types\/page"}],"author":[{"embeddable":true,"href":"https:\/\/www.sts-education.com\/it\/wp-json\/wp\/v2\/users\/20"}],"replies":[{"embeddable":true,"href":"https:\/\/www.sts-education.com\/it\/wp-json\/wp\/v2\/comments?post=10674"}],"version-history":[{"count":5,"href":"https:\/\/www.sts-education.com\/it\/wp-json\/wp\/v2\/pages\/10674\/revisions"}],"predecessor-version":[{"id":33259,"href":"https:\/\/www.sts-education.com\/it\/wp-json\/wp\/v2\/pages\/10674\/revisions\/33259"}],"up":[{"embeddable":true,"href":"https:\/\/www.sts-education.com\/it\/wp-json\/wp\/v2\/pages\/10649"}],"wp:attachment":[{"href":"https:\/\/www.sts-education.com\/it\/wp-json\/wp\/v2\/media?parent=10674"}],"wp:term":[{"taxonomy":"wpw_page_folders","embeddable":true,"href":"https:\/\/www.sts-education.com\/it\/wp-json\/wp\/v2\/wpw_page_folders?post=10674"}],"curies":[{"name":"wp","href":"https:\/\/api.w.org\/{rel}","templated":true}]}}