{"id":10675,"date":"2025-12-16T10:19:15","date_gmt":"2025-12-16T10:19:15","guid":{"rendered":"https:\/\/preprod.sts-education.com\/high-school\/informazioni-utili-e-prezzi\/prenotazione-e-pagamento\/"},"modified":"2026-04-14T09:52:48","modified_gmt":"2026-04-14T09:52:48","slug":"prenotazione-e-pagamento","status":"publish","type":"page","link":"https:\/\/www.sts-education.com\/it\/high-school\/informazioni-utili-e-prezzi\/prenotazione-e-pagamento\/","title":{"rendered":"Prenotazione E Pagamento"},"content":{"rendered":"\n<section class=\"wp-block-sts-hero sts-block-hero sts-block-hero is-variant-full-background has-text-light has-background-media\" style=\"--sts-hero-padding-mobile:0px;--sts-hero-padding-desktop:0px;--sts-hero-text-color:var(--wp--preset--color--base-10, #fff)\" data-variant=\"full-background\"><div class=\"sts-block-hero__background\"><picture class=\"sts-responsive-image has-pos-center is-skeleton\"><img src=\"https:\/\/cdn.sts-education.com\/12578_hero_lg_xl.jpg\" alt=\"Prenotazione e pagamento\" loading=\"lazy\" decoding=\"async\" fetchpriority=\"low\" sizes=\"(max-width: 640px) max(100vw, calc(clamp(320px, 100vh, 720px) * 9 \/ 16)), (max-width: 840px) max(100vw, calc(clamp(320px, 100vh, 720px) * 1 \/ 1)), max(100vw, calc(clamp(320px, 100vh, 720px) * 16 \/ 9))\" style=\"object-position:center\"\/><\/picture><span class=\"sts-block-hero__overlay\" aria-hidden=\"true\"><\/span><\/div><div class=\"sts-block-hero__inner\"><div class=\"sts-block-hero__content has-align-center\"><div class=\"sts-block-hero__content-inner\"><h1 class=\"sts-block-hero__heading\">Prenotazione e pagamento<\/h1><\/div><\/div><\/div><\/section>\n\n\n\n<div class=\"wp-block-sts-text sts-text-editor has-max-width-md\"><div class=\"sts-text-editor__content\"><div class=\"sts-text-editor__content-inner\">\n<h3>Scopri di pi\u00f9 sull&#x27;Exchange Scolastico grazie a STS<\/h3>\n<h2>Quota di registrazione<\/h2>\n<p>Alla conferma di ammissione al programma di scambio dovrai pagare una quota di registrazione \u2013 questo vale per tutte le organizzazioni che si occupano di programmi di scambio e per noi \u00e8 la conferma che intendi proseguire la procedura.<\/p>\n<p>La quota di registrazione \u00e8 \u20ac1500 a prescindere dalla destinazione ed \u00e8 inclusa nel prezzo totale del programma.<\/p>\n<h2>Quota del programma<\/h2>\n<p>Il costo del programma di scambio dipende dalla destinazione, dalla durata e dalle eventuali opzioni aggiuntive. Sotto ogni destinazione potrai trovare la quota prevista per il programma High School Classic.<\/p>\n<p>Per i programmi con partenza in autunno si applica il seguente piano dei pagamenti, in percentuale della quota totale del programma:<\/p>\n<p><em>Eventuali sconti, borse di studio e\/o opzioni aggiuntive saranno conteggiati nel saldo finale da pagare entro il 15 giugno. Scopri cosa \u00e8 <a href=\"https:\/\/www.sts-education.com\/it\/high-school\/informazioni-utili-e-prezzi\/e-tutto-incluso\/\">incluso nel costo del programma<\/a> e che cosa puo\u00b4essere aggiunto. <\/em><\/p>\n<h2>Polizze assicurative<\/h2>\n<p>Tutti gli studenti STS devono essere assicurati per la durata del loro soggiorno nel Paese ospitante. Per questo motivo la nostra assicurazione \u00e8 inclusa nel prezzo del nostro programma classic per il vostro anno di scambio. Copre malattia, infortuni, responsabilit\u00e0 civile e bagagli ed \u00e8 autorizzata dalle autorit\u00e0 della destinazione scelta.<\/p>\n<p>Se si preferisce scegliere un&#x27;assicurazione diversa, questa deve essere autorizzata da un&#x27;autorit\u00e0 del Paese ospitante (ad esempio un&#x27;agenzia governativa o una scuola). Non esitate a contattare STS per avere consigli sulle assicurazioni.<\/p>\n<h2>Annullamento e assicurazione per annullamento<\/h2>\n<h3>Annullamento del viaggio<\/h3>\n<p>Se decidi di annullare l\u2019anno all\u2019estero meno di 5 mesi dalla data di partenza, la quota di registrazione non sar\u00e0 rimborsata. Oltre questo termine si applicano le Condizioni di cancellazione previste dal contratto. Naturalmente, acquistando l\u2019assicurazione per annullamento, si applicheranno regole differenti.<\/p>\n<h3>Assicurazione per annullamento<\/h3>\n<p>Offriamo due tipi di assicurazione per annullamento come opzioni aggiuntive alla prenotazione del programma di scambio:<\/p>\n<p><strong>Standard:<\/strong> La nostra assicurazione per annullamento pi\u00f9 venduta \u00e8 stata migliorata ulteriormente e ora prevede il rimborso integrale dell\u2019importo pagato* in caso di malattia, incidente o morte di un familiare, previa presentazione di certificato medico. <br \/>Costo: <strong>\u20ac 395<\/strong><\/p>\n<p><strong>Estesa:<\/strong> Con l\u2019assicurazione per annullamento estesa, a prescindere dal motivo, potrai annullare il tuo viaggio con il rimborso integrale dell\u2019importo pagato* entro 10 giorni dalla partenza.<\/p>\n<p>Costo: <strong>\u20ac 1 500<\/strong> per il programma Classic, <strong>\u20ac 750<\/strong> per il programma Select (questo copre solo le tasse pagate a STS).<\/p>\n<p><em>*eccetto il costo stesso dell\u2019assicurazione per annullamento.<\/em><\/p>\n<h2>Domande in merito al pagamento<\/h2>\n<p>Per eventuali domande in merito a pagamento, finanziamento, assicurazione, famiglia ospitante, opzioni aggiuntive ecc., non esitare a <a href=\"https:\/\/www.sts-education.com\/it\/a-proposito-di-sts\/i-nostri-contatti\/\">contattarci<\/a> e saremo lieti di aiutarti!<\/p>\n<\/div><\/div><\/div>\n","protected":false},"excerpt":{"rendered":"","protected":false},"author":20,"featured_media":0,"parent":10649,"menu_order":0,"comment_status":"closed","ping_status":"closed","template":"templates\/template-default-with-breadcrumbs.php","meta":{"_acf_changed":false,"sts_page_background_color":"","footnotes":""},"wpw_page_folders":[86],"class_list":["post-10675","page","type-page","status-publish","hentry"],"acf":[],"yoast_head":"<!-- This site is optimized with the Yoast SEO Premium plugin v27.2 (Yoast SEO v27.3) - https:\/\/yoast.com\/product\/yoast-seo-premium-wordpress\/ -->\n<title>Prenotazione e pagamento sicuro per il tuo anno all&#039;estero<\/title>\n<meta name=\"description\" content=\"Quando ri iscrivi e vieni ammesso ad uno dei nostri programmi di scambio paghi una quota d&#039;iscrizione. Il pagamento viene poi suddiviso in pi\u00f9 rate.\" \/>\n<meta name=\"robots\" content=\"index, follow, max-snippet:-1, max-image-preview:large, max-video-preview:-1\" \/>\n<link rel=\"canonical\" href=\"https:\/\/www.sts-education.com\/it\/high-school\/informazioni-utili-e-prezzi\/prenotazione-e-pagamento\/\" \/>\n<meta property=\"og:locale\" content=\"it_IT\" \/>\n<meta property=\"og:type\" content=\"article\" \/>\n<meta property=\"og:title\" content=\"Prenotazione E Pagamento\" \/>\n<meta property=\"og:description\" content=\"Quando ri iscrivi e vieni ammesso ad uno dei nostri programmi di scambio paghi una quota d&#039;iscrizione. Il pagamento viene poi suddiviso in pi\u00f9 rate.\" \/>\n<meta property=\"og:url\" content=\"https:\/\/www.sts-education.com\/it\/high-school\/informazioni-utili-e-prezzi\/prenotazione-e-pagamento\/\" \/>\n<meta property=\"og:site_name\" content=\"STS Education\" \/>\n<meta property=\"article:modified_time\" content=\"2026-04-14T09:52:48+00:00\" \/>\n<meta property=\"og:image\" content=\"https:\/\/cdn.sts-education.com\/12578_hero_lg_xl.jpg\" \/>\n<meta name=\"twitter:card\" content=\"summary_large_image\" \/>\n<meta name=\"twitter:label1\" content=\"Tempo di lettura stimato\" \/>\n\t<meta name=\"twitter:data1\" content=\"3 minuti\" \/>\n<script type=\"application\/ld+json\" class=\"yoast-schema-graph\">{\"@context\":\"https:\\\/\\\/schema.org\",\"@graph\":[{\"@type\":\"WebPage\",\"@id\":\"https:\\\/\\\/www.sts-education.com\\\/it\\\/high-school\\\/informazioni-utili-e-prezzi\\\/prenotazione-e-pagamento\\\/\",\"url\":\"https:\\\/\\\/www.sts-education.com\\\/it\\\/high-school\\\/informazioni-utili-e-prezzi\\\/prenotazione-e-pagamento\\\/\",\"name\":\"Prenotazione e pagamento sicuro per il tuo anno all'estero\",\"isPartOf\":{\"@id\":\"https:\\\/\\\/www.sts-education.com\\\/it\\\/#website\"},\"primaryImageOfPage\":{\"@id\":\"https:\\\/\\\/www.sts-education.com\\\/it\\\/high-school\\\/informazioni-utili-e-prezzi\\\/prenotazione-e-pagamento\\\/#primaryimage\"},\"image\":{\"@id\":\"https:\\\/\\\/www.sts-education.com\\\/it\\\/high-school\\\/informazioni-utili-e-prezzi\\\/prenotazione-e-pagamento\\\/#primaryimage\"},\"thumbnailUrl\":\"https:\\\/\\\/cdn.sts-education.com\\\/12578_hero_lg_xl.jpg\",\"datePublished\":\"2025-12-16T10:19:15+00:00\",\"dateModified\":\"2026-04-14T09:52:48+00:00\",\"description\":\"Quando ri iscrivi e vieni ammesso ad uno dei nostri programmi di scambio paghi una quota d'iscrizione. Il pagamento viene poi suddiviso in pi\u00f9 rate.\",\"breadcrumb\":{\"@id\":\"https:\\\/\\\/www.sts-education.com\\\/it\\\/high-school\\\/informazioni-utili-e-prezzi\\\/prenotazione-e-pagamento\\\/#breadcrumb\"},\"inLanguage\":\"it-IT\",\"potentialAction\":[{\"@type\":\"ReadAction\",\"target\":[\"https:\\\/\\\/www.sts-education.com\\\/it\\\/high-school\\\/informazioni-utili-e-prezzi\\\/prenotazione-e-pagamento\\\/\"]}]},{\"@type\":\"ImageObject\",\"inLanguage\":\"it-IT\",\"@id\":\"https:\\\/\\\/www.sts-education.com\\\/it\\\/high-school\\\/informazioni-utili-e-prezzi\\\/prenotazione-e-pagamento\\\/#primaryimage\",\"url\":\"https:\\\/\\\/cdn.sts-education.com\\\/12578_hero_lg_xl.jpg\",\"contentUrl\":\"https:\\\/\\\/cdn.sts-education.com\\\/12578_hero_lg_xl.jpg\"},{\"@type\":\"BreadcrumbList\",\"@id\":\"https:\\\/\\\/www.sts-education.com\\\/it\\\/high-school\\\/informazioni-utili-e-prezzi\\\/prenotazione-e-pagamento\\\/#breadcrumb\",\"itemListElement\":[{\"@type\":\"ListItem\",\"position\":1,\"name\":\"Home\",\"item\":\"https:\\\/\\\/www.sts-education.com\\\/it\\\/\"},{\"@type\":\"ListItem\",\"position\":2,\"name\":\"High school\",\"item\":\"https:\\\/\\\/www.sts-education.com\\\/it\\\/high-school\\\/\"},{\"@type\":\"ListItem\",\"position\":3,\"name\":\"Informazioni Utili E Prezzi\",\"item\":\"https:\\\/\\\/www.sts-education.com\\\/it\\\/high-school\\\/informazioni-utili-e-prezzi\\\/\"},{\"@type\":\"ListItem\",\"position\":4,\"name\":\"Prenotazione E Pagamento\"}]},{\"@type\":\"WebSite\",\"@id\":\"https:\\\/\\\/www.sts-education.com\\\/it\\\/#website\",\"url\":\"https:\\\/\\\/www.sts-education.com\\\/it\\\/\",\"name\":\"STS Education\",\"description\":\"\",\"potentialAction\":[{\"@type\":\"SearchAction\",\"target\":{\"@type\":\"EntryPoint\",\"urlTemplate\":\"https:\\\/\\\/www.sts-education.com\\\/it\\\/?s={search_term_string}\"},\"query-input\":{\"@type\":\"PropertyValueSpecification\",\"valueRequired\":true,\"valueName\":\"search_term_string\"}}],\"inLanguage\":\"it-IT\"}]}<\/script>\n<!-- \/ Yoast SEO Premium plugin. -->","yoast_head_json":{"title":"Prenotazione e pagamento sicuro per il tuo anno all'estero","description":"Quando ri iscrivi e vieni ammesso ad uno dei nostri programmi di scambio paghi una quota d'iscrizione. Il pagamento viene poi suddiviso in pi\u00f9 rate.","robots":{"index":"index","follow":"follow","max-snippet":"max-snippet:-1","max-image-preview":"max-image-preview:large","max-video-preview":"max-video-preview:-1"},"canonical":"https:\/\/www.sts-education.com\/it\/high-school\/informazioni-utili-e-prezzi\/prenotazione-e-pagamento\/","og_locale":"it_IT","og_type":"article","og_title":"Prenotazione E Pagamento","og_description":"Quando ri iscrivi e vieni ammesso ad uno dei nostri programmi di scambio paghi una quota d'iscrizione. Il pagamento viene poi suddiviso in pi\u00f9 rate.","og_url":"https:\/\/www.sts-education.com\/it\/high-school\/informazioni-utili-e-prezzi\/prenotazione-e-pagamento\/","og_site_name":"STS Education","article_modified_time":"2026-04-14T09:52:48+00:00","og_image":[{"url":"https:\/\/cdn.sts-education.com\/12578_hero_lg_xl.jpg","type":"","width":"","height":""}],"twitter_card":"summary_large_image","twitter_misc":{"Tempo di lettura stimato":"3 minuti"},"schema":{"@context":"https:\/\/schema.org","@graph":[{"@type":"WebPage","@id":"https:\/\/www.sts-education.com\/it\/high-school\/informazioni-utili-e-prezzi\/prenotazione-e-pagamento\/","url":"https:\/\/www.sts-education.com\/it\/high-school\/informazioni-utili-e-prezzi\/prenotazione-e-pagamento\/","name":"Prenotazione e pagamento sicuro per il tuo anno all'estero","isPartOf":{"@id":"https:\/\/www.sts-education.com\/it\/#website"},"primaryImageOfPage":{"@id":"https:\/\/www.sts-education.com\/it\/high-school\/informazioni-utili-e-prezzi\/prenotazione-e-pagamento\/#primaryimage"},"image":{"@id":"https:\/\/www.sts-education.com\/it\/high-school\/informazioni-utili-e-prezzi\/prenotazione-e-pagamento\/#primaryimage"},"thumbnailUrl":"https:\/\/cdn.sts-education.com\/12578_hero_lg_xl.jpg","datePublished":"2025-12-16T10:19:15+00:00","dateModified":"2026-04-14T09:52:48+00:00","description":"Quando ri iscrivi e vieni ammesso ad uno dei nostri programmi di scambio paghi una quota d'iscrizione. Il pagamento viene poi suddiviso in pi\u00f9 rate.","breadcrumb":{"@id":"https:\/\/www.sts-education.com\/it\/high-school\/informazioni-utili-e-prezzi\/prenotazione-e-pagamento\/#breadcrumb"},"inLanguage":"it-IT","potentialAction":[{"@type":"ReadAction","target":["https:\/\/www.sts-education.com\/it\/high-school\/informazioni-utili-e-prezzi\/prenotazione-e-pagamento\/"]}]},{"@type":"ImageObject","inLanguage":"it-IT","@id":"https:\/\/www.sts-education.com\/it\/high-school\/informazioni-utili-e-prezzi\/prenotazione-e-pagamento\/#primaryimage","url":"https:\/\/cdn.sts-education.com\/12578_hero_lg_xl.jpg","contentUrl":"https:\/\/cdn.sts-education.com\/12578_hero_lg_xl.jpg"},{"@type":"BreadcrumbList","@id":"https:\/\/www.sts-education.com\/it\/high-school\/informazioni-utili-e-prezzi\/prenotazione-e-pagamento\/#breadcrumb","itemListElement":[{"@type":"ListItem","position":1,"name":"Home","item":"https:\/\/www.sts-education.com\/it\/"},{"@type":"ListItem","position":2,"name":"High school","item":"https:\/\/www.sts-education.com\/it\/high-school\/"},{"@type":"ListItem","position":3,"name":"Informazioni Utili E Prezzi","item":"https:\/\/www.sts-education.com\/it\/high-school\/informazioni-utili-e-prezzi\/"},{"@type":"ListItem","position":4,"name":"Prenotazione E Pagamento"}]},{"@type":"WebSite","@id":"https:\/\/www.sts-education.com\/it\/#website","url":"https:\/\/www.sts-education.com\/it\/","name":"STS Education","description":"","potentialAction":[{"@type":"SearchAction","target":{"@type":"EntryPoint","urlTemplate":"https:\/\/www.sts-education.com\/it\/?s={search_term_string}"},"query-input":{"@type":"PropertyValueSpecification","valueRequired":true,"valueName":"search_term_string"}}],"inLanguage":"it-IT"}]}},"_links":{"self":[{"href":"https:\/\/www.sts-education.com\/it\/wp-json\/wp\/v2\/pages\/10675","targetHints":{"allow":["GET"]}}],"collection":[{"href":"https:\/\/www.sts-education.com\/it\/wp-json\/wp\/v2\/pages"}],"about":[{"href":"https:\/\/www.sts-education.com\/it\/wp-json\/wp\/v2\/types\/page"}],"author":[{"embeddable":true,"href":"https:\/\/www.sts-education.com\/it\/wp-json\/wp\/v2\/users\/20"}],"replies":[{"embeddable":true,"href":"https:\/\/www.sts-education.com\/it\/wp-json\/wp\/v2\/comments?post=10675"}],"version-history":[{"count":5,"href":"https:\/\/www.sts-education.com\/it\/wp-json\/wp\/v2\/pages\/10675\/revisions"}],"predecessor-version":[{"id":33258,"href":"https:\/\/www.sts-education.com\/it\/wp-json\/wp\/v2\/pages\/10675\/revisions\/33258"}],"up":[{"embeddable":true,"href":"https:\/\/www.sts-education.com\/it\/wp-json\/wp\/v2\/pages\/10649"}],"wp:attachment":[{"href":"https:\/\/www.sts-education.com\/it\/wp-json\/wp\/v2\/media?parent=10675"}],"wp:term":[{"taxonomy":"wpw_page_folders","embeddable":true,"href":"https:\/\/www.sts-education.com\/it\/wp-json\/wp\/v2\/wpw_page_folders?post=10675"}],"curies":[{"name":"wp","href":"https:\/\/api.w.org\/{rel}","templated":true}]}}