{"id":10677,"date":"2025-12-16T10:06:08","date_gmt":"2025-12-16T10:06:08","guid":{"rendered":"https:\/\/preprod.sts-education.com\/high-school\/prima-del-tuo-anno-allestero\/chi-puo-presentare-domanda\/"},"modified":"2026-04-14T09:53:02","modified_gmt":"2026-04-14T09:53:02","slug":"chi-puo-presentare-domanda","status":"publish","type":"page","link":"https:\/\/www.sts-education.com\/it\/high-school\/prima-del-tuo-anno-allestero\/chi-puo-presentare-domanda\/","title":{"rendered":"Chi Puo Presentare Domanda"},"content":{"rendered":"\n<section class=\"wp-block-sts-hero sts-block-hero is-variant-full-background has-text-light has-background-media\" style=\"--sts-hero-padding-mobile:0px;--sts-hero-padding-desktop:0px;--sts-hero-text-color:var(--wp--preset--color--base-10, #fff);\" data-variant=\"full-background\"><div class=\"sts-block-hero__background\"><picture class=\"sts-responsive-image has-fit-cover is-skeleton\"><img src=\"https:\/\/cdn.sts-education.com\/12638_hero_lg_xl.jpg\" alt=\"Chi pu\u00f2 partecipare?\" loading=\"lazy\" decoding=\"async\" fetchpriority=\"low\" sizes=\"100vw\" \/><\/picture><span class=\"sts-block-hero__overlay\" aria-hidden=\"true\"><\/span><\/div><div class=\"sts-block-hero__inner\"><div class=\"sts-block-hero__content has-align-center\"><div class=\"sts-block-hero__content-inner\"><h1 class=\"sts-block-hero__heading\">Chi pu\u00f2 partecipare?<\/h1><\/div><\/div><\/div><\/section>\n\n\n\n<div class=\"wp-block-sts-text sts-text-editor has-max-width-md\"><div class=\"sts-text-editor__content\"><div class=\"sts-text-editor__content-inner\">\n<p>Trascorrere un anno come studente Exchange offre grandi opportunit\u00e0. Per noi, la cosa pi\u00f9 importante \u00e8 essere curiosi e avere una mentalit\u00e0 aperta. \u00c8 un ottimo modo per sperimentare un\u2019infinit\u00e0 di incredibili cose nuove che non potresti mai provare a casa.<\/p>\n\n<p>Eventuali allergie o patologie non rappresentano un problema, ma \u00e8 importante segnalarle per poter individuare una famiglia ospitante e una scuola adatte alle tue esigenze. E ricorda che in alcuni Paesi sono richieste determinate vaccinazioni.<\/p>\n\n<h2>Quali sono i limiti di et\u00e0 per un anno all\u00b4estero?<\/h2>\n\n<p>Per poter partecipare \u00e8 necessario avere un&#8217;et\u00e0 compresa tra i 14 e i 18 anni all&#8217;inizio dell&#8217;anno di scolastico, ma questo pu\u00f2 variare a seconda del sistema scolastico dei diversi paesi. Potrai trovare maggiori informazioni sulle pagine relative al Paese a cui sei interessato. E ricorda che in caso di et\u00e0 superiore a 18 anni potrebbero essere previsti dei costi aggiuntivi.<\/p>\n\n<h2>Di quali competenze linguistiche ho bisogno per fare questa esperienza?<\/h2>\n\n<p>Per tutte le nostre destinazioni \u00e8 richiesta una conoscenza di base dell\u2019inglese. Questo significa essere in grado di parlare, leggere e scrivere in inglese a livello di base. Per i Paesi non anglofoni, i requisiti possono variare. Potrai trovare tutte le informazioni necessarie nelle pagine del Paese a cui sei interessato.<\/p>\n\n<p>Inoltre, dovrai superare un colloquio con noi e per alcune destinazioni \u00e8 richiesto anche un test online oppure un colloquio via Skype aggiuntivo.<\/p>\n\n<p>Stai per partire per un anno all\u00b4estero in un paese di lingua inglese, spagnola o tedesca e vuoi approfondire un po&#8217; di pi\u00f9 le tue competenze linguistiche prima di partire? Preparati con il nostro <a href=\"https:\/\/www.sts-education.com\/it\/high-school\/prima-del-tuo-anno-allestero\/preparati-con-i-nostri-corsi-di-lingua\/\">corso di lingua<\/a> digitale!<\/p>\n\n<h2>Che voti devo avere per un anno all\u00b4estero nelle scuole superiori?<\/h2>\n\n<p>Per essere ammessi \u00e8 richiesta una valutazione sufficiente in tutte le materie, oltre ad aver completato l\u2019anno scolastico precedente alla partenza. In caso di insufficienza in alcune materie, contattaci e potremo condurre una valutazione individuale. Facciamo sempre il massimo affinch\u00e9 pi\u00f9 studenti possibili possano frequentare l\u2019anno scolastico all\u2019estero.<\/p>\n\n<p><a href=\"https:\/\/www.sts-education.com\/it\/a-proposito-di-sts\/i-nostri-contatti\/\">Domande? Contattaci!<\/a><\/p>\n<\/div><\/div><\/div>\n","protected":false},"excerpt":{"rendered":"","protected":false},"author":20,"featured_media":15699,"parent":10650,"menu_order":0,"comment_status":"closed","ping_status":"closed","template":"templates\/template-default-with-breadcrumbs.php","meta":{"_acf_changed":false,"sts_page_background_color":"","footnotes":""},"wpw_page_folders":[80],"class_list":["post-10677","page","type-page","status-publish","has-post-thumbnail","hentry"],"acf":[],"yoast_head":"<!-- This site is optimized with the Yoast SEO Premium plugin v27.2 (Yoast SEO v27.3) - https:\/\/yoast.com\/product\/yoast-seo-premium-wordpress\/ -->\n<title>Chi pu\u00f2 diventare studente Exchange per un anno?<\/title>\n<meta name=\"description\" content=\"Il programma \u00e8 aperto a tutti. Eventuali allergie o patologie non rappresentano un problema. Per noi, la cosa pi\u00f9 importante \u00e8 essere curiosi e avere una mentalit\u00e0 aperta.\" \/>\n<meta name=\"robots\" content=\"index, follow, max-snippet:-1, max-image-preview:large, max-video-preview:-1\" \/>\n<link rel=\"canonical\" href=\"https:\/\/www.sts-education.com\/it\/high-school\/prima-del-tuo-anno-allestero\/chi-puo-presentare-domanda\/\" \/>\n<meta property=\"og:locale\" content=\"it_IT\" \/>\n<meta property=\"og:type\" content=\"article\" \/>\n<meta property=\"og:title\" content=\"Chi Puo Presentare Domanda\" \/>\n<meta property=\"og:description\" content=\"Il programma \u00e8 aperto a tutti. Eventuali allergie o patologie non rappresentano un problema. Per noi, la cosa pi\u00f9 importante \u00e8 essere curiosi e avere una mentalit\u00e0 aperta.\" \/>\n<meta property=\"og:url\" content=\"https:\/\/www.sts-education.com\/it\/high-school\/prima-del-tuo-anno-allestero\/chi-puo-presentare-domanda\/\" \/>\n<meta property=\"og:site_name\" content=\"STS Education\" \/>\n<meta property=\"article:modified_time\" content=\"2026-04-14T09:53:02+00:00\" \/>\n<meta property=\"og:image\" content=\"https:\/\/powered-by.qbank.se\/educatius\/sts\/\/654adcd0696a9cfff110373a8858629b_1-1-thumb.webp\" \/>\n\t<meta property=\"og:image:width\" content=\"150\" \/>\n\t<meta property=\"og:image:height\" content=\"150\" \/>\n\t<meta property=\"og:image:type\" content=\"image\/jpeg\" \/>\n<meta name=\"twitter:card\" content=\"summary_large_image\" \/>\n<meta name=\"twitter:label1\" content=\"Tempo di lettura stimato\" \/>\n\t<meta name=\"twitter:data1\" content=\"2 minuti\" \/>\n<script type=\"application\/ld+json\" class=\"yoast-schema-graph\">{\"@context\":\"https:\\\/\\\/schema.org\",\"@graph\":[{\"@type\":\"WebPage\",\"@id\":\"https:\\\/\\\/www.sts-education.com\\\/it\\\/high-school\\\/prima-del-tuo-anno-allestero\\\/chi-puo-presentare-domanda\\\/\",\"url\":\"https:\\\/\\\/www.sts-education.com\\\/it\\\/high-school\\\/prima-del-tuo-anno-allestero\\\/chi-puo-presentare-domanda\\\/\",\"name\":\"Chi pu\u00f2 diventare studente Exchange per un anno?\",\"isPartOf\":{\"@id\":\"https:\\\/\\\/www.sts-education.com\\\/it\\\/#website\"},\"primaryImageOfPage\":{\"@id\":\"https:\\\/\\\/www.sts-education.com\\\/it\\\/high-school\\\/prima-del-tuo-anno-allestero\\\/chi-puo-presentare-domanda\\\/#primaryimage\"},\"image\":{\"@id\":\"https:\\\/\\\/www.sts-education.com\\\/it\\\/high-school\\\/prima-del-tuo-anno-allestero\\\/chi-puo-presentare-domanda\\\/#primaryimage\"},\"thumbnailUrl\":\"https:\\\/\\\/powered-by.qbank.se\\\/educatius\\\/sts\\\/\\\/654adcd0696a9cfff110373a8858629b_1-1-thumb.webp\",\"datePublished\":\"2025-12-16T10:06:08+00:00\",\"dateModified\":\"2026-04-14T09:53:02+00:00\",\"description\":\"Il programma \u00e8 aperto a tutti. Eventuali allergie o patologie non rappresentano un problema. Per noi, la cosa pi\u00f9 importante \u00e8 essere curiosi e avere una mentalit\u00e0 aperta.\",\"breadcrumb\":{\"@id\":\"https:\\\/\\\/www.sts-education.com\\\/it\\\/high-school\\\/prima-del-tuo-anno-allestero\\\/chi-puo-presentare-domanda\\\/#breadcrumb\"},\"inLanguage\":\"it-IT\",\"potentialAction\":[{\"@type\":\"ReadAction\",\"target\":[\"https:\\\/\\\/www.sts-education.com\\\/it\\\/high-school\\\/prima-del-tuo-anno-allestero\\\/chi-puo-presentare-domanda\\\/\"]}]},{\"@type\":\"ImageObject\",\"inLanguage\":\"it-IT\",\"@id\":\"https:\\\/\\\/www.sts-education.com\\\/it\\\/high-school\\\/prima-del-tuo-anno-allestero\\\/chi-puo-presentare-domanda\\\/#primaryimage\",\"url\":\"https:\\\/\\\/powered-by.qbank.se\\\/educatius\\\/sts\\\/\\\/654adcd0696a9cfff110373a8858629b_1-1-thumb.webp\",\"contentUrl\":\"https:\\\/\\\/powered-by.qbank.se\\\/educatius\\\/sts\\\/\\\/654adcd0696a9cfff110373a8858629b_1-1-thumb.webp\",\"width\":150,\"height\":150},{\"@type\":\"BreadcrumbList\",\"@id\":\"https:\\\/\\\/www.sts-education.com\\\/it\\\/high-school\\\/prima-del-tuo-anno-allestero\\\/chi-puo-presentare-domanda\\\/#breadcrumb\",\"itemListElement\":[{\"@type\":\"ListItem\",\"position\":1,\"name\":\"Home\",\"item\":\"https:\\\/\\\/www.sts-education.com\\\/it\\\/\"},{\"@type\":\"ListItem\",\"position\":2,\"name\":\"High school\",\"item\":\"https:\\\/\\\/www.sts-education.com\\\/it\\\/high-school\\\/\"},{\"@type\":\"ListItem\",\"position\":3,\"name\":\"Prima Del Tuo Anno Allestero\",\"item\":\"https:\\\/\\\/www.sts-education.com\\\/it\\\/high-school\\\/prima-del-tuo-anno-allestero\\\/\"},{\"@type\":\"ListItem\",\"position\":4,\"name\":\"Chi Puo Presentare Domanda\"}]},{\"@type\":\"WebSite\",\"@id\":\"https:\\\/\\\/www.sts-education.com\\\/it\\\/#website\",\"url\":\"https:\\\/\\\/www.sts-education.com\\\/it\\\/\",\"name\":\"STS Education\",\"description\":\"\",\"potentialAction\":[{\"@type\":\"SearchAction\",\"target\":{\"@type\":\"EntryPoint\",\"urlTemplate\":\"https:\\\/\\\/www.sts-education.com\\\/it\\\/?s={search_term_string}\"},\"query-input\":{\"@type\":\"PropertyValueSpecification\",\"valueRequired\":true,\"valueName\":\"search_term_string\"}}],\"inLanguage\":\"it-IT\"}]}<\/script>\n<!-- \/ Yoast SEO Premium plugin. -->","yoast_head_json":{"title":"Chi pu\u00f2 diventare studente Exchange per un anno?","description":"Il programma \u00e8 aperto a tutti. Eventuali allergie o patologie non rappresentano un problema. Per noi, la cosa pi\u00f9 importante \u00e8 essere curiosi e avere una mentalit\u00e0 aperta.","robots":{"index":"index","follow":"follow","max-snippet":"max-snippet:-1","max-image-preview":"max-image-preview:large","max-video-preview":"max-video-preview:-1"},"canonical":"https:\/\/www.sts-education.com\/it\/high-school\/prima-del-tuo-anno-allestero\/chi-puo-presentare-domanda\/","og_locale":"it_IT","og_type":"article","og_title":"Chi Puo Presentare Domanda","og_description":"Il programma \u00e8 aperto a tutti. Eventuali allergie o patologie non rappresentano un problema. Per noi, la cosa pi\u00f9 importante \u00e8 essere curiosi e avere una mentalit\u00e0 aperta.","og_url":"https:\/\/www.sts-education.com\/it\/high-school\/prima-del-tuo-anno-allestero\/chi-puo-presentare-domanda\/","og_site_name":"STS Education","article_modified_time":"2026-04-14T09:53:02+00:00","og_image":[{"width":150,"height":150,"url":"https:\/\/powered-by.qbank.se\/educatius\/sts\/\/654adcd0696a9cfff110373a8858629b_1-1-thumb.webp","type":"image\/jpeg"}],"twitter_card":"summary_large_image","twitter_misc":{"Tempo di lettura stimato":"2 minuti"},"schema":{"@context":"https:\/\/schema.org","@graph":[{"@type":"WebPage","@id":"https:\/\/www.sts-education.com\/it\/high-school\/prima-del-tuo-anno-allestero\/chi-puo-presentare-domanda\/","url":"https:\/\/www.sts-education.com\/it\/high-school\/prima-del-tuo-anno-allestero\/chi-puo-presentare-domanda\/","name":"Chi pu\u00f2 diventare studente Exchange per un anno?","isPartOf":{"@id":"https:\/\/www.sts-education.com\/it\/#website"},"primaryImageOfPage":{"@id":"https:\/\/www.sts-education.com\/it\/high-school\/prima-del-tuo-anno-allestero\/chi-puo-presentare-domanda\/#primaryimage"},"image":{"@id":"https:\/\/www.sts-education.com\/it\/high-school\/prima-del-tuo-anno-allestero\/chi-puo-presentare-domanda\/#primaryimage"},"thumbnailUrl":"https:\/\/powered-by.qbank.se\/educatius\/sts\/\/654adcd0696a9cfff110373a8858629b_1-1-thumb.webp","datePublished":"2025-12-16T10:06:08+00:00","dateModified":"2026-04-14T09:53:02+00:00","description":"Il programma \u00e8 aperto a tutti. Eventuali allergie o patologie non rappresentano un problema. Per noi, la cosa pi\u00f9 importante \u00e8 essere curiosi e avere una mentalit\u00e0 aperta.","breadcrumb":{"@id":"https:\/\/www.sts-education.com\/it\/high-school\/prima-del-tuo-anno-allestero\/chi-puo-presentare-domanda\/#breadcrumb"},"inLanguage":"it-IT","potentialAction":[{"@type":"ReadAction","target":["https:\/\/www.sts-education.com\/it\/high-school\/prima-del-tuo-anno-allestero\/chi-puo-presentare-domanda\/"]}]},{"@type":"ImageObject","inLanguage":"it-IT","@id":"https:\/\/www.sts-education.com\/it\/high-school\/prima-del-tuo-anno-allestero\/chi-puo-presentare-domanda\/#primaryimage","url":"https:\/\/powered-by.qbank.se\/educatius\/sts\/\/654adcd0696a9cfff110373a8858629b_1-1-thumb.webp","contentUrl":"https:\/\/powered-by.qbank.se\/educatius\/sts\/\/654adcd0696a9cfff110373a8858629b_1-1-thumb.webp","width":150,"height":150},{"@type":"BreadcrumbList","@id":"https:\/\/www.sts-education.com\/it\/high-school\/prima-del-tuo-anno-allestero\/chi-puo-presentare-domanda\/#breadcrumb","itemListElement":[{"@type":"ListItem","position":1,"name":"Home","item":"https:\/\/www.sts-education.com\/it\/"},{"@type":"ListItem","position":2,"name":"High school","item":"https:\/\/www.sts-education.com\/it\/high-school\/"},{"@type":"ListItem","position":3,"name":"Prima Del Tuo Anno Allestero","item":"https:\/\/www.sts-education.com\/it\/high-school\/prima-del-tuo-anno-allestero\/"},{"@type":"ListItem","position":4,"name":"Chi Puo Presentare Domanda"}]},{"@type":"WebSite","@id":"https:\/\/www.sts-education.com\/it\/#website","url":"https:\/\/www.sts-education.com\/it\/","name":"STS Education","description":"","potentialAction":[{"@type":"SearchAction","target":{"@type":"EntryPoint","urlTemplate":"https:\/\/www.sts-education.com\/it\/?s={search_term_string}"},"query-input":{"@type":"PropertyValueSpecification","valueRequired":true,"valueName":"search_term_string"}}],"inLanguage":"it-IT"}]}},"_links":{"self":[{"href":"https:\/\/www.sts-education.com\/it\/wp-json\/wp\/v2\/pages\/10677","targetHints":{"allow":["GET"]}}],"collection":[{"href":"https:\/\/www.sts-education.com\/it\/wp-json\/wp\/v2\/pages"}],"about":[{"href":"https:\/\/www.sts-education.com\/it\/wp-json\/wp\/v2\/types\/page"}],"author":[{"embeddable":true,"href":"https:\/\/www.sts-education.com\/it\/wp-json\/wp\/v2\/users\/20"}],"replies":[{"embeddable":true,"href":"https:\/\/www.sts-education.com\/it\/wp-json\/wp\/v2\/comments?post=10677"}],"version-history":[{"count":4,"href":"https:\/\/www.sts-education.com\/it\/wp-json\/wp\/v2\/pages\/10677\/revisions"}],"predecessor-version":[{"id":33268,"href":"https:\/\/www.sts-education.com\/it\/wp-json\/wp\/v2\/pages\/10677\/revisions\/33268"}],"up":[{"embeddable":true,"href":"https:\/\/www.sts-education.com\/it\/wp-json\/wp\/v2\/pages\/10650"}],"wp:featuredmedia":[{"embeddable":true,"href":"https:\/\/www.sts-education.com\/it\/wp-json\/wp\/v2\/media\/15699"}],"wp:attachment":[{"href":"https:\/\/www.sts-education.com\/it\/wp-json\/wp\/v2\/media?parent=10677"}],"wp:term":[{"taxonomy":"wpw_page_folders","embeddable":true,"href":"https:\/\/www.sts-education.com\/it\/wp-json\/wp\/v2\/wpw_page_folders?post=10677"}],"curies":[{"name":"wp","href":"https:\/\/api.w.org\/{rel}","templated":true}]}}