{"id":10678,"date":"2025-12-16T10:09:09","date_gmt":"2025-12-16T10:09:09","guid":{"rendered":"https:\/\/preprod.sts-education.com\/high-school\/prima-del-tuo-anno-allestero\/i-vantaggi-di-un-anno-allestero\/"},"modified":"2026-04-14T09:52:58","modified_gmt":"2026-04-14T09:52:58","slug":"i-vantaggi-di-un-anno-allestero","status":"publish","type":"page","link":"https:\/\/www.sts-education.com\/it\/high-school\/prima-del-tuo-anno-allestero\/i-vantaggi-di-un-anno-allestero\/","title":{"rendered":"I Vantaggi Di Un Anno Allestero"},"content":{"rendered":"\n<section class=\"wp-block-sts-hero sts-block-hero is-variant-full-background has-text-light has-background-media\" style=\"--sts-hero-padding-mobile:0px;--sts-hero-padding-desktop:0px;--sts-hero-text-color:var(--wp--preset--color--base-10, #fff);\" data-variant=\"full-background\"><div class=\"sts-block-hero__background\"><picture class=\"sts-responsive-image has-fit-cover is-skeleton\"><img src=\"https:\/\/cdn.sts-education.com\/13427_hero_lg_xl.jpg\" alt=\"Che cosa offre un anno all\u2019estero?\" loading=\"lazy\" decoding=\"async\" fetchpriority=\"low\" sizes=\"100vw\" \/><\/picture><span class=\"sts-block-hero__overlay\" aria-hidden=\"true\"><\/span><\/div><div class=\"sts-block-hero__inner\"><div class=\"sts-block-hero__content has-align-center\"><div class=\"sts-block-hero__content-inner\"><h1 class=\"sts-block-hero__heading\">Che cosa offre un anno all\u2019estero?<\/h1><\/div><\/div><\/div><\/section>\n\n\n\n<div class=\"wp-block-sts-text sts-text-editor has-max-width-md\"><div class=\"sts-text-editor__content\"><div class=\"sts-text-editor__content-inner\">\n<p>Al ritorno dal tuo anno scolastico High School, realizzerai veramente quello che ha significato vivere e studiare all\u2019estero: nuovi amici, nuove conoscenze linguistiche, esperienze di culture differenti, una maggiore autostima e un\u2019infinit\u00e0 di esperienze divertenti e ricordi meravigliosi. Per non parlare della straordinaria esperienza internazionale che potrai aggiungere al tuo CV \u2013 e questo sar\u00e0 un grande vantaggio per te in futuro.<\/p>\n\n<h2>Perch\u00e9 un anno all\u00b4estero \u00e8 un investimento nel tuo futuro:<\/h2>\n\n<ul><li><strong>Un vantaggio unico.<\/strong> L\u2019esperienza di vivere e studiare all\u2019estero e parlare fluentemente un\u2019altra lingua offre numerosi vantaggi. Ad esempio, potr\u00e0 aiutarti ad iscriverti a un corso di laurea e trovare lavoro in futuro!<\/li>\n<li><strong>Crescita personale<\/strong>. Essere curiosi e mettersi alla prova potr\u00e0 arricchire la tua vita. Ti aiuter\u00e0 a sviluppare diverse qualit\u00e0 preziose per la tua carriera lavorativa come indipendenza, capacit\u00e0 relazionali e spirito di iniziativa.<\/li>\n<li><strong>Una rete internazionale di amici.<\/strong> Avrai una famiglia in pi\u00f9 e nuovi grandi amici in un altro Paese. Ti raccomandiamo di restare in contatto con loro, perch\u00e9 avere degli amici in tutto il mondo \u00e8 una risorsa preziosa. Infatti, una rete internazionale non ha prezzo, sia per la tua vita privata che per la tua carriera lavorativa futura.<\/li>\n<li><strong>La propria cultura in una nuova prospettiva<\/strong>. Studiare in un altro Paese ti aiuter\u00e0 ad ampliare la tua visione del mondo. Vedrai la tua cultura con nuovi occhi e imparerai molto di te stesso. Che cosa ti piace di pi\u00f9 del tuo nuovo Paese? Quali sono le differenze rispetto al tuo? Inoltre, sar\u00e0 divertente poter condividere le tradizioni e i valori del tuo Paese quando sarai all\u2019estero.<\/li><\/ul>\n<\/div><\/div><\/div>\n\n\n\n<section class=\"wp-block-sts-video sts-block-video sts-block-video--landscape has-max-width-lg\"><div class=\"sts-video sts-video--landscape\"><div class=\"sts-video__handler\"><button type=\"button\" class=\"sts-video__play-button\" aria-label=\"Play video\" aria-pressed=\"false\" data-playing=\"false\"><span class=\"sts-video__play-icon\"><img decoding=\"async\" class=\"play-icon\" src=\"data:image\/svg+xml,%3csvg%20width='32'%20height='32'%20viewBox='0%200%2032%2032'%20fill='none'%20xmlns='http:\/\/www.w3.org\/2000\/svg'%3e%3cmask%20id='mask0_2459_8201'%20style='mask-type:alpha'%20maskUnits='userSpaceOnUse'%20x='0'%20y='0'%20width='32'%20height='32'%3e%3crect%20width='32'%20height='32'%20fill='%23D9D9D9'\/%3e%3c\/mask%3e%3cg%20mask='url(%23mask0_2459_8201)'%3e%3cpath%20d='M10.667%2022.8999V9.09993C10.667%208.72216%2010.8003%208.40549%2011.067%208.14993C11.3337%207.89438%2011.6448%207.7666%2012.0003%207.7666C12.1114%207.7666%2012.2281%207.78327%2012.3503%207.8166C12.4725%207.84993%2012.5892%207.89993%2012.7003%207.9666L23.567%2014.8666C23.767%2014.9999%2023.917%2015.1666%2024.017%2015.3666C24.117%2015.5666%2024.167%2015.7777%2024.167%2015.9999C24.167%2016.2222%2024.117%2016.4333%2024.017%2016.6333C23.917%2016.8333%2023.767%2016.9999%2023.567%2017.1333L12.7003%2024.0333C12.5892%2024.0999%2012.4725%2024.1499%2012.3503%2024.1833C12.2281%2024.2166%2012.1114%2024.2333%2012.0003%2024.2333C11.6448%2024.2333%2011.3337%2024.1055%2011.067%2023.8499C10.8003%2023.5944%2010.667%2023.2777%2010.667%2022.8999Z'%20fill='black'\/%3e%3c\/g%3e%3c\/svg%3e\" alt=\"\" aria-hidden=\"true\"\/><img decoding=\"async\" class=\"pause-icon\" src=\"data:image\/svg+xml,%3csvg%20width='32'%20height='32'%20viewBox='0%200%2032%2032'%20fill='none'%20xmlns='http:\/\/www.w3.org\/2000\/svg'%3e%3cmask%20id='mask0_pause'%20style='mask-type:alpha'%20maskUnits='userSpaceOnUse'%20x='0'%20y='0'%20width='32'%20height='32'%3e%3crect%20width='32'%20height='32'%20fill='%23D9D9D9'\/%3e%3c\/mask%3e%3cg%20mask='url(%23mask0_pause)'%3e%3c!--%20Left%20bar%20--%3e%3crect%20x='10'%20y='8'%20width='4'%20height='16'%20rx='1'%20fill='black'\/%3e%3c!--%20Right%20bar%20--%3e%3crect%20x='18'%20y='8'%20width='4'%20height='16'%20rx='1'%20fill='black'\/%3e%3c\/g%3e%3c\/svg%3e\" alt=\"\" aria-hidden=\"true\"\/><\/span><\/button><strong class=\"sts-video__duration\" data-duration-prefix=\"Video duration:\" data-unit-second=\"second\" data-unit-seconds=\"seconds\" data-unit-minute=\"minute\" data-unit-minutes=\"minutes\" aria-label=\"Video duration: 20.0 seconds\">20.0 secs<\/strong><\/div><div class=\"sts-video__media\" data-video-source=\"youtube\" data-video-url=\"\"><div class=\"sts-video__external-shell\" data-embed-url=\"https:\/\/www.youtube.com\/embed\/y18MmGvyYZE?rel=0&amp;controls=1&amp;modestbranding=1&amp;playsinline=1&amp;enablejsapi=1&amp;autoplay=0&amp;origin=https%3A%2F%2Fwww.sts-education.com\"><iframe class=\"sts-video__iframe\" src=\"https:\/\/www.youtube.com\/embed\/y18MmGvyYZE?rel=0&amp;controls=1&amp;modestbranding=1&amp;playsinline=1&amp;enablejsapi=1&amp;autoplay=0&amp;origin=https%3A%2F%2Fwww.sts-education.com\" title=\"Video poster\nheading\" allow=\"autoplay; fullscreen\" allowfullscreen loading=\"lazy\" data-provider=\"youtube\" data-embed-url=\"https:\/\/www.youtube.com\/embed\/y18MmGvyYZE?rel=0&amp;controls=1&amp;modestbranding=1&amp;playsinline=1&amp;enablejsapi=1&amp;autoplay=0&amp;origin=https%3A%2F%2Fwww.sts-education.com\"><\/iframe><\/div><\/div><\/div><\/section>\n","protected":false},"excerpt":{"rendered":"","protected":false},"author":20,"featured_media":15695,"parent":10650,"menu_order":0,"comment_status":"closed","ping_status":"closed","template":"templates\/template-default-with-breadcrumbs.php","meta":{"_acf_changed":false,"sts_page_background_color":"","footnotes":""},"wpw_page_folders":[80],"class_list":["post-10678","page","type-page","status-publish","has-post-thumbnail","hentry"],"acf":[],"yoast_head":"<!-- This site is optimized with the Yoast SEO Premium plugin v27.2 (Yoast SEO v27.3) - https:\/\/yoast.com\/product\/yoast-seo-premium-wordpress\/ -->\n<title>Scopri tutti i vantaggi di un anno all\u2019estero<\/title>\n<meta name=\"description\" content=\"Sfrutta al meglio il tuo anno all\u2019estero. Impara una lingua e una cultura, oltre a fare nuovi amici. Potrai crescere anche a livello personale e sviluppare una rete internazionale.\" \/>\n<meta name=\"robots\" content=\"index, follow, max-snippet:-1, max-image-preview:large, max-video-preview:-1\" \/>\n<link rel=\"canonical\" href=\"https:\/\/www.sts-education.com\/it\/high-school\/prima-del-tuo-anno-allestero\/i-vantaggi-di-un-anno-allestero\/\" \/>\n<meta property=\"og:locale\" content=\"it_IT\" \/>\n<meta property=\"og:type\" content=\"article\" \/>\n<meta property=\"og:title\" content=\"I Vantaggi Di Un Anno Allestero\" \/>\n<meta property=\"og:description\" content=\"Sfrutta al meglio il tuo anno all\u2019estero. Impara una lingua e una cultura, oltre a fare nuovi amici. Potrai crescere anche a livello personale e sviluppare una rete internazionale.\" \/>\n<meta property=\"og:url\" content=\"https:\/\/www.sts-education.com\/it\/high-school\/prima-del-tuo-anno-allestero\/i-vantaggi-di-un-anno-allestero\/\" \/>\n<meta property=\"og:site_name\" content=\"STS Education\" \/>\n<meta property=\"article:modified_time\" content=\"2026-04-14T09:52:58+00:00\" \/>\n<meta property=\"og:image\" content=\"https:\/\/powered-by.qbank.se\/educatius\/sts\/\/afc0e6e9172f867413f78160008e6f92_1-1-xsmall.webp\" \/>\n\t<meta property=\"og:image:width\" content=\"500\" \/>\n\t<meta property=\"og:image:height\" content=\"500\" \/>\n\t<meta property=\"og:image:type\" content=\"image\/jpeg\" \/>\n<meta name=\"twitter:card\" content=\"summary_large_image\" \/>\n<meta name=\"twitter:label1\" content=\"Tempo di lettura stimato\" \/>\n\t<meta name=\"twitter:data1\" content=\"1 minuto\" \/>\n<script type=\"application\/ld+json\" class=\"yoast-schema-graph\">{\"@context\":\"https:\\\/\\\/schema.org\",\"@graph\":[{\"@type\":\"WebPage\",\"@id\":\"https:\\\/\\\/www.sts-education.com\\\/it\\\/high-school\\\/prima-del-tuo-anno-allestero\\\/i-vantaggi-di-un-anno-allestero\\\/\",\"url\":\"https:\\\/\\\/www.sts-education.com\\\/it\\\/high-school\\\/prima-del-tuo-anno-allestero\\\/i-vantaggi-di-un-anno-allestero\\\/\",\"name\":\"Scopri tutti i vantaggi di un anno all\u2019estero\",\"isPartOf\":{\"@id\":\"https:\\\/\\\/www.sts-education.com\\\/it\\\/#website\"},\"primaryImageOfPage\":{\"@id\":\"https:\\\/\\\/www.sts-education.com\\\/it\\\/high-school\\\/prima-del-tuo-anno-allestero\\\/i-vantaggi-di-un-anno-allestero\\\/#primaryimage\"},\"image\":{\"@id\":\"https:\\\/\\\/www.sts-education.com\\\/it\\\/high-school\\\/prima-del-tuo-anno-allestero\\\/i-vantaggi-di-un-anno-allestero\\\/#primaryimage\"},\"thumbnailUrl\":\"https:\\\/\\\/powered-by.qbank.se\\\/educatius\\\/sts\\\/\\\/afc0e6e9172f867413f78160008e6f92_1-1-xsmall.webp\",\"datePublished\":\"2025-12-16T10:09:09+00:00\",\"dateModified\":\"2026-04-14T09:52:58+00:00\",\"description\":\"Sfrutta al meglio il tuo anno all\u2019estero. Impara una lingua e una cultura, oltre a fare nuovi amici. Potrai crescere anche a livello personale e sviluppare una rete internazionale.\",\"breadcrumb\":{\"@id\":\"https:\\\/\\\/www.sts-education.com\\\/it\\\/high-school\\\/prima-del-tuo-anno-allestero\\\/i-vantaggi-di-un-anno-allestero\\\/#breadcrumb\"},\"inLanguage\":\"it-IT\",\"potentialAction\":[{\"@type\":\"ReadAction\",\"target\":[\"https:\\\/\\\/www.sts-education.com\\\/it\\\/high-school\\\/prima-del-tuo-anno-allestero\\\/i-vantaggi-di-un-anno-allestero\\\/\"]}]},{\"@type\":\"ImageObject\",\"inLanguage\":\"it-IT\",\"@id\":\"https:\\\/\\\/www.sts-education.com\\\/it\\\/high-school\\\/prima-del-tuo-anno-allestero\\\/i-vantaggi-di-un-anno-allestero\\\/#primaryimage\",\"url\":\"https:\\\/\\\/powered-by.qbank.se\\\/educatius\\\/sts\\\/\\\/afc0e6e9172f867413f78160008e6f92_1-1-xsmall.webp\",\"contentUrl\":\"https:\\\/\\\/powered-by.qbank.se\\\/educatius\\\/sts\\\/\\\/afc0e6e9172f867413f78160008e6f92_1-1-xsmall.webp\",\"width\":500,\"height\":500},{\"@type\":\"BreadcrumbList\",\"@id\":\"https:\\\/\\\/www.sts-education.com\\\/it\\\/high-school\\\/prima-del-tuo-anno-allestero\\\/i-vantaggi-di-un-anno-allestero\\\/#breadcrumb\",\"itemListElement\":[{\"@type\":\"ListItem\",\"position\":1,\"name\":\"Home\",\"item\":\"https:\\\/\\\/www.sts-education.com\\\/it\\\/\"},{\"@type\":\"ListItem\",\"position\":2,\"name\":\"High school\",\"item\":\"https:\\\/\\\/www.sts-education.com\\\/it\\\/high-school\\\/\"},{\"@type\":\"ListItem\",\"position\":3,\"name\":\"Prima Del Tuo Anno Allestero\",\"item\":\"https:\\\/\\\/www.sts-education.com\\\/it\\\/high-school\\\/prima-del-tuo-anno-allestero\\\/\"},{\"@type\":\"ListItem\",\"position\":4,\"name\":\"I Vantaggi Di Un Anno Allestero\"}]},{\"@type\":\"WebSite\",\"@id\":\"https:\\\/\\\/www.sts-education.com\\\/it\\\/#website\",\"url\":\"https:\\\/\\\/www.sts-education.com\\\/it\\\/\",\"name\":\"STS Education\",\"description\":\"\",\"potentialAction\":[{\"@type\":\"SearchAction\",\"target\":{\"@type\":\"EntryPoint\",\"urlTemplate\":\"https:\\\/\\\/www.sts-education.com\\\/it\\\/?s={search_term_string}\"},\"query-input\":{\"@type\":\"PropertyValueSpecification\",\"valueRequired\":true,\"valueName\":\"search_term_string\"}}],\"inLanguage\":\"it-IT\"}]}<\/script>\n<!-- \/ Yoast SEO Premium plugin. -->","yoast_head_json":{"title":"Scopri tutti i vantaggi di un anno all\u2019estero","description":"Sfrutta al meglio il tuo anno all\u2019estero. Impara una lingua e una cultura, oltre a fare nuovi amici. Potrai crescere anche a livello personale e sviluppare una rete internazionale.","robots":{"index":"index","follow":"follow","max-snippet":"max-snippet:-1","max-image-preview":"max-image-preview:large","max-video-preview":"max-video-preview:-1"},"canonical":"https:\/\/www.sts-education.com\/it\/high-school\/prima-del-tuo-anno-allestero\/i-vantaggi-di-un-anno-allestero\/","og_locale":"it_IT","og_type":"article","og_title":"I Vantaggi Di Un Anno Allestero","og_description":"Sfrutta al meglio il tuo anno all\u2019estero. Impara una lingua e una cultura, oltre a fare nuovi amici. Potrai crescere anche a livello personale e sviluppare una rete internazionale.","og_url":"https:\/\/www.sts-education.com\/it\/high-school\/prima-del-tuo-anno-allestero\/i-vantaggi-di-un-anno-allestero\/","og_site_name":"STS Education","article_modified_time":"2026-04-14T09:52:58+00:00","og_image":[{"width":500,"height":500,"url":"https:\/\/powered-by.qbank.se\/educatius\/sts\/\/afc0e6e9172f867413f78160008e6f92_1-1-xsmall.webp","type":"image\/jpeg"}],"twitter_card":"summary_large_image","twitter_misc":{"Tempo di lettura stimato":"1 minuto"},"schema":{"@context":"https:\/\/schema.org","@graph":[{"@type":"WebPage","@id":"https:\/\/www.sts-education.com\/it\/high-school\/prima-del-tuo-anno-allestero\/i-vantaggi-di-un-anno-allestero\/","url":"https:\/\/www.sts-education.com\/it\/high-school\/prima-del-tuo-anno-allestero\/i-vantaggi-di-un-anno-allestero\/","name":"Scopri tutti i vantaggi di un anno all\u2019estero","isPartOf":{"@id":"https:\/\/www.sts-education.com\/it\/#website"},"primaryImageOfPage":{"@id":"https:\/\/www.sts-education.com\/it\/high-school\/prima-del-tuo-anno-allestero\/i-vantaggi-di-un-anno-allestero\/#primaryimage"},"image":{"@id":"https:\/\/www.sts-education.com\/it\/high-school\/prima-del-tuo-anno-allestero\/i-vantaggi-di-un-anno-allestero\/#primaryimage"},"thumbnailUrl":"https:\/\/powered-by.qbank.se\/educatius\/sts\/\/afc0e6e9172f867413f78160008e6f92_1-1-xsmall.webp","datePublished":"2025-12-16T10:09:09+00:00","dateModified":"2026-04-14T09:52:58+00:00","description":"Sfrutta al meglio il tuo anno all\u2019estero. Impara una lingua e una cultura, oltre a fare nuovi amici. Potrai crescere anche a livello personale e sviluppare una rete internazionale.","breadcrumb":{"@id":"https:\/\/www.sts-education.com\/it\/high-school\/prima-del-tuo-anno-allestero\/i-vantaggi-di-un-anno-allestero\/#breadcrumb"},"inLanguage":"it-IT","potentialAction":[{"@type":"ReadAction","target":["https:\/\/www.sts-education.com\/it\/high-school\/prima-del-tuo-anno-allestero\/i-vantaggi-di-un-anno-allestero\/"]}]},{"@type":"ImageObject","inLanguage":"it-IT","@id":"https:\/\/www.sts-education.com\/it\/high-school\/prima-del-tuo-anno-allestero\/i-vantaggi-di-un-anno-allestero\/#primaryimage","url":"https:\/\/powered-by.qbank.se\/educatius\/sts\/\/afc0e6e9172f867413f78160008e6f92_1-1-xsmall.webp","contentUrl":"https:\/\/powered-by.qbank.se\/educatius\/sts\/\/afc0e6e9172f867413f78160008e6f92_1-1-xsmall.webp","width":500,"height":500},{"@type":"BreadcrumbList","@id":"https:\/\/www.sts-education.com\/it\/high-school\/prima-del-tuo-anno-allestero\/i-vantaggi-di-un-anno-allestero\/#breadcrumb","itemListElement":[{"@type":"ListItem","position":1,"name":"Home","item":"https:\/\/www.sts-education.com\/it\/"},{"@type":"ListItem","position":2,"name":"High school","item":"https:\/\/www.sts-education.com\/it\/high-school\/"},{"@type":"ListItem","position":3,"name":"Prima Del Tuo Anno Allestero","item":"https:\/\/www.sts-education.com\/it\/high-school\/prima-del-tuo-anno-allestero\/"},{"@type":"ListItem","position":4,"name":"I Vantaggi Di Un Anno Allestero"}]},{"@type":"WebSite","@id":"https:\/\/www.sts-education.com\/it\/#website","url":"https:\/\/www.sts-education.com\/it\/","name":"STS Education","description":"","potentialAction":[{"@type":"SearchAction","target":{"@type":"EntryPoint","urlTemplate":"https:\/\/www.sts-education.com\/it\/?s={search_term_string}"},"query-input":{"@type":"PropertyValueSpecification","valueRequired":true,"valueName":"search_term_string"}}],"inLanguage":"it-IT"}]}},"_links":{"self":[{"href":"https:\/\/www.sts-education.com\/it\/wp-json\/wp\/v2\/pages\/10678","targetHints":{"allow":["GET"]}}],"collection":[{"href":"https:\/\/www.sts-education.com\/it\/wp-json\/wp\/v2\/pages"}],"about":[{"href":"https:\/\/www.sts-education.com\/it\/wp-json\/wp\/v2\/types\/page"}],"author":[{"embeddable":true,"href":"https:\/\/www.sts-education.com\/it\/wp-json\/wp\/v2\/users\/20"}],"replies":[{"embeddable":true,"href":"https:\/\/www.sts-education.com\/it\/wp-json\/wp\/v2\/comments?post=10678"}],"version-history":[{"count":4,"href":"https:\/\/www.sts-education.com\/it\/wp-json\/wp\/v2\/pages\/10678\/revisions"}],"predecessor-version":[{"id":33265,"href":"https:\/\/www.sts-education.com\/it\/wp-json\/wp\/v2\/pages\/10678\/revisions\/33265"}],"up":[{"embeddable":true,"href":"https:\/\/www.sts-education.com\/it\/wp-json\/wp\/v2\/pages\/10650"}],"wp:featuredmedia":[{"embeddable":true,"href":"https:\/\/www.sts-education.com\/it\/wp-json\/wp\/v2\/media\/15695"}],"wp:attachment":[{"href":"https:\/\/www.sts-education.com\/it\/wp-json\/wp\/v2\/media?parent=10678"}],"wp:term":[{"taxonomy":"wpw_page_folders","embeddable":true,"href":"https:\/\/www.sts-education.com\/it\/wp-json\/wp\/v2\/wpw_page_folders?post=10678"}],"curies":[{"name":"wp","href":"https:\/\/api.w.org\/{rel}","templated":true}]}}