{"id":10680,"date":"2025-12-16T10:08:36","date_gmt":"2025-12-16T10:08:36","guid":{"rendered":"https:\/\/preprod.sts-education.com\/high-school\/prima-del-tuo-anno-allestero\/preparati-con-i-nostri-corsi-di-lingua\/"},"modified":"2026-04-14T09:52:59","modified_gmt":"2026-04-14T09:52:59","slug":"preparati-con-i-nostri-corsi-di-lingua","status":"publish","type":"page","link":"https:\/\/www.sts-education.com\/it\/high-school\/prima-del-tuo-anno-allestero\/preparati-con-i-nostri-corsi-di-lingua\/","title":{"rendered":"Preparati Con I Nostri Corsi Di Lingua"},"content":{"rendered":"\n<section class=\"wp-block-sts-hero sts-block-hero is-variant-full-background has-text-light has-background-media\" style=\"--sts-hero-padding-mobile:0px;--sts-hero-padding-desktop:0px;--sts-hero-text-color:var(--wp--preset--color--base-10, #fff);\" data-variant=\"full-background\"><div class=\"sts-block-hero__background\"><picture class=\"sts-responsive-image has-fit-cover is-skeleton\"><img src=\"https:\/\/cdn.sts-education.com\/13655_hero_lg_xl.jpg\" alt=\"Preparati con un corso di lingua!\" loading=\"lazy\" decoding=\"async\" fetchpriority=\"low\" sizes=\"100vw\" \/><\/picture><span class=\"sts-block-hero__overlay\" aria-hidden=\"true\"><\/span><\/div><div class=\"sts-block-hero__inner\"><div class=\"sts-block-hero__content has-align-center\"><div class=\"sts-block-hero__content-inner\"><h1 class=\"sts-block-hero__heading\">Preparati con un corso di lingua!<\/h1><\/div><\/div><\/div><\/section>\n\n\n\n<div class=\"wp-block-sts-text sts-text-editor has-max-width-md\"><div class=\"sts-text-editor__content\"><div class=\"sts-text-editor__content-inner\">\n<p>Stai per partire per un anno all\u2019estero pere vuoi approfondire l\u2019inglese, lo spagnolo o il tedesco? Preparati con il nostro corso di lingua digitale! Ti aiuter\u00e0 a padroneggiare la lingua e ti render\u00e0 pi\u00f9 facile capire fin dall&#8217;inizio cosa dicono i tuoi nuovi amici, la famiglia ospitante e gli insegnanti.<\/p>\n\n<h2>Come si svolgono i corsi<\/h2>\n\n<ul><li>Piccole classi online. Avrai gli stessi compagni di classe e lo stesso insegnante per tutta la durata del corso.<\/li>\n<li>Imparerai un linguaggio funzionale per le situazioni quotidiane che incontrerai durante il tuo anno all&#8217;estero.<\/li>\n<li>Culture Corners \u2014 sessioni interattive che esplorano le tradizioni e la vita quotidiana del paese di destinazione.<\/li><\/ul>\n\n<p>Le sessioni approfondiscono la tua comprensione della vita locale, rendendo il tuo anno all&#8217;estero linguisticamente pi\u00fa ricco e culturalmente significativo.<\/p>\n\n<p>Alla fine del corso riceverai anche un attestato di frequenza!<\/p>\n\n<h2>Data di inizio e orari<\/h2>\n\n<p><strong>Inglese<\/strong> (vedi <a href=\"https:\/\/www.sts-education.com\/it\/high-school\/destinazioni\/nord-america\/stati-uniti\/#opzioni-extra\">prezzo<\/a>)<\/p>\n\n<p>Sono disponibili diversi livelli di difficolt\u00e0. Il corso dura 35 ore e inizia pi\u00f9 volte durante l&#8217;anno.<\/p>\n\n<p><strong>Spagnolo, tedesco, francese<\/strong><\/p>\n\n<p>Sono disponibili diversi livelli di difficolt\u00e0. I corsi durano 15 ore ore e iniziano solitamente ad aprile.<\/p>\n\n<p><a href=\"https:\/\/www.sts-education.com\/it\/high-school\/destinazioni\/europa\/spagna\/#opzioni-extra\">Prezzo del corso di spagnolo<\/a><\/p>\n\n<p><a href=\"https:\/\/www.sts-education.com\/it\/high-school\/destinazioni\/europa\/germania\/#opzioni-extra\">Prezzo del corso di tedesco<\/a><\/p>\n\n<p><a href=\"https:\/\/www.sts-education.com\/it\/high-school\/destinazioni\/europa\/francia\/#opzioni-extra\">Prezzo del corso di francese<\/a><\/p>\n\n<p>Contatta il tuo <a href=\"https:\/\/www.sts-education.com\/it\/a-proposito-di-sts\/i-nostri-contatti\/\">ufficio STS locale<\/a> per avere pi\u00fa dettagli.<\/p>\n<\/div><\/div><\/div>\n","protected":false},"excerpt":{"rendered":"","protected":false},"author":20,"featured_media":0,"parent":10650,"menu_order":0,"comment_status":"closed","ping_status":"closed","template":"templates\/template-default-with-breadcrumbs.php","meta":{"_acf_changed":false,"sts_page_background_color":"","footnotes":""},"wpw_page_folders":[80],"class_list":["post-10680","page","type-page","status-publish","hentry"],"acf":[],"yoast_head":"<!-- This site is optimized with the Yoast SEO Premium plugin v27.2 (Yoast SEO v27.3) - https:\/\/yoast.com\/product\/yoast-seo-premium-wordpress\/ -->\n<title>Preparati con un corso di lingua!<\/title>\n<meta name=\"description\" content=\"Stai per partire per un anno all\u00b4esteri in un paese di lingua inglese, spagnola o tedesca? Preparati con il nostro corso di lingua digitale!\" \/>\n<meta name=\"robots\" content=\"index, follow, max-snippet:-1, max-image-preview:large, max-video-preview:-1\" \/>\n<link rel=\"canonical\" href=\"https:\/\/www.sts-education.com\/it\/high-school\/prima-del-tuo-anno-allestero\/preparati-con-i-nostri-corsi-di-lingua\/\" \/>\n<meta property=\"og:locale\" content=\"it_IT\" \/>\n<meta property=\"og:type\" content=\"article\" \/>\n<meta property=\"og:title\" content=\"Preparati Con I Nostri Corsi Di Lingua\" \/>\n<meta property=\"og:description\" content=\"Stai per partire per un anno all\u00b4esteri in un paese di lingua inglese, spagnola o tedesca? Preparati con il nostro corso di lingua digitale!\" \/>\n<meta property=\"og:url\" content=\"https:\/\/www.sts-education.com\/it\/high-school\/prima-del-tuo-anno-allestero\/preparati-con-i-nostri-corsi-di-lingua\/\" \/>\n<meta property=\"og:site_name\" content=\"STS Education\" \/>\n<meta property=\"article:modified_time\" content=\"2026-04-14T09:52:59+00:00\" \/>\n<meta property=\"og:image\" content=\"https:\/\/cdn.sts-education.com\/13655_hero_lg_xl.jpg\" \/>\n<meta name=\"twitter:card\" content=\"summary_large_image\" \/>\n<meta name=\"twitter:label1\" content=\"Tempo di lettura stimato\" \/>\n\t<meta name=\"twitter:data1\" content=\"1 minuto\" \/>\n<script type=\"application\/ld+json\" class=\"yoast-schema-graph\">{\"@context\":\"https:\\\/\\\/schema.org\",\"@graph\":[{\"@type\":\"WebPage\",\"@id\":\"https:\\\/\\\/www.sts-education.com\\\/it\\\/high-school\\\/prima-del-tuo-anno-allestero\\\/preparati-con-i-nostri-corsi-di-lingua\\\/\",\"url\":\"https:\\\/\\\/www.sts-education.com\\\/it\\\/high-school\\\/prima-del-tuo-anno-allestero\\\/preparati-con-i-nostri-corsi-di-lingua\\\/\",\"name\":\"Preparati con un corso di lingua!\",\"isPartOf\":{\"@id\":\"https:\\\/\\\/www.sts-education.com\\\/it\\\/#website\"},\"primaryImageOfPage\":{\"@id\":\"https:\\\/\\\/www.sts-education.com\\\/it\\\/high-school\\\/prima-del-tuo-anno-allestero\\\/preparati-con-i-nostri-corsi-di-lingua\\\/#primaryimage\"},\"image\":{\"@id\":\"https:\\\/\\\/www.sts-education.com\\\/it\\\/high-school\\\/prima-del-tuo-anno-allestero\\\/preparati-con-i-nostri-corsi-di-lingua\\\/#primaryimage\"},\"thumbnailUrl\":\"https:\\\/\\\/cdn.sts-education.com\\\/13655_hero_lg_xl.jpg\",\"datePublished\":\"2025-12-16T10:08:36+00:00\",\"dateModified\":\"2026-04-14T09:52:59+00:00\",\"description\":\"Stai per partire per un anno all\u00b4esteri in un paese di lingua inglese, spagnola o tedesca? Preparati con il nostro corso di lingua digitale!\",\"breadcrumb\":{\"@id\":\"https:\\\/\\\/www.sts-education.com\\\/it\\\/high-school\\\/prima-del-tuo-anno-allestero\\\/preparati-con-i-nostri-corsi-di-lingua\\\/#breadcrumb\"},\"inLanguage\":\"it-IT\",\"potentialAction\":[{\"@type\":\"ReadAction\",\"target\":[\"https:\\\/\\\/www.sts-education.com\\\/it\\\/high-school\\\/prima-del-tuo-anno-allestero\\\/preparati-con-i-nostri-corsi-di-lingua\\\/\"]}]},{\"@type\":\"ImageObject\",\"inLanguage\":\"it-IT\",\"@id\":\"https:\\\/\\\/www.sts-education.com\\\/it\\\/high-school\\\/prima-del-tuo-anno-allestero\\\/preparati-con-i-nostri-corsi-di-lingua\\\/#primaryimage\",\"url\":\"https:\\\/\\\/cdn.sts-education.com\\\/13655_hero_lg_xl.jpg\",\"contentUrl\":\"https:\\\/\\\/cdn.sts-education.com\\\/13655_hero_lg_xl.jpg\"},{\"@type\":\"BreadcrumbList\",\"@id\":\"https:\\\/\\\/www.sts-education.com\\\/it\\\/high-school\\\/prima-del-tuo-anno-allestero\\\/preparati-con-i-nostri-corsi-di-lingua\\\/#breadcrumb\",\"itemListElement\":[{\"@type\":\"ListItem\",\"position\":1,\"name\":\"Home\",\"item\":\"https:\\\/\\\/www.sts-education.com\\\/it\\\/\"},{\"@type\":\"ListItem\",\"position\":2,\"name\":\"High school\",\"item\":\"https:\\\/\\\/www.sts-education.com\\\/it\\\/high-school\\\/\"},{\"@type\":\"ListItem\",\"position\":3,\"name\":\"Prima Del Tuo Anno Allestero\",\"item\":\"https:\\\/\\\/www.sts-education.com\\\/it\\\/high-school\\\/prima-del-tuo-anno-allestero\\\/\"},{\"@type\":\"ListItem\",\"position\":4,\"name\":\"Preparati Con I Nostri Corsi Di Lingua\"}]},{\"@type\":\"WebSite\",\"@id\":\"https:\\\/\\\/www.sts-education.com\\\/it\\\/#website\",\"url\":\"https:\\\/\\\/www.sts-education.com\\\/it\\\/\",\"name\":\"STS Education\",\"description\":\"\",\"potentialAction\":[{\"@type\":\"SearchAction\",\"target\":{\"@type\":\"EntryPoint\",\"urlTemplate\":\"https:\\\/\\\/www.sts-education.com\\\/it\\\/?s={search_term_string}\"},\"query-input\":{\"@type\":\"PropertyValueSpecification\",\"valueRequired\":true,\"valueName\":\"search_term_string\"}}],\"inLanguage\":\"it-IT\"}]}<\/script>\n<!-- \/ Yoast SEO Premium plugin. -->","yoast_head_json":{"title":"Preparati con un corso di lingua!","description":"Stai per partire per un anno all\u00b4esteri in un paese di lingua inglese, spagnola o tedesca? Preparati con il nostro corso di lingua digitale!","robots":{"index":"index","follow":"follow","max-snippet":"max-snippet:-1","max-image-preview":"max-image-preview:large","max-video-preview":"max-video-preview:-1"},"canonical":"https:\/\/www.sts-education.com\/it\/high-school\/prima-del-tuo-anno-allestero\/preparati-con-i-nostri-corsi-di-lingua\/","og_locale":"it_IT","og_type":"article","og_title":"Preparati Con I Nostri Corsi Di Lingua","og_description":"Stai per partire per un anno all\u00b4esteri in un paese di lingua inglese, spagnola o tedesca? Preparati con il nostro corso di lingua digitale!","og_url":"https:\/\/www.sts-education.com\/it\/high-school\/prima-del-tuo-anno-allestero\/preparati-con-i-nostri-corsi-di-lingua\/","og_site_name":"STS Education","article_modified_time":"2026-04-14T09:52:59+00:00","og_image":[{"url":"https:\/\/cdn.sts-education.com\/13655_hero_lg_xl.jpg","type":"","width":"","height":""}],"twitter_card":"summary_large_image","twitter_misc":{"Tempo di lettura stimato":"1 minuto"},"schema":{"@context":"https:\/\/schema.org","@graph":[{"@type":"WebPage","@id":"https:\/\/www.sts-education.com\/it\/high-school\/prima-del-tuo-anno-allestero\/preparati-con-i-nostri-corsi-di-lingua\/","url":"https:\/\/www.sts-education.com\/it\/high-school\/prima-del-tuo-anno-allestero\/preparati-con-i-nostri-corsi-di-lingua\/","name":"Preparati con un corso di lingua!","isPartOf":{"@id":"https:\/\/www.sts-education.com\/it\/#website"},"primaryImageOfPage":{"@id":"https:\/\/www.sts-education.com\/it\/high-school\/prima-del-tuo-anno-allestero\/preparati-con-i-nostri-corsi-di-lingua\/#primaryimage"},"image":{"@id":"https:\/\/www.sts-education.com\/it\/high-school\/prima-del-tuo-anno-allestero\/preparati-con-i-nostri-corsi-di-lingua\/#primaryimage"},"thumbnailUrl":"https:\/\/cdn.sts-education.com\/13655_hero_lg_xl.jpg","datePublished":"2025-12-16T10:08:36+00:00","dateModified":"2026-04-14T09:52:59+00:00","description":"Stai per partire per un anno all\u00b4esteri in un paese di lingua inglese, spagnola o tedesca? Preparati con il nostro corso di lingua digitale!","breadcrumb":{"@id":"https:\/\/www.sts-education.com\/it\/high-school\/prima-del-tuo-anno-allestero\/preparati-con-i-nostri-corsi-di-lingua\/#breadcrumb"},"inLanguage":"it-IT","potentialAction":[{"@type":"ReadAction","target":["https:\/\/www.sts-education.com\/it\/high-school\/prima-del-tuo-anno-allestero\/preparati-con-i-nostri-corsi-di-lingua\/"]}]},{"@type":"ImageObject","inLanguage":"it-IT","@id":"https:\/\/www.sts-education.com\/it\/high-school\/prima-del-tuo-anno-allestero\/preparati-con-i-nostri-corsi-di-lingua\/#primaryimage","url":"https:\/\/cdn.sts-education.com\/13655_hero_lg_xl.jpg","contentUrl":"https:\/\/cdn.sts-education.com\/13655_hero_lg_xl.jpg"},{"@type":"BreadcrumbList","@id":"https:\/\/www.sts-education.com\/it\/high-school\/prima-del-tuo-anno-allestero\/preparati-con-i-nostri-corsi-di-lingua\/#breadcrumb","itemListElement":[{"@type":"ListItem","position":1,"name":"Home","item":"https:\/\/www.sts-education.com\/it\/"},{"@type":"ListItem","position":2,"name":"High school","item":"https:\/\/www.sts-education.com\/it\/high-school\/"},{"@type":"ListItem","position":3,"name":"Prima Del Tuo Anno Allestero","item":"https:\/\/www.sts-education.com\/it\/high-school\/prima-del-tuo-anno-allestero\/"},{"@type":"ListItem","position":4,"name":"Preparati Con I Nostri Corsi Di Lingua"}]},{"@type":"WebSite","@id":"https:\/\/www.sts-education.com\/it\/#website","url":"https:\/\/www.sts-education.com\/it\/","name":"STS Education","description":"","potentialAction":[{"@type":"SearchAction","target":{"@type":"EntryPoint","urlTemplate":"https:\/\/www.sts-education.com\/it\/?s={search_term_string}"},"query-input":{"@type":"PropertyValueSpecification","valueRequired":true,"valueName":"search_term_string"}}],"inLanguage":"it-IT"}]}},"_links":{"self":[{"href":"https:\/\/www.sts-education.com\/it\/wp-json\/wp\/v2\/pages\/10680","targetHints":{"allow":["GET"]}}],"collection":[{"href":"https:\/\/www.sts-education.com\/it\/wp-json\/wp\/v2\/pages"}],"about":[{"href":"https:\/\/www.sts-education.com\/it\/wp-json\/wp\/v2\/types\/page"}],"author":[{"embeddable":true,"href":"https:\/\/www.sts-education.com\/it\/wp-json\/wp\/v2\/users\/20"}],"replies":[{"embeddable":true,"href":"https:\/\/www.sts-education.com\/it\/wp-json\/wp\/v2\/comments?post=10680"}],"version-history":[{"count":4,"href":"https:\/\/www.sts-education.com\/it\/wp-json\/wp\/v2\/pages\/10680\/revisions"}],"predecessor-version":[{"id":33266,"href":"https:\/\/www.sts-education.com\/it\/wp-json\/wp\/v2\/pages\/10680\/revisions\/33266"}],"up":[{"embeddable":true,"href":"https:\/\/www.sts-education.com\/it\/wp-json\/wp\/v2\/pages\/10650"}],"wp:attachment":[{"href":"https:\/\/www.sts-education.com\/it\/wp-json\/wp\/v2\/media?parent=10680"}],"wp:term":[{"taxonomy":"wpw_page_folders","embeddable":true,"href":"https:\/\/www.sts-education.com\/it\/wp-json\/wp\/v2\/wpw_page_folders?post=10680"}],"curies":[{"name":"wp","href":"https:\/\/api.w.org\/{rel}","templated":true}]}}