{"id":10681,"date":"2025-12-16T10:07:58","date_gmt":"2025-12-16T10:07:58","guid":{"rendered":"https:\/\/preprod.sts-education.com\/high-school\/prima-del-tuo-anno-allestero\/scegli-come-studiare\/"},"modified":"2026-04-14T09:53:00","modified_gmt":"2026-04-14T09:53:00","slug":"scegli-come-studiare","status":"publish","type":"page","link":"https:\/\/www.sts-education.com\/it\/high-school\/prima-del-tuo-anno-allestero\/scegli-come-studiare\/","title":{"rendered":"Scegli Come Studiare"},"content":{"rendered":"\n<section class=\"wp-block-sts-hero sts-block-hero is-variant-full-background has-text-light has-background-media\" style=\"--sts-hero-padding-mobile:0px;--sts-hero-padding-desktop:0px;--sts-hero-text-color:var(--wp--preset--color--base-10, #fff);\" data-variant=\"full-background\"><div class=\"sts-block-hero__background\"><picture class=\"sts-responsive-image has-fit-cover is-skeleton\"><img src=\"https:\/\/cdn.sts-education.com\/12561_hero_lg_xl.jpg\" alt=\"Scegliete tra Classic e Select\" loading=\"lazy\" decoding=\"async\" fetchpriority=\"low\" sizes=\"100vw\" \/><\/picture><span class=\"sts-block-hero__overlay\" aria-hidden=\"true\"><\/span><\/div><div class=\"sts-block-hero__inner\"><div class=\"sts-block-hero__content has-align-center\"><div class=\"sts-block-hero__content-inner\"><h1 class=\"sts-block-hero__heading\">Scegliete tra Classic e Select<\/h1><\/div><\/div><\/div><\/section>\n\n\n\n<div class=\"wp-block-sts-text sts-text-editor has-max-width-md\"><div class=\"sts-text-editor__content\"><div class=\"sts-text-editor__content-inner\">\n<p>Un anno all\u2019estero \u00e8 un trampolino di lancio per esprimere il tuo potenziale e il futuro \u00e8 nelle tue mani. Trascorrere un anno scolastico all\u2019estero da teenager \u00e8 un incredibilmente arricchimento e spesso molti dei nostri studenti affermano che sia stato l\u2019anno migliore della propria vita.<\/p>\n\n<p><strong>STS High School Classic<\/strong> \u00e8 il tradizionale programma Exchange a livello di High School, il pi\u00f9 richiesto dai nostri studenti. \u00c8 il programma ideale per vivere un\u2019autentica esperienza di un anno all\u2019estero. Verrai associato a una famiglia ospitante nel Paese selezionato e diventerai immediatamente parte della famiglia, che presto potrai chiamare tua. Frequenterai una High School locale, dove potrai fare tanti nuovi amici. Le scuole accettano di buon grado i nostri studenti Exchange e ti integrerai velocemente. Per alcune delle nostre destinazioni puoi richiedere un\u2019area oppure uno stato particolare, con un costo aggiuntivo. Qui potrai saperne di pi\u00f9 sulle condizioni applicabili ad ogni destinazione.<\/p>\n\n<p>A volte, per uno studente Exchange pu\u00f2 essere importante studiare una materia particolare o praticare uno sport specifico. In questo caso, offriamo un programma denominato <strong>STS High School Select. <\/strong>Questo spesso significa che frequenterai una scuola privata, con un costo aggiuntivo. Potrai scegliere la citt\u00e0 desiderata e, nella maggior parte dei casi, decidere esattamente quale scuola frequentare. \u00c8 la scelta fondamentale per studiare una materia particolare, praticare uno sport o suonare uno strumento musicale specifico durante il tuo anno all\u2019estero. Questo tipo di programma \u00e8 disponibile in <a href=\"https:\/\/www.sts-education.com\/it\/high-school\/destinazioni\/nord-america\/stati-uniti\/\">Stati Uniti<\/a>, <a href=\"https:\/\/www.sts-education.com\/it\/high-school\/destinazioni\/nord-america\/canada\/\">Canada<\/a>, <a href=\"https:\/\/www.sts-education.com\/it\/high-school\/destinazioni\/oceania\/australia\/\">Australia<\/a>, <a href=\"https:\/\/www.sts-education.com\/it\/high-school\/destinazioni\/oceania\/nuova-zelanda\/\">Nuova Zelanda<\/a> e <a href=\"https:\/\/www.sts-education.com\/it\/high-school\/destinazioni\/europa\/gran-bretagna\/\">Regno Unito<\/a>. Leggi gli approfondimenti sul nostro programma Select sotto ogni destinazione e contattaci per ulteriori informazioni.<\/p>\n\n<p>Saremo lieti di aiutarti. Imparando a conoscerti, potremo trovare la citt\u00e0 e la scuola pi\u00f9 adatte a te in base ai tuoi desideri. E ricorda che, a prescindere dalla scelta, stai per trascorrere il periodo migliore della tua vita!<\/p>\n<\/div><\/div><\/div>\n","protected":false},"excerpt":{"rendered":"","protected":false},"author":20,"featured_media":15702,"parent":10650,"menu_order":0,"comment_status":"closed","ping_status":"closed","template":"templates\/template-default-with-breadcrumbs.php","meta":{"_acf_changed":false,"sts_page_background_color":"","footnotes":""},"wpw_page_folders":[80],"class_list":["post-10681","page","type-page","status-publish","has-post-thumbnail","hentry"],"acf":[],"yoast_head":"<!-- This site is optimized with the Yoast SEO Premium plugin v27.2 (Yoast SEO v27.3) - https:\/\/yoast.com\/product\/yoast-seo-premium-wordpress\/ -->\n<title>Adatta il tuo anno all\u2019estero ai tuoi desideri<\/title>\n<meta name=\"description\" content=\"Molti studenti optano per il nostro programma Exchange tradizionale. Tuttavia, se preferisci studiare una materia particolare o praticare uno sport specifico, ti consigliamo il nostro programma Select.\" \/>\n<meta name=\"robots\" content=\"index, follow, max-snippet:-1, max-image-preview:large, max-video-preview:-1\" \/>\n<link rel=\"canonical\" href=\"https:\/\/www.sts-education.com\/it\/high-school\/prima-del-tuo-anno-allestero\/scegli-come-studiare\/\" \/>\n<meta property=\"og:locale\" content=\"it_IT\" \/>\n<meta property=\"og:type\" content=\"article\" \/>\n<meta property=\"og:title\" content=\"Scegli Come Studiare\" \/>\n<meta property=\"og:description\" content=\"Molti studenti optano per il nostro programma Exchange tradizionale. Tuttavia, se preferisci studiare una materia particolare o praticare uno sport specifico, ti consigliamo il nostro programma Select.\" \/>\n<meta property=\"og:url\" content=\"https:\/\/www.sts-education.com\/it\/high-school\/prima-del-tuo-anno-allestero\/scegli-come-studiare\/\" \/>\n<meta property=\"og:site_name\" content=\"STS Education\" \/>\n<meta property=\"article:modified_time\" content=\"2026-04-14T09:53:00+00:00\" \/>\n<meta property=\"og:image\" content=\"https:\/\/powered-by.qbank.se\/educatius\/sts\/\/1f2700e23e28608434f21942f3298107_1-1-thumb.webp\" \/>\n\t<meta property=\"og:image:width\" content=\"150\" \/>\n\t<meta property=\"og:image:height\" content=\"150\" \/>\n\t<meta property=\"og:image:type\" content=\"image\/jpeg\" \/>\n<meta name=\"twitter:card\" content=\"summary_large_image\" \/>\n<meta name=\"twitter:label1\" content=\"Tempo di lettura stimato\" \/>\n\t<meta name=\"twitter:data1\" content=\"2 minuti\" \/>\n<script type=\"application\/ld+json\" class=\"yoast-schema-graph\">{\"@context\":\"https:\\\/\\\/schema.org\",\"@graph\":[{\"@type\":\"WebPage\",\"@id\":\"https:\\\/\\\/www.sts-education.com\\\/it\\\/high-school\\\/prima-del-tuo-anno-allestero\\\/scegli-come-studiare\\\/\",\"url\":\"https:\\\/\\\/www.sts-education.com\\\/it\\\/high-school\\\/prima-del-tuo-anno-allestero\\\/scegli-come-studiare\\\/\",\"name\":\"Adatta il tuo anno all\u2019estero ai tuoi desideri\",\"isPartOf\":{\"@id\":\"https:\\\/\\\/www.sts-education.com\\\/it\\\/#website\"},\"primaryImageOfPage\":{\"@id\":\"https:\\\/\\\/www.sts-education.com\\\/it\\\/high-school\\\/prima-del-tuo-anno-allestero\\\/scegli-come-studiare\\\/#primaryimage\"},\"image\":{\"@id\":\"https:\\\/\\\/www.sts-education.com\\\/it\\\/high-school\\\/prima-del-tuo-anno-allestero\\\/scegli-come-studiare\\\/#primaryimage\"},\"thumbnailUrl\":\"https:\\\/\\\/powered-by.qbank.se\\\/educatius\\\/sts\\\/\\\/1f2700e23e28608434f21942f3298107_1-1-thumb.webp\",\"datePublished\":\"2025-12-16T10:07:58+00:00\",\"dateModified\":\"2026-04-14T09:53:00+00:00\",\"description\":\"Molti studenti optano per il nostro programma Exchange tradizionale. Tuttavia, se preferisci studiare una materia particolare o praticare uno sport specifico, ti consigliamo il nostro programma Select.\",\"breadcrumb\":{\"@id\":\"https:\\\/\\\/www.sts-education.com\\\/it\\\/high-school\\\/prima-del-tuo-anno-allestero\\\/scegli-come-studiare\\\/#breadcrumb\"},\"inLanguage\":\"it-IT\",\"potentialAction\":[{\"@type\":\"ReadAction\",\"target\":[\"https:\\\/\\\/www.sts-education.com\\\/it\\\/high-school\\\/prima-del-tuo-anno-allestero\\\/scegli-come-studiare\\\/\"]}]},{\"@type\":\"ImageObject\",\"inLanguage\":\"it-IT\",\"@id\":\"https:\\\/\\\/www.sts-education.com\\\/it\\\/high-school\\\/prima-del-tuo-anno-allestero\\\/scegli-come-studiare\\\/#primaryimage\",\"url\":\"https:\\\/\\\/powered-by.qbank.se\\\/educatius\\\/sts\\\/\\\/1f2700e23e28608434f21942f3298107_1-1-thumb.webp\",\"contentUrl\":\"https:\\\/\\\/powered-by.qbank.se\\\/educatius\\\/sts\\\/\\\/1f2700e23e28608434f21942f3298107_1-1-thumb.webp\",\"width\":150,\"height\":150},{\"@type\":\"BreadcrumbList\",\"@id\":\"https:\\\/\\\/www.sts-education.com\\\/it\\\/high-school\\\/prima-del-tuo-anno-allestero\\\/scegli-come-studiare\\\/#breadcrumb\",\"itemListElement\":[{\"@type\":\"ListItem\",\"position\":1,\"name\":\"Home\",\"item\":\"https:\\\/\\\/www.sts-education.com\\\/it\\\/\"},{\"@type\":\"ListItem\",\"position\":2,\"name\":\"High school\",\"item\":\"https:\\\/\\\/www.sts-education.com\\\/it\\\/high-school\\\/\"},{\"@type\":\"ListItem\",\"position\":3,\"name\":\"Prima Del Tuo Anno Allestero\",\"item\":\"https:\\\/\\\/www.sts-education.com\\\/it\\\/high-school\\\/prima-del-tuo-anno-allestero\\\/\"},{\"@type\":\"ListItem\",\"position\":4,\"name\":\"Scegli Come Studiare\"}]},{\"@type\":\"WebSite\",\"@id\":\"https:\\\/\\\/www.sts-education.com\\\/it\\\/#website\",\"url\":\"https:\\\/\\\/www.sts-education.com\\\/it\\\/\",\"name\":\"STS Education\",\"description\":\"\",\"potentialAction\":[{\"@type\":\"SearchAction\",\"target\":{\"@type\":\"EntryPoint\",\"urlTemplate\":\"https:\\\/\\\/www.sts-education.com\\\/it\\\/?s={search_term_string}\"},\"query-input\":{\"@type\":\"PropertyValueSpecification\",\"valueRequired\":true,\"valueName\":\"search_term_string\"}}],\"inLanguage\":\"it-IT\"}]}<\/script>\n<!-- \/ Yoast SEO Premium plugin. -->","yoast_head_json":{"title":"Adatta il tuo anno all\u2019estero ai tuoi desideri","description":"Molti studenti optano per il nostro programma Exchange tradizionale. Tuttavia, se preferisci studiare una materia particolare o praticare uno sport specifico, ti consigliamo il nostro programma Select.","robots":{"index":"index","follow":"follow","max-snippet":"max-snippet:-1","max-image-preview":"max-image-preview:large","max-video-preview":"max-video-preview:-1"},"canonical":"https:\/\/www.sts-education.com\/it\/high-school\/prima-del-tuo-anno-allestero\/scegli-come-studiare\/","og_locale":"it_IT","og_type":"article","og_title":"Scegli Come Studiare","og_description":"Molti studenti optano per il nostro programma Exchange tradizionale. Tuttavia, se preferisci studiare una materia particolare o praticare uno sport specifico, ti consigliamo il nostro programma Select.","og_url":"https:\/\/www.sts-education.com\/it\/high-school\/prima-del-tuo-anno-allestero\/scegli-come-studiare\/","og_site_name":"STS Education","article_modified_time":"2026-04-14T09:53:00+00:00","og_image":[{"width":150,"height":150,"url":"https:\/\/powered-by.qbank.se\/educatius\/sts\/\/1f2700e23e28608434f21942f3298107_1-1-thumb.webp","type":"image\/jpeg"}],"twitter_card":"summary_large_image","twitter_misc":{"Tempo di lettura stimato":"2 minuti"},"schema":{"@context":"https:\/\/schema.org","@graph":[{"@type":"WebPage","@id":"https:\/\/www.sts-education.com\/it\/high-school\/prima-del-tuo-anno-allestero\/scegli-come-studiare\/","url":"https:\/\/www.sts-education.com\/it\/high-school\/prima-del-tuo-anno-allestero\/scegli-come-studiare\/","name":"Adatta il tuo anno all\u2019estero ai tuoi desideri","isPartOf":{"@id":"https:\/\/www.sts-education.com\/it\/#website"},"primaryImageOfPage":{"@id":"https:\/\/www.sts-education.com\/it\/high-school\/prima-del-tuo-anno-allestero\/scegli-come-studiare\/#primaryimage"},"image":{"@id":"https:\/\/www.sts-education.com\/it\/high-school\/prima-del-tuo-anno-allestero\/scegli-come-studiare\/#primaryimage"},"thumbnailUrl":"https:\/\/powered-by.qbank.se\/educatius\/sts\/\/1f2700e23e28608434f21942f3298107_1-1-thumb.webp","datePublished":"2025-12-16T10:07:58+00:00","dateModified":"2026-04-14T09:53:00+00:00","description":"Molti studenti optano per il nostro programma Exchange tradizionale. Tuttavia, se preferisci studiare una materia particolare o praticare uno sport specifico, ti consigliamo il nostro programma Select.","breadcrumb":{"@id":"https:\/\/www.sts-education.com\/it\/high-school\/prima-del-tuo-anno-allestero\/scegli-come-studiare\/#breadcrumb"},"inLanguage":"it-IT","potentialAction":[{"@type":"ReadAction","target":["https:\/\/www.sts-education.com\/it\/high-school\/prima-del-tuo-anno-allestero\/scegli-come-studiare\/"]}]},{"@type":"ImageObject","inLanguage":"it-IT","@id":"https:\/\/www.sts-education.com\/it\/high-school\/prima-del-tuo-anno-allestero\/scegli-come-studiare\/#primaryimage","url":"https:\/\/powered-by.qbank.se\/educatius\/sts\/\/1f2700e23e28608434f21942f3298107_1-1-thumb.webp","contentUrl":"https:\/\/powered-by.qbank.se\/educatius\/sts\/\/1f2700e23e28608434f21942f3298107_1-1-thumb.webp","width":150,"height":150},{"@type":"BreadcrumbList","@id":"https:\/\/www.sts-education.com\/it\/high-school\/prima-del-tuo-anno-allestero\/scegli-come-studiare\/#breadcrumb","itemListElement":[{"@type":"ListItem","position":1,"name":"Home","item":"https:\/\/www.sts-education.com\/it\/"},{"@type":"ListItem","position":2,"name":"High school","item":"https:\/\/www.sts-education.com\/it\/high-school\/"},{"@type":"ListItem","position":3,"name":"Prima Del Tuo Anno Allestero","item":"https:\/\/www.sts-education.com\/it\/high-school\/prima-del-tuo-anno-allestero\/"},{"@type":"ListItem","position":4,"name":"Scegli Come Studiare"}]},{"@type":"WebSite","@id":"https:\/\/www.sts-education.com\/it\/#website","url":"https:\/\/www.sts-education.com\/it\/","name":"STS Education","description":"","potentialAction":[{"@type":"SearchAction","target":{"@type":"EntryPoint","urlTemplate":"https:\/\/www.sts-education.com\/it\/?s={search_term_string}"},"query-input":{"@type":"PropertyValueSpecification","valueRequired":true,"valueName":"search_term_string"}}],"inLanguage":"it-IT"}]}},"_links":{"self":[{"href":"https:\/\/www.sts-education.com\/it\/wp-json\/wp\/v2\/pages\/10681","targetHints":{"allow":["GET"]}}],"collection":[{"href":"https:\/\/www.sts-education.com\/it\/wp-json\/wp\/v2\/pages"}],"about":[{"href":"https:\/\/www.sts-education.com\/it\/wp-json\/wp\/v2\/types\/page"}],"author":[{"embeddable":true,"href":"https:\/\/www.sts-education.com\/it\/wp-json\/wp\/v2\/users\/20"}],"replies":[{"embeddable":true,"href":"https:\/\/www.sts-education.com\/it\/wp-json\/wp\/v2\/comments?post=10681"}],"version-history":[{"count":4,"href":"https:\/\/www.sts-education.com\/it\/wp-json\/wp\/v2\/pages\/10681\/revisions"}],"predecessor-version":[{"id":33267,"href":"https:\/\/www.sts-education.com\/it\/wp-json\/wp\/v2\/pages\/10681\/revisions\/33267"}],"up":[{"embeddable":true,"href":"https:\/\/www.sts-education.com\/it\/wp-json\/wp\/v2\/pages\/10650"}],"wp:featuredmedia":[{"embeddable":true,"href":"https:\/\/www.sts-education.com\/it\/wp-json\/wp\/v2\/media\/15702"}],"wp:attachment":[{"href":"https:\/\/www.sts-education.com\/it\/wp-json\/wp\/v2\/media?parent=10681"}],"wp:term":[{"taxonomy":"wpw_page_folders","embeddable":true,"href":"https:\/\/www.sts-education.com\/it\/wp-json\/wp\/v2\/wpw_page_folders?post=10681"}],"curies":[{"name":"wp","href":"https:\/\/api.w.org\/{rel}","templated":true}]}}