{"id":10709,"date":"2025-12-16T10:23:03","date_gmt":"2025-12-16T08:23:03","guid":{"rendered":"https:\/\/preprod.sts-education.com\/over-sts\/carriere\/"},"modified":"2026-04-30T15:35:32","modified_gmt":"2026-04-30T13:35:32","slug":"carriere","status":"publish","type":"page","link":"https:\/\/www.sts-education.com\/nl-nl\/over-sts\/carriere\/","title":{"rendered":"Carriere"},"content":{"rendered":"\n<figure class=\"wp-block-sts-image sts-block-image sts-block-image--count-1 has-max-width-lg\" data-count=\"1\"><div class=\"sts-block-image__grid\"><div class=\"sts-block-image__item\"><picture class=\"sts-responsive-image has-fit-cover has-pos-top is-skeleton\"><source media=\"(max-width: 834.98px)\" srcset=\"https:\/\/powered-by.qbank.se\/educatius\/sts\/9479d835ed583f3c96bd866b4aba46f2_1-1-thumb.webp 150w, https:\/\/powered-by.qbank.se\/educatius\/sts\/9479d835ed583f3c96bd866b4aba46f2_1-1-xsmall.webp 500w, https:\/\/powered-by.qbank.se\/educatius\/sts\/9479d835ed583f3c96bd866b4aba46f2_1-1-small.webp 800w, https:\/\/powered-by.qbank.se\/educatius\/sts\/9479d835ed583f3c96bd866b4aba46f2_1-1-medium.webp 1024w, https:\/\/powered-by.qbank.se\/educatius\/sts\/9479d835ed583f3c96bd866b4aba46f2_1-1-large.webp 1536w\" sizes=\"(max-width: 768px) 100vw, (max-width: 1200px) 100vw, 1200px\" type=\"image\/webp\"\/><source media=\"(min-width: 835px)\" srcset=\"https:\/\/powered-by.qbank.se\/educatius\/sts\/9479d835ed583f3c96bd866b4aba46f2_16-9-small.webp 800w, https:\/\/powered-by.qbank.se\/educatius\/sts\/9479d835ed583f3c96bd866b4aba46f2_16-9-medium.webp 1024w, https:\/\/powered-by.qbank.se\/educatius\/sts\/9479d835ed583f3c96bd866b4aba46f2_16-9-large.webp 1536w\" sizes=\"(max-width: 768px) 100vw, (max-width: 1200px) 100vw, 1200px\" type=\"image\/webp\"\/><img src=\"https:\/\/powered-by.qbank.se\/educatius\/sts\/9479d835ed583f3c96bd866b4aba46f2_1-1-thumb.webp\" alt=\"\" loading=\"lazy\" decoding=\"async\" fetchpriority=\"low\" style=\"object-position:top\"\/><\/picture><\/div><\/div><\/figure>\n\n\n\n<div class=\"wp-block-sts-text sts-text-editor has-max-width-md\"><div class=\"sts-text-editor__content\"><div class=\"sts-text-editor__content-inner\">\n<h1>Wij bieden jonge mensen groeikansen<\/h1>\n<p>STS Education werkt op basis van ervaringsgericht leren met taalreizen en high school uitwisselingen. Ons hoofdkantoor is gevestigd in Gotenburg, Zweden en we hebben lokale vestigingen in o.a. Duitsland, Nederland, Polen, Zwitserland, Oostenrijk en Nieuw-Zeeland.<\/p>\n<p>Wij zijn altijd op zoek naar nieuwe medewerkers die willen werken in een dynamische branche om samen met ons te groeien.<\/p>\n<p>Hier vind je de <a href=\"https:\/\/sts.teamtailor.com\/\" target=\"_blank\" rel=\"noopener noreferrer\">openstaande vacatures bij STS<\/a><\/p>\n<h2>Word lokale co\u00f6rdinator bij STS<\/h2>\n<p>Wil je STS-vertegenwoordiger worden in jouw regio? Als lokale co\u00f6rdinator heb je regelmatig contact met en ben je het eerste aanspreekpunt voor \u00e9\u00e9n of meer van onze uitwisselingsscholieren, gastgezinnen en scholen. Deze functie is ideaal voor iedereen die interesse heeft in jongeren en internationale uitwisselingen. Je kunt dit uitstekend doen naast een studie of baan. Lees ons interview met Lucas, die al meerdere keren voor STS heeft gewerkt als lokale co\u00f6rdinator.<\/p>\n<p>Vul je sollicitatie voor <a href=\"https:\/\/sts.teamtailor.com\/\" target=\"_blank\" rel=\"noopener noreferrer\">lokale STS-co\u00f6rdinator hier in<\/a><\/p>\n<h2>Word ambassadeur voor STS<\/h2>\n<p>De beste ambassadeurs voor onze programma\u2019s zijn mensen die in het buitenland zijn geweest en er iedere minuut van hebben genoten. Daarom werken scholieren na afloop van hun reis vaak bij ons als interviewers of vertegenwoordigers op informatiebijeenkomsten, beurzen en scholen. Onze ambassadeurs organiseren hun eigen evenementen, gaan in gesprek met toekomstige uitwisselingsscholieren, verspreiden flyers of verwelkomen een uitwisselingsscholier in hun eigen gezin.<\/p>\n<p>Als voormalige of huidige STS-scholier, biedt het STS-ambassadeursprogramma je de kans om je ervaringen te delen met andere jongeren. Zo kun je anderen helpen een volgende stap te zetten naar hun eigen avontuur. Stel je eens voor dat je je fantastische ervaringen kunt delen met anderen. Is er een betere baan?<\/p>\n<p>Je bepaalt zelf hoe actief je bent. Je ontwikkelt je sociale vaardigheden, competenties en organisatie skills. Je maakt plezier terwijl je waardevolle ervaringen opdoet voor de toekomst.<\/p>\n<p>Wil je ambassadeur worden? Stuur dan een e-mail naar <a href=\"mailto:welcome@sts-education.nl\">welcome@sts-education.nl<\/a><\/p>\n<\/div><\/div><\/div>\n","protected":false},"excerpt":{"rendered":"","protected":false},"author":20,"featured_media":0,"parent":10696,"menu_order":0,"comment_status":"closed","ping_status":"closed","template":"templates\/template-default-with-breadcrumbs.php","meta":{"_acf_changed":false,"sts_page_background_color":"","footnotes":""},"wpw_page_folders":[77],"class_list":["post-10709","page","type-page","status-publish","hentry"],"acf":[],"yoast_head":"<!-- This site is optimized with the Yoast SEO Premium plugin v27.2 (Yoast SEO v27.2) - https:\/\/yoast.com\/product\/yoast-seo-premium-wordpress\/ -->\n<title>Openstaande vacatures<\/title>\n<meta name=\"description\" content=\"STS Education werkt op basis van ervaringsgericht leren met jongerenreizen en high school uitwisselingsprogramma&#039;s. Onze branche is constant in beweging en in ontwikkeling en daarom zoeken we altijd naar nieuwe sterren die ons vooruit willen helpen met onze programma\u2019s.\" \/>\n<meta name=\"robots\" content=\"index, follow, max-snippet:-1, max-image-preview:large, max-video-preview:-1\" \/>\n<link rel=\"canonical\" href=\"https:\/\/www.sts-education.com\/nl-nl\/over-sts\/carriere\/\" \/>\n<meta property=\"og:locale\" content=\"nl_NL\" \/>\n<meta property=\"og:type\" content=\"article\" \/>\n<meta property=\"og:title\" content=\"Carriere\" \/>\n<meta property=\"og:description\" content=\"STS Education werkt op basis van ervaringsgericht leren met jongerenreizen en high school uitwisselingsprogramma&#039;s. Onze branche is constant in beweging en in ontwikkeling en daarom zoeken we altijd naar nieuwe sterren die ons vooruit willen helpen met onze programma\u2019s.\" \/>\n<meta property=\"og:url\" content=\"https:\/\/www.sts-education.com\/nl-nl\/over-sts\/carriere\/\" \/>\n<meta property=\"og:site_name\" content=\"STS Education\" \/>\n<meta property=\"article:modified_time\" content=\"2026-04-30T13:35:32+00:00\" \/>\n<meta property=\"og:image\" content=\"https:\/\/powered-by.qbank.se\/educatius\/sts\/9479d835ed583f3c96bd866b4aba46f2_1-1-thumb.webp\" \/>\n<meta name=\"twitter:card\" content=\"summary_large_image\" \/>\n<meta name=\"twitter:label1\" content=\"Geschatte leestijd\" \/>\n\t<meta name=\"twitter:data1\" content=\"2 minuten\" \/>\n<script type=\"application\/ld+json\" class=\"yoast-schema-graph\">{\"@context\":\"https:\/\/schema.org\",\"@graph\":[{\"@type\":\"WebPage\",\"@id\":\"https:\/\/www.sts-education.com\/nl-nl\/over-sts\/carriere\/\",\"url\":\"https:\/\/www.sts-education.com\/nl-nl\/over-sts\/carriere\/\",\"name\":\"Openstaande vacatures\",\"isPartOf\":{\"@id\":\"https:\/\/www.sts-education.com\/nl-nl\/#website\"},\"primaryImageOfPage\":{\"@id\":\"https:\/\/www.sts-education.com\/nl-nl\/over-sts\/carriere\/#primaryimage\"},\"image\":{\"@id\":\"https:\/\/www.sts-education.com\/nl-nl\/over-sts\/carriere\/#primaryimage\"},\"thumbnailUrl\":\"https:\/\/powered-by.qbank.se\/educatius\/sts\/9479d835ed583f3c96bd866b4aba46f2_1-1-thumb.webp\",\"datePublished\":\"2025-12-16T08:23:03+00:00\",\"dateModified\":\"2026-04-30T13:35:32+00:00\",\"description\":\"STS Education werkt op basis van ervaringsgericht leren met jongerenreizen en high school uitwisselingsprogramma's. Onze branche is constant in beweging en in ontwikkeling en daarom zoeken we altijd naar nieuwe sterren die ons vooruit willen helpen met onze programma\u2019s.\",\"breadcrumb\":{\"@id\":\"https:\/\/www.sts-education.com\/nl-nl\/over-sts\/carriere\/#breadcrumb\"},\"inLanguage\":\"nl-NL\",\"potentialAction\":[{\"@type\":\"ReadAction\",\"target\":[\"https:\/\/www.sts-education.com\/nl-nl\/over-sts\/carriere\/\"]}]},{\"@type\":\"ImageObject\",\"inLanguage\":\"nl-NL\",\"@id\":\"https:\/\/www.sts-education.com\/nl-nl\/over-sts\/carriere\/#primaryimage\",\"url\":\"https:\/\/powered-by.qbank.se\/educatius\/sts\/9479d835ed583f3c96bd866b4aba46f2_1-1-thumb.webp\",\"contentUrl\":\"https:\/\/powered-by.qbank.se\/educatius\/sts\/9479d835ed583f3c96bd866b4aba46f2_1-1-thumb.webp\"},{\"@type\":\"BreadcrumbList\",\"@id\":\"https:\/\/www.sts-education.com\/nl-nl\/over-sts\/carriere\/#breadcrumb\",\"itemListElement\":[{\"@type\":\"ListItem\",\"position\":1,\"name\":\"Home\",\"item\":\"https:\/\/www.sts-education.com\/nl-nl\/\"},{\"@type\":\"ListItem\",\"position\":2,\"name\":\"Over STS\",\"item\":\"https:\/\/www.sts-education.com\/nl-nl\/over-sts\/\"},{\"@type\":\"ListItem\",\"position\":3,\"name\":\"Carriere\"}]},{\"@type\":\"WebSite\",\"@id\":\"https:\/\/www.sts-education.com\/nl-nl\/#website\",\"url\":\"https:\/\/www.sts-education.com\/nl-nl\/\",\"name\":\"STS Education\",\"description\":\"\",\"potentialAction\":[{\"@type\":\"SearchAction\",\"target\":{\"@type\":\"EntryPoint\",\"urlTemplate\":\"https:\/\/www.sts-education.com\/nl-nl\/?s={search_term_string}\"},\"query-input\":{\"@type\":\"PropertyValueSpecification\",\"valueRequired\":true,\"valueName\":\"search_term_string\"}}],\"inLanguage\":\"nl-NL\"}]}<\/script>\n<!-- \/ Yoast SEO Premium plugin. -->","yoast_head_json":{"title":"Openstaande vacatures","description":"STS Education werkt op basis van ervaringsgericht leren met jongerenreizen en high school uitwisselingsprogramma's. Onze branche is constant in beweging en in ontwikkeling en daarom zoeken we altijd naar nieuwe sterren die ons vooruit willen helpen met onze programma\u2019s.","robots":{"index":"index","follow":"follow","max-snippet":"max-snippet:-1","max-image-preview":"max-image-preview:large","max-video-preview":"max-video-preview:-1"},"canonical":"https:\/\/www.sts-education.com\/nl-nl\/over-sts\/carriere\/","og_locale":"nl_NL","og_type":"article","og_title":"Carriere","og_description":"STS Education werkt op basis van ervaringsgericht leren met jongerenreizen en high school uitwisselingsprogramma's. Onze branche is constant in beweging en in ontwikkeling en daarom zoeken we altijd naar nieuwe sterren die ons vooruit willen helpen met onze programma\u2019s.","og_url":"https:\/\/www.sts-education.com\/nl-nl\/over-sts\/carriere\/","og_site_name":"STS Education","article_modified_time":"2026-04-30T13:35:32+00:00","og_image":[{"url":"https:\/\/powered-by.qbank.se\/educatius\/sts\/9479d835ed583f3c96bd866b4aba46f2_1-1-thumb.webp","type":"","width":"","height":""}],"twitter_card":"summary_large_image","twitter_misc":{"Geschatte leestijd":"2 minuten"},"schema":{"@context":"https:\/\/schema.org","@graph":[{"@type":"WebPage","@id":"https:\/\/www.sts-education.com\/nl-nl\/over-sts\/carriere\/","url":"https:\/\/www.sts-education.com\/nl-nl\/over-sts\/carriere\/","name":"Openstaande vacatures","isPartOf":{"@id":"https:\/\/www.sts-education.com\/nl-nl\/#website"},"primaryImageOfPage":{"@id":"https:\/\/www.sts-education.com\/nl-nl\/over-sts\/carriere\/#primaryimage"},"image":{"@id":"https:\/\/www.sts-education.com\/nl-nl\/over-sts\/carriere\/#primaryimage"},"thumbnailUrl":"https:\/\/powered-by.qbank.se\/educatius\/sts\/9479d835ed583f3c96bd866b4aba46f2_1-1-thumb.webp","datePublished":"2025-12-16T08:23:03+00:00","dateModified":"2026-04-30T13:35:32+00:00","description":"STS Education werkt op basis van ervaringsgericht leren met jongerenreizen en high school uitwisselingsprogramma's. Onze branche is constant in beweging en in ontwikkeling en daarom zoeken we altijd naar nieuwe sterren die ons vooruit willen helpen met onze programma\u2019s.","breadcrumb":{"@id":"https:\/\/www.sts-education.com\/nl-nl\/over-sts\/carriere\/#breadcrumb"},"inLanguage":"nl-NL","potentialAction":[{"@type":"ReadAction","target":["https:\/\/www.sts-education.com\/nl-nl\/over-sts\/carriere\/"]}]},{"@type":"ImageObject","inLanguage":"nl-NL","@id":"https:\/\/www.sts-education.com\/nl-nl\/over-sts\/carriere\/#primaryimage","url":"https:\/\/powered-by.qbank.se\/educatius\/sts\/9479d835ed583f3c96bd866b4aba46f2_1-1-thumb.webp","contentUrl":"https:\/\/powered-by.qbank.se\/educatius\/sts\/9479d835ed583f3c96bd866b4aba46f2_1-1-thumb.webp"},{"@type":"BreadcrumbList","@id":"https:\/\/www.sts-education.com\/nl-nl\/over-sts\/carriere\/#breadcrumb","itemListElement":[{"@type":"ListItem","position":1,"name":"Home","item":"https:\/\/www.sts-education.com\/nl-nl\/"},{"@type":"ListItem","position":2,"name":"Over STS","item":"https:\/\/www.sts-education.com\/nl-nl\/over-sts\/"},{"@type":"ListItem","position":3,"name":"Carriere"}]},{"@type":"WebSite","@id":"https:\/\/www.sts-education.com\/nl-nl\/#website","url":"https:\/\/www.sts-education.com\/nl-nl\/","name":"STS Education","description":"","potentialAction":[{"@type":"SearchAction","target":{"@type":"EntryPoint","urlTemplate":"https:\/\/www.sts-education.com\/nl-nl\/?s={search_term_string}"},"query-input":{"@type":"PropertyValueSpecification","valueRequired":true,"valueName":"search_term_string"}}],"inLanguage":"nl-NL"}]}},"_links":{"self":[{"href":"https:\/\/www.sts-education.com\/nl-nl\/wp-json\/wp\/v2\/pages\/10709","targetHints":{"allow":["GET"]}}],"collection":[{"href":"https:\/\/www.sts-education.com\/nl-nl\/wp-json\/wp\/v2\/pages"}],"about":[{"href":"https:\/\/www.sts-education.com\/nl-nl\/wp-json\/wp\/v2\/types\/page"}],"author":[{"embeddable":true,"href":"https:\/\/www.sts-education.com\/nl-nl\/wp-json\/wp\/v2\/users\/20"}],"replies":[{"embeddable":true,"href":"https:\/\/www.sts-education.com\/nl-nl\/wp-json\/wp\/v2\/comments?post=10709"}],"version-history":[{"count":3,"href":"https:\/\/www.sts-education.com\/nl-nl\/wp-json\/wp\/v2\/pages\/10709\/revisions"}],"predecessor-version":[{"id":44544,"href":"https:\/\/www.sts-education.com\/nl-nl\/wp-json\/wp\/v2\/pages\/10709\/revisions\/44544"}],"up":[{"embeddable":true,"href":"https:\/\/www.sts-education.com\/nl-nl\/wp-json\/wp\/v2\/pages\/10696"}],"wp:attachment":[{"href":"https:\/\/www.sts-education.com\/nl-nl\/wp-json\/wp\/v2\/media?parent=10709"}],"wp:term":[{"taxonomy":"wpw_page_folders","embeddable":true,"href":"https:\/\/www.sts-education.com\/nl-nl\/wp-json\/wp\/v2\/wpw_page_folders?post=10709"}],"curies":[{"name":"wp","href":"https:\/\/api.w.org\/{rel}","templated":true}]}}