{"id":27796,"date":"2026-04-03T12:23:42","date_gmt":"2026-04-03T12:23:42","guid":{"rendered":"https:\/\/preprod.sts-education.com\/host-family\/why-you-should-be-a-host-family\/"},"modified":"2026-04-15T13:03:38","modified_gmt":"2026-04-15T13:03:38","slug":"waarom-zou-je-gastgezin-worden","status":"publish","type":"page","link":"https:\/\/www.sts-education.com\/nl-nl\/gastgezin\/waarom-zou-je-gastgezin-worden\/","title":{"rendered":"Waarom gastgezin worden?"},"content":{"rendered":"\n<section class=\"wp-block-sts-hero sts-block-hero sts-block-hero is-variant-full-background has-text-light has-background-media\" style=\"--sts-hero-padding-mobile:0px;--sts-hero-padding-desktop:0px;--sts-hero-text-color:var(--wp--preset--color--base-10, #fff)\" data-variant=\"full-background\"><div class=\"sts-block-hero__background\"><picture class=\"sts-responsive-image has-pos-center is-skeleton\"><img src=\"https:\/\/cdn.sts-education.com\/10824_hero_lg_xl.jpg\" alt=\"Waarom gastgezin worden?\" loading=\"lazy\" decoding=\"async\" fetchpriority=\"low\" sizes=\"(max-width: 640px) max(100vw, calc(clamp(320px, 100vh, 720px) * 9 \/ 16)), (max-width: 840px) max(100vw, calc(clamp(320px, 100vh, 720px) * 1 \/ 1)), max(100vw, calc(clamp(320px, 100vh, 720px) * 16 \/ 9))\" style=\"object-position:center\"\/><\/picture><span class=\"sts-block-hero__overlay\" aria-hidden=\"true\"><\/span><\/div><div class=\"sts-block-hero__inner\"><div class=\"sts-block-hero__content has-align-center\"><div class=\"sts-block-hero__content-inner\"><h1 class=\"sts-block-hero__heading\">Waarom gastgezin worden?<\/h1><\/div><\/div><\/div><\/section>\n\n\n\n<div class=\"wp-block-sts-text sts-text-editor has-max-width-md\"><div class=\"sts-text-editor__content\"><div class=\"sts-text-editor__content-inner\">\n<p>Een uitwisselingsscholier uit het buitenland verwelkomen levert je niet alleen een nieuw familielid op. Je komt meer te weten over een andere cultuur, bekijkt je woonplaats, manier van leven en waarden met een nieuwe blik. Als je 3-10 maanden gastouder of gastgezin wordt voor een buitenlandse uitwisselingsscholier tussen de 14-18 jaar, krijgt je gezin er niet alleen een vriend en internationaal gezinslid bij, je gaat samen heel veel mooie herinneringen maken. De scholier die bij je verblijft beleeft iedere dag weer nieuwe avonturen en als gastgezin maak je hier een groot deel van uit.<\/p>\n<p>Voor heel veel gezinnen is het ook een uitgelezen kans om hun kind voor te bereiden op zijn of haar jaar in het buitenland en gebruik te maken van onze <a href=\"https:\/\/www.sts-education.com\/nl-nl\/waarom-zou-je-gastgezin-worden\/host-and-go\/\">Host &amp; Go-korting<\/a>. Verrijk je leven en stel je huis open voor een van onze uitwisselingsscholieren uit het buitenland!<\/p>\n<h2>6 redenen waarom je gezin gastgezin zou moeten worden<\/h2>\n<ol>\n<li>Je wilt een jongere uit een ander land leren kennen<\/li>\n<li>Je wilt meer te weten komen over andere culturen<\/li>\n<li>Je wilt meer kennis opdoen over de wereld en een nieuw perspectief krijgen<\/li>\n<li>Je bent ge\u00efnteresseerd in andere talen<\/li>\n<li>Je wilt meer te weten komen over wat een jaar in het buitenland inhoudt<\/li>\n<li>Je wilt helpen en zien hoe iemand groeit als individu tijdens een jaar in het buitenland<\/li>\n<\/ol>\n<p>In het voor- en najaar komen er nieuwe scholieren uit o.a. de VS, Brazili\u00eb, Japan, Duitsland, Zweden, Itali\u00eb naar Nederland. Als gastgezin mag je kiezen welke scholier je in je huis verwelkomt, dus maak van de mogelijkheid gebruik om <a href=\"https:\/\/www.sts-education.com\/nl-nl\/gastgezin\/scholieren\/leer-onze-scholieren-kennen\/\">meer te lezen en de scholieren te leren kennen<\/a> om te kijken of ze goed bij je gezin zouden passen! Daarnaast vind je meer informatie in onze <a href=\"https:\/\/www.sts-education.com\/nl-nl\/gastgezin\/faq\/\">FAQ<\/a> en kun je meer lezen over de ervaringen van <a href=\"https:\/\/www.sts-education.com\/nl-nl\/gastgezin\/family-stories\/gezinnen-vertellen\/\">andere gastgezinnen<\/a> die een jaar een uitwisselingsscholier in huis hebben gehad.<\/p>\n<h2>Welkomstgezin of lokale co\u00f6rdinator<\/h2>\n<p>Ben je nog nooit gastgezin geweest of wil je graag weten wat het inhoudt? Dan kun je welkomstgezin worden! Dit houdt in dat je een scholier verwelkomt die minimaal drie maanden in je land verblijft. De scholier verblijft vervolgens bij een ander gastgezin. Vul ons <a href=\"https:\/\/www.sts-education.com\/nl-nl\/waarom-zou-je-gastgezin-worden\/interesseformulier\/\">interesseformulier<\/a> in en we nemen voor meer informatie contact met je op. Interesse tonen is uiteraard geheel vrijblijvend.<\/p>\n<p>Wil je ons graag helpen en STS-vertegenwoordiger worden in jouw regio? Als lokale co\u00f6rdinator heb je regelmatig contact met en ben je het eerste aanspreekpunt voor \u00e9\u00e9n of meer van onze uitwisselingsscholieren, gastgezinnen en scholen. Deze functie is ideaal voor iedereen die interesse heeft in jongeren en internationale uitwisselingen. Je kunt dit uitstekend doen naast een studie of baan. <a href=\"https:\/\/www.sts-education.com\/nl-nl\/over-sts\/carriere\/\">Klik hier voor meer informatie en om je aan te melden als lokale co\u00f6rdinator.<\/a><\/p>\n<\/div><\/div><\/div>\n\n\n\n<section class=\"wp-block-sts-video sts-block-video sts-block-video--landscape has-max-width-lg\"><div class=\"sts-video sts-video--landscape\"><div class=\"sts-video__handler\"><button type=\"button\" class=\"sts-video__play-button\" aria-label=\"Play video\" aria-pressed=\"false\" data-playing=\"false\"><span class=\"sts-video__play-icon\"><img decoding=\"async\" class=\"play-icon\" src=\"data:image\/svg+xml,%3csvg%20width='32'%20height='32'%20viewBox='0%200%2032%2032'%20fill='none'%20xmlns='http:\/\/www.w3.org\/2000\/svg'%3e%3cmask%20id='mask0_2459_8201'%20style='mask-type:alpha'%20maskUnits='userSpaceOnUse'%20x='0'%20y='0'%20width='32'%20height='32'%3e%3crect%20width='32'%20height='32'%20fill='%23D9D9D9'\/%3e%3c\/mask%3e%3cg%20mask='url(%23mask0_2459_8201)'%3e%3cpath%20d='M10.667%2022.8999V9.09993C10.667%208.72216%2010.8003%208.40549%2011.067%208.14993C11.3337%207.89438%2011.6448%207.7666%2012.0003%207.7666C12.1114%207.7666%2012.2281%207.78327%2012.3503%207.8166C12.4725%207.84993%2012.5892%207.89993%2012.7003%207.9666L23.567%2014.8666C23.767%2014.9999%2023.917%2015.1666%2024.017%2015.3666C24.117%2015.5666%2024.167%2015.7777%2024.167%2015.9999C24.167%2016.2222%2024.117%2016.4333%2024.017%2016.6333C23.917%2016.8333%2023.767%2016.9999%2023.567%2017.1333L12.7003%2024.0333C12.5892%2024.0999%2012.4725%2024.1499%2012.3503%2024.1833C12.2281%2024.2166%2012.1114%2024.2333%2012.0003%2024.2333C11.6448%2024.2333%2011.3337%2024.1055%2011.067%2023.8499C10.8003%2023.5944%2010.667%2023.2777%2010.667%2022.8999Z'%20fill='black'\/%3e%3c\/g%3e%3c\/svg%3e\" alt=\"\" aria-hidden=\"true\"\/><img decoding=\"async\" class=\"pause-icon\" src=\"data:image\/svg+xml,%3csvg%20width='32'%20height='32'%20viewBox='0%200%2032%2032'%20fill='none'%20xmlns='http:\/\/www.w3.org\/2000\/svg'%3e%3cmask%20id='mask0_pause'%20style='mask-type:alpha'%20maskUnits='userSpaceOnUse'%20x='0'%20y='0'%20width='32'%20height='32'%3e%3crect%20width='32'%20height='32'%20fill='%23D9D9D9'\/%3e%3c\/mask%3e%3cg%20mask='url(%23mask0_pause)'%3e%3c!--%20Left%20bar%20--%3e%3crect%20x='10'%20y='8'%20width='4'%20height='16'%20rx='1'%20fill='black'\/%3e%3c!--%20Right%20bar%20--%3e%3crect%20x='18'%20y='8'%20width='4'%20height='16'%20rx='1'%20fill='black'\/%3e%3c\/g%3e%3c\/svg%3e\" alt=\"\" aria-hidden=\"true\"\/><\/span><\/button><strong class=\"sts-video__duration\" data-duration-prefix=\"Video duration:\" data-unit-second=\"second\" data-unit-seconds=\"seconds\" data-unit-minute=\"minute\" data-unit-minutes=\"minutes\" aria-label=\"Video duration: 40 seconds\">40 secs<\/strong><\/div><div class=\"sts-video__media\" data-video-source=\"youtube\" data-video-url=\"\"><div class=\"sts-video__external-shell\" data-embed-url=\"https:\/\/www.youtube.com\/embed\/9mY6KBHkFSw?rel=0&amp;controls=1&amp;modestbranding=1&amp;playsinline=1&amp;enablejsapi=1&amp;autoplay=0&amp;origin=https%3A%2F%2Fwww.sts-education.com\"><iframe class=\"sts-video__iframe\" src=\"https:\/\/www.youtube.com\/embed\/9mY6KBHkFSw?rel=0&amp;controls=1&amp;modestbranding=1&amp;playsinline=1&amp;enablejsapi=1&amp;autoplay=0&amp;origin=https%3A%2F%2Fwww.sts-education.com\" title=\"Video poster\nheading\" allow=\"autoplay; fullscreen\" allowfullscreen loading=\"lazy\" data-provider=\"youtube\" data-embed-url=\"https:\/\/www.youtube.com\/embed\/9mY6KBHkFSw?rel=0&amp;controls=1&amp;modestbranding=1&amp;playsinline=1&amp;enablejsapi=1&amp;autoplay=0&amp;origin=https%3A%2F%2Fwww.sts-education.com\"><\/iframe><\/div><\/div><\/div><\/section>\n","protected":false},"excerpt":{"rendered":"","protected":false},"author":9,"featured_media":9120,"parent":27772,"menu_order":0,"comment_status":"closed","ping_status":"closed","template":"","meta":{"_acf_changed":false,"sts_page_background_color":"","footnotes":""},"wpw_page_folders":[89],"class_list":["post-27796","page","type-page","status-publish","has-post-thumbnail","hentry"],"acf":[],"yoast_head":"<!-- This site is optimized with the Yoast SEO Premium plugin v27.2 (Yoast SEO v27.3) - https:\/\/yoast.com\/product\/yoast-seo-premium-wordpress\/ -->\n<title>6 redenen om gastgezin te worden<\/title>\n<meta name=\"description\" content=\"Je krijgt er niet alleen een nieuw familielid bij. Je leert ook iemand uit een ander land kennen, komt meer de weten over andere culturen en bekijk je woonplaats met een nieuwe blik.\" \/>\n<meta name=\"robots\" content=\"index, follow, max-snippet:-1, max-image-preview:large, max-video-preview:-1\" \/>\n<link rel=\"canonical\" href=\"https:\/\/www.sts-education.com\/nl-nl\/gastgezin\/waarom-zou-je-gastgezin-worden\/\" \/>\n<meta property=\"og:locale\" content=\"nl_NL\" \/>\n<meta property=\"og:type\" content=\"article\" \/>\n<meta property=\"og:title\" content=\"Waarom gastgezin worden?\" \/>\n<meta property=\"og:description\" content=\"Je krijgt er niet alleen een nieuw familielid bij. Je leert ook iemand uit een ander land kennen, komt meer de weten over andere culturen en bekijk je woonplaats met een nieuwe blik.\" \/>\n<meta property=\"og:url\" content=\"https:\/\/www.sts-education.com\/nl-nl\/gastgezin\/waarom-zou-je-gastgezin-worden\/\" \/>\n<meta property=\"og:site_name\" content=\"STS Education\" \/>\n<meta property=\"article:modified_time\" content=\"2026-04-15T13:03:38+00:00\" \/>\n<meta property=\"og:image\" content=\"https:\/\/powered-by.qbank.se\/educatius\/sts\/\/6458ed5e1bb03b8da47c065c2f647b26_1-1-thumb.webp\" \/>\n\t<meta property=\"og:image:width\" content=\"150\" \/>\n\t<meta property=\"og:image:height\" content=\"150\" \/>\n\t<meta property=\"og:image:type\" content=\"image\/jpeg\" \/>\n<meta name=\"twitter:card\" content=\"summary_large_image\" \/>\n<meta name=\"twitter:label1\" content=\"Geschatte leestijd\" \/>\n\t<meta name=\"twitter:data1\" content=\"3 minuten\" \/>\n<script type=\"application\/ld+json\" class=\"yoast-schema-graph\">{\"@context\":\"https:\\\/\\\/schema.org\",\"@graph\":[{\"@type\":\"WebPage\",\"@id\":\"https:\\\/\\\/www.sts-education.com\\\/nl-nl\\\/gastgezin\\\/waarom-zou-je-gastgezin-worden\\\/\",\"url\":\"https:\\\/\\\/www.sts-education.com\\\/nl-nl\\\/gastgezin\\\/waarom-zou-je-gastgezin-worden\\\/\",\"name\":\"6 redenen om gastgezin te worden\",\"isPartOf\":{\"@id\":\"https:\\\/\\\/www.sts-education.com\\\/nl-nl\\\/#website\"},\"primaryImageOfPage\":{\"@id\":\"https:\\\/\\\/www.sts-education.com\\\/nl-nl\\\/gastgezin\\\/waarom-zou-je-gastgezin-worden\\\/#primaryimage\"},\"image\":{\"@id\":\"https:\\\/\\\/www.sts-education.com\\\/nl-nl\\\/gastgezin\\\/waarom-zou-je-gastgezin-worden\\\/#primaryimage\"},\"thumbnailUrl\":\"https:\\\/\\\/powered-by.qbank.se\\\/educatius\\\/sts\\\/\\\/6458ed5e1bb03b8da47c065c2f647b26_1-1-thumb.webp\",\"datePublished\":\"2026-04-03T12:23:42+00:00\",\"dateModified\":\"2026-04-15T13:03:38+00:00\",\"description\":\"Je krijgt er niet alleen een nieuw familielid bij. Je leert ook iemand uit een ander land kennen, komt meer de weten over andere culturen en bekijk je woonplaats met een nieuwe blik.\",\"breadcrumb\":{\"@id\":\"https:\\\/\\\/www.sts-education.com\\\/nl-nl\\\/gastgezin\\\/waarom-zou-je-gastgezin-worden\\\/#breadcrumb\"},\"inLanguage\":\"nl-NL\",\"potentialAction\":[{\"@type\":\"ReadAction\",\"target\":[\"https:\\\/\\\/www.sts-education.com\\\/nl-nl\\\/gastgezin\\\/waarom-zou-je-gastgezin-worden\\\/\"]}]},{\"@type\":\"ImageObject\",\"inLanguage\":\"nl-NL\",\"@id\":\"https:\\\/\\\/www.sts-education.com\\\/nl-nl\\\/gastgezin\\\/waarom-zou-je-gastgezin-worden\\\/#primaryimage\",\"url\":\"https:\\\/\\\/powered-by.qbank.se\\\/educatius\\\/sts\\\/\\\/6458ed5e1bb03b8da47c065c2f647b26_1-1-thumb.webp\",\"contentUrl\":\"https:\\\/\\\/powered-by.qbank.se\\\/educatius\\\/sts\\\/\\\/6458ed5e1bb03b8da47c065c2f647b26_1-1-thumb.webp\",\"width\":150,\"height\":150},{\"@type\":\"BreadcrumbList\",\"@id\":\"https:\\\/\\\/www.sts-education.com\\\/nl-nl\\\/gastgezin\\\/waarom-zou-je-gastgezin-worden\\\/#breadcrumb\",\"itemListElement\":[{\"@type\":\"ListItem\",\"position\":1,\"name\":\"Home\",\"item\":\"https:\\\/\\\/www.sts-education.com\\\/nl-nl\\\/sample-page\\\/\"},{\"@type\":\"ListItem\",\"position\":2,\"name\":\"Gastgezin worden\",\"item\":\"https:\\\/\\\/www.sts-education.com\\\/nl-nl\\\/gastgezin\\\/\"},{\"@type\":\"ListItem\",\"position\":3,\"name\":\"Waarom gastgezin worden?\"}]},{\"@type\":\"WebSite\",\"@id\":\"https:\\\/\\\/www.sts-education.com\\\/nl-nl\\\/#website\",\"url\":\"https:\\\/\\\/www.sts-education.com\\\/nl-nl\\\/\",\"name\":\"STS Education\",\"description\":\"\",\"potentialAction\":[{\"@type\":\"SearchAction\",\"target\":{\"@type\":\"EntryPoint\",\"urlTemplate\":\"https:\\\/\\\/www.sts-education.com\\\/nl-nl\\\/?s={search_term_string}\"},\"query-input\":{\"@type\":\"PropertyValueSpecification\",\"valueRequired\":true,\"valueName\":\"search_term_string\"}}],\"inLanguage\":\"nl-NL\"}]}<\/script>\n<!-- \/ Yoast SEO Premium plugin. -->","yoast_head_json":{"title":"6 redenen om gastgezin te worden","description":"Je krijgt er niet alleen een nieuw familielid bij. Je leert ook iemand uit een ander land kennen, komt meer de weten over andere culturen en bekijk je woonplaats met een nieuwe blik.","robots":{"index":"index","follow":"follow","max-snippet":"max-snippet:-1","max-image-preview":"max-image-preview:large","max-video-preview":"max-video-preview:-1"},"canonical":"https:\/\/www.sts-education.com\/nl-nl\/gastgezin\/waarom-zou-je-gastgezin-worden\/","og_locale":"nl_NL","og_type":"article","og_title":"Waarom gastgezin worden?","og_description":"Je krijgt er niet alleen een nieuw familielid bij. Je leert ook iemand uit een ander land kennen, komt meer de weten over andere culturen en bekijk je woonplaats met een nieuwe blik.","og_url":"https:\/\/www.sts-education.com\/nl-nl\/gastgezin\/waarom-zou-je-gastgezin-worden\/","og_site_name":"STS Education","article_modified_time":"2026-04-15T13:03:38+00:00","og_image":[{"width":150,"height":150,"url":"https:\/\/powered-by.qbank.se\/educatius\/sts\/\/6458ed5e1bb03b8da47c065c2f647b26_1-1-thumb.webp","type":"image\/jpeg"}],"twitter_card":"summary_large_image","twitter_misc":{"Geschatte leestijd":"3 minuten"},"schema":{"@context":"https:\/\/schema.org","@graph":[{"@type":"WebPage","@id":"https:\/\/www.sts-education.com\/nl-nl\/gastgezin\/waarom-zou-je-gastgezin-worden\/","url":"https:\/\/www.sts-education.com\/nl-nl\/gastgezin\/waarom-zou-je-gastgezin-worden\/","name":"6 redenen om gastgezin te worden","isPartOf":{"@id":"https:\/\/www.sts-education.com\/nl-nl\/#website"},"primaryImageOfPage":{"@id":"https:\/\/www.sts-education.com\/nl-nl\/gastgezin\/waarom-zou-je-gastgezin-worden\/#primaryimage"},"image":{"@id":"https:\/\/www.sts-education.com\/nl-nl\/gastgezin\/waarom-zou-je-gastgezin-worden\/#primaryimage"},"thumbnailUrl":"https:\/\/powered-by.qbank.se\/educatius\/sts\/\/6458ed5e1bb03b8da47c065c2f647b26_1-1-thumb.webp","datePublished":"2026-04-03T12:23:42+00:00","dateModified":"2026-04-15T13:03:38+00:00","description":"Je krijgt er niet alleen een nieuw familielid bij. Je leert ook iemand uit een ander land kennen, komt meer de weten over andere culturen en bekijk je woonplaats met een nieuwe blik.","breadcrumb":{"@id":"https:\/\/www.sts-education.com\/nl-nl\/gastgezin\/waarom-zou-je-gastgezin-worden\/#breadcrumb"},"inLanguage":"nl-NL","potentialAction":[{"@type":"ReadAction","target":["https:\/\/www.sts-education.com\/nl-nl\/gastgezin\/waarom-zou-je-gastgezin-worden\/"]}]},{"@type":"ImageObject","inLanguage":"nl-NL","@id":"https:\/\/www.sts-education.com\/nl-nl\/gastgezin\/waarom-zou-je-gastgezin-worden\/#primaryimage","url":"https:\/\/powered-by.qbank.se\/educatius\/sts\/\/6458ed5e1bb03b8da47c065c2f647b26_1-1-thumb.webp","contentUrl":"https:\/\/powered-by.qbank.se\/educatius\/sts\/\/6458ed5e1bb03b8da47c065c2f647b26_1-1-thumb.webp","width":150,"height":150},{"@type":"BreadcrumbList","@id":"https:\/\/www.sts-education.com\/nl-nl\/gastgezin\/waarom-zou-je-gastgezin-worden\/#breadcrumb","itemListElement":[{"@type":"ListItem","position":1,"name":"Home","item":"https:\/\/www.sts-education.com\/nl-nl\/sample-page\/"},{"@type":"ListItem","position":2,"name":"Gastgezin worden","item":"https:\/\/www.sts-education.com\/nl-nl\/gastgezin\/"},{"@type":"ListItem","position":3,"name":"Waarom gastgezin worden?"}]},{"@type":"WebSite","@id":"https:\/\/www.sts-education.com\/nl-nl\/#website","url":"https:\/\/www.sts-education.com\/nl-nl\/","name":"STS Education","description":"","potentialAction":[{"@type":"SearchAction","target":{"@type":"EntryPoint","urlTemplate":"https:\/\/www.sts-education.com\/nl-nl\/?s={search_term_string}"},"query-input":{"@type":"PropertyValueSpecification","valueRequired":true,"valueName":"search_term_string"}}],"inLanguage":"nl-NL"}]}},"_links":{"self":[{"href":"https:\/\/www.sts-education.com\/nl-nl\/wp-json\/wp\/v2\/pages\/27796","targetHints":{"allow":["GET"]}}],"collection":[{"href":"https:\/\/www.sts-education.com\/nl-nl\/wp-json\/wp\/v2\/pages"}],"about":[{"href":"https:\/\/www.sts-education.com\/nl-nl\/wp-json\/wp\/v2\/types\/page"}],"author":[{"embeddable":true,"href":"https:\/\/www.sts-education.com\/nl-nl\/wp-json\/wp\/v2\/users\/9"}],"replies":[{"embeddable":true,"href":"https:\/\/www.sts-education.com\/nl-nl\/wp-json\/wp\/v2\/comments?post=27796"}],"version-history":[{"count":4,"href":"https:\/\/www.sts-education.com\/nl-nl\/wp-json\/wp\/v2\/pages\/27796\/revisions"}],"predecessor-version":[{"id":36995,"href":"https:\/\/www.sts-education.com\/nl-nl\/wp-json\/wp\/v2\/pages\/27796\/revisions\/36995"}],"up":[{"embeddable":true,"href":"https:\/\/www.sts-education.com\/nl-nl\/wp-json\/wp\/v2\/pages\/27772"}],"wp:featuredmedia":[{"embeddable":true,"href":"https:\/\/www.sts-education.com\/nl-nl\/wp-json\/wp\/v2\/media\/9120"}],"wp:attachment":[{"href":"https:\/\/www.sts-education.com\/nl-nl\/wp-json\/wp\/v2\/media?parent=27796"}],"wp:term":[{"taxonomy":"wpw_page_folders","embeddable":true,"href":"https:\/\/www.sts-education.com\/nl-nl\/wp-json\/wp\/v2\/wpw_page_folders?post=27796"}],"curies":[{"name":"wp","href":"https:\/\/api.w.org\/{rel}","templated":true}]}}